{"id":91427,"date":"2021-02-03T12:12:31","date_gmt":"2021-02-03T10:12:31","guid":{"rendered":"https:\/\/www.balticmedia.com\/lediga-jobb\/online-language-teaching-jobs\/"},"modified":"2025-02-14T22:16:00","modified_gmt":"2025-02-14T20:16:00","slug":"spraklarare-jobb-for-sprakundervisning-pa-natet","status":"publish","type":"page","link":"https:\/\/www.balticmedia.com\/sv\/lediga-jobb\/spraklarare-jobb-for-sprakundervisning-pa-natet\/","title":{"rendered":"Spr\u00e5kl\u00e4rare | Jobb f\u00f6r spr\u00e5kundervisning p\u00e5 n\u00e4tet"},"content":{"rendered":"<div id=\"pl-91427\"  class=\"panel-layout\" ><div id=\"pg-91427-0\"  class=\"panel-grid panel-no-style\" ><div id=\"pgc-91427-0-0\"  class=\"panel-grid-cell\" ><div id=\"panel-91427-0-0-0\" class=\"so-panel widget widget_sow-image panel-first-child panel-last-child widgetopts-SO\" data-index=\"0\" ><div\n\t\t\t\n\t\t\tclass=\"so-widget-sow-image so-widget-sow-image-default-8b5b6f678277-91427\"\n\t\t\t\n\t\t>\n<div class=\"sow-image-container\">\n\t\t<img src=\"https:\/\/i0.wp.com\/www.balticmedia.com\/wp-content\/uploads\/4price_and_quality-scaled-1.jpg?fit=2560%2C549&amp;ssl=1\" width=\"2560\" height=\"549\" srcset=\"https:\/\/i0.wp.com\/www.balticmedia.com\/wp-content\/uploads\/4price_and_quality-scaled-1.jpg?w=2560&amp;ssl=1 2560w, https:\/\/i0.wp.com\/www.balticmedia.com\/wp-content\/uploads\/4price_and_quality-scaled-1.jpg?resize=300%2C64&amp;ssl=1 300w, https:\/\/i0.wp.com\/www.balticmedia.com\/wp-content\/uploads\/4price_and_quality-scaled-1.jpg?resize=1024%2C220&amp;ssl=1 1024w, https:\/\/i0.wp.com\/www.balticmedia.com\/wp-content\/uploads\/4price_and_quality-scaled-1.jpg?resize=768%2C165&amp;ssl=1 768w, https:\/\/i0.wp.com\/www.balticmedia.com\/wp-content\/uploads\/4price_and_quality-scaled-1.jpg?resize=1536%2C329&amp;ssl=1 1536w, https:\/\/i0.wp.com\/www.balticmedia.com\/wp-content\/uploads\/4price_and_quality-scaled-1.jpg?resize=2048%2C439&amp;ssl=1 2048w, https:\/\/i0.wp.com\/www.balticmedia.com\/wp-content\/uploads\/4price_and_quality-scaled-1.jpg?w=2400&amp;ssl=1 2400w\" title=\"Jobb f\u00f6r spr\u00e5kundervisning p\u00e5 n\u00e4tet\" alt=\"Jobb f\u00f6r spr\u00e5kundervisning p\u00e5 n\u00e4tet\" class=\"so-widget-image\">\n\t<\/div>\n\n<\/div><\/div><\/div><\/div><div id=\"pg-91427-1\"  class=\"panel-grid panel-no-style\" ><div id=\"pgc-91427-1-0\"  class=\"panel-grid-cell\" ><div id=\"panel-91427-1-0-0\" class=\"so-panel widget widget_sow-editor panel-first-child\" data-index=\"1\" ><div\n\t\t\t\n\t\t\tclass=\"so-widget-sow-editor so-widget-sow-editor-base\"\n\t\t\t\n\t\t>\n<div class=\"siteorigin-widget-tinymce textwidget\">\n\t<pre><form aria-label=\"Search this website\" role=\"search\" method=\"get\" class=\"oceanwp-searchform\" id=\"searchform\" action=\"https:\/\/www.balticmedia.com\/sv\/\"><input aria-label=\"Insert search query\" type=\"text\" class=\"field\" name=\"s\" id=\"s\" placeholder=\"Search\"><button aria-label=\"Submit your search\" type=\"submit\" class=\"search-submit\" value=\"\"><i class=\"icon-magnifier\" aria-hidden=\"true\"><\/i><\/button><\/form><\/pre>\n<\/div>\n<\/div><\/div><div id=\"panel-91427-1-0-1\" class=\"so-panel widget widget_ocean_custom_menu widget-oceanwp-custom-menu custom-menu-widget extendedwopts-hide extendedwopts-tablet extendedwopts-mobile widgetopts-SO\" data-index=\"2\" ><div class=\"oceanwp-custom-menu clr ocean_custom_menu-2 left dropdown-hover\"><ul id=\"menu-jobs-sv\" class=\"dropdown-menu sf-menu\"><li  id=\"menu-item-49385\" class=\"menu-item menu-item-type-post_type menu-item-object-page menu-item-49385\"><a href=\"https:\/\/www.balticmedia.com\/sv\/lediga-jobb\/\" class=\"menu-link\">Lediga jobb f\u00f6r \u00f6vers\u00e4ttare<\/a><\/li>\n<li  id=\"menu-item-49386\" class=\"menu-item menu-item-type-post_type menu-item-object-page menu-item-49386\"><a href=\"https:\/\/www.balticmedia.com\/sv\/lediga-jobb\/oversattningsjobb\/\" class=\"menu-link\">\u00d6vers\u00e4ttningsjobb<\/a><\/li>\n<li  id=\"menu-item-121809\" class=\"menu-item menu-item-type-post_type menu-item-object-page menu-item-121809\"><a href=\"https:\/\/www.balticmedia.com\/sv\/lediga-jobb\/bli-oversattare\/\" class=\"menu-link\">Vad kr\u00e4vs f\u00f6r att bli \u00f6vers\u00e4ttare? Utbildning<\/a><\/li>\n<li  id=\"menu-item-49387\" class=\"menu-item menu-item-type-post_type menu-item-object-page menu-item-49387\"><a href=\"https:\/\/www.balticmedia.com\/sv\/lediga-jobb\/upplasare-och-voice-over\/\" class=\"menu-link\">Uppl\u00e4sare och voice over<\/a><\/li>\n<li  id=\"menu-item-102684\" class=\"menu-item menu-item-type-post_type menu-item-object-page menu-item-102684\"><a href=\"https:\/\/www.balticmedia.com\/sv\/lediga-jobb\/spraklarare-jobb-for-sprakundervisning-pa-natet\/\" class=\"menu-link\">Spr\u00e5kl\u00e4rare | Jobb f\u00f6r spr\u00e5kundervisning p\u00e5 n\u00e4tet<\/a><\/li>\n<li  id=\"menu-item-101314\" class=\"menu-item menu-item-type-post_type menu-item-object-page menu-item-101314\"><a href=\"https:\/\/www.balticmedia.com\/sv\/webbplatskarta\/\" class=\"menu-link\">Webbplatskarta<\/a><\/li>\n<li  id=\"menu-item-120690\" class=\"menu-item menu-item-type-post_type menu-item-object-page menu-item-120690\"><a href=\"https:\/\/www.balticmedia.com\/sv\/clients\/\" class=\"menu-link\">Client Portal<\/a><\/li>\n<li  id=\"menu-item-124044\" class=\"menu-item menu-item-type-post_type menu-item-object-page menu-item-124044\"><a href=\"https:\/\/www.balticmedia.com\/sv\/oversattningsbyra-svenska-engelska\/\" class=\"menu-link\">\u00d6vers\u00e4ttningsbyr\u00e5 Svenska Engelska<\/a><\/li>\n<li  id=\"menu-item-124720\" class=\"menu-item menu-item-type-post_type menu-item-object-page menu-item-124720\"><a href=\"https:\/\/www.balticmedia.com\/sv\/auktoriserad-oversattning-av-dokument\/\" class=\"menu-link\">Auktoriserad \u00f6vers\u00e4ttning av dokument<\/a><\/li>\n<li  id=\"menu-item-127241\" class=\"menu-item menu-item-type-post_type menu-item-object-page menu-item-127241\"><a href=\"https:\/\/www.balticmedia.com\/sv\/auktoriserad-oversattning-online\/\" class=\"menu-link\">Auktoriserad \u00f6vers\u00e4ttning online<\/a><\/li>\n<li  id=\"menu-item-133018\" class=\"menu-item menu-item-type-post_type menu-item-object-page menu-item-133018\"><a href=\"https:\/\/www.balticmedia.com\/sv\/litterar-oversattning\/\" class=\"menu-link\">Litter\u00e4r \u00f6vers\u00e4ttning<\/a><\/li>\n<li  id=\"menu-item-140434\" class=\"menu-item menu-item-type-post_type menu-item-object-page menu-item-140434\"><a href=\"https:\/\/www.balticmedia.com\/sv\/oversattning-och-lokalisering-av-appar\/\" class=\"menu-link\">\u00d6vers\u00e4ttning och lokalisering av appar<\/a><\/li>\n<\/ul><\/div><\/div><div id=\"panel-91427-1-0-2\" class=\"so-panel widget widget_ocean_custom_menu widget-oceanwp-custom-menu custom-menu-widget panel-last-child extendedwopts-hide extendedwopts-tablet extendedwopts-mobile widgetopts-SO\" data-index=\"3\" ><div class=\"oceanwp-custom-menu clr ocean_custom_menu-2 left dropdown-hover\"><ul id=\"menu-partnerskap\" class=\"dropdown-menu sf-menu\"><li  id=\"menu-item-11566\" class=\"menu-item menu-item-type-custom menu-item-object-custom menu-item-11566\"><a target=\"_blank\" href=\"https:\/\/balticmedia.s.xtrf.eu\/vendors\/#\/sign-in\" class=\"menu-link\" rel=\"nofollow noopener\"><i class=\"icon before line-icon icon-briefcase\" aria-hidden=\"true\" style=\"font-size:2em;\"><\/i><span class=\"menu-text\">Partnerportal<\/span><\/a><\/li>\n<li  id=\"menu-item-11724\" class=\"menu-item menu-item-type-custom menu-item-object-custom menu-item-11724\"><a target=\"_blank\" href=\"https:\/\/www.balticmedia.com\/wp-content\/uploads\/11-Reasons-to-Choose-Baltic-Media-2026.pdf\" class=\"menu-link\"><i class=\"icon before line-icon icon-people\" aria-hidden=\"true\" style=\"font-size:2em;\"><\/i><span class=\"menu-text\">\u00d6vers\u00e4ttningsbyr\u00e5 och \u00f6vers\u00e4ttare<\/span><\/a><\/li>\n<li  id=\"menu-item-11725\" class=\"menu-item menu-item-type-custom menu-item-object-custom menu-item-11725\"><a target=\"_blank\" href=\"https:\/\/www.balticmedia.com\/wp-content\/uploads\/oversattningsbyra-sv.pdf\" class=\"menu-link\"><i class=\"icon before line-icon icon-organization\" aria-hidden=\"true\" style=\"font-size:2em;\"><\/i><span class=\"menu-text\">\u00d6vers\u00e4ttning. Steg f\u00f6r steg<\/span><\/a><\/li>\n<li  id=\"menu-item-11726\" class=\"menu-item menu-item-type-custom menu-item-object-custom menu-item-11726\"><a target=\"_blank\" href=\"https:\/\/www.balticmedia.com\/wp-content\/uploads\/Baltic-Media-Ltd-Service-Terms-and-Conditions-SE.pdf\" class=\"menu-link\"><i class=\"icon before line-icon icon-docs\" aria-hidden=\"true\" style=\"font-size:2em;\"><\/i><span class=\"menu-text\">Tj\u00e4nstevillkor<\/span><\/a><\/li>\n<li  id=\"menu-item-11728\" class=\"menu-item menu-item-type-custom menu-item-object-custom menu-item-11728\"><a target=\"_blank\" href=\"https:\/\/www.balticmedia.com\/wp-content\/uploads\/iSO-certificate-2023.png\" class=\"menu-link\"><i class=\"icon before line-icon icon-doc\" aria-hidden=\"true\" style=\"font-size:2em;\"><\/i><span class=\"menu-text\">\u00d6vers\u00e4ttning enligt ISO 9001:2015<\/span><\/a><\/li>\n<li  id=\"menu-item-11727\" class=\"menu-item menu-item-type-custom menu-item-object-custom menu-item-11727\"><a target=\"_blank\" href=\"https:\/\/www.balticmedia.com\/wp-content\/uploads\/362531_copyrighttrademarkbalticmedia.pdf\" class=\"menu-link\"><i class=\"icon before line-icon icon-info\" aria-hidden=\"true\" style=\"font-size:2em;\"><\/i><span class=\"menu-text\">Copyright | Trademark Baltic Media<sup>\u00ae<\/sup><\/span><\/a><\/li>\n<\/ul><\/div><\/div><\/div><div id=\"pgc-91427-1-1\"  class=\"panel-grid-cell\" ><div id=\"panel-91427-1-1-0\" class=\"so-panel widget widget_sow-editor panel-first-child widgetopts-SO\" data-index=\"4\" ><div\n\t\t\t\n\t\t\tclass=\"so-widget-sow-editor so-widget-sow-editor-base\"\n\t\t\t\n\t\t><h3 class=\"widget-title\">Jobb f\u00f6r spr\u00e5kundervisning p\u00e5 n\u00e4tet<\/h3>\n<div class=\"siteorigin-widget-tinymce textwidget\">\n\t<div>\n<h1>Jobb f\u00f6r spr\u00e5kundervisning p\u00e5 n\u00e4tet<\/h1>\n<\/div>\n<div>\n<h2>Starta en ny karri\u00e4r eller ett nytt sidof\u00f6retag genom att arbeta hemifr\u00e5n var som helst i v\u00e4rlden.<\/h2>\n<h3>Jobb f\u00f6r l\u00e4rare i engelska, svenska, japanska, ryska, kinesiska, norska, lettiska och andra spr\u00e5k p\u00e5 n\u00e4tet<\/h3>\n<\/div>\n<p align=\"left\">Vi erbjuder en m\u00f6jlighet att g\u00e5 med i Baltic Media<sup>\u00ae<\/sup> Language Learning Centre-teamet och tar f\u00f6r n\u00e4rvarande emot ans\u00f6kningar f\u00f6r l\u00e4rare i online-spr\u00e5kkurser f\u00f6r olika spr\u00e5k. Vi s\u00f6ker l\u00e4rare f\u00f6r engelska, svenska, japanska, ryska, kinesiska, norska, lettiska och andra spr\u00e5k p\u00e5 n\u00e4tet f\u00f6r ett l\u00e5ngsiktigt samarbete.<\/p>\n<p align=\"left\">Baltic Media Ltd. \u00e4r en ISO-certifierad spr\u00e5ktj\u00e4nstbyr\u00e5 som specialiserar sig p\u00e5 alla nordiska och baltiska spr\u00e5k. Baltic Media Ltd. grundades i Sverige 1991 och \u00e4r verksamt i Baltikum sedan 1994 och \u00e4r ett av de ledande f\u00f6retagen n\u00e4r det g\u00e4ller att tillhandah\u00e5lla spr\u00e5ktj\u00e4nster av h\u00f6g kvalitet.<\/p>\n<p align=\"left\"><img data-recalc-dims=\"1\" loading=\"lazy\" decoding=\"async\" class=\"alignnone wp-image-6841 size-medium\" src=\"https:\/\/i0.wp.com\/www.balticmedia.com\/wp-content\/uploads\/online_learning.png?resize=300%2C200&#038;ssl=1\" alt=\"Jobb f\u00f6r spr\u00e5kundervisning p\u00e5 n\u00e4tet\" width=\"300\" height=\"200\" srcset=\"https:\/\/i0.wp.com\/www.balticmedia.com\/wp-content\/uploads\/online_learning.png?resize=300%2C200&amp;ssl=1 300w, https:\/\/i0.wp.com\/www.balticmedia.com\/wp-content\/uploads\/online_learning.png?resize=272%2C182&amp;ssl=1 272w, https:\/\/i0.wp.com\/www.balticmedia.com\/wp-content\/uploads\/online_learning.png?w=680&amp;ssl=1 680w\" sizes=\"auto, (max-width: 300px) 100vw, 300px\" title=\"\"><\/p>\n<\/div>\n<\/div><\/div><div id=\"panel-91427-1-1-1\" class=\"so-panel widget widget_sow-image-grid widgetopts-SO\" data-index=\"5\" ><div\n\t\t\t\n\t\t\tclass=\"so-widget-sow-image-grid so-widget-sow-image-grid-default-46e3cddde1e5-91427\"\n\t\t\t\n\t\t>\t<div\n\t\tclass=\"sow-image-grid-wrapper\"\n\t\t\t\t\t>\n\t\t\t\t\t<div class=\"sow-image-grid-image\">\n\t\t\t\t\t\t\t\t\t\t\t\t<img loading=\"lazy\" decoding=\"async\" width=\"300\" height=\"82\" src=\"https:\/\/i0.wp.com\/www.balticmedia.com\/wp-content\/uploads\/BM-logo-328x90-web-2-e1732657723740.jpg?fit=300%2C82&amp;ssl=1\" class=\"sow-image-grid-image_html\" alt=\"Baltic Media&lt;sup&gt;\u00ae&lt;\/sup&gt;&quot;\" title=\"technical translation services\">\t\t\t\t\t\t\t\t\t\t\t<\/div>\n\t\t\t<\/div>\n<\/div><\/div><div id=\"panel-91427-1-1-2\" class=\"so-panel widget widget_sow-editor panel-last-child widgetopts-SO\" data-index=\"6\" ><div\n\t\t\t\n\t\t\tclass=\"so-widget-sow-editor so-widget-sow-editor-base\"\n\t\t\t\n\t\t>\n<div class=\"siteorigin-widget-tinymce textwidget\">\n\t<p>&nbsp;<\/p>\n<h2>Tj\u00e4nster f\u00f6r spr\u00e5kundervisning p\u00e5 n\u00e4tet<\/h2>\n<p align=\"left\">L\u00c4RARE I SPR\u00c5KKURSER P\u00c5 N\u00c4TET:<\/p>\n<p align=\"left\">KRAV<\/p>\n<ul>\n<li>H\u00f6gkvalificerade och certifierade f\u00f6r spr\u00e5kundervisning;<\/li>\n<li>Utm\u00e4rkta spr\u00e5kkunskaper;<\/li>\n<li>Erfarenhet av undervisning p\u00e5 distans;<\/li>\n<li>Erfarenhet av olika plattformar f\u00f6r undervisning online (Zoom, Skype, Discord, Google Hangouts etc.);<\/li>\n<li>F\u00f6rm\u00e5ga att sj\u00e4lvst\u00e4ndigt planera arbetsfl\u00f6den, l\u00f6sa problem och fatta beslut;<\/li>\n<li>Stark organisationsf\u00f6rm\u00e5ga och stor uppm\u00e4rksamhet p\u00e5 detaljer;<\/li>\n<li>Brinner f\u00f6r spr\u00e5kinl\u00e4rning och f\u00f6r att hj\u00e4lpa andra att n\u00e5 sina spr\u00e5kliga m\u00e5l;<\/li>\n<li>Dator med kamera och mikrofon och p\u00e5litlig h\u00f6ghastighetsinternetuppkoppling \u00e4r ett m\u00e5ste.<\/li>\n<\/ul>\n<p>&nbsp;<\/p>\n<p align=\"left\">UPPGIFTER<\/p>\n<ul>\n<li>Undervisning i spr\u00e5kkurser online f\u00f6r grupper och\/eller enskilda personer;<\/li>\n<li>Utarbetande av utbildningsprogram;<\/li>\n<li>Utarbetande av undervisningsmaterial;<\/li>\n<li>Ansvarsfullt och korrekt utf\u00f6ra alla uppgifter i samband med genomf\u00f6randet av onlinekurser.<\/li>\n<\/ul>\n<p align=\"left\">VI ERBJUDER<\/p>\n<ul>\n<li>Arbeta i en m\u00e5ngkulturell milj\u00f6;<\/li>\n<li>Projekt (ackordsarbete);<\/li>\n<li>R\u00e5dgivning och st\u00f6d under hela projektperioden;<\/li>\n<li>M\u00f6jlighet att arbeta fr\u00e5n en plats som passar dig (arbete hemifr\u00e5n);<\/li>\n<li>Konkurrenskraftig l\u00f6n beroende p\u00e5 utbildning, kvalifikationer, arbetsf\u00f6rm\u00e5ga och erfarenhet.<\/li>\n<\/ul>\n<p align=\"left\">F\u00f6r att s\u00f6ka den lediga tj\u00e4nsten som l\u00e4rare i spr\u00e5kkurser online, skicka ditt CV till <a href=\"mailto:kursi@balticmedia.com\">kursi@balticmedia.com<\/a>. Ange i ans\u00f6kan \u00f6nskad betalning f\u00f6r en akademisk timme (45 minuter) och en astronomisk timme (60 minuter) samt de spr\u00e5kkombinationer som du kan undervisa spr\u00e5ket i p\u00e5 distans.<\/p>\n<p>Dzirnavu iela 57A<br \/>\nLV-1010 R\u012bga Latvia\/Lettonie<\/p>\n<div><img data-recalc-dims=\"1\" loading=\"lazy\" decoding=\"async\" title=\"Valodu kursi\" src=\"https:\/\/i0.wp.com\/www.valodukursi.lv\/UserFiles\/Image\/contact-ico\/phone.png?resize=15%2C15\" alt=\"Valodu kursi\" width=\"15\" height=\"15\">\u00a0+371 67 224 395<br \/>\n<img data-recalc-dims=\"1\" loading=\"lazy\" decoding=\"async\" title=\"Valodu kursi\" src=\"https:\/\/i0.wp.com\/www.valodukursi.lv\/UserFiles\/Image\/contact-ico\/cell.png?resize=15%2C15\" alt=\"Valodu kursi\" width=\"15\" height=\"15\">\u00a0+371 29 44 68 45<\/div>\n<div><a href=\"mailto:info@balticmedia.com\"><img data-recalc-dims=\"1\" loading=\"lazy\" decoding=\"async\" title=\"Valodu kursi\" src=\"https:\/\/i0.wp.com\/www.valodukursi.lv\/UserFiles\/Image\/contact-ico\/%40.png?resize=15%2C15\" alt=\"Valodu kursi\" width=\"15\" height=\"15\"><\/a>\u00a0<a href=\"mailto:kursi@balticmedia.com\">kursi@balticmedia.com<\/a><\/div>\n<div><a href=\"https:\/\/wa.me\/37129446845\" target=\"_blank\" rel=\"noopener nofollow\">WhatsApp<\/a><\/div>\n<p>&nbsp;<\/p>\n<p align=\"left\"><iframe loading=\"lazy\" src=\"https:\/\/www.youtube.com\/embed\/hiNHZ2fn4Cc\" width=\"640\" height=\"315\" frameborder=\"0\" allowfullscreen=\"allowfullscreen\" data-mce-fragment=\"1\"><\/iframe><\/p>\n<\/div>\n<\/div><\/div><\/div><\/div><\/div>","protected":false},"excerpt":{"rendered":"<p>Jobb f\u00f6r spr\u00e5kundervisning p\u00e5 n\u00e4tet Starta en ny karri\u00e4r eller ett nytt sidof\u00f6retag genom att arbeta hemifr\u00e5n var som helst i v\u00e4rlden. Jobb f\u00f6r l\u00e4rare i engelska, svenska, japanska, ryska, kinesiska, norska, lettiska och andra spr\u00e5k p\u00e5 n\u00e4tet Vi erbjuder en m\u00f6jlighet att g\u00e5 med i Baltic Media\u00ae Language Learning Centre-teamet och tar f\u00f6r n\u00e4rvarande [&hellip;]<\/p>\n","protected":false},"author":2,"featured_media":134388,"parent":11493,"menu_order":0,"comment_status":"closed","ping_status":"closed","template":"","meta":{"ocean_post_layout":"","ocean_both_sidebars_style":"","ocean_both_sidebars_content_width":0,"ocean_both_sidebars_sidebars_width":0,"ocean_sidebar":"0","ocean_second_sidebar":"0","ocean_disable_margins":"enable","ocean_add_body_class":"","ocean_shortcode_before_top_bar":"","ocean_shortcode_after_top_bar":"","ocean_shortcode_before_header":"","ocean_shortcode_after_header":"","ocean_has_shortcode":"","ocean_shortcode_after_title":"","ocean_shortcode_before_footer_widgets":"","ocean_shortcode_after_footer_widgets":"","ocean_shortcode_before_footer_bottom":"","ocean_shortcode_after_footer_bottom":"","ocean_display_top_bar":"default","ocean_display_header":"default","ocean_header_style":"","ocean_center_header_left_menu":"0","ocean_custom_header_template":"0","ocean_custom_logo":0,"ocean_custom_retina_logo":0,"ocean_custom_logo_max_width":0,"ocean_custom_logo_tablet_max_width":0,"ocean_custom_logo_mobile_max_width":0,"ocean_custom_logo_max_height":0,"ocean_custom_logo_tablet_max_height":0,"ocean_custom_logo_mobile_max_height":0,"ocean_header_custom_menu":"0","ocean_menu_typo_font_family":"0","ocean_menu_typo_font_subset":"","ocean_menu_typo_font_size":0,"ocean_menu_typo_font_size_tablet":0,"ocean_menu_typo_font_size_mobile":0,"ocean_menu_typo_font_size_unit":"px","ocean_menu_typo_font_weight":"","ocean_menu_typo_font_weight_tablet":"","ocean_menu_typo_font_weight_mobile":"","ocean_menu_typo_transform":"","ocean_menu_typo_transform_tablet":"","ocean_menu_typo_transform_mobile":"","ocean_menu_typo_line_height":0,"ocean_menu_typo_line_height_tablet":0,"ocean_menu_typo_line_height_mobile":0,"ocean_menu_typo_line_height_unit":"","ocean_menu_typo_spacing":0,"ocean_menu_typo_spacing_tablet":0,"ocean_menu_typo_spacing_mobile":0,"ocean_menu_typo_spacing_unit":"","ocean_menu_link_color":"","ocean_menu_link_color_hover":"","ocean_menu_link_color_active":"","ocean_menu_link_background":"","ocean_menu_link_hover_background":"","ocean_menu_link_active_background":"","ocean_menu_social_links_bg":"","ocean_menu_social_hover_links_bg":"","ocean_menu_social_links_color":"","ocean_menu_social_hover_links_color":"","ocean_disable_title":"default","ocean_disable_heading":"default","ocean_post_title":"","ocean_post_subheading":"","ocean_post_title_style":"","ocean_post_title_background_color":"","ocean_post_title_background":0,"ocean_post_title_bg_image_position":"","ocean_post_title_bg_image_attachment":"","ocean_post_title_bg_image_repeat":"","ocean_post_title_bg_image_size":"","ocean_post_title_height":0,"ocean_post_title_bg_overlay":0.5,"ocean_post_title_bg_overlay_color":"","ocean_disable_breadcrumbs":"default","ocean_breadcrumbs_color":"","ocean_breadcrumbs_separator_color":"","ocean_breadcrumbs_links_color":"","ocean_breadcrumbs_links_hover_color":"","ocean_display_footer_widgets":"default","ocean_display_footer_bottom":"default","ocean_custom_footer_template":"0","ofc_meta_disable_footer_callout":"","ofc_meta_callout_button_url":"","ofc_meta_callout_button_txt":"","ofc_meta_callout_text":"","osh_disable_topbar_sticky":"default","osh_disable_header_sticky":"default","osh_sticky_header_style":"default","osh_sticky_header_effect":"","osh_custom_sticky_logo":0,"osh_custom_retina_sticky_logo":0,"osh_custom_sticky_logo_height":0,"osh_background_color":"","osh_links_color":"","osh_links_hover_color":"","osh_links_active_color":"","osh_links_bg_color":"","osh_links_hover_bg_color":"","osh_links_active_bg_color":"","osh_menu_social_links_color":"","osh_menu_social_hover_links_color":"","footnotes":""},"class_list":["post-91427","page","type-page","status-publish","has-post-thumbnail","hentry","entry","has-media"],"jetpack_sharing_enabled":true,"jetpack_likes_enabled":true,"jetpack-related-posts":[],"jetpack_shortlink":"https:\/\/wp.me\/Pe7Cu3-nMD","_links":{"self":[{"href":"https:\/\/www.balticmedia.com\/sv\/wp-json\/wp\/v2\/pages\/91427","targetHints":{"allow":["GET"]}}],"collection":[{"href":"https:\/\/www.balticmedia.com\/sv\/wp-json\/wp\/v2\/pages"}],"about":[{"href":"https:\/\/www.balticmedia.com\/sv\/wp-json\/wp\/v2\/types\/page"}],"author":[{"embeddable":true,"href":"https:\/\/www.balticmedia.com\/sv\/wp-json\/wp\/v2\/users\/2"}],"replies":[{"embeddable":true,"href":"https:\/\/www.balticmedia.com\/sv\/wp-json\/wp\/v2\/comments?post=91427"}],"version-history":[{"count":10,"href":"https:\/\/www.balticmedia.com\/sv\/wp-json\/wp\/v2\/pages\/91427\/revisions"}],"predecessor-version":[{"id":136279,"href":"https:\/\/www.balticmedia.com\/sv\/wp-json\/wp\/v2\/pages\/91427\/revisions\/136279"}],"up":[{"embeddable":true,"href":"https:\/\/www.balticmedia.com\/sv\/wp-json\/wp\/v2\/pages\/11493"}],"wp:featuredmedia":[{"embeddable":true,"href":"https:\/\/www.balticmedia.com\/sv\/wp-json\/wp\/v2\/media\/134388"}],"wp:attachment":[{"href":"https:\/\/www.balticmedia.com\/sv\/wp-json\/wp\/v2\/media?parent=91427"}],"curies":[{"name":"wp","href":"https:\/\/api.w.org\/{rel}","templated":true}]}}