{"id":84523,"date":"2022-04-12T14:13:27","date_gmt":"2022-04-12T11:13:27","guid":{"rendered":"https:\/\/www.balticmedia.com\/?page_id=84523"},"modified":"2026-04-04T16:53:30","modified_gmt":"2026-04-04T13:53:30","slug":"vad-tycker-vara-kunder","status":"publish","type":"page","link":"https:\/\/www.balticmedia.com\/sv\/oversattning-kostnad\/vad-tycker-vara-kunder\/","title":{"rendered":"Vad tycker v\u00e5ra kunder"},"content":{"rendered":"<div id=\"pl-84523\"  class=\"panel-layout\" ><div id=\"pg-84523-0\"  class=\"panel-grid panel-no-style\" ><div id=\"pgc-84523-0-0\"  class=\"panel-grid-cell\" ><div id=\"panel-84523-0-0-0\" class=\"so-panel widget widget_sow-image panel-first-child panel-last-child widgetopts-SO\" data-index=\"0\" ><div\n\t\t\t\n\t\t\tclass=\"so-widget-sow-image so-widget-sow-image-default-8b5b6f678277-84523\"\n\t\t\t\n\t\t>\n<div class=\"sow-image-container\">\n\t\t<img src=\"https:\/\/i0.wp.com\/www.balticmedia.com\/wp-content\/uploads\/5blog-scaled.jpg?fit=2560%2C549&amp;ssl=1\" width=\"2560\" height=\"549\" srcset=\"https:\/\/i0.wp.com\/www.balticmedia.com\/wp-content\/uploads\/5blog-scaled.jpg?w=2560&amp;ssl=1 2560w, https:\/\/i0.wp.com\/www.balticmedia.com\/wp-content\/uploads\/5blog-scaled.jpg?resize=300%2C64&amp;ssl=1 300w, https:\/\/i0.wp.com\/www.balticmedia.com\/wp-content\/uploads\/5blog-scaled.jpg?resize=1024%2C219&amp;ssl=1 1024w, https:\/\/i0.wp.com\/www.balticmedia.com\/wp-content\/uploads\/5blog-scaled.jpg?resize=768%2C165&amp;ssl=1 768w, https:\/\/i0.wp.com\/www.balticmedia.com\/wp-content\/uploads\/5blog-scaled.jpg?resize=1536%2C329&amp;ssl=1 1536w, https:\/\/i0.wp.com\/www.balticmedia.com\/wp-content\/uploads\/5blog-scaled.jpg?resize=2048%2C439&amp;ssl=1 2048w, https:\/\/i0.wp.com\/www.balticmedia.com\/wp-content\/uploads\/5blog-scaled.jpg?w=2400&amp;ssl=1 2400w\" title=\"Vad tycker v\u00e5ra kunder\" alt=\"Vad tycker v\u00e5ra kunder\" class=\"so-widget-image\">\n\t<\/div>\n\n<\/div><\/div><\/div><\/div><div id=\"pg-84523-1\"  class=\"panel-grid panel-no-style\" ><div id=\"pgc-84523-1-0\"  class=\"panel-grid-cell\" ><div id=\"panel-84523-1-0-0\" class=\"so-panel widget widget_sow-editor panel-first-child extendedwopts-hide extendedwopts-tablet extendedwopts-mobile widgetopts-SO\" data-index=\"1\" ><div\n\t\t\t\n\t\t\tclass=\"so-widget-sow-editor so-widget-sow-editor-base\"\n\t\t\t\n\t\t>\n<div class=\"siteorigin-widget-tinymce textwidget\">\n\t<pre><form aria-label=\"Search this website\" role=\"search\" method=\"get\" class=\"oceanwp-searchform\" id=\"searchform\" action=\"https:\/\/www.balticmedia.com\/sv\/\"><input aria-label=\"Insert search query\" type=\"text\" class=\"field\" name=\"s\" id=\"s\" placeholder=\"Search\"><button aria-label=\"Submit your search\" type=\"submit\" class=\"search-submit\" value=\"\"><i class=\"icon-magnifier\" aria-hidden=\"true\"><\/i><\/button><\/form><\/pre>\n<\/div>\n<\/div><\/div><div id=\"panel-84523-1-0-1\" class=\"so-panel widget widget_ocean_custom_menu widget-oceanwp-custom-menu custom-menu-widget extendedwopts-hide extendedwopts-tablet extendedwopts-mobile widgetopts-SO\" data-index=\"2\" ><div class=\"oceanwp-custom-menu clr ocean_custom_menu-2 left dropdown-hover\"><ul id=\"menu-prices-sv\" class=\"dropdown-menu sf-menu\"><li  id=\"menu-item-49507\" class=\"menu-item menu-item-type-post_type menu-item-object-page menu-item-49507\"><a href=\"https:\/\/www.balticmedia.com\/sv\/oversattning-kostnad\/\" class=\"menu-link\">Kostnader f\u00f6r \u00f6vers\u00e4ttning<\/a><\/li>\n<li  id=\"menu-item-86691\" class=\"menu-item menu-item-type-post_type menu-item-object-page menu-item-86691\"><a href=\"https:\/\/www.balticmedia.com\/sv\/oversattning-kostnad\/billig-oversattning\/\" class=\"menu-link\">Billig \u00f6vers\u00e4ttning hos kvalitetscertifierad \u00f6vers\u00e4ttningsbyr\u00e5<\/a><\/li>\n<li  id=\"menu-item-84556\" class=\"menu-item menu-item-type-post_type menu-item-object-page menu-item-84556\"><a href=\"https:\/\/www.balticmedia.com\/sv\/oversattning-kostnad\/vad-tycker-vara-kunder\/\" class=\"menu-link\">Vad tycker v\u00e5ra kunder<\/a><\/li>\n<li  id=\"menu-item-86756\" class=\"menu-item menu-item-type-post_type menu-item-object-page menu-item-86756\"><a href=\"https:\/\/www.balticmedia.com\/sv\/oversattning-kostnad\/auktoriserad-oversattning-pris\/\" class=\"menu-link\">Pris auktoriserad overs\u00e4ttning<\/a><\/li>\n<li  id=\"menu-item-49510\" class=\"menu-item menu-item-type-post_type menu-item-object-page menu-item-49510\"><a href=\"https:\/\/www.balticmedia.com\/sv\/oversattning-kostnad\/pris-for-oversattning\/\" class=\"menu-link\">\u00d6vers\u00e4ttning | Pris per ord<\/a><\/li>\n<li  id=\"menu-item-49508\" class=\"menu-item menu-item-type-post_type menu-item-object-page menu-item-49508\"><a href=\"https:\/\/www.balticmedia.com\/sv\/oversattning-kostnad\/hur-valjer-man-oversattningsbyra\/\" class=\"menu-link\">Hur v\u00e4ljer man \u00f6vers\u00e4ttningsbyr\u00e5<\/a><\/li>\n<li  id=\"menu-item-49509\" class=\"menu-item menu-item-type-post_type menu-item-object-page menu-item-49509\"><a href=\"https:\/\/www.balticmedia.com\/sv\/oversattning-kostnad\/oversattningstjanster-kvalitet\/\" class=\"menu-link\">\u00d6vers\u00e4ttning med ISO 9001:2015 kvalitetscertifiering<\/a><\/li>\n<li  id=\"menu-item-49513\" class=\"menu-item menu-item-type-post_type menu-item-object-page menu-item-49513\"><a href=\"https:\/\/www.balticmedia.com\/sv\/oversattning-kostnad\/vara-kunder\/\" class=\"menu-link\">V\u00e5ra kunder<\/a><\/li>\n<li  id=\"menu-item-86762\" class=\"menu-item menu-item-type-post_type menu-item-object-page menu-item-86762\"><a href=\"https:\/\/www.balticmedia.com\/sv\/oversattning-kostnad\/referensformular\/\" class=\"menu-link\">Referensformul\u00e4r<\/a><\/li>\n<li  id=\"menu-item-49515\" class=\"menu-item menu-item-type-post_type menu-item-object-page menu-item-49515\"><a href=\"https:\/\/www.balticmedia.com\/sv\/oversattning-kostnad\/kundreferenser\/\" class=\"menu-link\">Kundreferenser<\/a><\/li>\n<li  id=\"menu-item-101315\" class=\"menu-item menu-item-type-post_type menu-item-object-page menu-item-101315\"><a href=\"https:\/\/www.balticmedia.com\/sv\/webbplatskarta\/\" class=\"menu-link\">Webbplatskarta<\/a><\/li>\n<li  id=\"menu-item-120704\" class=\"menu-item menu-item-type-post_type menu-item-object-page menu-item-120704\"><a href=\"https:\/\/www.balticmedia.com\/sv\/clients\/\" class=\"menu-link\">Client Portal<\/a><\/li>\n<li  id=\"menu-item-120705\" class=\"menu-item menu-item-type-post_type menu-item-object-page menu-item-120705\"><a href=\"https:\/\/www.balticmedia.com\/sv\/clients\/\" class=\"menu-link\">Client Portal<\/a><\/li>\n<li  id=\"menu-item-121619\" class=\"menu-item menu-item-type-post_type menu-item-object-page menu-item-121619\"><a href=\"https:\/\/www.balticmedia.com\/sv\/auktoriserad-oversattare-engelska-stockholm\/\" class=\"menu-link\">Auktoriserad \u00f6vers\u00e4ttare engelska Stockholm<\/a><\/li>\n<li  id=\"menu-item-121801\" class=\"menu-item menu-item-type-post_type menu-item-object-page menu-item-121801\"><a href=\"https:\/\/www.balticmedia.com\/sv\/lediga-jobb\/bli-oversattare\/\" class=\"menu-link\">Vad kr\u00e4vs f\u00f6r att bli \u00f6vers\u00e4ttare? Utbildning<\/a><\/li>\n<li  id=\"menu-item-124045\" class=\"menu-item menu-item-type-post_type menu-item-object-page menu-item-124045\"><a href=\"https:\/\/www.balticmedia.com\/sv\/oversattningsbyra-svenska-engelska\/\" class=\"menu-link\">\u00d6vers\u00e4ttningsbyr\u00e5 Svenska Engelska<\/a><\/li>\n<li  id=\"menu-item-124721\" class=\"menu-item menu-item-type-post_type menu-item-object-page menu-item-124721\"><a href=\"https:\/\/www.balticmedia.com\/sv\/auktoriserad-oversattning-av-dokument\/\" class=\"menu-link\">Auktoriserad \u00f6vers\u00e4ttning av dokument<\/a><\/li>\n<li  id=\"menu-item-127242\" class=\"menu-item menu-item-type-post_type menu-item-object-page menu-item-127242\"><a href=\"https:\/\/www.balticmedia.com\/sv\/auktoriserad-oversattning-online\/\" class=\"menu-link\">Auktoriserad \u00f6vers\u00e4ttning online<\/a><\/li>\n<li  id=\"menu-item-133019\" class=\"menu-item menu-item-type-post_type menu-item-object-page menu-item-133019\"><a href=\"https:\/\/www.balticmedia.com\/sv\/litterar-oversattning\/\" class=\"menu-link\">Litter\u00e4r \u00f6vers\u00e4ttning<\/a><\/li>\n<li  id=\"menu-item-140435\" class=\"menu-item menu-item-type-post_type menu-item-object-page menu-item-140435\"><a href=\"https:\/\/www.balticmedia.com\/sv\/oversattning-och-lokalisering-av-appar\/\" class=\"menu-link\">\u00d6vers\u00e4ttning och lokalisering av appar<\/a><\/li>\n<\/ul><\/div><\/div><div id=\"panel-84523-1-0-2\" class=\"so-panel widget widget_ocean_custom_menu widget-oceanwp-custom-menu custom-menu-widget panel-last-child extendedwopts-hide extendedwopts-tablet extendedwopts-mobile widgetopts-SO\" data-index=\"3\" ><div class=\"oceanwp-custom-menu clr ocean_custom_menu-2 left dropdown-hover\"><ul id=\"menu-partnerskap\" class=\"dropdown-menu sf-menu\"><li  id=\"menu-item-11566\" class=\"menu-item menu-item-type-custom menu-item-object-custom menu-item-11566\"><a target=\"_blank\" href=\"https:\/\/balticmedia.s.xtrf.eu\/vendors\/#\/sign-in\" class=\"menu-link\" rel=\"nofollow noopener\"><i class=\"icon before line-icon icon-briefcase\" aria-hidden=\"true\" style=\"font-size:2em;\"><\/i><span class=\"menu-text\">Partnerportal<\/span><\/a><\/li>\n<li  id=\"menu-item-11724\" class=\"menu-item menu-item-type-custom menu-item-object-custom menu-item-11724\"><a target=\"_blank\" href=\"https:\/\/www.balticmedia.com\/wp-content\/uploads\/11-Reasons-to-Choose-Baltic-Media-2026.pdf\" class=\"menu-link\"><i class=\"icon before line-icon icon-people\" aria-hidden=\"true\" style=\"font-size:2em;\"><\/i><span class=\"menu-text\">\u00d6vers\u00e4ttningsbyr\u00e5 och \u00f6vers\u00e4ttare<\/span><\/a><\/li>\n<li  id=\"menu-item-11725\" class=\"menu-item menu-item-type-custom menu-item-object-custom menu-item-11725\"><a target=\"_blank\" href=\"https:\/\/www.balticmedia.com\/wp-content\/uploads\/oversattningsbyra-sv.pdf\" class=\"menu-link\"><i class=\"icon before line-icon icon-organization\" aria-hidden=\"true\" style=\"font-size:2em;\"><\/i><span class=\"menu-text\">\u00d6vers\u00e4ttning. Steg f\u00f6r steg<\/span><\/a><\/li>\n<li  id=\"menu-item-11726\" class=\"menu-item menu-item-type-custom menu-item-object-custom menu-item-11726\"><a target=\"_blank\" href=\"https:\/\/www.balticmedia.com\/wp-content\/uploads\/Baltic-Media-Ltd-Service-Terms-and-Conditions-SE.pdf\" class=\"menu-link\"><i class=\"icon before line-icon icon-docs\" aria-hidden=\"true\" style=\"font-size:2em;\"><\/i><span class=\"menu-text\">Tj\u00e4nstevillkor<\/span><\/a><\/li>\n<li  id=\"menu-item-11728\" class=\"menu-item menu-item-type-custom menu-item-object-custom menu-item-11728\"><a target=\"_blank\" href=\"https:\/\/www.balticmedia.com\/wp-content\/uploads\/iSO-certificate-2023.png\" class=\"menu-link\"><i class=\"icon before line-icon icon-doc\" aria-hidden=\"true\" style=\"font-size:2em;\"><\/i><span class=\"menu-text\">\u00d6vers\u00e4ttning enligt ISO 9001:2015<\/span><\/a><\/li>\n<li  id=\"menu-item-11727\" class=\"menu-item menu-item-type-custom menu-item-object-custom menu-item-11727\"><a target=\"_blank\" href=\"https:\/\/www.balticmedia.com\/wp-content\/uploads\/362531_copyrighttrademarkbalticmedia.pdf\" class=\"menu-link\"><i class=\"icon before line-icon icon-info\" aria-hidden=\"true\" style=\"font-size:2em;\"><\/i><span class=\"menu-text\">Copyright | Trademark Baltic Media<sup>\u00ae<\/sup><\/span><\/a><\/li>\n<\/ul><\/div><\/div><\/div><div id=\"pgc-84523-1-1\"  class=\"panel-grid-cell\" ><div id=\"panel-84523-1-1-0\" class=\"so-panel widget widget_sow-editor panel-first-child panel-last-child widgetopts-hide_title widgetopts-SO\" data-index=\"4\" ><div\n\t\t\t\n\t\t\tclass=\"so-widget-sow-editor so-widget-sow-editor-base\"\n\t\t\t\n\t\t><h3 class=\"widget-title\">Vad tycker v\u00e5ra kunder<\/h3>\n<div class=\"siteorigin-widget-tinymce textwidget\">\n\t<h1>Vad tycker v\u00e5ra kunder om v\u00e5ra auktoriserade, certifierade \u00f6vers\u00e4ttare och v\u00e5r service<\/h1>\n<h3 style=\"font-weight: 400;\"><strong>S\u00e5 tycker v\u00e5ra kunder om <\/strong><strong>auktoriserad - certifierad \u00f6vers\u00e4ttning <\/strong><strong>hos Baltic Media<\/strong><\/h3>\n<pre class=\"ti-widget\"><template id=\"trustindex-google-widget-html\"><div class=\" ti-widget  ti-goog ti-review-text-mode-readmore ti-text-align-left\" data-no-translation=\"true\" data-time-locale=\"%d %s ago|today|day|days|week|weeks|month|months|year|years\" data-plugin-version=\"13.2.9\" data-layout-id=\"97\" data-layout-category=\"badge, top-rated-badge\" data-set-id=\"light-background\" data-pid=\"\" data-language=\"en\" data-close-locale=\"Close\" data-css-version=\"2\" data-size=\"1\"> <div class=\"ti-widget-container\"> <div class=\"ti-header source-Google\"> <div class=\"ti-profile-details\"> <div class=\"ti-large-logo\"> <div class=\"ti-v-center\"> <trustindex-image class=\"ti-logo-fb\" data-imgurl=\"https:\/\/cdn.trustindex.io\/assets\/platform\/Google\/logo.svg\" width=\"150\" height=\"25\" loading=\"lazy\" alt=\"Google\"><\/trustindex-image> <\/div> <\/div> <div class=\"ti-stars\"><trustindex-image class=\"ti-star\" data-imgurl=\"https:\/\/cdn.trustindex.io\/assets\/platform\/Google\/star\/f.svg\" alt=\"Google star 1\" width=\"17\" height=\"17\" loading=\"lazy\"><\/trustindex-image><trustindex-image class=\"ti-star\" data-imgurl=\"https:\/\/cdn.trustindex.io\/assets\/platform\/Google\/star\/f.svg\" alt=\"Google star 2\" width=\"17\" height=\"17\" loading=\"lazy\"><\/trustindex-image><trustindex-image class=\"ti-star\" data-imgurl=\"https:\/\/cdn.trustindex.io\/assets\/platform\/Google\/star\/f.svg\" alt=\"Google star 3\" width=\"17\" height=\"17\" loading=\"lazy\"><\/trustindex-image><trustindex-image class=\"ti-star\" data-imgurl=\"https:\/\/cdn.trustindex.io\/assets\/platform\/Google\/star\/f.svg\" alt=\"Google star 4\" width=\"17\" height=\"17\" loading=\"lazy\"><\/trustindex-image><trustindex-image class=\"ti-star\" data-imgurl=\"https:\/\/cdn.trustindex.io\/assets\/platform\/Google\/star\/f.svg\" alt=\"Google star 5\" width=\"17\" height=\"17\" loading=\"lazy\"><\/trustindex-image><\/div> <span class=\"ti-rating\">5.0<\/span> <\/div> <div class=\"ti-top-rated-title\">Top Rated  Service<\/div> <div class=\"ti-verified-by\">verified by Trustindex <span class=\"ti-info-icon\"><\/span><\/div> <div class=\"ti-disclaimer\">Trustindex verifies that the company has a review score above 4.5, based on reviews collected on Google over the past 12 months, qualifying it to receive the <a href=\"https:\/\/www.trustindex.io\/?a=sys&amp;c=wp-top-rated-badge&amp;url=\/the-trustindex-verified-badge\/\" target=\"_blank\" rel=\"nofollow noopener\">Top Rated Certificate<\/a>.<\/div> <\/div> <\/div> <\/div> <\/template><\/pre><div data-src=\"https:\/\/cdn.trustindex.io\/loader.js?wp-widget\" data-template-id=\"trustindex-google-widget-html\" data-css-url=\"https:\/\/www.balticmedia.com\/wp-content\/uploads\/trustindex-google-widget.css?1775121982\"><\/div>\n<p style=\"font-weight: 400;\">Feedback fr\u00e5n v\u00e5ra kunder \u00e4r det b\u00e4sta betyg vi kan f\u00e5 p\u00e5 det kundv\u00e4rde vi skapar. Vad v\u00e5ra kunder tycker \u00e4r viktigt f\u00f6r oss! Med j\u00e4mna mellanrum genomf\u00f6r vi unders\u00f6kningar med syfte att f\u00e5 reda p\u00e5 vad v\u00e5ra kunder tycker om v\u00e5ra tj\u00e4nster inom <strong>auktoriserad och certifierad \u00f6vers\u00e4ttning.<\/strong> Vilka delar presterar v\u00e5ra projektledare och <strong>\u00f6vers\u00e4ttare <\/strong>bra och mindre bra p\u00e5? Vilka omr\u00e5den kan vi f\u00f6rb\u00e4ttra f\u00f6r att leverera kvalitativa <strong>auktoriserade och certifierade \u00f6vers\u00e4ttningar<\/strong>? Dessa fr\u00e5gor \u00e4r viktiga f\u00f6r oss att f\u00e5 svar p\u00e5 f\u00f6r att ge v\u00e5ra kunder b\u00e4sta m\u00f6jliga service.<\/p>\n<p style=\"font-weight: 400;\"><strong><a href=\"https:\/\/www.balticmedia.com\/sv\/oversattning-kostnad\/kundreferenser\/\">F\u00f6retagskunder om v\u00e5ra tj\u00e4nster. L\u00e4s h\u00e4r.<\/a><\/strong><\/p>\n<p><img data-recalc-dims=\"1\" loading=\"lazy\" decoding=\"async\" class=\"alignnone wp-image-62820 size-medium\" src=\"https:\/\/i0.wp.com\/www.balticmedia.com\/wp-content\/uploads\/balticmedia_logo_512x148.png?resize=300%2C87&#038;ssl=1\" alt=\"Vad tycker v\u00e5ra kunder om v\u00e5ra auktoriserade, certifierade \u00f6vers\u00e4ttare och v\u00e5r service\" width=\"300\" height=\"87\" title=\"\"><\/p>\n<p style=\"font-weight: 400;\">N\u00f6jda kunder \u00e4r det som betyder mest f\u00f6r oss. Vi arbetar med s\u00e5v\u00e4l stora som sm\u00e5 f\u00f6retag och privatpersoner. H\u00e4r kan du l\u00e4sa om n\u00e5gra av v\u00e5ra kunders erfarenheter.<\/p>\n<h2 style=\"font-weight: 400;\"><strong>L\u00e4s vad n\u00e5gra av v\u00e5ra kunder tycker nedan<\/strong><\/h2>\n<p>Good morning Marite,<\/p>\n<p><strong>Thank you so much for your speedy help and all the clarification. It was a pleasure working with your company. I will continue working with your group on my remaining translation work. I will also recommend and share your contact with friends and colleagues who are looking for official translation. Have a nice day.<\/strong><\/p>\n<p><strong>Alireza Jahanjou (JJ)<\/strong><br \/>\nCommercial Product Manager \u2013 Swing Doors<br \/>\nPedestrian Door Solutions<\/p>\n<p><strong>ASSA ABLOY Entrance Systems<\/strong><br \/>\nASSA ABLOY Entrance Systems AB<br \/>\nLodjursgatan 10, 261 22 Landskrona, Sweden<\/p>\n<p style=\"font-weight: 400;\"><strong>Tacksam f\u00f6r s\u00e5 bra jobb!<\/strong><\/p>\n<p style=\"font-weight: 400;\"><strong>Rekomenderar f\u00f6r mina kollegor och \u00e5terkommer vb.<\/strong><\/p>\n<p style=\"font-weight: 400;\"><strong>Trevlig helg!<\/strong><\/p>\n<p style=\"font-weight: 400;\"><strong>B\u00e4sta h\u00e4lsningar!<\/strong><\/p>\n<p style=\"font-weight: 400;\">Viktorija Ruciene<\/p>\n<p style=\"font-weight: 400;\"><strong>Jag v\u00e4ldigt tacksam och tackar er f\u00f6r super arbetet som ni g\u00f6r.<\/strong><\/p>\n<p style=\"font-weight: 400;\"><strong>Tack till medverkan.<\/strong><\/p>\n<p style=\"font-weight: 400;\"><strong>H\u00e4lsningar<\/strong><\/p>\n<p style=\"font-weight: 400;\">Rasim<\/p>\n<p style=\"font-weight: 400;\"><strong>Kan varmt rekommendera <a href=\"https:\/\/www.balticmedia.com\/sv\/\">https:\/\/www.balticmedia.com\/sv\/<\/a> Billiga och snabba.<\/strong><\/p>\n<p style=\"font-weight: 400;\"><strong>Hej Marite!<\/strong><\/p>\n<p style=\"font-weight: 400;\"><strong>Vi har f\u00e5tt alla dokument f\u00f6r ett tag sedan men ville bara tacka er f\u00f6r ett snyggt jobb! Stort tack! \u00c4r v\u00e4ldigt n\u00f6jd och glad med era tj\u00e4nster! Kan rekommendera till andra! Snabb och bra service! Ha en trevlig dag! <\/strong><\/p>\n<p style=\"font-weight: 400;\">Inga<\/p>\n<p style=\"font-weight: 400;\"><strong>Hej Marite,<\/strong><\/p>\n<p style=\"font-weight: 400;\"><strong>\u00c5terigen, stort tack f\u00f6r s\u00e5 snabb leverans. Vill definitivt rekommendera er. Ha en trevlig helg,<\/strong><\/p>\n<p style=\"font-weight: 400;\">Juraj Se\u010dn\u00edk|M.D.<\/p>\n<p style=\"font-weight: 400;\">PhD-Student<\/p>\n<p style=\"font-weight: 400;\"><strong>Vad snabba och effektiva ni var. Tack s\u00e5 mycket! <\/strong><\/p>\n<p style=\"font-weight: 400;\">V\u00e4nliga h\u00e4lsningar<br \/>\nBabak<\/p>\n<p style=\"font-weight: 400;\"><strong>Hej och tusen tack f\u00f6r ypperlig och professionell service!<\/strong><\/p>\n<p style=\"font-weight: 400;\"><strong>Ni \u00e4r guld v\u00e4rda. Ha en bra helg!<\/strong><\/p>\n<p style=\"font-weight: 400;\">B\u00e4sta h\u00e4lsningar<\/p>\n<p style=\"font-weight: 400;\">Caroline Frodin<\/p>\n<p style=\"font-weight: 400;\"><strong>Tack! Jag \u00e4r mycket n\u00f6jd!<\/strong><\/p>\n<p style=\"font-weight: 400;\">Petra Wahlstr\u00f6m<\/p>\n<p style=\"font-weight: 400;\">Karlsson Climate AB<\/p>\n<p style=\"font-weight: 400;\"><strong>Hello Marite!<\/strong><\/p>\n<p style=\"font-weight: 400;\"><strong>Thank you for excellent work!<\/strong><\/p>\n<p style=\"font-weight: 400;\">\/ Juuso<\/p>\n<p style=\"font-weight: 400;\">Hej Marite,<\/p>\n<p style=\"font-weight: 400;\"><strong>Tack, jag har sett \u00f6ver dokumentet och det \u00e4r mycket bra \u00f6versatt.<\/strong><\/p>\n<p style=\"font-weight: 400;\"><strong>Vi \u00e5terkommer n\u00e4r vi har fler dokument att \u00f6vers\u00e4tta.<\/strong><\/p>\n<p style=\"font-weight: 400;\">Magnus<\/p>\n<p style=\"font-weight: 400;\"><strong>Hej igen ..tack s\u00e5 j\u00e4tte mycket f\u00f6r snabbare jobb ..Jag \u00e4r j\u00e4tte n\u00f6jd och ska rekommendera er f\u00f6r kompisar...<\/strong><\/p>\n<p style=\"font-weight: 400;\">Mvh Eva Chrobak<\/p>\n<p style=\"font-weight: 400;\"><strong>Tusen tack f\u00f6r ett fantastiskt samarbete! Fantastiskt bra jobbat! Allt \u00e4r korrekt. Tusen tack.<\/strong><\/p>\n<p style=\"font-weight: 400;\">V\u00e4nliga h\u00e4lsningar<\/p>\n<p style=\"font-weight: 400;\">Nina Marinkovic, Tolkexpressen.se<\/p>\n<p style=\"font-weight: 400;\"><strong>Jag vill tacka er f\u00f6r allt ni gjort. Ni hann leverera allt som jag beh\u00f6vde i tid. Jag uppskattar verkligen er hj\u00e4lp<\/strong><\/p>\n<p style=\"font-weight: 400;\"><strong>Tusen tack till er alla!<\/strong><\/p>\n<p style=\"font-weight: 400;\">H\u00e4lsningar Mariam<\/p>\n<\/div>\n<\/div><\/div><\/div><\/div><\/div>","protected":false},"excerpt":{"rendered":"<p>Vad tycker v\u00e5ra kunder om v\u00e5ra auktoriserade, certifierade \u00f6vers\u00e4ttare och v\u00e5r service S\u00e5 tycker v\u00e5ra kunder om auktoriserad &#8211; certifierad \u00f6vers\u00e4ttning hos Baltic Media Feedback fr\u00e5n v\u00e5ra kunder \u00e4r det b\u00e4sta betyg vi kan f\u00e5 p\u00e5 det kundv\u00e4rde vi skapar. Vad v\u00e5ra kunder tycker \u00e4r viktigt f\u00f6r oss! Med j\u00e4mna mellanrum genomf\u00f6r vi unders\u00f6kningar med [&hellip;]<\/p>\n","protected":false},"author":2,"featured_media":136861,"parent":11607,"menu_order":0,"comment_status":"closed","ping_status":"closed","template":"","meta":{"ocean_post_layout":"","ocean_both_sidebars_style":"","ocean_both_sidebars_content_width":0,"ocean_both_sidebars_sidebars_width":0,"ocean_sidebar":"0","ocean_second_sidebar":"0","ocean_disable_margins":"enable","ocean_add_body_class":"","ocean_shortcode_before_top_bar":"","ocean_shortcode_after_top_bar":"","ocean_shortcode_before_header":"","ocean_shortcode_after_header":"","ocean_has_shortcode":"","ocean_shortcode_after_title":"","ocean_shortcode_before_footer_widgets":"","ocean_shortcode_after_footer_widgets":"","ocean_shortcode_before_footer_bottom":"","ocean_shortcode_after_footer_bottom":"","ocean_display_top_bar":"default","ocean_display_header":"default","ocean_header_style":"","ocean_center_header_left_menu":"0","ocean_custom_header_template":"0","ocean_custom_logo":0,"ocean_custom_retina_logo":0,"ocean_custom_logo_max_width":0,"ocean_custom_logo_tablet_max_width":0,"ocean_custom_logo_mobile_max_width":0,"ocean_custom_logo_max_height":0,"ocean_custom_logo_tablet_max_height":0,"ocean_custom_logo_mobile_max_height":0,"ocean_header_custom_menu":"0","ocean_menu_typo_font_family":"0","ocean_menu_typo_font_subset":"","ocean_menu_typo_font_size":0,"ocean_menu_typo_font_size_tablet":0,"ocean_menu_typo_font_size_mobile":0,"ocean_menu_typo_font_size_unit":"px","ocean_menu_typo_font_weight":"","ocean_menu_typo_font_weight_tablet":"","ocean_menu_typo_font_weight_mobile":"","ocean_menu_typo_transform":"","ocean_menu_typo_transform_tablet":"","ocean_menu_typo_transform_mobile":"","ocean_menu_typo_line_height":0,"ocean_menu_typo_line_height_tablet":0,"ocean_menu_typo_line_height_mobile":0,"ocean_menu_typo_line_height_unit":"","ocean_menu_typo_spacing":0,"ocean_menu_typo_spacing_tablet":0,"ocean_menu_typo_spacing_mobile":0,"ocean_menu_typo_spacing_unit":"","ocean_menu_link_color":"","ocean_menu_link_color_hover":"","ocean_menu_link_color_active":"","ocean_menu_link_background":"","ocean_menu_link_hover_background":"","ocean_menu_link_active_background":"","ocean_menu_social_links_bg":"","ocean_menu_social_hover_links_bg":"","ocean_menu_social_links_color":"","ocean_menu_social_hover_links_color":"","ocean_disable_title":"default","ocean_disable_heading":"default","ocean_post_title":"","ocean_post_subheading":"","ocean_post_title_style":"","ocean_post_title_background_color":"","ocean_post_title_background":0,"ocean_post_title_bg_image_position":"","ocean_post_title_bg_image_attachment":"","ocean_post_title_bg_image_repeat":"","ocean_post_title_bg_image_size":"","ocean_post_title_height":0,"ocean_post_title_bg_overlay":0.5,"ocean_post_title_bg_overlay_color":"","ocean_disable_breadcrumbs":"default","ocean_breadcrumbs_color":"","ocean_breadcrumbs_separator_color":"","ocean_breadcrumbs_links_color":"","ocean_breadcrumbs_links_hover_color":"","ocean_display_footer_widgets":"default","ocean_display_footer_bottom":"default","ocean_custom_footer_template":"0","ofc_meta_disable_footer_callout":"","ofc_meta_callout_button_url":"","ofc_meta_callout_button_txt":"","ofc_meta_callout_text":"","osh_disable_topbar_sticky":"default","osh_disable_header_sticky":"default","osh_sticky_header_style":"default","osh_sticky_header_effect":"","osh_custom_sticky_logo":0,"osh_custom_retina_sticky_logo":0,"osh_custom_sticky_logo_height":0,"osh_background_color":"","osh_links_color":"","osh_links_hover_color":"","osh_links_active_color":"","osh_links_bg_color":"","osh_links_hover_bg_color":"","osh_links_active_bg_color":"","osh_menu_social_links_color":"","osh_menu_social_hover_links_color":"","footnotes":""},"class_list":["post-84523","page","type-page","status-publish","has-post-thumbnail","hentry","entry","has-media"],"jetpack_sharing_enabled":true,"jetpack_likes_enabled":true,"jetpack-related-posts":[],"jetpack_shortlink":"https:\/\/wp.me\/Pe7Cu3-lZh","_links":{"self":[{"href":"https:\/\/www.balticmedia.com\/sv\/wp-json\/wp\/v2\/pages\/84523","targetHints":{"allow":["GET"]}}],"collection":[{"href":"https:\/\/www.balticmedia.com\/sv\/wp-json\/wp\/v2\/pages"}],"about":[{"href":"https:\/\/www.balticmedia.com\/sv\/wp-json\/wp\/v2\/types\/page"}],"author":[{"embeddable":true,"href":"https:\/\/www.balticmedia.com\/sv\/wp-json\/wp\/v2\/users\/2"}],"replies":[{"embeddable":true,"href":"https:\/\/www.balticmedia.com\/sv\/wp-json\/wp\/v2\/comments?post=84523"}],"version-history":[{"count":24,"href":"https:\/\/www.balticmedia.com\/sv\/wp-json\/wp\/v2\/pages\/84523\/revisions"}],"predecessor-version":[{"id":143187,"href":"https:\/\/www.balticmedia.com\/sv\/wp-json\/wp\/v2\/pages\/84523\/revisions\/143187"}],"up":[{"embeddable":true,"href":"https:\/\/www.balticmedia.com\/sv\/wp-json\/wp\/v2\/pages\/11607"}],"wp:featuredmedia":[{"embeddable":true,"href":"https:\/\/www.balticmedia.com\/sv\/wp-json\/wp\/v2\/media\/136861"}],"wp:attachment":[{"href":"https:\/\/www.balticmedia.com\/sv\/wp-json\/wp\/v2\/media?parent=84523"}],"curies":[{"name":"wp","href":"https:\/\/api.w.org\/{rel}","templated":true}]}}