{"id":37312,"date":"2021-02-10T15:59:02","date_gmt":"2021-02-10T13:59:02","guid":{"rendered":"https:\/\/www.balticmedia.com\/globala-oversattningstjanster\/sprakutbildning\/how-can-language-courses-boost-your-business\/"},"modified":"2023-02-09T21:31:14","modified_gmt":"2023-02-09T19:31:14","slug":"hur-kan-sprakkurser-framja-din-verksamhet","status":"publish","type":"page","link":"https:\/\/www.balticmedia.com\/sv\/sprakutbildning\/hur-kan-sprakkurser-framja-din-verksamhet\/","title":{"rendered":"Hur kan spr\u00e5kkurser fr\u00e4mja din verksamhet?"},"content":{"rendered":"<div id=\"pl-37312\"  class=\"panel-layout\" ><div id=\"pg-37312-0\"  class=\"panel-grid panel-no-style\" ><div id=\"pgc-37312-0-0\"  class=\"panel-grid-cell\" ><div id=\"panel-37312-0-0-0\" class=\"so-panel widget widget_sow-image panel-first-child panel-last-child widgetopts-SO\" data-index=\"0\" ><div\n\t\t\t\n\t\t\tclass=\"so-widget-sow-image so-widget-sow-image-default-8b5b6f678277-37312\"\n\t\t\t\n\t\t>\n<div class=\"sow-image-container\">\n\t\t<img src=\"https:\/\/i0.wp.com\/www.balticmedia.com\/wp-content\/uploads\/latvian-scaled.jpg?fit=2560%2C549&amp;ssl=1\" width=\"2560\" height=\"549\" srcset=\"https:\/\/i0.wp.com\/www.balticmedia.com\/wp-content\/uploads\/latvian-scaled.jpg?w=2560&amp;ssl=1 2560w, https:\/\/i0.wp.com\/www.balticmedia.com\/wp-content\/uploads\/latvian-scaled.jpg?resize=300%2C64&amp;ssl=1 300w, https:\/\/i0.wp.com\/www.balticmedia.com\/wp-content\/uploads\/latvian-scaled.jpg?resize=1024%2C219&amp;ssl=1 1024w, https:\/\/i0.wp.com\/www.balticmedia.com\/wp-content\/uploads\/latvian-scaled.jpg?resize=768%2C165&amp;ssl=1 768w, https:\/\/i0.wp.com\/www.balticmedia.com\/wp-content\/uploads\/latvian-scaled.jpg?resize=1536%2C329&amp;ssl=1 1536w, https:\/\/i0.wp.com\/www.balticmedia.com\/wp-content\/uploads\/latvian-scaled.jpg?resize=2048%2C439&amp;ssl=1 2048w, https:\/\/i0.wp.com\/www.balticmedia.com\/wp-content\/uploads\/latvian-scaled.jpg?w=2400&amp;ssl=1 2400w\" title=\"Riga\" alt=\"Document Translation Services\" class=\"so-widget-image\">\n\t<\/div>\n\n<\/div><\/div><\/div><\/div><div id=\"pg-37312-1\"  class=\"panel-grid panel-no-style\" ><div id=\"pgc-37312-1-0\"  class=\"panel-grid-cell\" ><div id=\"panel-37312-1-0-0\" class=\"so-panel widget widget_sow-editor panel-first-child\" data-index=\"1\" ><div\n\t\t\t\n\t\t\tclass=\"so-widget-sow-editor so-widget-sow-editor-base\"\n\t\t\t\n\t\t>\n<div class=\"siteorigin-widget-tinymce textwidget\">\n\t<pre><form aria-label=\"Search this website\" role=\"search\" method=\"get\" class=\"oceanwp-searchform\" id=\"searchform\" action=\"https:\/\/www.balticmedia.com\/sv\/\"><input aria-label=\"Insert search query\" type=\"text\" class=\"field\" name=\"s\" id=\"s\" placeholder=\"Search\"><button aria-label=\"Submit your search\" type=\"submit\" class=\"search-submit\" value=\"\"><i class=\"icon-magnifier\" aria-hidden=\"true\"><\/i><\/button><\/form><\/pre>\n<\/div>\n<\/div><\/div><div id=\"panel-37312-1-0-1\" class=\"so-panel widget widget_ocean_custom_menu widget-oceanwp-custom-menu custom-menu-widget extendedwopts-hide extendedwopts-tablet extendedwopts-mobile widgetopts-SO\" data-index=\"2\" ><div class=\"oceanwp-custom-menu clr ocean_custom_menu-2 left dropdown-hover\"><ul id=\"menu-services-sv\" class=\"dropdown-menu sf-menu\"><li  id=\"menu-item-42626\" class=\"menu-item menu-item-type-post_type menu-item-object-page menu-item-42626\"><a href=\"https:\/\/www.balticmedia.com\/sv\/oversattningstjanster\/\" class=\"menu-link\">\u00d6vers\u00e4ttningstj\u00e4nster | N\u00e4r din \u00f6vers\u00e4ttning \u00e4r som b\u00e4st!<\/a><\/li>\n<li  id=\"menu-item-42635\" class=\"menu-item menu-item-type-post_type menu-item-object-page menu-item-42635\"><a href=\"https:\/\/www.balticmedia.com\/sv\/oversattare-online\/\" class=\"menu-link\">\u00d6vers\u00e4ttare Online<\/a><\/li>\n<li  id=\"menu-item-42633\" class=\"menu-item menu-item-type-post_type menu-item-object-page menu-item-42633\"><a href=\"https:\/\/www.balticmedia.com\/sv\/oversattningstjanster\/maskinoversattning-med-redigering\/\" class=\"menu-link\">Maskin\u00f6vers\u00e4ttning med redigering AI-\u00f6vers\u00e4ttning<\/a><\/li>\n<li  id=\"menu-item-42627\" class=\"menu-item menu-item-type-post_type menu-item-object-page menu-item-42627\"><a href=\"https:\/\/www.balticmedia.com\/sv\/auktoriserad-oversattare\/\" class=\"menu-link\">Auktoriserad \u00f6vers\u00e4ttare| L\u00e5gpris \u00f6vers\u00e4ttning<\/a><\/li>\n<li  id=\"menu-item-42632\" class=\"menu-item menu-item-type-post_type menu-item-object-page menu-item-42632\"><a href=\"https:\/\/www.balticmedia.com\/sv\/oversattningstjanster\/marknadsanpassning\/\" class=\"menu-link\">Marknadsanpassning<\/a><\/li>\n<li  id=\"menu-item-42636\" class=\"menu-item menu-item-type-post_type menu-item-object-page menu-item-has-children dropdown menu-item-42636\"><a href=\"https:\/\/www.balticmedia.com\/sv\/oversattningstjanster\/oversattning-av-dokument\/\" class=\"menu-link\">\u00d6vers\u00e4ttning av dokument online <span class=\"nav-arrow fa fa-angle-down\"><\/span><\/a>\n<ul class=\"sub-menu\">\n\t<li  id=\"menu-item-116442\" class=\"menu-item menu-item-type-post_type menu-item-object-page menu-item-116442\"><a href=\"https:\/\/www.balticmedia.com\/sv\/certifierad-oversattning\/\" class=\"menu-link\">Certifierad \u00f6vers\u00e4ttning<\/a><\/li>\n<\/ul>\n<\/li>\n<li  id=\"menu-item-42642\" class=\"menu-item menu-item-type-post_type menu-item-object-page menu-item-42642\"><a href=\"https:\/\/www.balticmedia.com\/sv\/tekniska-oversattningar\/\" class=\"menu-link\">Teknisk \u00f6vers\u00e4ttning<\/a><\/li>\n<li  id=\"menu-item-42637\" class=\"menu-item menu-item-type-post_type menu-item-object-page menu-item-42637\"><a href=\"https:\/\/www.balticmedia.com\/sv\/oversattningstjanster\/oversattning-av-hemsidor\/\" class=\"menu-link\">\u00d6vers\u00e4tt hemsida \u2013 \u00d6vers\u00e4ttning av hemsidor \/ webbsidor<\/a><\/li>\n<li  id=\"menu-item-42638\" class=\"menu-item menu-item-type-post_type menu-item-object-page menu-item-42638\"><a href=\"https:\/\/www.balticmedia.com\/sv\/oversattningstjanster\/oversattning-av-hemsidor\/seo-oversattning\/\" class=\"menu-link\">SEO \u00f6vers\u00e4ttning av hemsidor<\/a><\/li>\n<li  id=\"menu-item-42630\" class=\"menu-item menu-item-type-post_type menu-item-object-page menu-item-42630\"><a href=\"https:\/\/www.balticmedia.com\/sv\/oversattningstjanster\/juridisk-oversattning\/\" class=\"menu-link\">Juridisk \u00f6vers\u00e4ttning<\/a><\/li>\n<li  id=\"menu-item-42634\" class=\"menu-item menu-item-type-post_type menu-item-object-page menu-item-42634\"><a href=\"https:\/\/www.balticmedia.com\/sv\/medicinsk-oversattning\/\" class=\"menu-link\">Medicinsk \u00f6vers\u00e4ttning \u2013 Snabb, s\u00e4ker &#038; professionell<\/a><\/li>\n<li  id=\"menu-item-85190\" class=\"menu-item menu-item-type-post_type menu-item-object-page menu-item-85190\"><a href=\"https:\/\/www.balticmedia.com\/sv\/oversattning-av-svenska-och-utlandska-betyg\/\" class=\"menu-link\">\u00d6vers\u00e4ttning av svenska och utl\u00e4ndska betyg<\/a><\/li>\n<li  id=\"menu-item-76753\" class=\"menu-item menu-item-type-post_type menu-item-object-page menu-item-76753\"><a href=\"https:\/\/www.balticmedia.com\/sv\/oversattningstjanster\/snabb-oversattning\/\" class=\"menu-link\">Snabb \u00f6vers\u00e4ttning f\u00f6r privatpersoner och f\u00f6retag<\/a><\/li>\n<li  id=\"menu-item-42648\" class=\"menu-item menu-item-type-post_type menu-item-object-page menu-item-42648\"><a href=\"https:\/\/www.balticmedia.com\/sv\/oversattningstjanster\/undertextning\/\" class=\"menu-link\">Undertextning, dubbning, inspelning (voiceover)<\/a><\/li>\n<li  id=\"menu-item-42647\" class=\"menu-item menu-item-type-post_type menu-item-object-page menu-item-42647\"><a href=\"https:\/\/www.balticmedia.com\/sv\/oversattningstjanster\/transkribering\/\" class=\"menu-link\">Transkribering p\u00e5 alla v\u00e5ra spr\u00e5k<\/a><\/li>\n<li  id=\"menu-item-42631\" class=\"menu-item menu-item-type-post_type menu-item-object-page menu-item-42631\"><a href=\"https:\/\/www.balticmedia.com\/sv\/oversattningstjanster\/korrekturlasning-sprakgranskning\/\" class=\"menu-link\">Korrekturl\u00e4sning, spr\u00e5kgranskning online<\/a><\/li>\n<li  id=\"menu-item-42628\" class=\"menu-item menu-item-type-post_type menu-item-object-page menu-item-42628\"><a href=\"https:\/\/www.balticmedia.com\/sv\/oversattningstjanster\/copywriting\/\" class=\"menu-link\">Copywriting p\u00e5 nordiska, baltiska och slaviska spr\u00e5k<\/a><\/li>\n<li  id=\"menu-item-94149\" class=\"menu-item menu-item-type-post_type menu-item-object-page menu-item-94149\"><a href=\"https:\/\/www.balticmedia.com\/sv\/oversattningstjanster\/oversattning-av-reklam-och-marknadsforing\/\" class=\"menu-link\">\u00d6vers\u00e4ttning av reklam | Snabba \u00f6vers\u00e4ttningar<\/a><\/li>\n<li  id=\"menu-item-94125\" class=\"menu-item menu-item-type-post_type menu-item-object-page menu-item-94125\"><a href=\"https:\/\/www.balticmedia.com\/sv\/oversattningstjanster\/oversattning-av-arsredovisning\/\" class=\"menu-link\">\u00d6vers\u00e4ttning av \u00e5rsredovisning<\/a><\/li>\n<li  id=\"menu-item-94126\" class=\"menu-item menu-item-type-post_type menu-item-object-page menu-item-94126\"><a href=\"https:\/\/www.balticmedia.com\/sv\/oversattningstjanster\/oversattning-av-korkort\/\" class=\"menu-link\">\u00d6vers\u00e4ttning av k\u00f6rkort<\/a><\/li>\n<li  id=\"menu-item-94127\" class=\"menu-item menu-item-type-post_type menu-item-object-page menu-item-94127\"><a href=\"https:\/\/www.balticmedia.com\/sv\/oversattning-av-akademiska-texter\/\" class=\"menu-link\">\u00d6vers\u00e4ttning av akademiska texter<\/a><\/li>\n<li  id=\"menu-item-42629\" class=\"menu-item menu-item-type-post_type menu-item-object-page menu-item-42629\"><a href=\"https:\/\/www.balticmedia.com\/sv\/oversattningstjanster\/grafisk-design\/\" class=\"menu-link\">Grafisk design | Grafisk formgivning<\/a><\/li>\n<li  id=\"menu-item-42643\" class=\"menu-item menu-item-type-post_type menu-item-object-page menu-item-42643\"><a href=\"https:\/\/www.balticmedia.com\/sv\/tolkning\/\" class=\"menu-link\">Tolkning \u2013 Nordiska och baltiska spr\u00e5k<\/a><\/li>\n<li  id=\"menu-item-42644\" class=\"menu-item menu-item-type-post_type menu-item-object-page menu-item-42644\"><a href=\"https:\/\/www.balticmedia.com\/sv\/tolkning\/distanstolkning\/\" class=\"menu-link\">Distanstolkning, telefontolkning och videotolkning<\/a><\/li>\n<li  id=\"menu-item-42645\" class=\"menu-item menu-item-type-post_type menu-item-object-page menu-item-42645\"><a href=\"https:\/\/www.balticmedia.com\/sv\/tolkning\/konsekutivtolkning\/\" class=\"menu-link\">Konsekutivtolkning<\/a><\/li>\n<li  id=\"menu-item-42646\" class=\"menu-item menu-item-type-post_type menu-item-object-page menu-item-42646\"><a href=\"https:\/\/www.balticmedia.com\/sv\/tolkning\/simultantolkning\/\" class=\"menu-link\">Simultantolkning<\/a><\/li>\n<li  id=\"menu-item-85193\" class=\"menu-item menu-item-type-post_type menu-item-object-page menu-item-85193\"><a href=\"https:\/\/www.balticmedia.com\/sv\/oversattare\/\" class=\"menu-link\">Professionell \u00f6vers\u00e4ttare som b\u00e4st!<\/a><\/li>\n<li  id=\"menu-item-42639\" class=\"menu-item menu-item-type-post_type menu-item-object-page menu-item-42639\"><a href=\"https:\/\/www.balticmedia.com\/sv\/sprakutbildning\/\" class=\"menu-link\">Spr\u00e5kutbildning och spr\u00e5kkurser online<\/a><\/li>\n<li  id=\"menu-item-42641\" class=\"menu-item menu-item-type-post_type menu-item-object-page menu-item-42641\"><a href=\"https:\/\/www.balticmedia.com\/sv\/sprakutbildning\/hur-kan-sprakkurser-framja-din-verksamhet\/\" class=\"menu-link\">Hur kan spr\u00e5kkurser fr\u00e4mja din verksamhet?<\/a><\/li>\n<li  id=\"menu-item-42649\" class=\"menu-item menu-item-type-post_type menu-item-object-page menu-item-42649\"><a href=\"https:\/\/www.balticmedia.com\/sv\/varfor-valja-baltic-media-language-training-centre\/\" class=\"menu-link\">Varf\u00f6r v\u00e4lja Baltic Media Language Training Centre?<\/a><\/li>\n<li  id=\"menu-item-103729\" class=\"menu-item menu-item-type-post_type menu-item-object-page menu-item-103729\"><a href=\"https:\/\/www.balticmedia.com\/sv\/grundlaggande-utbildning-i-lettiska\/\" class=\"menu-link\">Grundl\u00e4ggande utbildning i lettiska<\/a><\/li>\n<\/ul><\/div><\/div><div id=\"panel-37312-1-0-2\" class=\"so-panel widget widget_ocean_custom_menu widget-oceanwp-custom-menu custom-menu-widget panel-last-child extendedwopts-hide extendedwopts-tablet extendedwopts-mobile widgetopts-SO\" data-index=\"3\" ><div class=\"oceanwp-custom-menu clr ocean_custom_menu-2 left dropdown-hover\"><ul id=\"menu-partnerskap\" class=\"dropdown-menu sf-menu\"><li  id=\"menu-item-11566\" class=\"menu-item menu-item-type-custom menu-item-object-custom menu-item-11566\"><a target=\"_blank\" href=\"https:\/\/balticmedia.s.xtrf.eu\/vendors\/#\/sign-in\" class=\"menu-link\" rel=\"nofollow noopener\"><i class=\"icon before line-icon icon-briefcase\" aria-hidden=\"true\" style=\"font-size:2em;\"><\/i><span class=\"menu-text\">Partnerportal<\/span><\/a><\/li>\n<li  id=\"menu-item-11724\" class=\"menu-item menu-item-type-custom menu-item-object-custom menu-item-11724\"><a target=\"_blank\" href=\"https:\/\/www.balticmedia.com\/wp-content\/uploads\/11-Reasons-to-Choose-Baltic-Media-2026.pdf\" class=\"menu-link\"><i class=\"icon before line-icon icon-people\" aria-hidden=\"true\" style=\"font-size:2em;\"><\/i><span class=\"menu-text\">\u00d6vers\u00e4ttningsbyr\u00e5 och \u00f6vers\u00e4ttare<\/span><\/a><\/li>\n<li  id=\"menu-item-11725\" class=\"menu-item menu-item-type-custom menu-item-object-custom menu-item-11725\"><a target=\"_blank\" href=\"https:\/\/www.balticmedia.com\/wp-content\/uploads\/oversattningsbyra-sv.pdf\" class=\"menu-link\"><i class=\"icon before line-icon icon-organization\" aria-hidden=\"true\" style=\"font-size:2em;\"><\/i><span class=\"menu-text\">\u00d6vers\u00e4ttning. Steg f\u00f6r steg<\/span><\/a><\/li>\n<li  id=\"menu-item-11726\" class=\"menu-item menu-item-type-custom menu-item-object-custom menu-item-11726\"><a target=\"_blank\" href=\"https:\/\/www.balticmedia.com\/wp-content\/uploads\/Baltic-Media-Ltd-Service-Terms-and-Conditions-SE.pdf\" class=\"menu-link\"><i class=\"icon before line-icon icon-docs\" aria-hidden=\"true\" style=\"font-size:2em;\"><\/i><span class=\"menu-text\">Tj\u00e4nstevillkor<\/span><\/a><\/li>\n<li  id=\"menu-item-11728\" class=\"menu-item menu-item-type-custom menu-item-object-custom menu-item-11728\"><a target=\"_blank\" href=\"https:\/\/www.balticmedia.com\/wp-content\/uploads\/iSO-certificate-2023.png\" class=\"menu-link\"><i class=\"icon before line-icon icon-doc\" aria-hidden=\"true\" style=\"font-size:2em;\"><\/i><span class=\"menu-text\">\u00d6vers\u00e4ttning enligt ISO 9001:2015<\/span><\/a><\/li>\n<li  id=\"menu-item-11727\" class=\"menu-item menu-item-type-custom menu-item-object-custom menu-item-11727\"><a target=\"_blank\" href=\"https:\/\/www.balticmedia.com\/wp-content\/uploads\/362531_copyrighttrademarkbalticmedia.pdf\" class=\"menu-link\"><i class=\"icon before line-icon icon-info\" aria-hidden=\"true\" style=\"font-size:2em;\"><\/i><span class=\"menu-text\">Copyright | Trademark Baltic Media<sup>\u00ae<\/sup><\/span><\/a><\/li>\n<\/ul><\/div><\/div><\/div><div id=\"pgc-37312-1-1\"  class=\"panel-grid-cell\" ><div id=\"panel-37312-1-1-0\" class=\"so-panel widget widget_sow-editor panel-first-child panel-last-child widgetopts-SO\" data-index=\"4\" ><div\n\t\t\t\n\t\t\tclass=\"so-widget-sow-editor so-widget-sow-editor-base\"\n\t\t\t\n\t\t>\n<div class=\"siteorigin-widget-tinymce textwidget\">\n\t<h1><strong>Hur kan spr\u00e5kkurser fr\u00e4mja din verksamhet? | Baltic Media Language Training Centre<\/strong><\/h1>\n<p>Om ditt f\u00f6retag str\u00e4var efter att \u00f6ka exporten av varor eller tj\u00e4nster till b\u00e5de n\u00e4rmare och mer avl\u00e4gsna marknader kan du l\u00e4ra dina anst\u00e4llda de spr\u00e5k som talas i dessa l\u00e4nder. \u00c5tminstone de anst\u00e4llda som kommer att konsultera och leda dotterbolag p\u00e5 de nya marknaderna.\u00a0<strong>F\u00f6r att ut\u00f6ka din verksamhet till de n\u00e4rmaste grannl\u00e4nderna kan det vara bra med spr\u00e5kkurser i svenska, norska, danska, estniska, finska, litauiska, polska, tyska och ryska.<\/strong><\/p>\n<p><strong>Om ditt f\u00f6retag \u00e4r ett dotterbolag till ett annat globalt f\u00f6retag kan du beh\u00f6va kunskaper i det officiella spr\u00e5ket i det land d\u00e4r ditt moderbolag \u00e4r baserat f\u00f6r att effektivt kunna kommunicera med dess personal.<\/strong> Vi har specialiserat oss p\u00e5 spr\u00e5kkurser i svenska, engelska, finska, estniska, tyska, litauiska, spanska, italienska, franska, arabiska, japanska och kinesiska i \u00f6ver 25 \u00e5r.<\/p>\n<p><strong>Vetenskaplig forskning visar att om du kommunicerar med dina aff\u00e4rspartners p\u00e5 deras spr\u00e5k kommer ditt f\u00f6retags oms\u00e4ttning att \u00f6ka med i genomsnitt 25 %.<\/strong><\/p>\n<p><img data-recalc-dims=\"1\" loading=\"lazy\" decoding=\"async\" class=\"alignnone wp-image-6878\" src=\"https:\/\/i0.wp.com\/www.balticmedia.com\/wp-content\/uploads\/baltic_media_a5_flayer_2.png?resize=300%2C426&#038;ssl=1\" alt=\"\" width=\"300\" height=\"426\" srcset=\"https:\/\/i0.wp.com\/www.balticmedia.com\/wp-content\/uploads\/baltic_media_a5_flayer_2.png?resize=211%2C300&amp;ssl=1 211w, https:\/\/i0.wp.com\/www.balticmedia.com\/wp-content\/uploads\/baltic_media_a5_flayer_2.png?resize=722%2C1024&amp;ssl=1 722w, https:\/\/i0.wp.com\/www.balticmedia.com\/wp-content\/uploads\/baltic_media_a5_flayer_2.png?w=728&amp;ssl=1 728w\" sizes=\"auto, (max-width: 300px) 100vw, 300px\" title=\"\"><\/p>\n<p><img data-recalc-dims=\"1\" loading=\"lazy\" decoding=\"async\" class=\"alignnone size-medium wp-image-1474\" src=\"https:\/\/i0.wp.com\/www.balticmedia.com\/wp-content\/uploads\/BM-logo-328x90-web-2.jpg?resize=300%2C82&#038;ssl=1\" alt=\"Baltic Media\" width=\"300\" height=\"82\" srcset=\"https:\/\/i0.wp.com\/www.balticmedia.com\/wp-content\/uploads\/BM-logo-328x90-web-2-e1732657723740.jpg?resize=300%2C82&amp;ssl=1 300w, https:\/\/i0.wp.com\/www.balticmedia.com\/wp-content\/uploads\/BM-logo-328x90-web-2-e1732657723740.jpg?w=328&amp;ssl=1 328w\" sizes=\"auto, (max-width: 300px) 100vw, 300px\" title=\"\"><\/p>\n<p><strong>Engelska \u00e4r ett globalt kommunikationsspr\u00e5k f\u00f6r f\u00f6retag.<\/strong>\u00a0L\u00e5t oss s\u00e4ga att du har goda kunskaper i engelska som du har l\u00e4rt dig i skolan och p\u00e5 universitetet, men f\u00f6r att kunna kommunicera i en aff\u00e4rsmilj\u00f6 m\u00e5ste du l\u00e4gga till specifik aff\u00e4rsterminologi och spr\u00e5kstil beroende p\u00e5 region. F\u00f6rel\u00e4sare som har engelska som modersm\u00e5l och som \u00e4r v\u00e4l f\u00f6rtrogna med amerikanska, brittiska, australiska och andra versioner av engelska kommer att hj\u00e4lpa dig med detta.<\/p>\n<p>Om ditt f\u00f6retag \u00e4r internationellt och syssels\u00e4tter ett stort antal utl\u00e4ndska experter som har kommit till Riga inte bara f\u00f6r att arbeta utan ocks\u00e5 f\u00f6r att leva och integreras i Lettlands sociala och kulturella omr\u00e5de, <strong>kanske du vill l\u00e4ra dessa anst\u00e4llda lettiska<\/strong> - Lettlands officiella spr\u00e5k och ett av Europeiska unionens officiella spr\u00e5k.<\/p>\n<p>Det lettiska spr\u00e5kets r\u00f6tter str\u00e4cker sig s\u00e5 l\u00e5ngt tillbaka som sanskrit och \u00e4r ett av de \u00e4ldsta spr\u00e5ken i den europeiska civilisationen som tillsammans med litauiskan utg\u00f6r en separat gren av det indoeuropeiska spr\u00e5ktr\u00e4det. Lettiska spr\u00e5kkurser f\u00f6r utl\u00e4nningar som \u00e4r tuffa och bygger p\u00e5 en speciell, originell metod \u00e4r en av v\u00e5ra specialiteter.<\/p>\n<p>Alla dessa spr\u00e5kkurser har organiserats av Baltic Media Language Training Centre i mer \u00e4n 25 \u00e5r.<\/p>\n<p>Kontakta oss s\u00e5 ber\u00e4ttar vi mer om hur erfarenheten och kompetensen i v\u00e5ra spr\u00e5kkurser kan hj\u00e4lpa dig!<\/p>\n<p>Om du vill beh\u00e4rska ett av de mest eftertraktade spr\u00e5ken i v\u00e5ra grannl\u00e4nder eller l\u00e4nder som ligger l\u00e4ngre bort, kan du kontakta de anst\u00e4llda p\u00e5 v\u00e5rt spr\u00e5kcenter via e-post.: <a href=\"mailto:kursi@balticmedia.com\">kursi@balticmedia.com\u00a0<\/a>eller ringa <strong>+37167224395<\/strong><\/p>\n<p>F\u00f6r mer information om hur spr\u00e5kkurserna hos Baltic Media, det ledande spr\u00e5ktj\u00e4nstf\u00f6retaget i norra Europa, \u00e4r organiserade, bes\u00f6k f\u00f6ljande webbplats: https:\/\/www.balticmedia.com\/sv\/globala-oversattningstjanster\/sprakutbildning\/<\/p>\n<div>\n<div>\n<p><strong>Baltic Media Language Centre \u00e4r en utbildningsinstitution som \u00e4r registrerad hos Lettlands statliga kvalitetstj\u00e4nst f\u00f6r utbildning.<\/strong><\/p>\n<p>Det statliga organet f\u00f6r utveckling av utbildning har registrerat utbildningsprogrammen i lettiska, litauiska, svenska, ryska, kommunikation m.m. fr\u00e5n Baltic Media Language Training Center.<\/p>\n<\/div>\n<div>Typ av program: Typ av program: Yrkesm\u00e4ssig utveckling och personlig utveckling (icke-formell vuxenutbildning). Utbildningsdokument - intyg.<\/div>\n<div><iframe loading=\"lazy\" src=\"https:\/\/www.youtube.com\/embed\/hiNHZ2fn4Cc?enablejsapi=1&amp;origin=https:\/\/wp.balticmedia.dev.telia.lv\" width=\"560\" height=\"315\" frameborder=\"0\" allowfullscreen=\"allowfullscreen\" data-mce-fragment=\"1\"><\/iframe><\/div>\n<\/div>\n<\/div>\n<\/div><\/div><\/div><\/div><\/div>","protected":false},"excerpt":{"rendered":"<p>Hur kan spr\u00e5kkurser fr\u00e4mja din verksamhet? | Baltic Media Language Training Centre Om ditt f\u00f6retag str\u00e4var efter att \u00f6ka exporten av varor eller tj\u00e4nster till b\u00e5de n\u00e4rmare och mer avl\u00e4gsna marknader kan du l\u00e4ra dina anst\u00e4llda de spr\u00e5k som talas i dessa l\u00e4nder. \u00c5tminstone de anst\u00e4llda som kommer att konsultera och leda dotterbolag p\u00e5 de [&hellip;]<\/p>\n","protected":false},"author":2,"featured_media":140012,"parent":23587,"menu_order":0,"comment_status":"closed","ping_status":"closed","template":"","meta":{"ocean_post_layout":"","ocean_both_sidebars_style":"","ocean_both_sidebars_content_width":0,"ocean_both_sidebars_sidebars_width":0,"ocean_sidebar":"0","ocean_second_sidebar":"0","ocean_disable_margins":"enable","ocean_add_body_class":"","ocean_shortcode_before_top_bar":"","ocean_shortcode_after_top_bar":"","ocean_shortcode_before_header":"","ocean_shortcode_after_header":"","ocean_has_shortcode":"","ocean_shortcode_after_title":"","ocean_shortcode_before_footer_widgets":"","ocean_shortcode_after_footer_widgets":"","ocean_shortcode_before_footer_bottom":"","ocean_shortcode_after_footer_bottom":"","ocean_display_top_bar":"default","ocean_display_header":"default","ocean_header_style":"","ocean_center_header_left_menu":"0","ocean_custom_header_template":"0","ocean_custom_logo":0,"ocean_custom_retina_logo":0,"ocean_custom_logo_max_width":0,"ocean_custom_logo_tablet_max_width":0,"ocean_custom_logo_mobile_max_width":0,"ocean_custom_logo_max_height":0,"ocean_custom_logo_tablet_max_height":0,"ocean_custom_logo_mobile_max_height":0,"ocean_header_custom_menu":"0","ocean_menu_typo_font_family":"0","ocean_menu_typo_font_subset":"","ocean_menu_typo_font_size":0,"ocean_menu_typo_font_size_tablet":0,"ocean_menu_typo_font_size_mobile":0,"ocean_menu_typo_font_size_unit":"px","ocean_menu_typo_font_weight":"","ocean_menu_typo_font_weight_tablet":"","ocean_menu_typo_font_weight_mobile":"","ocean_menu_typo_transform":"","ocean_menu_typo_transform_tablet":"","ocean_menu_typo_transform_mobile":"","ocean_menu_typo_line_height":0,"ocean_menu_typo_line_height_tablet":0,"ocean_menu_typo_line_height_mobile":0,"ocean_menu_typo_line_height_unit":"","ocean_menu_typo_spacing":0,"ocean_menu_typo_spacing_tablet":0,"ocean_menu_typo_spacing_mobile":0,"ocean_menu_typo_spacing_unit":"","ocean_menu_link_color":"","ocean_menu_link_color_hover":"","ocean_menu_link_color_active":"","ocean_menu_link_background":"","ocean_menu_link_hover_background":"","ocean_menu_link_active_background":"","ocean_menu_social_links_bg":"","ocean_menu_social_hover_links_bg":"","ocean_menu_social_links_color":"","ocean_menu_social_hover_links_color":"","ocean_disable_title":"default","ocean_disable_heading":"default","ocean_post_title":"","ocean_post_subheading":"","ocean_post_title_style":"","ocean_post_title_background_color":"","ocean_post_title_background":0,"ocean_post_title_bg_image_position":"","ocean_post_title_bg_image_attachment":"","ocean_post_title_bg_image_repeat":"","ocean_post_title_bg_image_size":"","ocean_post_title_height":0,"ocean_post_title_bg_overlay":0.5,"ocean_post_title_bg_overlay_color":"","ocean_disable_breadcrumbs":"default","ocean_breadcrumbs_color":"","ocean_breadcrumbs_separator_color":"","ocean_breadcrumbs_links_color":"","ocean_breadcrumbs_links_hover_color":"","ocean_display_footer_widgets":"default","ocean_display_footer_bottom":"default","ocean_custom_footer_template":"0","ofc_meta_disable_footer_callout":"","ofc_meta_callout_button_url":"","ofc_meta_callout_button_txt":"","ofc_meta_callout_text":"","osh_disable_topbar_sticky":"default","osh_disable_header_sticky":"default","osh_sticky_header_style":"default","osh_sticky_header_effect":"","osh_custom_sticky_logo":0,"osh_custom_retina_sticky_logo":0,"osh_custom_sticky_logo_height":0,"osh_background_color":"","osh_links_color":"","osh_links_hover_color":"","osh_links_active_color":"","osh_links_bg_color":"","osh_links_hover_bg_color":"","osh_links_active_bg_color":"","osh_menu_social_links_color":"","osh_menu_social_hover_links_color":"","footnotes":""},"class_list":["post-37312","page","type-page","status-publish","has-post-thumbnail","hentry","entry","has-media"],"jetpack_sharing_enabled":true,"jetpack_likes_enabled":true,"jetpack-related-posts":[],"jetpack_shortlink":"https:\/\/wp.me\/Pe7Cu3-9HO","_links":{"self":[{"href":"https:\/\/www.balticmedia.com\/sv\/wp-json\/wp\/v2\/pages\/37312","targetHints":{"allow":["GET"]}}],"collection":[{"href":"https:\/\/www.balticmedia.com\/sv\/wp-json\/wp\/v2\/pages"}],"about":[{"href":"https:\/\/www.balticmedia.com\/sv\/wp-json\/wp\/v2\/types\/page"}],"author":[{"embeddable":true,"href":"https:\/\/www.balticmedia.com\/sv\/wp-json\/wp\/v2\/users\/2"}],"replies":[{"embeddable":true,"href":"https:\/\/www.balticmedia.com\/sv\/wp-json\/wp\/v2\/comments?post=37312"}],"version-history":[{"count":7,"href":"https:\/\/www.balticmedia.com\/sv\/wp-json\/wp\/v2\/pages\/37312\/revisions"}],"predecessor-version":[{"id":114835,"href":"https:\/\/www.balticmedia.com\/sv\/wp-json\/wp\/v2\/pages\/37312\/revisions\/114835"}],"up":[{"embeddable":true,"href":"https:\/\/www.balticmedia.com\/sv\/wp-json\/wp\/v2\/pages\/23587"}],"wp:featuredmedia":[{"embeddable":true,"href":"https:\/\/www.balticmedia.com\/sv\/wp-json\/wp\/v2\/media\/140012"}],"wp:attachment":[{"href":"https:\/\/www.balticmedia.com\/sv\/wp-json\/wp\/v2\/media?parent=37312"}],"curies":[{"name":"wp","href":"https:\/\/api.w.org\/{rel}","templated":true}]}}