{"id":37007,"date":"2021-02-10T15:29:00","date_gmt":"2021-02-10T13:29:00","guid":{"rendered":"https:\/\/www.balticmedia.com\/globala-oversattningstjanster\/sprakutbildning\/why-choose-baltic-media-language-training-centre\/"},"modified":"2025-09-29T11:49:35","modified_gmt":"2025-09-29T08:49:35","slug":"varfor-valja-baltic-media-language-training-centre","status":"publish","type":"page","link":"https:\/\/www.balticmedia.com\/sv\/varfor-valja-baltic-media-language-training-centre\/","title":{"rendered":"Varf\u00f6r v\u00e4lja Baltic Media Language Training Centre?"},"content":{"rendered":"<div id=\"pl-37007\"  class=\"panel-layout\" ><div id=\"pg-37007-0\"  class=\"panel-grid panel-no-style\" ><div id=\"pgc-37007-0-0\"  class=\"panel-grid-cell\" ><div id=\"panel-37007-0-0-0\" class=\"so-panel widget widget_sow-image panel-first-child panel-last-child widgetopts-SO\" data-index=\"0\" ><div\n\t\t\t\n\t\t\tclass=\"so-widget-sow-image so-widget-sow-image-default-6ec9e3772f75-37007\"\n\t\t\t\n\t\t>\n<div class=\"sow-image-container\">\n\t\t<img src=\"https:\/\/i0.wp.com\/www.balticmedia.com\/wp-content\/uploads\/latvian-scaled.jpg?fit=2560%2C549&amp;ssl=1\" width=\"2560\" height=\"549\" srcset=\"https:\/\/i0.wp.com\/www.balticmedia.com\/wp-content\/uploads\/latvian-scaled.jpg?w=2560&amp;ssl=1 2560w, https:\/\/i0.wp.com\/www.balticmedia.com\/wp-content\/uploads\/latvian-scaled.jpg?resize=300%2C64&amp;ssl=1 300w, https:\/\/i0.wp.com\/www.balticmedia.com\/wp-content\/uploads\/latvian-scaled.jpg?resize=1024%2C219&amp;ssl=1 1024w, https:\/\/i0.wp.com\/www.balticmedia.com\/wp-content\/uploads\/latvian-scaled.jpg?resize=768%2C165&amp;ssl=1 768w, https:\/\/i0.wp.com\/www.balticmedia.com\/wp-content\/uploads\/latvian-scaled.jpg?resize=1536%2C329&amp;ssl=1 1536w, https:\/\/i0.wp.com\/www.balticmedia.com\/wp-content\/uploads\/latvian-scaled.jpg?resize=2048%2C439&amp;ssl=1 2048w, https:\/\/i0.wp.com\/www.balticmedia.com\/wp-content\/uploads\/latvian-scaled.jpg?w=2400&amp;ssl=1 2400w\" title=\"Riga\" alt=\"Document Translation Services\" class=\"so-widget-image\">\n\t<\/div>\n\n<\/div><\/div><\/div><\/div><div id=\"pg-37007-1\"  class=\"panel-grid panel-no-style\" ><div id=\"pgc-37007-1-0\"  class=\"panel-grid-cell\" ><div id=\"panel-37007-1-0-0\" class=\"so-panel widget widget_sow-editor panel-first-child extendedwopts-hide extendedwopts-tablet extendedwopts-mobile widgetopts-SO\" data-index=\"1\" ><div\n\t\t\t\n\t\t\tclass=\"so-widget-sow-editor so-widget-sow-editor-base\"\n\t\t\t\n\t\t>\n<div class=\"siteorigin-widget-tinymce textwidget\">\n\t<pre><form aria-label=\"Search this website\" role=\"search\" method=\"get\" class=\"oceanwp-searchform\" id=\"searchform\" action=\"https:\/\/www.balticmedia.com\/sv\/\"><input aria-label=\"Insert search query\" type=\"text\" class=\"field\" name=\"s\" id=\"s\" placeholder=\"Search\"><button aria-label=\"Submit your search\" type=\"submit\" class=\"search-submit\" value=\"\"><i class=\"icon-magnifier\" aria-hidden=\"true\"><\/i><\/button><\/form><\/pre>\n<\/div>\n<\/div><\/div><div id=\"panel-37007-1-0-1\" class=\"so-panel widget widget_ocean_custom_menu widget-oceanwp-custom-menu custom-menu-widget extendedwopts-hide extendedwopts-tablet extendedwopts-mobile widgetopts-SO\" data-index=\"2\" ><div class=\"oceanwp-custom-menu clr ocean_custom_menu-2 left dropdown-hover\"><ul id=\"menu-services-sv\" class=\"dropdown-menu sf-menu\"><li  id=\"menu-item-42626\" class=\"menu-item menu-item-type-post_type menu-item-object-page menu-item-42626\"><a href=\"https:\/\/www.balticmedia.com\/sv\/oversattningstjanster\/\" class=\"menu-link\">\u00d6vers\u00e4ttningstj\u00e4nster | N\u00e4r din \u00f6vers\u00e4ttning \u00e4r som b\u00e4st!<\/a><\/li>\n<li  id=\"menu-item-42635\" class=\"menu-item menu-item-type-post_type menu-item-object-page menu-item-42635\"><a href=\"https:\/\/www.balticmedia.com\/sv\/oversattare-online\/\" class=\"menu-link\">\u00d6vers\u00e4ttare Online<\/a><\/li>\n<li  id=\"menu-item-42633\" class=\"menu-item menu-item-type-post_type menu-item-object-page menu-item-42633\"><a href=\"https:\/\/www.balticmedia.com\/sv\/oversattningstjanster\/maskinoversattning-med-redigering\/\" class=\"menu-link\">Maskin\u00f6vers\u00e4ttning med redigering AI-\u00f6vers\u00e4ttning<\/a><\/li>\n<li  id=\"menu-item-42627\" class=\"menu-item menu-item-type-post_type menu-item-object-page menu-item-42627\"><a href=\"https:\/\/www.balticmedia.com\/sv\/auktoriserad-oversattare\/\" class=\"menu-link\">Auktoriserad \u00f6vers\u00e4ttare| L\u00e5gpris \u00f6vers\u00e4ttning<\/a><\/li>\n<li  id=\"menu-item-42632\" class=\"menu-item menu-item-type-post_type menu-item-object-page menu-item-42632\"><a href=\"https:\/\/www.balticmedia.com\/sv\/oversattningstjanster\/marknadsanpassning\/\" class=\"menu-link\">Marknadsanpassning<\/a><\/li>\n<li  id=\"menu-item-42636\" class=\"menu-item menu-item-type-post_type menu-item-object-page menu-item-has-children dropdown menu-item-42636\"><a href=\"https:\/\/www.balticmedia.com\/sv\/oversattningstjanster\/oversattning-av-dokument\/\" class=\"menu-link\">\u00d6vers\u00e4ttning av dokument online <span class=\"nav-arrow fa fa-angle-down\"><\/span><\/a>\n<ul class=\"sub-menu\">\n\t<li  id=\"menu-item-116442\" class=\"menu-item menu-item-type-post_type menu-item-object-page menu-item-116442\"><a href=\"https:\/\/www.balticmedia.com\/sv\/certifierad-oversattning\/\" class=\"menu-link\">Certifierad \u00f6vers\u00e4ttning<\/a><\/li>\n<\/ul>\n<\/li>\n<li  id=\"menu-item-42642\" class=\"menu-item menu-item-type-post_type menu-item-object-page menu-item-42642\"><a href=\"https:\/\/www.balticmedia.com\/sv\/tekniska-oversattningar\/\" class=\"menu-link\">Teknisk \u00f6vers\u00e4ttning<\/a><\/li>\n<li  id=\"menu-item-42637\" class=\"menu-item menu-item-type-post_type menu-item-object-page menu-item-42637\"><a href=\"https:\/\/www.balticmedia.com\/sv\/oversattningstjanster\/oversattning-av-hemsidor\/\" class=\"menu-link\">\u00d6vers\u00e4tt hemsida \u2013 \u00d6vers\u00e4ttning av hemsidor \/ webbsidor<\/a><\/li>\n<li  id=\"menu-item-42638\" class=\"menu-item menu-item-type-post_type menu-item-object-page menu-item-42638\"><a href=\"https:\/\/www.balticmedia.com\/sv\/oversattningstjanster\/oversattning-av-hemsidor\/seo-oversattning\/\" class=\"menu-link\">SEO \u00f6vers\u00e4ttning av hemsidor<\/a><\/li>\n<li  id=\"menu-item-42630\" class=\"menu-item menu-item-type-post_type menu-item-object-page menu-item-42630\"><a href=\"https:\/\/www.balticmedia.com\/sv\/oversattningstjanster\/juridisk-oversattning\/\" class=\"menu-link\">Juridisk \u00f6vers\u00e4ttning<\/a><\/li>\n<li  id=\"menu-item-42634\" class=\"menu-item menu-item-type-post_type menu-item-object-page menu-item-42634\"><a href=\"https:\/\/www.balticmedia.com\/sv\/medicinsk-oversattning\/\" class=\"menu-link\">Medicinsk \u00f6vers\u00e4ttning \u2013 Snabb, s\u00e4ker &#038; professionell<\/a><\/li>\n<li  id=\"menu-item-85190\" class=\"menu-item menu-item-type-post_type menu-item-object-page menu-item-85190\"><a href=\"https:\/\/www.balticmedia.com\/sv\/oversattning-av-svenska-och-utlandska-betyg\/\" class=\"menu-link\">\u00d6vers\u00e4ttning av svenska och utl\u00e4ndska betyg<\/a><\/li>\n<li  id=\"menu-item-76753\" class=\"menu-item menu-item-type-post_type menu-item-object-page menu-item-76753\"><a href=\"https:\/\/www.balticmedia.com\/sv\/oversattningstjanster\/snabb-oversattning\/\" class=\"menu-link\">Snabb \u00f6vers\u00e4ttning f\u00f6r privatpersoner och f\u00f6retag<\/a><\/li>\n<li  id=\"menu-item-42648\" class=\"menu-item menu-item-type-post_type menu-item-object-page menu-item-42648\"><a href=\"https:\/\/www.balticmedia.com\/sv\/oversattningstjanster\/undertextning\/\" class=\"menu-link\">Undertextning, dubbning, inspelning (voiceover)<\/a><\/li>\n<li  id=\"menu-item-42647\" class=\"menu-item menu-item-type-post_type menu-item-object-page menu-item-42647\"><a href=\"https:\/\/www.balticmedia.com\/sv\/oversattningstjanster\/transkribering\/\" class=\"menu-link\">Transkribering p\u00e5 alla v\u00e5ra spr\u00e5k<\/a><\/li>\n<li  id=\"menu-item-42631\" class=\"menu-item menu-item-type-post_type menu-item-object-page menu-item-42631\"><a href=\"https:\/\/www.balticmedia.com\/sv\/oversattningstjanster\/korrekturlasning-sprakgranskning\/\" class=\"menu-link\">Korrekturl\u00e4sning, spr\u00e5kgranskning online<\/a><\/li>\n<li  id=\"menu-item-42628\" class=\"menu-item menu-item-type-post_type menu-item-object-page menu-item-42628\"><a href=\"https:\/\/www.balticmedia.com\/sv\/oversattningstjanster\/copywriting\/\" class=\"menu-link\">Copywriting p\u00e5 nordiska, baltiska och slaviska spr\u00e5k<\/a><\/li>\n<li  id=\"menu-item-94149\" class=\"menu-item menu-item-type-post_type menu-item-object-page menu-item-94149\"><a href=\"https:\/\/www.balticmedia.com\/sv\/oversattningstjanster\/oversattning-av-reklam-och-marknadsforing\/\" class=\"menu-link\">\u00d6vers\u00e4ttning av reklam | Snabba \u00f6vers\u00e4ttningar<\/a><\/li>\n<li  id=\"menu-item-94125\" class=\"menu-item menu-item-type-post_type menu-item-object-page menu-item-94125\"><a href=\"https:\/\/www.balticmedia.com\/sv\/oversattningstjanster\/oversattning-av-arsredovisning\/\" class=\"menu-link\">\u00d6vers\u00e4ttning av \u00e5rsredovisning<\/a><\/li>\n<li  id=\"menu-item-94126\" class=\"menu-item menu-item-type-post_type menu-item-object-page menu-item-94126\"><a href=\"https:\/\/www.balticmedia.com\/sv\/oversattningstjanster\/oversattning-av-korkort\/\" class=\"menu-link\">\u00d6vers\u00e4ttning av k\u00f6rkort<\/a><\/li>\n<li  id=\"menu-item-94127\" class=\"menu-item menu-item-type-post_type menu-item-object-page menu-item-94127\"><a href=\"https:\/\/www.balticmedia.com\/sv\/oversattning-av-akademiska-texter\/\" class=\"menu-link\">\u00d6vers\u00e4ttning av akademiska texter<\/a><\/li>\n<li  id=\"menu-item-42629\" class=\"menu-item menu-item-type-post_type menu-item-object-page menu-item-42629\"><a href=\"https:\/\/www.balticmedia.com\/sv\/oversattningstjanster\/grafisk-design\/\" class=\"menu-link\">Grafisk design | Grafisk formgivning<\/a><\/li>\n<li  id=\"menu-item-42643\" class=\"menu-item menu-item-type-post_type menu-item-object-page menu-item-42643\"><a href=\"https:\/\/www.balticmedia.com\/sv\/tolkning\/\" class=\"menu-link\">Tolkning \u2013 Nordiska och baltiska spr\u00e5k<\/a><\/li>\n<li  id=\"menu-item-42644\" class=\"menu-item menu-item-type-post_type menu-item-object-page menu-item-42644\"><a href=\"https:\/\/www.balticmedia.com\/sv\/tolkning\/distanstolkning\/\" class=\"menu-link\">Distanstolkning, telefontolkning och videotolkning<\/a><\/li>\n<li  id=\"menu-item-42645\" class=\"menu-item menu-item-type-post_type menu-item-object-page menu-item-42645\"><a href=\"https:\/\/www.balticmedia.com\/sv\/tolkning\/konsekutivtolkning\/\" class=\"menu-link\">Konsekutivtolkning<\/a><\/li>\n<li  id=\"menu-item-42646\" class=\"menu-item menu-item-type-post_type menu-item-object-page menu-item-42646\"><a href=\"https:\/\/www.balticmedia.com\/sv\/tolkning\/simultantolkning\/\" class=\"menu-link\">Simultantolkning<\/a><\/li>\n<li  id=\"menu-item-85193\" class=\"menu-item menu-item-type-post_type menu-item-object-page menu-item-85193\"><a href=\"https:\/\/www.balticmedia.com\/sv\/oversattare\/\" class=\"menu-link\">Professionell \u00f6vers\u00e4ttare som b\u00e4st!<\/a><\/li>\n<li  id=\"menu-item-42639\" class=\"menu-item menu-item-type-post_type menu-item-object-page menu-item-42639\"><a href=\"https:\/\/www.balticmedia.com\/sv\/sprakutbildning\/\" class=\"menu-link\">Spr\u00e5kutbildning och spr\u00e5kkurser online<\/a><\/li>\n<li  id=\"menu-item-42641\" class=\"menu-item menu-item-type-post_type menu-item-object-page menu-item-42641\"><a href=\"https:\/\/www.balticmedia.com\/sv\/sprakutbildning\/hur-kan-sprakkurser-framja-din-verksamhet\/\" class=\"menu-link\">Hur kan spr\u00e5kkurser fr\u00e4mja din verksamhet?<\/a><\/li>\n<li  id=\"menu-item-42649\" class=\"menu-item menu-item-type-post_type menu-item-object-page menu-item-42649\"><a href=\"https:\/\/www.balticmedia.com\/sv\/varfor-valja-baltic-media-language-training-centre\/\" class=\"menu-link\">Varf\u00f6r v\u00e4lja Baltic Media Language Training Centre?<\/a><\/li>\n<li  id=\"menu-item-103729\" class=\"menu-item menu-item-type-post_type menu-item-object-page menu-item-103729\"><a href=\"https:\/\/www.balticmedia.com\/sv\/grundlaggande-utbildning-i-lettiska\/\" class=\"menu-link\">Grundl\u00e4ggande utbildning i lettiska<\/a><\/li>\n<\/ul><\/div><\/div><div id=\"panel-37007-1-0-2\" class=\"so-panel widget widget_ocean_custom_menu widget-oceanwp-custom-menu custom-menu-widget panel-last-child extendedwopts-hide extendedwopts-tablet extendedwopts-mobile widgetopts-SO\" data-index=\"3\" ><div class=\"oceanwp-custom-menu clr ocean_custom_menu-2 left dropdown-hover\"><ul id=\"menu-partnerskap\" class=\"dropdown-menu sf-menu\"><li  id=\"menu-item-11566\" class=\"menu-item menu-item-type-custom menu-item-object-custom menu-item-11566\"><a target=\"_blank\" href=\"https:\/\/balticmedia.s.xtrf.eu\/vendors\/#\/sign-in\" class=\"menu-link\" rel=\"nofollow noopener\"><i class=\"icon before line-icon icon-briefcase\" aria-hidden=\"true\" style=\"font-size:2em;\"><\/i><span class=\"menu-text\">Partnerportal<\/span><\/a><\/li>\n<li  id=\"menu-item-11724\" class=\"menu-item menu-item-type-custom menu-item-object-custom menu-item-11724\"><a target=\"_blank\" href=\"https:\/\/www.balticmedia.com\/wp-content\/uploads\/11-Reasons-to-Choose-Baltic-Media-2026.pdf\" class=\"menu-link\"><i class=\"icon before line-icon icon-people\" aria-hidden=\"true\" style=\"font-size:2em;\"><\/i><span class=\"menu-text\">\u00d6vers\u00e4ttningsbyr\u00e5 och \u00f6vers\u00e4ttare<\/span><\/a><\/li>\n<li  id=\"menu-item-11725\" class=\"menu-item menu-item-type-custom menu-item-object-custom menu-item-11725\"><a target=\"_blank\" href=\"https:\/\/www.balticmedia.com\/wp-content\/uploads\/oversattningsbyra-sv.pdf\" class=\"menu-link\"><i class=\"icon before line-icon icon-organization\" aria-hidden=\"true\" style=\"font-size:2em;\"><\/i><span class=\"menu-text\">\u00d6vers\u00e4ttning. Steg f\u00f6r steg<\/span><\/a><\/li>\n<li  id=\"menu-item-11726\" class=\"menu-item menu-item-type-custom menu-item-object-custom menu-item-11726\"><a target=\"_blank\" href=\"https:\/\/www.balticmedia.com\/wp-content\/uploads\/Baltic-Media-Ltd-Service-Terms-and-Conditions-SE.pdf\" class=\"menu-link\"><i class=\"icon before line-icon icon-docs\" aria-hidden=\"true\" style=\"font-size:2em;\"><\/i><span class=\"menu-text\">Tj\u00e4nstevillkor<\/span><\/a><\/li>\n<li  id=\"menu-item-11728\" class=\"menu-item menu-item-type-custom menu-item-object-custom menu-item-11728\"><a target=\"_blank\" href=\"https:\/\/www.balticmedia.com\/wp-content\/uploads\/iSO-certificate-2023.png\" class=\"menu-link\"><i class=\"icon before line-icon icon-doc\" aria-hidden=\"true\" style=\"font-size:2em;\"><\/i><span class=\"menu-text\">\u00d6vers\u00e4ttning enligt ISO 9001:2015<\/span><\/a><\/li>\n<li  id=\"menu-item-11727\" class=\"menu-item menu-item-type-custom menu-item-object-custom menu-item-11727\"><a target=\"_blank\" href=\"https:\/\/www.balticmedia.com\/wp-content\/uploads\/362531_copyrighttrademarkbalticmedia.pdf\" class=\"menu-link\"><i class=\"icon before line-icon icon-info\" aria-hidden=\"true\" style=\"font-size:2em;\"><\/i><span class=\"menu-text\">Copyright | Trademark Baltic Media<sup>\u00ae<\/sup><\/span><\/a><\/li>\n<\/ul><\/div><\/div><\/div><div id=\"pgc-37007-1-1\"  class=\"panel-grid-cell\" ><div id=\"panel-37007-1-1-0\" class=\"so-panel widget widget_sow-editor panel-first-child panel-last-child widgetopts-SO\" data-index=\"4\" ><div\n\t\t\t\n\t\t\tclass=\"so-widget-sow-editor so-widget-sow-editor-base\"\n\t\t\t\n\t\t>\n<div class=\"siteorigin-widget-tinymce textwidget\">\n\t<h1>Varf\u00f6r v\u00e4lja Baltic Media Language Training Centre? | Spr\u00e5kkurser online eller i centrala Riga<\/h1>\n<p><iframe loading=\"lazy\" src=\"https:\/\/www.youtube.com\/embed\/hiNHZ2fn4Cc\" width=\"560\" height=\"315\" frameborder=\"0\" allowfullscreen=\"allowfullscreen\" data-mce-fragment=\"1\"><\/iframe><\/p>\n<p><img data-recalc-dims=\"1\" loading=\"lazy\" decoding=\"async\" class=\"alignnone wp-image-17261\" src=\"https:\/\/i0.wp.com\/www.balticmedia.com\/wp-content\/uploads\/baltic_media_a5_flyer_2-web.jpg?resize=300%2C425&#038;ssl=1\" alt=\"the Baltic Media Language Training Centre\" width=\"300\" height=\"425\" title=\"\"><\/p>\n<ol>\n<li>Vi har \u00f6ver 25 \u00e5rs erfarenhet av spr\u00e5ktj\u00e4nster i norra Europa och specialiserar oss p\u00e5 nordiska (inklusive skandinaviska, baltiska och slaviska) spr\u00e5k, dvs. svenska, finska, danska, isl\u00e4ndska, norska, tyska, engelska, polska, ryska, lettiska, litauiska och estniska.<br \/>\n<hr \/>\n<\/li>\n<li>V\u00e5ra kurser \u00e4r certifierade av Republiken Lettlands statliga kvalitetstj\u00e4nst f\u00f6r utbildning. \u00c5r 2011 fick vi ett intyg om utbildningsinstitution. Det statliga organet f\u00f6r utveckling av utbildning har registrerat utbildningsprogrammen i lettiska, litauiska, svenska, ryska, kommunikation etc. fr\u00e5n Baltic Media Language Training Center.\n<div>Type of programs: Professional growth and personal development (non-formal adult education). Educational documents - certificate.<\/div>\n<hr \/>\n<\/li>\n<li>Vi \u00e4r certifierade enligt den internationella standarden f\u00f6r kvalitetsledningssystem ISO 9001:2015. Vi \u00e4r ISO-certifierade sedan 2004.<br \/>\n<hr \/>\n<\/li>\n<li>V\u00e5ra moderna, rymliga och ljusa lokaler med god ventilation och luftkonditionering ligger i centrala Riga, Elizabetes iela 11, som \u00e4r l\u00e4tt att n\u00e5 med b\u00e5de allm\u00e4nna och privata transportmedel.<br \/>\n<hr \/>\n<\/li>\n<li>V\u00e5ra huvudsakliga anv\u00e4ndarvillkor:<\/li>\n<\/ol>\n<p style=\"padding-left: 40px;\"><strong>- Vi tar ansvar<\/strong><\/p>\n<p style=\"padding-left: 40px;\"><strong>- Vi ser till att kunden \u00e4r v\u00e5r fr\u00e4msta prioritet<\/strong><\/p>\n<p style=\"padding-left: 40px;\"><strong>- Vi levererar vad vi lovar<\/strong><\/p>\n<p style=\"padding-left: 40px;\"><strong>- Kursens inneh\u00e5ll, intensitet och syfte best\u00e4ms av kundens behov och spr\u00e5kkunskaper.<\/strong><\/p>\n<hr \/>\n<p><img data-recalc-dims=\"1\" loading=\"lazy\" decoding=\"async\" class=\"alignnone size-full wp-image-1981\" src=\"https:\/\/i0.wp.com\/www.balticmedia.com\/wp-content\/uploads\/logo_ar_globusu_stillbild_garena.png?resize=300%2C120&#038;ssl=1\" alt=\"Logo ar globusu\" width=\"300\" height=\"120\" title=\"\"><\/p>\n<ol>\n<li value=\"6\">- Kursens inneh\u00e5ll, intensitet och syfte best\u00e4ms av kundens behov och spr\u00e5kkunskaper.<br \/>\n<hr \/>\n<\/li>\n<li value=\"7\">V\u00e5r databas med f\u00f6rel\u00e4sare best\u00e5r av \u00f6ver 600 lingvister och spr\u00e5kl\u00e4rare p\u00e5 m\u00e5nga spr\u00e5k som \u00e4r eftertraktade i v\u00e5r region.<br \/>\n<hr \/>\n<\/li>\n<li value=\"8\">Vi erbjuder spr\u00e5kkurser till f\u00f6retag och enskilda personer.<br \/>\n<hr \/>\n<\/li>\n<li value=\"9\">V\u00e5rt f\u00f6retag \u00e4r en f\u00f6retagsmedlem i <strong><a href=\"http:\/\/www.elia-association.org\/\" target=\"_blank\" rel=\"noopener\">European Language Industry Association\u00a0(ELIA)<\/a><\/strong>.<br \/>\n<hr \/>\n<\/li>\n<li value=\"10\"><strong>Vi erbjuder konkurrenskraftiga priser f\u00f6r en h\u00f6gkvalitativ tj\u00e4nst och en v\u00e4nlig och p\u00e5litlig kundtj\u00e4nst.<\/strong><br \/>\n<hr \/>\n<\/li>\n<\/ol>\n<p>Om du vill beh\u00e4rska ett av de mest eftertraktade spr\u00e5ken i v\u00e5ra grannl\u00e4nder eller l\u00e4nder som ligger l\u00e4ngre bort kan du kontakta de anst\u00e4llda p\u00e5 v\u00e5rt spr\u00e5kcenter via e-post: kursi@balticmedia.com eller ringa +371 67224395.<\/p>\n<p>Mer information om hur spr\u00e5kkurserna hos Baltic Media, det ledande spr\u00e5ktj\u00e4nstf\u00f6retaget i norra Europa, organiseras finns p\u00e5 <a href=\"https:\/\/www.balticmedia.com\/global-translation-services\/language-training-courses-classes-lessons\/\">https:\/\/www.balticmedia.com\/global-translation-services\/language-training-courses-classes-lessons\/.<\/a><\/p>\n<p><img data-recalc-dims=\"1\" loading=\"lazy\" decoding=\"async\" class=\"alignnone size-medium wp-image-6854\" src=\"https:\/\/i0.wp.com\/www.balticmedia.com\/wp-content\/uploads\/iveta_in_the_office.jpg?resize=300%2C199&#038;ssl=1\" alt=\"the Baltic Media Language Training Centre\" width=\"300\" height=\"199\" title=\"\"><\/p>\n<h3><a href=\"https:\/\/www.balticmedia.com\/global-translation-services\/language-training-courses-classes-lessons\/why-choose-baltic-media-language-training-centre\/\">Varf\u00f6r v\u00e4lja Baltic Media Language Training Centre?<\/a><\/h3>\n<h3><a href=\"https:\/\/www.balticmedia.com\/global-translation-services\/language-training-courses-classes-lessons\/latvian-language-training-riga\/\">Lettiska spr\u00e5ktr\u00e4ning i Riga<\/a><\/h3>\n<h3><a href=\"https:\/\/www.balticmedia.com\/global-translation-services\/language-training-courses-classes-lessons\/how-can-language-courses-boost-your-business\/\">Hur kan spr\u00e5kkurser fr\u00e4mja ditt f\u00f6retag?<\/a><\/h3>\n<h3><a href=\"https:\/\/www.balticmedia.com\/global-translation-services\/language-training-courses-classes-lessons\/evaluate-your-language-skills\/\">Utv\u00e4rdera dina spr\u00e5kkunskaper<\/a><\/h3>\n<h3><a href=\"https:\/\/www.balticmedia.com\/global-translation-services\/language-training-courses-classes-lessons\/discover-latvian\/\">Uppt\u00e4ck lettiska - en effektiv metod f\u00f6r att l\u00e4ra sig lettiska<\/a><\/h3>\n<h3><strong>Lettiska spr\u00e5kkurser | Hur l\u00e5ng tid tar det att beh\u00e4rska lettiska?<\/strong><\/h3>\n<h3><strong><a href=\"https:\/\/www.balticmedia.com\/global-translation-services\/language-training-courses-classes-lessons\/latvian-language-courses-for-foreigners\/\">Lettiska spr\u00e5kkurser f\u00f6r utl\u00e4nningar<\/a><\/strong><\/h3>\n<h3><a href=\"https:\/\/www.valodukursi.lv\/en\/contacts\/request-for-information\/\" target=\"_blank\" rel=\"noopener\">Ans\u00f6k h\u00e4r<\/a><\/h3>\n<div><\/div>\n<p><iframe loading=\"lazy\" title=\"YouTube video player\" src=\"https:\/\/www.youtube.com\/embed\/OyESEYdGPhg\" width=\"600\" height=\"450\" frameborder=\"0\" allowfullscreen=\"allowfullscreen\"><\/iframe><\/p>\n<\/div>\n<\/div><\/div><\/div><\/div><\/div>","protected":false},"excerpt":{"rendered":"<p>Varf\u00f6r v\u00e4lja Baltic Media Language Training Centre? | Spr\u00e5kkurser online eller i centrala Riga Vi har \u00f6ver 25 \u00e5rs erfarenhet av spr\u00e5ktj\u00e4nster i norra Europa och specialiserar oss p\u00e5 nordiska (inklusive skandinaviska, baltiska och slaviska) spr\u00e5k, dvs. svenska, finska, danska, isl\u00e4ndska, norska, tyska, engelska, polska, ryska, lettiska, litauiska och estniska. V\u00e5ra kurser \u00e4r certifierade av [&hellip;]<\/p>\n","protected":false},"author":2,"featured_media":130988,"parent":0,"menu_order":0,"comment_status":"closed","ping_status":"closed","template":"","meta":{"ocean_post_layout":"","ocean_both_sidebars_style":"","ocean_both_sidebars_content_width":0,"ocean_both_sidebars_sidebars_width":0,"ocean_sidebar":"0","ocean_second_sidebar":"0","ocean_disable_margins":"enable","ocean_add_body_class":"","ocean_shortcode_before_top_bar":"","ocean_shortcode_after_top_bar":"","ocean_shortcode_before_header":"","ocean_shortcode_after_header":"","ocean_has_shortcode":"","ocean_shortcode_after_title":"","ocean_shortcode_before_footer_widgets":"","ocean_shortcode_after_footer_widgets":"","ocean_shortcode_before_footer_bottom":"","ocean_shortcode_after_footer_bottom":"","ocean_display_top_bar":"default","ocean_display_header":"default","ocean_header_style":"","ocean_center_header_left_menu":"0","ocean_custom_header_template":"0","ocean_custom_logo":0,"ocean_custom_retina_logo":0,"ocean_custom_logo_max_width":0,"ocean_custom_logo_tablet_max_width":0,"ocean_custom_logo_mobile_max_width":0,"ocean_custom_logo_max_height":0,"ocean_custom_logo_tablet_max_height":0,"ocean_custom_logo_mobile_max_height":0,"ocean_header_custom_menu":"0","ocean_menu_typo_font_family":"0","ocean_menu_typo_font_subset":"","ocean_menu_typo_font_size":0,"ocean_menu_typo_font_size_tablet":0,"ocean_menu_typo_font_size_mobile":0,"ocean_menu_typo_font_size_unit":"px","ocean_menu_typo_font_weight":"","ocean_menu_typo_font_weight_tablet":"","ocean_menu_typo_font_weight_mobile":"","ocean_menu_typo_transform":"","ocean_menu_typo_transform_tablet":"","ocean_menu_typo_transform_mobile":"","ocean_menu_typo_line_height":0,"ocean_menu_typo_line_height_tablet":0,"ocean_menu_typo_line_height_mobile":0,"ocean_menu_typo_line_height_unit":"","ocean_menu_typo_spacing":0,"ocean_menu_typo_spacing_tablet":0,"ocean_menu_typo_spacing_mobile":0,"ocean_menu_typo_spacing_unit":"","ocean_menu_link_color":"","ocean_menu_link_color_hover":"","ocean_menu_link_color_active":"","ocean_menu_link_background":"","ocean_menu_link_hover_background":"","ocean_menu_link_active_background":"","ocean_menu_social_links_bg":"","ocean_menu_social_hover_links_bg":"","ocean_menu_social_links_color":"","ocean_menu_social_hover_links_color":"","ocean_disable_title":"default","ocean_disable_heading":"default","ocean_post_title":"","ocean_post_subheading":"","ocean_post_title_style":"","ocean_post_title_background_color":"","ocean_post_title_background":0,"ocean_post_title_bg_image_position":"","ocean_post_title_bg_image_attachment":"","ocean_post_title_bg_image_repeat":"","ocean_post_title_bg_image_size":"","ocean_post_title_height":0,"ocean_post_title_bg_overlay":0.5,"ocean_post_title_bg_overlay_color":"","ocean_disable_breadcrumbs":"default","ocean_breadcrumbs_color":"","ocean_breadcrumbs_separator_color":"","ocean_breadcrumbs_links_color":"","ocean_breadcrumbs_links_hover_color":"","ocean_display_footer_widgets":"default","ocean_display_footer_bottom":"default","ocean_custom_footer_template":"0","ofc_meta_disable_footer_callout":"","ofc_meta_callout_button_url":"","ofc_meta_callout_button_txt":"","ofc_meta_callout_text":"","osh_disable_topbar_sticky":"default","osh_disable_header_sticky":"default","osh_sticky_header_style":"default","osh_sticky_header_effect":"","osh_custom_sticky_logo":0,"osh_custom_retina_sticky_logo":0,"osh_custom_sticky_logo_height":0,"osh_background_color":"","osh_links_color":"","osh_links_hover_color":"","osh_links_active_color":"","osh_links_bg_color":"","osh_links_hover_bg_color":"","osh_links_active_bg_color":"","osh_menu_social_links_color":"","osh_menu_social_hover_links_color":"","footnotes":""},"class_list":["post-37007","page","type-page","status-publish","has-post-thumbnail","hentry","entry","has-media"],"jetpack_sharing_enabled":true,"jetpack_likes_enabled":true,"jetpack-related-posts":[],"jetpack_shortlink":"https:\/\/wp.me\/Pe7Cu3-9CT","_links":{"self":[{"href":"https:\/\/www.balticmedia.com\/sv\/wp-json\/wp\/v2\/pages\/37007","targetHints":{"allow":["GET"]}}],"collection":[{"href":"https:\/\/www.balticmedia.com\/sv\/wp-json\/wp\/v2\/pages"}],"about":[{"href":"https:\/\/www.balticmedia.com\/sv\/wp-json\/wp\/v2\/types\/page"}],"author":[{"embeddable":true,"href":"https:\/\/www.balticmedia.com\/sv\/wp-json\/wp\/v2\/users\/2"}],"replies":[{"embeddable":true,"href":"https:\/\/www.balticmedia.com\/sv\/wp-json\/wp\/v2\/comments?post=37007"}],"version-history":[{"count":8,"href":"https:\/\/www.balticmedia.com\/sv\/wp-json\/wp\/v2\/pages\/37007\/revisions"}],"predecessor-version":[{"id":139673,"href":"https:\/\/www.balticmedia.com\/sv\/wp-json\/wp\/v2\/pages\/37007\/revisions\/139673"}],"wp:featuredmedia":[{"embeddable":true,"href":"https:\/\/www.balticmedia.com\/sv\/wp-json\/wp\/v2\/media\/130988"}],"wp:attachment":[{"href":"https:\/\/www.balticmedia.com\/sv\/wp-json\/wp\/v2\/media?parent=37007"}],"curies":[{"name":"wp","href":"https:\/\/api.w.org\/{rel}","templated":true}]}}