{"id":35037,"date":"2021-02-03T13:34:02","date_gmt":"2021-02-03T11:34:02","guid":{"rendered":"https:\/\/www.balticmedia.com\/pris\/our-translation-clients\/"},"modified":"2022-05-02T21:34:44","modified_gmt":"2022-05-02T18:34:44","slug":"vara-kunder","status":"publish","type":"page","link":"https:\/\/www.balticmedia.com\/sv\/oversattning-kostnad\/vara-kunder\/","title":{"rendered":"V\u00e5ra kunder"},"content":{"rendered":"<div id=\"pl-35037\"  class=\"panel-layout\" ><div id=\"pg-35037-0\"  class=\"panel-grid panel-no-style\" ><div id=\"pgc-35037-0-0\"  class=\"panel-grid-cell\" ><div id=\"panel-35037-0-0-0\" class=\"so-panel widget widget_sow-image panel-first-child panel-last-child widgetopts-SO\" data-index=\"0\" ><div\n\t\t\t\n\t\t\tclass=\"so-widget-sow-image so-widget-sow-image-default-8b5b6f678277-35037\"\n\t\t\t\n\t\t>\n<div class=\"sow-image-container\">\n\t\t<img loading=\"lazy\" decoding=\"async\" src=\"https:\/\/i0.wp.com\/www.balticmedia.com\/wp-content\/uploads\/5blog-scaled.jpg?fit=2560%2C549&amp;ssl=1\" width=\"2560\" height=\"549\" srcset=\"https:\/\/i0.wp.com\/www.balticmedia.com\/wp-content\/uploads\/5blog-scaled.jpg?w=2560&amp;ssl=1 2560w, https:\/\/i0.wp.com\/www.balticmedia.com\/wp-content\/uploads\/5blog-scaled.jpg?resize=300%2C64&amp;ssl=1 300w, https:\/\/i0.wp.com\/www.balticmedia.com\/wp-content\/uploads\/5blog-scaled.jpg?resize=1024%2C219&amp;ssl=1 1024w, https:\/\/i0.wp.com\/www.balticmedia.com\/wp-content\/uploads\/5blog-scaled.jpg?resize=768%2C165&amp;ssl=1 768w, https:\/\/i0.wp.com\/www.balticmedia.com\/wp-content\/uploads\/5blog-scaled.jpg?resize=1536%2C329&amp;ssl=1 1536w, https:\/\/i0.wp.com\/www.balticmedia.com\/wp-content\/uploads\/5blog-scaled.jpg?resize=2048%2C439&amp;ssl=1 2048w, https:\/\/i0.wp.com\/www.balticmedia.com\/wp-content\/uploads\/5blog-scaled.jpg?w=2400&amp;ssl=1 2400w\" title=\"5blog\" alt=\"\" class=\"so-widget-image\">\n\t<\/div>\n\n<\/div><\/div><\/div><\/div><div id=\"pg-35037-1\"  class=\"panel-grid panel-no-style\" ><div id=\"pgc-35037-1-0\"  class=\"panel-grid-cell\" ><div id=\"panel-35037-1-0-0\" class=\"so-panel widget widget_sow-editor panel-first-child extendedwopts-hide extendedwopts-tablet extendedwopts-mobile widgetopts-SO\" data-index=\"1\" ><div\n\t\t\t\n\t\t\tclass=\"so-widget-sow-editor so-widget-sow-editor-base\"\n\t\t\t\n\t\t>\n<div class=\"siteorigin-widget-tinymce textwidget\">\n\t<pre><form aria-label=\"Search this website\" role=\"search\" method=\"get\" class=\"oceanwp-searchform\" id=\"searchform\" action=\"https:\/\/www.balticmedia.com\/sv\/\"><input aria-label=\"Insert search query\" type=\"text\" class=\"field\" name=\"s\" id=\"s\" placeholder=\"Search\"><button aria-label=\"Submit your search\" type=\"submit\" class=\"search-submit\" value=\"\"><i class=\"icon-magnifier\" aria-hidden=\"true\"><\/i><\/button><\/form><\/pre>\n<\/div>\n<\/div><\/div><div id=\"panel-35037-1-0-1\" class=\"so-panel widget widget_ocean_custom_menu widget-oceanwp-custom-menu custom-menu-widget extendedwopts-hide extendedwopts-tablet extendedwopts-mobile widgetopts-SO\" data-index=\"2\" ><div class=\"oceanwp-custom-menu clr ocean_custom_menu-2 left dropdown-hover\"><ul id=\"menu-prices-sv\" class=\"dropdown-menu sf-menu\"><li  id=\"menu-item-49507\" class=\"menu-item menu-item-type-post_type menu-item-object-page menu-item-49507\"><a href=\"https:\/\/www.balticmedia.com\/sv\/oversattning-kostnad\/\" class=\"menu-link\">Kostnader f\u00f6r \u00f6vers\u00e4ttning<\/a><\/li>\n<li  id=\"menu-item-86691\" class=\"menu-item menu-item-type-post_type menu-item-object-page menu-item-86691\"><a href=\"https:\/\/www.balticmedia.com\/sv\/oversattning-kostnad\/billig-oversattning\/\" class=\"menu-link\">Billig \u00f6vers\u00e4ttning hos kvalitetscertifierad \u00f6vers\u00e4ttningsbyr\u00e5<\/a><\/li>\n<li  id=\"menu-item-84556\" class=\"menu-item menu-item-type-post_type menu-item-object-page menu-item-84556\"><a href=\"https:\/\/www.balticmedia.com\/sv\/oversattning-kostnad\/vad-tycker-vara-kunder\/\" class=\"menu-link\">Vad tycker v\u00e5ra kunder<\/a><\/li>\n<li  id=\"menu-item-86756\" class=\"menu-item menu-item-type-post_type menu-item-object-page menu-item-86756\"><a href=\"https:\/\/www.balticmedia.com\/sv\/oversattning-kostnad\/auktoriserad-oversattning-pris\/\" class=\"menu-link\">Pris auktoriserad overs\u00e4ttning<\/a><\/li>\n<li  id=\"menu-item-49510\" class=\"menu-item menu-item-type-post_type menu-item-object-page menu-item-49510\"><a href=\"https:\/\/www.balticmedia.com\/sv\/oversattning-kostnad\/pris-for-oversattning\/\" class=\"menu-link\">\u00d6vers\u00e4ttning | Pris per ord<\/a><\/li>\n<li  id=\"menu-item-49508\" class=\"menu-item menu-item-type-post_type menu-item-object-page menu-item-49508\"><a href=\"https:\/\/www.balticmedia.com\/sv\/oversattning-kostnad\/hur-valjer-man-oversattningsbyra\/\" class=\"menu-link\">Hur v\u00e4ljer man \u00f6vers\u00e4ttningsbyr\u00e5<\/a><\/li>\n<li  id=\"menu-item-49509\" class=\"menu-item menu-item-type-post_type menu-item-object-page menu-item-49509\"><a href=\"https:\/\/www.balticmedia.com\/sv\/oversattning-kostnad\/oversattningstjanster-kvalitet\/\" class=\"menu-link\">\u00d6vers\u00e4ttning med ISO 9001:2015 kvalitetscertifiering<\/a><\/li>\n<li  id=\"menu-item-49513\" class=\"menu-item menu-item-type-post_type menu-item-object-page menu-item-49513\"><a href=\"https:\/\/www.balticmedia.com\/sv\/oversattning-kostnad\/vara-kunder\/\" class=\"menu-link\">V\u00e5ra kunder<\/a><\/li>\n<li  id=\"menu-item-86762\" class=\"menu-item menu-item-type-post_type menu-item-object-page menu-item-86762\"><a href=\"https:\/\/www.balticmedia.com\/sv\/oversattning-kostnad\/referensformular\/\" class=\"menu-link\">Referensformul\u00e4r<\/a><\/li>\n<li  id=\"menu-item-49515\" class=\"menu-item menu-item-type-post_type menu-item-object-page menu-item-49515\"><a href=\"https:\/\/www.balticmedia.com\/sv\/oversattning-kostnad\/kundreferenser\/\" class=\"menu-link\">Kundreferenser<\/a><\/li>\n<li  id=\"menu-item-101315\" class=\"menu-item menu-item-type-post_type menu-item-object-page menu-item-101315\"><a href=\"https:\/\/www.balticmedia.com\/sv\/webbplatskarta\/\" class=\"menu-link\">Webbplatskarta<\/a><\/li>\n<li  id=\"menu-item-120704\" class=\"menu-item menu-item-type-post_type menu-item-object-page menu-item-120704\"><a href=\"https:\/\/www.balticmedia.com\/sv\/clients\/\" class=\"menu-link\">Client Portal<\/a><\/li>\n<li  id=\"menu-item-120705\" class=\"menu-item menu-item-type-post_type menu-item-object-page menu-item-120705\"><a href=\"https:\/\/www.balticmedia.com\/sv\/clients\/\" class=\"menu-link\">Client Portal<\/a><\/li>\n<li  id=\"menu-item-121619\" class=\"menu-item menu-item-type-post_type menu-item-object-page menu-item-121619\"><a href=\"https:\/\/www.balticmedia.com\/sv\/auktoriserad-oversattare-engelska-stockholm\/\" class=\"menu-link\">Auktoriserad \u00f6vers\u00e4ttare engelska Stockholm<\/a><\/li>\n<li  id=\"menu-item-121801\" class=\"menu-item menu-item-type-post_type menu-item-object-page menu-item-121801\"><a href=\"https:\/\/www.balticmedia.com\/sv\/lediga-jobb\/bli-oversattare\/\" class=\"menu-link\">Vad kr\u00e4vs f\u00f6r att bli \u00f6vers\u00e4ttare? Utbildning<\/a><\/li>\n<li  id=\"menu-item-124045\" class=\"menu-item menu-item-type-post_type menu-item-object-page menu-item-124045\"><a href=\"https:\/\/www.balticmedia.com\/sv\/oversattningsbyra-svenska-engelska\/\" class=\"menu-link\">\u00d6vers\u00e4ttningsbyr\u00e5 Svenska Engelska<\/a><\/li>\n<li  id=\"menu-item-124721\" class=\"menu-item menu-item-type-post_type menu-item-object-page menu-item-124721\"><a href=\"https:\/\/www.balticmedia.com\/sv\/auktoriserad-oversattning-av-dokument\/\" class=\"menu-link\">Auktoriserad \u00f6vers\u00e4ttning av dokument<\/a><\/li>\n<li  id=\"menu-item-127242\" class=\"menu-item menu-item-type-post_type menu-item-object-page menu-item-127242\"><a href=\"https:\/\/www.balticmedia.com\/sv\/auktoriserad-oversattning-online\/\" class=\"menu-link\">Auktoriserad \u00f6vers\u00e4ttning online<\/a><\/li>\n<li  id=\"menu-item-133019\" class=\"menu-item menu-item-type-post_type menu-item-object-page menu-item-133019\"><a href=\"https:\/\/www.balticmedia.com\/sv\/litterar-oversattning\/\" class=\"menu-link\">Litter\u00e4r \u00f6vers\u00e4ttning<\/a><\/li>\n<li  id=\"menu-item-140435\" class=\"menu-item menu-item-type-post_type menu-item-object-page menu-item-140435\"><a href=\"https:\/\/www.balticmedia.com\/sv\/oversattning-och-lokalisering-av-appar\/\" class=\"menu-link\">\u00d6vers\u00e4ttning och lokalisering av appar<\/a><\/li>\n<\/ul><\/div><\/div><div id=\"panel-35037-1-0-2\" class=\"so-panel widget widget_ocean_custom_menu widget-oceanwp-custom-menu custom-menu-widget panel-last-child extendedwopts-hide extendedwopts-tablet extendedwopts-mobile widgetopts-SO\" data-index=\"3\" ><div class=\"oceanwp-custom-menu clr ocean_custom_menu-2 left dropdown-hover\"><ul id=\"menu-partnerskap\" class=\"dropdown-menu sf-menu\"><li  id=\"menu-item-11566\" class=\"menu-item menu-item-type-custom menu-item-object-custom menu-item-11566\"><a target=\"_blank\" href=\"https:\/\/balticmedia.s.xtrf.eu\/vendors\/#\/sign-in\" class=\"menu-link\" rel=\"nofollow noopener\"><i class=\"icon before line-icon icon-briefcase\" aria-hidden=\"true\" style=\"font-size:2em;\"><\/i><span class=\"menu-text\">Partnerportal<\/span><\/a><\/li>\n<li  id=\"menu-item-11724\" class=\"menu-item menu-item-type-custom menu-item-object-custom menu-item-11724\"><a target=\"_blank\" href=\"https:\/\/www.balticmedia.com\/wp-content\/uploads\/11-Reasons-to-Choose-Baltic-Media-2026.pdf\" class=\"menu-link\"><i class=\"icon before line-icon icon-people\" aria-hidden=\"true\" style=\"font-size:2em;\"><\/i><span class=\"menu-text\">\u00d6vers\u00e4ttningsbyr\u00e5 och \u00f6vers\u00e4ttare<\/span><\/a><\/li>\n<li  id=\"menu-item-11725\" class=\"menu-item menu-item-type-custom menu-item-object-custom menu-item-11725\"><a target=\"_blank\" href=\"https:\/\/www.balticmedia.com\/wp-content\/uploads\/oversattningsbyra-sv.pdf\" class=\"menu-link\"><i class=\"icon before line-icon icon-organization\" aria-hidden=\"true\" style=\"font-size:2em;\"><\/i><span class=\"menu-text\">\u00d6vers\u00e4ttning. Steg f\u00f6r steg<\/span><\/a><\/li>\n<li  id=\"menu-item-11726\" class=\"menu-item menu-item-type-custom menu-item-object-custom menu-item-11726\"><a target=\"_blank\" href=\"https:\/\/www.balticmedia.com\/wp-content\/uploads\/Baltic-Media-Ltd-Service-Terms-and-Conditions-SE.pdf\" class=\"menu-link\"><i class=\"icon before line-icon icon-docs\" aria-hidden=\"true\" style=\"font-size:2em;\"><\/i><span class=\"menu-text\">Tj\u00e4nstevillkor<\/span><\/a><\/li>\n<li  id=\"menu-item-11728\" class=\"menu-item menu-item-type-custom menu-item-object-custom menu-item-11728\"><a target=\"_blank\" href=\"https:\/\/www.balticmedia.com\/wp-content\/uploads\/iSO-certificate-2023.png\" class=\"menu-link\"><i class=\"icon before line-icon icon-doc\" aria-hidden=\"true\" style=\"font-size:2em;\"><\/i><span class=\"menu-text\">\u00d6vers\u00e4ttning enligt ISO 9001:2015<\/span><\/a><\/li>\n<li  id=\"menu-item-11727\" class=\"menu-item menu-item-type-custom menu-item-object-custom menu-item-11727\"><a target=\"_blank\" href=\"https:\/\/www.balticmedia.com\/wp-content\/uploads\/362531_copyrighttrademarkbalticmedia.pdf\" class=\"menu-link\"><i class=\"icon before line-icon icon-info\" aria-hidden=\"true\" style=\"font-size:2em;\"><\/i><span class=\"menu-text\">Copyright | Trademark Baltic Media<sup>\u00ae<\/sup><\/span><\/a><\/li>\n<\/ul><\/div><\/div><\/div><div id=\"pgc-35037-1-1\"  class=\"panel-grid-cell\" ><div id=\"panel-35037-1-1-0\" class=\"so-panel widget widget_sow-editor panel-first-child panel-last-child widgetopts-SO\" data-index=\"4\" ><div\n\t\t\t\n\t\t\tclass=\"so-widget-sow-editor so-widget-sow-editor-base\"\n\t\t\t\n\t\t>\n<div class=\"siteorigin-widget-tinymce textwidget\">\n\t<h1><strong>N\u00f6jda kunder inom alla branscher\u00a0<\/strong><\/h1>\n<h2><strong>Positiva omd\u00f6men med ett genomsnitt p\u00e5 4.9 av 5 stj\u00e4rnor<\/strong><\/h2>\n<div>\n<p id=\"tw-target-text\" dir=\"ltr\" data-placeholder=\"Tulkojums\">Det st\u00f6rsta v\u00e4rdet av Baltic Media<sup>\u00ae<\/sup> \u00e4r att respektera v\u00e5ra kunders intressen genom att erbjuda dem professionella, h\u00f6gkvalitativa och snabba tj\u00e4nster. H\u00f6g kundn\u00f6jdhetsniv\u00e5 \u00e4r v\u00e5r h\u00f6gsta prioritet, och varje \u00e5r samlar vi in \u200b\u200bfeedback fr\u00e5n v\u00e5ra kunder f\u00f6r att utv\u00e4rdera kvaliteten p\u00e5 de tillhandah\u00e5llna tj\u00e4nsterna och v\u00e5ra projektledares expertis och lyh\u00f6rdhet. Vi \u00e4r glada att kunna rapportera att v\u00e5ra kunder under 2020 har utv\u00e4rderat spr\u00e5ktj\u00e4nsterna f\u00f6r Baltic Media<sup>\u00ae<\/sup> (totalbed\u00f6mning - 4,9 av 5 po\u00e4ng) och ber\u00f6mt kvaliteten p\u00e5 de levererade filerna, v\u00e5ra projektledares lyh\u00f6rdhet och hj\u00e4lpsamhet.<\/p>\n<\/div>\n<div>Kundn\u00f6jdhet \u00e4r en nyckelfaktor f\u00f6r v\u00e5r framg\u00e5ng.<\/div>\n<div><\/div>\n<div>\n<p><strong>Den nordisk-baltiska \u00f6vers\u00e4ttningsbyr\u00e5n Baltic Media<sup>\u00ae<\/sup><\/strong> \u00e4r en ledande leverant\u00f6r av digitala \u00f6vers\u00e4ttningstj\u00e4nster i norra Europa som specialiserar sig p\u00e5 nordeuropeiska (inkl. nordiska, baltiska, slaviska) spr\u00e5k. Detta inkluderar \u00f6vers\u00e4ttningstj\u00e4nster fr\u00e5n\/tilll svenska, finska, danska, isl\u00e4ndska, f\u00e4r\u00f6iska, norska, tyska, engelska, polska, ryska, lettiska, litauiska och etniska.<\/p>\n<p>Som en ISO-certifierade leverant\u00f6r av spr\u00e5ktj\u00e4nster erbjuder \u00f6vers\u00e4ttningsbyr\u00e5n Baltic Media<sup>\u00ae<\/sup> m\u00e4nsklig \u00f6vers\u00e4ttning f\u00f6r f\u00f6retags-, myndighets- och privatkunder.<\/p>\n<p><img data-recalc-dims=\"1\" loading=\"lazy\" decoding=\"async\" class=\"alignnone size-medium wp-image-6507\" src=\"https:\/\/i0.wp.com\/www.balticmedia.com\/wp-content\/uploads\/logo_ar_globusu_stillbild_kvadrats.jpg?resize=300%2C187&#038;ssl=1\" alt=\"Baltic Media&lt;sup&gt;\u00ae&lt;\/sup&gt;\" width=\"300\" height=\"187\" title=\"\"><\/p>\n<h2><strong>Industri<\/strong><\/h2>\n<\/div>\n<p><img data-recalc-dims=\"1\" loading=\"lazy\" decoding=\"async\" class=\"alignnone wp-image-14874 size-full\" src=\"https:\/\/i0.wp.com\/www.balticmedia.com\/wp-content\/uploads\/Screenshot-2021-02-03-at-11.01.48-AM-1.png?resize=620%2C807&#038;ssl=1\" alt=\"Industrial Clients\" width=\"620\" height=\"807\" srcset=\"https:\/\/i0.wp.com\/www.balticmedia.com\/wp-content\/uploads\/Screenshot-2021-02-03-at-11.01.48-AM-1.png?w=620&amp;ssl=1 620w, https:\/\/i0.wp.com\/www.balticmedia.com\/wp-content\/uploads\/Screenshot-2021-02-03-at-11.01.48-AM-1.png?resize=230%2C300&amp;ssl=1 230w\" sizes=\"auto, (max-width: 620px) 100vw, 620px\" title=\"\"><\/p>\n<h2><b>Juridik och finans<\/b><\/h2>\n<p><img data-recalc-dims=\"1\" loading=\"lazy\" decoding=\"async\" class=\"alignnone size-full wp-image-2986\" src=\"https:\/\/i0.wp.com\/www.balticmedia.com\/wp-content\/uploads\/Screenshot-2021-02-03-at-11.01.59-AM.png?resize=616%2C550&#038;ssl=1\" alt=\"\" width=\"616\" height=\"550\" srcset=\"https:\/\/i0.wp.com\/www.balticmedia.com\/wp-content\/uploads\/Screenshot-2021-02-03-at-11.01.59-AM.png?w=616&amp;ssl=1 616w, https:\/\/i0.wp.com\/www.balticmedia.com\/wp-content\/uploads\/Screenshot-2021-02-03-at-11.01.59-AM.png?resize=300%2C268&amp;ssl=1 300w\" sizes=\"auto, (max-width: 616px) 100vw, 616px\" title=\"\"><\/p>\n<h2><b>EU institutioner och statliga myndigheter<\/b><\/h2>\n<p><img data-recalc-dims=\"1\" loading=\"lazy\" decoding=\"async\" class=\"alignnone size-full wp-image-2998\" src=\"https:\/\/i0.wp.com\/www.balticmedia.com\/wp-content\/uploads\/Screenshot-2021-02-03-at-11.02.11-AM.png?resize=662%2C823&#038;ssl=1\" alt=\"\" width=\"662\" height=\"823\" srcset=\"https:\/\/i0.wp.com\/www.balticmedia.com\/wp-content\/uploads\/Screenshot-2021-02-03-at-11.02.11-AM.png?w=662&amp;ssl=1 662w, https:\/\/i0.wp.com\/www.balticmedia.com\/wp-content\/uploads\/Screenshot-2021-02-03-at-11.02.11-AM.png?resize=241%2C300&amp;ssl=1 241w\" sizes=\"auto, (max-width: 662px) 100vw, 662px\" title=\"\"><\/p>\n<h2><b>IT och telekommunikationer<\/b><\/h2>\n<p><img data-recalc-dims=\"1\" loading=\"lazy\" decoding=\"async\" class=\"alignnone size-full wp-image-3010\" src=\"https:\/\/i0.wp.com\/www.balticmedia.com\/wp-content\/uploads\/Screenshot-2021-02-03-at-11.02.23-AM.png?resize=608%2C587&#038;ssl=1\" alt=\"\" width=\"608\" height=\"587\" srcset=\"https:\/\/i0.wp.com\/www.balticmedia.com\/wp-content\/uploads\/Screenshot-2021-02-03-at-11.02.23-AM.png?w=608&amp;ssl=1 608w, https:\/\/i0.wp.com\/www.balticmedia.com\/wp-content\/uploads\/Screenshot-2021-02-03-at-11.02.23-AM.png?resize=300%2C290&amp;ssl=1 300w\" sizes=\"auto, (max-width: 608px) 100vw, 608px\" title=\"\"><\/p>\n<h2><b>Byggindustri<\/b><\/h2>\n<p><img data-recalc-dims=\"1\" loading=\"lazy\" decoding=\"async\" class=\"alignnone size-full wp-image-3022\" src=\"https:\/\/i0.wp.com\/www.balticmedia.com\/wp-content\/uploads\/Screenshot-2021-02-03-at-11.02.32-AM.png?resize=607%2C362&#038;ssl=1\" alt=\"\" width=\"607\" height=\"362\" srcset=\"https:\/\/i0.wp.com\/www.balticmedia.com\/wp-content\/uploads\/Screenshot-2021-02-03-at-11.02.32-AM.png?w=607&amp;ssl=1 607w, https:\/\/i0.wp.com\/www.balticmedia.com\/wp-content\/uploads\/Screenshot-2021-02-03-at-11.02.32-AM.png?resize=300%2C179&amp;ssl=1 300w\" sizes=\"auto, (max-width: 607px) 100vw, 607px\" title=\"\"><\/p>\n<h2><b>Medicin och farmakologi<\/b><\/h2>\n<p><img data-recalc-dims=\"1\" loading=\"lazy\" decoding=\"async\" class=\"alignnone size-full wp-image-3034\" src=\"https:\/\/i0.wp.com\/www.balticmedia.com\/wp-content\/uploads\/Screenshot-2021-02-03-at-11.02.41-AM.png?resize=609%2C433&#038;ssl=1\" alt=\"\" width=\"609\" height=\"433\" srcset=\"https:\/\/i0.wp.com\/www.balticmedia.com\/wp-content\/uploads\/Screenshot-2021-02-03-at-11.02.41-AM.png?w=609&amp;ssl=1 609w, https:\/\/i0.wp.com\/www.balticmedia.com\/wp-content\/uploads\/Screenshot-2021-02-03-at-11.02.41-AM.png?resize=300%2C213&amp;ssl=1 300w\" sizes=\"auto, (max-width: 609px) 100vw, 609px\" title=\"\"><\/p>\n<h2><b>Massmedia, reklam, kommunikation och PR<\/b><\/h2>\n<p><img data-recalc-dims=\"1\" loading=\"lazy\" decoding=\"async\" class=\"alignnone size-full wp-image-3046\" src=\"https:\/\/i0.wp.com\/www.balticmedia.com\/wp-content\/uploads\/Screenshot-2021-02-03-at-11.02.52-AM.png?resize=605%2C332&#038;ssl=1\" alt=\"\" width=\"605\" height=\"332\" srcset=\"https:\/\/i0.wp.com\/www.balticmedia.com\/wp-content\/uploads\/Screenshot-2021-02-03-at-11.02.52-AM.png?w=605&amp;ssl=1 605w, https:\/\/i0.wp.com\/www.balticmedia.com\/wp-content\/uploads\/Screenshot-2021-02-03-at-11.02.52-AM.png?resize=300%2C165&amp;ssl=1 300w\" sizes=\"auto, (max-width: 605px) 100vw, 605px\" title=\"\"><\/p>\n<h2><b>Transport, bil- och verkstadsindustri<\/b><\/h2>\n<p><img data-recalc-dims=\"1\" loading=\"lazy\" decoding=\"async\" class=\"alignnone size-full wp-image-3058\" src=\"https:\/\/i0.wp.com\/www.balticmedia.com\/wp-content\/uploads\/Screenshot-2021-02-03-at-11.03.03-AM.png?resize=607%2C537&#038;ssl=1\" alt=\"\" width=\"607\" height=\"537\" srcset=\"https:\/\/i0.wp.com\/www.balticmedia.com\/wp-content\/uploads\/Screenshot-2021-02-03-at-11.03.03-AM.png?w=607&amp;ssl=1 607w, https:\/\/i0.wp.com\/www.balticmedia.com\/wp-content\/uploads\/Screenshot-2021-02-03-at-11.03.03-AM.png?resize=300%2C265&amp;ssl=1 300w\" sizes=\"auto, (max-width: 607px) 100vw, 607px\" title=\"\"><\/p>\n<h2><b>Livsmedelsindustri<\/b><\/h2>\n<p><img data-recalc-dims=\"1\" loading=\"lazy\" decoding=\"async\" class=\"alignnone size-full wp-image-3070\" src=\"https:\/\/i0.wp.com\/www.balticmedia.com\/wp-content\/uploads\/Screenshot-2021-02-03-at-11.03.10-AM.png?resize=609%2C347&#038;ssl=1\" alt=\"\" width=\"609\" height=\"347\" srcset=\"https:\/\/i0.wp.com\/www.balticmedia.com\/wp-content\/uploads\/Screenshot-2021-02-03-at-11.03.10-AM.png?w=609&amp;ssl=1 609w, https:\/\/i0.wp.com\/www.balticmedia.com\/wp-content\/uploads\/Screenshot-2021-02-03-at-11.03.10-AM.png?resize=300%2C171&amp;ssl=1 300w\" sizes=\"auto, (max-width: 609px) 100vw, 609px\" title=\"\"><\/p>\n<h2><b>F\u00f6rs\u00e4kring, Hotell, Resbyr\u00e5er mm<\/b><\/h2>\n<p><img data-recalc-dims=\"1\" loading=\"lazy\" decoding=\"async\" class=\"alignnone size-full wp-image-3082\" src=\"https:\/\/i0.wp.com\/www.balticmedia.com\/wp-content\/uploads\/Screenshot-2021-02-03-at-11.03.19-AM.png?resize=608%2C332&#038;ssl=1\" alt=\"\" width=\"608\" height=\"332\" srcset=\"https:\/\/i0.wp.com\/www.balticmedia.com\/wp-content\/uploads\/Screenshot-2021-02-03-at-11.03.19-AM.png?w=608&amp;ssl=1 608w, https:\/\/i0.wp.com\/www.balticmedia.com\/wp-content\/uploads\/Screenshot-2021-02-03-at-11.03.19-AM.png?resize=300%2C164&amp;ssl=1 300w\" sizes=\"auto, (max-width: 608px) 100vw, 608px\" title=\"\"><\/p>\n<\/div>\n<\/div><\/div><\/div><\/div><\/div>","protected":false},"excerpt":{"rendered":"<p>N\u00f6jda kunder inom alla branscher\u00a0 Positiva omd\u00f6men med ett genomsnitt p\u00e5 4.9 av 5 stj\u00e4rnor Det st\u00f6rsta v\u00e4rdet av Baltic Media\u00ae \u00e4r att respektera v\u00e5ra kunders intressen genom att erbjuda dem professionella, h\u00f6gkvalitativa och snabba tj\u00e4nster. H\u00f6g kundn\u00f6jdhetsniv\u00e5 \u00e4r v\u00e5r h\u00f6gsta prioritet, och varje \u00e5r samlar vi in \u200b\u200bfeedback fr\u00e5n v\u00e5ra kunder f\u00f6r att utv\u00e4rdera [&hellip;]<\/p>\n","protected":false},"author":2,"featured_media":0,"parent":11607,"menu_order":0,"comment_status":"closed","ping_status":"closed","template":"","meta":{"ocean_post_layout":"","ocean_both_sidebars_style":"","ocean_both_sidebars_content_width":0,"ocean_both_sidebars_sidebars_width":0,"ocean_sidebar":"0","ocean_second_sidebar":"0","ocean_disable_margins":"enable","ocean_add_body_class":"","ocean_shortcode_before_top_bar":"","ocean_shortcode_after_top_bar":"","ocean_shortcode_before_header":"","ocean_shortcode_after_header":"","ocean_has_shortcode":"","ocean_shortcode_after_title":"","ocean_shortcode_before_footer_widgets":"","ocean_shortcode_after_footer_widgets":"","ocean_shortcode_before_footer_bottom":"","ocean_shortcode_after_footer_bottom":"","ocean_display_top_bar":"default","ocean_display_header":"default","ocean_header_style":"","ocean_center_header_left_menu":"0","ocean_custom_header_template":"0","ocean_custom_logo":0,"ocean_custom_retina_logo":0,"ocean_custom_logo_max_width":0,"ocean_custom_logo_tablet_max_width":0,"ocean_custom_logo_mobile_max_width":0,"ocean_custom_logo_max_height":0,"ocean_custom_logo_tablet_max_height":0,"ocean_custom_logo_mobile_max_height":0,"ocean_header_custom_menu":"0","ocean_menu_typo_font_family":"0","ocean_menu_typo_font_subset":"","ocean_menu_typo_font_size":0,"ocean_menu_typo_font_size_tablet":0,"ocean_menu_typo_font_size_mobile":0,"ocean_menu_typo_font_size_unit":"px","ocean_menu_typo_font_weight":"","ocean_menu_typo_font_weight_tablet":"","ocean_menu_typo_font_weight_mobile":"","ocean_menu_typo_transform":"","ocean_menu_typo_transform_tablet":"","ocean_menu_typo_transform_mobile":"","ocean_menu_typo_line_height":0,"ocean_menu_typo_line_height_tablet":0,"ocean_menu_typo_line_height_mobile":0,"ocean_menu_typo_line_height_unit":"","ocean_menu_typo_spacing":0,"ocean_menu_typo_spacing_tablet":0,"ocean_menu_typo_spacing_mobile":0,"ocean_menu_typo_spacing_unit":"","ocean_menu_link_color":"","ocean_menu_link_color_hover":"","ocean_menu_link_color_active":"","ocean_menu_link_background":"","ocean_menu_link_hover_background":"","ocean_menu_link_active_background":"","ocean_menu_social_links_bg":"","ocean_menu_social_hover_links_bg":"","ocean_menu_social_links_color":"","ocean_menu_social_hover_links_color":"","ocean_disable_title":"default","ocean_disable_heading":"default","ocean_post_title":"","ocean_post_subheading":"","ocean_post_title_style":"","ocean_post_title_background_color":"","ocean_post_title_background":0,"ocean_post_title_bg_image_position":"","ocean_post_title_bg_image_attachment":"","ocean_post_title_bg_image_repeat":"","ocean_post_title_bg_image_size":"","ocean_post_title_height":0,"ocean_post_title_bg_overlay":0.5,"ocean_post_title_bg_overlay_color":"","ocean_disable_breadcrumbs":"default","ocean_breadcrumbs_color":"","ocean_breadcrumbs_separator_color":"","ocean_breadcrumbs_links_color":"","ocean_breadcrumbs_links_hover_color":"","ocean_display_footer_widgets":"default","ocean_display_footer_bottom":"default","ocean_custom_footer_template":"0","ofc_meta_disable_footer_callout":"","ofc_meta_callout_button_url":"","ofc_meta_callout_button_txt":"","ofc_meta_callout_text":"","osh_disable_topbar_sticky":"default","osh_disable_header_sticky":"default","osh_sticky_header_style":"default","osh_sticky_header_effect":"","osh_custom_sticky_logo":0,"osh_custom_retina_sticky_logo":0,"osh_custom_sticky_logo_height":0,"osh_background_color":"","osh_links_color":"","osh_links_hover_color":"","osh_links_active_color":"","osh_links_bg_color":"","osh_links_hover_bg_color":"","osh_links_active_bg_color":"","osh_menu_social_links_color":"","osh_menu_social_hover_links_color":"","footnotes":""},"class_list":["post-35037","page","type-page","status-publish","hentry","entry"],"jetpack_sharing_enabled":true,"jetpack_likes_enabled":true,"jetpack-related-posts":[],"jetpack_shortlink":"https:\/\/wp.me\/Pe7Cu3-977","_links":{"self":[{"href":"https:\/\/www.balticmedia.com\/sv\/wp-json\/wp\/v2\/pages\/35037","targetHints":{"allow":["GET"]}}],"collection":[{"href":"https:\/\/www.balticmedia.com\/sv\/wp-json\/wp\/v2\/pages"}],"about":[{"href":"https:\/\/www.balticmedia.com\/sv\/wp-json\/wp\/v2\/types\/page"}],"author":[{"embeddable":true,"href":"https:\/\/www.balticmedia.com\/sv\/wp-json\/wp\/v2\/users\/2"}],"replies":[{"embeddable":true,"href":"https:\/\/www.balticmedia.com\/sv\/wp-json\/wp\/v2\/comments?post=35037"}],"version-history":[{"count":7,"href":"https:\/\/www.balticmedia.com\/sv\/wp-json\/wp\/v2\/pages\/35037\/revisions"}],"predecessor-version":[{"id":100449,"href":"https:\/\/www.balticmedia.com\/sv\/wp-json\/wp\/v2\/pages\/35037\/revisions\/100449"}],"up":[{"embeddable":true,"href":"https:\/\/www.balticmedia.com\/sv\/wp-json\/wp\/v2\/pages\/11607"}],"wp:attachment":[{"href":"https:\/\/www.balticmedia.com\/sv\/wp-json\/wp\/v2\/media?parent=35037"}],"curies":[{"name":"wp","href":"https:\/\/api.w.org\/{rel}","templated":true}]}}