{"id":11493,"date":"2021-01-15T18:38:58","date_gmt":"2021-01-15T16:38:58","guid":{"rendered":"https:\/\/wp.balticmedia.dev.telia.lv\/translation-jobs\/"},"modified":"2022-11-25T03:28:38","modified_gmt":"2022-11-25T01:28:38","slug":"lediga-jobb","status":"publish","type":"page","link":"https:\/\/www.balticmedia.com\/sv\/lediga-jobb\/","title":{"rendered":"Lediga jobb f\u00f6r \u00f6vers\u00e4ttare"},"content":{"rendered":"<div id=\"pl-11493\"  class=\"panel-layout\" ><div id=\"pg-11493-0\"  class=\"panel-grid panel-no-style\" ><div id=\"pgc-11493-0-0\"  class=\"panel-grid-cell\" ><div id=\"panel-11493-0-0-0\" class=\"so-panel widget widget_sow-image panel-first-child panel-last-child widgetopts-SO\" data-index=\"0\" ><div\n\t\t\t\n\t\t\tclass=\"so-widget-sow-image so-widget-sow-image-default-8b5b6f678277-11493\"\n\t\t\t\n\t\t>\n<div class=\"sow-image-container\">\n\t\t<img loading=\"lazy\" decoding=\"async\" src=\"https:\/\/i0.wp.com\/www.balticmedia.com\/wp-content\/uploads\/1about_us-scaled.jpg?fit=2560%2C549&amp;ssl=1\" width=\"2560\" height=\"549\" srcset=\"https:\/\/i0.wp.com\/www.balticmedia.com\/wp-content\/uploads\/1about_us-scaled.jpg?w=2560&amp;ssl=1 2560w, https:\/\/i0.wp.com\/www.balticmedia.com\/wp-content\/uploads\/1about_us-scaled.jpg?resize=300%2C64&amp;ssl=1 300w, https:\/\/i0.wp.com\/www.balticmedia.com\/wp-content\/uploads\/1about_us-scaled.jpg?resize=1024%2C219&amp;ssl=1 1024w, https:\/\/i0.wp.com\/www.balticmedia.com\/wp-content\/uploads\/1about_us-scaled.jpg?resize=768%2C165&amp;ssl=1 768w, https:\/\/i0.wp.com\/www.balticmedia.com\/wp-content\/uploads\/1about_us-scaled.jpg?resize=1536%2C329&amp;ssl=1 1536w, https:\/\/i0.wp.com\/www.balticmedia.com\/wp-content\/uploads\/1about_us-scaled.jpg?resize=2048%2C439&amp;ssl=1 2048w, https:\/\/i0.wp.com\/www.balticmedia.com\/wp-content\/uploads\/1about_us-scaled.jpg?w=2400&amp;ssl=1 2400w\" title=\"1about_us\" alt=\"\" class=\"so-widget-image\">\n\t<\/div>\n\n<\/div><\/div><\/div><\/div><div id=\"pg-11493-1\"  class=\"panel-grid panel-no-style\" ><div id=\"pgc-11493-1-0\"  class=\"panel-grid-cell\" ><div id=\"panel-11493-1-0-0\" class=\"so-panel widget widget_sow-editor panel-first-child extendedwopts-hide extendedwopts-tablet extendedwopts-mobile widgetopts-SO\" data-index=\"1\" ><div\n\t\t\t\n\t\t\tclass=\"so-widget-sow-editor so-widget-sow-editor-base\"\n\t\t\t\n\t\t>\n<div class=\"siteorigin-widget-tinymce textwidget\">\n\t<pre><form aria-label=\"Search this website\" role=\"search\" method=\"get\" class=\"oceanwp-searchform\" id=\"searchform\" action=\"https:\/\/www.balticmedia.com\/sv\/\"><input aria-label=\"Insert search query\" type=\"text\" class=\"field\" name=\"s\" id=\"s\" placeholder=\"Search\"><button aria-label=\"Submit your search\" type=\"submit\" class=\"search-submit\" value=\"\"><i class=\"icon-magnifier\" aria-hidden=\"true\"><\/i><\/button><\/form><\/pre>\n<\/div>\n<\/div><\/div><div id=\"panel-11493-1-0-1\" class=\"so-panel widget widget_ocean_custom_menu widget-oceanwp-custom-menu custom-menu-widget widgetopts-SO\" data-index=\"2\" ><div class=\"oceanwp-custom-menu clr ocean_custom_menu-2 left dropdown-hover\"><ul id=\"menu-jobs-sv\" class=\"dropdown-menu sf-menu\"><li  id=\"menu-item-49385\" class=\"menu-item menu-item-type-post_type menu-item-object-page menu-item-49385\"><a href=\"https:\/\/www.balticmedia.com\/sv\/lediga-jobb\/\" class=\"menu-link\">Lediga jobb f\u00f6r \u00f6vers\u00e4ttare<\/a><\/li>\n<li  id=\"menu-item-49386\" class=\"menu-item menu-item-type-post_type menu-item-object-page menu-item-49386\"><a href=\"https:\/\/www.balticmedia.com\/sv\/lediga-jobb\/oversattningsjobb\/\" class=\"menu-link\">\u00d6vers\u00e4ttningsjobb<\/a><\/li>\n<li  id=\"menu-item-121809\" class=\"menu-item menu-item-type-post_type menu-item-object-page menu-item-121809\"><a href=\"https:\/\/www.balticmedia.com\/sv\/lediga-jobb\/bli-oversattare\/\" class=\"menu-link\">Vad kr\u00e4vs f\u00f6r att bli \u00f6vers\u00e4ttare? Utbildning<\/a><\/li>\n<li  id=\"menu-item-49387\" class=\"menu-item menu-item-type-post_type menu-item-object-page menu-item-49387\"><a href=\"https:\/\/www.balticmedia.com\/sv\/lediga-jobb\/upplasare-och-voice-over\/\" class=\"menu-link\">Uppl\u00e4sare och voice over<\/a><\/li>\n<li  id=\"menu-item-102684\" class=\"menu-item menu-item-type-post_type menu-item-object-page menu-item-102684\"><a href=\"https:\/\/www.balticmedia.com\/sv\/lediga-jobb\/spraklarare-jobb-for-sprakundervisning-pa-natet\/\" class=\"menu-link\">Spr\u00e5kl\u00e4rare | Jobb f\u00f6r spr\u00e5kundervisning p\u00e5 n\u00e4tet<\/a><\/li>\n<li  id=\"menu-item-101314\" class=\"menu-item menu-item-type-post_type menu-item-object-page menu-item-101314\"><a href=\"https:\/\/www.balticmedia.com\/sv\/webbplatskarta\/\" class=\"menu-link\">Webbplatskarta<\/a><\/li>\n<li  id=\"menu-item-120690\" class=\"menu-item menu-item-type-post_type menu-item-object-page menu-item-120690\"><a href=\"https:\/\/www.balticmedia.com\/sv\/clients\/\" class=\"menu-link\">Client Portal<\/a><\/li>\n<li  id=\"menu-item-124044\" class=\"menu-item menu-item-type-post_type menu-item-object-page menu-item-124044\"><a href=\"https:\/\/www.balticmedia.com\/sv\/oversattningsbyra-svenska-engelska\/\" class=\"menu-link\">\u00d6vers\u00e4ttningsbyr\u00e5 Svenska Engelska<\/a><\/li>\n<li  id=\"menu-item-124720\" class=\"menu-item menu-item-type-post_type menu-item-object-page menu-item-124720\"><a href=\"https:\/\/www.balticmedia.com\/sv\/auktoriserad-oversattning-av-dokument\/\" class=\"menu-link\">Auktoriserad \u00f6vers\u00e4ttning av dokument<\/a><\/li>\n<li  id=\"menu-item-127241\" class=\"menu-item menu-item-type-post_type menu-item-object-page menu-item-127241\"><a href=\"https:\/\/www.balticmedia.com\/sv\/auktoriserad-oversattning-online\/\" class=\"menu-link\">Auktoriserad \u00f6vers\u00e4ttning online<\/a><\/li>\n<li  id=\"menu-item-133018\" class=\"menu-item menu-item-type-post_type menu-item-object-page menu-item-133018\"><a href=\"https:\/\/www.balticmedia.com\/sv\/litterar-oversattning\/\" class=\"menu-link\">Litter\u00e4r \u00f6vers\u00e4ttning<\/a><\/li>\n<li  id=\"menu-item-140434\" class=\"menu-item menu-item-type-post_type menu-item-object-page menu-item-140434\"><a href=\"https:\/\/www.balticmedia.com\/sv\/oversattning-och-lokalisering-av-appar\/\" class=\"menu-link\">\u00d6vers\u00e4ttning och lokalisering av appar<\/a><\/li>\n<\/ul><\/div><\/div><div id=\"panel-11493-1-0-2\" class=\"so-panel widget widget_ocean_custom_menu widget-oceanwp-custom-menu custom-menu-widget panel-last-child extendedwopts-hide extendedwopts-tablet extendedwopts-mobile widgetopts-SO\" data-index=\"3\" ><div class=\"oceanwp-custom-menu clr ocean_custom_menu-2 left dropdown-hover\"><ul id=\"menu-partnerskap\" class=\"dropdown-menu sf-menu\"><li  id=\"menu-item-11566\" class=\"menu-item menu-item-type-custom menu-item-object-custom menu-item-11566\"><a target=\"_blank\" href=\"https:\/\/balticmedia.s.xtrf.eu\/vendors\/#\/sign-in\" class=\"menu-link\" rel=\"nofollow noopener\"><i class=\"icon before line-icon icon-briefcase\" aria-hidden=\"true\" style=\"font-size:2em;\"><\/i><span class=\"menu-text\">Partnerportal<\/span><\/a><\/li>\n<li  id=\"menu-item-11724\" class=\"menu-item menu-item-type-custom menu-item-object-custom menu-item-11724\"><a target=\"_blank\" href=\"https:\/\/www.balticmedia.com\/wp-content\/uploads\/11-Reasons-to-Choose-Baltic-Media-2026.pdf\" class=\"menu-link\"><i class=\"icon before line-icon icon-people\" aria-hidden=\"true\" style=\"font-size:2em;\"><\/i><span class=\"menu-text\">\u00d6vers\u00e4ttningsbyr\u00e5 och \u00f6vers\u00e4ttare<\/span><\/a><\/li>\n<li  id=\"menu-item-11725\" class=\"menu-item menu-item-type-custom menu-item-object-custom menu-item-11725\"><a target=\"_blank\" href=\"https:\/\/www.balticmedia.com\/wp-content\/uploads\/oversattningsbyra-sv.pdf\" class=\"menu-link\"><i class=\"icon before line-icon icon-organization\" aria-hidden=\"true\" style=\"font-size:2em;\"><\/i><span class=\"menu-text\">\u00d6vers\u00e4ttning. Steg f\u00f6r steg<\/span><\/a><\/li>\n<li  id=\"menu-item-11726\" class=\"menu-item menu-item-type-custom menu-item-object-custom menu-item-11726\"><a target=\"_blank\" href=\"https:\/\/www.balticmedia.com\/wp-content\/uploads\/Baltic-Media-Ltd-Service-Terms-and-Conditions-SE.pdf\" class=\"menu-link\"><i class=\"icon before line-icon icon-docs\" aria-hidden=\"true\" style=\"font-size:2em;\"><\/i><span class=\"menu-text\">Tj\u00e4nstevillkor<\/span><\/a><\/li>\n<li  id=\"menu-item-11728\" class=\"menu-item menu-item-type-custom menu-item-object-custom menu-item-11728\"><a target=\"_blank\" href=\"https:\/\/www.balticmedia.com\/wp-content\/uploads\/iSO-certificate-2023.png\" class=\"menu-link\"><i class=\"icon before line-icon icon-doc\" aria-hidden=\"true\" style=\"font-size:2em;\"><\/i><span class=\"menu-text\">\u00d6vers\u00e4ttning enligt ISO 9001:2015<\/span><\/a><\/li>\n<li  id=\"menu-item-11727\" class=\"menu-item menu-item-type-custom menu-item-object-custom menu-item-11727\"><a target=\"_blank\" href=\"https:\/\/www.balticmedia.com\/wp-content\/uploads\/362531_copyrighttrademarkbalticmedia.pdf\" class=\"menu-link\"><i class=\"icon before line-icon icon-info\" aria-hidden=\"true\" style=\"font-size:2em;\"><\/i><span class=\"menu-text\">Copyright | Trademark Baltic Media<sup>\u00ae<\/sup><\/span><\/a><\/li>\n<\/ul><\/div><\/div><\/div><div id=\"pgc-11493-1-1\"  class=\"panel-grid-cell\" ><div id=\"panel-11493-1-1-0\" class=\"so-panel widget widget_sow-editor panel-first-child panel-last-child widgetopts-SO\" data-index=\"4\" ><div\n\t\t\t\n\t\t\tclass=\"so-widget-sow-editor so-widget-sow-editor-base\"\n\t\t\t\n\t\t>\n<div class=\"siteorigin-widget-tinymce textwidget\">\n\t<h1><strong>Lediga jobb f\u00f6r \u00f6vers\u00e4ttare | Frilans\u00f6vers\u00e4ttare<\/strong><\/h1>\n<h2><strong>Frilans\u00f6vers\u00e4ttare\u00a0|\u00a0\u00d6vers\u00e4ttning jobb | Lediga jobb f\u00f6r \u00f6vers\u00e4ttare | Jobba som \u00f6vers\u00e4ttare | \u00d6vers\u00e4ttningsbyr\u00e5 Baltic Media<sup>\u00ae<\/sup><\/strong><\/h2>\n<h3>Om du \u00e4r \u00f6vers\u00e4ttare, tolk, korrekturl\u00e4sare eller reklamskrivare och \u00e4r intresserad av att samarbeta med Baltic Media Ltd, f\u00e5r du g\u00e4rna <a href=\"https:\/\/www.balticmedia.com\/sv\/lediga-jobb\/oversattningsjobb\/\">skicka in en ans\u00f6kan<\/a>. Vi behandlar all information som strikt konfidentiell.<\/h3>\n<h4><strong>Om du \u00e4r uppl\u00e4sare eller r\u00f6stsk\u00e5despelare och vill samarbeta med Baltic Media Ltd, f\u00e5r du g\u00e4rna <a href=\"https:\/\/www.balticmedia.com\/sv\/lediga-jobb\/upplasare-och-voice-over\/\">skicka in en ans\u00f6kan<\/a>. Med oss kan du samarbeta antingen som fysisk person eller som juridisk person om du har ett registrerat f\u00f6retag. Vi behandlar all information som strikt konfidentiell.<\/strong><\/h4>\n<p>Vi letar efter\u00a0\u00f6vers\u00e4ttare med en passion f\u00f6r teknik, juridik, medicin\u00a0och ett \u00f6ga f\u00f6r detaljer f\u00f6r att bli en del av v\u00e5r frilanspool f\u00f6r tekniska, juridiska och medicinska \u00f6vers\u00e4ttningar. Vi kan erbjuda l\u00f6pande uppdrag med intressanta kunder.<\/p>\n<p>F\u00f6r r\u00e4tt person erbjuds l\u00e5ngsiktigt samarbete med goda uppdragsvolymer \u00e5t intressanta och varierande kunder.<\/p>\n<p>Svenska, norska, danska, finska, isl\u00e4ndska, f\u00e4r\u00f6iska och andra spr\u00e5k som modersm\u00e5l samt flytande engelska \u00e4r en f\u00f6ruts\u00e4ttning f\u00f6r den h\u00e4r rollen. Vi ser g\u00e4rna att du har\u00a0en examen inom en spr\u00e5krelaterad utbildning eller fler\u00e5rig erfarenhet inom \u00f6vers\u00e4ttningsbranschen.<\/p>\n<p>Om det h\u00e4r frilansjobbet l\u00e5ter intressant, \u00e4r du v\u00e4lkommen\u00a0att bifoga din \u00f6nskade timl\u00f6n och pris per ord i din ans\u00f6kan och bifoga ett CV som visar p\u00e5 relevanta kunskaper.<\/p>\n<p>Om du passar in p\u00e5 v\u00e5ra krav s\u00e5 kommer vi att be dig att skriva p\u00e5 en NDA s\u00e5 att vi kan ge ytterligare information.<\/p>\n<hr \/>\n<p><strong>Den nordisk-baltiska \u00f6vers\u00e4ttningsbyr\u00e5n Baltic Media<sup>\u00ae<\/sup><\/strong> \u00e4r en ledande leverant\u00f6r av digitala \u00f6vers\u00e4ttningstj\u00e4nster i norra Europa som specialiserar sig p\u00e5 nordeuropeiska (inkl. nordiska, baltiska, slaviska) spr\u00e5k. Detta inkluderar \u00f6vers\u00e4ttningstj\u00e4nster fr\u00e5n\/tilll svenska, finska, danska, isl\u00e4ndska, f\u00e4r\u00f6iska, norska, tyska, engelska, polska, ryska, lettiska, litauiska och etniska.<\/p>\n<p>Som en ISO-certifierade leverant\u00f6r av spr\u00e5ktj\u00e4nster erbjuder \u00f6vers\u00e4ttningsbyr\u00e5n Baltic Media<sup>\u00ae<\/sup> m\u00e4nsklig \u00f6vers\u00e4ttning f\u00f6r f\u00f6retags-, myndighets- och privatkunder.<\/p>\n<p><iframe loading=\"lazy\" title=\"YouTube video player\" src=\"https:\/\/www.youtube.com\/embed\/OyESEYdGPhg\" width=\"560\" height=\"315\" frameborder=\"0\" allowfullscreen=\"allowfullscreen\"><\/iframe><\/p>\n<hr \/>\n<p><img data-recalc-dims=\"1\" loading=\"lazy\" decoding=\"async\" class=\"alignnone wp-image-2091 size-medium\" src=\"https:\/\/i0.wp.com\/www.balticmedia.com\/wp-content\/uploads\/Nordic-Baltic-Language-service-provider-2.jpg?resize=300%2C200&#038;ssl=1\" alt=\"Baltic Media, Translation Jobs Baltic Media\" width=\"300\" height=\"200\" title=\"\"><img data-recalc-dims=\"1\" loading=\"lazy\" decoding=\"async\" class=\"alignnone wp-image-7468 size-full\" src=\"https:\/\/i0.wp.com\/www.balticmedia.com\/wp-content\/uploads\/balticmedia_logo.png?resize=300%2C87&#038;ssl=1\" alt=\"Baltic Media&lt;sup&gt;\u00ae&lt;\/sup&gt;\" width=\"300\" height=\"87\" title=\"\"><\/p>\n<\/div>\n<\/div><\/div><\/div><\/div><\/div>","protected":false},"excerpt":{"rendered":"<p>Lediga jobb f\u00f6r \u00f6vers\u00e4ttare | Frilans\u00f6vers\u00e4ttare Frilans\u00f6vers\u00e4ttare\u00a0|\u00a0\u00d6vers\u00e4ttning jobb | Lediga jobb f\u00f6r \u00f6vers\u00e4ttare | Jobba som \u00f6vers\u00e4ttare | \u00d6vers\u00e4ttningsbyr\u00e5 Baltic Media\u00ae Om du \u00e4r \u00f6vers\u00e4ttare, tolk, korrekturl\u00e4sare eller reklamskrivare och \u00e4r intresserad av att samarbeta med Baltic Media Ltd, f\u00e5r du g\u00e4rna skicka in en ans\u00f6kan. Vi behandlar all information som strikt konfidentiell. Om du [&hellip;]<\/p>\n","protected":false},"author":2,"featured_media":0,"parent":0,"menu_order":0,"comment_status":"closed","ping_status":"closed","template":"","meta":{"ocean_post_layout":"","ocean_both_sidebars_style":"","ocean_both_sidebars_content_width":0,"ocean_both_sidebars_sidebars_width":0,"ocean_sidebar":"0","ocean_second_sidebar":"0","ocean_disable_margins":"enable","ocean_add_body_class":"","ocean_shortcode_before_top_bar":"","ocean_shortcode_after_top_bar":"","ocean_shortcode_before_header":"","ocean_shortcode_after_header":"","ocean_has_shortcode":"","ocean_shortcode_after_title":"","ocean_shortcode_before_footer_widgets":"","ocean_shortcode_after_footer_widgets":"","ocean_shortcode_before_footer_bottom":"","ocean_shortcode_after_footer_bottom":"","ocean_display_top_bar":"default","ocean_display_header":"default","ocean_header_style":"","ocean_center_header_left_menu":"0","ocean_custom_header_template":"0","ocean_custom_logo":0,"ocean_custom_retina_logo":0,"ocean_custom_logo_max_width":0,"ocean_custom_logo_tablet_max_width":0,"ocean_custom_logo_mobile_max_width":0,"ocean_custom_logo_max_height":0,"ocean_custom_logo_tablet_max_height":0,"ocean_custom_logo_mobile_max_height":0,"ocean_header_custom_menu":"0","ocean_menu_typo_font_family":"0","ocean_menu_typo_font_subset":"","ocean_menu_typo_font_size":0,"ocean_menu_typo_font_size_tablet":0,"ocean_menu_typo_font_size_mobile":0,"ocean_menu_typo_font_size_unit":"px","ocean_menu_typo_font_weight":"","ocean_menu_typo_font_weight_tablet":"","ocean_menu_typo_font_weight_mobile":"","ocean_menu_typo_transform":"","ocean_menu_typo_transform_tablet":"","ocean_menu_typo_transform_mobile":"","ocean_menu_typo_line_height":0,"ocean_menu_typo_line_height_tablet":0,"ocean_menu_typo_line_height_mobile":0,"ocean_menu_typo_line_height_unit":"","ocean_menu_typo_spacing":0,"ocean_menu_typo_spacing_tablet":0,"ocean_menu_typo_spacing_mobile":0,"ocean_menu_typo_spacing_unit":"","ocean_menu_link_color":"","ocean_menu_link_color_hover":"","ocean_menu_link_color_active":"","ocean_menu_link_background":"","ocean_menu_link_hover_background":"","ocean_menu_link_active_background":"","ocean_menu_social_links_bg":"","ocean_menu_social_hover_links_bg":"","ocean_menu_social_links_color":"","ocean_menu_social_hover_links_color":"","ocean_disable_title":"default","ocean_disable_heading":"default","ocean_post_title":"","ocean_post_subheading":"","ocean_post_title_style":"","ocean_post_title_background_color":"","ocean_post_title_background":0,"ocean_post_title_bg_image_position":"","ocean_post_title_bg_image_attachment":"","ocean_post_title_bg_image_repeat":"","ocean_post_title_bg_image_size":"","ocean_post_title_height":0,"ocean_post_title_bg_overlay":0.5,"ocean_post_title_bg_overlay_color":"","ocean_disable_breadcrumbs":"default","ocean_breadcrumbs_color":"","ocean_breadcrumbs_separator_color":"","ocean_breadcrumbs_links_color":"","ocean_breadcrumbs_links_hover_color":"","ocean_display_footer_widgets":"default","ocean_display_footer_bottom":"default","ocean_custom_footer_template":"0","ofc_meta_disable_footer_callout":"","ofc_meta_callout_button_url":"","ofc_meta_callout_button_txt":"","ofc_meta_callout_text":"","osh_disable_topbar_sticky":"default","osh_disable_header_sticky":"default","osh_sticky_header_style":"default","osh_sticky_header_effect":"","osh_custom_sticky_logo":0,"osh_custom_retina_sticky_logo":0,"osh_custom_sticky_logo_height":0,"osh_background_color":"","osh_links_color":"","osh_links_hover_color":"","osh_links_active_color":"","osh_links_bg_color":"","osh_links_hover_bg_color":"","osh_links_active_bg_color":"","osh_menu_social_links_color":"","osh_menu_social_hover_links_color":"","footnotes":""},"class_list":["post-11493","page","type-page","status-publish","hentry","entry"],"jetpack_sharing_enabled":true,"jetpack_likes_enabled":true,"jetpack-related-posts":[],"jetpack_shortlink":"https:\/\/wp.me\/Pe7Cu3-2Zn","_links":{"self":[{"href":"https:\/\/www.balticmedia.com\/sv\/wp-json\/wp\/v2\/pages\/11493","targetHints":{"allow":["GET"]}}],"collection":[{"href":"https:\/\/www.balticmedia.com\/sv\/wp-json\/wp\/v2\/pages"}],"about":[{"href":"https:\/\/www.balticmedia.com\/sv\/wp-json\/wp\/v2\/types\/page"}],"author":[{"embeddable":true,"href":"https:\/\/www.balticmedia.com\/sv\/wp-json\/wp\/v2\/users\/2"}],"replies":[{"embeddable":true,"href":"https:\/\/www.balticmedia.com\/sv\/wp-json\/wp\/v2\/comments?post=11493"}],"version-history":[{"count":5,"href":"https:\/\/www.balticmedia.com\/sv\/wp-json\/wp\/v2\/pages\/11493\/revisions"}],"predecessor-version":[{"id":110821,"href":"https:\/\/www.balticmedia.com\/sv\/wp-json\/wp\/v2\/pages\/11493\/revisions\/110821"}],"wp:attachment":[{"href":"https:\/\/www.balticmedia.com\/sv\/wp-json\/wp\/v2\/media?parent=11493"}],"curies":[{"name":"wp","href":"https:\/\/api.w.org\/{rel}","templated":true}]}}