{"id":10637,"date":"2021-02-03T14:13:04","date_gmt":"2021-02-03T12:13:04","guid":{"rendered":"https:\/\/wp.balticmedia.dev.telia.lv\/client-satisfactory-survey\/"},"modified":"2023-04-28T20:10:59","modified_gmt":"2023-04-28T17:10:59","slug":"referensformular","status":"publish","type":"page","link":"https:\/\/www.balticmedia.com\/sv\/oversattning-kostnad\/referensformular\/","title":{"rendered":"Unders\u00f6kning om kundn\u00f6jdhet"},"content":{"rendered":"<div id=\"pl-10637\"  class=\"panel-layout\" ><div id=\"pg-10637-0\"  class=\"panel-grid panel-no-style\" ><div id=\"pgc-10637-0-0\"  class=\"panel-grid-cell\" ><div id=\"panel-10637-0-0-0\" class=\"so-panel widget widget_sow-image panel-first-child panel-last-child widgetopts-SO\" data-index=\"0\" ><div\n\t\t\t\n\t\t\tclass=\"so-widget-sow-image so-widget-sow-image-default-8b5b6f678277-10637\"\n\t\t\t\n\t\t>\n<div class=\"sow-image-container\">\n\t\t<img loading=\"lazy\" decoding=\"async\" src=\"https:\/\/i0.wp.com\/www.balticmedia.com\/wp-content\/uploads\/5blog-scaled.jpg?fit=2560%2C549&amp;ssl=1\" width=\"2560\" height=\"549\" srcset=\"https:\/\/i0.wp.com\/www.balticmedia.com\/wp-content\/uploads\/5blog-scaled.jpg?w=2560&amp;ssl=1 2560w, https:\/\/i0.wp.com\/www.balticmedia.com\/wp-content\/uploads\/5blog-scaled.jpg?resize=300%2C64&amp;ssl=1 300w, https:\/\/i0.wp.com\/www.balticmedia.com\/wp-content\/uploads\/5blog-scaled.jpg?resize=1024%2C219&amp;ssl=1 1024w, https:\/\/i0.wp.com\/www.balticmedia.com\/wp-content\/uploads\/5blog-scaled.jpg?resize=768%2C165&amp;ssl=1 768w, https:\/\/i0.wp.com\/www.balticmedia.com\/wp-content\/uploads\/5blog-scaled.jpg?resize=1536%2C329&amp;ssl=1 1536w, https:\/\/i0.wp.com\/www.balticmedia.com\/wp-content\/uploads\/5blog-scaled.jpg?resize=2048%2C439&amp;ssl=1 2048w, https:\/\/i0.wp.com\/www.balticmedia.com\/wp-content\/uploads\/5blog-scaled.jpg?w=2400&amp;ssl=1 2400w\" title=\"5blog\" alt=\"\" class=\"so-widget-image\">\n\t<\/div>\n\n<\/div><\/div><\/div><\/div><div id=\"pg-10637-1\"  class=\"panel-grid panel-no-style\" ><div id=\"pgc-10637-1-0\"  class=\"panel-grid-cell\" ><div id=\"panel-10637-1-0-0\" class=\"so-panel widget widget_sow-editor panel-first-child extendedwopts-hide extendedwopts-tablet extendedwopts-mobile widgetopts-SO\" data-index=\"1\" ><div\n\t\t\t\n\t\t\tclass=\"so-widget-sow-editor so-widget-sow-editor-base\"\n\t\t\t\n\t\t>\n<div class=\"siteorigin-widget-tinymce textwidget\">\n\t<pre><form aria-label=\"Search this website\" role=\"search\" method=\"get\" class=\"oceanwp-searchform\" id=\"searchform\" action=\"https:\/\/www.balticmedia.com\/sv\/\"><input aria-label=\"Insert search query\" type=\"text\" class=\"field\" name=\"s\" id=\"s\" placeholder=\"Search\"><button aria-label=\"Submit your search\" type=\"submit\" class=\"search-submit\" value=\"\"><i class=\"icon-magnifier\" aria-hidden=\"true\"><\/i><\/button><\/form><\/pre>\n<\/div>\n<\/div><\/div><div id=\"panel-10637-1-0-1\" class=\"so-panel widget widget_ocean_custom_menu widget-oceanwp-custom-menu custom-menu-widget extendedwopts-hide extendedwopts-tablet extendedwopts-mobile widgetopts-SO\" data-index=\"2\" ><div class=\"oceanwp-custom-menu clr ocean_custom_menu-2 left dropdown-hover\"><ul id=\"menu-prices-sv\" class=\"dropdown-menu sf-menu\"><li  id=\"menu-item-49507\" class=\"menu-item menu-item-type-post_type menu-item-object-page menu-item-49507\"><a href=\"https:\/\/www.balticmedia.com\/sv\/oversattning-kostnad\/\" class=\"menu-link\">Kostnader f\u00f6r \u00f6vers\u00e4ttning<\/a><\/li>\n<li  id=\"menu-item-86691\" class=\"menu-item menu-item-type-post_type menu-item-object-page menu-item-86691\"><a href=\"https:\/\/www.balticmedia.com\/sv\/oversattning-kostnad\/billig-oversattning\/\" class=\"menu-link\">Billig \u00f6vers\u00e4ttning hos kvalitetscertifierad \u00f6vers\u00e4ttningsbyr\u00e5<\/a><\/li>\n<li  id=\"menu-item-84556\" class=\"menu-item menu-item-type-post_type menu-item-object-page menu-item-84556\"><a href=\"https:\/\/www.balticmedia.com\/sv\/oversattning-kostnad\/vad-tycker-vara-kunder\/\" class=\"menu-link\">Vad tycker v\u00e5ra kunder<\/a><\/li>\n<li  id=\"menu-item-86756\" class=\"menu-item menu-item-type-post_type menu-item-object-page menu-item-86756\"><a href=\"https:\/\/www.balticmedia.com\/sv\/oversattning-kostnad\/auktoriserad-oversattning-pris\/\" class=\"menu-link\">Pris auktoriserad overs\u00e4ttning<\/a><\/li>\n<li  id=\"menu-item-49510\" class=\"menu-item menu-item-type-post_type menu-item-object-page menu-item-49510\"><a href=\"https:\/\/www.balticmedia.com\/sv\/oversattning-kostnad\/pris-for-oversattning\/\" class=\"menu-link\">\u00d6vers\u00e4ttning | Pris per ord<\/a><\/li>\n<li  id=\"menu-item-49508\" class=\"menu-item menu-item-type-post_type menu-item-object-page menu-item-49508\"><a href=\"https:\/\/www.balticmedia.com\/sv\/oversattning-kostnad\/hur-valjer-man-oversattningsbyra\/\" class=\"menu-link\">Hur v\u00e4ljer man \u00f6vers\u00e4ttningsbyr\u00e5<\/a><\/li>\n<li  id=\"menu-item-49509\" class=\"menu-item menu-item-type-post_type menu-item-object-page menu-item-49509\"><a href=\"https:\/\/www.balticmedia.com\/sv\/oversattning-kostnad\/oversattningstjanster-kvalitet\/\" class=\"menu-link\">\u00d6vers\u00e4ttning med ISO 9001:2015 kvalitetscertifiering<\/a><\/li>\n<li  id=\"menu-item-49513\" class=\"menu-item menu-item-type-post_type menu-item-object-page menu-item-49513\"><a href=\"https:\/\/www.balticmedia.com\/sv\/oversattning-kostnad\/vara-kunder\/\" class=\"menu-link\">V\u00e5ra kunder<\/a><\/li>\n<li  id=\"menu-item-86762\" class=\"menu-item menu-item-type-post_type menu-item-object-page menu-item-86762\"><a href=\"https:\/\/www.balticmedia.com\/sv\/oversattning-kostnad\/referensformular\/\" class=\"menu-link\">Referensformul\u00e4r<\/a><\/li>\n<li  id=\"menu-item-49515\" class=\"menu-item menu-item-type-post_type menu-item-object-page menu-item-49515\"><a href=\"https:\/\/www.balticmedia.com\/sv\/oversattning-kostnad\/kundreferenser\/\" class=\"menu-link\">Kundreferenser<\/a><\/li>\n<li  id=\"menu-item-101315\" class=\"menu-item menu-item-type-post_type menu-item-object-page menu-item-101315\"><a href=\"https:\/\/www.balticmedia.com\/sv\/webbplatskarta\/\" class=\"menu-link\">Webbplatskarta<\/a><\/li>\n<li  id=\"menu-item-120704\" class=\"menu-item menu-item-type-post_type menu-item-object-page menu-item-120704\"><a href=\"https:\/\/www.balticmedia.com\/sv\/clients\/\" class=\"menu-link\">Client Portal<\/a><\/li>\n<li  id=\"menu-item-120705\" class=\"menu-item menu-item-type-post_type menu-item-object-page menu-item-120705\"><a href=\"https:\/\/www.balticmedia.com\/sv\/clients\/\" class=\"menu-link\">Client Portal<\/a><\/li>\n<li  id=\"menu-item-121619\" class=\"menu-item menu-item-type-post_type menu-item-object-page menu-item-121619\"><a href=\"https:\/\/www.balticmedia.com\/sv\/auktoriserad-oversattare-engelska-stockholm\/\" class=\"menu-link\">Auktoriserad \u00f6vers\u00e4ttare engelska Stockholm<\/a><\/li>\n<li  id=\"menu-item-121801\" class=\"menu-item menu-item-type-post_type menu-item-object-page menu-item-121801\"><a href=\"https:\/\/www.balticmedia.com\/sv\/lediga-jobb\/bli-oversattare\/\" class=\"menu-link\">Vad kr\u00e4vs f\u00f6r att bli \u00f6vers\u00e4ttare? Utbildning<\/a><\/li>\n<li  id=\"menu-item-124045\" class=\"menu-item menu-item-type-post_type menu-item-object-page menu-item-124045\"><a href=\"https:\/\/www.balticmedia.com\/sv\/oversattningsbyra-svenska-engelska\/\" class=\"menu-link\">\u00d6vers\u00e4ttningsbyr\u00e5 Svenska Engelska<\/a><\/li>\n<li  id=\"menu-item-124721\" class=\"menu-item menu-item-type-post_type menu-item-object-page menu-item-124721\"><a href=\"https:\/\/www.balticmedia.com\/sv\/auktoriserad-oversattning-av-dokument\/\" class=\"menu-link\">Auktoriserad \u00f6vers\u00e4ttning av dokument<\/a><\/li>\n<li  id=\"menu-item-127242\" class=\"menu-item menu-item-type-post_type menu-item-object-page menu-item-127242\"><a href=\"https:\/\/www.balticmedia.com\/sv\/auktoriserad-oversattning-online\/\" class=\"menu-link\">Auktoriserad \u00f6vers\u00e4ttning online<\/a><\/li>\n<li  id=\"menu-item-133019\" class=\"menu-item menu-item-type-post_type menu-item-object-page menu-item-133019\"><a href=\"https:\/\/www.balticmedia.com\/sv\/litterar-oversattning\/\" class=\"menu-link\">Litter\u00e4r \u00f6vers\u00e4ttning<\/a><\/li>\n<li  id=\"menu-item-140435\" class=\"menu-item menu-item-type-post_type menu-item-object-page menu-item-140435\"><a href=\"https:\/\/www.balticmedia.com\/sv\/oversattning-och-lokalisering-av-appar\/\" class=\"menu-link\">\u00d6vers\u00e4ttning och lokalisering av appar<\/a><\/li>\n<\/ul><\/div><\/div><div id=\"panel-10637-1-0-2\" class=\"so-panel widget widget_ocean_custom_menu widget-oceanwp-custom-menu custom-menu-widget panel-last-child extendedwopts-hide extendedwopts-tablet extendedwopts-mobile widgetopts-SO\" data-index=\"3\" ><div class=\"oceanwp-custom-menu clr ocean_custom_menu-2 left dropdown-hover\"><ul id=\"menu-partnerskap\" class=\"dropdown-menu sf-menu\"><li  id=\"menu-item-11566\" class=\"menu-item menu-item-type-custom menu-item-object-custom menu-item-11566\"><a target=\"_blank\" href=\"https:\/\/balticmedia.s.xtrf.eu\/vendors\/#\/sign-in\" class=\"menu-link\" rel=\"nofollow noopener\"><i class=\"icon before line-icon icon-briefcase\" aria-hidden=\"true\" style=\"font-size:2em;\"><\/i><span class=\"menu-text\">Partnerportal<\/span><\/a><\/li>\n<li  id=\"menu-item-11724\" class=\"menu-item menu-item-type-custom menu-item-object-custom menu-item-11724\"><a target=\"_blank\" href=\"https:\/\/www.balticmedia.com\/wp-content\/uploads\/11-Reasons-to-Choose-Baltic-Media-2026.pdf\" class=\"menu-link\"><i class=\"icon before line-icon icon-people\" aria-hidden=\"true\" style=\"font-size:2em;\"><\/i><span class=\"menu-text\">\u00d6vers\u00e4ttningsbyr\u00e5 och \u00f6vers\u00e4ttare<\/span><\/a><\/li>\n<li  id=\"menu-item-11725\" class=\"menu-item menu-item-type-custom menu-item-object-custom menu-item-11725\"><a target=\"_blank\" href=\"https:\/\/www.balticmedia.com\/wp-content\/uploads\/oversattningsbyra-sv.pdf\" class=\"menu-link\"><i class=\"icon before line-icon icon-organization\" aria-hidden=\"true\" style=\"font-size:2em;\"><\/i><span class=\"menu-text\">\u00d6vers\u00e4ttning. Steg f\u00f6r steg<\/span><\/a><\/li>\n<li  id=\"menu-item-11726\" class=\"menu-item menu-item-type-custom menu-item-object-custom menu-item-11726\"><a target=\"_blank\" href=\"https:\/\/www.balticmedia.com\/wp-content\/uploads\/Baltic-Media-Ltd-Service-Terms-and-Conditions-SE.pdf\" class=\"menu-link\"><i class=\"icon before line-icon icon-docs\" aria-hidden=\"true\" style=\"font-size:2em;\"><\/i><span class=\"menu-text\">Tj\u00e4nstevillkor<\/span><\/a><\/li>\n<li  id=\"menu-item-11728\" class=\"menu-item menu-item-type-custom menu-item-object-custom menu-item-11728\"><a target=\"_blank\" href=\"https:\/\/www.balticmedia.com\/wp-content\/uploads\/iSO-certificate-2023.png\" class=\"menu-link\"><i class=\"icon before line-icon icon-doc\" aria-hidden=\"true\" style=\"font-size:2em;\"><\/i><span class=\"menu-text\">\u00d6vers\u00e4ttning enligt ISO 9001:2015<\/span><\/a><\/li>\n<li  id=\"menu-item-11727\" class=\"menu-item menu-item-type-custom menu-item-object-custom menu-item-11727\"><a target=\"_blank\" href=\"https:\/\/www.balticmedia.com\/wp-content\/uploads\/362531_copyrighttrademarkbalticmedia.pdf\" class=\"menu-link\"><i class=\"icon before line-icon icon-info\" aria-hidden=\"true\" style=\"font-size:2em;\"><\/i><span class=\"menu-text\">Copyright | Trademark Baltic Media<sup>\u00ae<\/sup><\/span><\/a><\/li>\n<\/ul><\/div><\/div><\/div><div id=\"pgc-10637-1-1\"  class=\"panel-grid-cell\" ><div id=\"panel-10637-1-1-0\" class=\"so-panel widget widget_sow-editor panel-first-child widgetopts-SO\" data-index=\"4\" ><div\n\t\t\t\n\t\t\tclass=\"so-widget-sow-editor so-widget-sow-editor-base\"\n\t\t\t\n\t\t>\n<div class=\"siteorigin-widget-tinymce textwidget\">\n\t<div class=\"formatedtext\">\n<h1><span data-sheets-value=\"{&quot;1&quot;:2,&quot;2&quot;:&quot;Unders\u00f6kning om kundn\u00f6jdhet&quot;}\" data-sheets-userformat=\"{&quot;2&quot;:29443,&quot;3&quot;:{&quot;1&quot;:0},&quot;4&quot;:{&quot;1&quot;:2,&quot;2&quot;:11982760},&quot;11&quot;:4,&quot;12&quot;:0,&quot;15&quot;:&quot;Open Sans&quot;,&quot;16&quot;:10,&quot;17&quot;:1}\">Unders\u00f6kning om kundn\u00f6jdhet<\/span><\/h1>\n<h2>Er mening<\/h2>\n<p><span style=\"font-size: 16px;\">B\u00e4sta kund!<br \/>\n<\/span>F\u00f6r att kunna forts\u00e4tta leverera en h\u00f6gkvalitativ tj\u00e4nst \u00e4r det mycket viktigt att v\u00e5ra kunder meddelar hur n\u00f6jda de \u00e4r med tj\u00e4nsten. Vi skulle d\u00e4rf\u00f6r vara mycket tacksamma om ni tar n\u00e5gra minuter och betygs\u00e4tter v\u00e5r tj\u00e4nst genom att fylla i denna korta enk\u00e4t.<\/p>\n<\/div>\n<\/div>\n<\/div><\/div><div id=\"panel-10637-1-1-1\" class=\"so-panel widget widget_wpforms-widget wpforms-widget widgetopts-SO\" data-index=\"5\" ><div class=\"wpforms-container wpforms-container-full wpforms-form-abandonment\" id=\"wpforms-115783\"><form id=\"wpforms-form-115783\" class=\"wpforms-validate wpforms-form\" data-formid=\"115783\" method=\"post\" enctype=\"multipart\/form-data\" action=\"\/sv\/wp-json\/wp\/v2\/pages\/10637\" data-token=\"c0519be221a16fe20578ccc6e07c9de5\" data-token-time=\"1775546064\"><noscript class=\"wpforms-error-noscript\">Aktivera JavaScript i din webbl\u00e4sare f\u00f6r att fylla i formul\u00e4ret.<\/noscript><div class=\"wpforms-field-container\"><div id=\"wpforms-115783-field_4-container\" class=\"wpforms-field wpforms-field-textarea\" data-field-id=\"4\"><label class=\"wpforms-field-label\" for=\"wpforms-115783-field_4\">Dina kommentarer om v\u00e5rt f\u00f6retag, tj\u00e4nster, anst\u00e4llda, \u00f6vers\u00e4ttare, f\u00f6rel\u00e4sare, f\u00f6rb\u00e4ttringsf\u00f6rslag: <span class=\"wpforms-required-label\">*<\/span><\/label><textarea id=\"wpforms-115783-field_4\" class=\"wpforms-field-medium wpforms-field-required wpforms-limit-words-enabled\" data-form-id=\"115783\" data-field-id=\"4\" data-text-limit=\"100\" name=\"wpforms[fields][4]\" required><\/textarea><\/div><div id=\"wpforms-115783-field_6-container\" class=\"wpforms-field wpforms-field-radio\" data-field-id=\"6\"><label class=\"wpforms-field-label\">Hur fick Ni veta om oss?<\/label><ul id=\"wpforms-115783-field_6\"><li class=\"choice-1 depth-1\"><input type=\"radio\" id=\"wpforms-115783-field_6_1\" name=\"wpforms[fields][6]\" value=\"I nummerupplysningstj\u00e4nst\"  ><label class=\"wpforms-field-label-inline\" for=\"wpforms-115783-field_6_1\">I nummerupplysningstj\u00e4nst<\/label><\/li><li class=\"choice-2 depth-1\"><input type=\"radio\" id=\"wpforms-115783-field_6_2\" name=\"wpforms[fields][6]\" value=\"P\u00e5 nummerupplysningstj\u00e4nstens webbplats\"  ><label class=\"wpforms-field-label-inline\" for=\"wpforms-115783-field_6_2\">P\u00e5 nummerupplysningstj\u00e4nstens webbplats<\/label><\/li><li class=\"choice-3 depth-1\"><input type=\"radio\" id=\"wpforms-115783-field_6_3\" name=\"wpforms[fields][6]\" value=\"Internets\u00f6kning\"  ><label class=\"wpforms-field-label-inline\" for=\"wpforms-115783-field_6_3\">Internets\u00f6kning<\/label><\/li><li class=\"choice-4 depth-1\"><input type=\"radio\" id=\"wpforms-115783-field_6_4\" name=\"wpforms[fields][6]\" value=\"Rekommendation fr\u00e5n andra\"  ><label class=\"wpforms-field-label-inline\" for=\"wpforms-115783-field_6_4\">Rekommendation fr\u00e5n andra<\/label><\/li><li class=\"choice-5 depth-1\"><input type=\"radio\" id=\"wpforms-115783-field_6_5\" name=\"wpforms[fields][6]\" value=\"Annat, v\u00e4nligen ange\"  ><label class=\"wpforms-field-label-inline\" for=\"wpforms-115783-field_6_5\">Annat, v\u00e4nligen ange<\/label><\/li><\/ul><\/div><div id=\"wpforms-115783-field_13-container\" class=\"wpforms-field wpforms-field-name wpforms-one-half wpforms-mobile-full\" data-field-id=\"13\"><label class=\"wpforms-field-label\">Namn <span class=\"wpforms-required-label\">*<\/span><\/label><div class=\"wpforms-field-row wpforms-field-large\"><div class=\"wpforms-field-row-block wpforms-first wpforms-one-half\"><input type=\"text\" id=\"wpforms-115783-field_13\" class=\"wpforms-field-name-first wpforms-field-required\" name=\"wpforms[fields][13][first]\" required><label for=\"wpforms-115783-field_13\" class=\"wpforms-field-sublabel after\">Namn<\/label><\/div><div class=\"wpforms-field-row-block wpforms-one-half\"><input type=\"text\" id=\"wpforms-115783-field_13-last\" class=\"wpforms-field-name-last wpforms-field-required\" name=\"wpforms[fields][13][last]\" required><label for=\"wpforms-115783-field_13-last\" class=\"wpforms-field-sublabel after\">Efternamn<\/label><\/div><\/div><\/div><div id=\"wpforms-115783-field_7-container\" class=\"wpforms-field wpforms-field-textarea\" data-field-id=\"7\"><label class=\"wpforms-field-label\" for=\"wpforms-115783-field_7\">Ett namn p\u00e5 f\u00f6retaget <span class=\"wpforms-required-label\">*<\/span><\/label><textarea id=\"wpforms-115783-field_7\" class=\"wpforms-field-small wpforms-field-required\" name=\"wpforms[fields][7]\" required><\/textarea><\/div><div id=\"wpforms-115783-field_8-container\" class=\"wpforms-field wpforms-field-textarea\" data-field-id=\"8\"><label class=\"wpforms-field-label\" for=\"wpforms-115783-field_8\">Om du kommer ih\u00e5g - projektnummer, projektnamn eller kontaktperson hos oss: <span class=\"wpforms-required-label\">*<\/span><\/label><textarea id=\"wpforms-115783-field_8\" class=\"wpforms-field-small wpforms-field-required\" name=\"wpforms[fields][8]\" required><\/textarea><\/div><div id=\"wpforms-115783-field_14-container\" class=\"wpforms-field wpforms-field-email wpforms-one-half wpforms-mobile-full\" data-field-id=\"14\"><label class=\"wpforms-field-label\">E-postadress (frivilligt)<\/label><div class=\"wpforms-field-row wpforms-field-large\"><div class=\"wpforms-field-row-block wpforms-one-half wpforms-first\"><input type=\"email\" id=\"wpforms-115783-field_14\" class=\"wpforms-field-email-primary\" name=\"wpforms[fields][14][primary]\" spellcheck=\"false\" ><label for=\"wpforms-115783-field_14\" class=\"wpforms-field-sublabel after\">E-post<\/label><\/div><div class=\"wpforms-field-row-block wpforms-one-half\"><input type=\"email\" id=\"wpforms-115783-field_14-secondary\" class=\"wpforms-field-email-secondary\" data-rule-confirm=\"#wpforms-115783-field_14\" name=\"wpforms[fields][14][secondary]\" spellcheck=\"false\" ><label for=\"wpforms-115783-field_14-secondary\" class=\"wpforms-field-sublabel after\">Bekr\u00e4fta e-post<\/label><\/div><\/div><\/div><div id=\"wpforms-115783-field_15-container\" class=\"wpforms-field wpforms-field-phone\" data-field-id=\"15\"><label class=\"wpforms-field-label\" for=\"wpforms-115783-field_15\">Telefon (frivilligt)<\/label><input type=\"tel\" id=\"wpforms-115783-field_15\" class=\"wpforms-field-medium\" data-rule-int-phone-field=\"true\" name=\"wpforms[fields][15]\" aria-label=\"Telefon (frivilligt)\" ><\/div><div id=\"wpforms-115783-field_12-container\" class=\"wpforms-field wpforms-field-gdpr-checkbox\" data-field-id=\"12\"><label class=\"wpforms-field-label\">GDPR-avtal <span class=\"wpforms-required-label\">*<\/span><\/label><ul id=\"wpforms-115783-field_12\" class=\"wpforms-field-required\"><li class=\"choice-1\"><input type=\"checkbox\" id=\"wpforms-115783-field_12_1\" name=\"wpforms[fields][12][]\" value=\"Jag godk\u00e4nner att mina uppgifter lagras f\u00f6r att kunna bli kontaktad om min f\u00f6rfr\u00e5gan.\" required ><label class=\"wpforms-field-label-inline\" for=\"wpforms-115783-field_12_1\">Jag godk\u00e4nner att mina uppgifter lagras f\u00f6r att kunna bli kontaktad om min f\u00f6rfr\u00e5gan.<\/label><\/li><\/ul><\/div><\/div><!-- .wpforms-field-container --><div class=\"wpforms-recaptcha-container wpforms-is-turnstile\" ><div class=\"wpforms-turnstile\" data-sitekey=\"0x4AAAAAABB9jaEWBL2owUf6\" data-action=\"FormID-115783\"><\/div><input type=\"text\" name=\"g-recaptcha-hidden\" class=\"wpforms-recaptcha-hidden\" style=\"position:absolute!important;clip:rect(0,0,0,0)!important;height:1px!important;width:1px!important;border:0!important;overflow:hidden!important;padding:0!important;margin:0!important;\" data-rule-turnstile=\"1\"><\/div><div class=\"wpforms-submit-container\" ><input type=\"hidden\" name=\"wpforms[id]\" value=\"115783\"><input type=\"hidden\" name=\"page_title\" value=\"\"><input type=\"hidden\" name=\"page_url\" value=\"https:\/\/www.balticmedia.com\/sv\/wp-json\/wp\/v2\/pages\/10637\"><input type=\"hidden\" name=\"url_referer\" value=\"\"><button type=\"submit\" name=\"wpforms[submit]\" id=\"wpforms-submit-115783\" class=\"wpforms-submit\" data-alt-text=\"Skickar...\" data-submit-text=\"Skicka\" aria-live=\"assertive\" value=\"wpforms-submit\">Skicka<\/button><\/div><\/form><\/div>  <!-- .wpforms-container --><\/div><div id=\"panel-10637-1-1-2\" class=\"so-panel widget widget_sow-editor panel-last-child widgetopts-SO\" data-index=\"6\" ><div\n\t\t\t\n\t\t\tclass=\"so-widget-sow-editor so-widget-sow-editor-base\"\n\t\t\t\n\t\t>\n<div class=\"siteorigin-widget-tinymce textwidget\">\n\t<p>Tack \u00e4nnu en g\u00e5ng f\u00f6r ert samarbete!<\/p>\n<\/div>\n<\/div><\/div><\/div><\/div><\/div>","protected":false},"excerpt":{"rendered":"<p>Unders\u00f6kning om kundn\u00f6jdhet Er mening B\u00e4sta kund! F\u00f6r att kunna forts\u00e4tta leverera en h\u00f6gkvalitativ tj\u00e4nst \u00e4r det mycket viktigt att v\u00e5ra kunder meddelar hur n\u00f6jda de \u00e4r med tj\u00e4nsten. Vi skulle d\u00e4rf\u00f6r vara mycket tacksamma om ni tar n\u00e5gra minuter och betygs\u00e4tter v\u00e5r tj\u00e4nst genom att fylla i denna korta enk\u00e4t. Tack \u00e4nnu en g\u00e5ng [&hellip;]<\/p>\n","protected":false},"author":2,"featured_media":0,"parent":11607,"menu_order":0,"comment_status":"closed","ping_status":"closed","template":"","meta":{"ocean_post_layout":"","ocean_both_sidebars_style":"","ocean_both_sidebars_content_width":0,"ocean_both_sidebars_sidebars_width":0,"ocean_sidebar":"0","ocean_second_sidebar":"0","ocean_disable_margins":"enable","ocean_add_body_class":"","ocean_shortcode_before_top_bar":"","ocean_shortcode_after_top_bar":"","ocean_shortcode_before_header":"","ocean_shortcode_after_header":"","ocean_has_shortcode":"","ocean_shortcode_after_title":"","ocean_shortcode_before_footer_widgets":"","ocean_shortcode_after_footer_widgets":"","ocean_shortcode_before_footer_bottom":"","ocean_shortcode_after_footer_bottom":"","ocean_display_top_bar":"default","ocean_display_header":"default","ocean_header_style":"","ocean_center_header_left_menu":"0","ocean_custom_header_template":"0","ocean_custom_logo":0,"ocean_custom_retina_logo":0,"ocean_custom_logo_max_width":0,"ocean_custom_logo_tablet_max_width":0,"ocean_custom_logo_mobile_max_width":0,"ocean_custom_logo_max_height":0,"ocean_custom_logo_tablet_max_height":0,"ocean_custom_logo_mobile_max_height":0,"ocean_header_custom_menu":"0","ocean_menu_typo_font_family":"0","ocean_menu_typo_font_subset":"","ocean_menu_typo_font_size":0,"ocean_menu_typo_font_size_tablet":0,"ocean_menu_typo_font_size_mobile":0,"ocean_menu_typo_font_size_unit":"px","ocean_menu_typo_font_weight":"","ocean_menu_typo_font_weight_tablet":"","ocean_menu_typo_font_weight_mobile":"","ocean_menu_typo_transform":"","ocean_menu_typo_transform_tablet":"","ocean_menu_typo_transform_mobile":"","ocean_menu_typo_line_height":0,"ocean_menu_typo_line_height_tablet":0,"ocean_menu_typo_line_height_mobile":0,"ocean_menu_typo_line_height_unit":"","ocean_menu_typo_spacing":0,"ocean_menu_typo_spacing_tablet":0,"ocean_menu_typo_spacing_mobile":0,"ocean_menu_typo_spacing_unit":"","ocean_menu_link_color":"","ocean_menu_link_color_hover":"","ocean_menu_link_color_active":"","ocean_menu_link_background":"","ocean_menu_link_hover_background":"","ocean_menu_link_active_background":"","ocean_menu_social_links_bg":"","ocean_menu_social_hover_links_bg":"","ocean_menu_social_links_color":"","ocean_menu_social_hover_links_color":"","ocean_disable_title":"default","ocean_disable_heading":"default","ocean_post_title":"","ocean_post_subheading":"","ocean_post_title_style":"","ocean_post_title_background_color":"","ocean_post_title_background":0,"ocean_post_title_bg_image_position":"","ocean_post_title_bg_image_attachment":"","ocean_post_title_bg_image_repeat":"","ocean_post_title_bg_image_size":"","ocean_post_title_height":0,"ocean_post_title_bg_overlay":0.5,"ocean_post_title_bg_overlay_color":"","ocean_disable_breadcrumbs":"default","ocean_breadcrumbs_color":"","ocean_breadcrumbs_separator_color":"","ocean_breadcrumbs_links_color":"","ocean_breadcrumbs_links_hover_color":"","ocean_display_footer_widgets":"default","ocean_display_footer_bottom":"default","ocean_custom_footer_template":"0","ofc_meta_disable_footer_callout":"","ofc_meta_callout_button_url":"","ofc_meta_callout_button_txt":"","ofc_meta_callout_text":"","osh_disable_topbar_sticky":"default","osh_disable_header_sticky":"default","osh_sticky_header_style":"default","osh_sticky_header_effect":"","osh_custom_sticky_logo":0,"osh_custom_retina_sticky_logo":0,"osh_custom_sticky_logo_height":0,"osh_background_color":"","osh_links_color":"","osh_links_hover_color":"","osh_links_active_color":"","osh_links_bg_color":"","osh_links_hover_bg_color":"","osh_links_active_bg_color":"","osh_menu_social_links_color":"","osh_menu_social_hover_links_color":"","footnotes":""},"class_list":["post-10637","page","type-page","status-publish","hentry","entry"],"jetpack_sharing_enabled":true,"jetpack_likes_enabled":true,"jetpack-related-posts":[],"jetpack_shortlink":"https:\/\/wp.me\/Pe7Cu3-2Lz","_links":{"self":[{"href":"https:\/\/www.balticmedia.com\/sv\/wp-json\/wp\/v2\/pages\/10637","targetHints":{"allow":["GET"]}}],"collection":[{"href":"https:\/\/www.balticmedia.com\/sv\/wp-json\/wp\/v2\/pages"}],"about":[{"href":"https:\/\/www.balticmedia.com\/sv\/wp-json\/wp\/v2\/types\/page"}],"author":[{"embeddable":true,"href":"https:\/\/www.balticmedia.com\/sv\/wp-json\/wp\/v2\/users\/2"}],"replies":[{"embeddable":true,"href":"https:\/\/www.balticmedia.com\/sv\/wp-json\/wp\/v2\/comments?post=10637"}],"version-history":[{"count":3,"href":"https:\/\/www.balticmedia.com\/sv\/wp-json\/wp\/v2\/pages\/10637\/revisions"}],"predecessor-version":[{"id":116185,"href":"https:\/\/www.balticmedia.com\/sv\/wp-json\/wp\/v2\/pages\/10637\/revisions\/116185"}],"up":[{"embeddable":true,"href":"https:\/\/www.balticmedia.com\/sv\/wp-json\/wp\/v2\/pages\/11607"}],"wp:attachment":[{"href":"https:\/\/www.balticmedia.com\/sv\/wp-json\/wp\/v2\/media?parent=10637"}],"curies":[{"name":"wp","href":"https:\/\/api.w.org\/{rel}","templated":true}]}}