{"id":102945,"date":"2021-02-12T15:06:27","date_gmt":"2021-02-12T13:06:27","guid":{"rendered":"https:\/\/www.balticmedia.com\/om-oss\/var-historia\/we-can-help-you-capture-new-nordic-and-baltic-markets\/"},"modified":"2023-12-10T23:01:14","modified_gmt":"2023-12-10T21:01:14","slug":"vill-du-etablera-dig-pa-nya-marknader-och-salja-mer-har-ar-ett-rad-for-hur-du-borjar-med-det","status":"publish","type":"page","link":"https:\/\/www.balticmedia.com\/sv\/oversattning\/var-historia\/vill-du-etablera-dig-pa-nya-marknader-och-salja-mer-har-ar-ett-rad-for-hur-du-borjar-med-det\/","title":{"rendered":"Vill du etablera dig p\u00e5 nya marknader och s\u00e4lja mer? H\u00e4r \u00e4r ett r\u00e5d f\u00f6r hur du b\u00f6rjar med det."},"content":{"rendered":"<div id=\"pl-102945\"  class=\"panel-layout\" ><div id=\"pg-102945-0\"  class=\"panel-grid panel-no-style\" ><div id=\"pgc-102945-0-0\"  class=\"panel-grid-cell\" ><div id=\"panel-102945-0-0-0\" class=\"so-panel widget widget_sow-image panel-first-child panel-last-child\" data-index=\"0\" ><div\n\t\t\t\n\t\t\tclass=\"so-widget-sow-image so-widget-sow-image-default-8b5b6f678277-102945\"\n\t\t\t\n\t\t>\n<div class=\"sow-image-container\">\n\t\t<img loading=\"lazy\" decoding=\"async\" src=\"https:\/\/i0.wp.com\/www.balticmedia.com\/wp-content\/uploads\/1about_us-scaled.jpg?fit=2560%2C549&amp;ssl=1\" width=\"2560\" height=\"549\" srcset=\"https:\/\/i0.wp.com\/www.balticmedia.com\/wp-content\/uploads\/1about_us-scaled.jpg?w=2560&amp;ssl=1 2560w, https:\/\/i0.wp.com\/www.balticmedia.com\/wp-content\/uploads\/1about_us-scaled.jpg?resize=300%2C64&amp;ssl=1 300w, https:\/\/i0.wp.com\/www.balticmedia.com\/wp-content\/uploads\/1about_us-scaled.jpg?resize=1024%2C219&amp;ssl=1 1024w, https:\/\/i0.wp.com\/www.balticmedia.com\/wp-content\/uploads\/1about_us-scaled.jpg?resize=768%2C165&amp;ssl=1 768w, https:\/\/i0.wp.com\/www.balticmedia.com\/wp-content\/uploads\/1about_us-scaled.jpg?resize=1536%2C329&amp;ssl=1 1536w, https:\/\/i0.wp.com\/www.balticmedia.com\/wp-content\/uploads\/1about_us-scaled.jpg?resize=2048%2C439&amp;ssl=1 2048w, https:\/\/i0.wp.com\/www.balticmedia.com\/wp-content\/uploads\/1about_us-scaled.jpg?w=2400&amp;ssl=1 2400w\" title=\"1about_us\" alt=\"\" class=\"so-widget-image\">\n\t<\/div>\n\n<\/div><\/div><\/div><\/div><div id=\"pg-102945-1\"  class=\"panel-grid panel-no-style\" ><div id=\"pgc-102945-1-0\"  class=\"panel-grid-cell\" ><div id=\"panel-102945-1-0-0\" class=\"so-panel widget widget_sow-editor panel-first-child extendedwopts-hide extendedwopts-tablet extendedwopts-mobile widgetopts-SO\" data-index=\"1\" ><div\n\t\t\t\n\t\t\tclass=\"so-widget-sow-editor so-widget-sow-editor-base\"\n\t\t\t\n\t\t>\n<div class=\"siteorigin-widget-tinymce textwidget\">\n\t<pre><form aria-label=\"Search this website\" role=\"search\" method=\"get\" class=\"oceanwp-searchform\" id=\"searchform\" action=\"https:\/\/www.balticmedia.com\/sv\/\"><input aria-label=\"Insert search query\" type=\"text\" class=\"field\" name=\"s\" id=\"s\" placeholder=\"Search\"><button aria-label=\"Submit your search\" type=\"submit\" class=\"search-submit\" value=\"\"><i class=\"icon-magnifier\" aria-hidden=\"true\"><\/i><\/button><\/form><\/pre>\n<\/div>\n<\/div><\/div><div id=\"panel-102945-1-0-1\" class=\"so-panel widget widget_ocean_custom_menu widget-oceanwp-custom-menu custom-menu-widget extendedwopts-hide extendedwopts-tablet extendedwopts-mobile widgetopts-SO\" data-index=\"2\" ><div class=\"oceanwp-custom-menu clr ocean_custom_menu-2 left dropdown-hover\"><ul id=\"menu-about-us\" class=\"dropdown-menu sf-menu\"><li  id=\"menu-item-1909\" class=\"menu-item menu-item-type-post_type menu-item-object-page menu-item-1909\"><a href=\"https:\/\/www.balticmedia.com\/language-service-translation-company\/\" class=\"menu-link\">\u00d6vers\u00e4ttning med professionella \u00f6vers\u00e4ttare<\/a><\/li>\n<li  id=\"menu-item-1908\" class=\"menu-item menu-item-type-post_type menu-item-object-page menu-item-1908\"><a href=\"https:\/\/www.balticmedia.com\/language-service-translation-company\/translation-localization-globalization-team\/\" class=\"menu-link\">V\u00e5rt team<\/a><\/li>\n<li  id=\"menu-item-2602\" class=\"menu-item menu-item-type-post_type menu-item-object-page menu-item-2602\"><a href=\"https:\/\/www.balticmedia.com\/language-service-translation-company\/our-story\/\" class=\"menu-link\">V\u00e5r ber\u00e4ttelse<\/a><\/li>\n<li  id=\"menu-item-2668\" class=\"menu-item menu-item-type-post_type menu-item-object-page menu-item-2668\"><a href=\"https:\/\/www.balticmedia.com\/language-service-translation-company\/our-values\/\" class=\"menu-link\">Grundv\u00e4rden<\/a><\/li>\n<li  id=\"menu-item-2685\" class=\"menu-item menu-item-type-post_type menu-item-object-page menu-item-2685\"><a href=\"https:\/\/www.balticmedia.com\/what-is-a-translation-agency\/\" class=\"menu-link\">Hur en \u00f6vers\u00e4ttningsbyr\u00e5 kan hj\u00e4lpa dig?<\/a><\/li>\n<li  id=\"menu-item-2117\" class=\"menu-item menu-item-type-post_type menu-item-object-page menu-item-2117\"><a href=\"https:\/\/www.balticmedia.com\/language-service-translation-company\/translation-process\/\" class=\"menu-link\">\u00d6vers\u00e4ttning och \u00f6vers\u00e4ttningsprocessen<\/a><\/li>\n<li  id=\"menu-item-2147\" class=\"menu-item menu-item-type-post_type menu-item-object-page menu-item-2147\"><a href=\"https:\/\/www.balticmedia.com\/human-translation-services\/\" class=\"menu-link\">Vilken \u00e4r den b\u00e4sta \u00f6vers\u00e4ttaren?<\/a><\/li>\n<li  id=\"menu-item-2191\" class=\"menu-item menu-item-type-post_type menu-item-object-page menu-item-2191\"><a href=\"https:\/\/www.balticmedia.com\/language-service-translation-company\/why-baltic-media\/\" class=\"menu-link\">Varf\u00f6r v\u00e4lja \u00f6vers\u00e4ttningsbyr\u00e5 Baltic Media<\/a><\/li>\n<li  id=\"menu-item-2698\" class=\"menu-item menu-item-type-post_type menu-item-object-page menu-item-2698\"><a href=\"https:\/\/www.balticmedia.com\/language-service-translation-company\/service-terms-and-conditions\/\" class=\"menu-link\">Tj\u00e4nstevillkor<\/a><\/li>\n<li  id=\"menu-item-2755\" class=\"menu-item menu-item-type-post_type menu-item-object-page menu-item-2755\"><a href=\"https:\/\/www.balticmedia.com\/language-service-translation-company\/translation-personal-training\/\" class=\"menu-link\">Teambuilding och utbildningsseminarium f\u00f6r personalen<\/a><\/li>\n<li  id=\"menu-item-2757\" class=\"menu-item menu-item-type-custom menu-item-object-custom menu-item-2757\"><a target=\"_blank\" href=\"https:\/\/www.balticmedia.com\/wp-content\/uploads\/12_reasons_to_choose_baltic_media.pdf\" class=\"menu-link\">Corporate Brochure<\/a><\/li>\n<li  id=\"menu-item-2763\" class=\"menu-item menu-item-type-post_type menu-item-object-page menu-item-2763\"><a href=\"https:\/\/www.balticmedia.com\/language-service-translation-company\/privacy-policy\/\" class=\"menu-link\">Integritetspolicy<\/a><\/li>\n<li  id=\"menu-item-2765\" class=\"menu-item menu-item-type-custom menu-item-object-custom menu-item-2765\"><a target=\"_blank\" href=\"https:\/\/www.balticmedia.com\/login\/\" class=\"menu-link\">Partners Portal<\/a><\/li>\n<li  id=\"menu-item-5627\" class=\"menu-item menu-item-type-custom menu-item-object-custom menu-item-5627\"><a target=\"_blank\" href=\"https:\/\/www.balticmedia.com\/wp-content\/uploads\/362531_copyrighttrademarkbalticmedia.pdf\" class=\"menu-link\">Trademark Baltic Media<sup>\u00ae<\/sup><\/a><\/li>\n<li  id=\"menu-item-2452\" class=\"menu-item menu-item-type-post_type menu-item-object-page menu-item-has-children dropdown menu-item-2452\"><a href=\"https:\/\/www.balticmedia.com\/language-service-translation-company\/our-history\/\" class=\"menu-link\">V\u00e5r historia <span class=\"nav-arrow fa fa-angle-down\"><\/span><\/a>\n<ul class=\"sub-menu\">\n\t<li  id=\"menu-item-17161\" class=\"menu-item menu-item-type-post_type menu-item-object-page menu-item-17161\"><a href=\"https:\/\/www.balticmedia.com\/language-service-translation-company\/our-history\/we-can-help-you-capture-new-nordic-and-baltic-markets\/\" class=\"menu-link\">Vill du etablera dig p\u00e5 nya marknader och s\u00e4lja mer? H\u00e4r \u00e4r ett r\u00e5d f\u00f6r hur du b\u00f6rjar med det.<\/a><\/li>\n<\/ul>\n<\/li>\n<\/ul><\/div><\/div><div id=\"panel-102945-1-0-2\" class=\"so-panel widget widget_ocean_custom_menu widget-oceanwp-custom-menu custom-menu-widget panel-last-child extendedwopts-hide extendedwopts-tablet extendedwopts-mobile widgetopts-SO\" data-index=\"3\" ><div class=\"oceanwp-custom-menu clr ocean_custom_menu-2 left dropdown-hover\"><ul id=\"menu-partnerskap\" class=\"dropdown-menu sf-menu\"><li  id=\"menu-item-11566\" class=\"menu-item menu-item-type-custom menu-item-object-custom menu-item-11566\"><a target=\"_blank\" href=\"https:\/\/balticmedia.s.xtrf.eu\/vendors\/#\/sign-in\" class=\"menu-link\" rel=\"nofollow noopener\"><i class=\"icon before line-icon icon-briefcase\" aria-hidden=\"true\" style=\"font-size:2em;\"><\/i><span class=\"menu-text\">Partnerportal<\/span><\/a><\/li>\n<li  id=\"menu-item-11724\" class=\"menu-item menu-item-type-custom menu-item-object-custom menu-item-11724\"><a target=\"_blank\" href=\"https:\/\/www.balticmedia.com\/wp-content\/uploads\/11-Reasons-to-Choose-Baltic-Media-2026.pdf\" class=\"menu-link\"><i class=\"icon before line-icon icon-people\" aria-hidden=\"true\" style=\"font-size:2em;\"><\/i><span class=\"menu-text\">\u00d6vers\u00e4ttningsbyr\u00e5 och \u00f6vers\u00e4ttare<\/span><\/a><\/li>\n<li  id=\"menu-item-11725\" class=\"menu-item menu-item-type-custom menu-item-object-custom menu-item-11725\"><a target=\"_blank\" href=\"https:\/\/www.balticmedia.com\/wp-content\/uploads\/oversattningsbyra-sv.pdf\" class=\"menu-link\"><i class=\"icon before line-icon icon-organization\" aria-hidden=\"true\" style=\"font-size:2em;\"><\/i><span class=\"menu-text\">\u00d6vers\u00e4ttning. Steg f\u00f6r steg<\/span><\/a><\/li>\n<li  id=\"menu-item-11726\" class=\"menu-item menu-item-type-custom menu-item-object-custom menu-item-11726\"><a target=\"_blank\" href=\"https:\/\/www.balticmedia.com\/wp-content\/uploads\/Baltic-Media-Ltd-Service-Terms-and-Conditions-SE.pdf\" class=\"menu-link\"><i class=\"icon before line-icon icon-docs\" aria-hidden=\"true\" style=\"font-size:2em;\"><\/i><span class=\"menu-text\">Tj\u00e4nstevillkor<\/span><\/a><\/li>\n<li  id=\"menu-item-11728\" class=\"menu-item menu-item-type-custom menu-item-object-custom menu-item-11728\"><a target=\"_blank\" href=\"https:\/\/www.balticmedia.com\/wp-content\/uploads\/iSO-certificate-2023.png\" class=\"menu-link\"><i class=\"icon before line-icon icon-doc\" aria-hidden=\"true\" style=\"font-size:2em;\"><\/i><span class=\"menu-text\">\u00d6vers\u00e4ttning enligt ISO 9001:2015<\/span><\/a><\/li>\n<li  id=\"menu-item-11727\" class=\"menu-item menu-item-type-custom menu-item-object-custom menu-item-11727\"><a target=\"_blank\" href=\"https:\/\/www.balticmedia.com\/wp-content\/uploads\/362531_copyrighttrademarkbalticmedia.pdf\" class=\"menu-link\"><i class=\"icon before line-icon icon-info\" aria-hidden=\"true\" style=\"font-size:2em;\"><\/i><span class=\"menu-text\">Copyright | Trademark Baltic Media<sup>\u00ae<\/sup><\/span><\/a><\/li>\n<\/ul><\/div><\/div><\/div><div id=\"pgc-102945-1-1\"  class=\"panel-grid-cell\" ><div id=\"panel-102945-1-1-0\" class=\"so-panel widget widget_sow-editor panel-first-child panel-last-child widgetopts-SO\" data-index=\"4\" ><div\n\t\t\t\n\t\t\tclass=\"so-widget-sow-editor so-widget-sow-editor-base\"\n\t\t\t\n\t\t>\n<div class=\"siteorigin-widget-tinymce textwidget\">\n\t<h1>Vill du etablera dig p\u00e5 nya marknader och s\u00e4lja mer? H\u00e4r \u00e4r ett r\u00e5d f\u00f6r hur du b\u00f6rjar med det.<\/h1>\n<p>Export av produkter och tj\u00e4nster till andra l\u00e4nder \u00e4r vad b\u00e5de du och Sverige beh\u00f6ver. Om du vill etablera dig p\u00e5 nya marknader \u00e4r det inte tillr\u00e4ckligt att din webbplats eller webbutik endast \u00e4r p\u00e5 engelska.<\/p>\n<div>\u00a0Enligt marknadsunders\u00f6kningar har en webbutik eller webbplats p\u00e5 kundens eget spr\u00e5k en avsev\u00e4rd p\u00e5verkan p\u00e5 om kunden v\u00e4ljer att k\u00f6pa n\u00e5got. Omkring 75% av kunder till webbutiker f\u00f6redrar en s\u00e4ljare\u00a0<a href=\"https:\/\/translationblog.balticmedia.com\/2016\/03\/7-steps-to-globalizing-your-content.html\" rel=\"nofollow noopener\" target=\"_blank\">som erbjuder beskrivning av produkter och tj\u00e4nster p\u00e5 kundens eget spr\u00e5k.<\/a><\/div>\n<div><\/div>\n<div><b>S\u00e5 om du vill utvidga din marknad f\u00f6r produkter och tj\u00e4nster ska du b\u00f6rja med att lokalisera din webbplats till det spr\u00e5k som din potentiella marknad anv\u00e4nder. Gl\u00f6m emellertid inte att f\u00f6rs\u00e4kra dem kundtj\u00e4nst p\u00e5 deras eget spr\u00e5k.<\/b><\/div>\n<div><\/div>\n<div><b>Spara pengar<\/b><\/div>\n<div><\/div>\n<div>\n<p><a href=\"https:\/\/i0.wp.com\/www.balticmedia.com\/wp-content\/uploads\/baltic_media_baneris_2020.png?ssl=1\"><img data-recalc-dims=\"1\" loading=\"lazy\" decoding=\"async\" class=\"alignnone wp-image-6610 size-medium\" src=\"https:\/\/i0.wp.com\/www.balticmedia.com\/wp-content\/uploads\/baltic_media_baneris_2020.png?resize=214%2C300&#038;ssl=1\" alt=\"Nordic-Baltic translation agency Baltic Media\" width=\"214\" height=\"300\" title=\"\"><\/a><\/p>\n<\/div>\n<div>\n<div>Vi har \u00f6ver 25 \u00e5rs erfarenhet med\u00a0<a href=\"https:\/\/www.balticmedia.com\/sv\/globala-oversattningstjanster\/oversattning-av-hemsidor-webbsidor-webbshop\/\">lokalisering av webbplatser<\/a>\u00a0till nordiska och baltiska spr\u00e5k. V\u00e5ra kunder sparar \u00e4ven pengar eftersom vi anv\u00e4nder CAT-verktyg (datorst\u00f6dda \u00f6vers\u00e4ttningsverktyg) som skapar ett \u00f6vers\u00e4ttningsminne och en termdatabas, s\u00e5 du inte beh\u00f6ver betala tv\u00e5 g\u00e5nger f\u00f6r meningar som \u00e4r 100% lika varandra och du betalar mindre f\u00f6r meningar som liknar de som redan \u00f6versatts. En termdatabas kommer \u00e4ven f\u00f6rs\u00e4kra konsekvent terminologi och optimering av s\u00f6kmotorn.<\/div>\n<div><\/div>\n<div>V\u00e5ra \u00f6vers\u00e4ttare \u00e4r m\u00e4nniskor ist\u00e4llet f\u00f6r maskiner eftersom maskin\u00f6vers\u00e4ttning s\u00e5som Google inte kan f\u00f6rst\u00e5 kontext, ordspr\u00e5k, sk\u00e4mt och andra spr\u00e5kliga uttryck. P\u00e5 grund av detta har inget lyckats sl\u00e5 professionella \u00f6vers\u00e4ttare \u00e4nnu. De ledande globala och lokala f\u00f6retagen lokaliserar fortfarande uteslutande deras inneh\u00e5ll med m\u00e4nsklig \u00f6vers\u00e4ttning.<\/div>\n<\/div>\n<div><\/div>\n<div>Vi lokaliserade nyligen webbplatsen f\u00f6r en svensk fris\u00f6rgrossist till samtliga skandinaviska spr\u00e5k - <a href=\"https:\/\/www.headbrands.se\/\" rel=\"nofollow noopener\" target=\"_blank\">Headbrands.se<\/a>, <a href=\"https:\/\/www.headbrands.fi\/\" rel=\"nofollow noopener\" target=\"_blank\">Headbrands.fi<\/a>, <a href=\"https:\/\/www.headbrands.dk\/\" rel=\"nofollow noopener\" target=\"_blank\">Headbrands.dk<\/a>, <a href=\"https:\/\/www.headbrands.no\/\" rel=\"nofollow noopener\" target=\"_blank\">Headbrands.no.<\/a> Deras oms\u00e4ttning fick en rej\u00e4l \u00f6kning! Utvidga din marknad idag! Vi kan hj\u00e4lpa dig med att etablera dig p\u00e5 nya marknader.<\/div>\n<div><\/div>\n<div>Mer information om\u00a0<a href=\"https:\/\/www.balticmedia.com\/sv\/globala-oversattningstjanster\/oversattning-av-hemsidor-webbsidor-webbshop\/\">\u00f6vers\u00e4ttning av webbplatser<\/a>\u00a0och\u00a0<a href=\"https:\/\/www.balticmedia.com\/sv\/globala-oversattningstjanster\/oversattning-av-hemsidor-webbsidor-webbshop\/\">v\u00e5r arbetsprocess<\/a>\u00a0hittar du p\u00e5 v\u00e5r webbplats.<\/div>\n<\/div>\n<\/div><\/div><\/div><\/div><\/div>","protected":false},"excerpt":{"rendered":"<p>Vill du etablera dig p\u00e5 nya marknader och s\u00e4lja mer? H\u00e4r \u00e4r ett r\u00e5d f\u00f6r hur du b\u00f6rjar med det. Export av produkter och tj\u00e4nster till andra l\u00e4nder \u00e4r vad b\u00e5de du och Sverige beh\u00f6ver. Om du vill etablera dig p\u00e5 nya marknader \u00e4r det inte tillr\u00e4ckligt att din webbplats eller webbutik endast \u00e4r p\u00e5 [&hellip;]<\/p>\n","protected":false},"author":2,"featured_media":0,"parent":78377,"menu_order":0,"comment_status":"closed","ping_status":"closed","template":"","meta":{"ocean_post_layout":"","ocean_both_sidebars_style":"","ocean_both_sidebars_content_width":0,"ocean_both_sidebars_sidebars_width":0,"ocean_sidebar":"0","ocean_second_sidebar":"0","ocean_disable_margins":"enable","ocean_add_body_class":"","ocean_shortcode_before_top_bar":"","ocean_shortcode_after_top_bar":"","ocean_shortcode_before_header":"","ocean_shortcode_after_header":"","ocean_has_shortcode":"","ocean_shortcode_after_title":"","ocean_shortcode_before_footer_widgets":"","ocean_shortcode_after_footer_widgets":"","ocean_shortcode_before_footer_bottom":"","ocean_shortcode_after_footer_bottom":"","ocean_display_top_bar":"default","ocean_display_header":"default","ocean_header_style":"","ocean_center_header_left_menu":"0","ocean_custom_header_template":"0","ocean_custom_logo":0,"ocean_custom_retina_logo":0,"ocean_custom_logo_max_width":0,"ocean_custom_logo_tablet_max_width":0,"ocean_custom_logo_mobile_max_width":0,"ocean_custom_logo_max_height":0,"ocean_custom_logo_tablet_max_height":0,"ocean_custom_logo_mobile_max_height":0,"ocean_header_custom_menu":"0","ocean_menu_typo_font_family":"0","ocean_menu_typo_font_subset":"","ocean_menu_typo_font_size":0,"ocean_menu_typo_font_size_tablet":0,"ocean_menu_typo_font_size_mobile":0,"ocean_menu_typo_font_size_unit":"px","ocean_menu_typo_font_weight":"","ocean_menu_typo_font_weight_tablet":"","ocean_menu_typo_font_weight_mobile":"","ocean_menu_typo_transform":"","ocean_menu_typo_transform_tablet":"","ocean_menu_typo_transform_mobile":"","ocean_menu_typo_line_height":0,"ocean_menu_typo_line_height_tablet":0,"ocean_menu_typo_line_height_mobile":0,"ocean_menu_typo_line_height_unit":"","ocean_menu_typo_spacing":0,"ocean_menu_typo_spacing_tablet":0,"ocean_menu_typo_spacing_mobile":0,"ocean_menu_typo_spacing_unit":"","ocean_menu_link_color":"","ocean_menu_link_color_hover":"","ocean_menu_link_color_active":"","ocean_menu_link_background":"","ocean_menu_link_hover_background":"","ocean_menu_link_active_background":"","ocean_menu_social_links_bg":"","ocean_menu_social_hover_links_bg":"","ocean_menu_social_links_color":"","ocean_menu_social_hover_links_color":"","ocean_disable_title":"default","ocean_disable_heading":"default","ocean_post_title":"","ocean_post_subheading":"","ocean_post_title_style":"","ocean_post_title_background_color":"","ocean_post_title_background":0,"ocean_post_title_bg_image_position":"","ocean_post_title_bg_image_attachment":"","ocean_post_title_bg_image_repeat":"","ocean_post_title_bg_image_size":"","ocean_post_title_height":0,"ocean_post_title_bg_overlay":0.5,"ocean_post_title_bg_overlay_color":"","ocean_disable_breadcrumbs":"default","ocean_breadcrumbs_color":"","ocean_breadcrumbs_separator_color":"","ocean_breadcrumbs_links_color":"","ocean_breadcrumbs_links_hover_color":"","ocean_display_footer_widgets":"default","ocean_display_footer_bottom":"default","ocean_custom_footer_template":"0","ofc_meta_disable_footer_callout":"","ofc_meta_callout_button_url":"","ofc_meta_callout_button_txt":"","ofc_meta_callout_text":"","osh_disable_topbar_sticky":"default","osh_disable_header_sticky":"default","osh_sticky_header_style":"default","osh_sticky_header_effect":"","osh_custom_sticky_logo":0,"osh_custom_retina_sticky_logo":0,"osh_custom_sticky_logo_height":0,"osh_background_color":"","osh_links_color":"","osh_links_hover_color":"","osh_links_active_color":"","osh_links_bg_color":"","osh_links_hover_bg_color":"","osh_links_active_bg_color":"","osh_menu_social_links_color":"","osh_menu_social_hover_links_color":"","footnotes":""},"class_list":["post-102945","page","type-page","status-publish","hentry","entry"],"jetpack_sharing_enabled":true,"jetpack_likes_enabled":true,"jetpack-related-posts":[],"jetpack_shortlink":"https:\/\/wp.me\/Pe7Cu3-qMp","_links":{"self":[{"href":"https:\/\/www.balticmedia.com\/sv\/wp-json\/wp\/v2\/pages\/102945","targetHints":{"allow":["GET"]}}],"collection":[{"href":"https:\/\/www.balticmedia.com\/sv\/wp-json\/wp\/v2\/pages"}],"about":[{"href":"https:\/\/www.balticmedia.com\/sv\/wp-json\/wp\/v2\/types\/page"}],"author":[{"embeddable":true,"href":"https:\/\/www.balticmedia.com\/sv\/wp-json\/wp\/v2\/users\/2"}],"replies":[{"embeddable":true,"href":"https:\/\/www.balticmedia.com\/sv\/wp-json\/wp\/v2\/comments?post=102945"}],"version-history":[{"count":6,"href":"https:\/\/www.balticmedia.com\/sv\/wp-json\/wp\/v2\/pages\/102945\/revisions"}],"predecessor-version":[{"id":126727,"href":"https:\/\/www.balticmedia.com\/sv\/wp-json\/wp\/v2\/pages\/102945\/revisions\/126727"}],"up":[{"embeddable":true,"href":"https:\/\/www.balticmedia.com\/sv\/wp-json\/wp\/v2\/pages\/78377"}],"wp:attachment":[{"href":"https:\/\/www.balticmedia.com\/sv\/wp-json\/wp\/v2\/media?parent=102945"}],"curies":[{"name":"wp","href":"https:\/\/api.w.org\/{rel}","templated":true}]}}