{"id":37309,"date":"2021-02-10T15:59:02","date_gmt":"2021-02-10T13:59:02","guid":{"rendered":"https:\/\/www.balticmedia.com\/globale-oversettelsestjenester\/spraklaering\/how-can-language-courses-boost-your-business\/"},"modified":"2023-11-29T20:45:35","modified_gmt":"2023-11-29T18:45:35","slug":"hvordan-kan-sprakkurs-oke-bedriften-din","status":"publish","type":"page","link":"https:\/\/www.balticmedia.com\/no\/spraklaering\/hvordan-kan-sprakkurs-oke-bedriften-din\/","title":{"rendered":"Hvordan kan spr\u00e5kkurs \u00f8ke bedriften din?"},"content":{"rendered":"<div id=\"pl-37309\"  class=\"panel-layout\" ><div id=\"pg-37309-0\"  class=\"panel-grid panel-no-style\" ><div id=\"pgc-37309-0-0\"  class=\"panel-grid-cell\" ><div id=\"panel-37309-0-0-0\" class=\"so-panel widget widget_sow-image panel-first-child panel-last-child widgetopts-SO\" data-index=\"0\" ><div\n\t\t\t\n\t\t\tclass=\"so-widget-sow-image so-widget-sow-image-default-6ec9e3772f75-37309\"\n\t\t\t\n\t\t>\n<div class=\"sow-image-container\">\n\t\t<img src=\"https:\/\/i0.wp.com\/www.balticmedia.com\/wp-content\/uploads\/latvian-scaled.jpg?fit=2560%2C549&amp;ssl=1\" width=\"2560\" height=\"549\" srcset=\"https:\/\/i0.wp.com\/www.balticmedia.com\/wp-content\/uploads\/latvian-scaled.jpg?w=2560&amp;ssl=1 2560w, https:\/\/i0.wp.com\/www.balticmedia.com\/wp-content\/uploads\/latvian-scaled.jpg?resize=300%2C64&amp;ssl=1 300w, https:\/\/i0.wp.com\/www.balticmedia.com\/wp-content\/uploads\/latvian-scaled.jpg?resize=1024%2C219&amp;ssl=1 1024w, https:\/\/i0.wp.com\/www.balticmedia.com\/wp-content\/uploads\/latvian-scaled.jpg?resize=768%2C165&amp;ssl=1 768w, https:\/\/i0.wp.com\/www.balticmedia.com\/wp-content\/uploads\/latvian-scaled.jpg?resize=1536%2C329&amp;ssl=1 1536w, https:\/\/i0.wp.com\/www.balticmedia.com\/wp-content\/uploads\/latvian-scaled.jpg?resize=2048%2C439&amp;ssl=1 2048w, https:\/\/i0.wp.com\/www.balticmedia.com\/wp-content\/uploads\/latvian-scaled.jpg?w=2400&amp;ssl=1 2400w\" title=\"Riga\" alt=\"Document Translation Services\" class=\"so-widget-image\">\n\t<\/div>\n\n<\/div><\/div><\/div><\/div><div id=\"pg-37309-1\"  class=\"panel-grid panel-no-style\" ><div id=\"pgc-37309-1-0\"  class=\"panel-grid-cell\" ><div id=\"panel-37309-1-0-0\" class=\"so-panel widget widget_sow-editor panel-first-child\" data-index=\"1\" ><div\n\t\t\t\n\t\t\tclass=\"so-widget-sow-editor so-widget-sow-editor-base\"\n\t\t\t\n\t\t>\n<div class=\"siteorigin-widget-tinymce textwidget\">\n\t<pre><form aria-label=\"Search this website\" role=\"search\" method=\"get\" class=\"oceanwp-searchform\" id=\"searchform\" action=\"https:\/\/www.balticmedia.com\/no\/\"><input aria-label=\"Insert search query\" type=\"text\" class=\"field\" name=\"s\" id=\"s\" placeholder=\"Search\"><button aria-label=\"Submit your search\" type=\"submit\" class=\"search-submit\" value=\"\"><i class=\"icon-magnifier\" aria-hidden=\"true\"><\/i><\/button><\/form><\/pre>\n<\/div>\n<\/div><\/div><div id=\"panel-37309-1-0-1\" class=\"so-panel widget widget_ocean_custom_menu widget-oceanwp-custom-menu custom-menu-widget extendedwopts-hide extendedwopts-tablet extendedwopts-mobile widgetopts-SO\" data-index=\"2\" ><div class=\"oceanwp-custom-menu clr ocean_custom_menu-2 left dropdown-hover\"><ul id=\"menu-services-no\" class=\"dropdown-menu sf-menu\"><li  id=\"menu-item-42544\" class=\"menu-item menu-item-type-post_type menu-item-object-page menu-item-42544\"><a href=\"https:\/\/www.balticmedia.com\/no\/oversettelsestjenester\/\" class=\"menu-link\">Globale oversettelsestjenester<\/a><\/li>\n<li  id=\"menu-item-42554\" class=\"menu-item menu-item-type-post_type menu-item-object-page menu-item-42554\"><a href=\"https:\/\/www.balticmedia.com\/no\/oversetter-tjenester\/\" class=\"menu-link\">Oversetter-tjenester<\/a><\/li>\n<li  id=\"menu-item-42549\" class=\"menu-item menu-item-type-post_type menu-item-object-page menu-item-42549\"><a href=\"https:\/\/www.balticmedia.com\/no\/oversettelsestjenester\/maskinoversettelse-etterredigering\/\" class=\"menu-link\">Maskinoversettelse \u2013 etterredigering<\/a><\/li>\n<li  id=\"menu-item-42545\" class=\"menu-item menu-item-type-post_type menu-item-object-page menu-item-42545\"><a href=\"https:\/\/www.balticmedia.com\/no\/sertifisert-oversettelse\/\" class=\"menu-link\">Sertifisert oversettelse<\/a><\/li>\n<li  id=\"menu-item-42548\" class=\"menu-item menu-item-type-post_type menu-item-object-page menu-item-42548\"><a href=\"https:\/\/www.balticmedia.com\/no\/oversettelsestjenester\/lokalisering\/\" class=\"menu-link\">Lokalisering<\/a><\/li>\n<li  id=\"menu-item-42550\" class=\"menu-item menu-item-type-post_type menu-item-object-page menu-item-42550\"><a href=\"https:\/\/www.balticmedia.com\/no\/oversettelsestjenester\/oversettelse-av-dokumenter\/\" class=\"menu-link\">Oversettelse av dokumenter<\/a><\/li>\n<li  id=\"menu-item-42561\" class=\"menu-item menu-item-type-post_type menu-item-object-page menu-item-42561\"><a href=\"https:\/\/www.balticmedia.com\/no\/teknisk-oversettelse\/\" class=\"menu-link\">Teknisk oversettelse<\/a><\/li>\n<li  id=\"menu-item-42552\" class=\"menu-item menu-item-type-post_type menu-item-object-page menu-item-42552\"><a href=\"https:\/\/www.balticmedia.com\/no\/oversettelsestjenester\/oversettelse-av-nettsider\/\" class=\"menu-link\">Oversettelse av nettsider<\/a><\/li>\n<li  id=\"menu-item-42553\" class=\"menu-item menu-item-type-post_type menu-item-object-page menu-item-42553\"><a href=\"https:\/\/www.balticmedia.com\/no\/oversettelsestjenester\/oversettelse-av-nettsider\/seo-oversettelsestjenester\/\" class=\"menu-link\">SEO Oversettelsestjenester<\/a><\/li>\n<li  id=\"menu-item-42547\" class=\"menu-item menu-item-type-post_type menu-item-object-page menu-item-42547\"><a href=\"https:\/\/www.balticmedia.com\/no\/oversettelsestjenester\/juridisk-oversettelse\/\" class=\"menu-link\">Juridisk oversettelse<\/a><\/li>\n<li  id=\"menu-item-100599\" class=\"menu-item menu-item-type-post_type menu-item-object-page menu-item-100599\"><a href=\"https:\/\/www.balticmedia.com\/no\/oversettelsestjenester\/oversetting-av-reklame-og-markedsforingstekster\/\" class=\"menu-link\">Oversetting av\u00a0reklame- og markedsf\u00f8ringstekster<\/a><\/li>\n<li  id=\"menu-item-42555\" class=\"menu-item menu-item-type-post_type menu-item-object-page menu-item-42555\"><a href=\"https:\/\/www.balticmedia.com\/no\/oversettelsestjenester\/redigering-korrekturlesing\/\" class=\"menu-link\">Redigering og korrekturlesing<\/a><\/li>\n<li  id=\"menu-item-42564\" class=\"menu-item menu-item-type-post_type menu-item-object-page menu-item-42564\"><a href=\"https:\/\/www.balticmedia.com\/no\/oversettelsestjenester\/transkripsjon\/\" class=\"menu-link\">Transkripsjon<\/a><\/li>\n<li  id=\"menu-item-42551\" class=\"menu-item menu-item-type-post_type menu-item-object-page menu-item-42551\"><a href=\"https:\/\/www.balticmedia.com\/no\/oversettelse-av-medisinsk-tekst\/\" class=\"menu-link\">Oversettelse av medisinsk tekst<\/a><\/li>\n<li  id=\"menu-item-42565\" class=\"menu-item menu-item-type-post_type menu-item-object-page menu-item-42565\"><a href=\"https:\/\/www.balticmedia.com\/no\/oversettelsestjenester\/undertekster\/\" class=\"menu-link\">Undertekster | Oversettelse av undertekster<\/a><\/li>\n<li  id=\"menu-item-42562\" class=\"menu-item menu-item-type-post_type menu-item-object-page menu-item-42562\"><a href=\"https:\/\/www.balticmedia.com\/no\/oversettelsestjenester\/tekstskriving\/\" class=\"menu-link\">Tekstskriving<\/a><\/li>\n<li  id=\"menu-item-42546\" class=\"menu-item menu-item-type-post_type menu-item-object-page menu-item-42546\"><a href=\"https:\/\/www.balticmedia.com\/no\/oversettelsestjenester\/dtp-grafisk-design\/\" class=\"menu-link\">DTP-grafisk design<\/a><\/li>\n<li  id=\"menu-item-100600\" class=\"menu-item menu-item-type-post_type menu-item-object-page menu-item-100600\"><a href=\"https:\/\/www.balticmedia.com\/no\/tolke\/\" class=\"menu-link\">Tolke-tjenester fra Baltic Media\u00ae<\/a><\/li>\n<li  id=\"menu-item-100601\" class=\"menu-item menu-item-type-post_type menu-item-object-page menu-item-100601\"><a href=\"https:\/\/www.balticmedia.com\/no\/tolke\/tjenester-for-etterfolgende-tolking\/\" class=\"menu-link\">Etterf\u00f8lgende tolking<\/a><\/li>\n<li  id=\"menu-item-42563\" class=\"menu-item menu-item-type-post_type menu-item-object-page menu-item-42563\"><a href=\"https:\/\/www.balticmedia.com\/no\/tolke\/samtidige-tolking\/\" class=\"menu-link\">Samtidige tolking<\/a><\/li>\n<li  id=\"menu-item-42566\" class=\"menu-item menu-item-type-post_type menu-item-object-page menu-item-42566\"><a href=\"https:\/\/www.balticmedia.com\/no\/tolke\/tolking-over-telefon\/\" class=\"menu-link\">Tolking over telefon<\/a><\/li>\n<li  id=\"menu-item-42556\" class=\"menu-item menu-item-type-post_type menu-item-object-page menu-item-42556\"><a href=\"https:\/\/www.balticmedia.com\/no\/spraklaering\/\" class=\"menu-link\">Spr\u00e5kl\u00e6ring<\/a><\/li>\n<li  id=\"menu-item-42557\" class=\"menu-item menu-item-type-post_type menu-item-object-page menu-item-42557\"><a href=\"https:\/\/www.balticmedia.com\/no\/spraklaering\/evaluer-dine-sprakferdigheter\/\" class=\"menu-link\">Evaluer dine spr\u00e5kferdigheter<\/a><\/li>\n<li  id=\"menu-item-42559\" class=\"menu-item menu-item-type-post_type menu-item-object-page menu-item-42559\"><a href=\"https:\/\/www.balticmedia.com\/no\/spraklaering\/hvordan-kan-sprakkurs-oke-bedriften-din\/\" class=\"menu-link\">Hvordan kan spr\u00e5kkurs \u00f8ke bedriften din?<\/a><\/li>\n<li  id=\"menu-item-42560\" class=\"menu-item menu-item-type-post_type menu-item-object-page menu-item-42560\"><a href=\"https:\/\/www.balticmedia.com\/no\/hvorfor-velge-baltic-media-language-training-centre\/\" class=\"menu-link\">Hvorfor velge Baltic Media Language Training Centre?<\/a><\/li>\n<li  id=\"menu-item-103724\" class=\"menu-item menu-item-type-post_type menu-item-object-page menu-item-103724\"><a href=\"https:\/\/www.balticmedia.com\/no\/sprakkurs-i-latvisk\/\" class=\"menu-link\">Spr\u00e5kkurs i latvisk | Latvisk spr\u00e5kskole i Riga p\u00e5 stedet og p\u00e5 nettet<\/a><\/li>\n<\/ul><\/div><\/div><div id=\"panel-37309-1-0-2\" class=\"so-panel widget widget_ocean_custom_menu widget-oceanwp-custom-menu custom-menu-widget panel-last-child extendedwopts-hide extendedwopts-tablet extendedwopts-mobile widgetopts-SO\" data-index=\"3\" ><div class=\"oceanwp-custom-menu clr ocean_custom_menu-2 left dropdown-hover\"><ul id=\"menu-partnere\" class=\"dropdown-menu sf-menu\"><li  id=\"menu-item-14932\" class=\"menu-item menu-item-type-custom menu-item-object-custom menu-item-14932\"><a target=\"_blank\" href=\"https:\/\/balticmedia.s.xtrf.eu\/vendors\/#\/sign-in\" class=\"menu-link\" rel=\"nofollow noopener\"><i class=\"icon before line-icon icon-briefcase\" aria-hidden=\"true\" style=\"font-size:2em;\"><\/i><span class=\"menu-text\">Partnerportal<\/span><\/a><\/li>\n<li  id=\"menu-item-14933\" class=\"menu-item menu-item-type-custom menu-item-object-custom menu-item-14933\"><a target=\"_blank\" href=\"https:\/\/www.balticmedia.com\/wp-content\/uploads\/11-Reasons-to-Choose-Baltic-Media-2026.pdf\" class=\"menu-link\"><i class=\"icon before line-icon icon-people\" aria-hidden=\"true\" style=\"font-size:2em;\"><\/i><span class=\"menu-text\">Selskapet profil<\/span><\/a><\/li>\n<li  id=\"menu-item-14934\" class=\"menu-item menu-item-type-custom menu-item-object-custom menu-item-14934\"><a target=\"_blank\" href=\"https:\/\/www.balticmedia.com\/wp-content\/uploads\/oversettelsbyra-no.pdf\" class=\"menu-link\"><i class=\"icon before line-icon icon-organization\" aria-hidden=\"true\" style=\"font-size:2em;\"><\/i><span class=\"menu-text\">Oversettelse. Steg for steg<\/span><\/a><\/li>\n<li  id=\"menu-item-14935\" class=\"menu-item menu-item-type-custom menu-item-object-custom menu-item-14935\"><a target=\"_blank\" href=\"https:\/\/www.balticmedia.com\/wp-content\/uploads\/Baltic-Media-Ltd.-Service-Terms-and-Conditions.pdf\" class=\"menu-link\"><i class=\"icon before line-icon icon-docs\" aria-hidden=\"true\" style=\"font-size:2em;\"><\/i><span class=\"menu-text\">Vilk\u00e5r og betingelser (EN)<\/span><\/a><\/li>\n<li  id=\"menu-item-14936\" class=\"menu-item menu-item-type-custom menu-item-object-custom menu-item-14936\"><a target=\"_blank\" href=\"https:\/\/www.balticmedia.com\/wp-content\/uploads\/iSO-certificate-2023.png\" class=\"menu-link\"><i class=\"icon before line-icon icon-doc\" aria-hidden=\"true\" style=\"font-size:2em;\"><\/i><span class=\"menu-text\">ISO 9001:2015 Quality Certification<\/span><\/a><\/li>\n<li  id=\"menu-item-14937\" class=\"menu-item menu-item-type-custom menu-item-object-custom menu-item-14937\"><a target=\"_blank\" href=\"https:\/\/www.balticmedia.com\/wp-content\/uploads\/362531_copyrighttrademarkbalticmedia.pdf\" class=\"menu-link\"><i class=\"icon before line-icon icon-info\" aria-hidden=\"true\" style=\"font-size:2em;\"><\/i><span class=\"menu-text\">Copyright | Trademark Baltic Media<sup>\u00ae<\/sup><\/span><\/a><\/li>\n<\/ul><\/div><\/div><\/div><div id=\"pgc-37309-1-1\"  class=\"panel-grid-cell\" ><div id=\"panel-37309-1-1-0\" class=\"so-panel widget widget_sow-editor panel-first-child panel-last-child widgetopts-hide_title widgetopts-SO\" data-index=\"4\" ><div\n\t\t\t\n\t\t\tclass=\"so-widget-sow-editor so-widget-sow-editor-base\"\n\t\t\t\n\t\t><h3 class=\"widget-title\">Hvordan kan spr\u00e5kkurs \u00f8ke bedriften din? | Baltic Media Language Training Centre<\/h3>\n<div class=\"siteorigin-widget-tinymce textwidget\">\n\t<h2><strong>Hvordan kan spr\u00e5kkurs \u00f8ke bedriften din? | Baltic Media Language Training Centre<\/strong><\/h2>\n<p>Hvis bedriften har som m\u00e5l \u00e5 \u00f8ke eksporten av varer eller tjenester til b\u00e5de n\u00e6re og fjerne markeder, kan det v\u00e6re lurt \u00e5 l\u00e6re de ansatte spr\u00e5kene som snakkes i disse landene. I hvert fall de som skal konsultere og lede datterselskaper i de nye markedene. For \u00e5 utvide virksomheten til de n\u00e6rmeste nabolandene kan spr\u00e5kkurs i svensk, norsk, dansk, estisk, finsk, litauisk, polsk, tysk og russisk v\u00e6re nyttige.<\/p>\n<p>Hvis selskapet ditt er et datterselskap av et annet globalt selskap, kan det hende du trenger kunnskaper i det offisielle spr\u00e5ket i landet der morselskapet er basert for \u00e5 kunne kommunisere effektivt med de ansatte. Vi har spesialisert oss p\u00e5 spr\u00e5kkurs i svensk, engelsk, finsk, estisk, tysk, litauisk, spansk, italiensk, fransk, arabisk, japansk og kinesisk i over 230\u00e5r.<\/p>\n<p>Vitenskapelig forskning viser at hvis du kommuniserer med forretningspartnerne dine p\u00e5 deres spr\u00e5k, \u00f8ker bedriftens omsetning med i gjennomsnitt 25 %.<\/p>\n<p><img data-recalc-dims=\"1\" loading=\"lazy\" decoding=\"async\" class=\"alignnone wp-image-6878\" src=\"https:\/\/i0.wp.com\/www.balticmedia.com\/wp-content\/uploads\/baltic_media_a5_flayer_2.png?resize=300%2C426&#038;ssl=1\" alt=\"Hvordan kan spr\u00e5kkurs \u00f8ke bedriften din?\" width=\"300\" height=\"426\" srcset=\"https:\/\/i0.wp.com\/www.balticmedia.com\/wp-content\/uploads\/baltic_media_a5_flayer_2.png?resize=211%2C300&amp;ssl=1 211w, https:\/\/i0.wp.com\/www.balticmedia.com\/wp-content\/uploads\/baltic_media_a5_flayer_2.png?resize=722%2C1024&amp;ssl=1 722w, https:\/\/i0.wp.com\/www.balticmedia.com\/wp-content\/uploads\/baltic_media_a5_flayer_2.png?w=728&amp;ssl=1 728w\" sizes=\"auto, (max-width: 300px) 100vw, 300px\" title=\"\"><\/p>\n<p><img data-recalc-dims=\"1\" loading=\"lazy\" decoding=\"async\" class=\"alignnone size-medium wp-image-1474\" src=\"https:\/\/i0.wp.com\/www.balticmedia.com\/wp-content\/uploads\/BM-logo-328x90-web-2.jpg?resize=300%2C82&#038;ssl=1\" alt=\"Baltic Media\" width=\"300\" height=\"82\" srcset=\"https:\/\/i0.wp.com\/www.balticmedia.com\/wp-content\/uploads\/BM-logo-328x90-web-2-e1732657723740.jpg?resize=300%2C82&amp;ssl=1 300w, https:\/\/i0.wp.com\/www.balticmedia.com\/wp-content\/uploads\/BM-logo-328x90-web-2-e1732657723740.jpg?w=328&amp;ssl=1 328w\" sizes=\"auto, (max-width: 300px) 100vw, 300px\" title=\"\"><\/p>\n<div>\n<p>Engelsk er et globalt spr\u00e5k for forretningskommunikasjon. La oss si at du har gode kunnskaper i engelsk som du har l\u00e6rt p\u00e5 skolen og universitetet, men for \u00e5 kunne kommunisere i et forretningsmilj\u00f8 m\u00e5 du tilegne deg spesifikk forretningsterminologi og spr\u00e5kstil avhengig av regionen. Forelesere som har engelsk som morsm\u00e5l og som er godt kjent med amerikansk, britisk, australsk og andre versjoner av engelsk, vil hjelpe deg med dette.<\/p>\n<p>Hvis bedriften din er internasjonal og sysselsetter et stort antall utenlandske eksperter som har kommet til Riga ikke bare for \u00e5 jobbe, men ogs\u00e5 for \u00e5 bo og integrere seg i det sosiale og kulturelle milj\u00f8et i Latvia, kan det v\u00e6re lurt \u00e5 l\u00e6re disse ansatte latvisk - det offisielle spr\u00e5ket i Latvia og et av de offisielle spr\u00e5kene i EU.<\/p>\n<p>Latvisk har r\u00f8tter helt tilbake til sanskrit og er et av de eldste spr\u00e5kene i den europeiske sivilisasjonen, som sammen med litauisk utgj\u00f8r en egen gren av det indoeuropeiske spr\u00e5ktreet. Spr\u00e5kkurs i latvisk for utlendinger, som er basert p\u00e5 en spesiell, original metode, er en av v\u00e5re spesialiteter.<\/p>\n<p>Alle disse spr\u00e5kkursene har v\u00e6rt organisert av Baltic Media Language Training Centre i mer enn 25 \u00e5r.<\/p>\n<p>Ta kontakt med oss, s\u00e5 forteller vi deg mer om hvordan erfaringen og kompetansen p\u00e5 spr\u00e5kkursene v\u00e5re kan hjelpe deg!<\/p>\n<p>Hvis du \u00f8nsker \u00e5 beherske et av de mest etterspurte spr\u00e5kene i v\u00e5re naboland eller fjernere land, kan du kontakte de ansatte ved spr\u00e5ksenteret v\u00e5rt p\u00e5 e-post: <a href=\"mailto:kursi@balticmedia.com\">kursi@balticmedia.com<\/a> eller ringe +37167224395.<\/p>\n<p>Hvis du vil ha mer informasjon om hvordan spr\u00e5kkursene til Baltic Media, det ledende spr\u00e5kserviceselskapet i Nord-Europa, er organisert, kan du g\u00e5 inn p\u00e5 <a href=\"https:\/\/www.valodukursi.lv\/en\" target=\"_blank\" rel=\"noopener\">www.valodukursi.lv<\/a><\/p>\n<p>Baltic Media Language Centre er en utdanningsinstitusjon som er registrert hos den statlige utdanningskvalitetstjenesten i Latvia.<\/p>\n<p>Det statlige byr\u00e5et for utdanningsutvikling har registrert utdanningsprogrammene i latvisk, litauisk, svensk, russisk, kommunikasjon osv. ved Baltic Media Language Training Center.<\/p>\n<p>Type programmer: Profesjonell vekst og personlig utvikling (ikke-formell voksenoppl\u00e6ring). Utdanningsdokumenter - sertifikat.<\/p>\n<p><iframe loading=\"lazy\" src=\"https:\/\/www.youtube.com\/embed\/hiNHZ2fn4Cc?enablejsapi=1&amp;origin=https:\/\/wp.balticmedia.dev.telia.lv\" width=\"560\" height=\"315\" frameborder=\"0\" allowfullscreen=\"allowfullscreen\" data-mce-fragment=\"1\"><\/iframe><\/p>\n<\/div>\n<h3><strong><a href=\"https:\/\/www.balticmedia.com\/no\/hvorfor-velge-baltic-media-language-training-centre\/\">Why is the Baltic Media Language Training Centre Your Go-To Place If You Want to Learn New Languages?<\/a><\/strong><\/h3>\n<h3><a href=\"https:\/\/www.balticmedia.com\/no\/sprakkurs-i-latvisk\/\">Latvian Language Training Riga<\/a><\/h3>\n<h3><a href=\"https:\/\/www.balticmedia.com\/language-learning\/how-can-language-courses-boost-your-business\/\">How Can Language Courses Boost Your Business?<\/a><\/h3>\n<h3><a href=\"https:\/\/www.balticmedia.com\/language-learning\/language-levels\/\">Evaluate your language skills<\/a><\/h3>\n<h3><a href=\"https:\/\/www.balticmedia.com\/language-learning\/discover-latvian\/\">Discover Latvian - an effective approach for learning Latvian<\/a><\/h3>\n<h3><a href=\"https:\/\/www.balticmedia.com\/global-translation-services\/language-training-courses-classes-lessons\/latvian-language-courses-for-foreigners\/\">Latvian language courses for foreigners<\/a><\/h3>\n<h3><a href=\"https:\/\/www.valodukursi.lv\/en\/contacts\/apply-here\" target=\"_blank\" rel=\"noopener\">Apply here<\/a><\/h3>\n<\/div>\n<\/div><\/div><\/div><\/div><\/div>","protected":false},"excerpt":{"rendered":"<p>Hvordan kan spr\u00e5kkurs \u00f8ke bedriften din? | Baltic Media Language Training Centre Hvis bedriften har som m\u00e5l \u00e5 \u00f8ke eksporten av varer eller tjenester til b\u00e5de n\u00e6re og fjerne markeder, kan det v\u00e6re lurt \u00e5 l\u00e6re de ansatte spr\u00e5kene som snakkes i disse landene. I hvert fall de som skal konsultere og lede datterselskaper i [&hellip;]<\/p>\n","protected":false},"author":2,"featured_media":140008,"parent":32837,"menu_order":0,"comment_status":"closed","ping_status":"closed","template":"","meta":{"ocean_post_layout":"","ocean_both_sidebars_style":"","ocean_both_sidebars_content_width":0,"ocean_both_sidebars_sidebars_width":0,"ocean_sidebar":"0","ocean_second_sidebar":"0","ocean_disable_margins":"enable","ocean_add_body_class":"","ocean_shortcode_before_top_bar":"","ocean_shortcode_after_top_bar":"","ocean_shortcode_before_header":"","ocean_shortcode_after_header":"","ocean_has_shortcode":"","ocean_shortcode_after_title":"","ocean_shortcode_before_footer_widgets":"","ocean_shortcode_after_footer_widgets":"","ocean_shortcode_before_footer_bottom":"","ocean_shortcode_after_footer_bottom":"","ocean_display_top_bar":"default","ocean_display_header":"default","ocean_header_style":"","ocean_center_header_left_menu":"0","ocean_custom_header_template":"0","ocean_custom_logo":0,"ocean_custom_retina_logo":0,"ocean_custom_logo_max_width":0,"ocean_custom_logo_tablet_max_width":0,"ocean_custom_logo_mobile_max_width":0,"ocean_custom_logo_max_height":0,"ocean_custom_logo_tablet_max_height":0,"ocean_custom_logo_mobile_max_height":0,"ocean_header_custom_menu":"0","ocean_menu_typo_font_family":"0","ocean_menu_typo_font_subset":"","ocean_menu_typo_font_size":0,"ocean_menu_typo_font_size_tablet":0,"ocean_menu_typo_font_size_mobile":0,"ocean_menu_typo_font_size_unit":"px","ocean_menu_typo_font_weight":"","ocean_menu_typo_font_weight_tablet":"","ocean_menu_typo_font_weight_mobile":"","ocean_menu_typo_transform":"","ocean_menu_typo_transform_tablet":"","ocean_menu_typo_transform_mobile":"","ocean_menu_typo_line_height":0,"ocean_menu_typo_line_height_tablet":0,"ocean_menu_typo_line_height_mobile":0,"ocean_menu_typo_line_height_unit":"","ocean_menu_typo_spacing":0,"ocean_menu_typo_spacing_tablet":0,"ocean_menu_typo_spacing_mobile":0,"ocean_menu_typo_spacing_unit":"","ocean_menu_link_color":"","ocean_menu_link_color_hover":"","ocean_menu_link_color_active":"","ocean_menu_link_background":"","ocean_menu_link_hover_background":"","ocean_menu_link_active_background":"","ocean_menu_social_links_bg":"","ocean_menu_social_hover_links_bg":"","ocean_menu_social_links_color":"","ocean_menu_social_hover_links_color":"","ocean_disable_title":"default","ocean_disable_heading":"default","ocean_post_title":"","ocean_post_subheading":"","ocean_post_title_style":"","ocean_post_title_background_color":"","ocean_post_title_background":0,"ocean_post_title_bg_image_position":"","ocean_post_title_bg_image_attachment":"","ocean_post_title_bg_image_repeat":"","ocean_post_title_bg_image_size":"","ocean_post_title_height":0,"ocean_post_title_bg_overlay":0.5,"ocean_post_title_bg_overlay_color":"","ocean_disable_breadcrumbs":"default","ocean_breadcrumbs_color":"","ocean_breadcrumbs_separator_color":"","ocean_breadcrumbs_links_color":"","ocean_breadcrumbs_links_hover_color":"","ocean_display_footer_widgets":"default","ocean_display_footer_bottom":"default","ocean_custom_footer_template":"0","ofc_meta_disable_footer_callout":"","ofc_meta_callout_button_url":"","ofc_meta_callout_button_txt":"","ofc_meta_callout_text":"","osh_disable_topbar_sticky":"default","osh_disable_header_sticky":"default","osh_sticky_header_style":"default","osh_sticky_header_effect":"","osh_custom_sticky_logo":0,"osh_custom_retina_sticky_logo":0,"osh_custom_sticky_logo_height":0,"osh_background_color":"","osh_links_color":"","osh_links_hover_color":"","osh_links_active_color":"","osh_links_bg_color":"","osh_links_hover_bg_color":"","osh_links_active_bg_color":"","osh_menu_social_links_color":"","osh_menu_social_hover_links_color":"","footnotes":""},"class_list":["post-37309","page","type-page","status-publish","has-post-thumbnail","hentry","entry","has-media"],"jetpack_sharing_enabled":true,"jetpack_likes_enabled":true,"jetpack-related-posts":[],"jetpack_shortlink":"https:\/\/wp.me\/Pe7Cu3-9HL","_links":{"self":[{"href":"https:\/\/www.balticmedia.com\/no\/wp-json\/wp\/v2\/pages\/37309","targetHints":{"allow":["GET"]}}],"collection":[{"href":"https:\/\/www.balticmedia.com\/no\/wp-json\/wp\/v2\/pages"}],"about":[{"href":"https:\/\/www.balticmedia.com\/no\/wp-json\/wp\/v2\/types\/page"}],"author":[{"embeddable":true,"href":"https:\/\/www.balticmedia.com\/no\/wp-json\/wp\/v2\/users\/2"}],"replies":[{"embeddable":true,"href":"https:\/\/www.balticmedia.com\/no\/wp-json\/wp\/v2\/comments?post=37309"}],"version-history":[{"count":7,"href":"https:\/\/www.balticmedia.com\/no\/wp-json\/wp\/v2\/pages\/37309\/revisions"}],"predecessor-version":[{"id":126062,"href":"https:\/\/www.balticmedia.com\/no\/wp-json\/wp\/v2\/pages\/37309\/revisions\/126062"}],"up":[{"embeddable":true,"href":"https:\/\/www.balticmedia.com\/no\/wp-json\/wp\/v2\/pages\/32837"}],"wp:featuredmedia":[{"embeddable":true,"href":"https:\/\/www.balticmedia.com\/no\/wp-json\/wp\/v2\/media\/140008"}],"wp:attachment":[{"href":"https:\/\/www.balticmedia.com\/no\/wp-json\/wp\/v2\/media?parent=37309"}],"curies":[{"name":"wp","href":"https:\/\/api.w.org\/{rel}","templated":true}]}}