{"id":35044,"date":"2021-02-03T13:34:02","date_gmt":"2021-02-03T11:34:02","guid":{"rendered":"https:\/\/www.balticmedia.com\/priser\/our-translation-clients\/"},"modified":"2022-05-02T21:09:55","modified_gmt":"2022-05-02T18:09:55","slug":"vare-kunder","status":"publish","type":"page","link":"https:\/\/www.balticmedia.com\/no\/oversettelses-priser\/vare-kunder\/","title":{"rendered":"V\u00e5re kunder"},"content":{"rendered":"<div id=\"pl-35044\"  class=\"panel-layout\" ><div id=\"pg-35044-0\"  class=\"panel-grid panel-no-style\" ><div id=\"pgc-35044-0-0\"  class=\"panel-grid-cell\" ><div id=\"panel-35044-0-0-0\" class=\"so-panel widget widget_sow-image panel-first-child panel-last-child widgetopts-SO\" data-index=\"0\" ><div\n\t\t\t\n\t\t\tclass=\"so-widget-sow-image so-widget-sow-image-default-8b5b6f678277-35044\"\n\t\t\t\n\t\t>\n<div class=\"sow-image-container\">\n\t\t<img loading=\"lazy\" decoding=\"async\" src=\"https:\/\/i0.wp.com\/www.balticmedia.com\/wp-content\/uploads\/5blog-scaled.jpg?fit=2560%2C549&amp;ssl=1\" width=\"2560\" height=\"549\" srcset=\"https:\/\/i0.wp.com\/www.balticmedia.com\/wp-content\/uploads\/5blog-scaled.jpg?w=2560&amp;ssl=1 2560w, https:\/\/i0.wp.com\/www.balticmedia.com\/wp-content\/uploads\/5blog-scaled.jpg?resize=300%2C64&amp;ssl=1 300w, https:\/\/i0.wp.com\/www.balticmedia.com\/wp-content\/uploads\/5blog-scaled.jpg?resize=1024%2C219&amp;ssl=1 1024w, https:\/\/i0.wp.com\/www.balticmedia.com\/wp-content\/uploads\/5blog-scaled.jpg?resize=768%2C165&amp;ssl=1 768w, https:\/\/i0.wp.com\/www.balticmedia.com\/wp-content\/uploads\/5blog-scaled.jpg?resize=1536%2C329&amp;ssl=1 1536w, https:\/\/i0.wp.com\/www.balticmedia.com\/wp-content\/uploads\/5blog-scaled.jpg?resize=2048%2C439&amp;ssl=1 2048w, https:\/\/i0.wp.com\/www.balticmedia.com\/wp-content\/uploads\/5blog-scaled.jpg?w=2400&amp;ssl=1 2400w\" title=\"5blog\" alt=\"\" class=\"so-widget-image\">\n\t<\/div>\n\n<\/div><\/div><\/div><\/div><div id=\"pg-35044-1\"  class=\"panel-grid panel-no-style\" ><div id=\"pgc-35044-1-0\"  class=\"panel-grid-cell\" ><div id=\"panel-35044-1-0-0\" class=\"so-panel widget widget_sow-editor panel-first-child\" data-index=\"1\" ><div\n\t\t\t\n\t\t\tclass=\"so-widget-sow-editor so-widget-sow-editor-base\"\n\t\t\t\n\t\t>\n<div class=\"siteorigin-widget-tinymce textwidget\">\n\t<pre><form aria-label=\"Search this website\" role=\"search\" method=\"get\" class=\"oceanwp-searchform\" id=\"searchform\" action=\"https:\/\/www.balticmedia.com\/no\/\"><input aria-label=\"Insert search query\" type=\"text\" class=\"field\" name=\"s\" id=\"s\" placeholder=\"Search\"><button aria-label=\"Submit your search\" type=\"submit\" class=\"search-submit\" value=\"\"><i class=\"icon-magnifier\" aria-hidden=\"true\"><\/i><\/button><\/form><\/pre>\n<\/div>\n<\/div><\/div><div id=\"panel-35044-1-0-1\" class=\"so-panel widget widget_ocean_custom_menu widget-oceanwp-custom-menu custom-menu-widget extendedwopts-hide extendedwopts-tablet extendedwopts-mobile widgetopts-SO\" data-index=\"2\" ><div class=\"oceanwp-custom-menu clr ocean_custom_menu-2 left dropdown-hover\"><ul id=\"menu-prices-no\" class=\"dropdown-menu sf-menu\"><li  id=\"menu-item-49457\" class=\"menu-item menu-item-type-post_type menu-item-object-page menu-item-49457\"><a href=\"https:\/\/www.balticmedia.com\/no\/oversettelses-priser\/\" class=\"menu-link\">Oversettelses priser<\/a><\/li>\n<li  id=\"menu-item-49462\" class=\"menu-item menu-item-type-post_type menu-item-object-page menu-item-49462\"><a href=\"https:\/\/www.balticmedia.com\/no\/oversettelses-priser\/prisen-pa-oversettelse\/\" class=\"menu-link\">Prisen p\u00e5 oversettelse<\/a><\/li>\n<li  id=\"menu-item-49458\" class=\"menu-item menu-item-type-post_type menu-item-object-page menu-item-49458\"><a href=\"https:\/\/www.balticmedia.com\/no\/oversettelses-priser\/hvordan-velge-et-oversettelsesbyra\/\" class=\"menu-link\">Hvordan velge et oversettelsesbyr\u00e5<\/a><\/li>\n<li  id=\"menu-item-49459\" class=\"menu-item menu-item-type-post_type menu-item-object-page menu-item-49459\"><a href=\"https:\/\/www.balticmedia.com\/no\/oversettelses-priser\/kvaliteten-pa-oversettelsestjenesten\/\" class=\"menu-link\">Kvaliteten p\u00e5 oversettelsestjenesten<\/a><\/li>\n<li  id=\"menu-item-49463\" class=\"menu-item menu-item-type-post_type menu-item-object-page menu-item-49463\"><a href=\"https:\/\/www.balticmedia.com\/no\/oversettelses-priser\/vare-kunder\/\" class=\"menu-link\">V\u00e5re kunder<\/a><\/li>\n<li  id=\"menu-item-49461\" class=\"menu-item menu-item-type-post_type menu-item-object-page menu-item-49461\"><a href=\"https:\/\/www.balticmedia.com\/no\/oversettelses-priser\/referanse-skjema\/\" class=\"menu-link\">Kundetilfredshetsunders\u00f8kelse<\/a><\/li>\n<li  id=\"menu-item-49460\" class=\"menu-item menu-item-type-post_type menu-item-object-page menu-item-49460\"><a href=\"https:\/\/www.balticmedia.com\/no\/oversettelses-priser\/kundereferanser\/\" class=\"menu-link\">Referanser fra v\u00e5re kunder<\/a><\/li>\n<li  id=\"menu-item-101293\" class=\"menu-item menu-item-type-post_type menu-item-object-page menu-item-101293\"><a href=\"https:\/\/www.balticmedia.com\/no\/omradekart\/\" class=\"menu-link\">Omr\u00e5dekart<\/a><\/li>\n<\/ul><\/div><\/div><div id=\"panel-35044-1-0-2\" class=\"so-panel widget widget_ocean_custom_menu widget-oceanwp-custom-menu custom-menu-widget panel-last-child extendedwopts-hide extendedwopts-tablet extendedwopts-mobile widgetopts-SO\" data-index=\"3\" ><div class=\"oceanwp-custom-menu clr ocean_custom_menu-2 left dropdown-hover\"><ul id=\"menu-partnere\" class=\"dropdown-menu sf-menu\"><li  id=\"menu-item-14932\" class=\"menu-item menu-item-type-custom menu-item-object-custom menu-item-14932\"><a target=\"_blank\" href=\"https:\/\/balticmedia.s.xtrf.eu\/vendors\/#\/sign-in\" class=\"menu-link\" rel=\"nofollow noopener\"><i class=\"icon before line-icon icon-briefcase\" aria-hidden=\"true\" style=\"font-size:2em;\"><\/i><span class=\"menu-text\">Partnerportal<\/span><\/a><\/li>\n<li  id=\"menu-item-14933\" class=\"menu-item menu-item-type-custom menu-item-object-custom menu-item-14933\"><a target=\"_blank\" href=\"https:\/\/www.balticmedia.com\/wp-content\/uploads\/11-Reasons-to-Choose-Baltic-Media-2026.pdf\" class=\"menu-link\"><i class=\"icon before line-icon icon-people\" aria-hidden=\"true\" style=\"font-size:2em;\"><\/i><span class=\"menu-text\">Selskapet profil<\/span><\/a><\/li>\n<li  id=\"menu-item-14934\" class=\"menu-item menu-item-type-custom menu-item-object-custom menu-item-14934\"><a target=\"_blank\" href=\"https:\/\/www.balticmedia.com\/wp-content\/uploads\/oversettelsbyra-no.pdf\" class=\"menu-link\"><i class=\"icon before line-icon icon-organization\" aria-hidden=\"true\" style=\"font-size:2em;\"><\/i><span class=\"menu-text\">Oversettelse. Steg for steg<\/span><\/a><\/li>\n<li  id=\"menu-item-14935\" class=\"menu-item menu-item-type-custom menu-item-object-custom menu-item-14935\"><a target=\"_blank\" href=\"https:\/\/www.balticmedia.com\/wp-content\/uploads\/Baltic-Media-Ltd.-Service-Terms-and-Conditions.pdf\" class=\"menu-link\"><i class=\"icon before line-icon icon-docs\" aria-hidden=\"true\" style=\"font-size:2em;\"><\/i><span class=\"menu-text\">Vilk\u00e5r og betingelser (EN)<\/span><\/a><\/li>\n<li  id=\"menu-item-14936\" class=\"menu-item menu-item-type-custom menu-item-object-custom menu-item-14936\"><a target=\"_blank\" href=\"https:\/\/www.balticmedia.com\/wp-content\/uploads\/iSO-certificate-2023.png\" class=\"menu-link\"><i class=\"icon before line-icon icon-doc\" aria-hidden=\"true\" style=\"font-size:2em;\"><\/i><span class=\"menu-text\">ISO 9001:2015 Quality Certification<\/span><\/a><\/li>\n<li  id=\"menu-item-14937\" class=\"menu-item menu-item-type-custom menu-item-object-custom menu-item-14937\"><a target=\"_blank\" href=\"https:\/\/www.balticmedia.com\/wp-content\/uploads\/362531_copyrighttrademarkbalticmedia.pdf\" class=\"menu-link\"><i class=\"icon before line-icon icon-info\" aria-hidden=\"true\" style=\"font-size:2em;\"><\/i><span class=\"menu-text\">Copyright | Trademark Baltic Media<sup>\u00ae<\/sup><\/span><\/a><\/li>\n<\/ul><\/div><\/div><\/div><div id=\"pgc-35044-1-1\"  class=\"panel-grid-cell\" ><div id=\"panel-35044-1-1-0\" class=\"so-panel widget widget_sow-editor panel-first-child panel-last-child widgetopts-SO\" data-index=\"4\" ><div\n\t\t\t\n\t\t\tclass=\"so-widget-sow-editor so-widget-sow-editor-base\"\n\t\t\t\n\t\t>\n<div class=\"siteorigin-widget-tinymce textwidget\">\n\t<h1>V\u00e5re kunder<\/h1>\n<h2>Positiv kundetilbakemelding \u2013 Gjennomsnittlig 4,9 av 5 stjerner<\/h2>\n<p>Den st\u00f8rste verdien av Baltic Media<sup>\u00ae<\/sup> er \u00e5 respektere v\u00e5re kunders interesser ved \u00e5 gi dem profesjonelle, h\u00f8ykvalitets og tidsriktige tjenester. H\u00f8y kundetilfredshet er v\u00e5r h\u00f8yeste prioritet, og hvert \u00e5r samler vi inn tilbakemeldinger fra v\u00e5re kunder for \u00e5 evaluere kvaliteten p\u00e5 de leverte tjenestene, og ekspertisen og reaksjonsevnen til v\u00e5re prosjektledere. Vi er glade for \u00e5 kunne rapportere at v\u00e5re kunder i 2020 har evaluert spr\u00e5ktjenestene til Baltic Media<sup>\u00ae<\/sup> h\u00f8yt (total vurdering \u2013 4,9 av 5 poeng), og ber\u00f8mmet kvaliteten p\u00e5 de leverte filene, responsen og hjelpsomheten til v\u00e5re prosjektledere, og aktualiteten til prosjektleveransene.<\/p>\n<p>Kundetilfredshet er en n\u00f8kkelfaktor for v\u00e5r suksess. Pr\u00f8v oss og du vil se selv!<\/p>\n<div>\n<p><strong>Det baltisk-nordiske oversettelsesbyr\u00e5et Baltic Media<sup>\u00ae<\/sup><\/strong> er en ledende tilbyder av digitale oversettelsestjenester i Nord-Europa, med spesialisering innen nordeuropeiske (inkl. nordiske, baltiske og slaviske) spr\u00e5k, hovedsakelig fra\/til svensk, finsk, islandsk, f\u00e6r\u00f8ysk, norsk, tysk, engelsk, polsk, russisk, latvisk, litauisk og estisk.<\/p>\n<p>Baltic Media<sup>\u00ae<\/sup> er en ISO-sertifisert leverand\u00f8r av spr\u00e5ktjenester, og tilbyr manuelle oversettelsestjenester for bedriftsmarkedet, offentlig sektor og privatkunder.<\/p>\n<\/div>\n<div>\n<div><img data-recalc-dims=\"1\" loading=\"lazy\" decoding=\"async\" class=\"alignnone size-medium wp-image-6507\" src=\"https:\/\/i0.wp.com\/www.balticmedia.com\/wp-content\/uploads\/logo_ar_globusu_stillbild_kvadrats.jpg?resize=300%2C187&#038;ssl=1\" alt=\"Baltic Media&lt;sup&gt;\u00ae&lt;\/sup&gt;\" width=\"300\" height=\"187\" title=\"\"><\/div>\n<\/div>\n<h2><b><u>Industriell<\/u><\/b><\/h2>\n<p><img data-recalc-dims=\"1\" loading=\"lazy\" decoding=\"async\" class=\"alignnone wp-image-14874 size-full\" src=\"https:\/\/i0.wp.com\/www.balticmedia.com\/wp-content\/uploads\/Screenshot-2021-02-03-at-11.01.48-AM-1.png?resize=620%2C807&#038;ssl=1\" alt=\"Industrial Clients\" width=\"620\" height=\"807\" srcset=\"https:\/\/i0.wp.com\/www.balticmedia.com\/wp-content\/uploads\/Screenshot-2021-02-03-at-11.01.48-AM-1.png?w=620&amp;ssl=1 620w, https:\/\/i0.wp.com\/www.balticmedia.com\/wp-content\/uploads\/Screenshot-2021-02-03-at-11.01.48-AM-1.png?resize=230%2C300&amp;ssl=1 230w\" sizes=\"auto, (max-width: 620px) 100vw, 620px\" title=\"\"><\/p>\n<h2><b><u>\u00d8konomi og jus<\/u><\/b><\/h2>\n<p><img data-recalc-dims=\"1\" loading=\"lazy\" decoding=\"async\" class=\"alignnone size-full wp-image-2986\" src=\"https:\/\/i0.wp.com\/www.balticmedia.com\/wp-content\/uploads\/Screenshot-2021-02-03-at-11.01.59-AM.png?resize=616%2C550&#038;ssl=1\" alt=\"\" width=\"616\" height=\"550\" srcset=\"https:\/\/i0.wp.com\/www.balticmedia.com\/wp-content\/uploads\/Screenshot-2021-02-03-at-11.01.59-AM.png?w=616&amp;ssl=1 616w, https:\/\/i0.wp.com\/www.balticmedia.com\/wp-content\/uploads\/Screenshot-2021-02-03-at-11.01.59-AM.png?resize=300%2C268&amp;ssl=1 300w\" sizes=\"auto, (max-width: 616px) 100vw, 616px\" title=\"\"><\/p>\n<h2><b><u>EU &amp; statlige institusjoner<\/u><\/b><\/h2>\n<p><img data-recalc-dims=\"1\" loading=\"lazy\" decoding=\"async\" class=\"alignnone size-full wp-image-2998\" src=\"https:\/\/i0.wp.com\/www.balticmedia.com\/wp-content\/uploads\/Screenshot-2021-02-03-at-11.02.11-AM.png?resize=662%2C823&#038;ssl=1\" alt=\"\" width=\"662\" height=\"823\" srcset=\"https:\/\/i0.wp.com\/www.balticmedia.com\/wp-content\/uploads\/Screenshot-2021-02-03-at-11.02.11-AM.png?w=662&amp;ssl=1 662w, https:\/\/i0.wp.com\/www.balticmedia.com\/wp-content\/uploads\/Screenshot-2021-02-03-at-11.02.11-AM.png?resize=241%2C300&amp;ssl=1 241w\" sizes=\"auto, (max-width: 662px) 100vw, 662px\" title=\"\"><\/p>\n<h2><b><u>Teknologi og telekommunikasjon<\/u><\/b><\/h2>\n<p><img data-recalc-dims=\"1\" loading=\"lazy\" decoding=\"async\" class=\"alignnone size-full wp-image-3010\" src=\"https:\/\/i0.wp.com\/www.balticmedia.com\/wp-content\/uploads\/Screenshot-2021-02-03-at-11.02.23-AM.png?resize=608%2C587&#038;ssl=1\" alt=\"\" width=\"608\" height=\"587\" srcset=\"https:\/\/i0.wp.com\/www.balticmedia.com\/wp-content\/uploads\/Screenshot-2021-02-03-at-11.02.23-AM.png?w=608&amp;ssl=1 608w, https:\/\/i0.wp.com\/www.balticmedia.com\/wp-content\/uploads\/Screenshot-2021-02-03-at-11.02.23-AM.png?resize=300%2C290&amp;ssl=1 300w\" sizes=\"auto, (max-width: 608px) 100vw, 608px\" title=\"\"><\/p>\n<h2><b><u>Bygg, Eiendom<\/u><\/b><\/h2>\n<p><img data-recalc-dims=\"1\" loading=\"lazy\" decoding=\"async\" class=\"alignnone size-full wp-image-3022\" src=\"https:\/\/i0.wp.com\/www.balticmedia.com\/wp-content\/uploads\/Screenshot-2021-02-03-at-11.02.32-AM.png?resize=607%2C362&#038;ssl=1\" alt=\"\" width=\"607\" height=\"362\" srcset=\"https:\/\/i0.wp.com\/www.balticmedia.com\/wp-content\/uploads\/Screenshot-2021-02-03-at-11.02.32-AM.png?w=607&amp;ssl=1 607w, https:\/\/i0.wp.com\/www.balticmedia.com\/wp-content\/uploads\/Screenshot-2021-02-03-at-11.02.32-AM.png?resize=300%2C179&amp;ssl=1 300w\" sizes=\"auto, (max-width: 607px) 100vw, 607px\" title=\"\"><\/p>\n<h2><b><u>Farmakologi, medisin<\/u><\/b><\/h2>\n<p><img data-recalc-dims=\"1\" loading=\"lazy\" decoding=\"async\" class=\"alignnone size-full wp-image-3034\" src=\"https:\/\/i0.wp.com\/www.balticmedia.com\/wp-content\/uploads\/Screenshot-2021-02-03-at-11.02.41-AM.png?resize=609%2C433&#038;ssl=1\" alt=\"\" width=\"609\" height=\"433\" srcset=\"https:\/\/i0.wp.com\/www.balticmedia.com\/wp-content\/uploads\/Screenshot-2021-02-03-at-11.02.41-AM.png?w=609&amp;ssl=1 609w, https:\/\/i0.wp.com\/www.balticmedia.com\/wp-content\/uploads\/Screenshot-2021-02-03-at-11.02.41-AM.png?resize=300%2C213&amp;ssl=1 300w\" sizes=\"auto, (max-width: 609px) 100vw, 609px\" title=\"\"><\/p>\n<h2><b><u>Media, reklame, markedsf\u00f8ring og PR media<\/u><\/b><\/h2>\n<p><img data-recalc-dims=\"1\" loading=\"lazy\" decoding=\"async\" class=\"alignnone size-full wp-image-3046\" src=\"https:\/\/i0.wp.com\/www.balticmedia.com\/wp-content\/uploads\/Screenshot-2021-02-03-at-11.02.52-AM.png?resize=605%2C332&#038;ssl=1\" alt=\"\" width=\"605\" height=\"332\" srcset=\"https:\/\/i0.wp.com\/www.balticmedia.com\/wp-content\/uploads\/Screenshot-2021-02-03-at-11.02.52-AM.png?w=605&amp;ssl=1 605w, https:\/\/i0.wp.com\/www.balticmedia.com\/wp-content\/uploads\/Screenshot-2021-02-03-at-11.02.52-AM.png?resize=300%2C165&amp;ssl=1 300w\" sizes=\"auto, (max-width: 605px) 100vw, 605px\" title=\"\"><\/p>\n<h2><b><u>Biler &amp; transport<\/u><\/b><\/h2>\n<p><img data-recalc-dims=\"1\" loading=\"lazy\" decoding=\"async\" class=\"alignnone size-full wp-image-3058\" src=\"https:\/\/i0.wp.com\/www.balticmedia.com\/wp-content\/uploads\/Screenshot-2021-02-03-at-11.03.03-AM.png?resize=607%2C537&#038;ssl=1\" alt=\"\" width=\"607\" height=\"537\" srcset=\"https:\/\/i0.wp.com\/www.balticmedia.com\/wp-content\/uploads\/Screenshot-2021-02-03-at-11.03.03-AM.png?w=607&amp;ssl=1 607w, https:\/\/i0.wp.com\/www.balticmedia.com\/wp-content\/uploads\/Screenshot-2021-02-03-at-11.03.03-AM.png?resize=300%2C265&amp;ssl=1 300w\" sizes=\"auto, (max-width: 607px) 100vw, 607px\" title=\"\"><\/p>\n<h2><b><u>Landbruk, n\u00e6ringsmiddelindustrien<\/u><\/b><\/h2>\n<p><img data-recalc-dims=\"1\" loading=\"lazy\" decoding=\"async\" class=\"alignnone size-full wp-image-3070\" src=\"https:\/\/i0.wp.com\/www.balticmedia.com\/wp-content\/uploads\/Screenshot-2021-02-03-at-11.03.10-AM.png?resize=609%2C347&#038;ssl=1\" alt=\"\" width=\"609\" height=\"347\" srcset=\"https:\/\/i0.wp.com\/www.balticmedia.com\/wp-content\/uploads\/Screenshot-2021-02-03-at-11.03.10-AM.png?w=609&amp;ssl=1 609w, https:\/\/i0.wp.com\/www.balticmedia.com\/wp-content\/uploads\/Screenshot-2021-02-03-at-11.03.10-AM.png?resize=300%2C171&amp;ssl=1 300w\" sizes=\"auto, (max-width: 609px) 100vw, 609px\" title=\"\"><\/p>\n<h2><b><u>Andre<\/u><\/b><\/h2>\n<p><img data-recalc-dims=\"1\" loading=\"lazy\" decoding=\"async\" class=\"alignnone size-full wp-image-3082\" src=\"https:\/\/i0.wp.com\/www.balticmedia.com\/wp-content\/uploads\/Screenshot-2021-02-03-at-11.03.19-AM.png?resize=608%2C332&#038;ssl=1\" alt=\"\" width=\"608\" height=\"332\" srcset=\"https:\/\/i0.wp.com\/www.balticmedia.com\/wp-content\/uploads\/Screenshot-2021-02-03-at-11.03.19-AM.png?w=608&amp;ssl=1 608w, https:\/\/i0.wp.com\/www.balticmedia.com\/wp-content\/uploads\/Screenshot-2021-02-03-at-11.03.19-AM.png?resize=300%2C164&amp;ssl=1 300w\" sizes=\"auto, (max-width: 608px) 100vw, 608px\" title=\"\"><\/p>\n<\/div>\n<\/div><\/div><\/div><\/div><\/div>","protected":false},"excerpt":{"rendered":"<p>V\u00e5re kunder Positiv kundetilbakemelding \u2013 Gjennomsnittlig 4,9 av 5 stjerner Den st\u00f8rste verdien av Baltic Media\u00ae er \u00e5 respektere v\u00e5re kunders interesser ved \u00e5 gi dem profesjonelle, h\u00f8ykvalitets og tidsriktige tjenester. H\u00f8y kundetilfredshet er v\u00e5r h\u00f8yeste prioritet, og hvert \u00e5r samler vi inn tilbakemeldinger fra v\u00e5re kunder for \u00e5 evaluere kvaliteten p\u00e5 de leverte tjenestene, [&hellip;]<\/p>\n","protected":false},"author":2,"featured_media":0,"parent":16196,"menu_order":0,"comment_status":"closed","ping_status":"closed","template":"","meta":{"ocean_post_layout":"","ocean_both_sidebars_style":"","ocean_both_sidebars_content_width":0,"ocean_both_sidebars_sidebars_width":0,"ocean_sidebar":"0","ocean_second_sidebar":"0","ocean_disable_margins":"enable","ocean_add_body_class":"","ocean_shortcode_before_top_bar":"","ocean_shortcode_after_top_bar":"","ocean_shortcode_before_header":"","ocean_shortcode_after_header":"","ocean_has_shortcode":"","ocean_shortcode_after_title":"","ocean_shortcode_before_footer_widgets":"","ocean_shortcode_after_footer_widgets":"","ocean_shortcode_before_footer_bottom":"","ocean_shortcode_after_footer_bottom":"","ocean_display_top_bar":"default","ocean_display_header":"default","ocean_header_style":"","ocean_center_header_left_menu":"0","ocean_custom_header_template":"0","ocean_custom_logo":0,"ocean_custom_retina_logo":0,"ocean_custom_logo_max_width":0,"ocean_custom_logo_tablet_max_width":0,"ocean_custom_logo_mobile_max_width":0,"ocean_custom_logo_max_height":0,"ocean_custom_logo_tablet_max_height":0,"ocean_custom_logo_mobile_max_height":0,"ocean_header_custom_menu":"0","ocean_menu_typo_font_family":"0","ocean_menu_typo_font_subset":"","ocean_menu_typo_font_size":0,"ocean_menu_typo_font_size_tablet":0,"ocean_menu_typo_font_size_mobile":0,"ocean_menu_typo_font_size_unit":"px","ocean_menu_typo_font_weight":"","ocean_menu_typo_font_weight_tablet":"","ocean_menu_typo_font_weight_mobile":"","ocean_menu_typo_transform":"","ocean_menu_typo_transform_tablet":"","ocean_menu_typo_transform_mobile":"","ocean_menu_typo_line_height":0,"ocean_menu_typo_line_height_tablet":0,"ocean_menu_typo_line_height_mobile":0,"ocean_menu_typo_line_height_unit":"","ocean_menu_typo_spacing":0,"ocean_menu_typo_spacing_tablet":0,"ocean_menu_typo_spacing_mobile":0,"ocean_menu_typo_spacing_unit":"","ocean_menu_link_color":"","ocean_menu_link_color_hover":"","ocean_menu_link_color_active":"","ocean_menu_link_background":"","ocean_menu_link_hover_background":"","ocean_menu_link_active_background":"","ocean_menu_social_links_bg":"","ocean_menu_social_hover_links_bg":"","ocean_menu_social_links_color":"","ocean_menu_social_hover_links_color":"","ocean_disable_title":"default","ocean_disable_heading":"default","ocean_post_title":"","ocean_post_subheading":"","ocean_post_title_style":"","ocean_post_title_background_color":"","ocean_post_title_background":0,"ocean_post_title_bg_image_position":"","ocean_post_title_bg_image_attachment":"","ocean_post_title_bg_image_repeat":"","ocean_post_title_bg_image_size":"","ocean_post_title_height":0,"ocean_post_title_bg_overlay":0.5,"ocean_post_title_bg_overlay_color":"","ocean_disable_breadcrumbs":"default","ocean_breadcrumbs_color":"","ocean_breadcrumbs_separator_color":"","ocean_breadcrumbs_links_color":"","ocean_breadcrumbs_links_hover_color":"","ocean_display_footer_widgets":"default","ocean_display_footer_bottom":"default","ocean_custom_footer_template":"0","ofc_meta_disable_footer_callout":"","ofc_meta_callout_button_url":"","ofc_meta_callout_button_txt":"","ofc_meta_callout_text":"","osh_disable_topbar_sticky":"default","osh_disable_header_sticky":"default","osh_sticky_header_style":"default","osh_sticky_header_effect":"","osh_custom_sticky_logo":0,"osh_custom_retina_sticky_logo":0,"osh_custom_sticky_logo_height":0,"osh_background_color":"","osh_links_color":"","osh_links_hover_color":"","osh_links_active_color":"","osh_links_bg_color":"","osh_links_hover_bg_color":"","osh_links_active_bg_color":"","osh_menu_social_links_color":"","osh_menu_social_hover_links_color":"","footnotes":""},"class_list":["post-35044","page","type-page","status-publish","hentry","entry"],"jetpack_sharing_enabled":true,"jetpack_likes_enabled":true,"jetpack-related-posts":[],"jetpack_shortlink":"https:\/\/wp.me\/Pe7Cu3-97e","_links":{"self":[{"href":"https:\/\/www.balticmedia.com\/no\/wp-json\/wp\/v2\/pages\/35044","targetHints":{"allow":["GET"]}}],"collection":[{"href":"https:\/\/www.balticmedia.com\/no\/wp-json\/wp\/v2\/pages"}],"about":[{"href":"https:\/\/www.balticmedia.com\/no\/wp-json\/wp\/v2\/types\/page"}],"author":[{"embeddable":true,"href":"https:\/\/www.balticmedia.com\/no\/wp-json\/wp\/v2\/users\/2"}],"replies":[{"embeddable":true,"href":"https:\/\/www.balticmedia.com\/no\/wp-json\/wp\/v2\/comments?post=35044"}],"version-history":[{"count":4,"href":"https:\/\/www.balticmedia.com\/no\/wp-json\/wp\/v2\/pages\/35044\/revisions"}],"predecessor-version":[{"id":100421,"href":"https:\/\/www.balticmedia.com\/no\/wp-json\/wp\/v2\/pages\/35044\/revisions\/100421"}],"up":[{"embeddable":true,"href":"https:\/\/www.balticmedia.com\/no\/wp-json\/wp\/v2\/pages\/16196"}],"wp:attachment":[{"href":"https:\/\/www.balticmedia.com\/no\/wp-json\/wp\/v2\/media?parent=35044"}],"curies":[{"name":"wp","href":"https:\/\/api.w.org\/{rel}","templated":true}]}}