{"id":17538,"date":"2021-02-10T14:00:12","date_gmt":"2021-02-10T12:00:12","guid":{"rendered":"https:\/\/www.balticmedia.com\/globale-oversettelsestjenester\/tolke\/over-phone-skype-interpreting-services\/"},"modified":"2025-02-15T10:53:58","modified_gmt":"2025-02-15T08:53:58","slug":"tolking-over-telefon","status":"publish","type":"page","link":"https:\/\/www.balticmedia.com\/no\/tolke\/tolking-over-telefon\/","title":{"rendered":"Tolking over telefon"},"content":{"rendered":"<div id=\"pl-17538\"  class=\"panel-layout\" ><div id=\"pg-17538-0\"  class=\"panel-grid panel-no-style\" ><div id=\"pgc-17538-0-0\"  class=\"panel-grid-cell\" ><div id=\"panel-17538-0-0-0\" class=\"so-panel widget widget_sow-image panel-first-child panel-last-child widgetopts-SO\" data-index=\"0\" ><div\n\t\t\t\n\t\t\tclass=\"so-widget-sow-image so-widget-sow-image-default-6ec9e3772f75-17538\"\n\t\t\t\n\t\t>\n<div class=\"sow-image-container\">\n\t\t<img src=\"https:\/\/i0.wp.com\/www.balticmedia.com\/wp-content\/uploads\/2services-scaled.jpg?fit=2560%2C549&amp;ssl=1\" width=\"2560\" height=\"549\" srcset=\"https:\/\/i0.wp.com\/www.balticmedia.com\/wp-content\/uploads\/2services-scaled.jpg?w=2560&amp;ssl=1 2560w, https:\/\/i0.wp.com\/www.balticmedia.com\/wp-content\/uploads\/2services-scaled.jpg?resize=300%2C64&amp;ssl=1 300w, https:\/\/i0.wp.com\/www.balticmedia.com\/wp-content\/uploads\/2services-scaled.jpg?resize=1024%2C219&amp;ssl=1 1024w, https:\/\/i0.wp.com\/www.balticmedia.com\/wp-content\/uploads\/2services-scaled.jpg?resize=768%2C165&amp;ssl=1 768w, https:\/\/i0.wp.com\/www.balticmedia.com\/wp-content\/uploads\/2services-scaled.jpg?resize=1536%2C329&amp;ssl=1 1536w, https:\/\/i0.wp.com\/www.balticmedia.com\/wp-content\/uploads\/2services-scaled.jpg?resize=2048%2C439&amp;ssl=1 2048w, https:\/\/i0.wp.com\/www.balticmedia.com\/wp-content\/uploads\/2services-scaled.jpg?w=2400&amp;ssl=1 2400w\" title=\"Tolking over telefon\" alt=\"Tolking over telefon\" class=\"so-widget-image\">\n\t<\/div>\n\n<\/div><\/div><\/div><\/div><div id=\"pg-17538-1\"  class=\"panel-grid panel-no-style\" ><div id=\"pgc-17538-1-0\"  class=\"panel-grid-cell\" ><div id=\"panel-17538-1-0-0\" class=\"so-panel widget widget_sow-editor panel-first-child extendedwopts-hide extendedwopts-tablet extendedwopts-mobile widgetopts-SO\" data-index=\"1\" ><div\n\t\t\t\n\t\t\tclass=\"so-widget-sow-editor so-widget-sow-editor-base\"\n\t\t\t\n\t\t>\n<div class=\"siteorigin-widget-tinymce textwidget\">\n\t<pre><form aria-label=\"Search this website\" role=\"search\" method=\"get\" class=\"oceanwp-searchform\" id=\"searchform\" action=\"https:\/\/www.balticmedia.com\/no\/\"><input aria-label=\"Insert search query\" type=\"text\" class=\"field\" name=\"s\" id=\"s\" placeholder=\"Search\"><button aria-label=\"Submit your search\" type=\"submit\" class=\"search-submit\" value=\"\"><i class=\"icon-magnifier\" aria-hidden=\"true\"><\/i><\/button><\/form><\/pre>\n<\/div>\n<\/div><\/div><div id=\"panel-17538-1-0-1\" class=\"so-panel widget widget_ocean_custom_menu widget-oceanwp-custom-menu custom-menu-widget extendedwopts-hide extendedwopts-tablet extendedwopts-mobile widgetopts-SO\" data-index=\"2\" ><div class=\"oceanwp-custom-menu clr ocean_custom_menu-2 left dropdown-hover\"><ul id=\"menu-services-no\" class=\"dropdown-menu sf-menu\"><li  id=\"menu-item-42544\" class=\"menu-item menu-item-type-post_type menu-item-object-page menu-item-42544\"><a href=\"https:\/\/www.balticmedia.com\/no\/oversettelsestjenester\/\" class=\"menu-link\">Globale oversettelsestjenester<\/a><\/li>\n<li  id=\"menu-item-42554\" class=\"menu-item menu-item-type-post_type menu-item-object-page menu-item-42554\"><a href=\"https:\/\/www.balticmedia.com\/no\/oversetter-tjenester\/\" class=\"menu-link\">Oversetter-tjenester<\/a><\/li>\n<li  id=\"menu-item-42549\" class=\"menu-item menu-item-type-post_type menu-item-object-page menu-item-42549\"><a href=\"https:\/\/www.balticmedia.com\/no\/oversettelsestjenester\/maskinoversettelse-etterredigering\/\" class=\"menu-link\">Maskinoversettelse \u2013 etterredigering<\/a><\/li>\n<li  id=\"menu-item-42545\" class=\"menu-item menu-item-type-post_type menu-item-object-page menu-item-42545\"><a href=\"https:\/\/www.balticmedia.com\/no\/sertifisert-oversettelse\/\" class=\"menu-link\">Sertifisert oversettelse<\/a><\/li>\n<li  id=\"menu-item-42548\" class=\"menu-item menu-item-type-post_type menu-item-object-page menu-item-42548\"><a href=\"https:\/\/www.balticmedia.com\/no\/oversettelsestjenester\/lokalisering\/\" class=\"menu-link\">Lokalisering<\/a><\/li>\n<li  id=\"menu-item-42550\" class=\"menu-item menu-item-type-post_type menu-item-object-page menu-item-42550\"><a href=\"https:\/\/www.balticmedia.com\/no\/oversettelsestjenester\/oversettelse-av-dokumenter\/\" class=\"menu-link\">Oversettelse av dokumenter<\/a><\/li>\n<li  id=\"menu-item-42561\" class=\"menu-item menu-item-type-post_type menu-item-object-page menu-item-42561\"><a href=\"https:\/\/www.balticmedia.com\/no\/teknisk-oversettelse\/\" class=\"menu-link\">Teknisk oversettelse<\/a><\/li>\n<li  id=\"menu-item-42552\" class=\"menu-item menu-item-type-post_type menu-item-object-page menu-item-42552\"><a href=\"https:\/\/www.balticmedia.com\/no\/oversettelsestjenester\/oversettelse-av-nettsider\/\" class=\"menu-link\">Oversettelse av nettsider<\/a><\/li>\n<li  id=\"menu-item-42553\" class=\"menu-item menu-item-type-post_type menu-item-object-page menu-item-42553\"><a href=\"https:\/\/www.balticmedia.com\/no\/oversettelsestjenester\/oversettelse-av-nettsider\/seo-oversettelsestjenester\/\" class=\"menu-link\">SEO Oversettelsestjenester<\/a><\/li>\n<li  id=\"menu-item-42547\" class=\"menu-item menu-item-type-post_type menu-item-object-page menu-item-42547\"><a href=\"https:\/\/www.balticmedia.com\/no\/oversettelsestjenester\/juridisk-oversettelse\/\" class=\"menu-link\">Juridisk oversettelse<\/a><\/li>\n<li  id=\"menu-item-100599\" class=\"menu-item menu-item-type-post_type menu-item-object-page menu-item-100599\"><a href=\"https:\/\/www.balticmedia.com\/no\/oversettelsestjenester\/oversetting-av-reklame-og-markedsforingstekster\/\" class=\"menu-link\">Oversetting av\u00a0reklame- og markedsf\u00f8ringstekster<\/a><\/li>\n<li  id=\"menu-item-42555\" class=\"menu-item menu-item-type-post_type menu-item-object-page menu-item-42555\"><a href=\"https:\/\/www.balticmedia.com\/no\/oversettelsestjenester\/redigering-korrekturlesing\/\" class=\"menu-link\">Redigering og korrekturlesing<\/a><\/li>\n<li  id=\"menu-item-42564\" class=\"menu-item menu-item-type-post_type menu-item-object-page menu-item-42564\"><a href=\"https:\/\/www.balticmedia.com\/no\/oversettelsestjenester\/transkripsjon\/\" class=\"menu-link\">Transkripsjon<\/a><\/li>\n<li  id=\"menu-item-42551\" class=\"menu-item menu-item-type-post_type menu-item-object-page menu-item-42551\"><a href=\"https:\/\/www.balticmedia.com\/no\/oversettelse-av-medisinsk-tekst\/\" class=\"menu-link\">Oversettelse av medisinsk tekst<\/a><\/li>\n<li  id=\"menu-item-42565\" class=\"menu-item menu-item-type-post_type menu-item-object-page menu-item-42565\"><a href=\"https:\/\/www.balticmedia.com\/no\/oversettelsestjenester\/undertekster\/\" class=\"menu-link\">Undertekster | Oversettelse av undertekster<\/a><\/li>\n<li  id=\"menu-item-42562\" class=\"menu-item menu-item-type-post_type menu-item-object-page menu-item-42562\"><a href=\"https:\/\/www.balticmedia.com\/no\/oversettelsestjenester\/tekstskriving\/\" class=\"menu-link\">Tekstskriving<\/a><\/li>\n<li  id=\"menu-item-42546\" class=\"menu-item menu-item-type-post_type menu-item-object-page menu-item-42546\"><a href=\"https:\/\/www.balticmedia.com\/no\/oversettelsestjenester\/dtp-grafisk-design\/\" class=\"menu-link\">DTP-grafisk design<\/a><\/li>\n<li  id=\"menu-item-100600\" class=\"menu-item menu-item-type-post_type menu-item-object-page menu-item-100600\"><a href=\"https:\/\/www.balticmedia.com\/no\/tolke\/\" class=\"menu-link\">Tolke-tjenester fra Baltic Media\u00ae<\/a><\/li>\n<li  id=\"menu-item-100601\" class=\"menu-item menu-item-type-post_type menu-item-object-page menu-item-100601\"><a href=\"https:\/\/www.balticmedia.com\/no\/tolke\/tjenester-for-etterfolgende-tolking\/\" class=\"menu-link\">Etterf\u00f8lgende tolking<\/a><\/li>\n<li  id=\"menu-item-42563\" class=\"menu-item menu-item-type-post_type menu-item-object-page menu-item-42563\"><a href=\"https:\/\/www.balticmedia.com\/no\/tolke\/samtidige-tolking\/\" class=\"menu-link\">Samtidige tolking<\/a><\/li>\n<li  id=\"menu-item-42566\" class=\"menu-item menu-item-type-post_type menu-item-object-page menu-item-42566\"><a href=\"https:\/\/www.balticmedia.com\/no\/tolke\/tolking-over-telefon\/\" class=\"menu-link\">Tolking over telefon<\/a><\/li>\n<li  id=\"menu-item-42556\" class=\"menu-item menu-item-type-post_type menu-item-object-page menu-item-42556\"><a href=\"https:\/\/www.balticmedia.com\/no\/spraklaering\/\" class=\"menu-link\">Spr\u00e5kl\u00e6ring<\/a><\/li>\n<li  id=\"menu-item-42557\" class=\"menu-item menu-item-type-post_type menu-item-object-page menu-item-42557\"><a href=\"https:\/\/www.balticmedia.com\/no\/spraklaering\/evaluer-dine-sprakferdigheter\/\" class=\"menu-link\">Evaluer dine spr\u00e5kferdigheter<\/a><\/li>\n<li  id=\"menu-item-42559\" class=\"menu-item menu-item-type-post_type menu-item-object-page menu-item-42559\"><a href=\"https:\/\/www.balticmedia.com\/no\/spraklaering\/hvordan-kan-sprakkurs-oke-bedriften-din\/\" class=\"menu-link\">Hvordan kan spr\u00e5kkurs \u00f8ke bedriften din?<\/a><\/li>\n<li  id=\"menu-item-42560\" class=\"menu-item menu-item-type-post_type menu-item-object-page menu-item-42560\"><a href=\"https:\/\/www.balticmedia.com\/no\/hvorfor-velge-baltic-media-language-training-centre\/\" class=\"menu-link\">Hvorfor velge Baltic Media Language Training Centre?<\/a><\/li>\n<li  id=\"menu-item-103724\" class=\"menu-item menu-item-type-post_type menu-item-object-page menu-item-103724\"><a href=\"https:\/\/www.balticmedia.com\/no\/sprakkurs-i-latvisk\/\" class=\"menu-link\">Spr\u00e5kkurs i latvisk | Latvisk spr\u00e5kskole i Riga p\u00e5 stedet og p\u00e5 nettet<\/a><\/li>\n<\/ul><\/div><\/div><div id=\"panel-17538-1-0-2\" class=\"so-panel widget widget_ocean_custom_menu widget-oceanwp-custom-menu custom-menu-widget panel-last-child extendedwopts-hide extendedwopts-tablet extendedwopts-mobile widgetopts-SO\" data-index=\"3\" ><div class=\"oceanwp-custom-menu clr ocean_custom_menu-2 left dropdown-hover\"><ul id=\"menu-partnere\" class=\"dropdown-menu sf-menu\"><li  id=\"menu-item-14932\" class=\"menu-item menu-item-type-custom menu-item-object-custom menu-item-14932\"><a target=\"_blank\" href=\"https:\/\/balticmedia.s.xtrf.eu\/vendors\/#\/sign-in\" class=\"menu-link\" rel=\"nofollow noopener\"><i class=\"icon before line-icon icon-briefcase\" aria-hidden=\"true\" style=\"font-size:2em;\"><\/i><span class=\"menu-text\">Partnerportal<\/span><\/a><\/li>\n<li  id=\"menu-item-14933\" class=\"menu-item menu-item-type-custom menu-item-object-custom menu-item-14933\"><a target=\"_blank\" href=\"https:\/\/www.balticmedia.com\/wp-content\/uploads\/11-Reasons-to-Choose-Baltic-Media-2026.pdf\" class=\"menu-link\"><i class=\"icon before line-icon icon-people\" aria-hidden=\"true\" style=\"font-size:2em;\"><\/i><span class=\"menu-text\">Selskapet profil<\/span><\/a><\/li>\n<li  id=\"menu-item-14934\" class=\"menu-item menu-item-type-custom menu-item-object-custom menu-item-14934\"><a target=\"_blank\" href=\"https:\/\/www.balticmedia.com\/wp-content\/uploads\/oversettelsbyra-no.pdf\" class=\"menu-link\"><i class=\"icon before line-icon icon-organization\" aria-hidden=\"true\" style=\"font-size:2em;\"><\/i><span class=\"menu-text\">Oversettelse. Steg for steg<\/span><\/a><\/li>\n<li  id=\"menu-item-14935\" class=\"menu-item menu-item-type-custom menu-item-object-custom menu-item-14935\"><a target=\"_blank\" href=\"https:\/\/www.balticmedia.com\/wp-content\/uploads\/Baltic-Media-Ltd.-Service-Terms-and-Conditions.pdf\" class=\"menu-link\"><i class=\"icon before line-icon icon-docs\" aria-hidden=\"true\" style=\"font-size:2em;\"><\/i><span class=\"menu-text\">Vilk\u00e5r og betingelser (EN)<\/span><\/a><\/li>\n<li  id=\"menu-item-14936\" class=\"menu-item menu-item-type-custom menu-item-object-custom menu-item-14936\"><a target=\"_blank\" href=\"https:\/\/www.balticmedia.com\/wp-content\/uploads\/iSO-certificate-2023.png\" class=\"menu-link\"><i class=\"icon before line-icon icon-doc\" aria-hidden=\"true\" style=\"font-size:2em;\"><\/i><span class=\"menu-text\">ISO 9001:2015 Quality Certification<\/span><\/a><\/li>\n<li  id=\"menu-item-14937\" class=\"menu-item menu-item-type-custom menu-item-object-custom menu-item-14937\"><a target=\"_blank\" href=\"https:\/\/www.balticmedia.com\/wp-content\/uploads\/362531_copyrighttrademarkbalticmedia.pdf\" class=\"menu-link\"><i class=\"icon before line-icon icon-info\" aria-hidden=\"true\" style=\"font-size:2em;\"><\/i><span class=\"menu-text\">Copyright | Trademark Baltic Media<sup>\u00ae<\/sup><\/span><\/a><\/li>\n<\/ul><\/div><\/div><\/div><div id=\"pgc-17538-1-1\"  class=\"panel-grid-cell\" ><div id=\"panel-17538-1-1-0\" class=\"so-panel widget widget_sow-editor panel-first-child panel-last-child widgetopts-hide_title widgetopts-SO\" data-index=\"4\" ><div\n\t\t\t\n\t\t\tclass=\"so-widget-sow-editor so-widget-sow-editor-base\"\n\t\t\t\n\t\t><h3 class=\"widget-title\">Tolking over telefon eller Skype, Zoom, Meet<\/h3>\n<div class=\"siteorigin-widget-tinymce textwidget\">\n\t<h1><strong>Tolking over telefon eller Skype, Zoom, Meet<\/strong><\/h1>\n<h2>Tolking fra og til nordiske, baltiske og \u00f8steuropeiske spr\u00e5k online og p\u00e5 stedet<\/h2>\n<p>Siden det er stadig mer ettersp\u00f8rsel etter tolkingstjenester, tilbyr Baltic Media Ltd en ny, h\u00f8ykvalitets tjeneste til sine kunder \u2014 <strong>tolking<\/strong> <strong>over telefon eller Skype, Zoom, Meet <\/strong>\u2014 p\u00e5 mer enn 150 spr\u00e5kkombinasjoner.<\/p>\n<p><img data-recalc-dims=\"1\" loading=\"lazy\" decoding=\"async\" class=\"alignnone wp-image-133654 size-medium\" src=\"https:\/\/i0.wp.com\/www.balticmedia.com\/wp-content\/uploads\/oversattningsbyra-engelska-300x300.jpg?resize=300%2C300&#038;ssl=1\" alt=\"Tolking over telefon eller Skype, Zoom, Meet\" width=\"300\" height=\"300\" title=\"\"><\/p>\n<p>&nbsp;<\/p>\n<h2><strong>Hvordan virker det?<\/strong><\/h2>\n<p>Kunden tar kontakt med v\u00e5r prosjektleder og blir enig om tid og spr\u00e5kkombinasjon for tjenesten, i tillegg til \u00e5 oppgi informasjon om temaet for samtalen og annen spesifikk informasjon.<\/p>\n<p>P\u00e5 et avtalt tidspunkt ringer kundens representanter samt tolken til v\u00e5rt system, og tolkingen kan begynne. Prosessen er n\u00f8yaktig den samme som ved konsekutiv tolking \u2013 tolken oversetter deler av en samtale konsekutivt og muliggj\u00f8r kommunikasjon mellom personer som ikke har et felles spr\u00e5k. Denne oversettelsesteknikken brukes ofte i intervjuer, avtalediskusjoner, innhenting av informasjon fra andre land og i andre forretningssituasjoner.<\/p>\n<h2><strong>Er det n\u00f8dvendig \u00e5 leie spesifikt konferanseutstyr?<\/strong><\/h2>\n<p>Nei, tolking foreg\u00e5r via helt vanlige fasttelefoner eller mobiltelefoner.<\/p>\n<h2><strong>Taushetsplikt<\/strong><\/h2>\n<p>Baltic Media Ltd har signert taushetsavtaler med alle v\u00e5re leverand\u00f8rer ang\u00e5ende tilbakeholding av informasjon fra alle tredjeparter; i tillegg genereres en unik tilgangskode for hver konferanse, som bare er kjent for tolken og kundens representanter. Det hindrer uautorisert avlytting av samtalen.<\/p>\n<h2><strong>Kan flere personer delta i samtalen?<\/strong><\/h2>\n<p>Den st\u00f8rste fordelen med dette systemet er at et ubegrenset antall personer kan delta i konferansen. Men i dette tilfellet er det viktig \u00e5 huske p\u00e5 at det er bare \u00e9n tolk, og at tolken bare kan oversette tale fra \u00e9n person av gangen.<\/p>\n<h2><strong>Er det noen begrensninger ang\u00e5ende varigheten til samtalen?<\/strong><\/h2>\n<p>Nei. Men hvis det planlegges \u00e5 holde samtalen g\u00e5ende i mer enn \u00e9n og en halv time, ber vi om at du informerer v\u00e5r prosjektleder om dette p\u00e5 forh\u00e5nd slik at vi kan hyre en tolk til hvis det skulle bli n\u00f8dvendig \u00e5 overta tolkingen.<\/p>\n<h2><strong>Er det dyrt?<\/strong><\/h2>\n<p>Kostnadene er direkte avhengig av spr\u00e5kkombinasjonen for tolkingen i tillegg til kompleksiteten til teksten. V\u00e5r prosjektleder vil informere deg ang\u00e5ende n\u00f8yaktige kostnader for tjenesten; men kostnadene er sannsynligvis rundt halvparten av det det vil koste \u00e5 hyre en tolk p\u00e5 stedet.<\/p>\n<p><a href=\"https:\/\/www.balticmedia.com\/no\/pristilbud\/\"><strong>For \u00e5 kunne motta et pristilbud for denne tjenesten, tar du kontakt med oss ved \u00e5 bruke et pristilbudsskjema!<\/strong><\/a><\/p>\n<h2>Baltic Media<sup>\u00ae<\/sup> - Et oversettelsesbyr\u00e5 i Nord-Europa<\/h2>\n<p>Det baltisk-nordiske oversettelsesbyr\u00e5et Baltic Media<sup>\u00ae<\/sup> er en ledende tilbyder av digitale oversettelsestjenester i Nord-Europa, med spesialisering innen nordeuropeiske (inkl. nordiske, baltiske og slaviske) spr\u00e5k, hovedsakelig fra\/til svensk, finsk, islandsk, f\u00e6r\u00f8ysk, norsk, tysk, engelsk, polsk, russisk, latvisk, litauisk og estisk.<\/p>\n<p>Baltic Media<sup>\u00ae<\/sup> er en ISO-sertifisert leverand\u00f8r av spr\u00e5ktjenester, og tilbyr manuelle oversettelsestjenester for bedriftsmarkedet, offentlig sektor og privatkunder.<\/p>\n<h2><strong><a href=\"https:\/\/www.balticmedia.com\/no\/globale-oversettelsestjenester\/tolke\/\">Typer tolketjenester<\/a><\/strong><\/h2>\n<div>\n<p><iframe loading=\"lazy\" title=\"YouTube video player\" src=\"https:\/\/www.youtube.com\/embed\/pKH3HfnG6Zw\" width=\"640\" height=\"360\" frameborder=\"0\" allowfullscreen=\"allowfullscreen\"><\/iframe><\/p>\n<\/div>\n<h3><a href=\"\/no\/om-oss\/hvorfor-bor-du-velge-oversettelsesbyra-baltic-media\/\">Hvorfor velge det nordisk-baltiske oversettelsesbyr\u00e5et Baltic Media<sup>\u00ae<\/sup>?<\/a><\/h3>\n<h3><a href=\"\/no\/priser\/\">Hvordan redusere oversettelseskostnadene uten at det g\u00e5r p\u00e5 bekostning av kvaliteten<\/a><\/h3>\n<h3><a href=\"\/no\/om-oss\/menneskelig-oversettelse\/\">Hvorfor er menneskelige oversettelsestjenester det beste valget?<\/a><\/h3>\n<h3><a href=\"https:\/\/www.balticmedia.com\/no\/globale-oversettelsestjenester\/maskinoversettelse-etterredigering\/\">Oversett med Google, Bing, Microsoft, Tilde eller Yandex, og bestill redigering fra oss!<\/a><\/h3>\n<h3><a href=\"https:\/\/www.balticmedia.com\/no\/pristilbud\/\">Gratis prisoverslag<\/a><\/h3>\n<h3><a href=\"https:\/\/www.balticmedia.com\/no\/foresporsel-om-informasjon\/\">Foresp\u00f8rsel om informasjon<\/a><\/h3>\n<h3><a href=\"mailto:info@balticmedia.com\">E-post<\/a><\/h3>\n<p><strong>\u00a9 Baltic Media<\/strong><\/p>\n<\/div>\n<\/div><\/div><\/div><\/div><\/div>","protected":false},"excerpt":{"rendered":"<p>Tolking over telefon eller Skype, Zoom, Meet Tolking fra og til nordiske, baltiske og \u00f8steuropeiske spr\u00e5k online og p\u00e5 stedet Siden det er stadig mer ettersp\u00f8rsel etter tolkingstjenester, tilbyr Baltic Media Ltd en ny, h\u00f8ykvalitets tjeneste til sine kunder \u2014 tolking over telefon eller Skype, Zoom, Meet \u2014 p\u00e5 mer enn 150 spr\u00e5kkombinasjoner. &nbsp; Hvordan [&hellip;]<\/p>\n","protected":false},"author":2,"featured_media":133774,"parent":16716,"menu_order":0,"comment_status":"closed","ping_status":"closed","template":"","meta":{"ocean_post_layout":"","ocean_both_sidebars_style":"","ocean_both_sidebars_content_width":0,"ocean_both_sidebars_sidebars_width":0,"ocean_sidebar":"0","ocean_second_sidebar":"0","ocean_disable_margins":"enable","ocean_add_body_class":"","ocean_shortcode_before_top_bar":"","ocean_shortcode_after_top_bar":"","ocean_shortcode_before_header":"","ocean_shortcode_after_header":"","ocean_has_shortcode":"","ocean_shortcode_after_title":"","ocean_shortcode_before_footer_widgets":"","ocean_shortcode_after_footer_widgets":"","ocean_shortcode_before_footer_bottom":"","ocean_shortcode_after_footer_bottom":"","ocean_display_top_bar":"default","ocean_display_header":"default","ocean_header_style":"","ocean_center_header_left_menu":"0","ocean_custom_header_template":"0","ocean_custom_logo":0,"ocean_custom_retina_logo":0,"ocean_custom_logo_max_width":0,"ocean_custom_logo_tablet_max_width":0,"ocean_custom_logo_mobile_max_width":0,"ocean_custom_logo_max_height":0,"ocean_custom_logo_tablet_max_height":0,"ocean_custom_logo_mobile_max_height":0,"ocean_header_custom_menu":"0","ocean_menu_typo_font_family":"0","ocean_menu_typo_font_subset":"","ocean_menu_typo_font_size":0,"ocean_menu_typo_font_size_tablet":0,"ocean_menu_typo_font_size_mobile":0,"ocean_menu_typo_font_size_unit":"px","ocean_menu_typo_font_weight":"","ocean_menu_typo_font_weight_tablet":"","ocean_menu_typo_font_weight_mobile":"","ocean_menu_typo_transform":"","ocean_menu_typo_transform_tablet":"","ocean_menu_typo_transform_mobile":"","ocean_menu_typo_line_height":0,"ocean_menu_typo_line_height_tablet":0,"ocean_menu_typo_line_height_mobile":0,"ocean_menu_typo_line_height_unit":"","ocean_menu_typo_spacing":0,"ocean_menu_typo_spacing_tablet":0,"ocean_menu_typo_spacing_mobile":0,"ocean_menu_typo_spacing_unit":"","ocean_menu_link_color":"","ocean_menu_link_color_hover":"","ocean_menu_link_color_active":"","ocean_menu_link_background":"","ocean_menu_link_hover_background":"","ocean_menu_link_active_background":"","ocean_menu_social_links_bg":"","ocean_menu_social_hover_links_bg":"","ocean_menu_social_links_color":"","ocean_menu_social_hover_links_color":"","ocean_disable_title":"default","ocean_disable_heading":"default","ocean_post_title":"","ocean_post_subheading":"","ocean_post_title_style":"","ocean_post_title_background_color":"","ocean_post_title_background":0,"ocean_post_title_bg_image_position":"","ocean_post_title_bg_image_attachment":"","ocean_post_title_bg_image_repeat":"","ocean_post_title_bg_image_size":"","ocean_post_title_height":0,"ocean_post_title_bg_overlay":0.5,"ocean_post_title_bg_overlay_color":"","ocean_disable_breadcrumbs":"default","ocean_breadcrumbs_color":"","ocean_breadcrumbs_separator_color":"","ocean_breadcrumbs_links_color":"","ocean_breadcrumbs_links_hover_color":"","ocean_display_footer_widgets":"default","ocean_display_footer_bottom":"default","ocean_custom_footer_template":"0","ofc_meta_disable_footer_callout":"","ofc_meta_callout_button_url":"","ofc_meta_callout_button_txt":"","ofc_meta_callout_text":"","osh_disable_topbar_sticky":"default","osh_disable_header_sticky":"default","osh_sticky_header_style":"default","osh_sticky_header_effect":"","osh_custom_sticky_logo":0,"osh_custom_retina_sticky_logo":0,"osh_custom_sticky_logo_height":0,"osh_background_color":"","osh_links_color":"","osh_links_hover_color":"","osh_links_active_color":"","osh_links_bg_color":"","osh_links_hover_bg_color":"","osh_links_active_bg_color":"","osh_menu_social_links_color":"","osh_menu_social_hover_links_color":"","footnotes":""},"class_list":["post-17538","page","type-page","status-publish","has-post-thumbnail","hentry","entry","has-media"],"jetpack_sharing_enabled":true,"jetpack_likes_enabled":true,"jetpack-related-posts":[],"jetpack_shortlink":"https:\/\/wp.me\/Pe7Cu3-4yS","_links":{"self":[{"href":"https:\/\/www.balticmedia.com\/no\/wp-json\/wp\/v2\/pages\/17538","targetHints":{"allow":["GET"]}}],"collection":[{"href":"https:\/\/www.balticmedia.com\/no\/wp-json\/wp\/v2\/pages"}],"about":[{"href":"https:\/\/www.balticmedia.com\/no\/wp-json\/wp\/v2\/types\/page"}],"author":[{"embeddable":true,"href":"https:\/\/www.balticmedia.com\/no\/wp-json\/wp\/v2\/users\/2"}],"replies":[{"embeddable":true,"href":"https:\/\/www.balticmedia.com\/no\/wp-json\/wp\/v2\/comments?post=17538"}],"version-history":[{"count":5,"href":"https:\/\/www.balticmedia.com\/no\/wp-json\/wp\/v2\/pages\/17538\/revisions"}],"predecessor-version":[{"id":136412,"href":"https:\/\/www.balticmedia.com\/no\/wp-json\/wp\/v2\/pages\/17538\/revisions\/136412"}],"up":[{"embeddable":true,"href":"https:\/\/www.balticmedia.com\/no\/wp-json\/wp\/v2\/pages\/16716"}],"wp:featuredmedia":[{"embeddable":true,"href":"https:\/\/www.balticmedia.com\/no\/wp-json\/wp\/v2\/media\/133774"}],"wp:attachment":[{"href":"https:\/\/www.balticmedia.com\/no\/wp-json\/wp\/v2\/media?parent=17538"}],"curies":[{"name":"wp","href":"https:\/\/api.w.org\/{rel}","templated":true}]}}