{"id":16196,"date":"2021-01-15T16:44:04","date_gmt":"2021-01-15T14:44:04","guid":{"rendered":"https:\/\/www.balticmedia.com\/how-to-reduce-translation-costs\/"},"modified":"2025-09-29T11:27:15","modified_gmt":"2025-09-29T08:27:15","slug":"oversettelses-priser","status":"publish","type":"page","link":"https:\/\/www.balticmedia.com\/no\/oversettelses-priser\/","title":{"rendered":"Oversettelses priser"},"content":{"rendered":"<div id=\"pl-16196\"  class=\"panel-layout\" ><div id=\"pg-16196-0\"  class=\"panel-grid panel-no-style\" ><div id=\"pgc-16196-0-0\"  class=\"panel-grid-cell\" ><div id=\"panel-16196-0-0-0\" class=\"so-panel widget widget_sow-image panel-first-child panel-last-child widgetopts-SO\" data-index=\"0\" ><div\n\t\t\t\n\t\t\tclass=\"so-widget-sow-image so-widget-sow-image-default-6ec9e3772f75-16196\"\n\t\t\t\n\t\t>\n<div class=\"sow-image-container\">\n\t\t<img src=\"https:\/\/i0.wp.com\/www.balticmedia.com\/wp-content\/uploads\/4price_and_quality-scaled.jpg?fit=2560%2C549&amp;ssl=1\" width=\"2560\" height=\"549\" srcset=\"https:\/\/i0.wp.com\/www.balticmedia.com\/wp-content\/uploads\/4price_and_quality-scaled.jpg?w=2560&amp;ssl=1 2560w, https:\/\/i0.wp.com\/www.balticmedia.com\/wp-content\/uploads\/4price_and_quality-scaled.jpg?resize=300%2C64&amp;ssl=1 300w, https:\/\/i0.wp.com\/www.balticmedia.com\/wp-content\/uploads\/4price_and_quality-scaled.jpg?resize=1024%2C219&amp;ssl=1 1024w, https:\/\/i0.wp.com\/www.balticmedia.com\/wp-content\/uploads\/4price_and_quality-scaled.jpg?resize=768%2C165&amp;ssl=1 768w, https:\/\/i0.wp.com\/www.balticmedia.com\/wp-content\/uploads\/4price_and_quality-scaled.jpg?resize=1536%2C329&amp;ssl=1 1536w, https:\/\/i0.wp.com\/www.balticmedia.com\/wp-content\/uploads\/4price_and_quality-scaled.jpg?resize=2048%2C439&amp;ssl=1 2048w, https:\/\/i0.wp.com\/www.balticmedia.com\/wp-content\/uploads\/4price_and_quality-scaled.jpg?w=2400&amp;ssl=1 2400w\" title=\"Oversettelses priser\" alt=\"Oversettelses priser\" class=\"so-widget-image\">\n\t<\/div>\n\n<\/div><\/div><\/div><\/div><div id=\"pg-16196-1\"  class=\"panel-grid panel-no-style\" ><div id=\"pgc-16196-1-0\"  class=\"panel-grid-cell\" ><div id=\"panel-16196-1-0-0\" class=\"so-panel widget widget_sow-editor panel-first-child extendedwopts-hide extendedwopts-tablet extendedwopts-mobile widgetopts-SO\" data-index=\"1\" ><div\n\t\t\t\n\t\t\tclass=\"so-widget-sow-editor so-widget-sow-editor-base\"\n\t\t\t\n\t\t>\n<div class=\"siteorigin-widget-tinymce textwidget\">\n\t<pre><form aria-label=\"Search this website\" role=\"search\" method=\"get\" class=\"oceanwp-searchform\" id=\"searchform\" action=\"https:\/\/www.balticmedia.com\/no\/\"><input aria-label=\"Insert search query\" type=\"text\" class=\"field\" name=\"s\" id=\"s\" placeholder=\"Search\"><button aria-label=\"Submit your search\" type=\"submit\" class=\"search-submit\" value=\"\"><i class=\"icon-magnifier\" aria-hidden=\"true\"><\/i><\/button><\/form><\/pre>\n<\/div>\n<\/div><\/div><div id=\"panel-16196-1-0-1\" class=\"so-panel widget widget_ocean_custom_menu widget-oceanwp-custom-menu custom-menu-widget extendedwopts-hide extendedwopts-tablet extendedwopts-mobile widgetopts-SO\" data-index=\"2\" ><div class=\"oceanwp-custom-menu clr ocean_custom_menu-2 left dropdown-hover\"><ul id=\"menu-prices-no\" class=\"dropdown-menu sf-menu\"><li  id=\"menu-item-49457\" class=\"menu-item menu-item-type-post_type menu-item-object-page menu-item-49457\"><a href=\"https:\/\/www.balticmedia.com\/no\/oversettelses-priser\/\" class=\"menu-link\">Oversettelses priser<\/a><\/li>\n<li  id=\"menu-item-49462\" class=\"menu-item menu-item-type-post_type menu-item-object-page menu-item-49462\"><a href=\"https:\/\/www.balticmedia.com\/no\/oversettelses-priser\/prisen-pa-oversettelse\/\" class=\"menu-link\">Prisen p\u00e5 oversettelse<\/a><\/li>\n<li  id=\"menu-item-49458\" class=\"menu-item menu-item-type-post_type menu-item-object-page menu-item-49458\"><a href=\"https:\/\/www.balticmedia.com\/no\/oversettelses-priser\/hvordan-velge-et-oversettelsesbyra\/\" class=\"menu-link\">Hvordan velge et oversettelsesbyr\u00e5<\/a><\/li>\n<li  id=\"menu-item-49459\" class=\"menu-item menu-item-type-post_type menu-item-object-page menu-item-49459\"><a href=\"https:\/\/www.balticmedia.com\/no\/oversettelses-priser\/kvaliteten-pa-oversettelsestjenesten\/\" class=\"menu-link\">Kvaliteten p\u00e5 oversettelsestjenesten<\/a><\/li>\n<li  id=\"menu-item-49463\" class=\"menu-item menu-item-type-post_type menu-item-object-page menu-item-49463\"><a href=\"https:\/\/www.balticmedia.com\/no\/oversettelses-priser\/vare-kunder\/\" class=\"menu-link\">V\u00e5re kunder<\/a><\/li>\n<li  id=\"menu-item-49461\" class=\"menu-item menu-item-type-post_type menu-item-object-page menu-item-49461\"><a href=\"https:\/\/www.balticmedia.com\/no\/oversettelses-priser\/referanse-skjema\/\" class=\"menu-link\">Kundetilfredshetsunders\u00f8kelse<\/a><\/li>\n<li  id=\"menu-item-49460\" class=\"menu-item menu-item-type-post_type menu-item-object-page menu-item-49460\"><a href=\"https:\/\/www.balticmedia.com\/no\/oversettelses-priser\/kundereferanser\/\" class=\"menu-link\">Referanser fra v\u00e5re kunder<\/a><\/li>\n<li  id=\"menu-item-101293\" class=\"menu-item menu-item-type-post_type menu-item-object-page menu-item-101293\"><a href=\"https:\/\/www.balticmedia.com\/no\/omradekart\/\" class=\"menu-link\">Omr\u00e5dekart<\/a><\/li>\n<\/ul><\/div><\/div><div id=\"panel-16196-1-0-2\" class=\"so-panel widget widget_ocean_custom_menu widget-oceanwp-custom-menu custom-menu-widget panel-last-child extendedwopts-hide extendedwopts-tablet extendedwopts-mobile widgetopts-SO\" data-index=\"3\" ><div class=\"oceanwp-custom-menu clr ocean_custom_menu-2 left dropdown-hover\"><ul id=\"menu-partnere\" class=\"dropdown-menu sf-menu\"><li  id=\"menu-item-14932\" class=\"menu-item menu-item-type-custom menu-item-object-custom menu-item-14932\"><a target=\"_blank\" href=\"https:\/\/balticmedia.s.xtrf.eu\/vendors\/#\/sign-in\" class=\"menu-link\" rel=\"nofollow noopener\"><i class=\"icon before line-icon icon-briefcase\" aria-hidden=\"true\" style=\"font-size:2em;\"><\/i><span class=\"menu-text\">Partnerportal<\/span><\/a><\/li>\n<li  id=\"menu-item-14933\" class=\"menu-item menu-item-type-custom menu-item-object-custom menu-item-14933\"><a target=\"_blank\" href=\"https:\/\/www.balticmedia.com\/wp-content\/uploads\/11-Reasons-to-Choose-Baltic-Media-2026.pdf\" class=\"menu-link\"><i class=\"icon before line-icon icon-people\" aria-hidden=\"true\" style=\"font-size:2em;\"><\/i><span class=\"menu-text\">Selskapet profil<\/span><\/a><\/li>\n<li  id=\"menu-item-14934\" class=\"menu-item menu-item-type-custom menu-item-object-custom menu-item-14934\"><a target=\"_blank\" href=\"https:\/\/www.balticmedia.com\/wp-content\/uploads\/oversettelsbyra-no.pdf\" class=\"menu-link\"><i class=\"icon before line-icon icon-organization\" aria-hidden=\"true\" style=\"font-size:2em;\"><\/i><span class=\"menu-text\">Oversettelse. Steg for steg<\/span><\/a><\/li>\n<li  id=\"menu-item-14935\" class=\"menu-item menu-item-type-custom menu-item-object-custom menu-item-14935\"><a target=\"_blank\" href=\"https:\/\/www.balticmedia.com\/wp-content\/uploads\/Baltic-Media-Ltd.-Service-Terms-and-Conditions.pdf\" class=\"menu-link\"><i class=\"icon before line-icon icon-docs\" aria-hidden=\"true\" style=\"font-size:2em;\"><\/i><span class=\"menu-text\">Vilk\u00e5r og betingelser (EN)<\/span><\/a><\/li>\n<li  id=\"menu-item-14936\" class=\"menu-item menu-item-type-custom menu-item-object-custom menu-item-14936\"><a target=\"_blank\" href=\"https:\/\/www.balticmedia.com\/wp-content\/uploads\/iSO-certificate-2023.png\" class=\"menu-link\"><i class=\"icon before line-icon icon-doc\" aria-hidden=\"true\" style=\"font-size:2em;\"><\/i><span class=\"menu-text\">ISO 9001:2015 Quality Certification<\/span><\/a><\/li>\n<li  id=\"menu-item-14937\" class=\"menu-item menu-item-type-custom menu-item-object-custom menu-item-14937\"><a target=\"_blank\" href=\"https:\/\/www.balticmedia.com\/wp-content\/uploads\/362531_copyrighttrademarkbalticmedia.pdf\" class=\"menu-link\"><i class=\"icon before line-icon icon-info\" aria-hidden=\"true\" style=\"font-size:2em;\"><\/i><span class=\"menu-text\">Copyright | Trademark Baltic Media<sup>\u00ae<\/sup><\/span><\/a><\/li>\n<\/ul><\/div><\/div><\/div><div id=\"pgc-16196-1-1\"  class=\"panel-grid-cell\" ><div id=\"panel-16196-1-1-0\" class=\"so-panel widget widget_sow-editor panel-first-child widgetopts-hide_title widgetopts-SO\" data-index=\"4\" ><div\n\t\t\t\n\t\t\tclass=\"so-widget-sow-editor so-widget-sow-editor-base\"\n\t\t\t\n\t\t><h3 class=\"widget-title\">Oversettelses Priser  | Hvordan redusere prisene for oversettelse?<\/h3>\n<div class=\"siteorigin-widget-tinymce textwidget\">\n\t<p><!-- wp:paragraph --><\/p>\n<h1 id=\"tw-target-text\" class=\"tw-data-text tw-text-large tw-ta\" dir=\"ltr\" data-placeholder=\"\u00d6vers\u00e4ttning\" data-ved=\"2ahUKEwiJ3NXzptyCAxV_SvEDHU4hDUAQ3ewLegQIBRAQ\"><span class=\"Y2IQFc\" lang=\"no\">Oversettelses priser <\/span><\/h1>\n<h2 class=\"tw-data-text tw-text-large tw-ta\" dir=\"ltr\" data-placeholder=\"\u00d6vers\u00e4ttning\" data-ved=\"2ahUKEwiJ3NXzptyCAxV_SvEDHU4hDUAQ3ewLegQIBRAQ\"><span class=\"Y2IQFc\" lang=\"no\">Hvordan redusere prisene for oversettelse? <\/span><\/h2>\n<h3><strong>Slik reduserer du oversettelseskostnadene uten \u00e5 ofre kvaliteten <\/strong><\/h3>\n<h4><strong>Lave priser - hurtig levering <\/strong><strong>\u2b50\ufe0f<\/strong><strong> Oversettings pris <\/strong><strong>\u2b50\ufe0f<\/strong><strong> Beste priser p\u00e5 oversettelse<\/strong><\/h4>\n<p><strong>Informasjon for faste kunder om oversettelses- og DTP-tjenester<\/strong><\/p>\n<p>Vi vil gjerne fortelle deg om flere gode innovasjoner i oversettelsesprosessen som vil garantere <strong>enda bedre kvalitet og service, og gunstigere priser<\/strong> for deg som er fast kunde.<\/p>\n<p><img data-recalc-dims=\"1\" loading=\"lazy\" decoding=\"async\" class=\"alignnone wp-image-6515 size-medium\" src=\"https:\/\/i0.wp.com\/www.balticmedia.com\/wp-content\/uploads\/logo_ar_globusu_stillbild_kvadrats.jpg?resize=300%2C187&#038;ssl=1\" alt=\"Oversettelses priser | Hvordan redusere prisene for oversettelse?\" width=\"300\" height=\"187\" title=\"\"><\/p>\n<h2><strong>Oversettelse I Pris per ord I Billigere enn andre oversettelsesfirmaer<\/strong><\/h2>\n<p>Avhengig av spr\u00e5ket og fagomr\u00e5det koster en oversettelse <strong>EUR 0,08 \u2013 0,16<\/strong> per ord hos oss. Vi tilbyr profesjonell oversettelse, inkludert redigering og korrekturlesing 20-25% billigere enn andre oversettelsesfirmaer med kontorer i Norden fordi vi er et internett-basert firma med produksjonskontor i Riga, Latvia og derved sikrer lavere kostnader for din oversettelse enn andre Nordiske oversettelsesfirmaer.<\/p>\n<p>I tillegg kan du redusere dine oversettelseskostnader med v\u00e5r bruk av CAT verkt\u00f8y.<\/p>\n<p><img data-recalc-dims=\"1\" loading=\"lazy\" decoding=\"async\" class=\"alignnone\" src=\"https:\/\/i0.wp.com\/www.balticmedia.com\/wp-content\/uploads\/news2-h325-1.jpg?resize=300%2C277&#038;ssl=1\" alt=\"Oversettelse I Pris per ord I Slik reduserer du oversettelseskostnadene uten \u00e5 ofre kvaliteten | Nordisk-baltisk oversettelsesbyr\u00e5 Baltic Media\" width=\"300\" height=\"277\" title=\"\"><\/p>\n<p><img data-recalc-dims=\"1\" loading=\"lazy\" decoding=\"async\" class=\"alignnone\" src=\"https:\/\/i0.wp.com\/www.balticmedia.com\/wp-content\/uploads\/balticmedia_logo.png?resize=300%2C87&#038;ssl=1\" alt=\"Oversettelses priser\" width=\"300\" height=\"87\" title=\"\"><\/p>\n<p>For oversettelse av tekstene dine bruker vi CAT-verkt\u00f8y (datamaskinassistert oversettelsesverkt\u00f8y) som s\u00f8rger for at du f\u00e5r den best mulige oversettelsesl\u00f8sningen, som er kostnadseffektiv og av h\u00f8y kvalitet.<\/p>\n<p>V\u00e5re profesjonelle oversettere bruker CAT-verkt\u00f8y (datamaskinassisterte oversettelsesverkt\u00f8y) som gj\u00f8r det mulig \u00e5 opprette et oversettelsesminne for fremtidig bruk, samt tekstredigeringsprogramvare, stilguider og ordlister som hjelper oss \u00e5 holde terminologien konsistent.<\/p>\n<p>CAT-verkt\u00f8y gj\u00f8r at vi kan analysere tekstene dine for \u00e5 finne deler av en kildetekst som har blitt oversatt tidligere. For \u00e5 redusere kostnadene og gj\u00f8re oversettelsesprosessen raskere, bruker vi et oversettelsesminne (TM) som forbedrer b\u00e5de stil og terminologi ved \u00e5 holde dem konsistente. CAT-teknologiene reduserer alts\u00e5 behandlingstiden og tiden til produktet er p\u00e5 markedet.<\/p>\n<p>Vi lagrer minnet av oversettelsene dine for \u00e5 unng\u00e5 duplisering av arbeidet i fremtiden. Oversettelsesminner (TM-er) gir deg mulighet til \u00e5 spare penger p\u00e5 tvers av dokumenter og prosjekter.<\/p>\n<p><strong>Du kan spare s\u00e5 mye som 70 %.<\/strong><\/p>\n<p><strong>V\u00e6r oppmerksom p\u00e5 at oversettelsesminne og CAT-verkt\u00f8y ikke er det samme som maskinoversettelse som ikke involverer mennesker (Google osv.).<\/strong><\/p>\n<p><strong>Vi har et prisingssystem som beregnes ut fra antall ord i kildedokumentet. <\/strong>Dette systemet gj\u00f8r at vi kan fastsette en n\u00f8yaktig sluttpris ved mottak av bestillingen.<\/p>\n<p><strong>Dette vil v\u00e6re mer fordelaktig for deg \u00f8konomisk sett<\/strong>, siden vi teller kun ord (uten tegnsetting) og f\u00e5r en mer presis sluttpris.<\/p>\n<h3><a href=\"\/no\/om-oss\/hvorfor-bor-du-velge-oversettelsesbyra-baltic-media\/\">Hvorfor velge det nordisk-baltiske oversettelsesbyr\u00e5et Baltic Media<sup>\u00ae<\/sup>?<\/a><\/h3>\n<h3><a href=\"\/no\/priser\/\">Hvordan redusere oversettelseskostnadene uten at det g\u00e5r p\u00e5 bekostning av kvaliteten<\/a><\/h3>\n<h3>Hvorfor er menneskelige oversettelsestjenester det beste valget?<\/h3>\n<h3><a href=\"https:\/\/www.balticmedia.com\/no\/globale-oversettelsestjenester\/maskinoversettelse-etterredigering\/\">Oversett med Google, Bing, Microsoft, Tilde eller Yandex, og bestill redigering fra oss!<\/a><\/h3>\n<h3><a href=\"https:\/\/www.balticmedia.com\/no\/pristilbud\/\">Gratis prisoverslag<\/a><\/h3>\n<h3><a href=\"https:\/\/www.balticmedia.com\/no\/foresporsel-om-informasjon\/\">Foresp\u00f8rsel om informasjon<\/a><\/h3>\n<h3><a href=\"mailto:info@balticmedia.com\">E-post<\/a><\/h3>\n<p><strong>Ekstra tilbud for faste kunder:<\/strong><\/p>\n<ul>\n<li><strong>10 % avslag<\/strong> hvis antall ord pr. m\u00e5ned \/ pr. spr\u00e5k overstiger 20 000.<\/li>\n<li>Vanlige kunder f\u00e5r et <strong>tilleggsgebyr p\u00e5 50 % for ekspresstjenesten som leveres innen 24 timer<\/strong> (andre betaler 100 %).<\/li>\n<li>Du kan velge \u00e5 f\u00e5 en terminologidatabase og minnefiler fra oversettelsen som en bonus.<\/li>\n<\/ul>\n<p><strong>Vi tilbyr lokal kontroll av oversettelsen gratis. <\/strong>Et slikt samarbeid omfatter f\u00f8lgende aktiviteter:<\/p>\n<ol>\n<li>Vi oversetter ved hjelp av oversettelsesprogramvaren Trados Studio, og oppretter minnefiler for oversettelsene (TM).<\/li>\n<li>Vi sender de oversatte filene til deg eller byr\u00e5et ditt i utlandet, slik at de kan kontrolleres.<\/li>\n<li>Vi f\u00e5r tilbake filer med rettelser, endringer osv. i form av merkede endringer, fra deg eller kontoret ditt i utlandet.<\/li>\n<li>Baltic Media gj\u00f8r endringer i filene og i oversettelsesminnet, slik at terminologien holdes konsistent i fremtiden.<\/li>\n<li>De ferdige filene leveres til kunden.<\/li>\n<li>For den neste oversettelsen bruker vi oversettelsesminnet fra databasen v\u00e5r, og sikrer dermed konsistent terminologi og en stil som er godkjent av kunden.<\/li>\n<\/ol>\n<p><strong>St\u00f8rre muligheter, bedre garantier<\/strong><\/p>\n<ol>\n<li>Vi har innf\u00f8rt og vi jobber i samsvar med <strong>ISO 9001:2015 kvalitetsledelsessystem<\/strong>, og med dette har vi forbedret prosjektkoordineringen og fremgangsm\u00e5ten for valg av leverand\u00f8rer. Baltic Media har et eget system for <strong>testing av<\/strong> <strong>oversettere<\/strong>. Kriterier: spr\u00e5klig utdannelse, minst fem \u00e5rs erfaring innen oversettelse, referanser fra andre klienter, testoversettelse.<\/li>\n<li>V\u00e5re oversettere oversetter <strong>KUN til sitt morsm\u00e5l<\/strong> og bor i det landet der <strong>dette spr\u00e5ket er enten det offisielle spr\u00e5ket eller spr\u00e5ket som er mest utbredt i sosial sammenheng.<\/strong><\/li>\n<li>Hver oversettelse g\u00e5r gjennom <strong>tre faser<\/strong>: <strong>oversettelse, redigering og korrekturlesing.<\/strong><\/li>\n<li>Leverand\u00f8rdatabasen v\u00e5r inneholder navn p\u00e5 mer enn <strong>2500 oversettere<\/strong> og spesialister innen spr\u00e5k og grafisk design.<\/li>\n<li>Oversetterne jobber med oversettelsesprogrammet Trados Studio, som sikrer <strong>konsistent terminologi<\/strong>.<\/li>\n<li>Datasikkerhet, lagring og konfidensialitet er v\u00e5rt ansvar. Lagring p\u00e5 server for ferdige oversettelser. <strong>Hvis du mister oversettelsen, finner vi den i v\u00e5re elektroniske arkiver.<\/strong><\/li>\n<li>Utdannede, kompetente og serviceorienterte prosjektledere som stadig forbedrer sine kvalifikasjoner innen flerspr\u00e5klig prosjektledelse.<\/li>\n<li><strong>Skadeforsikring mot mulige oversettelsesfeil \u2013<\/strong> forsikringsselskapet vil erstatte klientens tap. Slike saker har aldri oppst\u00e5tt hos Baltic Media etter mer enn 30 \u00e5rs drift. Forsikringen tjener imidlertid som en ekstra garanti for v\u00e5re klinter.<\/li>\n<li>Vi jobber globalt og har mer enn 30 \u00e5rs internasjonal erfaring, ettersom vi har kunder og oversettere p\u00e5 alle verdens kontinenter.<\/li>\n<li>Ekstra tjenester: <strong>oppsettsdesign for oversettelser, utskrift av original forberedelse. <\/strong>N\u00e5r du leverer inn et dokument til oversettelse, kan du velge \u00e5 motta oppsettet klart til utskrift. Du kan f\u00e5 oppsettsdesign (DTP \u2013 Desktop Publishing) for ekstra kostnad, <strong>som vil v\u00e6re billigere enn hos reklamebyr\u00e5er<\/strong> .<\/li>\n<\/ol>\n<p><strong>Ved \u00e5 velge oss, kj\u00f8per du et bedre produkt, f\u00e5r bedre kvalitetssikring, sparer tid og lar oss samordne det hele for deg.<\/strong><\/p>\n<p><strong>Dette vil du spare penger p\u00e5!<\/strong><\/p>\n<p>Vi svarer gjerne p\u00e5 sp\u00f8rsm\u00e5l hvis det er noe du lurer p\u00e5.<\/p>\n<p><iframe loading=\"lazy\" title=\"YouTube video player\" src=\"https:\/\/www.youtube.com\/embed\/pKH3HfnG6Zw\" width=\"640\" height=\"360\" frameborder=\"0\" allowfullscreen=\"allowfullscreen\"><\/iframe><\/p>\n<p><!-- \/wp:paragraph --><\/p>\n<\/div>\n<\/div><\/div><div id=\"panel-16196-1-1-1\" class=\"so-panel widget widget_sow-image-grid extendedwopts-md-left widgetopts-SO\" data-index=\"5\" ><div\n\t\t\t\n\t\t\tclass=\"so-widget-sow-image-grid so-widget-sow-image-grid-default-46e3cddde1e5-16196\"\n\t\t\t\n\t\t>\t<div\n\t\tclass=\"sow-image-grid-wrapper\"\n\t\t\t\t\t>\n\t\t\t\t\t<div class=\"sow-image-grid-image\">\n\t\t\t\t\t\t\t\t\t\t\t\t<img loading=\"lazy\" decoding=\"async\" width=\"300\" height=\"120\" src=\"https:\/\/i0.wp.com\/www.balticmedia.com\/wp-content\/uploads\/logo_ar_globusu_stillbild_garena.png?fit=300%2C120&amp;ssl=1\" class=\"sow-image-grid-image_html\" alt=\"Baltic Media&lt;sup&gt;\u00ae&lt;\/sup&gt;&quot;\" title=\"\">\t\t\t\t\t\t\t\t\t\t\t<\/div>\n\t\t\t\t\t<div class=\"sow-image-grid-image\">\n\t\t\t\t\t\t\t\t\t\t\t\t<img loading=\"lazy\" decoding=\"async\" width=\"300\" height=\"82\" src=\"https:\/\/i0.wp.com\/www.balticmedia.com\/wp-content\/uploads\/BM-logo-328x90-web-2-e1732657723740.jpg?fit=300%2C82&amp;ssl=1\" class=\"sow-image-grid-image_html\" alt=\"\" title=\"technical translation services\">\t\t\t\t\t\t\t\t\t\t\t<\/div>\n\t\t\t<\/div>\n<\/div><\/div><div id=\"panel-16196-1-1-2\" class=\"so-panel widget widget_sow-editor panel-last-child widgetopts-SO\" data-index=\"6\" ><div\n\t\t\t\n\t\t\tclass=\"so-widget-sow-editor so-widget-sow-editor-base\"\n\t\t\t\n\t\t>\n<div class=\"siteorigin-widget-tinymce textwidget\">\n\t<h2>Baltic Media<sup>\u00ae<\/sup> - Et oversettelsesbyr\u00e5 i Nord-Europa<\/h2>\n<p>Det baltisk-nordiske oversettelsesbyr\u00e5et Baltic Media<sup>\u00ae<\/sup> er en ledende tilbyder av digitale oversettelsestjenester i Nord-Europa, med spesialisering innen nordeuropeiske (inkl. nordiske, baltiske og slaviske) spr\u00e5k, hovedsakelig fra\/til svensk, finsk, islandsk, f\u00e6r\u00f8ysk, norsk, tysk, engelsk, polsk, russisk, latvisk, litauisk og estisk.<\/p>\n<p>Baltic Media<sup>\u00ae<\/sup> er en ISO-sertifisert leverand\u00f8r av spr\u00e5ktjenester, og tilbyr manuelle oversettelsestjenester for bedriftsmarkedet, offentlig sektor og privatkunder.<\/p>\n<\/div>\n<\/div><\/div><\/div><\/div><\/div>","protected":false},"excerpt":{"rendered":"<p>Oversettelses priser Hvordan redusere prisene for oversettelse? Slik reduserer du oversettelseskostnadene uten \u00e5 ofre kvaliteten Lave priser &#8211; hurtig levering \u2b50\ufe0f Oversettings pris \u2b50\ufe0f Beste priser p\u00e5 oversettelse Informasjon for faste kunder om oversettelses- og DTP-tjenester Vi vil gjerne fortelle deg om flere gode innovasjoner i oversettelsesprosessen som vil garantere enda bedre kvalitet og service, [&hellip;]<\/p>\n","protected":false},"author":2,"featured_media":132480,"parent":0,"menu_order":0,"comment_status":"closed","ping_status":"closed","template":"","meta":{"ocean_post_layout":"","ocean_both_sidebars_style":"","ocean_both_sidebars_content_width":0,"ocean_both_sidebars_sidebars_width":0,"ocean_sidebar":"0","ocean_second_sidebar":"0","ocean_disable_margins":"enable","ocean_add_body_class":"","ocean_shortcode_before_top_bar":"","ocean_shortcode_after_top_bar":"","ocean_shortcode_before_header":"","ocean_shortcode_after_header":"","ocean_has_shortcode":"","ocean_shortcode_after_title":"","ocean_shortcode_before_footer_widgets":"","ocean_shortcode_after_footer_widgets":"","ocean_shortcode_before_footer_bottom":"","ocean_shortcode_after_footer_bottom":"","ocean_display_top_bar":"default","ocean_display_header":"default","ocean_header_style":"","ocean_center_header_left_menu":"0","ocean_custom_header_template":"0","ocean_custom_logo":0,"ocean_custom_retina_logo":0,"ocean_custom_logo_max_width":0,"ocean_custom_logo_tablet_max_width":0,"ocean_custom_logo_mobile_max_width":0,"ocean_custom_logo_max_height":0,"ocean_custom_logo_tablet_max_height":0,"ocean_custom_logo_mobile_max_height":0,"ocean_header_custom_menu":"0","ocean_menu_typo_font_family":"0","ocean_menu_typo_font_subset":"","ocean_menu_typo_font_size":0,"ocean_menu_typo_font_size_tablet":0,"ocean_menu_typo_font_size_mobile":0,"ocean_menu_typo_font_size_unit":"px","ocean_menu_typo_font_weight":"","ocean_menu_typo_font_weight_tablet":"","ocean_menu_typo_font_weight_mobile":"","ocean_menu_typo_transform":"","ocean_menu_typo_transform_tablet":"","ocean_menu_typo_transform_mobile":"","ocean_menu_typo_line_height":0,"ocean_menu_typo_line_height_tablet":0,"ocean_menu_typo_line_height_mobile":0,"ocean_menu_typo_line_height_unit":"","ocean_menu_typo_spacing":0,"ocean_menu_typo_spacing_tablet":0,"ocean_menu_typo_spacing_mobile":0,"ocean_menu_typo_spacing_unit":"","ocean_menu_link_color":"","ocean_menu_link_color_hover":"","ocean_menu_link_color_active":"","ocean_menu_link_background":"","ocean_menu_link_hover_background":"","ocean_menu_link_active_background":"","ocean_menu_social_links_bg":"","ocean_menu_social_hover_links_bg":"","ocean_menu_social_links_color":"","ocean_menu_social_hover_links_color":"","ocean_disable_title":"default","ocean_disable_heading":"default","ocean_post_title":"","ocean_post_subheading":"","ocean_post_title_style":"","ocean_post_title_background_color":"","ocean_post_title_background":0,"ocean_post_title_bg_image_position":"","ocean_post_title_bg_image_attachment":"","ocean_post_title_bg_image_repeat":"","ocean_post_title_bg_image_size":"","ocean_post_title_height":0,"ocean_post_title_bg_overlay":0.5,"ocean_post_title_bg_overlay_color":"","ocean_disable_breadcrumbs":"default","ocean_breadcrumbs_color":"","ocean_breadcrumbs_separator_color":"","ocean_breadcrumbs_links_color":"","ocean_breadcrumbs_links_hover_color":"","ocean_display_footer_widgets":"default","ocean_display_footer_bottom":"default","ocean_custom_footer_template":"0","ofc_meta_disable_footer_callout":"","ofc_meta_callout_button_url":"","ofc_meta_callout_button_txt":"","ofc_meta_callout_text":"","osh_disable_topbar_sticky":"default","osh_disable_header_sticky":"default","osh_sticky_header_style":"default","osh_sticky_header_effect":"","osh_custom_sticky_logo":0,"osh_custom_retina_sticky_logo":0,"osh_custom_sticky_logo_height":0,"osh_background_color":"","osh_links_color":"","osh_links_hover_color":"","osh_links_active_color":"","osh_links_bg_color":"","osh_links_hover_bg_color":"","osh_links_active_bg_color":"","osh_menu_social_links_color":"","osh_menu_social_hover_links_color":"","footnotes":""},"class_list":["post-16196","page","type-page","status-publish","has-post-thumbnail","hentry","entry","has-media"],"jetpack_sharing_enabled":true,"jetpack_likes_enabled":true,"jetpack-related-posts":[],"jetpack_shortlink":"https:\/\/wp.me\/Pe7Cu3-4de","_links":{"self":[{"href":"https:\/\/www.balticmedia.com\/no\/wp-json\/wp\/v2\/pages\/16196","targetHints":{"allow":["GET"]}}],"collection":[{"href":"https:\/\/www.balticmedia.com\/no\/wp-json\/wp\/v2\/pages"}],"about":[{"href":"https:\/\/www.balticmedia.com\/no\/wp-json\/wp\/v2\/types\/page"}],"author":[{"embeddable":true,"href":"https:\/\/www.balticmedia.com\/no\/wp-json\/wp\/v2\/users\/2"}],"replies":[{"embeddable":true,"href":"https:\/\/www.balticmedia.com\/no\/wp-json\/wp\/v2\/comments?post=16196"}],"version-history":[{"count":15,"href":"https:\/\/www.balticmedia.com\/no\/wp-json\/wp\/v2\/pages\/16196\/revisions"}],"predecessor-version":[{"id":139220,"href":"https:\/\/www.balticmedia.com\/no\/wp-json\/wp\/v2\/pages\/16196\/revisions\/139220"}],"wp:featuredmedia":[{"embeddable":true,"href":"https:\/\/www.balticmedia.com\/no\/wp-json\/wp\/v2\/media\/132480"}],"wp:attachment":[{"href":"https:\/\/www.balticmedia.com\/no\/wp-json\/wp\/v2\/media?parent=16196"}],"curies":[{"name":"wp","href":"https:\/\/api.w.org\/{rel}","templated":true}]}}