{"id":11024,"date":"2021-02-03T14:13:04","date_gmt":"2021-02-03T12:13:04","guid":{"rendered":"https:\/\/wp.balticmedia.dev.telia.lv\/client-satisfactory-survey\/"},"modified":"2023-04-28T20:12:47","modified_gmt":"2023-04-28T17:12:47","slug":"referanse-skjema","status":"publish","type":"page","link":"https:\/\/www.balticmedia.com\/no\/oversettelses-priser\/referanse-skjema\/","title":{"rendered":"Kundetilfredshetsunders\u00f8kelse"},"content":{"rendered":"<div id=\"pl-11024\"  class=\"panel-layout\" ><div id=\"pg-11024-0\"  class=\"panel-grid panel-no-style\" ><div id=\"pgc-11024-0-0\"  class=\"panel-grid-cell\" ><div id=\"panel-11024-0-0-0\" class=\"so-panel widget widget_sow-image panel-first-child panel-last-child widgetopts-SO\" data-index=\"0\" ><div\n\t\t\t\n\t\t\tclass=\"so-widget-sow-image so-widget-sow-image-default-8b5b6f678277-11024\"\n\t\t\t\n\t\t>\n<div class=\"sow-image-container\">\n\t\t<img loading=\"lazy\" decoding=\"async\" src=\"https:\/\/i0.wp.com\/www.balticmedia.com\/wp-content\/uploads\/5blog-scaled.jpg?fit=2560%2C549&amp;ssl=1\" width=\"2560\" height=\"549\" srcset=\"https:\/\/i0.wp.com\/www.balticmedia.com\/wp-content\/uploads\/5blog-scaled.jpg?w=2560&amp;ssl=1 2560w, https:\/\/i0.wp.com\/www.balticmedia.com\/wp-content\/uploads\/5blog-scaled.jpg?resize=300%2C64&amp;ssl=1 300w, https:\/\/i0.wp.com\/www.balticmedia.com\/wp-content\/uploads\/5blog-scaled.jpg?resize=1024%2C219&amp;ssl=1 1024w, https:\/\/i0.wp.com\/www.balticmedia.com\/wp-content\/uploads\/5blog-scaled.jpg?resize=768%2C165&amp;ssl=1 768w, https:\/\/i0.wp.com\/www.balticmedia.com\/wp-content\/uploads\/5blog-scaled.jpg?resize=1536%2C329&amp;ssl=1 1536w, https:\/\/i0.wp.com\/www.balticmedia.com\/wp-content\/uploads\/5blog-scaled.jpg?resize=2048%2C439&amp;ssl=1 2048w, https:\/\/i0.wp.com\/www.balticmedia.com\/wp-content\/uploads\/5blog-scaled.jpg?w=2400&amp;ssl=1 2400w\" title=\"5blog\" alt=\"\" class=\"so-widget-image\">\n\t<\/div>\n\n<\/div><\/div><\/div><\/div><div id=\"pg-11024-1\"  class=\"panel-grid panel-no-style\" ><div id=\"pgc-11024-1-0\"  class=\"panel-grid-cell\" ><div id=\"panel-11024-1-0-0\" class=\"so-panel widget widget_sow-editor panel-first-child extendedwopts-hide extendedwopts-tablet extendedwopts-mobile widgetopts-SO\" data-index=\"1\" ><div\n\t\t\t\n\t\t\tclass=\"so-widget-sow-editor so-widget-sow-editor-base\"\n\t\t\t\n\t\t>\n<div class=\"siteorigin-widget-tinymce textwidget\">\n\t<pre><form aria-label=\"Search this website\" role=\"search\" method=\"get\" class=\"oceanwp-searchform\" id=\"searchform\" action=\"https:\/\/www.balticmedia.com\/no\/\"><input aria-label=\"Insert search query\" type=\"text\" class=\"field\" name=\"s\" id=\"s\" placeholder=\"Search\"><button aria-label=\"Submit your search\" type=\"submit\" class=\"search-submit\" value=\"\"><i class=\"icon-magnifier\" aria-hidden=\"true\"><\/i><\/button><\/form><\/pre>\n<\/div>\n<\/div><\/div><div id=\"panel-11024-1-0-1\" class=\"so-panel widget widget_ocean_custom_menu widget-oceanwp-custom-menu custom-menu-widget extendedwopts-hide extendedwopts-tablet extendedwopts-mobile widgetopts-SO\" data-index=\"2\" ><div class=\"oceanwp-custom-menu clr ocean_custom_menu-2 left dropdown-hover\"><ul id=\"menu-prices-no\" class=\"dropdown-menu sf-menu\"><li  id=\"menu-item-49457\" class=\"menu-item menu-item-type-post_type menu-item-object-page menu-item-49457\"><a href=\"https:\/\/www.balticmedia.com\/no\/oversettelses-priser\/\" class=\"menu-link\">Oversettelses priser<\/a><\/li>\n<li  id=\"menu-item-49462\" class=\"menu-item menu-item-type-post_type menu-item-object-page menu-item-49462\"><a href=\"https:\/\/www.balticmedia.com\/no\/oversettelses-priser\/prisen-pa-oversettelse\/\" class=\"menu-link\">Prisen p\u00e5 oversettelse<\/a><\/li>\n<li  id=\"menu-item-49458\" class=\"menu-item menu-item-type-post_type menu-item-object-page menu-item-49458\"><a href=\"https:\/\/www.balticmedia.com\/no\/oversettelses-priser\/hvordan-velge-et-oversettelsesbyra\/\" class=\"menu-link\">Hvordan velge et oversettelsesbyr\u00e5<\/a><\/li>\n<li  id=\"menu-item-49459\" class=\"menu-item menu-item-type-post_type menu-item-object-page menu-item-49459\"><a href=\"https:\/\/www.balticmedia.com\/no\/oversettelses-priser\/kvaliteten-pa-oversettelsestjenesten\/\" class=\"menu-link\">Kvaliteten p\u00e5 oversettelsestjenesten<\/a><\/li>\n<li  id=\"menu-item-49463\" class=\"menu-item menu-item-type-post_type menu-item-object-page menu-item-49463\"><a href=\"https:\/\/www.balticmedia.com\/no\/oversettelses-priser\/vare-kunder\/\" class=\"menu-link\">V\u00e5re kunder<\/a><\/li>\n<li  id=\"menu-item-49461\" class=\"menu-item menu-item-type-post_type menu-item-object-page menu-item-49461\"><a href=\"https:\/\/www.balticmedia.com\/no\/oversettelses-priser\/referanse-skjema\/\" class=\"menu-link\">Kundetilfredshetsunders\u00f8kelse<\/a><\/li>\n<li  id=\"menu-item-49460\" class=\"menu-item menu-item-type-post_type menu-item-object-page menu-item-49460\"><a href=\"https:\/\/www.balticmedia.com\/no\/oversettelses-priser\/kundereferanser\/\" class=\"menu-link\">Referanser fra v\u00e5re kunder<\/a><\/li>\n<li  id=\"menu-item-101293\" class=\"menu-item menu-item-type-post_type menu-item-object-page menu-item-101293\"><a href=\"https:\/\/www.balticmedia.com\/no\/omradekart\/\" class=\"menu-link\">Omr\u00e5dekart<\/a><\/li>\n<\/ul><\/div><\/div><div id=\"panel-11024-1-0-2\" class=\"so-panel widget widget_ocean_custom_menu widget-oceanwp-custom-menu custom-menu-widget panel-last-child extendedwopts-hide extendedwopts-tablet extendedwopts-mobile widgetopts-SO\" data-index=\"3\" ><div class=\"oceanwp-custom-menu clr ocean_custom_menu-2 left dropdown-hover\"><ul id=\"menu-partnere\" class=\"dropdown-menu sf-menu\"><li  id=\"menu-item-14932\" class=\"menu-item menu-item-type-custom menu-item-object-custom menu-item-14932\"><a target=\"_blank\" href=\"https:\/\/balticmedia.s.xtrf.eu\/vendors\/#\/sign-in\" class=\"menu-link\" rel=\"nofollow noopener\"><i class=\"icon before line-icon icon-briefcase\" aria-hidden=\"true\" style=\"font-size:2em;\"><\/i><span class=\"menu-text\">Partnerportal<\/span><\/a><\/li>\n<li  id=\"menu-item-14933\" class=\"menu-item menu-item-type-custom menu-item-object-custom menu-item-14933\"><a target=\"_blank\" href=\"https:\/\/www.balticmedia.com\/wp-content\/uploads\/11-Reasons-to-Choose-Baltic-Media-2026.pdf\" class=\"menu-link\"><i class=\"icon before line-icon icon-people\" aria-hidden=\"true\" style=\"font-size:2em;\"><\/i><span class=\"menu-text\">Selskapet profil<\/span><\/a><\/li>\n<li  id=\"menu-item-14934\" class=\"menu-item menu-item-type-custom menu-item-object-custom menu-item-14934\"><a target=\"_blank\" href=\"https:\/\/www.balticmedia.com\/wp-content\/uploads\/oversettelsbyra-no.pdf\" class=\"menu-link\"><i class=\"icon before line-icon icon-organization\" aria-hidden=\"true\" style=\"font-size:2em;\"><\/i><span class=\"menu-text\">Oversettelse. Steg for steg<\/span><\/a><\/li>\n<li  id=\"menu-item-14935\" class=\"menu-item menu-item-type-custom menu-item-object-custom menu-item-14935\"><a target=\"_blank\" href=\"https:\/\/www.balticmedia.com\/wp-content\/uploads\/Baltic-Media-Ltd.-Service-Terms-and-Conditions.pdf\" class=\"menu-link\"><i class=\"icon before line-icon icon-docs\" aria-hidden=\"true\" style=\"font-size:2em;\"><\/i><span class=\"menu-text\">Vilk\u00e5r og betingelser (EN)<\/span><\/a><\/li>\n<li  id=\"menu-item-14936\" class=\"menu-item menu-item-type-custom menu-item-object-custom menu-item-14936\"><a target=\"_blank\" href=\"https:\/\/www.balticmedia.com\/wp-content\/uploads\/iSO-certificate-2023.png\" class=\"menu-link\"><i class=\"icon before line-icon icon-doc\" aria-hidden=\"true\" style=\"font-size:2em;\"><\/i><span class=\"menu-text\">ISO 9001:2015 Quality Certification<\/span><\/a><\/li>\n<li  id=\"menu-item-14937\" class=\"menu-item menu-item-type-custom menu-item-object-custom menu-item-14937\"><a target=\"_blank\" href=\"https:\/\/www.balticmedia.com\/wp-content\/uploads\/362531_copyrighttrademarkbalticmedia.pdf\" class=\"menu-link\"><i class=\"icon before line-icon icon-info\" aria-hidden=\"true\" style=\"font-size:2em;\"><\/i><span class=\"menu-text\">Copyright | Trademark Baltic Media<sup>\u00ae<\/sup><\/span><\/a><\/li>\n<\/ul><\/div><\/div><\/div><div id=\"pgc-11024-1-1\"  class=\"panel-grid-cell\" ><div id=\"panel-11024-1-1-0\" class=\"so-panel widget widget_sow-editor panel-first-child widgetopts-SO\" data-index=\"4\" ><div\n\t\t\t\n\t\t\tclass=\"so-widget-sow-editor so-widget-sow-editor-base\"\n\t\t\t\n\t\t>\n<div class=\"siteorigin-widget-tinymce textwidget\">\n\t<div class=\"formatedtext\">\n<h1><span data-sheets-value=\"{&quot;1&quot;:2,&quot;2&quot;:&quot;Kundetilfredshetsunders\u00f8kelse&quot;}\" data-sheets-userformat=\"{&quot;2&quot;:29443,&quot;3&quot;:{&quot;1&quot;:0},&quot;4&quot;:{&quot;1&quot;:2,&quot;2&quot;:11982760},&quot;11&quot;:4,&quot;12&quot;:0,&quot;15&quot;:&quot;Open Sans&quot;,&quot;16&quot;:10,&quot;17&quot;:1}\">Kundetilfredshetsunders\u00f8kelse<\/span><\/h1>\n<h3>Din\u00a0mening<\/h3>\n<p><strong>Kj\u00e6re kunde<\/strong><br \/>\nDet er viktig for oss \u00e5 vite hvor forn\u00f8yd du er med arbeidet v\u00e5rt slik at vi kontinuerlig kan forbedre kvaliteten p\u00e5 tjenestene v\u00e5re. Derfor ville vi satt stor pris p\u00e5 om du kunne ta deg tid til \u00e5 svare p\u00e5 noen sp\u00f8rsm\u00e5l.<\/p>\n<\/div>\n<\/div>\n<\/div><\/div><div id=\"panel-11024-1-1-1\" class=\"so-panel widget widget_wpforms-widget wpforms-widget widgetopts-SO\" data-index=\"5\" ><div class=\"wpforms-container wpforms-container-full wpforms-form-abandonment\" id=\"wpforms-115783\"><form id=\"wpforms-form-115783\" class=\"wpforms-validate wpforms-form\" data-formid=\"115783\" method=\"post\" enctype=\"multipart\/form-data\" action=\"\/no\/wp-json\/wp\/v2\/pages\/11024\" data-token=\"402b60a3c067eb9fbe61cb1b17094b6c\" data-token-time=\"1779032508\"><noscript class=\"wpforms-error-noscript\">Please enable JavaScript in your browser to complete this form.<\/noscript><div class=\"wpforms-field-container\"><div id=\"wpforms-115783-field_4-container\" class=\"wpforms-field wpforms-field-textarea\" data-field-id=\"4\"><label class=\"wpforms-field-label\" for=\"wpforms-115783-field_4\">Kommentarer til firmaet v\u00e5rt, tjenester, ansatte, oversettere, kursholdere, forslag til forbedringer: <span class=\"wpforms-required-label\">*<\/span><\/label><textarea id=\"wpforms-115783-field_4\" class=\"wpforms-field-medium wpforms-field-required wpforms-limit-words-enabled\" data-form-id=\"115783\" data-field-id=\"4\" data-text-limit=\"100\" name=\"wpforms[fields][4]\" required><\/textarea><\/div><div id=\"wpforms-115783-field_6-container\" class=\"wpforms-field wpforms-field-radio\" data-field-id=\"6\"><label class=\"wpforms-field-label\">Hvordan h\u00f8rte du om oss? Hvordan ble du kjent med oss?<\/label><ul id=\"wpforms-115783-field_6\"><li class=\"choice-1 depth-1\"><input type=\"radio\" id=\"wpforms-115783-field_6_1\" name=\"wpforms[fields][6]\" value=\"Fra en rubrikktjeneste\"  ><label class=\"wpforms-field-label-inline\" for=\"wpforms-115783-field_6_1\">Fra en rubrikktjeneste<\/label><\/li><li class=\"choice-2 depth-1\"><input type=\"radio\" id=\"wpforms-115783-field_6_2\" name=\"wpforms[fields][6]\" value=\"Fra en nettside med rubrikktjenester\"  ><label class=\"wpforms-field-label-inline\" for=\"wpforms-115783-field_6_2\">Fra en nettside med rubrikktjenester<\/label><\/li><li class=\"choice-3 depth-1\"><input type=\"radio\" id=\"wpforms-115783-field_6_3\" name=\"wpforms[fields][6]\" value=\"S\u00f8k p\u00e5 internett\"  ><label class=\"wpforms-field-label-inline\" for=\"wpforms-115783-field_6_3\">S\u00f8k p\u00e5 internett<\/label><\/li><li class=\"choice-4 depth-1\"><input type=\"radio\" id=\"wpforms-115783-field_6_4\" name=\"wpforms[fields][6]\" value=\"Anbefalt av andre\"  ><label class=\"wpforms-field-label-inline\" for=\"wpforms-115783-field_6_4\">Anbefalt av andre<\/label><\/li><li class=\"choice-5 depth-1\"><input type=\"radio\" id=\"wpforms-115783-field_6_5\" name=\"wpforms[fields][6]\" value=\"Annet, vennligst skriv\"  ><label class=\"wpforms-field-label-inline\" for=\"wpforms-115783-field_6_5\">Annet, vennligst skriv<\/label><\/li><\/ul><\/div><div id=\"wpforms-115783-field_13-container\" class=\"wpforms-field wpforms-field-name wpforms-one-half wpforms-mobile-full\" data-field-id=\"13\"><label class=\"wpforms-field-label\">Navn <span class=\"wpforms-required-label\">*<\/span><\/label><div class=\"wpforms-field-row wpforms-field-large\"><div class=\"wpforms-field-row-block wpforms-first wpforms-one-half\"><input type=\"text\" id=\"wpforms-115783-field_13\" class=\"wpforms-field-name-first wpforms-field-required\" name=\"wpforms[fields][13][first]\" required><label for=\"wpforms-115783-field_13\" class=\"wpforms-field-sublabel after\">Navn<\/label><\/div><div class=\"wpforms-field-row-block wpforms-one-half\"><input type=\"text\" id=\"wpforms-115783-field_13-last\" class=\"wpforms-field-name-last wpforms-field-required\" name=\"wpforms[fields][13][last]\" required><label for=\"wpforms-115783-field_13-last\" class=\"wpforms-field-sublabel after\">Etternavn<\/label><\/div><\/div><\/div><div id=\"wpforms-115783-field_7-container\" class=\"wpforms-field wpforms-field-textarea\" data-field-id=\"7\"><label class=\"wpforms-field-label\" for=\"wpforms-115783-field_7\">Navn p\u00e5 virksomheten: <span class=\"wpforms-required-label\">*<\/span><\/label><textarea id=\"wpforms-115783-field_7\" class=\"wpforms-field-small wpforms-field-required\" name=\"wpforms[fields][7]\" required><\/textarea><\/div><div id=\"wpforms-115783-field_8-container\" class=\"wpforms-field wpforms-field-textarea\" data-field-id=\"8\"><label class=\"wpforms-field-label\" for=\"wpforms-115783-field_8\">Hvis du husker det \u2013 nummer eller navn p\u00e5 prosjektet eller kontaktpersonen fra firmaet v\u00e5rt: <span class=\"wpforms-required-label\">*<\/span><\/label><textarea id=\"wpforms-115783-field_8\" class=\"wpforms-field-small wpforms-field-required\" name=\"wpforms[fields][8]\" required><\/textarea><\/div><div id=\"wpforms-115783-field_14-container\" class=\"wpforms-field wpforms-field-email wpforms-one-half wpforms-mobile-full\" data-field-id=\"14\"><label class=\"wpforms-field-label\">E-post (valgfritt)<\/label><div class=\"wpforms-field-row wpforms-field-large\"><div class=\"wpforms-field-row-block wpforms-one-half wpforms-first\"><input type=\"email\" id=\"wpforms-115783-field_14\" class=\"wpforms-field-email-primary\" name=\"wpforms[fields][14][primary]\" spellcheck=\"false\" ><label for=\"wpforms-115783-field_14\" class=\"wpforms-field-sublabel after\">E-post<\/label><\/div><div class=\"wpforms-field-row-block wpforms-one-half\"><input type=\"email\" id=\"wpforms-115783-field_14-secondary\" class=\"wpforms-field-email-secondary\" data-rule-confirm=\"#wpforms-115783-field_14\" name=\"wpforms[fields][14][secondary]\" spellcheck=\"false\" ><label for=\"wpforms-115783-field_14-secondary\" class=\"wpforms-field-sublabel after\">Bekreft E-post<\/label><\/div><\/div><\/div><div id=\"wpforms-115783-field_15-container\" class=\"wpforms-field wpforms-field-phone\" data-field-id=\"15\"><label class=\"wpforms-field-label\" for=\"wpforms-115783-field_15\">Telefon (valgfritt)<\/label><input type=\"tel\" id=\"wpforms-115783-field_15\" class=\"wpforms-field-medium\" data-rule-int-phone-field=\"true\" name=\"wpforms[fields][15]\" aria-label=\"Telefon (valgfritt)\" ><\/div><div id=\"wpforms-115783-field_12-container\" class=\"wpforms-field wpforms-field-gdpr-checkbox\" data-field-id=\"12\"><label class=\"wpforms-field-label\">GDPR avtalen <span class=\"wpforms-required-label\">*<\/span><\/label><ul id=\"wpforms-115783-field_12\" class=\"wpforms-field-required\"><li class=\"choice-1\"><input type=\"checkbox\" id=\"wpforms-115783-field_12_1\" name=\"wpforms[fields][12][]\" value=\"Jeg godtar at dataene mine lagres for at jeg kan bli kontaktet ang\u00e5ende foresp\u00f8rselen min.\" required ><label class=\"wpforms-field-label-inline\" for=\"wpforms-115783-field_12_1\">Jeg godtar at dataene mine lagres for at jeg kan bli kontaktet ang\u00e5ende foresp\u00f8rselen min.<\/label><\/li><\/ul><\/div><\/div><!-- .wpforms-field-container --><div class=\"wpforms-recaptcha-container wpforms-is-turnstile\" ><div class=\"wpforms-turnstile\" data-sitekey=\"0x4AAAAAABB9jaEWBL2owUf6\" data-action=\"FormID-115783\"><\/div><input type=\"text\" name=\"g-recaptcha-hidden\" class=\"wpforms-recaptcha-hidden\" style=\"position:absolute!important;clip:rect(0,0,0,0)!important;height:1px!important;width:1px!important;border:0!important;overflow:hidden!important;padding:0!important;margin:0!important;\" data-rule-turnstile=\"1\"><\/div><div class=\"wpforms-submit-container\" ><input type=\"hidden\" name=\"wpforms[id]\" value=\"115783\"><input type=\"hidden\" name=\"page_title\" value=\"\"><input type=\"hidden\" name=\"page_url\" value=\"https:\/\/www.balticmedia.com\/no\/wp-json\/wp\/v2\/pages\/11024\"><input type=\"hidden\" name=\"url_referer\" value=\"\"><button type=\"submit\" name=\"wpforms[submit]\" id=\"wpforms-submit-115783\" class=\"wpforms-submit\" data-alt-text=\"Sender...\" data-submit-text=\"Sende\" aria-live=\"assertive\" value=\"wpforms-submit\">Sende<\/button><\/div><\/form><\/div>  <!-- .wpforms-container --><\/div><div id=\"panel-11024-1-1-2\" class=\"so-panel widget widget_sow-editor panel-last-child widgetopts-SO\" data-index=\"6\" ><div\n\t\t\t\n\t\t\tclass=\"so-widget-sow-editor so-widget-sow-editor-base\"\n\t\t\t\n\t\t>\n<div class=\"siteorigin-widget-tinymce textwidget\">\n\t<p>Vi takker s\u00e5 mye for dine svar!<\/p>\n<\/div>\n<\/div><\/div><\/div><\/div><\/div>","protected":false},"excerpt":{"rendered":"<p>Kundetilfredshetsunders\u00f8kelse Din\u00a0mening Kj\u00e6re kunde Det er viktig for oss \u00e5 vite hvor forn\u00f8yd du er med arbeidet v\u00e5rt slik at vi kontinuerlig kan forbedre kvaliteten p\u00e5 tjenestene v\u00e5re. Derfor ville vi satt stor pris p\u00e5 om du kunne ta deg tid til \u00e5 svare p\u00e5 noen sp\u00f8rsm\u00e5l. Vi takker s\u00e5 mye for dine svar!<\/p>\n","protected":false},"author":2,"featured_media":0,"parent":16196,"menu_order":0,"comment_status":"closed","ping_status":"closed","template":"","meta":{"ocean_post_layout":"","ocean_both_sidebars_style":"","ocean_both_sidebars_content_width":0,"ocean_both_sidebars_sidebars_width":0,"ocean_sidebar":"0","ocean_second_sidebar":"0","ocean_disable_margins":"enable","ocean_add_body_class":"","ocean_shortcode_before_top_bar":"","ocean_shortcode_after_top_bar":"","ocean_shortcode_before_header":"","ocean_shortcode_after_header":"","ocean_has_shortcode":"","ocean_shortcode_after_title":"","ocean_shortcode_before_footer_widgets":"","ocean_shortcode_after_footer_widgets":"","ocean_shortcode_before_footer_bottom":"","ocean_shortcode_after_footer_bottom":"","ocean_display_top_bar":"default","ocean_display_header":"default","ocean_header_style":"","ocean_center_header_left_menu":"0","ocean_custom_header_template":"0","ocean_custom_logo":0,"ocean_custom_retina_logo":0,"ocean_custom_logo_max_width":0,"ocean_custom_logo_tablet_max_width":0,"ocean_custom_logo_mobile_max_width":0,"ocean_custom_logo_max_height":0,"ocean_custom_logo_tablet_max_height":0,"ocean_custom_logo_mobile_max_height":0,"ocean_header_custom_menu":"0","ocean_menu_typo_font_family":"0","ocean_menu_typo_font_subset":"","ocean_menu_typo_font_size":0,"ocean_menu_typo_font_size_tablet":0,"ocean_menu_typo_font_size_mobile":0,"ocean_menu_typo_font_size_unit":"px","ocean_menu_typo_font_weight":"","ocean_menu_typo_font_weight_tablet":"","ocean_menu_typo_font_weight_mobile":"","ocean_menu_typo_transform":"","ocean_menu_typo_transform_tablet":"","ocean_menu_typo_transform_mobile":"","ocean_menu_typo_line_height":0,"ocean_menu_typo_line_height_tablet":0,"ocean_menu_typo_line_height_mobile":0,"ocean_menu_typo_line_height_unit":"","ocean_menu_typo_spacing":0,"ocean_menu_typo_spacing_tablet":0,"ocean_menu_typo_spacing_mobile":0,"ocean_menu_typo_spacing_unit":"","ocean_menu_link_color":"","ocean_menu_link_color_hover":"","ocean_menu_link_color_active":"","ocean_menu_link_background":"","ocean_menu_link_hover_background":"","ocean_menu_link_active_background":"","ocean_menu_social_links_bg":"","ocean_menu_social_hover_links_bg":"","ocean_menu_social_links_color":"","ocean_menu_social_hover_links_color":"","ocean_disable_title":"default","ocean_disable_heading":"default","ocean_post_title":"","ocean_post_subheading":"","ocean_post_title_style":"","ocean_post_title_background_color":"","ocean_post_title_background":0,"ocean_post_title_bg_image_position":"","ocean_post_title_bg_image_attachment":"","ocean_post_title_bg_image_repeat":"","ocean_post_title_bg_image_size":"","ocean_post_title_height":0,"ocean_post_title_bg_overlay":0.5,"ocean_post_title_bg_overlay_color":"","ocean_disable_breadcrumbs":"default","ocean_breadcrumbs_color":"","ocean_breadcrumbs_separator_color":"","ocean_breadcrumbs_links_color":"","ocean_breadcrumbs_links_hover_color":"","ocean_display_footer_widgets":"default","ocean_display_footer_bottom":"default","ocean_custom_footer_template":"0","ofc_meta_disable_footer_callout":"","ofc_meta_callout_button_url":"","ofc_meta_callout_button_txt":"","ofc_meta_callout_text":"","osh_disable_topbar_sticky":"default","osh_disable_header_sticky":"default","osh_sticky_header_style":"default","osh_sticky_header_effect":"","osh_custom_sticky_logo":0,"osh_custom_retina_sticky_logo":0,"osh_custom_sticky_logo_height":0,"osh_background_color":"","osh_links_color":"","osh_links_hover_color":"","osh_links_active_color":"","osh_links_bg_color":"","osh_links_hover_bg_color":"","osh_links_active_bg_color":"","osh_menu_social_links_color":"","osh_menu_social_hover_links_color":"","footnotes":""},"class_list":["post-11024","page","type-page","status-publish","hentry","entry"],"jetpack_sharing_enabled":true,"jetpack_likes_enabled":true,"jetpack-related-posts":[],"jetpack_shortlink":"https:\/\/wp.me\/Pe7Cu3-2RO","_links":{"self":[{"href":"https:\/\/www.balticmedia.com\/no\/wp-json\/wp\/v2\/pages\/11024","targetHints":{"allow":["GET"]}}],"collection":[{"href":"https:\/\/www.balticmedia.com\/no\/wp-json\/wp\/v2\/pages"}],"about":[{"href":"https:\/\/www.balticmedia.com\/no\/wp-json\/wp\/v2\/types\/page"}],"author":[{"embeddable":true,"href":"https:\/\/www.balticmedia.com\/no\/wp-json\/wp\/v2\/users\/2"}],"replies":[{"embeddable":true,"href":"https:\/\/www.balticmedia.com\/no\/wp-json\/wp\/v2\/comments?post=11024"}],"version-history":[{"count":5,"href":"https:\/\/www.balticmedia.com\/no\/wp-json\/wp\/v2\/pages\/11024\/revisions"}],"predecessor-version":[{"id":116193,"href":"https:\/\/www.balticmedia.com\/no\/wp-json\/wp\/v2\/pages\/11024\/revisions\/116193"}],"up":[{"embeddable":true,"href":"https:\/\/www.balticmedia.com\/no\/wp-json\/wp\/v2\/pages\/16196"}],"wp:attachment":[{"href":"https:\/\/www.balticmedia.com\/no\/wp-json\/wp\/v2\/media?parent=11024"}],"curies":[{"name":"wp","href":"https:\/\/api.w.org\/{rel}","templated":true}]}}