{"id":91422,"date":"2021-02-03T12:12:31","date_gmt":"2021-02-03T10:12:31","guid":{"rendered":"https:\/\/www.balticmedia.com\/te-ir-darbs\/online-language-teaching-jobs\/"},"modified":"2025-01-25T12:12:28","modified_gmt":"2025-01-25T10:12:28","slug":"online-valodu-skolotaju-vakances","status":"publish","type":"page","link":"https:\/\/www.balticmedia.com\/lv\/tulkotaji-tulki\/online-valodu-skolotaju-vakances\/","title":{"rendered":"Online valodu skolot\u0101ju vakances\u00a0"},"content":{"rendered":"<div id=\"pl-91422\"  class=\"panel-layout\" ><div id=\"pg-91422-0\"  class=\"panel-grid panel-no-style\" ><div id=\"pgc-91422-0-0\"  class=\"panel-grid-cell\" ><div id=\"panel-91422-0-0-0\" class=\"so-panel widget widget_sow-image panel-first-child panel-last-child widgetopts-SO\" data-index=\"0\" ><div\n\t\t\t\n\t\t\tclass=\"so-widget-sow-image so-widget-sow-image-default-8b5b6f678277-91422\"\n\t\t\t\n\t\t>\n<div class=\"sow-image-container\">\n\t\t<img src=\"https:\/\/i0.wp.com\/www.balticmedia.com\/wp-content\/uploads\/4price_and_quality-scaled-1.jpg?fit=2560%2C549&amp;ssl=1\" width=\"2560\" height=\"549\" srcset=\"https:\/\/i0.wp.com\/www.balticmedia.com\/wp-content\/uploads\/4price_and_quality-scaled-1.jpg?w=2560&amp;ssl=1 2560w, https:\/\/i0.wp.com\/www.balticmedia.com\/wp-content\/uploads\/4price_and_quality-scaled-1.jpg?resize=300%2C64&amp;ssl=1 300w, https:\/\/i0.wp.com\/www.balticmedia.com\/wp-content\/uploads\/4price_and_quality-scaled-1.jpg?resize=1024%2C220&amp;ssl=1 1024w, https:\/\/i0.wp.com\/www.balticmedia.com\/wp-content\/uploads\/4price_and_quality-scaled-1.jpg?resize=768%2C165&amp;ssl=1 768w, https:\/\/i0.wp.com\/www.balticmedia.com\/wp-content\/uploads\/4price_and_quality-scaled-1.jpg?resize=1536%2C329&amp;ssl=1 1536w, https:\/\/i0.wp.com\/www.balticmedia.com\/wp-content\/uploads\/4price_and_quality-scaled-1.jpg?resize=2048%2C439&amp;ssl=1 2048w, https:\/\/i0.wp.com\/www.balticmedia.com\/wp-content\/uploads\/4price_and_quality-scaled-1.jpg?w=2400&amp;ssl=1 2400w\" title=\"Online valodu skolot\u0101ju vakances\u00a0\" alt=\"Online valodu skolot\u0101ju vakances\u00a0\" class=\"so-widget-image\">\n\t<\/div>\n\n<\/div><\/div><\/div><\/div><div id=\"pg-91422-1\"  class=\"panel-grid panel-no-style\" ><div id=\"pgc-91422-1-0\"  class=\"panel-grid-cell\" ><div id=\"panel-91422-1-0-0\" class=\"so-panel widget widget_sow-editor panel-first-child\" data-index=\"1\" ><div\n\t\t\t\n\t\t\tclass=\"so-widget-sow-editor so-widget-sow-editor-base\"\n\t\t\t\n\t\t>\n<div class=\"siteorigin-widget-tinymce textwidget\">\n\t<pre><form aria-label=\"Search this website\" role=\"search\" method=\"get\" class=\"oceanwp-searchform\" id=\"searchform\" action=\"https:\/\/www.balticmedia.com\/lv\/\"><input aria-label=\"Insert search query\" type=\"text\" class=\"field\" name=\"s\" id=\"s\" placeholder=\"Mekl\u0113t\"><button aria-label=\"Submit your search\" type=\"submit\" class=\"search-submit\" value=\"\"><i class=\"icon-magnifier\" aria-hidden=\"true\"><\/i><\/button><\/form><\/pre>\n<\/div>\n<\/div><\/div><div id=\"panel-91422-1-0-1\" class=\"so-panel widget widget_ocean_custom_menu widget-oceanwp-custom-menu custom-menu-widget extendedwopts-hide extendedwopts-tablet extendedwopts-mobile widgetopts-SO\" data-index=\"2\" ><div class=\"oceanwp-custom-menu clr ocean_custom_menu-2 left dropdown-hover\"><ul id=\"menu-jobs-lv\" class=\"dropdown-menu sf-menu\"><li  id=\"menu-item-121956\" class=\"menu-item menu-item-type-post_type menu-item-object-page menu-item-121956\"><a href=\"https:\/\/www.balticmedia.com\/lv\/tulkotajs-un-tulks\/\" class=\"menu-link\">Tulkot\u0101js un tulks<\/a><\/li>\n<li  id=\"menu-item-49360\" class=\"menu-item menu-item-type-post_type menu-item-object-page menu-item-49360\"><a href=\"https:\/\/www.balticmedia.com\/lv\/tulkotaji-tulki\/\" class=\"menu-link\">Tulkot\u0101ji un tulki vakances<\/a><\/li>\n<li  id=\"menu-item-49358\" class=\"menu-item menu-item-type-post_type menu-item-object-page menu-item-49358\"><a href=\"https:\/\/www.balticmedia.com\/lv\/tulkotaji-tulki\/darbs-ka-tulkotajam\/\" class=\"menu-link\">Darbs k\u0101 tulkot\u0101jam, tulkam un korektoram<\/a><\/li>\n<li  id=\"menu-item-49359\" class=\"menu-item menu-item-type-post_type menu-item-object-page menu-item-49359\"><a href=\"https:\/\/www.balticmedia.com\/lv\/tulkotaji-tulki\/ierunataji-dubletaji\/\" class=\"menu-link\">Ierun\u0101t\u0101ji un dubl\u0113t\u0101ji<\/a><\/li>\n<li  id=\"menu-item-83354\" class=\"menu-item menu-item-type-post_type menu-item-object-page menu-item-83354\"><a href=\"https:\/\/www.balticmedia.com\/lv\/tulkotaji-tulki\/vakances-te-ir-darbs\/\" class=\"menu-link\">Vakances. Te ir darbs<\/a><\/li>\n<li  id=\"menu-item-84614\" class=\"menu-item menu-item-type-post_type menu-item-object-page menu-item-84614\"><a href=\"https:\/\/www.balticmedia.com\/lv\/tulkotaji-tulki\/vakances-te-ir-darbs\/valodu-skolotaji-lektori\/\" class=\"menu-link\">Valodu skolot\u0101ji | lektori<\/a><\/li>\n<li  id=\"menu-item-84486\" class=\"menu-item menu-item-type-post_type menu-item-object-page menu-item-84486\"><a href=\"https:\/\/www.balticmedia.com\/lv\/tulkotaji-tulki\/vakances-te-ir-darbs\/valodu-macibu-centra-projektu-vaditajs\/\" class=\"menu-link\">Valodu kursu projektu vad\u012bt\u0101js<\/a><\/li>\n<li  id=\"menu-item-84016\" class=\"menu-item menu-item-type-post_type menu-item-object-page menu-item-84016\"><a href=\"https:\/\/www.balticmedia.com\/lv\/tulkotaji-tulki\/vakances-te-ir-darbs\/tulkosanas-projektu-vaditajs\/\" class=\"menu-link\">Tulko\u0161anas projektu vad\u012bt\u0101js<\/a><\/li>\n<li  id=\"menu-item-84436\" class=\"menu-item menu-item-type-post_type menu-item-object-page menu-item-84436\"><a href=\"https:\/\/www.balticmedia.com\/lv\/tulkotaji-tulki\/vakances-te-ir-darbs\/zviedru-tulkosanas-projektu-vaditajs\/\" class=\"menu-link\">Zviedru tulko\u0161anas projektu vad\u012bt\u0101js<\/a><\/li>\n<li  id=\"menu-item-84071\" class=\"menu-item menu-item-type-post_type menu-item-object-page menu-item-84071\"><a href=\"https:\/\/www.balticmedia.com\/lv\/tulkotaji-tulki\/vakances-te-ir-darbs\/stata-tulkotajs\/\" class=\"menu-link\">\u0160tata tulkot\u0101js<\/a><\/li>\n<li  id=\"menu-item-84592\" class=\"menu-item menu-item-type-post_type menu-item-object-page menu-item-84592\"><a href=\"https:\/\/www.balticmedia.com\/lv\/tulkotaji-tulki\/vakances-te-ir-darbs\/administrativais-vaditajs\/\" class=\"menu-link\">Administrat\u012bvais vad\u012bt\u0101js<\/a><\/li>\n<li  id=\"menu-item-84495\" class=\"menu-item menu-item-type-post_type menu-item-object-page menu-item-84495\"><a href=\"https:\/\/www.balticmedia.com\/lv\/tulkotaji-tulki\/vakances-te-ir-darbs\/pardosanas-vaditajs\/\" class=\"menu-link\">P\u0101rdo\u0161anas vad\u012bt\u0101js<\/a><\/li>\n<li  id=\"menu-item-84141\" class=\"menu-item menu-item-type-post_type menu-item-object-page menu-item-84141\"><a href=\"https:\/\/www.balticmedia.com\/lv\/tulkotaji-tulki\/vakances-te-ir-darbs\/latviesu-valodas-pasniedzejs\/\" class=\"menu-link\">Latvie\u0161u valodas pasniedz\u0113js<\/a><\/li>\n<li  id=\"menu-item-84504\" class=\"menu-item menu-item-type-post_type menu-item-object-page menu-item-84504\"><a href=\"https:\/\/www.balticmedia.com\/lv\/tulkotaji-tulki\/vakances-te-ir-darbs\/biroja-administrators\/\" class=\"menu-link\">Biroja administrators &#8211; tulko\u0161anas projektu vad\u012bt\u0101js<\/a><\/li>\n<li  id=\"menu-item-84157\" class=\"menu-item menu-item-type-post_type menu-item-object-page menu-item-84157\"><a href=\"https:\/\/www.balticmedia.com\/lv\/tulkotaji-tulki\/vakances-te-ir-darbs\/praktikanti\/\" class=\"menu-link\">Praktikanti<\/a><\/li>\n<li  id=\"menu-item-84576\" class=\"menu-item menu-item-type-post_type menu-item-object-page menu-item-84576\"><a href=\"https:\/\/www.balticmedia.com\/lv\/tulkotaji-tulki\/vakances-te-ir-darbs\/valodu-macibu-centra-administrators\/\" class=\"menu-link\">Valodu m\u0101c\u012bbu centra administrators<\/a><\/li>\n<li  id=\"menu-item-85775\" class=\"menu-item menu-item-type-post_type menu-item-object-page menu-item-85775\"><a href=\"https:\/\/www.balticmedia.com\/lv\/kursi-komunikacija\/\" class=\"menu-link\">Kursi komunik\u0101cij\u0101<\/a><\/li>\n<li  id=\"menu-item-101227\" class=\"menu-item menu-item-type-post_type menu-item-object-page menu-item-101227\"><a href=\"https:\/\/www.balticmedia.com\/lv\/vietnes-karte\/\" class=\"menu-link\">Vietnes karte<\/a><\/li>\n<li  id=\"menu-item-127254\" class=\"menu-item menu-item-type-post_type menu-item-object-page menu-item-127254\"><a href=\"https:\/\/www.balticmedia.com\/lv\/tulkosana\/\" class=\"menu-link\">Tulko\u0161ana<\/a><\/li>\n<li  id=\"menu-item-129662\" class=\"menu-item menu-item-type-post_type menu-item-object-page menu-item-129662\"><a href=\"https:\/\/www.balticmedia.com\/lv\/tulkojumi\/\" class=\"menu-link\">Tulkojumi un Tulko\u0161anas Pakalpojumi<\/a><\/li>\n<li  id=\"menu-item-133086\" class=\"menu-item menu-item-type-post_type menu-item-object-page menu-item-133086\"><a href=\"https:\/\/www.balticmedia.com\/lv\/gramatu-tulkosana\/\" class=\"menu-link\">Gr\u0101matu tulko\u0161ana | Liter\u0101r\u0101 &#8211; dai\u013cliterat\u016bras tulko\u0161ana<\/a><\/li>\n<\/ul><\/div><\/div><div id=\"panel-91422-1-0-2\" class=\"so-panel widget widget_ocean_custom_menu widget-oceanwp-custom-menu custom-menu-widget panel-last-child extendedwopts-hide extendedwopts-tablet extendedwopts-mobile widgetopts-SO\" data-index=\"3\" ><div class=\"oceanwp-custom-menu clr ocean_custom_menu-2 left dropdown-hover\"><ul id=\"menu-partneri-lv\" class=\"dropdown-menu sf-menu\"><li  id=\"menu-item-11565\" class=\"menu-item menu-item-type-custom menu-item-object-custom menu-item-11565\"><a target=\"_blank\" href=\"https:\/\/balticmedia.s.xtrf.eu\/vendors\/#\/sign-in\" class=\"menu-link\" rel=\"nofollow noopener\"><i class=\"icon before line-icon icon-briefcase\" aria-hidden=\"true\" style=\"font-size:2em;\"><\/i><span class=\"menu-text\">Partneru port\u0101ls<\/span><\/a><\/li>\n<li  id=\"menu-item-11671\" class=\"menu-item menu-item-type-custom menu-item-object-custom menu-item-11671\"><a target=\"_blank\" href=\"https:\/\/www.balticmedia.com\/wp-content\/uploads\/11-Reasons-to-Choose-Baltic-Media-2026.pdf\" class=\"menu-link\"><i class=\"icon before line-icon icon-people\" aria-hidden=\"true\" style=\"font-size:2em;\"><\/i><span class=\"menu-text\">Baltic Media uz\u0146\u0113muma PDF profils<\/span><\/a><\/li>\n<li  id=\"menu-item-11672\" class=\"menu-item menu-item-type-custom menu-item-object-custom menu-item-11672\"><a target=\"_blank\" href=\"https:\/\/www.balticmedia.com\/wp-content\/uploads\/tulkojumu-birojs-lv.pdf\" class=\"menu-link\"><i class=\"icon before line-icon icon-organization\" aria-hidden=\"true\" style=\"font-size:2em;\"><\/i><span class=\"menu-text\">Tulkojumi. Soli pa solim<\/span><\/a><\/li>\n<li  id=\"menu-item-11709\" class=\"menu-item menu-item-type-custom menu-item-object-custom menu-item-11709\"><a target=\"_blank\" href=\"https:\/\/www.balticmedia.com\/wp-content\/uploads\/Baltic-Media-Ltd-Pakalpojumu-sniegsanas-noteikumi-LV.pdf\" class=\"menu-link\"><i class=\"icon before line-icon icon-docs\" aria-hidden=\"true\" style=\"font-size:2em;\"><\/i><span class=\"menu-text\">Tulko\u0161anas pakalpojumu snieg\u0161anas noteikumi<\/span><\/a><\/li>\n<li  id=\"menu-item-11710\" class=\"menu-item menu-item-type-custom menu-item-object-custom menu-item-11710\"><a target=\"_blank\" href=\"https:\/\/www.balticmedia.com\/wp-content\/uploads\/iSO-certificate-2023.png\" class=\"menu-link\"><i class=\"icon before line-icon icon-doc\" aria-hidden=\"true\" style=\"font-size:2em;\"><\/i><span class=\"menu-text\">ISO 9001:2015 Quality Certification<\/span><\/a><\/li>\n<li  id=\"menu-item-11723\" class=\"menu-item menu-item-type-custom menu-item-object-custom menu-item-11723\"><a target=\"_blank\" href=\"https:\/\/www.balticmedia.com\/wp-content\/uploads\/pazinojums_par_vietnes_balticmedia.com_autortiesbam_lv.pdf\" class=\"menu-link\"><i class=\"icon before line-icon icon-info\" aria-hidden=\"true\" style=\"font-size:2em;\"><\/i><span class=\"menu-text\">Autorties\u012bbas un pre\u010du z\u012bme Baltic Media<sup>\u00ae<\/sup><\/span><\/a><\/li>\n<\/ul><\/div><\/div><\/div><div id=\"pgc-91422-1-1\"  class=\"panel-grid-cell\" ><div id=\"panel-91422-1-1-0\" class=\"so-panel widget widget_sow-editor panel-first-child widgetopts-SO\" data-index=\"4\" ><div\n\t\t\t\n\t\t\tclass=\"so-widget-sow-editor so-widget-sow-editor-base\"\n\t\t\t\n\t\t><h3 class=\"widget-title\">Valodu skolot\u0101ju - pasniedz\u0113ju vakances\u00a0<\/h3>\n<div class=\"siteorigin-widget-tinymce textwidget\">\n\t<div>\n<h2><strong>Valodu skolot\u0101ju - pasniedz\u0113ju vakances\u00a0<\/strong><\/h2>\n<\/div>\n<div>\n<p align=\"left\">Pied\u0101v\u0101jam iesp\u0113ju pievienoties valodu m\u0101c\u012bbu centra \u201cBaltic Media\u201d komandai un aicin\u0101m pieteikties<strong>\u00a0da\u017e\u0101du valodu kursu pasniedz\u0113jus nodarb\u012bbu vad\u012b\u0161anai Online.<\/strong><\/p>\n<h3 align=\"left\">Mekl\u0113jam online - tie\u0161saistes<strong> ang\u013cu, zviedru, jap\u0101\u0146u, krievu, \u0137\u012bnie\u0161u, norv\u0113\u0123u, latvie\u0161u un citu valodu pasniedz\u0113jus ilgtermi\u0146a sadarb\u012bbai.<\/strong><\/h3>\n<p><a href=\"https:\/\/www.balticmedia.com\/\" target=\"_blank\" rel=\"noopener\">\u201cBaltic Media Ltd\u201d ir ISO sertific\u0113ta valodu pakalpojumu snieg\u0161anas a\u0123ent\u016bra<\/a>, kas specializ\u0113jas vis\u0101s Zieme\u013cvalstu un Baltijas valstu valod\u0101s. \u201cBaltic Media Ltd\u201d ir dibin\u0101ts Zviedrij\u0101 1991. gad\u0101, bet Baltijas tirg\u016b uz\u0146\u0113mums darbojas kop\u0161 1994. gada un ir viens no vado\u0161ajiem uz\u0146\u0113mumiem kvalitat\u012bvu valodu pakalpojumu segment\u0101.<\/p>\n<\/div>\n<\/div>\n<\/div><\/div><div id=\"panel-91422-1-1-1\" class=\"so-panel widget widget_sow-image-grid widgetopts-SO\" data-index=\"5\" ><div\n\t\t\t\n\t\t\tclass=\"so-widget-sow-image-grid so-widget-sow-image-grid-default-46e3cddde1e5-91422\"\n\t\t\t\n\t\t>\t<div\n\t\tclass=\"sow-image-grid-wrapper\"\n\t\t\t\t\t>\n\t\t\t\t\t<div class=\"sow-image-grid-image\">\n\t\t\t\t\t\t\t\t\t\t\t\t<img loading=\"lazy\" decoding=\"async\" width=\"300\" height=\"300\" src=\"https:\/\/i0.wp.com\/www.balticmedia.com\/wp-content\/uploads\/anglu-valodas-kursi-e1736697765326.jpg?fit=300%2C300&amp;ssl=1\" class=\"sow-image-grid-image_html\" alt=\"Baltic Media&lt;sup&gt;\u00ae&lt;\/sup&gt;&quot;\" title=\"anglu valodas kursi\">\t\t\t\t\t\t\t\t\t\t\t<\/div>\n\t\t\t\t\t<div class=\"sow-image-grid-image\">\n\t\t\t\t\t\t\t\t\t\t\t\t<img loading=\"lazy\" decoding=\"async\" width=\"300\" height=\"82\" src=\"https:\/\/i0.wp.com\/www.balticmedia.com\/wp-content\/uploads\/BM-logo-328x90-web-2-e1732657723740.jpg?fit=300%2C82&amp;ssl=1\" class=\"sow-image-grid-image_html\" alt=\"Baltic Media&lt;sup&gt;\u00ae&lt;\/sup&gt;&quot;\" title=\"technical translation services\">\t\t\t\t\t\t\t\t\t\t\t<\/div>\n\t\t\t<\/div>\n<\/div><\/div><div id=\"panel-91422-1-1-2\" class=\"so-panel widget widget_sow-editor panel-last-child widgetopts-SO\" data-index=\"6\" ><div\n\t\t\t\n\t\t\tclass=\"so-widget-sow-editor so-widget-sow-editor-base\"\n\t\t\t\n\t\t>\n<div class=\"siteorigin-widget-tinymce textwidget\">\n\t<h1><strong>Online valodu skolot\u0101ju vakances\u00a0<\/strong><\/h1>\n<p align=\"left\"><strong>ONLINE VALODU KURSU PASNIEDZ\u0112JS:<\/strong><\/p>\n<p align=\"left\">NEPIECIE\u0160AMS<\/p>\n<ul>\n<li>Augst\u0101k\u0101 izgl\u012bt\u012bba filolo\u0123ij\u0101 un\/vai pedago\u0123ij\u0101;<\/li>\n<li>Izcilas valodu zin\u0101\u0161anas;<\/li>\n<li>Pieredze m\u0101c\u012bt valodas att\u0101lin\u0101ti;<\/li>\n<li>Pieredze izmantot da\u017e\u0101das Online m\u0101c\u012bbu platformas (Zoom, Skype, Discord, Google Hangout u.c.);<\/li>\n<li>Sp\u0113ja patst\u0101v\u012bgi pl\u0101not uzdoto darbu izpildi, pie\u0146emt l\u0113mumus un risin\u0101t probl\u0113msitu\u0101cijas;<\/li>\n<li>Komunikabls, atrakt\u012bvs un ar atbild\u012bbas saj\u016btu.<\/li>\n<\/ul>\n<p><img data-recalc-dims=\"1\" loading=\"lazy\" decoding=\"async\" class=\"alignnone wp-image-6836 size-medium\" src=\"https:\/\/i0.wp.com\/www.balticmedia.com\/wp-content\/uploads\/online_learning.png?resize=300%2C200&#038;ssl=1\" alt=\"valodu skolot\u0101js\" width=\"300\" height=\"200\" srcset=\"https:\/\/i0.wp.com\/www.balticmedia.com\/wp-content\/uploads\/online_learning.png?resize=300%2C200&amp;ssl=1 300w, https:\/\/i0.wp.com\/www.balticmedia.com\/wp-content\/uploads\/online_learning.png?resize=272%2C182&amp;ssl=1 272w, https:\/\/i0.wp.com\/www.balticmedia.com\/wp-content\/uploads\/online_learning.png?w=680&amp;ssl=1 680w\" sizes=\"auto, (max-width: 300px) 100vw, 300px\" title=\"\"><\/p>\n<p align=\"left\">PIEN\u0100KUMI<\/p>\n<ul>\n<li>Vad\u012bt att\u0101lin\u0101tas valodu kursu nodarb\u012bbas grup\u0101m un\/vai individu\u0101li;<\/li>\n<li>M\u0101c\u012bbu programmu sagatavo\u0161ana;<\/li>\n<li>M\u0101c\u012bbu materi\u0101lu gatavo\u0161ana;<\/li>\n<li>Atbild\u012bgi un prec\u012bzi veikt visus pien\u0101kumus, kas saist\u012bti ar Online kursu vad\u012b\u0161anu.<\/li>\n<\/ul>\n<p align=\"left\">M\u0112S PIED\u0100V\u0100JAM<\/p>\n<ul>\n<li>Darbu multikultur\u0101l\u0101 vid\u0113;<\/li>\n<li>Projekta darbus (gabaldarbus);<\/li>\n<li>Konsult\u0101cijas un atbalstu visu projekta laiku;<\/li>\n<li>Iesp\u0113ju str\u0101d\u0101t no jebkuras Jums \u0113rtas vietas (darbs no m\u0101j\u0101m);<\/li>\n<li>Konkur\u0113tsp\u0113j\u012bgu darba atalgojumu atkar\u012bb\u0101 no izgl\u012bt\u012bbas, kvalifik\u0101cijas, darba sp\u0113j\u0101m un pieredzes<\/li>\n<\/ul>\n<p align=\"left\">Lai pieteiktos Online valodu kursu pasniedz\u0113ja vakancei,<strong>\u00a0nos\u016bti savu CV uz<\/strong>\u00a0<a href=\"mailto:kursi@balticmedia.com\"><strong>kursi@balticmedia.com<\/strong><\/a>. L\u016bgums pieteikum\u0101 nor\u0101d\u012bt v\u0113lamo samaksu par akad\u0113misko stundu (45min) un astronomisko stundu (60min), k\u0101 ar\u012b valodu kombin\u0101cijas, k\u0101d\u0101s varat m\u0101c\u012bt valodu att\u0101lin\u0101ti.<\/p>\n<p align=\"left\">Motiv\u0101cijas v\u0113stuli un CV (v\u0113lams ar fotoatt\u0113lu) s\u016bt\u012bt uz epastu\u00a0<a href=\"mailto:kursi@balticmedia.com\">kursi@balticmedia.com<\/a><br \/>\nvai\u00a0<a href=\"http:\/\/www.valodukursi.lv\/lat\/vakances\/\" target=\"_blank\" rel=\"noopener\"><strong>pieteikties, izmantojot online pieteikuma formu<\/strong><\/a>.<\/p>\n<p>Telefons uzzi\u0146\u0101m 6722 4395.<br \/>\nPapildinform\u0101cija m\u0101jas lap\u0101\u00a0<a href=\"http:\/\/www.valodukursi.lv\/\" target=\"_blank\" rel=\"noopener\">www.valodukursi.lv<\/a><\/p>\n<p>Dzirnavu iela 57a<br \/>\nLV-1010 R\u012bga Latvija<\/p>\n<div><img data-recalc-dims=\"1\" loading=\"lazy\" decoding=\"async\" title=\"Valodu kursi\" src=\"https:\/\/i0.wp.com\/www.valodukursi.lv\/UserFiles\/Image\/contact-ico\/phone.png?resize=15%2C15\" alt=\"Valodu kursi\" width=\"15\" height=\"15\">\u00a0+371 67 224 395<br \/>\n<img data-recalc-dims=\"1\" loading=\"lazy\" decoding=\"async\" title=\"Valodu kursi\" src=\"https:\/\/i0.wp.com\/www.valodukursi.lv\/UserFiles\/Image\/contact-ico\/cell.png?resize=15%2C15\" alt=\"Valodu kursi\" width=\"15\" height=\"15\">\u00a0+371 29 44 68 45<\/div>\n<div><a href=\"mailto:info@balticmedia.com\"><img data-recalc-dims=\"1\" loading=\"lazy\" decoding=\"async\" title=\"Valodu kursi\" src=\"https:\/\/i0.wp.com\/www.valodukursi.lv\/UserFiles\/Image\/contact-ico\/%40.png?resize=15%2C15\" alt=\"Valodu kursi\" width=\"15\" height=\"15\"><\/a>\u00a0<a href=\"mailto:kursi@balticmedia.com\">kursi@balticmedia.com<\/a><\/div>\n<div><a href=\"https:\/\/wa.me\/37129446845\" target=\"_blank\" rel=\"noopener nofollow\">WhatsApp<\/a><\/div>\n<p>&nbsp;<\/p>\n<p align=\"left\"><iframe loading=\"lazy\" src=\"https:\/\/www.youtube.com\/embed\/hiNHZ2fn4Cc\" width=\"640\" height=\"315\" frameborder=\"0\" allowfullscreen=\"allowfullscreen\" data-mce-fragment=\"1\"><\/iframe><\/p>\n<\/div>\n<\/div><\/div><\/div><\/div><\/div>","protected":false},"excerpt":{"rendered":"<p>Valodu skolot\u0101ju &#8211; pasniedz\u0113ju vakances\u00a0 Pied\u0101v\u0101jam iesp\u0113ju pievienoties valodu m\u0101c\u012bbu centra \u201cBaltic Media\u201d komandai un aicin\u0101m pieteikties\u00a0da\u017e\u0101du valodu kursu pasniedz\u0113jus nodarb\u012bbu vad\u012b\u0161anai Online. Mekl\u0113jam online &#8211; tie\u0161saistes ang\u013cu, zviedru, jap\u0101\u0146u, krievu, \u0137\u012bnie\u0161u, norv\u0113\u0123u, latvie\u0161u un citu valodu pasniedz\u0113jus ilgtermi\u0146a sadarb\u012bbai. \u201cBaltic Media Ltd\u201d ir ISO sertific\u0113ta valodu pakalpojumu snieg\u0161anas a\u0123ent\u016bra, kas specializ\u0113jas vis\u0101s Zieme\u013cvalstu un [&hellip;]<\/p>\n","protected":false},"author":2,"featured_media":133857,"parent":11467,"menu_order":0,"comment_status":"closed","ping_status":"closed","template":"","meta":{"ocean_post_layout":"","ocean_both_sidebars_style":"","ocean_both_sidebars_content_width":0,"ocean_both_sidebars_sidebars_width":0,"ocean_sidebar":"0","ocean_second_sidebar":"0","ocean_disable_margins":"enable","ocean_add_body_class":"","ocean_shortcode_before_top_bar":"","ocean_shortcode_after_top_bar":"","ocean_shortcode_before_header":"","ocean_shortcode_after_header":"","ocean_has_shortcode":"","ocean_shortcode_after_title":"","ocean_shortcode_before_footer_widgets":"","ocean_shortcode_after_footer_widgets":"","ocean_shortcode_before_footer_bottom":"","ocean_shortcode_after_footer_bottom":"","ocean_display_top_bar":"default","ocean_display_header":"default","ocean_header_style":"","ocean_center_header_left_menu":"0","ocean_custom_header_template":"0","ocean_custom_logo":0,"ocean_custom_retina_logo":0,"ocean_custom_logo_max_width":0,"ocean_custom_logo_tablet_max_width":0,"ocean_custom_logo_mobile_max_width":0,"ocean_custom_logo_max_height":0,"ocean_custom_logo_tablet_max_height":0,"ocean_custom_logo_mobile_max_height":0,"ocean_header_custom_menu":"0","ocean_menu_typo_font_family":"0","ocean_menu_typo_font_subset":"","ocean_menu_typo_font_size":0,"ocean_menu_typo_font_size_tablet":0,"ocean_menu_typo_font_size_mobile":0,"ocean_menu_typo_font_size_unit":"px","ocean_menu_typo_font_weight":"","ocean_menu_typo_font_weight_tablet":"","ocean_menu_typo_font_weight_mobile":"","ocean_menu_typo_transform":"","ocean_menu_typo_transform_tablet":"","ocean_menu_typo_transform_mobile":"","ocean_menu_typo_line_height":0,"ocean_menu_typo_line_height_tablet":0,"ocean_menu_typo_line_height_mobile":0,"ocean_menu_typo_line_height_unit":"","ocean_menu_typo_spacing":0,"ocean_menu_typo_spacing_tablet":0,"ocean_menu_typo_spacing_mobile":0,"ocean_menu_typo_spacing_unit":"","ocean_menu_link_color":"","ocean_menu_link_color_hover":"","ocean_menu_link_color_active":"","ocean_menu_link_background":"","ocean_menu_link_hover_background":"","ocean_menu_link_active_background":"","ocean_menu_social_links_bg":"","ocean_menu_social_hover_links_bg":"","ocean_menu_social_links_color":"","ocean_menu_social_hover_links_color":"","ocean_disable_title":"default","ocean_disable_heading":"default","ocean_post_title":"","ocean_post_subheading":"","ocean_post_title_style":"","ocean_post_title_background_color":"","ocean_post_title_background":0,"ocean_post_title_bg_image_position":"","ocean_post_title_bg_image_attachment":"","ocean_post_title_bg_image_repeat":"","ocean_post_title_bg_image_size":"","ocean_post_title_height":0,"ocean_post_title_bg_overlay":0.5,"ocean_post_title_bg_overlay_color":"","ocean_disable_breadcrumbs":"default","ocean_breadcrumbs_color":"","ocean_breadcrumbs_separator_color":"","ocean_breadcrumbs_links_color":"","ocean_breadcrumbs_links_hover_color":"","ocean_display_footer_widgets":"default","ocean_display_footer_bottom":"default","ocean_custom_footer_template":"0","ofc_meta_disable_footer_callout":"","ofc_meta_callout_button_url":"","ofc_meta_callout_button_txt":"","ofc_meta_callout_text":"","osh_disable_topbar_sticky":"default","osh_disable_header_sticky":"default","osh_sticky_header_style":"default","osh_sticky_header_effect":"","osh_custom_sticky_logo":0,"osh_custom_retina_sticky_logo":0,"osh_custom_sticky_logo_height":0,"osh_background_color":"","osh_links_color":"","osh_links_hover_color":"","osh_links_active_color":"","osh_links_bg_color":"","osh_links_hover_bg_color":"","osh_links_active_bg_color":"","osh_menu_social_links_color":"","osh_menu_social_hover_links_color":"","footnotes":""},"class_list":["post-91422","page","type-page","status-publish","has-post-thumbnail","hentry","entry","has-media"],"jetpack_sharing_enabled":true,"jetpack_likes_enabled":true,"jetpack-related-posts":[],"jetpack_shortlink":"https:\/\/wp.me\/Pe7Cu3-nMy","_links":{"self":[{"href":"https:\/\/www.balticmedia.com\/lv\/wp-json\/wp\/v2\/pages\/91422","targetHints":{"allow":["GET"]}}],"collection":[{"href":"https:\/\/www.balticmedia.com\/lv\/wp-json\/wp\/v2\/pages"}],"about":[{"href":"https:\/\/www.balticmedia.com\/lv\/wp-json\/wp\/v2\/types\/page"}],"author":[{"embeddable":true,"href":"https:\/\/www.balticmedia.com\/lv\/wp-json\/wp\/v2\/users\/2"}],"replies":[{"embeddable":true,"href":"https:\/\/www.balticmedia.com\/lv\/wp-json\/wp\/v2\/comments?post=91422"}],"version-history":[{"count":4,"href":"https:\/\/www.balticmedia.com\/lv\/wp-json\/wp\/v2\/pages\/91422\/revisions"}],"predecessor-version":[{"id":135818,"href":"https:\/\/www.balticmedia.com\/lv\/wp-json\/wp\/v2\/pages\/91422\/revisions\/135818"}],"up":[{"embeddable":true,"href":"https:\/\/www.balticmedia.com\/lv\/wp-json\/wp\/v2\/pages\/11467"}],"wp:featuredmedia":[{"embeddable":true,"href":"https:\/\/www.balticmedia.com\/lv\/wp-json\/wp\/v2\/media\/133857"}],"wp:attachment":[{"href":"https:\/\/www.balticmedia.com\/lv\/wp-json\/wp\/v2\/media?parent=91422"}],"curies":[{"name":"wp","href":"https:\/\/api.w.org\/{rel}","templated":true}]}}