{"id":84521,"date":"2022-04-12T14:33:31","date_gmt":"2022-04-12T11:33:31","guid":{"rendered":"https:\/\/www.balticmedia.com\/?page_id=84521"},"modified":"2025-03-29T21:21:32","modified_gmt":"2025-03-29T19:21:32","slug":"valodu-macibu-centra-administrators","status":"publish","type":"page","link":"https:\/\/www.balticmedia.com\/lv\/tulkotaji-tulki\/vakances-te-ir-darbs\/valodu-macibu-centra-administrators\/","title":{"rendered":"Valodu m\u0101c\u012bbu centra administrators"},"content":{"rendered":"<div id=\"pl-84521\"  class=\"panel-layout\" ><div id=\"pg-84521-0\"  class=\"panel-grid panel-no-style\" ><div id=\"pgc-84521-0-0\"  class=\"panel-grid-cell\" ><div id=\"panel-84521-0-0-0\" class=\"so-panel widget widget_sow-image panel-first-child panel-last-child widgetopts-SO\" data-index=\"0\" ><div\n\t\t\t\n\t\t\tclass=\"so-widget-sow-image so-widget-sow-image-default-8b5b6f678277-84521\"\n\t\t\t\n\t\t>\n<div class=\"sow-image-container\">\n\t\t<img src=\"https:\/\/i0.wp.com\/www.balticmedia.com\/wp-content\/uploads\/4price_and_quality-scaled-1.jpg?fit=2560%2C549&amp;ssl=1\" width=\"2560\" height=\"549\" srcset=\"https:\/\/i0.wp.com\/www.balticmedia.com\/wp-content\/uploads\/4price_and_quality-scaled-1.jpg?w=2560&amp;ssl=1 2560w, https:\/\/i0.wp.com\/www.balticmedia.com\/wp-content\/uploads\/4price_and_quality-scaled-1.jpg?resize=300%2C64&amp;ssl=1 300w, https:\/\/i0.wp.com\/www.balticmedia.com\/wp-content\/uploads\/4price_and_quality-scaled-1.jpg?resize=1024%2C220&amp;ssl=1 1024w, https:\/\/i0.wp.com\/www.balticmedia.com\/wp-content\/uploads\/4price_and_quality-scaled-1.jpg?resize=768%2C165&amp;ssl=1 768w, https:\/\/i0.wp.com\/www.balticmedia.com\/wp-content\/uploads\/4price_and_quality-scaled-1.jpg?resize=1536%2C329&amp;ssl=1 1536w, https:\/\/i0.wp.com\/www.balticmedia.com\/wp-content\/uploads\/4price_and_quality-scaled-1.jpg?resize=2048%2C439&amp;ssl=1 2048w, https:\/\/i0.wp.com\/www.balticmedia.com\/wp-content\/uploads\/4price_and_quality-scaled-1.jpg?w=2400&amp;ssl=1 2400w\" title=\"Valodu m\u0101c\u012bbu centra administrators\" alt=\"Valodu m\u0101c\u012bbu centra administrators\" class=\"so-widget-image\">\n\t<\/div>\n\n<\/div><\/div><\/div><\/div><div id=\"pg-84521-1\"  class=\"panel-grid panel-no-style\" ><div id=\"pgc-84521-1-0\"  class=\"panel-grid-cell\" ><div id=\"panel-84521-1-0-0\" class=\"so-panel widget widget_sow-editor panel-first-child extendedwopts-hide extendedwopts-tablet extendedwopts-mobile widgetopts-SO\" data-index=\"1\" ><div\n\t\t\t\n\t\t\tclass=\"so-widget-sow-editor so-widget-sow-editor-base\"\n\t\t\t\n\t\t>\n<div class=\"siteorigin-widget-tinymce textwidget\">\n\t<pre><form aria-label=\"Search this website\" role=\"search\" method=\"get\" class=\"oceanwp-searchform\" id=\"searchform\" action=\"https:\/\/www.balticmedia.com\/lv\/\"><input aria-label=\"Insert search query\" type=\"text\" class=\"field\" name=\"s\" id=\"s\" placeholder=\"Mekl\u0113t\"><button aria-label=\"Submit your search\" type=\"submit\" class=\"search-submit\" value=\"\"><i class=\"icon-magnifier\" aria-hidden=\"true\"><\/i><\/button><\/form><\/pre>\n<\/div>\n<\/div><\/div><div id=\"panel-84521-1-0-1\" class=\"so-panel widget widget_ocean_custom_menu widget-oceanwp-custom-menu custom-menu-widget extendedwopts-hide extendedwopts-tablet extendedwopts-mobile widgetopts-SO\" data-index=\"2\" ><div class=\"oceanwp-custom-menu clr ocean_custom_menu-2 left dropdown-hover\"><ul id=\"menu-jobs-lv\" class=\"dropdown-menu sf-menu\"><li  id=\"menu-item-121956\" class=\"menu-item menu-item-type-post_type menu-item-object-page menu-item-121956\"><a href=\"https:\/\/www.balticmedia.com\/lv\/tulkotajs-un-tulks\/\" class=\"menu-link\">Tulkot\u0101js un tulks<\/a><\/li>\n<li  id=\"menu-item-49360\" class=\"menu-item menu-item-type-post_type menu-item-object-page menu-item-49360\"><a href=\"https:\/\/www.balticmedia.com\/lv\/tulkotaji-tulki\/\" class=\"menu-link\">Tulkot\u0101ji un tulki vakances<\/a><\/li>\n<li  id=\"menu-item-49358\" class=\"menu-item menu-item-type-post_type menu-item-object-page menu-item-49358\"><a href=\"https:\/\/www.balticmedia.com\/lv\/tulkotaji-tulki\/darbs-ka-tulkotajam\/\" class=\"menu-link\">Darbs k\u0101 tulkot\u0101jam, tulkam un korektoram<\/a><\/li>\n<li  id=\"menu-item-49359\" class=\"menu-item menu-item-type-post_type menu-item-object-page menu-item-49359\"><a href=\"https:\/\/www.balticmedia.com\/lv\/tulkotaji-tulki\/ierunataji-dubletaji\/\" class=\"menu-link\">Ierun\u0101t\u0101ji un dubl\u0113t\u0101ji<\/a><\/li>\n<li  id=\"menu-item-83354\" class=\"menu-item menu-item-type-post_type menu-item-object-page menu-item-83354\"><a href=\"https:\/\/www.balticmedia.com\/lv\/tulkotaji-tulki\/vakances-te-ir-darbs\/\" class=\"menu-link\">Vakances. Te ir darbs<\/a><\/li>\n<li  id=\"menu-item-84614\" class=\"menu-item menu-item-type-post_type menu-item-object-page menu-item-84614\"><a href=\"https:\/\/www.balticmedia.com\/lv\/tulkotaji-tulki\/vakances-te-ir-darbs\/valodu-skolotaji-lektori\/\" class=\"menu-link\">Valodu skolot\u0101ji | lektori<\/a><\/li>\n<li  id=\"menu-item-84486\" class=\"menu-item menu-item-type-post_type menu-item-object-page menu-item-84486\"><a href=\"https:\/\/www.balticmedia.com\/lv\/tulkotaji-tulki\/vakances-te-ir-darbs\/valodu-macibu-centra-projektu-vaditajs\/\" class=\"menu-link\">Valodu kursu projektu vad\u012bt\u0101js<\/a><\/li>\n<li  id=\"menu-item-84016\" class=\"menu-item menu-item-type-post_type menu-item-object-page menu-item-84016\"><a href=\"https:\/\/www.balticmedia.com\/lv\/tulkotaji-tulki\/vakances-te-ir-darbs\/tulkosanas-projektu-vaditajs\/\" class=\"menu-link\">Tulko\u0161anas projektu vad\u012bt\u0101js<\/a><\/li>\n<li  id=\"menu-item-84436\" class=\"menu-item menu-item-type-post_type menu-item-object-page menu-item-84436\"><a href=\"https:\/\/www.balticmedia.com\/lv\/tulkotaji-tulki\/vakances-te-ir-darbs\/zviedru-tulkosanas-projektu-vaditajs\/\" class=\"menu-link\">Zviedru tulko\u0161anas projektu vad\u012bt\u0101js<\/a><\/li>\n<li  id=\"menu-item-84071\" class=\"menu-item menu-item-type-post_type menu-item-object-page menu-item-84071\"><a href=\"https:\/\/www.balticmedia.com\/lv\/tulkotaji-tulki\/vakances-te-ir-darbs\/stata-tulkotajs\/\" class=\"menu-link\">\u0160tata tulkot\u0101js<\/a><\/li>\n<li  id=\"menu-item-84592\" class=\"menu-item menu-item-type-post_type menu-item-object-page menu-item-84592\"><a href=\"https:\/\/www.balticmedia.com\/lv\/tulkotaji-tulki\/vakances-te-ir-darbs\/administrativais-vaditajs\/\" class=\"menu-link\">Administrat\u012bvais vad\u012bt\u0101js<\/a><\/li>\n<li  id=\"menu-item-84495\" class=\"menu-item menu-item-type-post_type menu-item-object-page menu-item-84495\"><a href=\"https:\/\/www.balticmedia.com\/lv\/tulkotaji-tulki\/vakances-te-ir-darbs\/pardosanas-vaditajs\/\" class=\"menu-link\">P\u0101rdo\u0161anas vad\u012bt\u0101js<\/a><\/li>\n<li  id=\"menu-item-84141\" class=\"menu-item menu-item-type-post_type menu-item-object-page menu-item-84141\"><a href=\"https:\/\/www.balticmedia.com\/lv\/tulkotaji-tulki\/vakances-te-ir-darbs\/latviesu-valodas-pasniedzejs\/\" class=\"menu-link\">Latvie\u0161u valodas pasniedz\u0113js<\/a><\/li>\n<li  id=\"menu-item-84504\" class=\"menu-item menu-item-type-post_type menu-item-object-page menu-item-84504\"><a href=\"https:\/\/www.balticmedia.com\/lv\/tulkotaji-tulki\/vakances-te-ir-darbs\/biroja-administrators\/\" class=\"menu-link\">Biroja administrators &#8211; tulko\u0161anas projektu vad\u012bt\u0101js<\/a><\/li>\n<li  id=\"menu-item-84157\" class=\"menu-item menu-item-type-post_type menu-item-object-page menu-item-84157\"><a href=\"https:\/\/www.balticmedia.com\/lv\/tulkotaji-tulki\/vakances-te-ir-darbs\/praktikanti\/\" class=\"menu-link\">Praktikanti<\/a><\/li>\n<li  id=\"menu-item-84576\" class=\"menu-item menu-item-type-post_type menu-item-object-page menu-item-84576\"><a href=\"https:\/\/www.balticmedia.com\/lv\/tulkotaji-tulki\/vakances-te-ir-darbs\/valodu-macibu-centra-administrators\/\" class=\"menu-link\">Valodu m\u0101c\u012bbu centra administrators<\/a><\/li>\n<li  id=\"menu-item-85775\" class=\"menu-item menu-item-type-post_type menu-item-object-page menu-item-85775\"><a href=\"https:\/\/www.balticmedia.com\/lv\/kursi-komunikacija\/\" class=\"menu-link\">Kursi komunik\u0101cij\u0101<\/a><\/li>\n<li  id=\"menu-item-101227\" class=\"menu-item menu-item-type-post_type menu-item-object-page menu-item-101227\"><a href=\"https:\/\/www.balticmedia.com\/lv\/vietnes-karte\/\" class=\"menu-link\">Vietnes karte<\/a><\/li>\n<li  id=\"menu-item-127254\" class=\"menu-item menu-item-type-post_type menu-item-object-page menu-item-127254\"><a href=\"https:\/\/www.balticmedia.com\/lv\/tulkosana\/\" class=\"menu-link\">Tulko\u0161ana<\/a><\/li>\n<li  id=\"menu-item-129662\" class=\"menu-item menu-item-type-post_type menu-item-object-page menu-item-129662\"><a href=\"https:\/\/www.balticmedia.com\/lv\/tulkojumi\/\" class=\"menu-link\">Tulkojumi un Tulko\u0161anas Pakalpojumi<\/a><\/li>\n<li  id=\"menu-item-133086\" class=\"menu-item menu-item-type-post_type menu-item-object-page menu-item-133086\"><a href=\"https:\/\/www.balticmedia.com\/lv\/gramatu-tulkosana\/\" class=\"menu-link\">Gr\u0101matu tulko\u0161ana | Liter\u0101r\u0101 &#8211; dai\u013cliterat\u016bras tulko\u0161ana<\/a><\/li>\n<\/ul><\/div><\/div><div id=\"panel-84521-1-0-2\" class=\"so-panel widget widget_ocean_custom_menu widget-oceanwp-custom-menu custom-menu-widget panel-last-child extendedwopts-hide extendedwopts-tablet extendedwopts-mobile widgetopts-SO\" data-index=\"3\" ><div class=\"oceanwp-custom-menu clr ocean_custom_menu-2 left dropdown-hover\"><ul id=\"menu-partneri-lv\" class=\"dropdown-menu sf-menu\"><li  id=\"menu-item-11565\" class=\"menu-item menu-item-type-custom menu-item-object-custom menu-item-11565\"><a target=\"_blank\" href=\"https:\/\/balticmedia.s.xtrf.eu\/vendors\/#\/sign-in\" class=\"menu-link\" rel=\"nofollow noopener\"><i class=\"icon before line-icon icon-briefcase\" aria-hidden=\"true\" style=\"font-size:2em;\"><\/i><span class=\"menu-text\">Partneru port\u0101ls<\/span><\/a><\/li>\n<li  id=\"menu-item-11671\" class=\"menu-item menu-item-type-custom menu-item-object-custom menu-item-11671\"><a target=\"_blank\" href=\"https:\/\/www.balticmedia.com\/wp-content\/uploads\/11-Reasons-to-Choose-Baltic-Media-2026.pdf\" class=\"menu-link\"><i class=\"icon before line-icon icon-people\" aria-hidden=\"true\" style=\"font-size:2em;\"><\/i><span class=\"menu-text\">Baltic Media uz\u0146\u0113muma PDF profils<\/span><\/a><\/li>\n<li  id=\"menu-item-11672\" class=\"menu-item menu-item-type-custom menu-item-object-custom menu-item-11672\"><a target=\"_blank\" href=\"https:\/\/www.balticmedia.com\/wp-content\/uploads\/tulkojumu-birojs-lv.pdf\" class=\"menu-link\"><i class=\"icon before line-icon icon-organization\" aria-hidden=\"true\" style=\"font-size:2em;\"><\/i><span class=\"menu-text\">Tulkojumi. Soli pa solim<\/span><\/a><\/li>\n<li  id=\"menu-item-11709\" class=\"menu-item menu-item-type-custom menu-item-object-custom menu-item-11709\"><a target=\"_blank\" href=\"https:\/\/www.balticmedia.com\/wp-content\/uploads\/Baltic-Media-Ltd-Pakalpojumu-sniegsanas-noteikumi-LV.pdf\" class=\"menu-link\"><i class=\"icon before line-icon icon-docs\" aria-hidden=\"true\" style=\"font-size:2em;\"><\/i><span class=\"menu-text\">Tulko\u0161anas pakalpojumu snieg\u0161anas noteikumi<\/span><\/a><\/li>\n<li  id=\"menu-item-11710\" class=\"menu-item menu-item-type-custom menu-item-object-custom menu-item-11710\"><a target=\"_blank\" href=\"https:\/\/www.balticmedia.com\/wp-content\/uploads\/iSO-certificate-2023.png\" class=\"menu-link\"><i class=\"icon before line-icon icon-doc\" aria-hidden=\"true\" style=\"font-size:2em;\"><\/i><span class=\"menu-text\">ISO 9001:2015 Quality Certification<\/span><\/a><\/li>\n<li  id=\"menu-item-11723\" class=\"menu-item menu-item-type-custom menu-item-object-custom menu-item-11723\"><a target=\"_blank\" href=\"https:\/\/www.balticmedia.com\/wp-content\/uploads\/pazinojums_par_vietnes_balticmedia.com_autortiesbam_lv.pdf\" class=\"menu-link\"><i class=\"icon before line-icon icon-info\" aria-hidden=\"true\" style=\"font-size:2em;\"><\/i><span class=\"menu-text\">Autorties\u012bbas un pre\u010du z\u012bme Baltic Media<sup>\u00ae<\/sup><\/span><\/a><\/li>\n<\/ul><\/div><\/div><\/div><div id=\"pgc-84521-1-1\"  class=\"panel-grid-cell\" ><div id=\"panel-84521-1-1-0\" class=\"so-panel widget widget_sow-editor panel-first-child panel-last-child widgetopts-SO\" data-index=\"4\" ><div\n\t\t\t\n\t\t\tclass=\"so-widget-sow-editor so-widget-sow-editor-base\"\n\t\t\t\n\t\t>\n<div class=\"siteorigin-widget-tinymce textwidget\">\n\t<p><!-- wp:paragraph --><\/p>\n<div class=\"formatedtext\">\n<div class=\"formatedtext\">\n<h1>#Teirdarbs | Vakance | Valodu kursu administrators \/ Projektu vad\u012bt\u0101js<\/h1>\n<h2>Starptautisks valodu pakalpojumu uz\u0146\u0113mums SIA \u201cBaltic Media Ltd\u201d aicina pievienoties savai komandai valodu m\u0101c\u012bbu centra administratoru \/ projektu vad\u012bt\u0101ju.<\/h2>\n<h3 style=\"font-weight: 400;\"><strong>Galvenais uzdevums:<\/strong> sadarb\u012bb\u0101 ar valodu m\u0101c\u012bbu centra vad\u012bt\u0101ju koordin\u0113t uz\u0146\u0113muma valodu kursus.<\/h3>\n<p><img data-recalc-dims=\"1\" loading=\"lazy\" decoding=\"async\" class=\"alignnone size-medium wp-image-62815\" src=\"https:\/\/i0.wp.com\/www.balticmedia.com\/wp-content\/uploads\/balticmedia_logo_512x148.png?resize=300%2C87&#038;ssl=1\" alt=\"Baltic Media Global Language Services\" width=\"300\" height=\"87\" title=\"\"><\/p>\n<p><strong>Nepiecie\u0161ams:<\/strong><\/p>\n<ul>\n<li>Rado\u0161ums, atraktivit\u0101te;<\/li>\n<li>Sp\u0113ja patst\u0101v\u012bgi pl\u0101not uzdoto darbu izpildi, pie\u0146emt l\u0113mumus un risin\u0101t probl\u0113msitu\u0101cijas;<\/li>\n<li>Labas komunik\u0101cijas prasmes;<\/li>\n<li>Sve\u0161valodu zin\u0101\u0161anas.<\/li>\n<\/ul>\n<p style=\"font-weight: 400;\"><strong>Pras\u012bbas kandid\u0101tiem:<\/strong><\/p>\n<ul>\n<li>Vismaz bakalaura gr\u0101ds filolo\u0123ijas vai komunik\u0101cijas, vai ar biznesa vad\u012bbu saist\u012bt\u0101 vai l\u012bdz\u012bg\u0101 nozar\u0113;<\/li>\n<li>Vismaz 1 gada veiksm\u012bga pieredze l\u012bdz\u012bg\u0101 organizatorisk\u0101 darb\u0101;<\/li>\n<li>Tehnisk\u0101 kompetence darb\u0101 ar datoru;<\/li>\n<li>Lieliskas anal\u012btisk\u0101s, komunikat\u012bv\u0101s prasmes;<\/li>\n<li>Pieredze priv\u0101tuz\u0146\u0113muma darb\u0101;<\/li>\n<li>Teicamas valsts un ang\u013cu valodas zin\u0101\u0161anas;<\/li>\n<li>Par priek\u0161roc\u012bbu tiks uzskat\u012btas ar\u012b citu ES valodu zin\u0101\u0161anas.<\/li>\n<li>Pa\u0161iniciat\u012bva, uz rezult\u0101tu orient\u0113ta dom\u0101\u0161ana un augsta atbild\u012bbas saj\u016bta;<\/li>\n<li>Interese par valodu pakalpojumu nozari un v\u0113lme veidot karjeru ilgtermi\u0146\u0101.<\/li>\n<\/ul>\n<p style=\"font-weight: 400;\">Darbam var pieteikties ar\u012b m\u0113r\u0137tiec\u012bgi un ap\u0146\u0113m\u012bgi studenti, ja m\u0101c\u012bbu grafiks at\u013cauj str\u0101d\u0101t pilnu slodzi.<\/p>\n<p style=\"font-weight: 400;\"><strong>Darba pien\u0101kumi:<\/strong><\/p>\n<ul>\n<li>Klientu konsult\u0113\u0161ana pa e-pastu, telefonu par valodu kursu pied\u0101v\u0101jumu;<\/li>\n<li>Valodu kursu projektu vad\u012bba;<\/li>\n<li>M\u0101c\u012bbu l\u012bgumu sagatavo\u0161ana;<\/li>\n<li>Jaunu valodu pasniedz\u0113ju piesaiste;<\/li>\n<li>Soci\u0101lo t\u012bklu kontu uztur\u0113\u0161ana;<\/li>\n<li>Bloga ierakstu veido\u0161ana.<\/li>\n<\/ul>\n<p><strong>M\u0113s pied\u0101v\u0101jam:<\/strong><\/p>\n<ul>\n<li>Ieg\u016bt praktiskas zin\u0101\u0161anas valodu pakalpojumu jom\u0101;<\/li>\n<li>Realiz\u0113t savas idejas un ierosin\u0101jumus;<\/li>\n<li>Darbu multikultur\u0101l\u0101 vid\u0113;<\/li>\n<li>\u0112rtu un m\u016bsdien\u012bgu darba vidi;<\/li>\n<li>Draudz\u012bgu kolekt\u012bvu.<\/li>\n<\/ul>\n<p>Aicin\u0101m pieteikt savu kandidat\u016bru, s\u016btot CV un pieteikuma v\u0113stuli ar nor\u0101di \u201eVakance \u2013 valodu kursu administrators\u201d uz e-pasta adresi: kursi@balticmedia.net<\/p>\n<h3><span style=\"color: #ff0000;\">Vakance aiz\u0146emta!<\/span><\/h3>\n<p style=\"font-weight: 400;\"><strong>Darba laiks: <\/strong>pilna slodze<\/p>\n<p style=\"font-weight: 400;\"><strong>Darba uzs\u0101k\u0161ana:<\/strong> vienojoties<\/p>\n<p style=\"font-weight: 400;\"><strong>Darba vieta:<\/strong> Dzirnavu iela 57, R\u012bga, Latvija<\/p>\n<p>&nbsp;<\/p>\n<table style=\"font-weight: 400;\">\n<tbody>\n<tr>\n<td width=\"601\">SIA Baltic Media Ltd ir vado\u0161s digit\u0101lo valodu pakalpojumu uz\u0146\u0113mums Zieme\u013ceirop\u0101, kas jau 30 gadus specializ\u0113jas tulko\u0161an\u0101 un lokaliz\u0101cij\u0101 glob\u0101liem un re\u0123iona klientiem. M\u0101jas lapa: <a href=\"http:\/\/www.balticmedia.com\/\">www.balticmedia.com<\/a><\/td>\n<\/tr>\n<tr>\n<td width=\"601\">Valodu pakalpojumu nozare ir viena no pasaules digit\u0101l\u0101s ekonomikas stabili augo\u0161\u0101m jom\u0101m, kuras gada apgroz\u012bjums pasaul\u0113 ir ap 40 miljardi eiro, kas ik gadu pieaug par apm\u0113ram 5 procentiem. Pasaul\u0113 137 valst\u012bs ir ap 18 000 valodu pakalpojumu firmu un 60% no t\u0101m ir ar person\u0101lu l\u012bdz 5 darbiniekiem. Nozar\u0113 tie skait\u0101s vid\u0113ji uz\u0146\u0113mumi. Darbs valodu pakalpojumu nozar\u0113 ir perspekt\u012bvs un bezdarbs nozarei netiek prognoz\u0113ts. T\u0101 ir perspekt\u012bva nozare m\u016bsdienu glob\u0101laj\u0101 pasaul\u0113 un digit\u0101laj\u0101 ekonomik\u0101.<\/td>\n<\/tr>\n<tr>\n<td width=\"601\">Baltic Media ir Zviedrij\u0101 dibin\u0101ts uz\u0146\u0113mums, kas 2004. gad\u0101 savu galveno biroju p\u0101rc\u0113la uz R\u012bgu. Ja jums ir tuvs skandin\u0101vu darba un dz\u012bves stils, pat\u012bk str\u0101d\u0101t patst\u0101v\u012bgi, demokr\u0101tisk\u0101 un br\u012bv\u0101 atmosf\u0113r\u0101, pat\u012bk modern\u0101s digit\u0101l\u0101s tehnolo\u0123ijas, tad Baltic Media ir darba vieta tie\u0161i jums.<\/td>\n<\/tr>\n<tr>\n<td width=\"601\">Uz\u0146\u0113mums uzticas person\u0101lam un dod pla\u0161as iesp\u0113jas jebkurai iniciat\u012bvai, lai darbiniekiem patiktu taj\u0101 str\u0101d\u0101t un darbs sag\u0101d\u0101tu prieku un gandar\u012bjumu.<\/td>\n<\/tr>\n<\/tbody>\n<\/table>\n<\/div>\n<\/div>\n<p><!-- \/wp:paragraph --><\/p>\n<\/div>\n<\/div><\/div><\/div><\/div><\/div>","protected":false},"excerpt":{"rendered":"<p>#Teirdarbs | Vakance | Valodu kursu administrators \/ Projektu vad\u012bt\u0101js Starptautisks valodu pakalpojumu uz\u0146\u0113mums SIA \u201cBaltic Media Ltd\u201d aicina pievienoties savai komandai valodu m\u0101c\u012bbu centra administratoru \/ projektu vad\u012bt\u0101ju. Galvenais uzdevums: sadarb\u012bb\u0101 ar valodu m\u0101c\u012bbu centra vad\u012bt\u0101ju koordin\u0113t uz\u0146\u0113muma valodu kursus. Nepiecie\u0161ams: Rado\u0161ums, atraktivit\u0101te; Sp\u0113ja patst\u0101v\u012bgi pl\u0101not uzdoto darbu izpildi, pie\u0146emt l\u0113mumus un risin\u0101t probl\u0113msitu\u0101cijas; [&hellip;]<\/p>\n","protected":false},"author":2,"featured_media":0,"parent":83343,"menu_order":0,"comment_status":"closed","ping_status":"closed","template":"","meta":{"ocean_post_layout":"","ocean_both_sidebars_style":"","ocean_both_sidebars_content_width":0,"ocean_both_sidebars_sidebars_width":0,"ocean_sidebar":"0","ocean_second_sidebar":"0","ocean_disable_margins":"enable","ocean_add_body_class":"","ocean_shortcode_before_top_bar":"","ocean_shortcode_after_top_bar":"","ocean_shortcode_before_header":"","ocean_shortcode_after_header":"","ocean_has_shortcode":"","ocean_shortcode_after_title":"","ocean_shortcode_before_footer_widgets":"","ocean_shortcode_after_footer_widgets":"","ocean_shortcode_before_footer_bottom":"","ocean_shortcode_after_footer_bottom":"","ocean_display_top_bar":"default","ocean_display_header":"default","ocean_header_style":"","ocean_center_header_left_menu":"0","ocean_custom_header_template":"0","ocean_custom_logo":0,"ocean_custom_retina_logo":0,"ocean_custom_logo_max_width":0,"ocean_custom_logo_tablet_max_width":0,"ocean_custom_logo_mobile_max_width":0,"ocean_custom_logo_max_height":0,"ocean_custom_logo_tablet_max_height":0,"ocean_custom_logo_mobile_max_height":0,"ocean_header_custom_menu":"0","ocean_menu_typo_font_family":"0","ocean_menu_typo_font_subset":"","ocean_menu_typo_font_size":0,"ocean_menu_typo_font_size_tablet":0,"ocean_menu_typo_font_size_mobile":0,"ocean_menu_typo_font_size_unit":"px","ocean_menu_typo_font_weight":"","ocean_menu_typo_font_weight_tablet":"","ocean_menu_typo_font_weight_mobile":"","ocean_menu_typo_transform":"","ocean_menu_typo_transform_tablet":"","ocean_menu_typo_transform_mobile":"","ocean_menu_typo_line_height":0,"ocean_menu_typo_line_height_tablet":0,"ocean_menu_typo_line_height_mobile":0,"ocean_menu_typo_line_height_unit":"","ocean_menu_typo_spacing":0,"ocean_menu_typo_spacing_tablet":0,"ocean_menu_typo_spacing_mobile":0,"ocean_menu_typo_spacing_unit":"","ocean_menu_link_color":"","ocean_menu_link_color_hover":"","ocean_menu_link_color_active":"","ocean_menu_link_background":"","ocean_menu_link_hover_background":"","ocean_menu_link_active_background":"","ocean_menu_social_links_bg":"","ocean_menu_social_hover_links_bg":"","ocean_menu_social_links_color":"","ocean_menu_social_hover_links_color":"","ocean_disable_title":"default","ocean_disable_heading":"default","ocean_post_title":"","ocean_post_subheading":"","ocean_post_title_style":"","ocean_post_title_background_color":"","ocean_post_title_background":0,"ocean_post_title_bg_image_position":"","ocean_post_title_bg_image_attachment":"","ocean_post_title_bg_image_repeat":"","ocean_post_title_bg_image_size":"","ocean_post_title_height":0,"ocean_post_title_bg_overlay":0.5,"ocean_post_title_bg_overlay_color":"","ocean_disable_breadcrumbs":"default","ocean_breadcrumbs_color":"","ocean_breadcrumbs_separator_color":"","ocean_breadcrumbs_links_color":"","ocean_breadcrumbs_links_hover_color":"","ocean_display_footer_widgets":"default","ocean_display_footer_bottom":"default","ocean_custom_footer_template":"0","ofc_meta_disable_footer_callout":"","ofc_meta_callout_button_url":"","ofc_meta_callout_button_txt":"","ofc_meta_callout_text":"","osh_disable_topbar_sticky":"default","osh_disable_header_sticky":"default","osh_sticky_header_style":"default","osh_sticky_header_effect":"","osh_custom_sticky_logo":0,"osh_custom_retina_sticky_logo":0,"osh_custom_sticky_logo_height":0,"osh_background_color":"","osh_links_color":"","osh_links_hover_color":"","osh_links_active_color":"","osh_links_bg_color":"","osh_links_hover_bg_color":"","osh_links_active_bg_color":"","osh_menu_social_links_color":"","osh_menu_social_hover_links_color":"","footnotes":""},"class_list":["post-84521","page","type-page","status-publish","hentry","entry"],"jetpack_sharing_enabled":true,"jetpack_likes_enabled":true,"jetpack-related-posts":[],"jetpack_shortlink":"https:\/\/wp.me\/Pe7Cu3-lZf","_links":{"self":[{"href":"https:\/\/www.balticmedia.com\/lv\/wp-json\/wp\/v2\/pages\/84521","targetHints":{"allow":["GET"]}}],"collection":[{"href":"https:\/\/www.balticmedia.com\/lv\/wp-json\/wp\/v2\/pages"}],"about":[{"href":"https:\/\/www.balticmedia.com\/lv\/wp-json\/wp\/v2\/types\/page"}],"author":[{"embeddable":true,"href":"https:\/\/www.balticmedia.com\/lv\/wp-json\/wp\/v2\/users\/2"}],"replies":[{"embeddable":true,"href":"https:\/\/www.balticmedia.com\/lv\/wp-json\/wp\/v2\/comments?post=84521"}],"version-history":[{"count":12,"href":"https:\/\/www.balticmedia.com\/lv\/wp-json\/wp\/v2\/pages\/84521\/revisions"}],"predecessor-version":[{"id":137616,"href":"https:\/\/www.balticmedia.com\/lv\/wp-json\/wp\/v2\/pages\/84521\/revisions\/137616"}],"up":[{"embeddable":true,"href":"https:\/\/www.balticmedia.com\/lv\/wp-json\/wp\/v2\/pages\/83343"}],"wp:attachment":[{"href":"https:\/\/www.balticmedia.com\/lv\/wp-json\/wp\/v2\/media?parent=84521"}],"curies":[{"name":"wp","href":"https:\/\/api.w.org\/{rel}","templated":true}]}}