{"id":28802,"date":"2021-01-30T12:49:28","date_gmt":"2021-01-30T10:49:28","guid":{"rendered":"https:\/\/www.balticmedia.com\/par-mums\/our-values\/"},"modified":"2025-09-29T11:03:16","modified_gmt":"2025-09-29T08:03:16","slug":"musu-vertibas","status":"publish","type":"page","link":"https:\/\/www.balticmedia.com\/lv\/tulkot\/musu-vertibas\/","title":{"rendered":"M\u016bsu v\u0113rt\u012bbas"},"content":{"rendered":"<div id=\"pl-28802\"  class=\"panel-layout\" ><div id=\"pg-28802-0\"  class=\"panel-grid panel-no-style\" ><div id=\"pgc-28802-0-0\"  class=\"panel-grid-cell\" ><div id=\"panel-28802-0-0-0\" class=\"so-panel widget widget_sow-image panel-first-child panel-last-child widgetopts-SO\" data-index=\"0\" ><div\n\t\t\t\n\t\t\tclass=\"so-widget-sow-image so-widget-sow-image-default-6ec9e3772f75-28802\"\n\t\t\t\n\t\t>\n<div class=\"sow-image-container\">\n\t\t<img src=\"https:\/\/i0.wp.com\/www.balticmedia.com\/wp-content\/uploads\/1about_us-scaled-1.jpg?fit=2560%2C549&amp;ssl=1\" width=\"2560\" height=\"549\" srcset=\"https:\/\/i0.wp.com\/www.balticmedia.com\/wp-content\/uploads\/1about_us-scaled-1.jpg?w=2560&amp;ssl=1 2560w, https:\/\/i0.wp.com\/www.balticmedia.com\/wp-content\/uploads\/1about_us-scaled-1.jpg?resize=300%2C64&amp;ssl=1 300w, https:\/\/i0.wp.com\/www.balticmedia.com\/wp-content\/uploads\/1about_us-scaled-1.jpg?resize=1024%2C220&amp;ssl=1 1024w, https:\/\/i0.wp.com\/www.balticmedia.com\/wp-content\/uploads\/1about_us-scaled-1.jpg?resize=768%2C165&amp;ssl=1 768w, https:\/\/i0.wp.com\/www.balticmedia.com\/wp-content\/uploads\/1about_us-scaled-1.jpg?resize=1536%2C329&amp;ssl=1 1536w, https:\/\/i0.wp.com\/www.balticmedia.com\/wp-content\/uploads\/1about_us-scaled-1.jpg?resize=2048%2C439&amp;ssl=1 2048w, https:\/\/i0.wp.com\/www.balticmedia.com\/wp-content\/uploads\/1about_us-scaled-1.jpg?w=2400&amp;ssl=1 2400w\" title=\"valodu pakalpojumi\" alt=\"valodu pakalpojumi\" class=\"so-widget-image\">\n\t<\/div>\n\n<\/div><\/div><\/div><\/div><div id=\"pg-28802-1\"  class=\"panel-grid panel-no-style\" ><div id=\"pgc-28802-1-0\"  class=\"panel-grid-cell\" ><div id=\"panel-28802-1-0-0\" class=\"so-panel widget widget_sow-editor panel-first-child widgetopts-SO\" data-index=\"1\" ><div\n\t\t\t\n\t\t\tclass=\"so-widget-sow-editor so-widget-sow-editor-base\"\n\t\t\t\n\t\t>\n<div class=\"siteorigin-widget-tinymce textwidget\">\n\t<pre><form aria-label=\"Search this website\" role=\"search\" method=\"get\" class=\"oceanwp-searchform\" id=\"searchform\" action=\"https:\/\/www.balticmedia.com\/lv\/\"><input aria-label=\"Insert search query\" type=\"text\" class=\"field\" name=\"s\" id=\"s\" placeholder=\"Mekl\u0113t\"><button aria-label=\"Submit your search\" type=\"submit\" class=\"search-submit\" value=\"\"><i class=\"icon-magnifier\" aria-hidden=\"true\"><\/i><\/button><\/form><\/pre>\n<\/div>\n<\/div><\/div><div id=\"panel-28802-1-0-1\" class=\"so-panel widget widget_ocean_custom_menu widget-oceanwp-custom-menu custom-menu-widget widgetopts-SO\" data-index=\"2\" ><div class=\"oceanwp-custom-menu clr ocean_custom_menu-2 left dropdown-hover\"><ul id=\"menu-par-mums\" class=\"dropdown-menu sf-menu\"><li  id=\"menu-item-41166\" class=\"menu-item menu-item-type-post_type menu-item-object-page menu-item-41166\"><a href=\"https:\/\/www.balticmedia.com\/lv\/tulkot\/\" class=\"menu-link\">Tulkot tulko\u0161anas biroj\u0101 Baltic Media &#8211; izcili kvalitat\u012bvi un \u0101tri!<\/a><\/li>\n<li  id=\"menu-item-41170\" class=\"menu-item menu-item-type-post_type menu-item-object-page menu-item-41170\"><a href=\"https:\/\/www.balticmedia.com\/lv\/tulkot\/komanda\/\" class=\"menu-link\">M\u016bsu komanda<\/a><\/li>\n<li  id=\"menu-item-41171\" class=\"menu-item menu-item-type-post_type menu-item-object-page menu-item-41171\"><a href=\"https:\/\/www.balticmedia.com\/lv\/tulkot\/musu-stasts\/\" class=\"menu-link\">M\u016bsu st\u0101sts<\/a><\/li>\n<li  id=\"menu-item-41172\" class=\"menu-item menu-item-type-post_type menu-item-object-page menu-item-41172\"><a href=\"https:\/\/www.balticmedia.com\/lv\/tulkot\/musu-vertibas\/\" class=\"menu-link\">M\u016bsu v\u0113rt\u012bbas<\/a><\/li>\n<li  id=\"menu-item-41169\" class=\"menu-item menu-item-type-post_type menu-item-object-page menu-item-41169\"><a href=\"https:\/\/www.balticmedia.com\/lv\/kas-ir-tulkosanas-birojs\/\" class=\"menu-link\">Kas ir tulko\u0161anas birojs?<\/a><\/li>\n<li  id=\"menu-item-41167\" class=\"menu-item menu-item-type-post_type menu-item-object-page menu-item-41167\"><a href=\"https:\/\/www.balticmedia.com\/lv\/tulkot\/tulkosana-soli-pa-solim\/\" class=\"menu-link\">Tulko\u0161ana soli pa solim | K\u0101 darbojas tulko\u0161anas birojs?<\/a><\/li>\n<li  id=\"menu-item-84375\" class=\"menu-item menu-item-type-post_type menu-item-object-page menu-item-84375\"><a href=\"https:\/\/www.balticmedia.com\/lv\/vislabakais-un-precizakais-tulkotajs-ir-cilveks\/\" class=\"menu-link\">Vislab\u0101kais un prec\u012bz\u0101kais tulkot\u0101js ir cilv\u0113ks<\/a><\/li>\n<li  id=\"menu-item-41168\" class=\"menu-item menu-item-type-post_type menu-item-object-page menu-item-41168\"><a href=\"https:\/\/www.balticmedia.com\/lv\/tulkot\/tulkosanas-birojs-baltic-media\/\" class=\"menu-link\">K\u0101p\u0113c tulkojumu birojs Baltic Media?<\/a><\/li>\n<li  id=\"menu-item-41174\" class=\"menu-item menu-item-type-post_type menu-item-object-page menu-item-41174\"><a href=\"https:\/\/www.balticmedia.com\/lv\/tulkot\/personala-apmaciba-un-saliedesanas\/\" class=\"menu-link\">Person\u0101la apm\u0101c\u012bba un salied\u0113\u0161an\u0101s<\/a><\/li>\n<li  id=\"menu-item-41175\" class=\"menu-item menu-item-type-post_type menu-item-object-page menu-item-41175\"><a href=\"https:\/\/www.balticmedia.com\/lv\/tulkot\/privatuma-politika-un-datu-aizsardziba\/\" class=\"menu-link\">Priv\u0101tuma politika un datu aizsardz\u012bba<\/a><\/li>\n<li  id=\"menu-item-41173\" class=\"menu-item menu-item-type-post_type menu-item-object-page menu-item-41173\"><a href=\"https:\/\/www.balticmedia.com\/lv\/tulkot\/musu-vesture\/\" class=\"menu-link\">M\u016bsu v\u0113sture<\/a><\/li>\n<\/ul><\/div><\/div><div id=\"panel-28802-1-0-2\" class=\"so-panel widget widget_ocean_custom_menu widget-oceanwp-custom-menu custom-menu-widget panel-last-child widgetopts-SO\" data-index=\"3\" ><div class=\"oceanwp-custom-menu clr ocean_custom_menu-2 left dropdown-hover\"><ul id=\"menu-partneri-lv\" class=\"dropdown-menu sf-menu\"><li  id=\"menu-item-11565\" class=\"menu-item menu-item-type-custom menu-item-object-custom menu-item-11565\"><a target=\"_blank\" href=\"https:\/\/balticmedia.s.xtrf.eu\/vendors\/#\/sign-in\" class=\"menu-link\" rel=\"nofollow noopener\"><i class=\"icon before line-icon icon-briefcase\" aria-hidden=\"true\" style=\"font-size:2em;\"><\/i><span class=\"menu-text\">Partneru port\u0101ls<\/span><\/a><\/li>\n<li  id=\"menu-item-11671\" class=\"menu-item menu-item-type-custom menu-item-object-custom menu-item-11671\"><a target=\"_blank\" href=\"https:\/\/www.balticmedia.com\/wp-content\/uploads\/11-Reasons-to-Choose-Baltic-Media-2026.pdf\" class=\"menu-link\"><i class=\"icon before line-icon icon-people\" aria-hidden=\"true\" style=\"font-size:2em;\"><\/i><span class=\"menu-text\">Baltic Media uz\u0146\u0113muma PDF profils<\/span><\/a><\/li>\n<li  id=\"menu-item-11672\" class=\"menu-item menu-item-type-custom menu-item-object-custom menu-item-11672\"><a target=\"_blank\" href=\"https:\/\/www.balticmedia.com\/wp-content\/uploads\/tulkojumu-birojs-lv.pdf\" class=\"menu-link\"><i class=\"icon before line-icon icon-organization\" aria-hidden=\"true\" style=\"font-size:2em;\"><\/i><span class=\"menu-text\">Tulkojumi. Soli pa solim<\/span><\/a><\/li>\n<li  id=\"menu-item-11709\" class=\"menu-item menu-item-type-custom menu-item-object-custom menu-item-11709\"><a target=\"_blank\" href=\"https:\/\/www.balticmedia.com\/wp-content\/uploads\/Baltic-Media-Ltd-Pakalpojumu-sniegsanas-noteikumi-LV.pdf\" class=\"menu-link\"><i class=\"icon before line-icon icon-docs\" aria-hidden=\"true\" style=\"font-size:2em;\"><\/i><span class=\"menu-text\">Tulko\u0161anas pakalpojumu snieg\u0161anas noteikumi<\/span><\/a><\/li>\n<li  id=\"menu-item-11710\" class=\"menu-item menu-item-type-custom menu-item-object-custom menu-item-11710\"><a target=\"_blank\" href=\"https:\/\/www.balticmedia.com\/wp-content\/uploads\/iSO-certificate-2023.png\" class=\"menu-link\"><i class=\"icon before line-icon icon-doc\" aria-hidden=\"true\" style=\"font-size:2em;\"><\/i><span class=\"menu-text\">ISO 9001:2015 Quality Certification<\/span><\/a><\/li>\n<li  id=\"menu-item-11723\" class=\"menu-item menu-item-type-custom menu-item-object-custom menu-item-11723\"><a target=\"_blank\" href=\"https:\/\/www.balticmedia.com\/wp-content\/uploads\/pazinojums_par_vietnes_balticmedia.com_autortiesbam_lv.pdf\" class=\"menu-link\"><i class=\"icon before line-icon icon-info\" aria-hidden=\"true\" style=\"font-size:2em;\"><\/i><span class=\"menu-text\">Autorties\u012bbas un pre\u010du z\u012bme Baltic Media<sup>\u00ae<\/sup><\/span><\/a><\/li>\n<\/ul><\/div><\/div><\/div><div id=\"pgc-28802-1-1\"  class=\"panel-grid-cell\" ><div id=\"panel-28802-1-1-0\" class=\"so-panel widget widget_sow-editor panel-first-child panel-last-child widgetopts-hide_title widgetopts-SO\" data-index=\"4\" ><div\n\t\t\t\n\t\t\tclass=\"so-widget-sow-editor so-widget-sow-editor-base\"\n\t\t\t\n\t\t><h3 class=\"widget-title\">Pamatv\u0113rt\u012bbas<\/h3>\n<div class=\"siteorigin-widget-tinymce textwidget\">\n\t<h1><strong>Valodu pakalpojumu uz\u0146\u0113mums Baltic Media | Pamatv\u0113rt\u012bbas <\/strong><\/h1>\n<h2><strong>ISO sertific\u0113ts tulko\u0161anas birojs un valodu skola Baltic Media\u00a0<\/strong><\/h2>\n<p><img data-recalc-dims=\"1\" loading=\"lazy\" decoding=\"async\" class=\"alignnone wp-image-1474 size-medium\" src=\"https:\/\/i0.wp.com\/www.balticmedia.com\/wp-content\/uploads\/BM-logo-328x90-web-2.jpg?resize=300%2C82&#038;ssl=1\" alt=\"Valodu pakalpojumu uz\u0146\u0113mums Baltic Media | Pamatv\u0113rt\u012bbas\nISO sertific\u0113ts tulko\u0161anas birojs un valodu skola Baltic Media\u00a0\" width=\"300\" height=\"82\" srcset=\"https:\/\/i0.wp.com\/www.balticmedia.com\/wp-content\/uploads\/BM-logo-328x90-web-2-e1732657723740.jpg?resize=300%2C82&amp;ssl=1 300w, https:\/\/i0.wp.com\/www.balticmedia.com\/wp-content\/uploads\/BM-logo-328x90-web-2-e1732657723740.jpg?w=328&amp;ssl=1 328w\" sizes=\"auto, (max-width: 300px) 100vw, 300px\" title=\"\"><\/p>\n<p>Valodu pakalpojumu birojs Baltic Media\u00a0 sav\u0101 darb\u012bb\u0101 iev\u0113ro \u0161\u0101das\u00a0<strong>pamatv\u0113rt\u012bbas<\/strong>:<\/p>\n<ul>\n<li>Baltic Media par svar\u012bgu savu misiju uzskata klientu intere\u0161u respekt\u0113\u0161anu, sniedzot tiem profesion\u0101lus,\u00a0<a href=\"https:\/\/www.balticmedia.com\/lv\/par-mums\/tulkosana-soli-pa-solim\/\">kvalitat\u012bvus un \u0101trus pakalpojumus<\/a>. B\u016bt pieejamiem un izprast klientu vajadz\u012bbas. M\u016bsu klientam ir j\u0101j\u016bt, ka uz\u00a0<a href=\"https:\/\/www.balticmedia.com\/lv\/par-mums\/kapec-izveleties-iso-sertificeto-tulkosanas-biroju-baltic-media\/\">tulko\u0161anas biroju Baltic Media Ltd. var pa\u013cauties.<\/a><\/li>\n<li>Baltic Media par svar\u012bgu m\u0113r\u0137i uzskata ilglaic\u012bgu attiec\u012bbu veido\u0161anu ar klientiem, klientu \u201cizgl\u012bto\u0161anu\u201d par vi\u0146u pirkto pakalpojumu specifiku un\u00a0<a href=\"https:\/\/www.balticmedia.com\/lv\/par-mums\/tulkosana-soli-pa-solim\/\">kvalit\u0101tes nodro\u0161in\u0101\u0161anas procesu.<\/a><\/li>\n<li>Baltic Media par svar\u012bgu uzskata progres\u012bvas, demokr\u0101tiskas un tirgus apst\u0101k\u013ciem piem\u0113rotas darba vides nodro\u0161in\u0101\u0161anu un augstas darba kult\u016bras veicin\u0101\u0161ana uz\u0146\u0113mum\u0101.<\/li>\n<li>Baltic Media cen\u0161as respekt\u0113t darbinieku un pieg\u0101d\u0101t\u0101ju v\u0113lmes, izturoties pret tiem ar cie\u0146u, garant\u0113jot kvalifik\u0101cijas pilnveido\u0161anas un izaugsmes iesp\u0113jas, pozit\u012bvi orient\u0113jot soci\u0101lo vidi, respekt\u0113jot katra darbinieka un\u00a0<a href=\"https:\/\/www.balticmedia.com\/lv\/tulkosanas-pakalpojumi-baltic-media\/\">pieg\u0101d\u0101t\u0101ja\u00a0<\/a>person\u012bbu.<\/li>\n<\/ul>\n<p><img data-recalc-dims=\"1\" loading=\"lazy\" decoding=\"async\" class=\"alignnone wp-image-136174 size-large\" src=\"https:\/\/i0.wp.com\/www.balticmedia.com\/wp-content\/uploads\/baltic_media_ltd_lighthouse.jpg?resize=797%2C504&#038;ssl=1\" alt=\"Valodu pakalpojumu uz\u0146\u0113mums Baltic Media | Pamatv\u0113rt\u012bbas\nISO sertific\u0113ts tulko\u0161anas birojs un valodu skola Baltic Media\u00a0\" width=\"797\" height=\"504\" title=\"\"><\/p>\n<p>Baltic Media Ltd. cen\u0161as, lai ne tikai klientiem, bet ar\u012b darbiniekiem un pieg\u0101d\u0101t\u0101jiem b\u016btu pat\u012bkami str\u0101d\u0101t un sadarboties ar m\u016bsu uz\u0146\u0113mumu.<\/p>\n<p>Baltic Media Ltd.pied\u0101v\u0101tie pakalpojumi tiek organiz\u0113ti t\u0101, lai piel\u0101gotos klientu vajadz\u012bb\u0101m. Viena no b\u016btisk\u0101kaj\u0101m vajadz\u012bb\u0101m ir \u0101trs serviss. Ar mums var sazin\u0101ties \u0101rpus parast\u0101 darba laika.<\/p>\n<p><strong>Kvalit\u0101te un \u0101trums\u00a0<\/strong>\u2013 divi svar\u012bgi faktori, k\u0101p\u0113c klienti uzticas Baltic Media Ltd.<\/p>\n<h2>Tulko\u0161anas birojs Baltic Media<sup>\u00ae<\/sup> Zieme\u013ceirop\u0101<\/h2>\r\n<p><strong>Tulko\u0161anas birojs Baltic Media<sup>\u00ae<\/sup><\/strong> ir vado\u0161ais <strong>valodu pakalpojumu<\/strong> uz\u0146\u0113mums Zieme\u013ceirop\u0101, kas nodro\u0161ina digit\u0101l\u0101s (online) <strong>tulko\u0161anas <\/strong>un <strong>lokaliz\u0101cijas<\/strong>, k\u0101 ar\u012b <strong>valodu apm\u0101c\u012bbas<\/strong> <strong>pakalpojumus<\/strong> un specializ\u0113jies Zieme\u013cvalstu un Baltijas valstu valod\u0101s. T\u0101 galven\u0101 specializ\u0101cija ir <strong>tulkojumi no\/uz <\/strong><strong>Zieme\u013ceiropas (tostarp skandin\u0101vu, baltu un sl\u0101vu) valod\u0101m<\/strong><strong>.<\/strong> P\u0101rsvar\u0101 tie <strong>ir <\/strong><strong>tulkojumi no zviedru<\/strong><strong>, <\/strong><strong>somu,<\/strong> <strong>d\u0101\u0146u<\/strong><strong>, <\/strong><strong>\u012bslandie\u0161u<\/strong><strong>, <\/strong><strong>norv\u0113\u0123u<\/strong><strong>, <\/strong><strong>f\u0113ru<\/strong><strong>, <\/strong><strong>v\u0101cu<\/strong><strong>, <\/strong><strong>ang\u013cu<\/strong><strong>, <\/strong><strong>po\u013cu<\/strong><strong>, <\/strong><strong>krievu,<\/strong> <strong>latvie\u0161u<\/strong><strong>, <\/strong><strong>lietuvie\u0161u<\/strong><strong> un <\/strong><strong>igau\u0146u valodas<\/strong><strong>,<\/strong> un uz min\u0113taj\u0101m valod\u0101m.<\/p>\r\n<p>K\u0101 ISO sertific\u0113ts valodu pakalpojumu sniedz\u0113js Baltic Media<sup>\u00ae<\/sup> tulko\u0161anas birojs pied\u0101v\u0101 cilv\u0113ka veiktus tulkojumus uz\u0146\u0113mumiem, valsts iest\u0101d\u0113m un priv\u0101tperson\u0101m.<\/p>\n<h3><a href=\"\/lv\/par-mums\/kapec-izveleties-iso-sertificeto-tulkosanas-biroju-baltic-media\/\">K\u0101p\u0113c tulko\u0161anas birojs\u00a0Baltic Media<sup>\u00ae<\/sup> ir j\u016bsu lab\u0101k\u0101 izv\u0113le?<\/a><\/h3>\r\n<h3><a href=\"https:\/\/www.balticmedia.com\/lv\/cenas\/\">K\u0101 samazin\u0101t j\u016bsu tulko\u0161anas izmaksas, neupur\u0113jot kvalit\u0101ti?<\/a><\/h3>\r\n<h3><a href=\"\/lv\/par-mums\/vislabakais-un-precizakais-tulkotajs-ir-cilveks\/\">K\u0101p\u0113c vajadz\u0113tu izv\u0113l\u0113ties profesion\u0101lus tulkot\u0101jus?<\/a><\/h3>\r\n<h3><a href=\"\/lv\/tulkosanas-pakalpojumi-baltic-media\/masintulkosana-ar-redigesanu\/\">Tulkot ar Tilde, Hugo, Google un redi\u0123\u0113t pie mums | Vado\u0161ais Zieme\u013ceiropas valodu pakalpojumu sniedz\u0113js Latvij\u0101 | Tulko\u0161anas birojs Baltic Media<sup>\u00ae<\/sup><\/a><\/h3>\r\n<h3><a href=\"\/lv\/cenas-pieprasijums\/\">Sa\u0146em vislab\u0101ko cenas pied\u0101v\u0101jumu 15 min\u016bt\u0113s<\/a><\/h3>\r\n<h3><a href=\"\/lv\/kontaktforma\/\">Inform\u0101cijas piepras\u012bjums<\/a><\/h3>\r\n<h3><a href=\"mailto:info@balticmedia.com\">E-pasts<\/a><\/h3>\n<p><iframe loading=\"lazy\" title=\"YouTube video player\" src=\"https:\/\/www.youtube.com\/embed\/3qWsotRdGkg\" width=\"600\" height=\"450\" frameborder=\"0\" allowfullscreen=\"allowfullscreen\"><\/iframe><\/p>\n<\/div>\n<\/div><\/div><\/div><\/div><\/div>","protected":false},"excerpt":{"rendered":"<p>Valodu pakalpojumu uz\u0146\u0113mums Baltic Media | Pamatv\u0113rt\u012bbas ISO sertific\u0113ts tulko\u0161anas birojs un valodu skola Baltic Media\u00a0 Valodu pakalpojumu birojs Baltic Media\u00a0 sav\u0101 darb\u012bb\u0101 iev\u0113ro \u0161\u0101das\u00a0pamatv\u0113rt\u012bbas: Baltic Media par svar\u012bgu savu misiju uzskata klientu intere\u0161u respekt\u0113\u0161anu, sniedzot tiem profesion\u0101lus,\u00a0kvalitat\u012bvus un \u0101trus pakalpojumus. B\u016bt pieejamiem un izprast klientu vajadz\u012bbas. M\u016bsu klientam ir j\u0101j\u016bt, ka uz\u00a0tulko\u0161anas biroju Baltic [&hellip;]<\/p>\n","protected":false},"author":2,"featured_media":135478,"parent":8209,"menu_order":0,"comment_status":"closed","ping_status":"closed","template":"","meta":{"ocean_post_layout":"","ocean_both_sidebars_style":"","ocean_both_sidebars_content_width":0,"ocean_both_sidebars_sidebars_width":0,"ocean_sidebar":"0","ocean_second_sidebar":"0","ocean_disable_margins":"enable","ocean_add_body_class":"","ocean_shortcode_before_top_bar":"","ocean_shortcode_after_top_bar":"","ocean_shortcode_before_header":"","ocean_shortcode_after_header":"","ocean_has_shortcode":"","ocean_shortcode_after_title":"","ocean_shortcode_before_footer_widgets":"","ocean_shortcode_after_footer_widgets":"","ocean_shortcode_before_footer_bottom":"","ocean_shortcode_after_footer_bottom":"","ocean_display_top_bar":"default","ocean_display_header":"default","ocean_header_style":"","ocean_center_header_left_menu":"0","ocean_custom_header_template":"0","ocean_custom_logo":0,"ocean_custom_retina_logo":0,"ocean_custom_logo_max_width":0,"ocean_custom_logo_tablet_max_width":0,"ocean_custom_logo_mobile_max_width":0,"ocean_custom_logo_max_height":0,"ocean_custom_logo_tablet_max_height":0,"ocean_custom_logo_mobile_max_height":0,"ocean_header_custom_menu":"0","ocean_menu_typo_font_family":"0","ocean_menu_typo_font_subset":"","ocean_menu_typo_font_size":0,"ocean_menu_typo_font_size_tablet":0,"ocean_menu_typo_font_size_mobile":0,"ocean_menu_typo_font_size_unit":"px","ocean_menu_typo_font_weight":"","ocean_menu_typo_font_weight_tablet":"","ocean_menu_typo_font_weight_mobile":"","ocean_menu_typo_transform":"","ocean_menu_typo_transform_tablet":"","ocean_menu_typo_transform_mobile":"","ocean_menu_typo_line_height":0,"ocean_menu_typo_line_height_tablet":0,"ocean_menu_typo_line_height_mobile":0,"ocean_menu_typo_line_height_unit":"","ocean_menu_typo_spacing":0,"ocean_menu_typo_spacing_tablet":0,"ocean_menu_typo_spacing_mobile":0,"ocean_menu_typo_spacing_unit":"","ocean_menu_link_color":"","ocean_menu_link_color_hover":"","ocean_menu_link_color_active":"","ocean_menu_link_background":"","ocean_menu_link_hover_background":"","ocean_menu_link_active_background":"","ocean_menu_social_links_bg":"","ocean_menu_social_hover_links_bg":"","ocean_menu_social_links_color":"","ocean_menu_social_hover_links_color":"","ocean_disable_title":"default","ocean_disable_heading":"default","ocean_post_title":"","ocean_post_subheading":"","ocean_post_title_style":"","ocean_post_title_background_color":"","ocean_post_title_background":0,"ocean_post_title_bg_image_position":"","ocean_post_title_bg_image_attachment":"","ocean_post_title_bg_image_repeat":"","ocean_post_title_bg_image_size":"","ocean_post_title_height":0,"ocean_post_title_bg_overlay":0.5,"ocean_post_title_bg_overlay_color":"","ocean_disable_breadcrumbs":"default","ocean_breadcrumbs_color":"","ocean_breadcrumbs_separator_color":"","ocean_breadcrumbs_links_color":"","ocean_breadcrumbs_links_hover_color":"","ocean_display_footer_widgets":"default","ocean_display_footer_bottom":"default","ocean_custom_footer_template":"0","ofc_meta_disable_footer_callout":"","ofc_meta_callout_button_url":"","ofc_meta_callout_button_txt":"","ofc_meta_callout_text":"","osh_disable_topbar_sticky":"default","osh_disable_header_sticky":"default","osh_sticky_header_style":"default","osh_sticky_header_effect":"","osh_custom_sticky_logo":0,"osh_custom_retina_sticky_logo":0,"osh_custom_sticky_logo_height":0,"osh_background_color":"","osh_links_color":"","osh_links_hover_color":"","osh_links_active_color":"","osh_links_bg_color":"","osh_links_hover_bg_color":"","osh_links_active_bg_color":"","osh_menu_social_links_color":"","osh_menu_social_hover_links_color":"","footnotes":""},"class_list":["post-28802","page","type-page","status-publish","has-post-thumbnail","hentry","entry","has-media"],"jetpack_sharing_enabled":true,"jetpack_likes_enabled":true,"jetpack-related-posts":[],"jetpack_shortlink":"https:\/\/wp.me\/Pe7Cu3-7uy","_links":{"self":[{"href":"https:\/\/www.balticmedia.com\/lv\/wp-json\/wp\/v2\/pages\/28802","targetHints":{"allow":["GET"]}}],"collection":[{"href":"https:\/\/www.balticmedia.com\/lv\/wp-json\/wp\/v2\/pages"}],"about":[{"href":"https:\/\/www.balticmedia.com\/lv\/wp-json\/wp\/v2\/types\/page"}],"author":[{"embeddable":true,"href":"https:\/\/www.balticmedia.com\/lv\/wp-json\/wp\/v2\/users\/2"}],"replies":[{"embeddable":true,"href":"https:\/\/www.balticmedia.com\/lv\/wp-json\/wp\/v2\/comments?post=28802"}],"version-history":[{"count":13,"href":"https:\/\/www.balticmedia.com\/lv\/wp-json\/wp\/v2\/pages\/28802\/revisions"}],"predecessor-version":[{"id":137465,"href":"https:\/\/www.balticmedia.com\/lv\/wp-json\/wp\/v2\/pages\/28802\/revisions\/137465"}],"up":[{"embeddable":true,"href":"https:\/\/www.balticmedia.com\/lv\/wp-json\/wp\/v2\/pages\/8209"}],"wp:featuredmedia":[{"embeddable":true,"href":"https:\/\/www.balticmedia.com\/lv\/wp-json\/wp\/v2\/media\/135478"}],"wp:attachment":[{"href":"https:\/\/www.balticmedia.com\/lv\/wp-json\/wp\/v2\/media?parent=28802"}],"curies":[{"name":"wp","href":"https:\/\/api.w.org\/{rel}","templated":true}]}}