{"id":128115,"date":"2021-01-28T12:59:16","date_gmt":"2021-01-28T10:59:16","guid":{"rendered":"https:\/\/www.balticmedia.com\/tulkosanas-cenas-pieprasijums\/scan-source-documents\/"},"modified":"2026-02-01T16:45:30","modified_gmt":"2026-02-01T14:45:30","slug":"ka-skenet-dokumentus","status":"publish","type":"page","link":"https:\/\/www.balticmedia.com\/lv\/tulkosanas-cenas-pieprasijums\/ka-skenet-dokumentus\/","title":{"rendered":"K\u0101 sken\u0113t dokumentus ar telefonu tulko\u0161anai"},"content":{"rendered":"<div id=\"pl-128115\"  class=\"panel-layout\" ><div id=\"pg-128115-0\"  class=\"panel-grid panel-no-style\" ><div id=\"pgc-128115-0-0\"  class=\"panel-grid-cell\" ><div id=\"panel-128115-0-0-0\" class=\"so-panel widget widget_sow-image panel-first-child panel-last-child widgetopts-SO\" data-index=\"0\" ><div\n\t\t\t\n\t\t\tclass=\"so-widget-sow-image so-widget-sow-image-default-6ec9e3772f75-128115\"\n\t\t\t\n\t\t>\n<div class=\"sow-image-container\">\n\t\t<img src=\"https:\/\/i0.wp.com\/www.balticmedia.com\/wp-content\/uploads\/scan_documents_with_smartphone_banner_version-1-scaled.jpg?fit=2560%2C882&amp;ssl=1\" width=\"2560\" height=\"882\" srcset=\"https:\/\/i0.wp.com\/www.balticmedia.com\/wp-content\/uploads\/scan_documents_with_smartphone_banner_version-1-scaled.jpg?w=2560&amp;ssl=1 2560w, https:\/\/i0.wp.com\/www.balticmedia.com\/wp-content\/uploads\/scan_documents_with_smartphone_banner_version-1-scaled.jpg?resize=300%2C103&amp;ssl=1 300w, https:\/\/i0.wp.com\/www.balticmedia.com\/wp-content\/uploads\/scan_documents_with_smartphone_banner_version-1-scaled.jpg?resize=1024%2C353&amp;ssl=1 1024w, https:\/\/i0.wp.com\/www.balticmedia.com\/wp-content\/uploads\/scan_documents_with_smartphone_banner_version-1-scaled.jpg?resize=768%2C265&amp;ssl=1 768w, https:\/\/i0.wp.com\/www.balticmedia.com\/wp-content\/uploads\/scan_documents_with_smartphone_banner_version-1-scaled.jpg?resize=1536%2C529&amp;ssl=1 1536w, https:\/\/i0.wp.com\/www.balticmedia.com\/wp-content\/uploads\/scan_documents_with_smartphone_banner_version-1-scaled.jpg?resize=2048%2C706&amp;ssl=1 2048w, https:\/\/i0.wp.com\/www.balticmedia.com\/wp-content\/uploads\/scan_documents_with_smartphone_banner_version-1-scaled.jpg?w=2400&amp;ssl=1 2400w\" title=\"K\u0101 sken\u0113t dokumentus ar telefonu tulko\u0161anai\" alt=\"K\u0101 sken\u0113t dokumentus ar telefonu tulko\u0161anai\" class=\"so-widget-image\">\n\t<\/div>\n\n<\/div><\/div><\/div><\/div><div id=\"pg-128115-1\"  class=\"panel-grid panel-no-style\" ><div id=\"pgc-128115-1-0\"  class=\"panel-grid-cell\" ><div id=\"panel-128115-1-0-0\" class=\"so-panel widget widget_sow-editor panel-first-child extendedwopts-hide extendedwopts-tablet extendedwopts-mobile widgetopts-SO\" data-index=\"1\" ><div\n\t\t\t\n\t\t\tclass=\"so-widget-sow-editor so-widget-sow-editor-base\"\n\t\t\t\n\t\t>\n<div class=\"siteorigin-widget-tinymce textwidget\">\n\t<pre><form aria-label=\"Search this website\" role=\"search\" method=\"get\" class=\"oceanwp-searchform\" id=\"searchform\" action=\"https:\/\/www.balticmedia.com\/lv\/\"><input aria-label=\"Insert search query\" type=\"text\" class=\"field\" name=\"s\" id=\"s\" placeholder=\"Mekl\u0113t\"><button aria-label=\"Submit your search\" type=\"submit\" class=\"search-submit\" value=\"\"><i class=\"icon-magnifier\" aria-hidden=\"true\"><\/i><\/button><\/form><\/pre>\n<\/div>\n<\/div><\/div><div id=\"panel-128115-1-0-1\" class=\"so-panel widget widget_ocean_custom_menu widget-oceanwp-custom-menu custom-menu-widget extendedwopts-hide extendedwopts-tablet extendedwopts-mobile widgetopts-SO\" data-index=\"2\" ><div class=\"oceanwp-custom-menu clr ocean_custom_menu-2 left dropdown-hover\"><ul id=\"menu-price-quote-lv\" class=\"dropdown-menu sf-menu\"><li  id=\"menu-item-67726\" class=\"menu-item menu-item-type-post_type menu-item-object-page menu-item-67726\"><a href=\"https:\/\/www.balticmedia.com\/lv\/tulkosanas-cenas-pieprasijums\/\" class=\"menu-link\">Tulko\u0161anas cenas piepras\u012bjums<\/a><\/li>\n<li  id=\"menu-item-67727\" class=\"menu-item menu-item-type-post_type menu-item-object-page menu-item-67727\"><a href=\"https:\/\/www.balticmedia.com\/lv\/tulkosanas-cenas-pieprasijums\/distances-ligums\/\" class=\"menu-link\">Distances l\u012bgums<\/a><\/li>\n<\/ul><\/div><\/div><div id=\"panel-128115-1-0-2\" class=\"so-panel widget widget_ocean_custom_menu widget-oceanwp-custom-menu custom-menu-widget panel-last-child extendedwopts-hide extendedwopts-tablet extendedwopts-mobile widgetopts-SO\" data-index=\"3\" ><div class=\"oceanwp-custom-menu clr ocean_custom_menu-2 left dropdown-hover\"><ul id=\"menu-partneri-lv\" class=\"dropdown-menu sf-menu\"><li  id=\"menu-item-11565\" class=\"menu-item menu-item-type-custom menu-item-object-custom menu-item-11565\"><a target=\"_blank\" href=\"https:\/\/balticmedia.s.xtrf.eu\/vendors\/#\/sign-in\" class=\"menu-link\" rel=\"nofollow noopener\"><i class=\"icon before line-icon icon-briefcase\" aria-hidden=\"true\" style=\"font-size:2em;\"><\/i><span class=\"menu-text\">Partneru port\u0101ls<\/span><\/a><\/li>\n<li  id=\"menu-item-11671\" class=\"menu-item menu-item-type-custom menu-item-object-custom menu-item-11671\"><a target=\"_blank\" href=\"https:\/\/www.balticmedia.com\/wp-content\/uploads\/11-Reasons-to-Choose-Baltic-Media-2026.pdf\" class=\"menu-link\"><i class=\"icon before line-icon icon-people\" aria-hidden=\"true\" style=\"font-size:2em;\"><\/i><span class=\"menu-text\">Baltic Media uz\u0146\u0113muma PDF profils<\/span><\/a><\/li>\n<li  id=\"menu-item-11672\" class=\"menu-item menu-item-type-custom menu-item-object-custom menu-item-11672\"><a target=\"_blank\" href=\"https:\/\/www.balticmedia.com\/wp-content\/uploads\/tulkojumu-birojs-lv.pdf\" class=\"menu-link\"><i class=\"icon before line-icon icon-organization\" aria-hidden=\"true\" style=\"font-size:2em;\"><\/i><span class=\"menu-text\">Tulkojumi. Soli pa solim<\/span><\/a><\/li>\n<li  id=\"menu-item-11709\" class=\"menu-item menu-item-type-custom menu-item-object-custom menu-item-11709\"><a target=\"_blank\" href=\"https:\/\/www.balticmedia.com\/wp-content\/uploads\/Baltic-Media-Ltd-Pakalpojumu-sniegsanas-noteikumi-LV.pdf\" class=\"menu-link\"><i class=\"icon before line-icon icon-docs\" aria-hidden=\"true\" style=\"font-size:2em;\"><\/i><span class=\"menu-text\">Tulko\u0161anas pakalpojumu snieg\u0161anas noteikumi<\/span><\/a><\/li>\n<li  id=\"menu-item-11710\" class=\"menu-item menu-item-type-custom menu-item-object-custom menu-item-11710\"><a target=\"_blank\" href=\"https:\/\/www.balticmedia.com\/wp-content\/uploads\/iSO-certificate-2023.png\" class=\"menu-link\"><i class=\"icon before line-icon icon-doc\" aria-hidden=\"true\" style=\"font-size:2em;\"><\/i><span class=\"menu-text\">ISO 9001:2015 Quality Certification<\/span><\/a><\/li>\n<li  id=\"menu-item-11723\" class=\"menu-item menu-item-type-custom menu-item-object-custom menu-item-11723\"><a target=\"_blank\" href=\"https:\/\/www.balticmedia.com\/wp-content\/uploads\/pazinojums_par_vietnes_balticmedia.com_autortiesbam_lv.pdf\" class=\"menu-link\"><i class=\"icon before line-icon icon-info\" aria-hidden=\"true\" style=\"font-size:2em;\"><\/i><span class=\"menu-text\">Autorties\u012bbas un pre\u010du z\u012bme Baltic Media<sup>\u00ae<\/sup><\/span><\/a><\/li>\n<\/ul><\/div><\/div><\/div><div id=\"pgc-128115-1-1\"  class=\"panel-grid-cell\" ><div id=\"panel-128115-1-1-0\" class=\"so-panel widget widget_sow-editor panel-first-child panel-last-child widgetopts-hide_title widgetopts-SO\" data-index=\"4\" ><div\n\t\t\t\n\t\t\tclass=\"so-widget-sow-editor so-widget-sow-editor-base\"\n\t\t\t\n\t\t><h3 class=\"widget-title\">K\u0101 sken\u0113t dokumentus ar telefonu tulko\u0161anai<\/h3>\n<div class=\"siteorigin-widget-tinymce textwidget\">\n\t<h1><strong>K\u0101 sken\u0113t dokumentus tulko\u0161anai, izmantojot telefonu\/viedt\u0101lruni vai plan\u0161etdatoru<\/strong><\/h1>\n<p><img data-recalc-dims=\"1\" loading=\"lazy\" decoding=\"async\" class=\"alignnone wp-image-2263 size-full\" src=\"https:\/\/i0.wp.com\/www.balticmedia.com\/wp-content\/uploads\/scan_documents_with_smartphone.jpg?resize=300%2C200&#038;ssl=1\" alt=\"k\u0101 sken\u0113t dokumentus ar viedt\u0101lruni\" width=\"300\" height=\"200\" srcset=\"https:\/\/i0.wp.com\/www.balticmedia.com\/wp-content\/uploads\/scan_documents_with_smartphone.jpg?w=300&amp;ssl=1 300w, https:\/\/i0.wp.com\/www.balticmedia.com\/wp-content\/uploads\/scan_documents_with_smartphone.jpg?resize=272%2C182&amp;ssl=1 272w\" sizes=\"auto, (max-width: 300px) 100vw, 300px\" title=\"\"><\/p>\n<p>Kad nepiecie\u0161ams sken\u0113t<strong> <a href=\"https:\/\/www.balticmedia.com\/lv\/tulkosanas-pakalpojumi\/dokumentu-tulkosana\/\">dokumentu tulko\u0161anai<\/a><\/strong>, j\u016bs varat nemekl\u0113t draugu vai uz\u0146\u0113mumu ar skeneri, jo dokumentus varat sken\u0113t bez maksas, izmantojot viedt\u0101lruni vai plan\u0161etdatoru.<\/p>\n<p>K\u0101 tas darbojas? Programma vai lietotne t\u0101lrun\u012b veic sken\u0113\u0161anu, izmantojot j\u016bsu kameru, un daudzos gad\u012bjumos autom\u0101tiski p\u0101rv\u0113r\u0161 to PDF form\u0101t\u0101. Dokumentu sken\u0113\u0161anai varat izmantot ar\u012b plan\u0161etdatoru, ta\u010du, ja esat ce\u013c\u0101, vis\u0101tr\u0101k un \u0113rt\u0101k ir sken\u0113t ar t\u0101lruni.<\/p>\n<p>Izmantojot iOS ier\u012bci, vari sken\u0113t dokumentus <strong>Notes<\/strong> oper\u0113t\u0101jsist\u0113m\u0101s iOS, iPadOS un macOS 10.14 Mojave vai jaun\u0101k\u0101s versij\u0101s. Sken\u0113\u0161anas laik\u0101 tiek autom\u0101tiski identific\u0113tas lapas malas, atdal\u012btas att\u0113la skices, tiek izveidoti vair\u0101ku lappu\u0161u dokumenti un rezult\u0101ts tiek saglab\u0101ts k\u0101 PDF pielikums piez\u012bm\u0113.<\/p>\n<h3><strong>K\u0101 sken\u0113t un nos\u016bt\u012bt dokumentus tulko\u0161anai ar iPhone<\/strong><\/h3>\n<p><a href=\"https:\/\/i0.wp.com\/www.balticmedia.com\/wp-content\/uploads\/scan-document-with-iphone.png?ssl=1\"><img data-recalc-dims=\"1\" loading=\"lazy\" decoding=\"async\" class=\"alignnone wp-image-9819 size-medium\" src=\"https:\/\/i0.wp.com\/www.balticmedia.com\/wp-content\/uploads\/scan-document-with-iphone.png?resize=169%2C300&#038;ssl=1\" alt=\"Dokumenta sken\u0113\u0161ana ar iPhone\" width=\"169\" height=\"300\" title=\"\"><\/a><\/p>\n<p><strong>T\u0101l\u0101k ir aprakst\u012bti so\u013ci, k\u0101 sken\u0113t dokumentu ar iPhone, izmantojot sken\u0113\u0161anas funkciju Notes:<\/strong><\/p>\n<p>Pieskarieties kameras ikonai (oper\u0113t\u0101jsist\u0113m\u0101 iOS, iesp\u0113jams, b\u016bs j\u0101pieskaras plus pogai, lai to atkl\u0101tu) un izv\u0113lieties Sken\u0113t dokumentus, lai atv\u0113rtu kamerai l\u012bdz\u012bgu skatu mekl\u0113t\u0101ju. P\u0113c noklus\u0113juma skeneris autom\u0101tiski uz\u0146em att\u0113lus, kad tas atpaz\u012bst dokumentu. Darba process ir \u0161\u0101ds:<\/p>\n<ol>\n<li>Atveriet P<strong>iez\u012bmes\/Notes<\/strong>.<\/li>\n<li>Lai izveidotu jaunu piez\u012bmi, pieskarieties<strong>\u00a0ikonai <\/strong>ar z\u012bmuli<strong> kvadr\u0101t\u0101<\/strong>.<\/li>\n<li>Pieskarieties <strong>fotokamerai<\/strong>.<\/li>\n<li>Virs tastat\u016bras tiek par\u0101d\u012bta izv\u0113lne.<\/li>\n<li>Izv\u0113lieties <strong>Sken\u0113t dokumentus<\/strong>.<\/li>\n<li>Novietojiet dokumentu uz l\u012bdzenas virsmas - vislab\u0101k labi apgaismot\u0101 telp\u0101 ar tum\u0161u fonu.<\/li>\n<li>Ievietojiet dokumentu skatu mekl\u0113t\u0101j\u0101, l\u012bdz virs dokumenta par\u0101d\u0101s dzeltens p\u0101rkl\u0101jums un tiek uz\u0146emts att\u0113ls.<\/li>\n<li>To var dar\u012bt ar\u012b turpm\u0101k, lai vair\u0101kas lapas apvienotu vien\u0101 sken\u0113\u0161anas reiz\u0113. Pog\u0101 <strong>Saglab\u0101t<\/strong> iekav\u0101s ir redzams skaitlis, kas nor\u0101da, cik lappu\u0161u ir dokument\u0101.<\/li>\n<li>Kad esat pabeidzis darbu, pieskarieties pie <strong>Saglab\u0101t<\/strong>, un dokuments tiek ievietots piez\u012bm\u0113.<\/li>\n<\/ol>\n<p><strong>Sken\u0113ta dokumenta nos\u016bt\u012b\u0161ana no iPhone<\/strong><br \/>\nKad esat iesken\u0113jis dokumentu un saglab\u0101jis to v\u0113lamaj\u0101 atra\u0161an\u0101s viet\u0101, varat pievienot to e-pasta zi\u0146ojumam un nos\u016bt\u012bt to kop\u0101 k\u0101 jebkuru parastu pielikumu.<\/p>\n<ol>\n<li>E-pasta programm\u0101 s\u0101ciet veidot jaunu e-pasta zi\u0146u. \u0160aj\u0101 zi\u0146ojum\u0101 atlasiet iesp\u0113ju <strong>pievienot pielikumu<\/strong> (bie\u017ei vien tas ir <strong>pap\u012bra saspraudes ikona<\/strong>).<\/li>\n<li>P\u0101rejiet uz vietu, kur\u0101 izv\u0113l\u0113j\u0101ties saglab\u0101t PDF failu, piem\u0113ram, Google Disks vai j\u016bsu ier\u012bce.<\/li>\n<\/ol>\n<p>Ja jums ir gr\u016bt\u012bbas atrast sken\u0113to dokumentu, p\u0101rbaudiet to map\u0113 <strong>Faili<\/strong>. Failu mape ir iOS 11 atjaunin\u0101jum\u0101 par\u0101d\u012bjusies funkcija. Ja map\u0113 Faili ir vair\u0101ki dokumenti, varat izmantot <strong>mekl\u0113\u0161anas<\/strong> opciju, lai p\u0113c faila nosaukuma \u0101tr\u0101k atrastu vajadz\u012bgo failu. Atlasiet dokumentu, kuru v\u0113laties pievienot, un tas ir gatavs nos\u016bt\u012b\u0161anai pa e-pastu.<\/p>\n<h3><strong>K\u0101 sken\u0113t un s\u016bt\u012bt dokumentus ar Android<\/strong><\/h3>\n<p>T\u0101l\u0101k ir aprakst\u012bti so\u013ci, k\u0101 sken\u0113t dokumentu <a href=\"https:\/\/support.google.com\/drive\/answer\/3145835?co=GENIE.Platform%3DAndroid&amp;hl=en\" rel=\"nofollow noopener\" target=\"_blank\">Android t\u0101lrun\u012b, izmantojot Google disku<\/a>:<\/p>\n<ol>\n<li>Atveriet <strong>Google disku<\/strong>.<\/li>\n<li>Pieskarieties <strong>aplim ar +<\/strong> t\u0101 iek\u0161pus\u0113.<\/li>\n<li>Pieskarieties pie <strong>Sken\u0113t<\/strong> (eti\u0137ete ir zem kameras ikonas).<\/li>\n<li>Novietojiet t\u0101lru\u0146a kameru virs sken\u0113jam\u0101 dokumenta un, kad esat gatavs sken\u0113t, piesitiet <strong>zilajai sl\u0113d\u017ea pogai<\/strong>.<\/li>\n<li>Disks autom\u0101tiski atv\u0113rs sken\u0113\u0161anas kopiju. Sken\u0113\u0161anu varat piel\u0101got, izmantojot ekr\u0101na aug\u0161\u0113j\u0101 labaj\u0101 pus\u0113 eso\u0161\u0101s opcijas, lai <strong>apgrieztu<\/strong>, <strong>pagrieztu<\/strong>, <strong>p\u0101rd\u0113v\u0113tu<\/strong> un <strong>piel\u0101gotu kr\u0101su<\/strong>. Kad esat pabeidzis korekcijas, pieskarieties <strong>izv\u0113les z\u012bmei<\/strong>.<\/li>\n<li>Disks par\u0101d\u012bs piel\u0101got\u0101 dokumenta priek\u0161skat\u012bjumu. Ja tas izskat\u0101s labi, v\u0113lreiz piesitiet <strong>izv\u0113les z\u012bmei<\/strong>, un sken\u0113\u0161anas PDF fails autom\u0101tiski tiks aug\u0161upiel\u0101d\u0113ts Google disk\u0101.<\/li>\n<\/ol>\n<p><strong>Sken\u0113ta dokumenta nos\u016bt\u012b\u0161ana no Android<\/strong><br \/>\nLai nos\u016bt\u012btu sken\u0113tu dokumentu no Android, ir j\u0101veic tikai da\u017ei \u0101tri so\u013ci.<\/p>\n<ol>\n<li>E-pasta programm\u0101 pieskarieties vienumam <strong>Sast\u0101d\u012bt<\/strong>, lai s\u0101ktu rakst\u012bt jaunu e-pasta zi\u0146ojumu.<\/li>\n<li>Lai pievienotu pielikumu, pieskarieties <strong>pap\u012bra saspraudei<\/strong> un izv\u0113lieties iesp\u0113ju pievienot pielikumu no <strong>pakalpojuma Google Disks<\/strong>.<\/li>\n<li>Atrodiet sken\u0113to PDF failu un atlasiet to, lai pievienotu to e-pastam.<\/li>\n<li>Pabeidziet un <strong>nos\u016btiet<\/strong> e-pastu, k\u0101 parasti, lai nos\u016bt\u012btu sken\u0113to dokumentu.<\/li>\n<\/ol>\n<p>Varat ar\u012b lejupiel\u0101d\u0113t sken\u0113ta dokumenta kopiju sav\u0101 ier\u012bc\u0113. Ja pievienojat ier\u012bc\u0113 lejupiel\u0101d\u0113tu dokumentu, vairum\u0101 Android ier\u012b\u010du lejupiel\u0101d\u0113tie PDF dokumenti parasti tiek glab\u0101ti sada\u013c\u0101 <strong>Lejupiel\u0101des<\/strong>.<\/p>\n<h3><strong>K\u0101 sken\u0113t un nos\u016bt\u012bt dokumentus, izmantojot Adobe Scan<\/strong><\/h3>\n<p>Ja dokumentu sken\u0113\u0161anai un PDF failu izveidei v\u0113laties izmantot skenera lietotni, Adobe Scan ir pieejams bez maksas gan skenerim, gan skenerim. <strong><a href=\"https:\/\/play.google.com\/store\/apps\/details?id=com.adobe.scan.android\" target=\"_blank\" rel=\"noopener nofollow\" data-component=\"link\" data-ordinal=\"1\" data-source=\"inlineLink\" data-type=\"externalLink\">Android<\/a> <\/strong>un<strong> <a href=\"https:\/\/itunes.apple.com\/us\/app\/adobe-scan\/id1199564834\" target=\"_blank\" rel=\"noopener nofollow\" data-component=\"link\" data-ordinal=\"2\" data-source=\"inlineLink\" data-type=\"externalLink\">iOS<\/a><\/strong>.<\/p>\n<p>Lai piek\u013c\u016btu papildu funkcij\u0101m un opcij\u0101m, \u0161aj\u0101 lietotn\u0113 ir iesp\u0113jams ieg\u0101d\u0101ties abonementu lietotn\u0113. Tom\u0113r bezmaksas versij\u0101 ir iek\u013cautas visas funkcijas, kas nepiecie\u0161amas, lai apmierin\u0101tu vairuma lietot\u0101ju vajadz\u012bbas.<\/p>\n<p>Lai gan ir diezgan daudz <strong>skenera lietotnes<\/strong> tur, piem\u0113ram,<strong>\u00a0<a href=\"https:\/\/www.lifewire.com\/genius-scan-iphone-app-review-2000001\" rel=\"nofollow noopener\" target=\"_blank\">Genius Scan<\/a>, <a href=\"http:\/\/turboscanapp.com\/\" target=\"_blank\" rel=\"noopener nofollow\">TurboScan<\/a>, <a href=\"https:\/\/www.microsoft.com\/en-us\/store\/p\/office-lens\/9wzdncrfj3t8\" target=\"_blank\" rel=\"noopener nofollow\">Microsoft Office Lens<\/a>, <\/strong>un <strong><a href=\"https:\/\/www.camscanner.com\/\" target=\"_blank\" rel=\"noopener nofollow\">CamScanner<\/a><\/strong> Piem\u0113ram, Adobe Scan bezmaksas versij\u0101 ir ietverti visi pamatj\u0113dzieni, un to ir viegli p\u0101rvietoties un lietot bez lielas m\u0101c\u012bbu slodzes. Ja v\u0113l neesat re\u0123istr\u0113jis Adobe ID (tas ir bez maksas), lai var\u0113tu izmantot \u0161o programmu, jums tas b\u016bs j\u0101noform\u0113.<\/p>\n<h3><strong>L\u016bk, k\u0101 sken\u0113t dokumentus, izmantojot Adobe Scan (\u0161aj\u0101 piem\u0113r\u0101 - iPhone, vajadz\u012bbas gad\u012bjum\u0101 nor\u0101d\u012btas Android at\u0161\u0137ir\u012bbas):<\/strong><\/h3>\n<ol>\n<li>Atveriet <strong>Adobe Scan<\/strong>. Pirmo reizi lietojot lietotni, var b\u016bt nepiecie\u0161ams pieteikties, izmantojot Adobe ID.<\/li>\n<li>Programma Adobe Scan autom\u0101tiski tiek atv\u0113rta sken\u0113\u0161anas re\u017e\u012bm\u0101, izmantojot t\u0101lru\u0146a kameru. Tom\u0113r, ja k\u0101du iemeslu d\u0113\u013c tas nenotiek, pieskarieties <strong>kameras ikonai<\/strong> apak\u0161\u0113j\u0101 labaj\u0101 st\u016br\u012b, kad esat gatavs sken\u0113t dokumentu.<\/li>\n<li>Novietojiet kameru virs sken\u0113jam\u0101 dokumenta. Skeneris autom\u0101tiski fokus\u0113sies un uz\u0146ems lapu.<\/li>\n<li>Varat sken\u0113t vair\u0101kas lapas, vienk\u0101r\u0161i nomainot lapu, un programma autom\u0101tiski uz\u0146ems lapas, l\u012bdz piesit\u012bsiet <strong>miniat\u016bras att\u0113lu <\/strong>apak\u0161\u0113j\u0101 labaj\u0101 st\u016br\u012b.<\/li>\n<li>Sken\u0113\u0161ana tiks atv\u0113rta priek\u0161skat\u012bjuma ekr\u0101n\u0101, kas \u013cauj veikt korekcijas, piem\u0113ram, apgrie\u0161anu un pagrie\u0161anu. Piesitiet <strong>Saglab\u0101t PDF<\/strong> aug\u0161\u0113j\u0101 labaj\u0101 st\u016br\u012b, un sken\u0113\u0161anas PDF fails tiks autom\u0101tiski aug\u0161upiel\u0101d\u0113ts Adobe Document Cloud.<\/li>\n<\/ol>\n<h3><a href=\"https:\/\/www.balticmedia.com\/lv\/tulkot\/tulkosanas-birojs-baltic-media\/\">K\u0101p\u0113c izv\u0113l\u0113ties Zieme\u013cvalstu un Baltijas valstu tulko\u0161anas biroju Baltic Media?<\/a><\/h3>\n<h3><a href=\"https:\/\/www.balticmedia.com\/lv\/tulkojumu-cenas-latvija\/\">K\u0101 samazin\u0101t tulko\u0161anas izmaksas, nezaud\u0113jot kvalit\u0101ti<\/a><\/h3>\n<h3><a href=\"https:\/\/www.balticmedia.com\/lv\/vislabakais-un-precizakais-tulkotajs-ir-cilveks\/\">K\u0101p\u0113c cilv\u0113ka veikti tulko\u0161anas pakalpojumi ir j\u016bsu lab\u0101k\u0101 izv\u0113le?<\/a><\/h3>\n<h3><a href=\"https:\/\/www.balticmedia.com\/lv\/tulkosanas-cenas-pieprasijums\/\">Bezmaksas cenas piepras\u012bjums<\/a><\/h3>\n<h3><a href=\"https:\/\/www.balticmedia.com\/lv\/kontaktforma\/\">Inform\u0101cijas piepras\u012bjums<\/a><\/h3>\n<p>&nbsp;<\/p>\n<p>Avots: Lifewire<\/p>\n<\/div>\n<\/div><\/div><\/div><\/div><\/div>","protected":false},"excerpt":{"rendered":"<p>K\u0101 sken\u0113t dokumentus tulko\u0161anai, izmantojot telefonu\/viedt\u0101lruni vai plan\u0161etdatoru Kad nepiecie\u0161ams sken\u0113t dokumentu tulko\u0161anai, j\u016bs varat nemekl\u0113t draugu vai uz\u0146\u0113mumu ar skeneri, jo dokumentus varat sken\u0113t bez maksas, izmantojot viedt\u0101lruni vai plan\u0161etdatoru. K\u0101 tas darbojas? Programma vai lietotne t\u0101lrun\u012b veic sken\u0113\u0161anu, izmantojot j\u016bsu kameru, un daudzos gad\u012bjumos autom\u0101tiski p\u0101rv\u0113r\u0161 to PDF form\u0101t\u0101. Dokumentu sken\u0113\u0161anai varat izmantot [&hellip;]<\/p>\n","protected":false},"author":2,"featured_media":129552,"parent":9628,"menu_order":0,"comment_status":"closed","ping_status":"closed","template":"","meta":{"ocean_post_layout":"","ocean_both_sidebars_style":"","ocean_both_sidebars_content_width":0,"ocean_both_sidebars_sidebars_width":0,"ocean_sidebar":"0","ocean_second_sidebar":"0","ocean_disable_margins":"enable","ocean_add_body_class":"","ocean_shortcode_before_top_bar":"","ocean_shortcode_after_top_bar":"","ocean_shortcode_before_header":"","ocean_shortcode_after_header":"","ocean_has_shortcode":"","ocean_shortcode_after_title":"","ocean_shortcode_before_footer_widgets":"","ocean_shortcode_after_footer_widgets":"","ocean_shortcode_before_footer_bottom":"","ocean_shortcode_after_footer_bottom":"","ocean_display_top_bar":"default","ocean_display_header":"default","ocean_header_style":"","ocean_center_header_left_menu":"0","ocean_custom_header_template":"0","ocean_custom_logo":0,"ocean_custom_retina_logo":0,"ocean_custom_logo_max_width":0,"ocean_custom_logo_tablet_max_width":0,"ocean_custom_logo_mobile_max_width":0,"ocean_custom_logo_max_height":0,"ocean_custom_logo_tablet_max_height":0,"ocean_custom_logo_mobile_max_height":0,"ocean_header_custom_menu":"0","ocean_menu_typo_font_family":"0","ocean_menu_typo_font_subset":"","ocean_menu_typo_font_size":0,"ocean_menu_typo_font_size_tablet":0,"ocean_menu_typo_font_size_mobile":0,"ocean_menu_typo_font_size_unit":"px","ocean_menu_typo_font_weight":"","ocean_menu_typo_font_weight_tablet":"","ocean_menu_typo_font_weight_mobile":"","ocean_menu_typo_transform":"","ocean_menu_typo_transform_tablet":"","ocean_menu_typo_transform_mobile":"","ocean_menu_typo_line_height":0,"ocean_menu_typo_line_height_tablet":0,"ocean_menu_typo_line_height_mobile":0,"ocean_menu_typo_line_height_unit":"","ocean_menu_typo_spacing":0,"ocean_menu_typo_spacing_tablet":0,"ocean_menu_typo_spacing_mobile":0,"ocean_menu_typo_spacing_unit":"","ocean_menu_link_color":"","ocean_menu_link_color_hover":"","ocean_menu_link_color_active":"","ocean_menu_link_background":"","ocean_menu_link_hover_background":"","ocean_menu_link_active_background":"","ocean_menu_social_links_bg":"","ocean_menu_social_hover_links_bg":"","ocean_menu_social_links_color":"","ocean_menu_social_hover_links_color":"","ocean_disable_title":"default","ocean_disable_heading":"default","ocean_post_title":"","ocean_post_subheading":"","ocean_post_title_style":"","ocean_post_title_background_color":"","ocean_post_title_background":0,"ocean_post_title_bg_image_position":"","ocean_post_title_bg_image_attachment":"","ocean_post_title_bg_image_repeat":"","ocean_post_title_bg_image_size":"","ocean_post_title_height":0,"ocean_post_title_bg_overlay":0.5,"ocean_post_title_bg_overlay_color":"","ocean_disable_breadcrumbs":"default","ocean_breadcrumbs_color":"","ocean_breadcrumbs_separator_color":"","ocean_breadcrumbs_links_color":"","ocean_breadcrumbs_links_hover_color":"","ocean_display_footer_widgets":"default","ocean_display_footer_bottom":"default","ocean_custom_footer_template":"0","ofc_meta_disable_footer_callout":"","ofc_meta_callout_button_url":"","ofc_meta_callout_button_txt":"","ofc_meta_callout_text":"","osh_disable_topbar_sticky":"default","osh_disable_header_sticky":"default","osh_sticky_header_style":"default","osh_sticky_header_effect":"","osh_custom_sticky_logo":0,"osh_custom_retina_sticky_logo":0,"osh_custom_sticky_logo_height":0,"osh_background_color":"","osh_links_color":"","osh_links_hover_color":"","osh_links_active_color":"","osh_links_bg_color":"","osh_links_hover_bg_color":"","osh_links_active_bg_color":"","osh_menu_social_links_color":"","osh_menu_social_hover_links_color":"","footnotes":""},"class_list":["post-128115","page","type-page","status-publish","has-post-thumbnail","hentry","entry","has-media"],"jetpack_sharing_enabled":true,"jetpack_likes_enabled":true,"jetpack-related-posts":[],"jetpack_shortlink":"https:\/\/wp.me\/Pe7Cu3-xkn","_links":{"self":[{"href":"https:\/\/www.balticmedia.com\/lv\/wp-json\/wp\/v2\/pages\/128115","targetHints":{"allow":["GET"]}}],"collection":[{"href":"https:\/\/www.balticmedia.com\/lv\/wp-json\/wp\/v2\/pages"}],"about":[{"href":"https:\/\/www.balticmedia.com\/lv\/wp-json\/wp\/v2\/types\/page"}],"author":[{"embeddable":true,"href":"https:\/\/www.balticmedia.com\/lv\/wp-json\/wp\/v2\/users\/2"}],"replies":[{"embeddable":true,"href":"https:\/\/www.balticmedia.com\/lv\/wp-json\/wp\/v2\/comments?post=128115"}],"version-history":[{"count":12,"href":"https:\/\/www.balticmedia.com\/lv\/wp-json\/wp\/v2\/pages\/128115\/revisions"}],"predecessor-version":[{"id":141806,"href":"https:\/\/www.balticmedia.com\/lv\/wp-json\/wp\/v2\/pages\/128115\/revisions\/141806"}],"up":[{"embeddable":true,"href":"https:\/\/www.balticmedia.com\/lv\/wp-json\/wp\/v2\/pages\/9628"}],"wp:featuredmedia":[{"embeddable":true,"href":"https:\/\/www.balticmedia.com\/lv\/wp-json\/wp\/v2\/media\/129552"}],"wp:attachment":[{"href":"https:\/\/www.balticmedia.com\/lv\/wp-json\/wp\/v2\/media?parent=128115"}],"curies":[{"name":"wp","href":"https:\/\/api.w.org\/{rel}","templated":true}]}}