{"id":11012,"date":"2021-02-03T14:13:04","date_gmt":"2021-02-03T12:13:04","guid":{"rendered":"https:\/\/wp.balticmedia.dev.telia.lv\/ka-samazinat-tulkosanas-izmaksas\/client-satisfactory-survey\/"},"modified":"2023-04-28T20:12:18","modified_gmt":"2023-04-28T17:12:18","slug":"atsauksmes-veidlapa","status":"publish","type":"page","link":"https:\/\/www.balticmedia.com\/lv\/tulkojumu-cenas-latvija\/atsauksmes-veidlapa\/","title":{"rendered":"Klienta apmierin\u0101t\u012bbas aptauja"},"content":{"rendered":"<div id=\"pl-11012\"  class=\"panel-layout\" ><div id=\"pg-11012-0\"  class=\"panel-grid panel-no-style\" ><div id=\"pgc-11012-0-0\"  class=\"panel-grid-cell\" ><div id=\"panel-11012-0-0-0\" class=\"so-panel widget widget_sow-image panel-first-child panel-last-child widgetopts-SO\" data-index=\"0\" ><div\n\t\t\t\n\t\t\tclass=\"so-widget-sow-image so-widget-sow-image-default-8b5b6f678277-11012\"\n\t\t\t\n\t\t>\n<div class=\"sow-image-container\">\n\t\t<img loading=\"lazy\" decoding=\"async\" src=\"https:\/\/i0.wp.com\/www.balticmedia.com\/wp-content\/uploads\/5blog-scaled.jpg?fit=2560%2C549&amp;ssl=1\" width=\"2560\" height=\"549\" srcset=\"https:\/\/i0.wp.com\/www.balticmedia.com\/wp-content\/uploads\/5blog-scaled.jpg?w=2560&amp;ssl=1 2560w, https:\/\/i0.wp.com\/www.balticmedia.com\/wp-content\/uploads\/5blog-scaled.jpg?resize=300%2C64&amp;ssl=1 300w, https:\/\/i0.wp.com\/www.balticmedia.com\/wp-content\/uploads\/5blog-scaled.jpg?resize=1024%2C219&amp;ssl=1 1024w, https:\/\/i0.wp.com\/www.balticmedia.com\/wp-content\/uploads\/5blog-scaled.jpg?resize=768%2C165&amp;ssl=1 768w, https:\/\/i0.wp.com\/www.balticmedia.com\/wp-content\/uploads\/5blog-scaled.jpg?resize=1536%2C329&amp;ssl=1 1536w, https:\/\/i0.wp.com\/www.balticmedia.com\/wp-content\/uploads\/5blog-scaled.jpg?resize=2048%2C439&amp;ssl=1 2048w, https:\/\/i0.wp.com\/www.balticmedia.com\/wp-content\/uploads\/5blog-scaled.jpg?w=2400&amp;ssl=1 2400w\" title=\"5blog\" alt=\"\" class=\"so-widget-image\">\n\t<\/div>\n\n<\/div><\/div><\/div><\/div><div id=\"pg-11012-1\"  class=\"panel-grid panel-no-style\" ><div id=\"pgc-11012-1-0\"  class=\"panel-grid-cell\" ><div id=\"panel-11012-1-0-0\" class=\"so-panel widget widget_sow-editor panel-first-child extendedwopts-hide extendedwopts-tablet extendedwopts-mobile widgetopts-SO\" data-index=\"1\" ><div\n\t\t\t\n\t\t\tclass=\"so-widget-sow-editor so-widget-sow-editor-base\"\n\t\t\t\n\t\t>\n<div class=\"siteorigin-widget-tinymce textwidget\">\n\t<pre><form aria-label=\"Search this website\" role=\"search\" method=\"get\" class=\"oceanwp-searchform\" id=\"searchform\" action=\"https:\/\/www.balticmedia.com\/lv\/\"><input aria-label=\"Insert search query\" type=\"text\" class=\"field\" name=\"s\" id=\"s\" placeholder=\"Mekl\u0113t\"><button aria-label=\"Submit your search\" type=\"submit\" class=\"search-submit\" value=\"\"><i class=\"icon-magnifier\" aria-hidden=\"true\"><\/i><\/button><\/form><\/pre>\n<\/div>\n<\/div><\/div><div id=\"panel-11012-1-0-1\" class=\"so-panel widget widget_ocean_custom_menu widget-oceanwp-custom-menu custom-menu-widget extendedwopts-hide extendedwopts-tablet extendedwopts-mobile widgetopts-SO\" data-index=\"2\" ><div class=\"oceanwp-custom-menu clr ocean_custom_menu-2 left dropdown-hover\"><ul id=\"menu-prices-lv\" class=\"dropdown-menu sf-menu\"><li  id=\"menu-item-49466\" class=\"menu-item menu-item-type-post_type menu-item-object-page menu-item-49466\"><a href=\"https:\/\/www.balticmedia.com\/lv\/tulkojumu-cenas-latvija\/\" class=\"menu-link\">Tulkojumu cenas &#8211; Tulko\u0161anas pakalpojumi<\/a><\/li>\n<li  id=\"menu-item-49472\" class=\"menu-item menu-item-type-post_type menu-item-object-page menu-item-49472\"><a href=\"https:\/\/www.balticmedia.com\/lv\/tulkojumu-cenas-latvija\/tulkosanas-cenas\/\" class=\"menu-link\">Tulko\u0161anas cenas \ud83d\udc49 Cik maks\u0101 tulkojums?<\/a><\/li>\n<li  id=\"menu-item-49468\" class=\"menu-item menu-item-type-post_type menu-item-object-page menu-item-49468\"><a href=\"https:\/\/www.balticmedia.com\/lv\/tulkojumu-cenas-latvija\/tulkojumu-birojs\/\" class=\"menu-link\">K\u0101 izv\u0113l\u0113ties tulkojumu biroju?<\/a><\/li>\n<li  id=\"menu-item-49467\" class=\"menu-item menu-item-type-post_type menu-item-object-page menu-item-49467\"><a href=\"https:\/\/www.balticmedia.com\/lv\/tulkojumu-cenas-latvija\/tulkojumi-kvalitate\/\" class=\"menu-link\">Tulkojumi ar augstu kvalit\u0101ti un zemu cenu<\/a><\/li>\n<li  id=\"menu-item-49471\" class=\"menu-item menu-item-type-post_type menu-item-object-page menu-item-49471\"><a href=\"https:\/\/www.balticmedia.com\/lv\/tulkojumu-cenas-latvija\/musu-klienti\/\" class=\"menu-link\">M\u016bsu klienti<\/a><\/li>\n<li  id=\"menu-item-49469\" class=\"menu-item menu-item-type-post_type menu-item-object-page menu-item-49469\"><a href=\"https:\/\/www.balticmedia.com\/lv\/tulkojumu-cenas-latvija\/atsauksmes-veidlapa\/\" class=\"menu-link\">Klienta apmierin\u0101t\u012bbas aptauja<\/a><\/li>\n<li  id=\"menu-item-49470\" class=\"menu-item menu-item-type-post_type menu-item-object-page menu-item-49470\"><a href=\"https:\/\/www.balticmedia.com\/lv\/tulkojumu-cenas-latvija\/klientu-atsauksmes\/\" class=\"menu-link\">Klientu atsauksmes<\/a><\/li>\n<li  id=\"menu-item-101228\" class=\"menu-item menu-item-type-post_type menu-item-object-page menu-item-101228\"><a href=\"https:\/\/www.balticmedia.com\/lv\/vietnes-karte\/\" class=\"menu-link\">Vietnes karte<\/a><\/li>\n<li  id=\"menu-item-116310\" class=\"menu-item menu-item-type-post_type menu-item-object-page menu-item-116310\"><a href=\"https:\/\/www.balticmedia.com\/lv\/anglu-valodas-kursi-riga-un-online\/\" class=\"menu-link\">Ang\u013cu valodas kursi R\u012bg\u0101 un Online<\/a><\/li>\n<li  id=\"menu-item-121957\" class=\"menu-item menu-item-type-post_type menu-item-object-page menu-item-121957\"><a href=\"https:\/\/www.balticmedia.com\/lv\/tulkotajs-un-tulks\/\" class=\"menu-link\">Tulkot\u0101js un tulks<\/a><\/li>\n<li  id=\"menu-item-127255\" class=\"menu-item menu-item-type-post_type menu-item-object-page menu-item-127255\"><a href=\"https:\/\/www.balticmedia.com\/lv\/tulkosana\/\" class=\"menu-link\">Tulko\u0161ana<\/a><\/li>\n<li  id=\"menu-item-129663\" class=\"menu-item menu-item-type-post_type menu-item-object-page menu-item-129663\"><a href=\"https:\/\/www.balticmedia.com\/lv\/tulkojumi\/\" class=\"menu-link\">Tulkojumi un Tulko\u0161anas Pakalpojumi<\/a><\/li>\n<li  id=\"menu-item-133087\" class=\"menu-item menu-item-type-post_type menu-item-object-page menu-item-133087\"><a href=\"https:\/\/www.balticmedia.com\/lv\/gramatu-tulkosana\/\" class=\"menu-link\">Gr\u0101matu tulko\u0161ana | Liter\u0101r\u0101 &#8211; dai\u013cliterat\u016bras tulko\u0161ana<\/a><\/li>\n<\/ul><\/div><\/div><div id=\"panel-11012-1-0-2\" class=\"so-panel widget widget_ocean_custom_menu widget-oceanwp-custom-menu custom-menu-widget panel-last-child extendedwopts-hide extendedwopts-tablet extendedwopts-mobile widgetopts-SO\" data-index=\"3\" ><div class=\"oceanwp-custom-menu clr ocean_custom_menu-2 left dropdown-hover\"><ul id=\"menu-partneri-lv\" class=\"dropdown-menu sf-menu\"><li  id=\"menu-item-11565\" class=\"menu-item menu-item-type-custom menu-item-object-custom menu-item-11565\"><a target=\"_blank\" href=\"https:\/\/balticmedia.s.xtrf.eu\/vendors\/#\/sign-in\" class=\"menu-link\" rel=\"nofollow noopener\"><i class=\"icon before line-icon icon-briefcase\" aria-hidden=\"true\" style=\"font-size:2em;\"><\/i><span class=\"menu-text\">Partneru port\u0101ls<\/span><\/a><\/li>\n<li  id=\"menu-item-11671\" class=\"menu-item menu-item-type-custom menu-item-object-custom menu-item-11671\"><a target=\"_blank\" href=\"https:\/\/www.balticmedia.com\/wp-content\/uploads\/11-Reasons-to-Choose-Baltic-Media-2026.pdf\" class=\"menu-link\"><i class=\"icon before line-icon icon-people\" aria-hidden=\"true\" style=\"font-size:2em;\"><\/i><span class=\"menu-text\">Baltic Media uz\u0146\u0113muma PDF profils<\/span><\/a><\/li>\n<li  id=\"menu-item-11672\" class=\"menu-item menu-item-type-custom menu-item-object-custom menu-item-11672\"><a target=\"_blank\" href=\"https:\/\/www.balticmedia.com\/wp-content\/uploads\/tulkojumu-birojs-lv.pdf\" class=\"menu-link\"><i class=\"icon before line-icon icon-organization\" aria-hidden=\"true\" style=\"font-size:2em;\"><\/i><span class=\"menu-text\">Tulkojumi. Soli pa solim<\/span><\/a><\/li>\n<li  id=\"menu-item-11709\" class=\"menu-item menu-item-type-custom menu-item-object-custom menu-item-11709\"><a target=\"_blank\" href=\"https:\/\/www.balticmedia.com\/wp-content\/uploads\/Baltic-Media-Ltd-Pakalpojumu-sniegsanas-noteikumi-LV.pdf\" class=\"menu-link\"><i class=\"icon before line-icon icon-docs\" aria-hidden=\"true\" style=\"font-size:2em;\"><\/i><span class=\"menu-text\">Tulko\u0161anas pakalpojumu snieg\u0161anas noteikumi<\/span><\/a><\/li>\n<li  id=\"menu-item-11710\" class=\"menu-item menu-item-type-custom menu-item-object-custom menu-item-11710\"><a target=\"_blank\" href=\"https:\/\/www.balticmedia.com\/wp-content\/uploads\/Baltic-Media-Ltd_9k-i12-en-cert-Final.pdf\" class=\"menu-link\"><i class=\"icon before line-icon icon-doc\" aria-hidden=\"true\" style=\"font-size:2em;\"><\/i><span class=\"menu-text\">ISO 9001:2015 Quality Certification<\/span><\/a><\/li>\n<li  id=\"menu-item-11723\" class=\"menu-item menu-item-type-custom menu-item-object-custom menu-item-11723\"><a target=\"_blank\" href=\"https:\/\/www.balticmedia.com\/wp-content\/uploads\/pazinojums_par_vietnes_balticmedia.com_autortiesbam_lv.pdf\" class=\"menu-link\"><i class=\"icon before line-icon icon-info\" aria-hidden=\"true\" style=\"font-size:2em;\"><\/i><span class=\"menu-text\">Autorties\u012bbas un pre\u010du z\u012bme Baltic Media<sup>\u00ae<\/sup><\/span><\/a><\/li>\n<\/ul><\/div><\/div><\/div><div id=\"pgc-11012-1-1\"  class=\"panel-grid-cell\" ><div id=\"panel-11012-1-1-0\" class=\"so-panel widget widget_sow-editor panel-first-child widgetopts-SO\" data-index=\"4\" ><div\n\t\t\t\n\t\t\tclass=\"so-widget-sow-editor so-widget-sow-editor-base\"\n\t\t\t\n\t\t>\n<div class=\"siteorigin-widget-tinymce textwidget\">\n\t<div class=\"formatedtext\">\n<h1>Klienta apmierin\u0101t\u012bbas aptauja<\/h1>\n<h3>J\u016bsu viedoklis<\/h3>\n<h3><span style=\"font-size: 16px;\">God\u0101tais klient!<\/span><\/h3>\n<p>Lai past\u0101v\u012bgi uzlabotu pakalpojumu kvalit\u0101ti, mums ir \u013coti svar\u012bgi zin\u0101t, cik liel\u0101 m\u0113r\u0101 esat apmierin\u0101ts ar m\u016bsu sniegtajiem pakalpojumiem. T\u0101p\u0113c b\u016bsim \u013coti pateic\u012bgi, ja atrad\u012bsiet laiku un atbild\u0113siet uz da\u017eiem jaut\u0101jumiem.<\/p>\n<\/div>\n<\/div>\n<\/div><\/div><div id=\"panel-11012-1-1-1\" class=\"so-panel widget widget_wpforms-widget wpforms-widget widgetopts-SO\" data-index=\"5\" ><div class=\"wpforms-container wpforms-container-full wpforms-form-abandonment\" id=\"wpforms-115783\"><form id=\"wpforms-form-115783\" class=\"wpforms-validate wpforms-form\" data-formid=\"115783\" method=\"post\" enctype=\"multipart\/form-data\" action=\"\/lv\/wp-json\/wp\/v2\/pages\/11012\" data-token=\"4c36ea28bf90ed9edb3cde9066f535a4\" data-token-time=\"1778886712\"><noscript class=\"wpforms-error-noscript\">Please enable JavaScript in your browser to complete this form.<\/noscript><div class=\"wpforms-field-container\"><div id=\"wpforms-115783-field_4-container\" class=\"wpforms-field wpforms-field-textarea\" data-field-id=\"4\"><label class=\"wpforms-field-label\" for=\"wpforms-115783-field_4\">J\u016bsu koment\u0101ri par m\u016bsu uz\u0146\u0113mumu, servisu, darbiniekiem, tulkot\u0101jiem, lektoriem un ierosin\u0101jumi darba uzlabo\u0161anai: <span class=\"wpforms-required-label\">*<\/span><\/label><textarea id=\"wpforms-115783-field_4\" class=\"wpforms-field-medium wpforms-field-required wpforms-limit-words-enabled\" data-form-id=\"115783\" data-field-id=\"4\" data-text-limit=\"100\" name=\"wpforms[fields][4]\" required><\/textarea><\/div><div id=\"wpforms-115783-field_6-container\" class=\"wpforms-field wpforms-field-radio\" data-field-id=\"6\"><label class=\"wpforms-field-label\">K\u0101 j\u016bs uzzin\u0101j\u0101t par mums?<\/label><ul id=\"wpforms-115783-field_6\"><li class=\"choice-1 depth-1\"><input type=\"radio\" id=\"wpforms-115783-field_6_1\" name=\"wpforms[fields][6]\" value=\"No telefona izzi\u0146u dienesta\"  ><label class=\"wpforms-field-label-inline\" for=\"wpforms-115783-field_6_1\">No telefona izzi\u0146u dienesta<\/label><\/li><li class=\"choice-2 depth-1\"><input type=\"radio\" id=\"wpforms-115783-field_6_2\" name=\"wpforms[fields][6]\" value=\"No interneta izzi\u0146u dienesta m\u0101jas lapas\"  ><label class=\"wpforms-field-label-inline\" for=\"wpforms-115783-field_6_2\">No interneta izzi\u0146u dienesta m\u0101jas lapas<\/label><\/li><li class=\"choice-3 depth-1\"><input type=\"radio\" id=\"wpforms-115783-field_6_3\" name=\"wpforms[fields][6]\" value=\"Mekl\u0113jot internet\u0101\"  ><label class=\"wpforms-field-label-inline\" for=\"wpforms-115783-field_6_3\">Mekl\u0113jot internet\u0101<\/label><\/li><li class=\"choice-4 depth-1\"><input type=\"radio\" id=\"wpforms-115783-field_6_4\" name=\"wpforms[fields][6]\" value=\"Ieteica citi\"  ><label class=\"wpforms-field-label-inline\" for=\"wpforms-115783-field_6_4\">Ieteica citi<\/label><\/li><li class=\"choice-5 depth-1\"><input type=\"radio\" id=\"wpforms-115783-field_6_5\" name=\"wpforms[fields][6]\" value=\"Cit\u0101 veid\u0101, nor\u0101diet k\u0101d\u0101\"  ><label class=\"wpforms-field-label-inline\" for=\"wpforms-115783-field_6_5\">Cit\u0101 veid\u0101, nor\u0101diet k\u0101d\u0101<\/label><\/li><\/ul><\/div><div id=\"wpforms-115783-field_13-container\" class=\"wpforms-field wpforms-field-name wpforms-one-half wpforms-mobile-full\" data-field-id=\"13\"><label class=\"wpforms-field-label\">V\u0101rds <span class=\"wpforms-required-label\">*<\/span><\/label><div class=\"wpforms-field-row wpforms-field-large\"><div class=\"wpforms-field-row-block wpforms-first wpforms-one-half\"><input type=\"text\" id=\"wpforms-115783-field_13\" class=\"wpforms-field-name-first wpforms-field-required\" name=\"wpforms[fields][13][first]\" required><label for=\"wpforms-115783-field_13\" class=\"wpforms-field-sublabel after\">V\u0101rds<\/label><\/div><div class=\"wpforms-field-row-block wpforms-one-half\"><input type=\"text\" id=\"wpforms-115783-field_13-last\" class=\"wpforms-field-name-last wpforms-field-required\" name=\"wpforms[fields][13][last]\" required><label for=\"wpforms-115783-field_13-last\" class=\"wpforms-field-sublabel after\">Uzv\u0101rds<\/label><\/div><\/div><\/div><div id=\"wpforms-115783-field_7-container\" class=\"wpforms-field wpforms-field-textarea\" data-field-id=\"7\"><label class=\"wpforms-field-label\" for=\"wpforms-115783-field_7\">Uz\u0146\u0113muma nosaukums <span class=\"wpforms-required-label\">*<\/span><\/label><textarea id=\"wpforms-115783-field_7\" class=\"wpforms-field-small wpforms-field-required\" name=\"wpforms[fields][7]\" required><\/textarea><\/div><div id=\"wpforms-115783-field_8-container\" class=\"wpforms-field wpforms-field-textarea\" data-field-id=\"8\"><label class=\"wpforms-field-label\" for=\"wpforms-115783-field_8\">Ja atceraties \u2013 projekta numurs, nosaukums vai kontaktpersona m\u016bsu uz\u0146\u0113mum\u0101: <span class=\"wpforms-required-label\">*<\/span><\/label><textarea id=\"wpforms-115783-field_8\" class=\"wpforms-field-small wpforms-field-required\" name=\"wpforms[fields][8]\" required><\/textarea><\/div><div id=\"wpforms-115783-field_14-container\" class=\"wpforms-field wpforms-field-email wpforms-one-half wpforms-mobile-full\" data-field-id=\"14\"><label class=\"wpforms-field-label\">E-pasta adrese (ja v\u0113laties nor\u0101d\u012bt)<\/label><div class=\"wpforms-field-row wpforms-field-large\"><div class=\"wpforms-field-row-block wpforms-one-half wpforms-first\"><input type=\"email\" id=\"wpforms-115783-field_14\" class=\"wpforms-field-email-primary\" name=\"wpforms[fields][14][primary]\" spellcheck=\"false\" ><label for=\"wpforms-115783-field_14\" class=\"wpforms-field-sublabel after\">E-pasts<\/label><\/div><div class=\"wpforms-field-row-block wpforms-one-half\"><input type=\"email\" id=\"wpforms-115783-field_14-secondary\" class=\"wpforms-field-email-secondary\" data-rule-confirm=\"#wpforms-115783-field_14\" name=\"wpforms[fields][14][secondary]\" spellcheck=\"false\" ><label for=\"wpforms-115783-field_14-secondary\" class=\"wpforms-field-sublabel after\">Apstiprin\u0101t e-pastu<\/label><\/div><\/div><\/div><div id=\"wpforms-115783-field_15-container\" class=\"wpforms-field wpforms-field-phone\" data-field-id=\"15\"><label class=\"wpforms-field-label\" for=\"wpforms-115783-field_15\">T\u0101lrunis (ja v\u0113laties nor\u0101d\u012bt):<\/label><input type=\"tel\" id=\"wpforms-115783-field_15\" class=\"wpforms-field-medium\" data-rule-int-phone-field=\"true\" name=\"wpforms[fields][15]\" aria-label=\"T\u0101lrunis (ja v\u0113laties nor\u0101d\u012bt):\" ><\/div><div id=\"wpforms-115783-field_12-container\" class=\"wpforms-field wpforms-field-gdpr-checkbox\" data-field-id=\"12\"><label class=\"wpforms-field-label\">GDPR l\u012bgums <span class=\"wpforms-required-label\">*<\/span><\/label><ul id=\"wpforms-115783-field_12\" class=\"wpforms-field-required\"><li class=\"choice-1\"><input type=\"checkbox\" id=\"wpforms-115783-field_12_1\" name=\"wpforms[fields][12][]\" value=\"Es piekr\u012btu, ka mani dati tiek glab\u0101ti, lai ar mani sazin\u0101tos par manu piepras\u012bjumu.\" required ><label class=\"wpforms-field-label-inline\" for=\"wpforms-115783-field_12_1\">Es piekr\u012btu, ka mani dati tiek glab\u0101ti, lai ar mani sazin\u0101tos par manu piepras\u012bjumu.<\/label><\/li><\/ul><\/div><\/div><!-- .wpforms-field-container --><div class=\"wpforms-recaptcha-container wpforms-is-turnstile\" ><div class=\"wpforms-turnstile\" data-sitekey=\"0x4AAAAAABB9jaEWBL2owUf6\" data-action=\"FormID-115783\"><\/div><input type=\"text\" name=\"g-recaptcha-hidden\" class=\"wpforms-recaptcha-hidden\" style=\"position:absolute!important;clip:rect(0,0,0,0)!important;height:1px!important;width:1px!important;border:0!important;overflow:hidden!important;padding:0!important;margin:0!important;\" data-rule-turnstile=\"1\"><\/div><div class=\"wpforms-submit-container\" ><input type=\"hidden\" name=\"wpforms[id]\" value=\"115783\"><input type=\"hidden\" name=\"page_title\" value=\"\"><input type=\"hidden\" name=\"page_url\" value=\"https:\/\/www.balticmedia.com\/lv\/wp-json\/wp\/v2\/pages\/11012\"><input type=\"hidden\" name=\"url_referer\" value=\"\"><button type=\"submit\" name=\"wpforms[submit]\" id=\"wpforms-submit-115783\" class=\"wpforms-submit\" data-alt-text=\"S\u016bt\u012b\u0161ana...\" data-submit-text=\"S\u016bt\u012bt\" aria-live=\"assertive\" value=\"wpforms-submit\">S\u016bt\u012bt<\/button><\/div><\/form><\/div>  <!-- .wpforms-container --><\/div><div id=\"panel-11012-1-1-2\" class=\"so-panel widget widget_sow-editor panel-last-child widgetopts-SO\" data-index=\"6\" ><div\n\t\t\t\n\t\t\tclass=\"so-widget-sow-editor so-widget-sow-editor-base\"\n\t\t\t\n\t\t>\n<div class=\"siteorigin-widget-tinymce textwidget\">\n\t<p>Sirsn\u012bgs paldies par atsauc\u012bbu!<\/p>\n<\/div>\n<\/div><\/div><\/div><\/div><\/div>","protected":false},"excerpt":{"rendered":"<p>Klienta apmierin\u0101t\u012bbas aptauja J\u016bsu viedoklis God\u0101tais klient! Lai past\u0101v\u012bgi uzlabotu pakalpojumu kvalit\u0101ti, mums ir \u013coti svar\u012bgi zin\u0101t, cik liel\u0101 m\u0113r\u0101 esat apmierin\u0101ts ar m\u016bsu sniegtajiem pakalpojumiem. T\u0101p\u0113c b\u016bsim \u013coti pateic\u012bgi, ja atrad\u012bsiet laiku un atbild\u0113siet uz da\u017eiem jaut\u0101jumiem. Sirsn\u012bgs paldies par atsauc\u012bbu!<\/p>\n","protected":false},"author":2,"featured_media":0,"parent":8684,"menu_order":0,"comment_status":"closed","ping_status":"closed","template":"","meta":{"ocean_post_layout":"","ocean_both_sidebars_style":"","ocean_both_sidebars_content_width":0,"ocean_both_sidebars_sidebars_width":0,"ocean_sidebar":"0","ocean_second_sidebar":"0","ocean_disable_margins":"enable","ocean_add_body_class":"","ocean_shortcode_before_top_bar":"","ocean_shortcode_after_top_bar":"","ocean_shortcode_before_header":"","ocean_shortcode_after_header":"","ocean_has_shortcode":"","ocean_shortcode_after_title":"","ocean_shortcode_before_footer_widgets":"","ocean_shortcode_after_footer_widgets":"","ocean_shortcode_before_footer_bottom":"","ocean_shortcode_after_footer_bottom":"","ocean_display_top_bar":"default","ocean_display_header":"default","ocean_header_style":"","ocean_center_header_left_menu":"0","ocean_custom_header_template":"0","ocean_custom_logo":0,"ocean_custom_retina_logo":0,"ocean_custom_logo_max_width":0,"ocean_custom_logo_tablet_max_width":0,"ocean_custom_logo_mobile_max_width":0,"ocean_custom_logo_max_height":0,"ocean_custom_logo_tablet_max_height":0,"ocean_custom_logo_mobile_max_height":0,"ocean_header_custom_menu":"0","ocean_menu_typo_font_family":"0","ocean_menu_typo_font_subset":"","ocean_menu_typo_font_size":0,"ocean_menu_typo_font_size_tablet":0,"ocean_menu_typo_font_size_mobile":0,"ocean_menu_typo_font_size_unit":"px","ocean_menu_typo_font_weight":"","ocean_menu_typo_font_weight_tablet":"","ocean_menu_typo_font_weight_mobile":"","ocean_menu_typo_transform":"","ocean_menu_typo_transform_tablet":"","ocean_menu_typo_transform_mobile":"","ocean_menu_typo_line_height":0,"ocean_menu_typo_line_height_tablet":0,"ocean_menu_typo_line_height_mobile":0,"ocean_menu_typo_line_height_unit":"","ocean_menu_typo_spacing":0,"ocean_menu_typo_spacing_tablet":0,"ocean_menu_typo_spacing_mobile":0,"ocean_menu_typo_spacing_unit":"","ocean_menu_link_color":"","ocean_menu_link_color_hover":"","ocean_menu_link_color_active":"","ocean_menu_link_background":"","ocean_menu_link_hover_background":"","ocean_menu_link_active_background":"","ocean_menu_social_links_bg":"","ocean_menu_social_hover_links_bg":"","ocean_menu_social_links_color":"","ocean_menu_social_hover_links_color":"","ocean_disable_title":"default","ocean_disable_heading":"default","ocean_post_title":"","ocean_post_subheading":"","ocean_post_title_style":"","ocean_post_title_background_color":"","ocean_post_title_background":0,"ocean_post_title_bg_image_position":"","ocean_post_title_bg_image_attachment":"","ocean_post_title_bg_image_repeat":"","ocean_post_title_bg_image_size":"","ocean_post_title_height":0,"ocean_post_title_bg_overlay":0.5,"ocean_post_title_bg_overlay_color":"","ocean_disable_breadcrumbs":"default","ocean_breadcrumbs_color":"","ocean_breadcrumbs_separator_color":"","ocean_breadcrumbs_links_color":"","ocean_breadcrumbs_links_hover_color":"","ocean_display_footer_widgets":"default","ocean_display_footer_bottom":"default","ocean_custom_footer_template":"0","ofc_meta_disable_footer_callout":"","ofc_meta_callout_button_url":"","ofc_meta_callout_button_txt":"","ofc_meta_callout_text":"","osh_disable_topbar_sticky":"default","osh_disable_header_sticky":"default","osh_sticky_header_style":"default","osh_sticky_header_effect":"","osh_custom_sticky_logo":0,"osh_custom_retina_sticky_logo":0,"osh_custom_sticky_logo_height":0,"osh_background_color":"","osh_links_color":"","osh_links_hover_color":"","osh_links_active_color":"","osh_links_bg_color":"","osh_links_hover_bg_color":"","osh_links_active_bg_color":"","osh_menu_social_links_color":"","osh_menu_social_hover_links_color":"","footnotes":""},"class_list":["post-11012","page","type-page","status-publish","hentry","entry"],"jetpack_sharing_enabled":true,"jetpack_likes_enabled":true,"jetpack-related-posts":[],"jetpack_shortlink":"https:\/\/wp.me\/Pe7Cu3-2RC","_links":{"self":[{"href":"https:\/\/www.balticmedia.com\/lv\/wp-json\/wp\/v2\/pages\/11012","targetHints":{"allow":["GET"]}}],"collection":[{"href":"https:\/\/www.balticmedia.com\/lv\/wp-json\/wp\/v2\/pages"}],"about":[{"href":"https:\/\/www.balticmedia.com\/lv\/wp-json\/wp\/v2\/types\/page"}],"author":[{"embeddable":true,"href":"https:\/\/www.balticmedia.com\/lv\/wp-json\/wp\/v2\/users\/2"}],"replies":[{"embeddable":true,"href":"https:\/\/www.balticmedia.com\/lv\/wp-json\/wp\/v2\/comments?post=11012"}],"version-history":[{"count":3,"href":"https:\/\/www.balticmedia.com\/lv\/wp-json\/wp\/v2\/pages\/11012\/revisions"}],"predecessor-version":[{"id":116191,"href":"https:\/\/www.balticmedia.com\/lv\/wp-json\/wp\/v2\/pages\/11012\/revisions\/116191"}],"up":[{"embeddable":true,"href":"https:\/\/www.balticmedia.com\/lv\/wp-json\/wp\/v2\/pages\/8684"}],"wp:attachment":[{"href":"https:\/\/www.balticmedia.com\/lv\/wp-json\/wp\/v2\/media?parent=11012"}],"curies":[{"name":"wp","href":"https:\/\/api.w.org\/{rel}","templated":true}]}}