{"id":103072,"date":"2021-02-14T11:46:36","date_gmt":"2021-02-14T09:46:36","guid":{"rendered":"https:\/\/www.balticmedia.com\/par-mums\/musu-vesture\/baltic-media-in-figures\/"},"modified":"2023-10-27T14:03:51","modified_gmt":"2023-10-27T11:03:51","slug":"baltic-media-skaitlos","status":"publish","type":"page","link":"https:\/\/www.balticmedia.com\/lv\/tulkot\/musu-vesture\/baltic-media-skaitlos\/","title":{"rendered":"Baltic Media skait\u013cos"},"content":{"rendered":"<div id=\"pl-103072\"  class=\"panel-layout\" ><div id=\"pg-103072-0\"  class=\"panel-grid panel-no-style\" ><div id=\"pgc-103072-0-0\"  class=\"panel-grid-cell\" ><div id=\"panel-103072-0-0-0\" class=\"so-panel widget widget_sow-image panel-first-child panel-last-child\" data-index=\"0\" ><div\n\t\t\t\n\t\t\tclass=\"so-widget-sow-image so-widget-sow-image-default-8b5b6f678277-103072\"\n\t\t\t\n\t\t>\n<div class=\"sow-image-container\">\n\t\t<img loading=\"lazy\" decoding=\"async\" src=\"https:\/\/i0.wp.com\/www.balticmedia.com\/wp-content\/uploads\/1about_us-scaled.jpg?fit=2560%2C549&amp;ssl=1\" width=\"2560\" height=\"549\" srcset=\"https:\/\/i0.wp.com\/www.balticmedia.com\/wp-content\/uploads\/1about_us-scaled.jpg?w=2560&amp;ssl=1 2560w, https:\/\/i0.wp.com\/www.balticmedia.com\/wp-content\/uploads\/1about_us-scaled.jpg?resize=300%2C64&amp;ssl=1 300w, https:\/\/i0.wp.com\/www.balticmedia.com\/wp-content\/uploads\/1about_us-scaled.jpg?resize=1024%2C219&amp;ssl=1 1024w, https:\/\/i0.wp.com\/www.balticmedia.com\/wp-content\/uploads\/1about_us-scaled.jpg?resize=768%2C165&amp;ssl=1 768w, https:\/\/i0.wp.com\/www.balticmedia.com\/wp-content\/uploads\/1about_us-scaled.jpg?resize=1536%2C329&amp;ssl=1 1536w, https:\/\/i0.wp.com\/www.balticmedia.com\/wp-content\/uploads\/1about_us-scaled.jpg?resize=2048%2C439&amp;ssl=1 2048w, https:\/\/i0.wp.com\/www.balticmedia.com\/wp-content\/uploads\/1about_us-scaled.jpg?w=2400&amp;ssl=1 2400w\" title=\"1about_us\" alt=\"\" class=\"so-widget-image\">\n\t<\/div>\n\n<\/div><\/div><\/div><\/div><div id=\"pg-103072-1\"  class=\"panel-grid panel-no-style\" ><div id=\"pgc-103072-1-0\"  class=\"panel-grid-cell\" ><div id=\"panel-103072-1-0-0\" class=\"so-panel widget widget_sow-editor panel-first-child extendedwopts-hide extendedwopts-tablet extendedwopts-mobile widgetopts-SO\" data-index=\"1\" ><div\n\t\t\t\n\t\t\tclass=\"so-widget-sow-editor so-widget-sow-editor-base\"\n\t\t\t\n\t\t>\n<div class=\"siteorigin-widget-tinymce textwidget\">\n\t<pre><form aria-label=\"Search this website\" role=\"search\" method=\"get\" class=\"oceanwp-searchform\" id=\"searchform\" action=\"https:\/\/www.balticmedia.com\/lv\/\"><input aria-label=\"Insert search query\" type=\"text\" class=\"field\" name=\"s\" id=\"s\" placeholder=\"Mekl\u0113t\"><button aria-label=\"Submit your search\" type=\"submit\" class=\"search-submit\" value=\"\"><i class=\"icon-magnifier\" aria-hidden=\"true\"><\/i><\/button><\/form><\/pre>\n<\/div>\n<\/div><\/div><div id=\"panel-103072-1-0-1\" class=\"so-panel widget widget_ocean_custom_menu widget-oceanwp-custom-menu custom-menu-widget extendedwopts-hide extendedwopts-tablet extendedwopts-mobile widgetopts-SO\" data-index=\"2\" ><div class=\"oceanwp-custom-menu clr ocean_custom_menu-2 left dropdown-hover\"><ul id=\"menu-par-mums\" class=\"dropdown-menu sf-menu\"><li  id=\"menu-item-41166\" class=\"menu-item menu-item-type-post_type menu-item-object-page menu-item-41166\"><a href=\"https:\/\/www.balticmedia.com\/lv\/tulkot\/\" class=\"menu-link\">Tulkot tulko\u0161anas biroj\u0101 Baltic Media &#8211; izcili kvalitat\u012bvi un \u0101tri!<\/a><\/li>\n<li  id=\"menu-item-41170\" class=\"menu-item menu-item-type-post_type menu-item-object-page menu-item-41170\"><a href=\"https:\/\/www.balticmedia.com\/lv\/tulkot\/komanda\/\" class=\"menu-link\">M\u016bsu komanda<\/a><\/li>\n<li  id=\"menu-item-41171\" class=\"menu-item menu-item-type-post_type menu-item-object-page menu-item-41171\"><a href=\"https:\/\/www.balticmedia.com\/lv\/tulkot\/musu-stasts\/\" class=\"menu-link\">M\u016bsu st\u0101sts<\/a><\/li>\n<li  id=\"menu-item-41172\" class=\"menu-item menu-item-type-post_type menu-item-object-page menu-item-41172\"><a href=\"https:\/\/www.balticmedia.com\/lv\/tulkot\/musu-vertibas\/\" class=\"menu-link\">M\u016bsu v\u0113rt\u012bbas<\/a><\/li>\n<li  id=\"menu-item-41169\" class=\"menu-item menu-item-type-post_type menu-item-object-page menu-item-41169\"><a href=\"https:\/\/www.balticmedia.com\/lv\/kas-ir-tulkosanas-birojs\/\" class=\"menu-link\">Kas ir tulko\u0161anas birojs?<\/a><\/li>\n<li  id=\"menu-item-41167\" class=\"menu-item menu-item-type-post_type menu-item-object-page menu-item-41167\"><a href=\"https:\/\/www.balticmedia.com\/lv\/tulkot\/tulkosana-soli-pa-solim\/\" class=\"menu-link\">Tulko\u0161ana soli pa solim | K\u0101 darbojas tulko\u0161anas birojs?<\/a><\/li>\n<li  id=\"menu-item-84375\" class=\"menu-item menu-item-type-post_type menu-item-object-page menu-item-84375\"><a href=\"https:\/\/www.balticmedia.com\/lv\/vislabakais-un-precizakais-tulkotajs-ir-cilveks\/\" class=\"menu-link\">Vislab\u0101kais un prec\u012bz\u0101kais tulkot\u0101js ir cilv\u0113ks<\/a><\/li>\n<li  id=\"menu-item-41168\" class=\"menu-item menu-item-type-post_type menu-item-object-page menu-item-41168\"><a href=\"https:\/\/www.balticmedia.com\/lv\/tulkot\/tulkosanas-birojs-baltic-media\/\" class=\"menu-link\">K\u0101p\u0113c tulkojumu birojs Baltic Media?<\/a><\/li>\n<li  id=\"menu-item-41174\" class=\"menu-item menu-item-type-post_type menu-item-object-page menu-item-41174\"><a href=\"https:\/\/www.balticmedia.com\/lv\/tulkot\/personala-apmaciba-un-saliedesanas\/\" class=\"menu-link\">Person\u0101la apm\u0101c\u012bba un salied\u0113\u0161an\u0101s<\/a><\/li>\n<li  id=\"menu-item-41175\" class=\"menu-item menu-item-type-post_type menu-item-object-page menu-item-41175\"><a href=\"https:\/\/www.balticmedia.com\/lv\/tulkot\/privatuma-politika-un-datu-aizsardziba\/\" class=\"menu-link\">Priv\u0101tuma politika un datu aizsardz\u012bba<\/a><\/li>\n<li  id=\"menu-item-41173\" class=\"menu-item menu-item-type-post_type menu-item-object-page menu-item-41173\"><a href=\"https:\/\/www.balticmedia.com\/lv\/tulkot\/musu-vesture\/\" class=\"menu-link\">M\u016bsu v\u0113sture<\/a><\/li>\n<\/ul><\/div><\/div><div id=\"panel-103072-1-0-2\" class=\"so-panel widget widget_ocean_custom_menu widget-oceanwp-custom-menu custom-menu-widget panel-last-child extendedwopts-hide extendedwopts-tablet extendedwopts-mobile widgetopts-SO\" data-index=\"3\" ><div class=\"oceanwp-custom-menu clr ocean_custom_menu-2 left dropdown-hover\"><ul id=\"menu-partneri-lv\" class=\"dropdown-menu sf-menu\"><li  id=\"menu-item-11565\" class=\"menu-item menu-item-type-custom menu-item-object-custom menu-item-11565\"><a target=\"_blank\" href=\"https:\/\/balticmedia.s.xtrf.eu\/vendors\/#\/sign-in\" class=\"menu-link\" rel=\"nofollow noopener\"><i class=\"icon before line-icon icon-briefcase\" aria-hidden=\"true\" style=\"font-size:2em;\"><\/i><span class=\"menu-text\">Partneru port\u0101ls<\/span><\/a><\/li>\n<li  id=\"menu-item-11671\" class=\"menu-item menu-item-type-custom menu-item-object-custom menu-item-11671\"><a target=\"_blank\" href=\"https:\/\/www.balticmedia.com\/wp-content\/uploads\/11-Reasons-to-Choose-Baltic-Media-2026.pdf\" class=\"menu-link\"><i class=\"icon before line-icon icon-people\" aria-hidden=\"true\" style=\"font-size:2em;\"><\/i><span class=\"menu-text\">Baltic Media uz\u0146\u0113muma PDF profils<\/span><\/a><\/li>\n<li  id=\"menu-item-11672\" class=\"menu-item menu-item-type-custom menu-item-object-custom menu-item-11672\"><a target=\"_blank\" href=\"https:\/\/www.balticmedia.com\/wp-content\/uploads\/tulkojumu-birojs-lv.pdf\" class=\"menu-link\"><i class=\"icon before line-icon icon-organization\" aria-hidden=\"true\" style=\"font-size:2em;\"><\/i><span class=\"menu-text\">Tulkojumi. Soli pa solim<\/span><\/a><\/li>\n<li  id=\"menu-item-11709\" class=\"menu-item menu-item-type-custom menu-item-object-custom menu-item-11709\"><a target=\"_blank\" href=\"https:\/\/www.balticmedia.com\/wp-content\/uploads\/Baltic-Media-Ltd-Pakalpojumu-sniegsanas-noteikumi-LV.pdf\" class=\"menu-link\"><i class=\"icon before line-icon icon-docs\" aria-hidden=\"true\" style=\"font-size:2em;\"><\/i><span class=\"menu-text\">Tulko\u0161anas pakalpojumu snieg\u0161anas noteikumi<\/span><\/a><\/li>\n<li  id=\"menu-item-11710\" class=\"menu-item menu-item-type-custom menu-item-object-custom menu-item-11710\"><a target=\"_blank\" href=\"https:\/\/www.balticmedia.com\/wp-content\/uploads\/iSO-certificate-2023.png\" class=\"menu-link\"><i class=\"icon before line-icon icon-doc\" aria-hidden=\"true\" style=\"font-size:2em;\"><\/i><span class=\"menu-text\">ISO 9001:2015 Quality Certification<\/span><\/a><\/li>\n<li  id=\"menu-item-11723\" class=\"menu-item menu-item-type-custom menu-item-object-custom menu-item-11723\"><a target=\"_blank\" href=\"https:\/\/www.balticmedia.com\/wp-content\/uploads\/pazinojums_par_vietnes_balticmedia.com_autortiesbam_lv.pdf\" class=\"menu-link\"><i class=\"icon before line-icon icon-info\" aria-hidden=\"true\" style=\"font-size:2em;\"><\/i><span class=\"menu-text\">Autorties\u012bbas un pre\u010du z\u012bme Baltic Media<sup>\u00ae<\/sup><\/span><\/a><\/li>\n<\/ul><\/div><\/div><\/div><div id=\"pgc-103072-1-1\"  class=\"panel-grid-cell\" ><div id=\"panel-103072-1-1-0\" class=\"so-panel widget widget_sow-editor panel-first-child widgetopts-SO\" data-index=\"4\" ><div\n\t\t\t\n\t\t\tclass=\"so-widget-sow-editor so-widget-sow-editor-base\"\n\t\t\t\n\t\t>\n<div class=\"siteorigin-widget-tinymce textwidget\">\n\t<h1>Baltic Media skait\u013cos: Jauni tirgi un jauni izaicin\u0101jumi<\/h1>\n<\/div>\n<\/div><\/div><div id=\"panel-103072-1-1-1\" class=\"so-panel widget widget_sow-editor panel-last-child widgetopts-SO\" data-index=\"5\" ><div\n\t\t\t\n\t\t\tclass=\"so-widget-sow-editor so-widget-sow-editor-base\"\n\t\t\t\n\t\t>\n<div class=\"siteorigin-widget-tinymce textwidget\">\n\t<p>Pag\u0101ju\u0161aj\u0101 gad\u0101 Baltic Media valodu pakalpojumu uz\u0146\u0113mumu grupa koncentr\u0113j\u0101s uz jaunu tirgu apg\u016b\u0161anu un produktu un pakalpojumu kvalit\u0101tes paaugstin\u0101\u0161anu, piln\u012bb\u0101 ievie\u0161ot jaunu projektu vad\u012bbas sist\u0113mu. Rezult\u0101t\u0101 ir palielin\u0101jies darba ra\u017e\u012bgums, nodro\u0161inot augstu pakalpojumu kvalit\u0101ti un samazinot izmaksas. Tas, savuk\u0101rt, ir priek\u0161roc\u012bba m\u016bsu klientiem.<\/p>\n<h2>357 valodu kombin\u0101cijas<\/h2>\n<p>2012. gad\u0101 Baltic Media grupas projektu vad\u012bt\u0101ji pabeidza projektus ar 357 da\u017e\u0101d\u0101m valodu kombin\u0101cij\u0101m, s\u0101kot no popul\u0101r\u0101kaj\u0101m Zieme\u013ceiropas valstu valod\u0101m (skandin\u0101vu, baltie\u0161u) l\u012bdz t\u0101d\u0101m ret\u0101m valod\u0101m k\u0101 ma\u0137edonie\u0161u, persie\u0161u, farsi, beng\u0101\u013cu, malajie\u0161u u. c.<br \/>\nPag\u0101ju\u0161aj\u0101 gad\u0101 visizplat\u012bt\u0101k\u0101s valodu kombin\u0101cijas bija Zieme\u013cvalstu, Baltijas valstu un Centr\u0101leiropas valstu valodu kombin\u0101cijas, kas veidoja aptuveni 40 % no kop\u0113j\u0101 apgroz\u012bjuma. T\u0101s bija \u0161\u0101das kombin\u0101cijas:<\/p>\n<p>Ang\u013cu [EN] - latvie\u0161u [LV];<br \/>\nang\u013cu [EN] - igau\u0146u [ET];<br \/>\nang\u013cu [EN] - zviedru [SE];<br \/>\nang\u013cu [EN] - lietuvie\u0161u [LT];<br \/>\nang\u013cu [EN] - somu [FI];<br \/>\nang\u013cu [EN] - norv\u0113\u0123u [NO];<br \/>\nang\u013cu [EN] - krievu [RU];<br \/>\nlatvie\u0161u [LV] - ang\u013cu [EN];<br \/>\nang\u013cu [EN] - \u010dehu [CS];<br \/>\n485 jauni klienti no 35 pasaules valst\u012bm<\/p>\n<p>Esam sasniegu\u0161i p\u0113d\u0113jo gadu rekordu jaunu klientu piesaist\u0113. Jau eso\u0161ajiem klientiem pievienojot 485 jaunus klientus, kop\u0113jais klientu skaits sasniedz 1035.<\/p>\n<p>2012. gads deva mums labumu no iepriek\u0161 \u012bstenotajiem m\u0101rketinga pas\u0101kumiem ASV un Dienvideiropas valst\u012bs, kur mums izveidoj\u0101s veiksm\u012bga sadarb\u012bba ar vair\u0101kiem lieliem klientiem.<\/p>\n<p>TOP 20 valstis, kur\u0101s ir Baltic Media valodu pakalpojumu grupas klienti:<br \/>\nLatvija [LV];<br \/>\n2.Zviedrija [SE];<br \/>\n3.Amerikas Savienot\u0101s Valstis [ASV];<br \/>\n4.It\u0101lija [IT];<br \/>\n5.Igaunija [EE];<br \/>\n6.Lietuva [LT];<br \/>\n7.D\u0101nija [DK];<br \/>\n8.Somija [FI];<br \/>\n9.\u012arija [IE];<br \/>\n10.Sp\u0101nija [ES];<\/p>\n<p>11.\u0160veice [CH];<br \/>\n12.Be\u013c\u0123ija [BE];<br \/>\n13.Francija [FR];<br \/>\n14.Polija [PL];<br \/>\n15.Luksemburga [LU];<br \/>\n16.Apvienot\u0101 Karaliste [UK]<br \/>\n17.V\u0101cija [DE];<br \/>\n18.Norv\u0113\u0123ija [NO];<br \/>\n19.N\u012bderlande [NL];<br \/>\n20.Turcija [TR].<br \/>\n643 projekti katram projektu vad\u012bt\u0101jam m\u0113nes\u012b<\/p>\n<p>Personaliz\u0113ti valodu risin\u0101jumi ir valodu pakalpojumu uz\u0146\u0113muma Baltic Media sauklis, kur\u0101 galvenais uzsvars tiek likts uz personaliz\u0113t\u0101m attiec\u012bb\u0101m ar katru klientu. M\u0113s dar\u0101m visu iesp\u0113jamo, lai b\u016btu nep\u0101rtraukti pieejami saviem klientiem, un t\u0101p\u0113c piev\u0113r\u0161am lielu uzman\u012bbu tam, lai izvair\u012btos no situ\u0101cij\u0101m, kad liela darba slodze kav\u0113 projektu vad\u012bt\u0101ju sniegt kvalitat\u012bvus un savlaic\u012bgus pakalpojumus katram klientam. \u0160is skaitlis var \u0161\u0137ist liels, tom\u0113r m\u0113s bie\u017ei dzirdam, ka projektu vad\u012bt\u0101jiem dien\u0101 ir 100 un vair\u0101k projektu. No uz\u0146\u0113muma viedok\u013ca tas, protams, ir liels r\u0101d\u012bt\u0101js, ta\u010du klienti bie\u017ei var ciest no \u0161\u0101das situ\u0101cijas, jo atbildes tiek sniegtas ar kav\u0113\u0161anos un pakalpojumu kvalit\u0101te ir slikta.<\/p>\n<h2>1375 tulkot\u0101ji<\/h2>\n<p>Pag\u0101ju\u0161aj\u0101 gad\u0101 m\u0113s atjaunin\u0101j\u0101m visu m\u016bsu pieg\u0101d\u0101t\u0101ju datub\u0101zi un integr\u0113j\u0101m tos projektu vad\u012bbas sist\u0113m\u0101 XTRF. 2013. gada s\u0101kum\u0101 m\u0113s sadarboj\u0101mies ar 1375 kvalific\u0113tiem un apstiprin\u0101tiem pieg\u0101d\u0101t\u0101jiem no visas pasaules. P\u0113c jaun\u0101s sist\u0113mas ievie\u0161anas ir uzlabojusies pieg\u0101d\u0101t\u0101ju kvalifik\u0101cijas, specializ\u0101cijas un pieejam\u012bbas iev\u0113ro\u0161ana. Tagad konkr\u0113tiem projektiem piem\u0113rotu pieg\u0101d\u0101t\u0101ju atlases proced\u016bra ir k\u013cuvusi v\u0113l prec\u012bz\u0101ka un \u0101tr\u0101ka.<\/p>\n<p>J\u0101piebilst, ka visi tulki un tulkot\u0101ji ir nosl\u0113gu\u0161i konfidencialit\u0101tes l\u012bgumu, kas ir \u012bpa\u0161i svar\u012bgi, str\u0101d\u0101jot saska\u0146\u0101 ar ISO 9001:2008 kvalit\u0101tes standarta pras\u012bb\u0101m.<\/p>\n<h2>42 jaut\u0101jumi dien\u0101, t\u0113rz\u0113jot tie\u0161saist\u0113<\/h2>\n<p>Lai uzlabotu sazi\u0146u ar jaunajiem un potenci\u0101lajiem klientiem, 2012. gada nogal\u0113 m\u016bsu t\u012bmek\u013ca vietn\u0113s www.balticmedia.com un www.valodukursi.lv esam ieviesu\u0161i tie\u0161saistes t\u0113rz\u0113\u0161anas sist\u0113mu. Tagad klienti var sa\u0146emt visu nepiecie\u0161amo inform\u0101ciju uzreiz, \u0101tri un bez maksas, ja \u0161\u0101du inform\u0101ciju nevar atrast m\u016bsu t\u012bmek\u013ca vietn\u0113s.<\/p>\n<h2>Jauni tirgi ar\u012b 2013. gad\u0101<\/h2>\n<p>2012. gad\u0101 esam veiksm\u012bgi ien\u0101ku\u0161i ASV, It\u0101lijas un Sp\u0101nijas tirgos, bet \u0161\u012b gada m\u0113r\u0137is ir iek\u013c\u016b\u0161ana \u0100zijas un Dienvidamerikas tirgos. \u0100zijas un Dienvidamerikas valstis sl\u0113pj nenov\u0113rt\u0113tu potenci\u0101lu. Pie \u0161\u0101da secin\u0101juma esam non\u0101ku\u0161i p\u0113c sadarb\u012bbas ar klientiem no Jap\u0101nas, Honkongas, Indijas un Braz\u012blijas.<\/p>\n<h2>Pieg\u0101d\u0101t\u0101ju kvalifik\u0101cijas uzlabo\u0161ana<\/h2>\n<p>M\u016bsu svar\u012bg\u0101kie 2012. gad\u0101 pabeigtie pas\u0101kumi ietv\u0113ra pieg\u0101d\u0101t\u0101ju kvalit\u0101tes nov\u0113rt\u0113\u0161anas sist\u0113mas izveidi; kop\u0161 pag\u0101ju\u0161\u0101 gada turpm\u0101kajos projektos netiks iesaist\u012bts neviens pieg\u0101d\u0101t\u0101js, kas k\u0101d\u0101 no kvalit\u0101tes p\u0101rbaudes proced\u016br\u0101m sa\u0146ems zemu nov\u0113rt\u0113jumu. M\u0113s turpin\u0101sim noteikt priorit\u0101ti pieg\u0101d\u0101t\u0101jiem ar augst\u0101ko darba nov\u0113rt\u0113jumu.<\/p>\n<p>Turkl\u0101t 2013. gad\u0101 dar\u012bsim visu iesp\u0113jamo, lai uzlabotu pieg\u0101d\u0101t\u0101ju kvalifik\u0101ciju un piesaist\u012btu jaunus un pieredz\u0113ju\u0161us pieg\u0101d\u0101t\u0101jus ar augstu atbild\u012bbas saj\u016btu un sp\u0113ju \u0101tri rea\u0123\u0113t uz piepras\u012bjumiem.<\/p>\n<h2>Rea\u0123\u0113\u0161ana 15 min\u016b\u0161u laik\u0101<\/h2>\n<p>\u0100tra rea\u0123\u0113\u0161ana uz klientu piepras\u012bjumiem jau daudzus gadus ir viena no m\u016bsu uz\u0146\u0113muma galvenaj\u0101m \u012bpa\u0161\u012bb\u0101m. M\u016bsu klienti m\u016bs bie\u017ei ir uzslav\u0113ju\u0161i \u0161aj\u0101 zi\u0146\u0101. Tom\u0113r 2013. gad\u0101 esam nol\u0113mu\u0161i uzlabot \u0161o r\u0101d\u012bt\u0101ju un uz klientu piepras\u012bjumiem vai jaut\u0101jumiem atbild\u0113t 15 min\u016b\u0161u, nevis 30 min\u016b\u0161u laik\u0101. M\u0113s taup\u0101m savu klientu laiku un pied\u0101v\u0101jam tikai svar\u012bg\u0101ko inform\u0101ciju.<\/p>\n<h2>T\u012bmek\u013ca vietne klientiem<\/h2>\n<p>Tuv\u0101kaj\u0101 laik\u0101 m\u0113s pied\u0101v\u0101sim \u012bpa\u0161u t\u012bmek\u013ca vietni saviem klientiem, kur\u0101 katrs klients var\u0113s p\u0101rskat\u012bt savu pas\u016bt\u012bjumu un r\u0113\u0137inu v\u0113sturi, lejupiel\u0101d\u0113t tulkojumus, k\u0101 ar\u012b sazin\u0101ties un pas\u016bt\u012bt jaunu projektu tie\u0161saist\u0113.<\/p>\n<p>Lai gan e-pasti veido 90 % no m\u016bsu sazi\u0146as ar klientiem, m\u0113s speram lielu soli uz priek\u0161u, lai uzlabotu m\u016bsu attiec\u012bbas ar klientiem. Tagad, pas\u016btot jaunu projektu, klients b\u016bs p\u0101rliecin\u0101ts, ka tas tiks sa\u0146emts un apstr\u0101d\u0101ts savlaic\u012bgi, jo katrs piepras\u012bjums m\u016bsu sist\u0113m\u0101 tiek re\u0123istr\u0113ts autom\u0101tiski.<br \/>\nM\u016bsu \u0161\u0101 gada m\u0113r\u0137is ir turpin\u0101t pilnveidot sevi k\u0101 izcilas kvalit\u0101tes pakalpojumu sniedz\u0113ju, nodro\u0161inot pal\u012bdz\u012bbu m\u016bsu klientiem sazi\u0146\u0101 daudzvalodu glob\u0101laj\u0101 vid\u0113.<\/p>\n<\/div>\n<\/div><\/div><\/div><\/div><\/div>","protected":false},"excerpt":{"rendered":"<p>Baltic Media skait\u013cos: Jauni tirgi un jauni izaicin\u0101jumi Pag\u0101ju\u0161aj\u0101 gad\u0101 Baltic Media valodu pakalpojumu uz\u0146\u0113mumu grupa koncentr\u0113j\u0101s uz jaunu tirgu apg\u016b\u0161anu un produktu un pakalpojumu kvalit\u0101tes paaugstin\u0101\u0161anu, piln\u012bb\u0101 ievie\u0161ot jaunu projektu vad\u012bbas sist\u0113mu. Rezult\u0101t\u0101 ir palielin\u0101jies darba ra\u017e\u012bgums, nodro\u0161inot augstu pakalpojumu kvalit\u0101ti un samazinot izmaksas. Tas, savuk\u0101rt, ir priek\u0161roc\u012bba m\u016bsu klientiem. 357 valodu kombin\u0101cijas 2012. [&hellip;]<\/p>\n","protected":false},"author":2,"featured_media":1453,"parent":28597,"menu_order":0,"comment_status":"closed","ping_status":"closed","template":"","meta":{"ocean_post_layout":"","ocean_both_sidebars_style":"","ocean_both_sidebars_content_width":0,"ocean_both_sidebars_sidebars_width":0,"ocean_sidebar":"0","ocean_second_sidebar":"0","ocean_disable_margins":"enable","ocean_add_body_class":"","ocean_shortcode_before_top_bar":"","ocean_shortcode_after_top_bar":"","ocean_shortcode_before_header":"","ocean_shortcode_after_header":"","ocean_has_shortcode":"","ocean_shortcode_after_title":"","ocean_shortcode_before_footer_widgets":"","ocean_shortcode_after_footer_widgets":"","ocean_shortcode_before_footer_bottom":"","ocean_shortcode_after_footer_bottom":"","ocean_display_top_bar":"default","ocean_display_header":"default","ocean_header_style":"","ocean_center_header_left_menu":"0","ocean_custom_header_template":"0","ocean_custom_logo":0,"ocean_custom_retina_logo":0,"ocean_custom_logo_max_width":0,"ocean_custom_logo_tablet_max_width":0,"ocean_custom_logo_mobile_max_width":0,"ocean_custom_logo_max_height":0,"ocean_custom_logo_tablet_max_height":0,"ocean_custom_logo_mobile_max_height":0,"ocean_header_custom_menu":"0","ocean_menu_typo_font_family":"0","ocean_menu_typo_font_subset":"","ocean_menu_typo_font_size":0,"ocean_menu_typo_font_size_tablet":0,"ocean_menu_typo_font_size_mobile":0,"ocean_menu_typo_font_size_unit":"px","ocean_menu_typo_font_weight":"","ocean_menu_typo_font_weight_tablet":"","ocean_menu_typo_font_weight_mobile":"","ocean_menu_typo_transform":"","ocean_menu_typo_transform_tablet":"","ocean_menu_typo_transform_mobile":"","ocean_menu_typo_line_height":0,"ocean_menu_typo_line_height_tablet":0,"ocean_menu_typo_line_height_mobile":0,"ocean_menu_typo_line_height_unit":"","ocean_menu_typo_spacing":0,"ocean_menu_typo_spacing_tablet":0,"ocean_menu_typo_spacing_mobile":0,"ocean_menu_typo_spacing_unit":"","ocean_menu_link_color":"","ocean_menu_link_color_hover":"","ocean_menu_link_color_active":"","ocean_menu_link_background":"","ocean_menu_link_hover_background":"","ocean_menu_link_active_background":"","ocean_menu_social_links_bg":"","ocean_menu_social_hover_links_bg":"","ocean_menu_social_links_color":"","ocean_menu_social_hover_links_color":"","ocean_disable_title":"default","ocean_disable_heading":"default","ocean_post_title":"","ocean_post_subheading":"","ocean_post_title_style":"","ocean_post_title_background_color":"","ocean_post_title_background":0,"ocean_post_title_bg_image_position":"","ocean_post_title_bg_image_attachment":"","ocean_post_title_bg_image_repeat":"","ocean_post_title_bg_image_size":"","ocean_post_title_height":0,"ocean_post_title_bg_overlay":0.5,"ocean_post_title_bg_overlay_color":"","ocean_disable_breadcrumbs":"default","ocean_breadcrumbs_color":"","ocean_breadcrumbs_separator_color":"","ocean_breadcrumbs_links_color":"","ocean_breadcrumbs_links_hover_color":"","ocean_display_footer_widgets":"default","ocean_display_footer_bottom":"default","ocean_custom_footer_template":"0","ofc_meta_disable_footer_callout":"","ofc_meta_callout_button_url":"","ofc_meta_callout_button_txt":"","ofc_meta_callout_text":"","osh_disable_topbar_sticky":"default","osh_disable_header_sticky":"default","osh_sticky_header_style":"default","osh_sticky_header_effect":"","osh_custom_sticky_logo":0,"osh_custom_retina_sticky_logo":0,"osh_custom_sticky_logo_height":0,"osh_background_color":"","osh_links_color":"","osh_links_hover_color":"","osh_links_active_color":"","osh_links_bg_color":"","osh_links_hover_bg_color":"","osh_links_active_bg_color":"","osh_menu_social_links_color":"","osh_menu_social_hover_links_color":"","footnotes":""},"class_list":["post-103072","page","type-page","status-publish","has-post-thumbnail","hentry","entry","has-media"],"jetpack_sharing_enabled":true,"jetpack_likes_enabled":true,"jetpack-related-posts":[],"jetpack_shortlink":"https:\/\/wp.me\/Pe7Cu3-qOs","_links":{"self":[{"href":"https:\/\/www.balticmedia.com\/lv\/wp-json\/wp\/v2\/pages\/103072","targetHints":{"allow":["GET"]}}],"collection":[{"href":"https:\/\/www.balticmedia.com\/lv\/wp-json\/wp\/v2\/pages"}],"about":[{"href":"https:\/\/www.balticmedia.com\/lv\/wp-json\/wp\/v2\/types\/page"}],"author":[{"embeddable":true,"href":"https:\/\/www.balticmedia.com\/lv\/wp-json\/wp\/v2\/users\/2"}],"replies":[{"embeddable":true,"href":"https:\/\/www.balticmedia.com\/lv\/wp-json\/wp\/v2\/comments?post=103072"}],"version-history":[{"count":4,"href":"https:\/\/www.balticmedia.com\/lv\/wp-json\/wp\/v2\/pages\/103072\/revisions"}],"predecessor-version":[{"id":124618,"href":"https:\/\/www.balticmedia.com\/lv\/wp-json\/wp\/v2\/pages\/103072\/revisions\/124618"}],"up":[{"embeddable":true,"href":"https:\/\/www.balticmedia.com\/lv\/wp-json\/wp\/v2\/pages\/28597"}],"wp:featuredmedia":[{"embeddable":true,"href":"https:\/\/www.balticmedia.com\/lv\/wp-json\/wp\/v2\/media\/1453"}],"wp:attachment":[{"href":"https:\/\/www.balticmedia.com\/lv\/wp-json\/wp\/v2\/media?parent=103072"}],"curies":[{"name":"wp","href":"https:\/\/api.w.org\/{rel}","templated":true}]}}