{"id":102975,"date":"2022-03-29T17:10:19","date_gmt":"2022-03-29T14:10:19","guid":{"rendered":"https:\/\/www.balticmedia.com\/par-mums\/our-history-2\/"},"modified":"2023-10-27T14:04:38","modified_gmt":"2023-10-27T11:04:38","slug":"musu-vesture-2","status":"publish","type":"page","link":"https:\/\/www.balticmedia.com\/lv\/tulkot\/musu-vesture-2\/","title":{"rendered":"M\u016bsu v\u0113sture 2"},"content":{"rendered":"<div id=\"pl-102975\"  class=\"panel-layout\" ><div id=\"pg-102975-0\"  class=\"panel-grid panel-no-style\" ><div id=\"pgc-102975-0-0\"  class=\"panel-grid-cell\" ><div id=\"panel-102975-0-0-0\" class=\"so-panel widget widget_sow-image panel-first-child panel-last-child\" data-index=\"0\" ><div\n\t\t\t\n\t\t\tclass=\"so-widget-sow-image so-widget-sow-image-default-6ec9e3772f75-102975\"\n\t\t\t\n\t\t>\n<div class=\"sow-image-container\">\n\t\t<img loading=\"lazy\" decoding=\"async\" src=\"https:\/\/i0.wp.com\/www.balticmedia.com\/wp-content\/uploads\/1about_us-scaled.jpg?fit=2560%2C549&amp;ssl=1\" width=\"2560\" height=\"549\" srcset=\"https:\/\/i0.wp.com\/www.balticmedia.com\/wp-content\/uploads\/1about_us-scaled.jpg?w=2560&amp;ssl=1 2560w, https:\/\/i0.wp.com\/www.balticmedia.com\/wp-content\/uploads\/1about_us-scaled.jpg?resize=300%2C64&amp;ssl=1 300w, https:\/\/i0.wp.com\/www.balticmedia.com\/wp-content\/uploads\/1about_us-scaled.jpg?resize=1024%2C219&amp;ssl=1 1024w, https:\/\/i0.wp.com\/www.balticmedia.com\/wp-content\/uploads\/1about_us-scaled.jpg?resize=768%2C165&amp;ssl=1 768w, https:\/\/i0.wp.com\/www.balticmedia.com\/wp-content\/uploads\/1about_us-scaled.jpg?resize=1536%2C329&amp;ssl=1 1536w, https:\/\/i0.wp.com\/www.balticmedia.com\/wp-content\/uploads\/1about_us-scaled.jpg?resize=2048%2C439&amp;ssl=1 2048w, https:\/\/i0.wp.com\/www.balticmedia.com\/wp-content\/uploads\/1about_us-scaled.jpg?w=2400&amp;ssl=1 2400w\" title=\"1about_us\" alt=\"\" class=\"so-widget-image\">\n\t<\/div>\n\n<\/div><\/div><\/div><\/div><div id=\"pg-102975-1\"  class=\"panel-grid panel-no-style\" ><div id=\"pgc-102975-1-0\"  class=\"panel-grid-cell\" ><div id=\"panel-102975-1-0-0\" class=\"so-panel widget widget_sow-editor panel-first-child extendedwopts-hide extendedwopts-tablet extendedwopts-mobile widgetopts-SO\" data-index=\"1\" ><div\n\t\t\t\n\t\t\tclass=\"so-widget-sow-editor so-widget-sow-editor-base\"\n\t\t\t\n\t\t>\n<div class=\"siteorigin-widget-tinymce textwidget\">\n\t<pre><form aria-label=\"Search this website\" role=\"search\" method=\"get\" class=\"oceanwp-searchform\" id=\"searchform\" action=\"https:\/\/www.balticmedia.com\/lv\/\"><input aria-label=\"Insert search query\" type=\"text\" class=\"field\" name=\"s\" id=\"s\" placeholder=\"Mekl\u0113t\"><button aria-label=\"Submit your search\" type=\"submit\" class=\"search-submit\" value=\"\"><i class=\"icon-magnifier\" aria-hidden=\"true\"><\/i><\/button><\/form><\/pre>\n<\/div>\n<\/div><\/div><div id=\"panel-102975-1-0-1\" class=\"so-panel widget widget_ocean_custom_menu widget-oceanwp-custom-menu custom-menu-widget extendedwopts-hide extendedwopts-tablet extendedwopts-mobile widgetopts-SO\" data-index=\"2\" ><div class=\"oceanwp-custom-menu clr ocean_custom_menu-2 left dropdown-hover\"><ul id=\"menu-par-mums\" class=\"dropdown-menu sf-menu\"><li  id=\"menu-item-41166\" class=\"menu-item menu-item-type-post_type menu-item-object-page menu-item-41166\"><a href=\"https:\/\/www.balticmedia.com\/lv\/tulkot\/\" class=\"menu-link\">Tulkot tulko\u0161anas biroj\u0101 Baltic Media &#8211; izcili kvalitat\u012bvi un \u0101tri!<\/a><\/li>\n<li  id=\"menu-item-41170\" class=\"menu-item menu-item-type-post_type menu-item-object-page menu-item-41170\"><a href=\"https:\/\/www.balticmedia.com\/lv\/tulkot\/komanda\/\" class=\"menu-link\">M\u016bsu komanda<\/a><\/li>\n<li  id=\"menu-item-41171\" class=\"menu-item menu-item-type-post_type menu-item-object-page menu-item-41171\"><a href=\"https:\/\/www.balticmedia.com\/lv\/tulkot\/musu-stasts\/\" class=\"menu-link\">M\u016bsu st\u0101sts<\/a><\/li>\n<li  id=\"menu-item-41172\" class=\"menu-item menu-item-type-post_type menu-item-object-page menu-item-41172\"><a href=\"https:\/\/www.balticmedia.com\/lv\/tulkot\/musu-vertibas\/\" class=\"menu-link\">M\u016bsu v\u0113rt\u012bbas<\/a><\/li>\n<li  id=\"menu-item-41169\" class=\"menu-item menu-item-type-post_type menu-item-object-page menu-item-41169\"><a href=\"https:\/\/www.balticmedia.com\/lv\/kas-ir-tulkosanas-birojs\/\" class=\"menu-link\">Kas ir tulko\u0161anas birojs?<\/a><\/li>\n<li  id=\"menu-item-41167\" class=\"menu-item menu-item-type-post_type menu-item-object-page menu-item-41167\"><a href=\"https:\/\/www.balticmedia.com\/lv\/tulkot\/tulkosana-soli-pa-solim\/\" class=\"menu-link\">Tulko\u0161ana soli pa solim | K\u0101 darbojas tulko\u0161anas birojs?<\/a><\/li>\n<li  id=\"menu-item-84375\" class=\"menu-item menu-item-type-post_type menu-item-object-page menu-item-84375\"><a href=\"https:\/\/www.balticmedia.com\/lv\/vislabakais-un-precizakais-tulkotajs-ir-cilveks\/\" class=\"menu-link\">Vislab\u0101kais un prec\u012bz\u0101kais tulkot\u0101js ir cilv\u0113ks<\/a><\/li>\n<li  id=\"menu-item-41168\" class=\"menu-item menu-item-type-post_type menu-item-object-page menu-item-41168\"><a href=\"https:\/\/www.balticmedia.com\/lv\/tulkot\/tulkosanas-birojs-baltic-media\/\" class=\"menu-link\">K\u0101p\u0113c tulkojumu birojs Baltic Media?<\/a><\/li>\n<li  id=\"menu-item-41174\" class=\"menu-item menu-item-type-post_type menu-item-object-page menu-item-41174\"><a href=\"https:\/\/www.balticmedia.com\/lv\/tulkot\/personala-apmaciba-un-saliedesanas\/\" class=\"menu-link\">Person\u0101la apm\u0101c\u012bba un salied\u0113\u0161an\u0101s<\/a><\/li>\n<li  id=\"menu-item-41175\" class=\"menu-item menu-item-type-post_type menu-item-object-page menu-item-41175\"><a href=\"https:\/\/www.balticmedia.com\/lv\/tulkot\/privatuma-politika-un-datu-aizsardziba\/\" class=\"menu-link\">Priv\u0101tuma politika un datu aizsardz\u012bba<\/a><\/li>\n<li  id=\"menu-item-41173\" class=\"menu-item menu-item-type-post_type menu-item-object-page menu-item-41173\"><a href=\"https:\/\/www.balticmedia.com\/lv\/tulkot\/musu-vesture\/\" class=\"menu-link\">M\u016bsu v\u0113sture<\/a><\/li>\n<\/ul><\/div><\/div><div id=\"panel-102975-1-0-2\" class=\"so-panel widget widget_ocean_custom_menu widget-oceanwp-custom-menu custom-menu-widget panel-last-child extendedwopts-hide extendedwopts-tablet extendedwopts-mobile widgetopts-SO\" data-index=\"3\" ><div class=\"oceanwp-custom-menu clr ocean_custom_menu-2 left dropdown-hover\"><ul id=\"menu-partneri-lv\" class=\"dropdown-menu sf-menu\"><li  id=\"menu-item-11565\" class=\"menu-item menu-item-type-custom menu-item-object-custom menu-item-11565\"><a target=\"_blank\" href=\"https:\/\/balticmedia.s.xtrf.eu\/vendors\/#\/sign-in\" class=\"menu-link\" rel=\"nofollow noopener\"><i class=\"icon before line-icon icon-briefcase\" aria-hidden=\"true\" style=\"font-size:2em;\"><\/i><span class=\"menu-text\">Partneru port\u0101ls<\/span><\/a><\/li>\n<li  id=\"menu-item-11671\" class=\"menu-item menu-item-type-custom menu-item-object-custom menu-item-11671\"><a target=\"_blank\" href=\"https:\/\/www.balticmedia.com\/wp-content\/uploads\/11-Reasons-to-Choose-Baltic-Media-2026.pdf\" class=\"menu-link\"><i class=\"icon before line-icon icon-people\" aria-hidden=\"true\" style=\"font-size:2em;\"><\/i><span class=\"menu-text\">Baltic Media uz\u0146\u0113muma PDF profils<\/span><\/a><\/li>\n<li  id=\"menu-item-11672\" class=\"menu-item menu-item-type-custom menu-item-object-custom menu-item-11672\"><a target=\"_blank\" href=\"https:\/\/www.balticmedia.com\/wp-content\/uploads\/tulkojumu-birojs-lv.pdf\" class=\"menu-link\"><i class=\"icon before line-icon icon-organization\" aria-hidden=\"true\" style=\"font-size:2em;\"><\/i><span class=\"menu-text\">Tulkojumi. Soli pa solim<\/span><\/a><\/li>\n<li  id=\"menu-item-11709\" class=\"menu-item menu-item-type-custom menu-item-object-custom menu-item-11709\"><a target=\"_blank\" href=\"https:\/\/www.balticmedia.com\/wp-content\/uploads\/Baltic-Media-Ltd-Pakalpojumu-sniegsanas-noteikumi-LV.pdf\" class=\"menu-link\"><i class=\"icon before line-icon icon-docs\" aria-hidden=\"true\" style=\"font-size:2em;\"><\/i><span class=\"menu-text\">Tulko\u0161anas pakalpojumu snieg\u0161anas noteikumi<\/span><\/a><\/li>\n<li  id=\"menu-item-11710\" class=\"menu-item menu-item-type-custom menu-item-object-custom menu-item-11710\"><a target=\"_blank\" href=\"https:\/\/www.balticmedia.com\/wp-content\/uploads\/iSO-certificate-2023.png\" class=\"menu-link\"><i class=\"icon before line-icon icon-doc\" aria-hidden=\"true\" style=\"font-size:2em;\"><\/i><span class=\"menu-text\">ISO 9001:2015 Quality Certification<\/span><\/a><\/li>\n<li  id=\"menu-item-11723\" class=\"menu-item menu-item-type-custom menu-item-object-custom menu-item-11723\"><a target=\"_blank\" href=\"https:\/\/www.balticmedia.com\/wp-content\/uploads\/pazinojums_par_vietnes_balticmedia.com_autortiesbam_lv.pdf\" class=\"menu-link\"><i class=\"icon before line-icon icon-info\" aria-hidden=\"true\" style=\"font-size:2em;\"><\/i><span class=\"menu-text\">Autorties\u012bbas un pre\u010du z\u012bme Baltic Media<sup>\u00ae<\/sup><\/span><\/a><\/li>\n<\/ul><\/div><\/div><\/div><div id=\"pgc-102975-1-1\"  class=\"panel-grid-cell\" ><div id=\"panel-102975-1-1-0\" class=\"so-panel widget widget_siteorigin-panels-builder panel-first-child widgetopts-SO\" data-index=\"4\" ><div id=\"pl-w6311ea821f1ea\"  class=\"panel-layout\" ><div id=\"pg-w6311ea821f1ea-0\"  class=\"panel-grid panel-no-style\" ><div id=\"pgc-w6311ea821f1ea-0-0\"  class=\"panel-grid-cell\" ><div id=\"panel-w6311ea821f1ea-0-0-0\" class=\"so-panel widget widget_sow-image panel-first-child panel-last-child widgetopts-SO\" data-index=\"0\" ><div\n\t\t\t\n\t\t\tclass=\"so-widget-sow-image so-widget-sow-image-default-6ec9e3772f75\"\n\t\t\t\n\t\t><\/div><\/div><\/div><div id=\"pgc-w6311ea821f1ea-0-1\"  class=\"panel-grid-cell\" ><div id=\"panel-w6311ea821f1ea-0-1-0\" class=\"so-panel widget widget_sow-editor panel-first-child panel-last-child widgetopts-SO\" data-index=\"1\" ><div\n\t\t\t\n\t\t\tclass=\"so-widget-sow-editor so-widget-sow-editor-base\"\n\t\t\t\n\t\t>\n<div class=\"siteorigin-widget-tinymce textwidget\">\n\t<h3><a href=\"https:\/\/www.balticmedia.com\/lv\/par-mums\/musu-vesture\/baltic-media-skaitlos\/\">Baltic Media skait\u013cos: Jauni tirgi un jauni izaicin\u0101jumi<\/a><\/h3>\n<p>Pag\u0101ju\u0161aj\u0101 gad\u0101 Baltic Media valodu pakalpojumu uz\u0146\u0113mumu grupa koncentr\u0113j\u0101s uz jaunu tirgu apg\u016b\u0161anu un produktu un pakalpojumu kvalit\u0101tes paaugstin\u0101\u0161anu, piln\u012bb\u0101 ievie\u0161ot jaunu projektu vad\u012bbas sist\u0113mu.<\/p>\n<h3><a href=\"https:\/\/www.balticmedia.com\/lv\/par-mums\/musu-vesture\/baltic-media-jums-novel-veiksmigu-jauno-gadu\/\">Baltic Media nov\u0113l veiksm\u012bgu Jauno gadu!<\/a><\/h3>\n<p>2012. gads m\u016bsu uz\u0146\u0113mumam ir bijis bag\u0101ts ar jauniem piedz\u012bvojumiem, liel\u0101m iesp\u0113j\u0101m, daudziem izaicin\u0101jumiem un daudziem veiksmes st\u0101stiem. Tuvojoties sirdi sildo\u0161\u0101kajiem sv\u0113tkiem, m\u0113s v\u0113lamies izteikt sirsn\u012bgu pateic\u012bbu m\u016bsu:<\/p>\n<h3>2011. gads tulko\u0161anas birojam Baltic Media bija veiksm\u012bgs<\/h3>\n<p>Common Sense Advisory, kas ir neatkar\u012bgs ASV b\u0101z\u0113ts tirgus izp\u0113tes uz\u0146\u0113mums, ir public\u0113jis ikgad\u0113jo p\u0101rskatu par rakstisk\u0101s, lokaliz\u0101cijas un mutisk\u0101s tulko\u0161anas pakalpojumu nozari \"The Language Services Market: 2011\"*.<\/p>\n<h3>Tulko\u0161anas pakalpojumi - ko m\u0113s saprotam ar kvalit\u0101ti?<\/h3>\n<p>M\u016bsu tulko\u0161anas pakalpojumu klientiem ir augstas pras\u012bbas attiec\u012bb\u0101 uz tulko\u0161anas un lokaliz\u0101cijas pakalpojumiem, un vi\u0146i bie\u017ei mums jaut\u0101, k\u0101 m\u0113s nodro\u0161in\u0101m j\u016bsu valodas pakalpojumu un galaprodukta kvalit\u0101ti.<\/p>\n<h3>Baltic Media Ltd jaun\u0101k\u0101s inov\u0101cijas<\/h3>\n<p>\u012ass ieskats intervij\u0101 ar SIA Baltic Media direktoru Aigaru Aps\u0101nu par jaun\u0101kajiem jaunin\u0101jumiem: Pareiz\u0101s PM sist\u0113mas ieg\u0101dei bija nepiecie\u0161ams neticami ilgs laiks - aptuveni 5 gadi.<\/p>\n<h3>Pirmais Baltic Media dators - Apple Macintosh SE<\/h3>\n<p>Dators, ar kuru aizs\u0101k\u0101s jauna \u0113ra komunik\u0101ciju tehnolo\u0123ij\u0101s, ko izgudroja nesen m\u016b\u017e\u012bb\u0101 aizg\u0101ju\u0161ais St\u012bvs D\u017eobss un ra\u017eoja vi\u0146a dibin\u0101t\u0101 komp\u0101nija Apple, bija ar\u012b pirmais darba r\u012bks Baltic Media, kad 90. gadu s\u0101kum\u0101 Stokholm\u0101 tika dibin\u0101ts uz\u0146\u0113mums.<\/p>\n<h3>Jauna valodu kursu rekl\u0101ma<\/h3>\n<p>Tulkojumu un valodu kursu pakalpojumu sniedz\u0113js Baltic Media Ltd ir sagatavojis un izdevis jaunu valodu kursu rekl\u0101mu.<\/p>\n<h3 style=\"font-weight: 400;\"><strong>Tulko\u0161anas un valodu apm\u0101c\u012bbu uz\u0146\u0113mums Baltic Media Ltd. apsveic visus savus klientus ar STARPTAUTISKO TULKOJUMU DIENU.<\/strong><\/h3>\n<p style=\"font-weight: 400;\">Starptautisk\u0101 tulko\u0161anas diena tiek atz\u012bm\u0113ta katru gadu 30. septembr\u012b par godu B\u012bbeles tulkot\u0101jam Sv\u0113tajam Hieromam (347.-420. g. p\u0113c Kristus).<\/p>\n<h3>Augst\u0101ka l\u012bme\u0146a tulko\u0161anas projektu vad\u012bba<\/h3>\n<p>Tulko\u0161anas un valodu apm\u0101c\u012bbu uz\u0146\u0113mums Baltic Media Ltd ar prieku pazi\u0146o par p\u0101reju uz jaunu projektu vad\u012bbas sist\u0113mu. Projektu vad\u012bbas sist\u0113ma nodro\u0161ina cie\u0161\u0101ku, \u0101tr\u0101ku un produkt\u012bv\u0101ku saikni starp klientiem, projektu vad\u012bt\u0101jiem un pakalpojumu sniedz\u0113jiem jebkur\u0101 pasaules viet\u0101.<\/p>\n<h3>Baltic Media Ltd ar prieku pazi\u0146o, ka ir k\u013cuvusi par ELIA biedru.<\/h3>\n<p>Viens no vado\u0161ajiem Baltijas un Zieme\u013cvalstu valodu tulko\u0161anas birojiem Baltic Media Ltd ar prieku pazi\u0146o, ka ir k\u013cuvis par Eiropas Valodu nozares asoci\u0101cijas (ELIA) biedru.<\/p>\n<\/div>\n<\/div><\/div><\/div><\/div><\/div><\/div><div id=\"panel-102975-1-1-1\" class=\"so-panel widget widget_siteorigin-panels-builder panel-last-child widgetopts-SO\" data-index=\"5\" ><div id=\"pl-w62ed28f8d7923\"  class=\"panel-layout\" ><div id=\"pg-w62ed28f8d7923-0\"  class=\"panel-grid panel-no-style\" ><div id=\"pgc-w62ed28f8d7923-0-0\"  class=\"panel-grid-cell panel-grid-cell-empty\" ><\/div><div id=\"pgc-w62ed28f8d7923-0-1\"  class=\"panel-grid-cell\" ><div id=\"panel-w62ed28f8d7923-0-1-0\" class=\"so-panel widget widget_sow-button panel-first-child panel-last-child widgetopts-SO\" data-index=\"0\" ><div\n\t\t\t\n\t\t\tclass=\"so-widget-sow-button so-widget-sow-button-wire-36e22cfc6189\"\n\t\t\t\n\t\t><div class=\"ow-button-base ow-button-align-center\"\n>\n\t\t\t<a href=\"https:\/\/www.balticmedia.com\/lv\/par-mums\/musu-vesture\/\" class=\"sowb-button ow-icon-placement-right\">\n\t\t<span>\n\t\t\t<span class=\"sow-icon-fontawesome sow-far\" data-sow-icon=\"&#xf191;\"\n\t\tstyle=\"\" \n\t\taria-hidden=\"true\"><\/span>\n\t\t\tM\u016bsu v\u0113sture\t\t<\/span>\n\t\t\t<\/a>\n\t<\/div>\n<\/div><\/div><\/div><div id=\"pgc-w62ed28f8d7923-0-2\"  class=\"panel-grid-cell\" ><div id=\"panel-w62ed28f8d7923-0-2-0\" class=\"so-panel widget widget_sow-button panel-first-child panel-last-child widgetopts-SO\" data-index=\"1\" ><div\n\t\t\t\n\t\t\tclass=\"so-widget-sow-button so-widget-sow-button-wire-36e22cfc6189\"\n\t\t\t\n\t\t><div class=\"ow-button-base ow-button-align-center\"\n>\n\t\t\t<a href=\"https:\/\/www.balticmedia.com\/language-service-translation-company\/our-history-3\/\" class=\"sowb-button ow-icon-placement-left\">\n\t\t<span>\n\t\t\t<span class=\"sow-icon-fontawesome sow-far\" data-sow-icon=\"&#xf152;\"\n\t\tstyle=\"\" \n\t\taria-hidden=\"true\"><\/span>\n\t\t\tM\u016bsu v\u0113sture 3\t\t<\/span>\n\t\t\t<\/a>\n\t<\/div>\n<\/div><\/div><\/div><div id=\"pgc-w62ed28f8d7923-0-3\"  class=\"panel-grid-cell panel-grid-cell-mobile-last\" ><div id=\"panel-w62ed28f8d7923-0-3-0\" class=\"so-panel widget widget_sow-button panel-first-child panel-last-child widgetopts-SO\" data-index=\"2\" ><div\n\t\t\t\n\t\t\tclass=\"so-widget-sow-button so-widget-sow-button-wire-36e22cfc6189\"\n\t\t\t\n\t\t><div class=\"ow-button-base ow-button-align-center\"\n>\n\t\t\t<a href=\"https:\/\/www.balticmedia.com\/language-service-translation-company\/our-history-4\/\" class=\"sowb-button ow-icon-placement-left\">\n\t\t<span>\n\t\t\t<span class=\"sow-icon-fontawesome sow-far\" data-sow-icon=\"&#xf152;\"\n\t\tstyle=\"\" \n\t\taria-hidden=\"true\"><\/span>\n\t\t\tM\u016bsu v\u0113sture 4\t\t<\/span>\n\t\t\t<\/a>\n\t<\/div>\n<\/div><\/div><\/div><div id=\"pgc-w62ed28f8d7923-0-4\"  class=\"panel-grid-cell panel-grid-cell-empty\" ><\/div><\/div><\/div><\/div><\/div><\/div><\/div>","protected":false},"excerpt":{"rendered":"<p>Tulkot tulko\u0161anas biroj\u0101 Baltic Media &#8211; izcili kvalitat\u012bvi un \u0101tri! M\u016bsu komanda M\u016bsu st\u0101sts M\u016bsu v\u0113rt\u012bbas Kas ir tulko\u0161anas birojs? Tulko\u0161ana soli pa solim | K\u0101 darbojas tulko\u0161anas birojs? Vislab\u0101kais un prec\u012bz\u0101kais tulkot\u0101js ir cilv\u0113ks K\u0101p\u0113c tulkojumu birojs Baltic Media? Person\u0101la apm\u0101c\u012bba un salied\u0113\u0161an\u0101s Priv\u0101tuma politika un datu aizsardz\u012bba M\u016bsu v\u0113sture Partneru port\u0101ls Baltic Media [&hellip;]<\/p>\n","protected":false},"author":2,"featured_media":0,"parent":8209,"menu_order":0,"comment_status":"closed","ping_status":"closed","template":"","meta":{"ocean_post_layout":"","ocean_both_sidebars_style":"","ocean_both_sidebars_content_width":0,"ocean_both_sidebars_sidebars_width":0,"ocean_sidebar":"0","ocean_second_sidebar":"0","ocean_disable_margins":"enable","ocean_add_body_class":"","ocean_shortcode_before_top_bar":"","ocean_shortcode_after_top_bar":"","ocean_shortcode_before_header":"","ocean_shortcode_after_header":"","ocean_has_shortcode":"","ocean_shortcode_after_title":"","ocean_shortcode_before_footer_widgets":"","ocean_shortcode_after_footer_widgets":"","ocean_shortcode_before_footer_bottom":"","ocean_shortcode_after_footer_bottom":"","ocean_display_top_bar":"default","ocean_display_header":"default","ocean_header_style":"","ocean_center_header_left_menu":"0","ocean_custom_header_template":"0","ocean_custom_logo":0,"ocean_custom_retina_logo":0,"ocean_custom_logo_max_width":0,"ocean_custom_logo_tablet_max_width":0,"ocean_custom_logo_mobile_max_width":0,"ocean_custom_logo_max_height":0,"ocean_custom_logo_tablet_max_height":0,"ocean_custom_logo_mobile_max_height":0,"ocean_header_custom_menu":"0","ocean_menu_typo_font_family":"0","ocean_menu_typo_font_subset":"","ocean_menu_typo_font_size":0,"ocean_menu_typo_font_size_tablet":0,"ocean_menu_typo_font_size_mobile":0,"ocean_menu_typo_font_size_unit":"px","ocean_menu_typo_font_weight":"","ocean_menu_typo_font_weight_tablet":"","ocean_menu_typo_font_weight_mobile":"","ocean_menu_typo_transform":"","ocean_menu_typo_transform_tablet":"","ocean_menu_typo_transform_mobile":"","ocean_menu_typo_line_height":0,"ocean_menu_typo_line_height_tablet":0,"ocean_menu_typo_line_height_mobile":0,"ocean_menu_typo_line_height_unit":"","ocean_menu_typo_spacing":0,"ocean_menu_typo_spacing_tablet":0,"ocean_menu_typo_spacing_mobile":0,"ocean_menu_typo_spacing_unit":"","ocean_menu_link_color":"","ocean_menu_link_color_hover":"","ocean_menu_link_color_active":"","ocean_menu_link_background":"","ocean_menu_link_hover_background":"","ocean_menu_link_active_background":"","ocean_menu_social_links_bg":"","ocean_menu_social_hover_links_bg":"","ocean_menu_social_links_color":"","ocean_menu_social_hover_links_color":"","ocean_disable_title":"default","ocean_disable_heading":"default","ocean_post_title":"","ocean_post_subheading":"","ocean_post_title_style":"","ocean_post_title_background_color":"","ocean_post_title_background":0,"ocean_post_title_bg_image_position":"","ocean_post_title_bg_image_attachment":"","ocean_post_title_bg_image_repeat":"","ocean_post_title_bg_image_size":"","ocean_post_title_height":0,"ocean_post_title_bg_overlay":0.5,"ocean_post_title_bg_overlay_color":"","ocean_disable_breadcrumbs":"default","ocean_breadcrumbs_color":"","ocean_breadcrumbs_separator_color":"","ocean_breadcrumbs_links_color":"","ocean_breadcrumbs_links_hover_color":"","ocean_display_footer_widgets":"default","ocean_display_footer_bottom":"default","ocean_custom_footer_template":"0","ofc_meta_disable_footer_callout":"","ofc_meta_callout_button_url":"","ofc_meta_callout_button_txt":"","ofc_meta_callout_text":"","osh_disable_topbar_sticky":"default","osh_disable_header_sticky":"default","osh_sticky_header_style":"default","osh_sticky_header_effect":"","osh_custom_sticky_logo":0,"osh_custom_retina_sticky_logo":0,"osh_custom_sticky_logo_height":0,"osh_background_color":"","osh_links_color":"","osh_links_hover_color":"","osh_links_active_color":"","osh_links_bg_color":"","osh_links_hover_bg_color":"","osh_links_active_bg_color":"","osh_menu_social_links_color":"","osh_menu_social_hover_links_color":"","footnotes":""},"class_list":["post-102975","page","type-page","status-publish","hentry","entry"],"jetpack_sharing_enabled":true,"jetpack_likes_enabled":true,"jetpack-related-posts":[],"jetpack_shortlink":"https:\/\/wp.me\/Pe7Cu3-qMT","_links":{"self":[{"href":"https:\/\/www.balticmedia.com\/lv\/wp-json\/wp\/v2\/pages\/102975","targetHints":{"allow":["GET"]}}],"collection":[{"href":"https:\/\/www.balticmedia.com\/lv\/wp-json\/wp\/v2\/pages"}],"about":[{"href":"https:\/\/www.balticmedia.com\/lv\/wp-json\/wp\/v2\/types\/page"}],"author":[{"embeddable":true,"href":"https:\/\/www.balticmedia.com\/lv\/wp-json\/wp\/v2\/users\/2"}],"replies":[{"embeddable":true,"href":"https:\/\/www.balticmedia.com\/lv\/wp-json\/wp\/v2\/comments?post=102975"}],"version-history":[{"count":10,"href":"https:\/\/www.balticmedia.com\/lv\/wp-json\/wp\/v2\/pages\/102975\/revisions"}],"predecessor-version":[{"id":124620,"href":"https:\/\/www.balticmedia.com\/lv\/wp-json\/wp\/v2\/pages\/102975\/revisions\/124620"}],"up":[{"embeddable":true,"href":"https:\/\/www.balticmedia.com\/lv\/wp-json\/wp\/v2\/pages\/8209"}],"wp:attachment":[{"href":"https:\/\/www.balticmedia.com\/lv\/wp-json\/wp\/v2\/media?parent=102975"}],"curies":[{"name":"wp","href":"https:\/\/api.w.org\/{rel}","templated":true}]}}