{"id":102968,"date":"2021-02-13T13:24:40","date_gmt":"2021-02-13T11:24:40","guid":{"rendered":"https:\/\/www.balticmedia.com\/par-mums\/musu-vesture\/customer-portal\/"},"modified":"2025-11-24T20:23:40","modified_gmt":"2025-11-24T18:23:40","slug":"klientu-portals","status":"publish","type":"page","link":"https:\/\/www.balticmedia.com\/lv\/tulkot\/musu-vesture\/klientu-portals\/","title":{"rendered":"Klientu port\u0101ls"},"content":{"rendered":"<div id=\"pl-102968\"  class=\"panel-layout\" ><div id=\"pg-102968-0\"  class=\"panel-grid panel-no-style\" ><div id=\"pgc-102968-0-0\"  class=\"panel-grid-cell\" ><div id=\"panel-102968-0-0-0\" class=\"so-panel widget widget_sow-image panel-first-child panel-last-child\" data-index=\"0\" ><div\n\t\t\t\n\t\t\tclass=\"so-widget-sow-image so-widget-sow-image-default-8b5b6f678277-102968\"\n\t\t\t\n\t\t>\n<div class=\"sow-image-container\">\n\t\t<img loading=\"lazy\" decoding=\"async\" src=\"https:\/\/i0.wp.com\/www.balticmedia.com\/wp-content\/uploads\/1about_us-scaled.jpg?fit=2560%2C549&amp;ssl=1\" width=\"2560\" height=\"549\" srcset=\"https:\/\/i0.wp.com\/www.balticmedia.com\/wp-content\/uploads\/1about_us-scaled.jpg?w=2560&amp;ssl=1 2560w, https:\/\/i0.wp.com\/www.balticmedia.com\/wp-content\/uploads\/1about_us-scaled.jpg?resize=300%2C64&amp;ssl=1 300w, https:\/\/i0.wp.com\/www.balticmedia.com\/wp-content\/uploads\/1about_us-scaled.jpg?resize=1024%2C219&amp;ssl=1 1024w, https:\/\/i0.wp.com\/www.balticmedia.com\/wp-content\/uploads\/1about_us-scaled.jpg?resize=768%2C165&amp;ssl=1 768w, https:\/\/i0.wp.com\/www.balticmedia.com\/wp-content\/uploads\/1about_us-scaled.jpg?resize=1536%2C329&amp;ssl=1 1536w, https:\/\/i0.wp.com\/www.balticmedia.com\/wp-content\/uploads\/1about_us-scaled.jpg?resize=2048%2C439&amp;ssl=1 2048w, https:\/\/i0.wp.com\/www.balticmedia.com\/wp-content\/uploads\/1about_us-scaled.jpg?w=2400&amp;ssl=1 2400w\" title=\"1about_us\" alt=\"\" class=\"so-widget-image\">\n\t<\/div>\n\n<\/div><\/div><\/div><\/div><div id=\"pg-102968-1\"  class=\"panel-grid panel-no-style\" ><div id=\"pgc-102968-1-0\"  class=\"panel-grid-cell\" ><div id=\"panel-102968-1-0-0\" class=\"so-panel widget widget_sow-editor panel-first-child extendedwopts-hide extendedwopts-tablet extendedwopts-mobile widgetopts-SO\" data-index=\"1\" ><div\n\t\t\t\n\t\t\tclass=\"so-widget-sow-editor so-widget-sow-editor-base\"\n\t\t\t\n\t\t>\n<div class=\"siteorigin-widget-tinymce textwidget\">\n\t<pre><form aria-label=\"Search this website\" role=\"search\" method=\"get\" class=\"oceanwp-searchform\" id=\"searchform\" action=\"https:\/\/www.balticmedia.com\/lv\/\"><input aria-label=\"Insert search query\" type=\"text\" class=\"field\" name=\"s\" id=\"s\" placeholder=\"Mekl\u0113t\"><button aria-label=\"Submit your search\" type=\"submit\" class=\"search-submit\" value=\"\"><i class=\"icon-magnifier\" aria-hidden=\"true\"><\/i><\/button><\/form><\/pre>\n<\/div>\n<\/div><\/div><div id=\"panel-102968-1-0-1\" class=\"so-panel widget widget_ocean_custom_menu widget-oceanwp-custom-menu custom-menu-widget extendedwopts-hide extendedwopts-tablet extendedwopts-mobile widgetopts-SO\" data-index=\"2\" ><div class=\"oceanwp-custom-menu clr ocean_custom_menu-2 left dropdown-hover\"><ul id=\"menu-par-mums\" class=\"dropdown-menu sf-menu\"><li  id=\"menu-item-41166\" class=\"menu-item menu-item-type-post_type menu-item-object-page menu-item-41166\"><a href=\"https:\/\/www.balticmedia.com\/lv\/tulkot\/\" class=\"menu-link\">Tulkot tulko\u0161anas biroj\u0101 Baltic Media &#8211; izcili kvalitat\u012bvi un \u0101tri!<\/a><\/li>\n<li  id=\"menu-item-41170\" class=\"menu-item menu-item-type-post_type menu-item-object-page menu-item-41170\"><a href=\"https:\/\/www.balticmedia.com\/lv\/tulkot\/komanda\/\" class=\"menu-link\">M\u016bsu komanda<\/a><\/li>\n<li  id=\"menu-item-41171\" class=\"menu-item menu-item-type-post_type menu-item-object-page menu-item-41171\"><a href=\"https:\/\/www.balticmedia.com\/lv\/tulkot\/musu-stasts\/\" class=\"menu-link\">M\u016bsu st\u0101sts<\/a><\/li>\n<li  id=\"menu-item-41172\" class=\"menu-item menu-item-type-post_type menu-item-object-page menu-item-41172\"><a href=\"https:\/\/www.balticmedia.com\/lv\/tulkot\/musu-vertibas\/\" class=\"menu-link\">M\u016bsu v\u0113rt\u012bbas<\/a><\/li>\n<li  id=\"menu-item-41169\" class=\"menu-item menu-item-type-post_type menu-item-object-page menu-item-41169\"><a href=\"https:\/\/www.balticmedia.com\/lv\/kas-ir-tulkosanas-birojs\/\" class=\"menu-link\">Kas ir tulko\u0161anas birojs?<\/a><\/li>\n<li  id=\"menu-item-41167\" class=\"menu-item menu-item-type-post_type menu-item-object-page menu-item-41167\"><a href=\"https:\/\/www.balticmedia.com\/lv\/tulkot\/tulkosana-soli-pa-solim\/\" class=\"menu-link\">Tulko\u0161ana soli pa solim | K\u0101 darbojas tulko\u0161anas birojs?<\/a><\/li>\n<li  id=\"menu-item-84375\" class=\"menu-item menu-item-type-post_type menu-item-object-page menu-item-84375\"><a href=\"https:\/\/www.balticmedia.com\/lv\/vislabakais-un-precizakais-tulkotajs-ir-cilveks\/\" class=\"menu-link\">Vislab\u0101kais un prec\u012bz\u0101kais tulkot\u0101js ir cilv\u0113ks<\/a><\/li>\n<li  id=\"menu-item-41168\" class=\"menu-item menu-item-type-post_type menu-item-object-page menu-item-41168\"><a href=\"https:\/\/www.balticmedia.com\/lv\/tulkot\/tulkosanas-birojs-baltic-media\/\" class=\"menu-link\">K\u0101p\u0113c tulkojumu birojs Baltic Media?<\/a><\/li>\n<li  id=\"menu-item-41174\" class=\"menu-item menu-item-type-post_type menu-item-object-page menu-item-41174\"><a href=\"https:\/\/www.balticmedia.com\/lv\/tulkot\/personala-apmaciba-un-saliedesanas\/\" class=\"menu-link\">Person\u0101la apm\u0101c\u012bba un salied\u0113\u0161an\u0101s<\/a><\/li>\n<li  id=\"menu-item-41175\" class=\"menu-item menu-item-type-post_type menu-item-object-page menu-item-41175\"><a href=\"https:\/\/www.balticmedia.com\/lv\/tulkot\/privatuma-politika-un-datu-aizsardziba\/\" class=\"menu-link\">Priv\u0101tuma politika un datu aizsardz\u012bba<\/a><\/li>\n<li  id=\"menu-item-41173\" class=\"menu-item menu-item-type-post_type menu-item-object-page menu-item-41173\"><a href=\"https:\/\/www.balticmedia.com\/lv\/tulkot\/musu-vesture\/\" class=\"menu-link\">M\u016bsu v\u0113sture<\/a><\/li>\n<\/ul><\/div><\/div><div id=\"panel-102968-1-0-2\" class=\"so-panel widget widget_ocean_custom_menu widget-oceanwp-custom-menu custom-menu-widget panel-last-child extendedwopts-hide extendedwopts-tablet extendedwopts-mobile widgetopts-SO\" data-index=\"3\" ><div class=\"oceanwp-custom-menu clr ocean_custom_menu-2 left dropdown-hover\"><ul id=\"menu-partneri-lv\" class=\"dropdown-menu sf-menu\"><li  id=\"menu-item-11565\" class=\"menu-item menu-item-type-custom menu-item-object-custom menu-item-11565\"><a target=\"_blank\" href=\"https:\/\/balticmedia.s.xtrf.eu\/vendors\/#\/sign-in\" class=\"menu-link\" rel=\"nofollow noopener\"><i class=\"icon before line-icon icon-briefcase\" aria-hidden=\"true\" style=\"font-size:2em;\"><\/i><span class=\"menu-text\">Partneru port\u0101ls<\/span><\/a><\/li>\n<li  id=\"menu-item-11671\" class=\"menu-item menu-item-type-custom menu-item-object-custom menu-item-11671\"><a target=\"_blank\" href=\"https:\/\/www.balticmedia.com\/wp-content\/uploads\/11-Reasons-to-Choose-Baltic-Media-2026.pdf\" class=\"menu-link\"><i class=\"icon before line-icon icon-people\" aria-hidden=\"true\" style=\"font-size:2em;\"><\/i><span class=\"menu-text\">Baltic Media uz\u0146\u0113muma PDF profils<\/span><\/a><\/li>\n<li  id=\"menu-item-11672\" class=\"menu-item menu-item-type-custom menu-item-object-custom menu-item-11672\"><a target=\"_blank\" href=\"https:\/\/www.balticmedia.com\/wp-content\/uploads\/tulkojumu-birojs-lv.pdf\" class=\"menu-link\"><i class=\"icon before line-icon icon-organization\" aria-hidden=\"true\" style=\"font-size:2em;\"><\/i><span class=\"menu-text\">Tulkojumi. Soli pa solim<\/span><\/a><\/li>\n<li  id=\"menu-item-11709\" class=\"menu-item menu-item-type-custom menu-item-object-custom menu-item-11709\"><a target=\"_blank\" href=\"https:\/\/www.balticmedia.com\/wp-content\/uploads\/Baltic-Media-Ltd-Pakalpojumu-sniegsanas-noteikumi-LV.pdf\" class=\"menu-link\"><i class=\"icon before line-icon icon-docs\" aria-hidden=\"true\" style=\"font-size:2em;\"><\/i><span class=\"menu-text\">Tulko\u0161anas pakalpojumu snieg\u0161anas noteikumi<\/span><\/a><\/li>\n<li  id=\"menu-item-11710\" class=\"menu-item menu-item-type-custom menu-item-object-custom menu-item-11710\"><a target=\"_blank\" href=\"https:\/\/www.balticmedia.com\/wp-content\/uploads\/Baltic-Media-Ltd_9k-i12-en-cert-Final.pdf\" class=\"menu-link\"><i class=\"icon before line-icon icon-doc\" aria-hidden=\"true\" style=\"font-size:2em;\"><\/i><span class=\"menu-text\">ISO 9001:2015 Quality Certification<\/span><\/a><\/li>\n<li  id=\"menu-item-11723\" class=\"menu-item menu-item-type-custom menu-item-object-custom menu-item-11723\"><a target=\"_blank\" href=\"https:\/\/www.balticmedia.com\/wp-content\/uploads\/pazinojums_par_vietnes_balticmedia.com_autortiesbam_lv.pdf\" class=\"menu-link\"><i class=\"icon before line-icon icon-info\" aria-hidden=\"true\" style=\"font-size:2em;\"><\/i><span class=\"menu-text\">Autorties\u012bbas un pre\u010du z\u012bme Baltic Media<sup>\u00ae<\/sup><\/span><\/a><\/li>\n<\/ul><\/div><\/div><\/div><div id=\"pgc-102968-1-1\"  class=\"panel-grid-cell\" ><div id=\"panel-102968-1-1-0\" class=\"so-panel widget widget_sow-editor panel-first-child widgetopts-SO\" data-index=\"4\" ><div\n\t\t\t\n\t\t\tclass=\"so-widget-sow-editor so-widget-sow-editor-base\"\n\t\t\t\n\t\t>\n<div class=\"siteorigin-widget-tinymce textwidget\">\n\t<h1><strong>Klientu port\u0101ls<\/strong><\/h1>\n<\/div>\n<\/div><\/div><div id=\"panel-102968-1-1-1\" class=\"so-panel widget widget_siteorigin-panels-builder panel-last-child widgetopts-SO\" data-index=\"5\" ><div id=\"pl-w6924a2ac68a34\"  class=\"panel-layout\" ><div id=\"pg-w6924a2ac68a34-0\"  class=\"panel-grid panel-no-style\" ><div id=\"pgc-w6924a2ac68a34-0-0\"  class=\"panel-grid-cell\" ><div id=\"panel-w6924a2ac68a34-0-0-0\" class=\"so-panel widget widget_sow-editor panel-first-child panel-last-child widgetopts-SO\" data-index=\"0\" ><div\n\t\t\t\n\t\t\tclass=\"so-widget-sow-editor so-widget-sow-editor-base\"\n\t\t\t\n\t\t>\n<div class=\"siteorigin-widget-tinymce textwidget\">\n\t<div>\n<p>Valodu pakalpojumu uz\u0146\u0113mums <strong>Baltic Media Ltd.<\/strong> turpina att\u012bst\u012bbu pie pakalpojumu un apkalpo\u0161anas kvalit\u0101tes cel\u0161anas<strong>.<\/strong> S\u0101kot ar 2013. gadu, savu klientu \u0113rt\u012bb\u0101m ievie\u0161am modernu un \u0113rtu <strong>interneta port\u0101lu<\/strong>. \u0160aj\u0101 port\u0101l\u0101 ikviens klients, kur\u0161 veicis pas\u016bt\u012bjumu <strong>Baltic Media<\/strong> grupas uz\u0146\u0113mumos, tie\u0161saist\u0113 var\u0113s:<\/p>\n<ul>\n<li><strong>sekot projektu gaitai<\/strong>;<\/li>\n<li><strong>lejupiel\u0101d\u0113t tulko\u0161anas un citu projekta dokumentus<\/strong> (pieejama ar\u012b projektu v\u0113sture);<\/li>\n<li><strong>sazin\u0101ties <\/strong>un <strong>noskaidrot kontaktinform\u0101ciju<\/strong> par savu projektu, k\u0101 ar\u012b komunic\u0113t ar projekta p\u0101rdo\u0161anas vai finan\u0161u vad\u012bt\u0101ju;<\/li>\n<li><strong>veikt pas\u016bt\u012bjumus,<\/strong> nebaidoties, ka e-pasta piepras\u012bjums non\u0101k m\u0113stu\u013cu sada\u013c\u0101;<\/li>\n<li><strong>ieg\u016bt inform\u0101ciju par r\u0113\u0137inu apmaksu;<\/strong><\/li>\n<li><strong>lejupiel\u0101d\u0113t r\u0113\u0137inu <\/strong>(pieejama ar\u012b r\u0113\u0137inu v\u0113sture);<\/li>\n<li><strong>sa\u0146emt atskaites<\/strong> par veiktajiem pakalpojumiem;<\/li>\n<li><strong>main\u012bt uz\u0146\u0113muma inform\u0101ciju<\/strong> \u2013 kontaktpersonas, kontaktinform\u0101ciju, nor\u0113\u0137inu inform\u0101cija.<\/li>\n<li>Klientu port\u0101la izveide tulko\u0161anas uz\u0146\u0113mumam Baltic Media bija viens no svar\u012bg\u0101kajiem <strong> gada m\u0113r\u0137iem<\/strong>, kas klientiem \u013caus \u0113rti, patst\u0101v\u012bgi un, vien, ar p\u0101ris peles klik\u0161\u0137iem noskaidrot inform\u0101ciju par sev interes\u0113jo\u0161iem jaut\u0101jumiem.<\/li>\n<li>Par iesp\u0113ju pievienoties <strong>klientu port\u0101lam<\/strong>, jaut\u0101jiet savam projektu vad\u012bt\u0101jam.<\/li>\n<li><strong>Baltic Media Ltd. \u2013<\/strong> <strong><em>Personaliz\u0113ti valodu risin\u0101jumi<\/em><\/strong><\/li>\n<\/ul>\n<\/div>\n<\/div>\n<\/div><\/div><\/div><\/div><\/div><\/div><\/div><\/div><\/div>","protected":false},"excerpt":{"rendered":"<p>Klientu port\u0101ls<\/p>\n","protected":false},"author":2,"featured_media":0,"parent":28597,"menu_order":0,"comment_status":"closed","ping_status":"closed","template":"","meta":{"ocean_post_layout":"","ocean_both_sidebars_style":"","ocean_both_sidebars_content_width":0,"ocean_both_sidebars_sidebars_width":0,"ocean_sidebar":"0","ocean_second_sidebar":"0","ocean_disable_margins":"enable","ocean_add_body_class":"","ocean_shortcode_before_top_bar":"","ocean_shortcode_after_top_bar":"","ocean_shortcode_before_header":"","ocean_shortcode_after_header":"","ocean_has_shortcode":"","ocean_shortcode_after_title":"","ocean_shortcode_before_footer_widgets":"","ocean_shortcode_after_footer_widgets":"","ocean_shortcode_before_footer_bottom":"","ocean_shortcode_after_footer_bottom":"","ocean_display_top_bar":"default","ocean_display_header":"default","ocean_header_style":"","ocean_center_header_left_menu":"0","ocean_custom_header_template":"0","ocean_custom_logo":0,"ocean_custom_retina_logo":0,"ocean_custom_logo_max_width":0,"ocean_custom_logo_tablet_max_width":0,"ocean_custom_logo_mobile_max_width":0,"ocean_custom_logo_max_height":0,"ocean_custom_logo_tablet_max_height":0,"ocean_custom_logo_mobile_max_height":0,"ocean_header_custom_menu":"0","ocean_menu_typo_font_family":"0","ocean_menu_typo_font_subset":"","ocean_menu_typo_font_size":0,"ocean_menu_typo_font_size_tablet":0,"ocean_menu_typo_font_size_mobile":0,"ocean_menu_typo_font_size_unit":"px","ocean_menu_typo_font_weight":"","ocean_menu_typo_font_weight_tablet":"","ocean_menu_typo_font_weight_mobile":"","ocean_menu_typo_transform":"","ocean_menu_typo_transform_tablet":"","ocean_menu_typo_transform_mobile":"","ocean_menu_typo_line_height":0,"ocean_menu_typo_line_height_tablet":0,"ocean_menu_typo_line_height_mobile":0,"ocean_menu_typo_line_height_unit":"","ocean_menu_typo_spacing":0,"ocean_menu_typo_spacing_tablet":0,"ocean_menu_typo_spacing_mobile":0,"ocean_menu_typo_spacing_unit":"","ocean_menu_link_color":"","ocean_menu_link_color_hover":"","ocean_menu_link_color_active":"","ocean_menu_link_background":"","ocean_menu_link_hover_background":"","ocean_menu_link_active_background":"","ocean_menu_social_links_bg":"","ocean_menu_social_hover_links_bg":"","ocean_menu_social_links_color":"","ocean_menu_social_hover_links_color":"","ocean_disable_title":"default","ocean_disable_heading":"default","ocean_post_title":"","ocean_post_subheading":"","ocean_post_title_style":"","ocean_post_title_background_color":"","ocean_post_title_background":0,"ocean_post_title_bg_image_position":"","ocean_post_title_bg_image_attachment":"","ocean_post_title_bg_image_repeat":"","ocean_post_title_bg_image_size":"","ocean_post_title_height":0,"ocean_post_title_bg_overlay":0.5,"ocean_post_title_bg_overlay_color":"","ocean_disable_breadcrumbs":"default","ocean_breadcrumbs_color":"","ocean_breadcrumbs_separator_color":"","ocean_breadcrumbs_links_color":"","ocean_breadcrumbs_links_hover_color":"","ocean_display_footer_widgets":"default","ocean_display_footer_bottom":"default","ocean_custom_footer_template":"0","ofc_meta_disable_footer_callout":"","ofc_meta_callout_button_url":"","ofc_meta_callout_button_txt":"","ofc_meta_callout_text":"","osh_disable_topbar_sticky":"default","osh_disable_header_sticky":"default","osh_sticky_header_style":"default","osh_sticky_header_effect":"","osh_custom_sticky_logo":0,"osh_custom_retina_sticky_logo":0,"osh_custom_sticky_logo_height":0,"osh_background_color":"","osh_links_color":"","osh_links_hover_color":"","osh_links_active_color":"","osh_links_bg_color":"","osh_links_hover_bg_color":"","osh_links_active_bg_color":"","osh_menu_social_links_color":"","osh_menu_social_hover_links_color":"","footnotes":""},"class_list":["post-102968","page","type-page","status-publish","hentry","entry"],"jetpack_sharing_enabled":true,"jetpack_likes_enabled":true,"jetpack-related-posts":[],"jetpack_shortlink":"https:\/\/wp.me\/Pe7Cu3-qMM","_links":{"self":[{"href":"https:\/\/www.balticmedia.com\/lv\/wp-json\/wp\/v2\/pages\/102968","targetHints":{"allow":["GET"]}}],"collection":[{"href":"https:\/\/www.balticmedia.com\/lv\/wp-json\/wp\/v2\/pages"}],"about":[{"href":"https:\/\/www.balticmedia.com\/lv\/wp-json\/wp\/v2\/types\/page"}],"author":[{"embeddable":true,"href":"https:\/\/www.balticmedia.com\/lv\/wp-json\/wp\/v2\/users\/2"}],"replies":[{"embeddable":true,"href":"https:\/\/www.balticmedia.com\/lv\/wp-json\/wp\/v2\/comments?post=102968"}],"version-history":[{"count":15,"href":"https:\/\/www.balticmedia.com\/lv\/wp-json\/wp\/v2\/pages\/102968\/revisions"}],"predecessor-version":[{"id":140688,"href":"https:\/\/www.balticmedia.com\/lv\/wp-json\/wp\/v2\/pages\/102968\/revisions\/140688"}],"up":[{"embeddable":true,"href":"https:\/\/www.balticmedia.com\/lv\/wp-json\/wp\/v2\/pages\/28597"}],"wp:attachment":[{"href":"https:\/\/www.balticmedia.com\/lv\/wp-json\/wp\/v2\/media?parent=102968"}],"curies":[{"name":"wp","href":"https:\/\/api.w.org\/{rel}","templated":true}]}}