{"id":102860,"date":"2021-02-12T15:06:27","date_gmt":"2021-02-12T13:06:27","guid":{"rendered":"https:\/\/www.balticmedia.com\/par-mums\/musu-vesture\/we-can-help-you-capture-new-nordic-and-baltic-markets\/"},"modified":"2025-08-26T22:20:04","modified_gmt":"2025-08-26T19:20:04","slug":"velaties-iekarot-jaunus-tirgus-un-pardot-vairak-te-bus-padoms-ar-ko-sakt","status":"publish","type":"page","link":"https:\/\/www.balticmedia.com\/lv\/tulkot\/musu-vesture\/velaties-iekarot-jaunus-tirgus-un-pardot-vairak-te-bus-padoms-ar-ko-sakt\/","title":{"rendered":"V\u0113laties iekarot jaunus tirgus un p\u0101rdot vair\u0101k? Te b\u016bs padoms, ar ko s\u0101kt!"},"content":{"rendered":"<div id=\"pl-102860\"  class=\"panel-layout\" ><div id=\"pg-102860-0\"  class=\"panel-grid panel-no-style\" ><div id=\"pgc-102860-0-0\"  class=\"panel-grid-cell\" ><div id=\"panel-102860-0-0-0\" class=\"so-panel widget widget_sow-image panel-first-child panel-last-child\" data-index=\"0\" ><div\n\t\t\t\n\t\t\tclass=\"so-widget-sow-image so-widget-sow-image-default-8b5b6f678277-102860\"\n\t\t\t\n\t\t>\n<div class=\"sow-image-container\">\n\t\t<img loading=\"lazy\" decoding=\"async\" src=\"https:\/\/i0.wp.com\/www.balticmedia.com\/wp-content\/uploads\/1about_us-scaled.jpg?fit=2560%2C549&amp;ssl=1\" width=\"2560\" height=\"549\" srcset=\"https:\/\/i0.wp.com\/www.balticmedia.com\/wp-content\/uploads\/1about_us-scaled.jpg?w=2560&amp;ssl=1 2560w, https:\/\/i0.wp.com\/www.balticmedia.com\/wp-content\/uploads\/1about_us-scaled.jpg?resize=300%2C64&amp;ssl=1 300w, https:\/\/i0.wp.com\/www.balticmedia.com\/wp-content\/uploads\/1about_us-scaled.jpg?resize=1024%2C219&amp;ssl=1 1024w, https:\/\/i0.wp.com\/www.balticmedia.com\/wp-content\/uploads\/1about_us-scaled.jpg?resize=768%2C165&amp;ssl=1 768w, https:\/\/i0.wp.com\/www.balticmedia.com\/wp-content\/uploads\/1about_us-scaled.jpg?resize=1536%2C329&amp;ssl=1 1536w, https:\/\/i0.wp.com\/www.balticmedia.com\/wp-content\/uploads\/1about_us-scaled.jpg?resize=2048%2C439&amp;ssl=1 2048w, https:\/\/i0.wp.com\/www.balticmedia.com\/wp-content\/uploads\/1about_us-scaled.jpg?w=2400&amp;ssl=1 2400w\" title=\"1about_us\" alt=\"\" class=\"so-widget-image\">\n\t<\/div>\n\n<\/div><\/div><\/div><\/div><div id=\"pg-102860-1\"  class=\"panel-grid panel-no-style\" ><div id=\"pgc-102860-1-0\"  class=\"panel-grid-cell\" ><div id=\"panel-102860-1-0-0\" class=\"so-panel widget widget_sow-editor panel-first-child extendedwopts-hide extendedwopts-tablet extendedwopts-mobile widgetopts-SO\" data-index=\"1\" ><div\n\t\t\t\n\t\t\tclass=\"so-widget-sow-editor so-widget-sow-editor-base\"\n\t\t\t\n\t\t>\n<div class=\"siteorigin-widget-tinymce textwidget\">\n\t<pre><form aria-label=\"Search this website\" role=\"search\" method=\"get\" class=\"oceanwp-searchform\" id=\"searchform\" action=\"https:\/\/www.balticmedia.com\/lv\/\"><input aria-label=\"Insert search query\" type=\"text\" class=\"field\" name=\"s\" id=\"s\" placeholder=\"Mekl\u0113t\"><button aria-label=\"Submit your search\" type=\"submit\" class=\"search-submit\" value=\"\"><i class=\"icon-magnifier\" aria-hidden=\"true\"><\/i><\/button><\/form><\/pre>\n<\/div>\n<\/div><\/div><div id=\"panel-102860-1-0-1\" class=\"so-panel widget widget_ocean_custom_menu widget-oceanwp-custom-menu custom-menu-widget extendedwopts-hide extendedwopts-tablet extendedwopts-mobile widgetopts-SO\" data-index=\"2\" ><div class=\"oceanwp-custom-menu clr ocean_custom_menu-2 left dropdown-hover\"><ul id=\"menu-par-mums\" class=\"dropdown-menu sf-menu\"><li  id=\"menu-item-41166\" class=\"menu-item menu-item-type-post_type menu-item-object-page menu-item-41166\"><a href=\"https:\/\/www.balticmedia.com\/lv\/tulkot\/\" class=\"menu-link\">Tulkot tulko\u0161anas biroj\u0101 Baltic Media &#8211; izcili kvalitat\u012bvi un \u0101tri!<\/a><\/li>\n<li  id=\"menu-item-41170\" class=\"menu-item menu-item-type-post_type menu-item-object-page menu-item-41170\"><a href=\"https:\/\/www.balticmedia.com\/lv\/tulkot\/komanda\/\" class=\"menu-link\">M\u016bsu komanda<\/a><\/li>\n<li  id=\"menu-item-41171\" class=\"menu-item menu-item-type-post_type menu-item-object-page menu-item-41171\"><a href=\"https:\/\/www.balticmedia.com\/lv\/tulkot\/musu-stasts\/\" class=\"menu-link\">M\u016bsu st\u0101sts<\/a><\/li>\n<li  id=\"menu-item-41172\" class=\"menu-item menu-item-type-post_type menu-item-object-page menu-item-41172\"><a href=\"https:\/\/www.balticmedia.com\/lv\/tulkot\/musu-vertibas\/\" class=\"menu-link\">M\u016bsu v\u0113rt\u012bbas<\/a><\/li>\n<li  id=\"menu-item-41169\" class=\"menu-item menu-item-type-post_type menu-item-object-page menu-item-41169\"><a href=\"https:\/\/www.balticmedia.com\/lv\/kas-ir-tulkosanas-birojs\/\" class=\"menu-link\">Kas ir tulko\u0161anas birojs?<\/a><\/li>\n<li  id=\"menu-item-41167\" class=\"menu-item menu-item-type-post_type menu-item-object-page menu-item-41167\"><a href=\"https:\/\/www.balticmedia.com\/lv\/tulkot\/tulkosana-soli-pa-solim\/\" class=\"menu-link\">Tulko\u0161ana soli pa solim | K\u0101 darbojas tulko\u0161anas birojs?<\/a><\/li>\n<li  id=\"menu-item-84375\" class=\"menu-item menu-item-type-post_type menu-item-object-page menu-item-84375\"><a href=\"https:\/\/www.balticmedia.com\/lv\/vislabakais-un-precizakais-tulkotajs-ir-cilveks\/\" class=\"menu-link\">Vislab\u0101kais un prec\u012bz\u0101kais tulkot\u0101js ir cilv\u0113ks<\/a><\/li>\n<li  id=\"menu-item-41168\" class=\"menu-item menu-item-type-post_type menu-item-object-page menu-item-41168\"><a href=\"https:\/\/www.balticmedia.com\/lv\/tulkot\/tulkosanas-birojs-baltic-media\/\" class=\"menu-link\">K\u0101p\u0113c tulkojumu birojs Baltic Media?<\/a><\/li>\n<li  id=\"menu-item-41174\" class=\"menu-item menu-item-type-post_type menu-item-object-page menu-item-41174\"><a href=\"https:\/\/www.balticmedia.com\/lv\/tulkot\/personala-apmaciba-un-saliedesanas\/\" class=\"menu-link\">Person\u0101la apm\u0101c\u012bba un salied\u0113\u0161an\u0101s<\/a><\/li>\n<li  id=\"menu-item-41175\" class=\"menu-item menu-item-type-post_type menu-item-object-page menu-item-41175\"><a href=\"https:\/\/www.balticmedia.com\/lv\/tulkot\/privatuma-politika-un-datu-aizsardziba\/\" class=\"menu-link\">Priv\u0101tuma politika un datu aizsardz\u012bba<\/a><\/li>\n<li  id=\"menu-item-41173\" class=\"menu-item menu-item-type-post_type menu-item-object-page menu-item-41173\"><a href=\"https:\/\/www.balticmedia.com\/lv\/tulkot\/musu-vesture\/\" class=\"menu-link\">M\u016bsu v\u0113sture<\/a><\/li>\n<\/ul><\/div><\/div><div id=\"panel-102860-1-0-2\" class=\"so-panel widget widget_ocean_custom_menu widget-oceanwp-custom-menu custom-menu-widget panel-last-child extendedwopts-hide extendedwopts-tablet extendedwopts-mobile widgetopts-SO\" data-index=\"3\" ><div class=\"oceanwp-custom-menu clr ocean_custom_menu-2 left dropdown-hover\"><ul id=\"menu-partneri-lv\" class=\"dropdown-menu sf-menu\"><li  id=\"menu-item-11565\" class=\"menu-item menu-item-type-custom menu-item-object-custom menu-item-11565\"><a target=\"_blank\" href=\"https:\/\/balticmedia.s.xtrf.eu\/vendors\/#\/sign-in\" class=\"menu-link\" rel=\"nofollow noopener\"><i class=\"icon before line-icon icon-briefcase\" aria-hidden=\"true\" style=\"font-size:2em;\"><\/i><span class=\"menu-text\">Partneru port\u0101ls<\/span><\/a><\/li>\n<li  id=\"menu-item-11671\" class=\"menu-item menu-item-type-custom menu-item-object-custom menu-item-11671\"><a target=\"_blank\" href=\"https:\/\/www.balticmedia.com\/wp-content\/uploads\/11-Reasons-to-Choose-Baltic-Media-2026.pdf\" class=\"menu-link\"><i class=\"icon before line-icon icon-people\" aria-hidden=\"true\" style=\"font-size:2em;\"><\/i><span class=\"menu-text\">Baltic Media uz\u0146\u0113muma PDF profils<\/span><\/a><\/li>\n<li  id=\"menu-item-11672\" class=\"menu-item menu-item-type-custom menu-item-object-custom menu-item-11672\"><a target=\"_blank\" href=\"https:\/\/www.balticmedia.com\/wp-content\/uploads\/tulkojumu-birojs-lv.pdf\" class=\"menu-link\"><i class=\"icon before line-icon icon-organization\" aria-hidden=\"true\" style=\"font-size:2em;\"><\/i><span class=\"menu-text\">Tulkojumi. Soli pa solim<\/span><\/a><\/li>\n<li  id=\"menu-item-11709\" class=\"menu-item menu-item-type-custom menu-item-object-custom menu-item-11709\"><a target=\"_blank\" href=\"https:\/\/www.balticmedia.com\/wp-content\/uploads\/Baltic-Media-Ltd-Pakalpojumu-sniegsanas-noteikumi-LV.pdf\" class=\"menu-link\"><i class=\"icon before line-icon icon-docs\" aria-hidden=\"true\" style=\"font-size:2em;\"><\/i><span class=\"menu-text\">Tulko\u0161anas pakalpojumu snieg\u0161anas noteikumi<\/span><\/a><\/li>\n<li  id=\"menu-item-11710\" class=\"menu-item menu-item-type-custom menu-item-object-custom menu-item-11710\"><a target=\"_blank\" href=\"https:\/\/www.balticmedia.com\/wp-content\/uploads\/Baltic-Media-Ltd_9k-i12-en-cert-Final.pdf\" class=\"menu-link\"><i class=\"icon before line-icon icon-doc\" aria-hidden=\"true\" style=\"font-size:2em;\"><\/i><span class=\"menu-text\">ISO 9001:2015 Quality Certification<\/span><\/a><\/li>\n<li  id=\"menu-item-11723\" class=\"menu-item menu-item-type-custom menu-item-object-custom menu-item-11723\"><a target=\"_blank\" href=\"https:\/\/www.balticmedia.com\/wp-content\/uploads\/pazinojums_par_vietnes_balticmedia.com_autortiesbam_lv.pdf\" class=\"menu-link\"><i class=\"icon before line-icon icon-info\" aria-hidden=\"true\" style=\"font-size:2em;\"><\/i><span class=\"menu-text\">Autorties\u012bbas un pre\u010du z\u012bme Baltic Media<sup>\u00ae<\/sup><\/span><\/a><\/li>\n<\/ul><\/div><\/div><\/div><div id=\"pgc-102860-1-1\"  class=\"panel-grid-cell\" ><div id=\"panel-102860-1-1-0\" class=\"so-panel widget widget_sow-editor panel-first-child panel-last-child widgetopts-SO\" data-index=\"4\" ><div\n\t\t\t\n\t\t\tclass=\"so-widget-sow-editor so-widget-sow-editor-base\"\n\t\t\t\n\t\t>\n<div class=\"siteorigin-widget-tinymce textwidget\">\n\t<h1>V\u0113laties iekarot jaunus tirgus un p\u0101rdot vair\u0101k? Te b\u016bs padoms, ar ko s\u0101kt!<\/h1>\n<p>Pre\u010du un pakalpojumu eksports uz cit\u0101m valst\u012bm ir tas, kas vajadz\u012bgs jums un ar\u012b Latvijai.<\/p>\n<p>Lai iekarotu jaunus tirgus, nepietiek ar interneta m\u0101jas lap\u0101m vai e-veikalu ang\u013cu vai krievu valod\u0101, ja vien m\u0113r\u0137is nav tikai viet\u0113jie, ASV, Lielbrit\u0101nijas vai Krievijas tirgi.<\/p>\n<p>Tirgus p\u0113t\u012bjumi konstat\u0113, ka e-veikals vai m\u0101jas lapa klienta valod\u0101 b\u016btiski ietekm\u0113 pirc\u0113ja izv\u0113li. Apm\u0113ram 75% e-veikalu apmekl\u0113t\u0101ju dod priek\u0161roku tam p\u0101rdev\u0113jam, kura pre\u010du un pakalpojumu apraksts ir pieejams apmekl\u0113t\u0101ja dzimtaj\u0101 valod\u0101.<\/p>\n<p><strong>T\u0101d\u0113\u013c, ja v\u0113laties papla\u0161in\u0101t savu pre\u010du vai pakalpojumu tirgu, s\u0101ciet ar m\u0101jas lapas lokaliz\u0101ciju taj\u0101 valod\u0101, kur\u0101 run\u0101 j\u016bsu potenci\u0101lais pirc\u0113js. Ta\u010du neaizmirstiet ari par to, k\u0101 nodro\u0161in\u0101t klientu apkalpo\u0161anu konkr\u0113taj\u0101 valod\u0101.<\/strong><\/p>\n<p><strong>Naudas ietaup\u012bjums<\/strong><\/p>\n<p>&nbsp;<\/p>\n<div>\n<p><a href=\"https:\/\/i0.wp.com\/www.balticmedia.com\/wp-content\/uploads\/baltic_media_baneris_2020.png?ssl=1\"><img data-recalc-dims=\"1\" loading=\"lazy\" decoding=\"async\" class=\"alignnone wp-image-6610 size-medium\" src=\"https:\/\/i0.wp.com\/www.balticmedia.com\/wp-content\/uploads\/baltic_media_baneris_2020.png?resize=214%2C300&#038;ssl=1\" alt=\"Nordic-Baltic translation agency Baltic Media\" width=\"214\" height=\"300\" title=\"\"><\/a><\/p>\n<\/div>\n<div>Mums ir vair\u0101k nek\u0101 25 gadu pieredze\u00a0<a href=\"https:\/\/www.balticmedia.com\/lv\/tulkosanas-pakalpojumi-baltic-media\/interneta-majas-lapu-tulkosana\/\">m\u0101jas lapu lokaliz\u0101cij\u0101<\/a>\u00a0Baltijas un Skandin\u0101vijas valod\u0101s. M\u0113s \u013caujam klientam maksim\u0101li ietaup\u012bt, jo ar m\u016bsu r\u012bc\u012bb\u0101 eso\u0161iem CAT (Computer Assisted Translation) r\u012bkiem, kas dod iesp\u0113ju veidot tulko\u0161anas atmi\u0146as un terminolo\u0123ijas datu b\u0101zes, Jums neb\u016bs divreiz j\u0101maks\u0101 par teikumiem, kuri 100% atk\u0101rtojas, un ietaup\u012bt, tulkojot teikumus, kuri ir da\u013c\u0113ji l\u012bdz\u012bgi tiem, kas jau iztulkoti. Turkl\u0101t terminolo\u0123ijas datu b\u0101ze dos iesp\u0113ju izveidot konsekventu terminolo\u0123iju un SEO.<\/div>\n<div><\/div>\n<div>M\u016bsu tulkot\u0101ji ir cilv\u0113ki, nevis ma\u0161\u012bnas, jo ma\u0161\u012bntulko\u0161ana, k\u0101, piem\u0113ram Google vai Tilde, nesp\u0113j izprast teikumu kontekstu, idiomas, jokus un citas smalkas lietas, t\u0101d\u0113\u013c profesion\u0101lus tulkot\u0101jus neviens v\u0113l nesp\u0113j izkonkur\u0113t. Nopietni glob\u0101li un lok\u0101li uz\u0146\u0113mumi joproj\u0101m savu saturu lokaliz\u0113 tikai ar cilv\u0113ku tulkot\u0101ju pal\u012bdz\u012bbu.<\/div>\n<div><\/div>\n<div>WNesen k\u0101 m\u0113s lokaliz\u0113j\u0101m zviedru friz\u0113tavu apr\u012bkojuma un pre\u010du vairumtirgot\u0101ju lapu vis\u0101s skandin\u0101vu valod\u0101s - <a href=\"https:\/\/www.headbrands.se\/\" rel=\"nofollow noopener\" target=\"_blank\">Headbrands.se<\/a>, <a href=\"https:\/\/www.headbrands.fi\/\" rel=\"nofollow noopener\" target=\"_blank\">Headbrands.fi<\/a>, <a href=\"https:\/\/www.headbrands.dk\/\" rel=\"nofollow noopener\" target=\"_blank\">Headbrands.dk<\/a>, <a href=\"https:\/\/www.headbrands.no\/\" rel=\"nofollow noopener\" target=\"_blank\">Headbrands.no.<\/a> Apgroz\u012bjums b\u016btiski pieauga! Nekav\u0113jieties, dom\u0101jot par tirgus papla\u0161in\u0101\u0161anu! M\u0113s varam pal\u012bdz\u0113t jums iekarot jaunus Baltijas un Skandin\u0101vijas valstu tirgus.<\/div>\n<div><\/div>\n<div>M\u016bsu m\u0101jaslap\u0101 ir pieejama pla\u0161\u0101ka inform\u0101cija par <a href=\"https:\/\/www.balticmedia.com\/lv\/tulkosanas-pakalpojumi-baltic-media\/interneta-majas-lapu-tulkosana\/\">interneta viet\u0146u tulko\u0161anu<\/a>\u00a0un\u00a0<a href=\"https:\/\/www.balticmedia.com\/lv\/tulkojumu-cenas-latvija-rakstiskas-un-mutiskas-tulkosanas-izmaksas\/\">m\u016bsu darba procesu<\/a>.<\/div>\n<\/div>\n<\/div><\/div><\/div><\/div><\/div>","protected":false},"excerpt":{"rendered":"<p>V\u0113laties iekarot jaunus tirgus un p\u0101rdot vair\u0101k? Te b\u016bs padoms, ar ko s\u0101kt! Pre\u010du un pakalpojumu eksports uz cit\u0101m valst\u012bm ir tas, kas vajadz\u012bgs jums un ar\u012b Latvijai. Lai iekarotu jaunus tirgus, nepietiek ar interneta m\u0101jas lap\u0101m vai e-veikalu ang\u013cu vai krievu valod\u0101, ja vien m\u0113r\u0137is nav tikai viet\u0113jie, ASV, Lielbrit\u0101nijas vai Krievijas tirgi. Tirgus [&hellip;]<\/p>\n","protected":false},"author":2,"featured_media":0,"parent":28597,"menu_order":0,"comment_status":"closed","ping_status":"closed","template":"","meta":{"ocean_post_layout":"","ocean_both_sidebars_style":"","ocean_both_sidebars_content_width":0,"ocean_both_sidebars_sidebars_width":0,"ocean_sidebar":"0","ocean_second_sidebar":"0","ocean_disable_margins":"enable","ocean_add_body_class":"","ocean_shortcode_before_top_bar":"","ocean_shortcode_after_top_bar":"","ocean_shortcode_before_header":"","ocean_shortcode_after_header":"","ocean_has_shortcode":"","ocean_shortcode_after_title":"","ocean_shortcode_before_footer_widgets":"","ocean_shortcode_after_footer_widgets":"","ocean_shortcode_before_footer_bottom":"","ocean_shortcode_after_footer_bottom":"","ocean_display_top_bar":"default","ocean_display_header":"default","ocean_header_style":"","ocean_center_header_left_menu":"0","ocean_custom_header_template":"0","ocean_custom_logo":0,"ocean_custom_retina_logo":0,"ocean_custom_logo_max_width":0,"ocean_custom_logo_tablet_max_width":0,"ocean_custom_logo_mobile_max_width":0,"ocean_custom_logo_max_height":0,"ocean_custom_logo_tablet_max_height":0,"ocean_custom_logo_mobile_max_height":0,"ocean_header_custom_menu":"0","ocean_menu_typo_font_family":"0","ocean_menu_typo_font_subset":"","ocean_menu_typo_font_size":0,"ocean_menu_typo_font_size_tablet":0,"ocean_menu_typo_font_size_mobile":0,"ocean_menu_typo_font_size_unit":"px","ocean_menu_typo_font_weight":"","ocean_menu_typo_font_weight_tablet":"","ocean_menu_typo_font_weight_mobile":"","ocean_menu_typo_transform":"","ocean_menu_typo_transform_tablet":"","ocean_menu_typo_transform_mobile":"","ocean_menu_typo_line_height":0,"ocean_menu_typo_line_height_tablet":0,"ocean_menu_typo_line_height_mobile":0,"ocean_menu_typo_line_height_unit":"","ocean_menu_typo_spacing":0,"ocean_menu_typo_spacing_tablet":0,"ocean_menu_typo_spacing_mobile":0,"ocean_menu_typo_spacing_unit":"","ocean_menu_link_color":"","ocean_menu_link_color_hover":"","ocean_menu_link_color_active":"","ocean_menu_link_background":"","ocean_menu_link_hover_background":"","ocean_menu_link_active_background":"","ocean_menu_social_links_bg":"","ocean_menu_social_hover_links_bg":"","ocean_menu_social_links_color":"","ocean_menu_social_hover_links_color":"","ocean_disable_title":"default","ocean_disable_heading":"default","ocean_post_title":"","ocean_post_subheading":"","ocean_post_title_style":"","ocean_post_title_background_color":"","ocean_post_title_background":0,"ocean_post_title_bg_image_position":"","ocean_post_title_bg_image_attachment":"","ocean_post_title_bg_image_repeat":"","ocean_post_title_bg_image_size":"","ocean_post_title_height":0,"ocean_post_title_bg_overlay":0.5,"ocean_post_title_bg_overlay_color":"","ocean_disable_breadcrumbs":"default","ocean_breadcrumbs_color":"","ocean_breadcrumbs_separator_color":"","ocean_breadcrumbs_links_color":"","ocean_breadcrumbs_links_hover_color":"","ocean_display_footer_widgets":"default","ocean_display_footer_bottom":"default","ocean_custom_footer_template":"0","ofc_meta_disable_footer_callout":"","ofc_meta_callout_button_url":"","ofc_meta_callout_button_txt":"","ofc_meta_callout_text":"","osh_disable_topbar_sticky":"default","osh_disable_header_sticky":"default","osh_sticky_header_style":"default","osh_sticky_header_effect":"","osh_custom_sticky_logo":0,"osh_custom_retina_sticky_logo":0,"osh_custom_sticky_logo_height":0,"osh_background_color":"","osh_links_color":"","osh_links_hover_color":"","osh_links_active_color":"","osh_links_bg_color":"","osh_links_hover_bg_color":"","osh_links_active_bg_color":"","osh_menu_social_links_color":"","osh_menu_social_hover_links_color":"","footnotes":""},"class_list":["post-102860","page","type-page","status-publish","hentry","entry"],"jetpack_sharing_enabled":true,"jetpack_likes_enabled":true,"jetpack-related-posts":[],"jetpack_shortlink":"https:\/\/wp.me\/Pe7Cu3-qL2","_links":{"self":[{"href":"https:\/\/www.balticmedia.com\/lv\/wp-json\/wp\/v2\/pages\/102860","targetHints":{"allow":["GET"]}}],"collection":[{"href":"https:\/\/www.balticmedia.com\/lv\/wp-json\/wp\/v2\/pages"}],"about":[{"href":"https:\/\/www.balticmedia.com\/lv\/wp-json\/wp\/v2\/types\/page"}],"author":[{"embeddable":true,"href":"https:\/\/www.balticmedia.com\/lv\/wp-json\/wp\/v2\/users\/2"}],"replies":[{"embeddable":true,"href":"https:\/\/www.balticmedia.com\/lv\/wp-json\/wp\/v2\/comments?post=102860"}],"version-history":[{"count":19,"href":"https:\/\/www.balticmedia.com\/lv\/wp-json\/wp\/v2\/pages\/102860\/revisions"}],"predecessor-version":[{"id":138675,"href":"https:\/\/www.balticmedia.com\/lv\/wp-json\/wp\/v2\/pages\/102860\/revisions\/138675"}],"up":[{"embeddable":true,"href":"https:\/\/www.balticmedia.com\/lv\/wp-json\/wp\/v2\/pages\/28597"}],"wp:attachment":[{"href":"https:\/\/www.balticmedia.com\/lv\/wp-json\/wp\/v2\/media?parent=102860"}],"curies":[{"name":"wp","href":"https:\/\/api.w.org\/{rel}","templated":true}]}}