{"id":102850,"date":"2021-02-12T17:45:40","date_gmt":"2021-02-12T15:45:40","guid":{"rendered":"https:\/\/www.balticmedia.com\/par-mums\/musu-vesture\/continued-expansion-on-global-markets-is-our-objective-for-2015\/"},"modified":"2022-07-21T17:39:09","modified_gmt":"2022-07-21T14:39:09","slug":"musu-merkis-2015-gada-ir-turpinat-apgut-jaunus-globalos-tirgus","status":"publish","type":"page","link":"https:\/\/www.balticmedia.com\/lv\/tulkot\/musu-vesture\/musu-merkis-2015-gada-ir-turpinat-apgut-jaunus-globalos-tirgus\/","title":{"rendered":"M\u016bsu m\u0113r\u0137is 2015. gad\u0101 ir turpin\u0101t apg\u016bt jaunus glob\u0101los tirgus"},"content":{"rendered":"<div id=\"pl-102850\"  class=\"panel-layout\" ><div id=\"pg-102850-0\"  class=\"panel-grid panel-no-style\" ><div id=\"pgc-102850-0-0\"  class=\"panel-grid-cell\" ><div id=\"panel-102850-0-0-0\" class=\"so-panel widget widget_sow-image panel-first-child panel-last-child\" data-index=\"0\" ><div\n\t\t\t\n\t\t\tclass=\"so-widget-sow-image so-widget-sow-image-default-8b5b6f678277-102850\"\n\t\t\t\n\t\t>\n<div class=\"sow-image-container\">\n\t\t<img loading=\"lazy\" decoding=\"async\" src=\"https:\/\/i0.wp.com\/www.balticmedia.com\/wp-content\/uploads\/1about_us-scaled.jpg?fit=2560%2C549&amp;ssl=1\" width=\"2560\" height=\"549\" srcset=\"https:\/\/i0.wp.com\/www.balticmedia.com\/wp-content\/uploads\/1about_us-scaled.jpg?w=2560&amp;ssl=1 2560w, https:\/\/i0.wp.com\/www.balticmedia.com\/wp-content\/uploads\/1about_us-scaled.jpg?resize=300%2C64&amp;ssl=1 300w, https:\/\/i0.wp.com\/www.balticmedia.com\/wp-content\/uploads\/1about_us-scaled.jpg?resize=1024%2C219&amp;ssl=1 1024w, https:\/\/i0.wp.com\/www.balticmedia.com\/wp-content\/uploads\/1about_us-scaled.jpg?resize=768%2C165&amp;ssl=1 768w, https:\/\/i0.wp.com\/www.balticmedia.com\/wp-content\/uploads\/1about_us-scaled.jpg?resize=1536%2C329&amp;ssl=1 1536w, https:\/\/i0.wp.com\/www.balticmedia.com\/wp-content\/uploads\/1about_us-scaled.jpg?resize=2048%2C439&amp;ssl=1 2048w, https:\/\/i0.wp.com\/www.balticmedia.com\/wp-content\/uploads\/1about_us-scaled.jpg?w=2400&amp;ssl=1 2400w\" title=\"1about_us\" alt=\"\" class=\"so-widget-image\">\n\t<\/div>\n\n<\/div><\/div><\/div><\/div><div id=\"pg-102850-1\"  class=\"panel-grid panel-no-style\" ><div id=\"pgc-102850-1-0\"  class=\"panel-grid-cell\" ><div id=\"panel-102850-1-0-0\" class=\"so-panel widget widget_sow-editor panel-first-child extendedwopts-hide extendedwopts-tablet extendedwopts-mobile widgetopts-SO\" data-index=\"1\" ><div\n\t\t\t\n\t\t\tclass=\"so-widget-sow-editor so-widget-sow-editor-base\"\n\t\t\t\n\t\t>\n<div class=\"siteorigin-widget-tinymce textwidget\">\n\t<pre><form aria-label=\"Search this website\" role=\"search\" method=\"get\" class=\"oceanwp-searchform\" id=\"searchform\" action=\"https:\/\/www.balticmedia.com\/lv\/\"><input aria-label=\"Insert search query\" type=\"text\" class=\"field\" name=\"s\" id=\"s\" placeholder=\"Mekl\u0113t\"><button aria-label=\"Submit your search\" type=\"submit\" class=\"search-submit\" value=\"\"><i class=\"icon-magnifier\" aria-hidden=\"true\"><\/i><\/button><\/form><\/pre>\n<\/div>\n<\/div><\/div><div id=\"panel-102850-1-0-1\" class=\"so-panel widget widget_ocean_custom_menu widget-oceanwp-custom-menu custom-menu-widget extendedwopts-hide extendedwopts-tablet extendedwopts-mobile widgetopts-SO\" data-index=\"2\" ><div class=\"oceanwp-custom-menu clr ocean_custom_menu-2 left dropdown-hover\"><ul id=\"menu-par-mums\" class=\"dropdown-menu sf-menu\"><li  id=\"menu-item-41166\" class=\"menu-item menu-item-type-post_type menu-item-object-page menu-item-41166\"><a href=\"https:\/\/www.balticmedia.com\/lv\/tulkot\/\" class=\"menu-link\">Tulkot tulko\u0161anas biroj\u0101 Baltic Media &#8211; izcili kvalitat\u012bvi un \u0101tri!<\/a><\/li>\n<li  id=\"menu-item-41170\" class=\"menu-item menu-item-type-post_type menu-item-object-page menu-item-41170\"><a href=\"https:\/\/www.balticmedia.com\/lv\/tulkot\/komanda\/\" class=\"menu-link\">M\u016bsu komanda<\/a><\/li>\n<li  id=\"menu-item-41171\" class=\"menu-item menu-item-type-post_type menu-item-object-page menu-item-41171\"><a href=\"https:\/\/www.balticmedia.com\/lv\/tulkot\/musu-stasts\/\" class=\"menu-link\">M\u016bsu st\u0101sts<\/a><\/li>\n<li  id=\"menu-item-41172\" class=\"menu-item menu-item-type-post_type menu-item-object-page menu-item-41172\"><a href=\"https:\/\/www.balticmedia.com\/lv\/tulkot\/musu-vertibas\/\" class=\"menu-link\">M\u016bsu v\u0113rt\u012bbas<\/a><\/li>\n<li  id=\"menu-item-41169\" class=\"menu-item menu-item-type-post_type menu-item-object-page menu-item-41169\"><a href=\"https:\/\/www.balticmedia.com\/lv\/kas-ir-tulkosanas-birojs\/\" class=\"menu-link\">Kas ir tulko\u0161anas birojs?<\/a><\/li>\n<li  id=\"menu-item-41167\" class=\"menu-item menu-item-type-post_type menu-item-object-page menu-item-41167\"><a href=\"https:\/\/www.balticmedia.com\/lv\/tulkot\/tulkosana-soli-pa-solim\/\" class=\"menu-link\">Tulko\u0161ana soli pa solim | K\u0101 darbojas tulko\u0161anas birojs?<\/a><\/li>\n<li  id=\"menu-item-84375\" class=\"menu-item menu-item-type-post_type menu-item-object-page menu-item-84375\"><a href=\"https:\/\/www.balticmedia.com\/lv\/vislabakais-un-precizakais-tulkotajs-ir-cilveks\/\" class=\"menu-link\">Vislab\u0101kais un prec\u012bz\u0101kais tulkot\u0101js ir cilv\u0113ks<\/a><\/li>\n<li  id=\"menu-item-41168\" class=\"menu-item menu-item-type-post_type menu-item-object-page menu-item-41168\"><a href=\"https:\/\/www.balticmedia.com\/lv\/tulkot\/tulkosanas-birojs-baltic-media\/\" class=\"menu-link\">K\u0101p\u0113c tulkojumu birojs Baltic Media?<\/a><\/li>\n<li  id=\"menu-item-41174\" class=\"menu-item menu-item-type-post_type menu-item-object-page menu-item-41174\"><a href=\"https:\/\/www.balticmedia.com\/lv\/tulkot\/personala-apmaciba-un-saliedesanas\/\" class=\"menu-link\">Person\u0101la apm\u0101c\u012bba un salied\u0113\u0161an\u0101s<\/a><\/li>\n<li  id=\"menu-item-41175\" class=\"menu-item menu-item-type-post_type menu-item-object-page menu-item-41175\"><a href=\"https:\/\/www.balticmedia.com\/lv\/tulkot\/privatuma-politika-un-datu-aizsardziba\/\" class=\"menu-link\">Priv\u0101tuma politika un datu aizsardz\u012bba<\/a><\/li>\n<li  id=\"menu-item-41173\" class=\"menu-item menu-item-type-post_type menu-item-object-page menu-item-41173\"><a href=\"https:\/\/www.balticmedia.com\/lv\/tulkot\/musu-vesture\/\" class=\"menu-link\">M\u016bsu v\u0113sture<\/a><\/li>\n<\/ul><\/div><\/div><div id=\"panel-102850-1-0-2\" class=\"so-panel widget widget_ocean_custom_menu widget-oceanwp-custom-menu custom-menu-widget panel-last-child extendedwopts-hide extendedwopts-tablet extendedwopts-mobile widgetopts-SO\" data-index=\"3\" ><div class=\"oceanwp-custom-menu clr ocean_custom_menu-2 left dropdown-hover\"><ul id=\"menu-partneri-lv\" class=\"dropdown-menu sf-menu\"><li  id=\"menu-item-11565\" class=\"menu-item menu-item-type-custom menu-item-object-custom menu-item-11565\"><a target=\"_blank\" href=\"https:\/\/balticmedia.s.xtrf.eu\/vendors\/#\/sign-in\" class=\"menu-link\" rel=\"nofollow noopener\"><i class=\"icon before line-icon icon-briefcase\" aria-hidden=\"true\" style=\"font-size:2em;\"><\/i><span class=\"menu-text\">Partneru port\u0101ls<\/span><\/a><\/li>\n<li  id=\"menu-item-11671\" class=\"menu-item menu-item-type-custom menu-item-object-custom menu-item-11671\"><a target=\"_blank\" href=\"https:\/\/www.balticmedia.com\/wp-content\/uploads\/11-Reasons-to-Choose-Baltic-Media-2026.pdf\" class=\"menu-link\"><i class=\"icon before line-icon icon-people\" aria-hidden=\"true\" style=\"font-size:2em;\"><\/i><span class=\"menu-text\">Baltic Media uz\u0146\u0113muma PDF profils<\/span><\/a><\/li>\n<li  id=\"menu-item-11672\" class=\"menu-item menu-item-type-custom menu-item-object-custom menu-item-11672\"><a target=\"_blank\" href=\"https:\/\/www.balticmedia.com\/wp-content\/uploads\/tulkojumu-birojs-lv.pdf\" class=\"menu-link\"><i class=\"icon before line-icon icon-organization\" aria-hidden=\"true\" style=\"font-size:2em;\"><\/i><span class=\"menu-text\">Tulkojumi. Soli pa solim<\/span><\/a><\/li>\n<li  id=\"menu-item-11709\" class=\"menu-item menu-item-type-custom menu-item-object-custom menu-item-11709\"><a target=\"_blank\" href=\"https:\/\/www.balticmedia.com\/wp-content\/uploads\/Baltic-Media-Ltd-Pakalpojumu-sniegsanas-noteikumi-LV.pdf\" class=\"menu-link\"><i class=\"icon before line-icon icon-docs\" aria-hidden=\"true\" style=\"font-size:2em;\"><\/i><span class=\"menu-text\">Tulko\u0161anas pakalpojumu snieg\u0161anas noteikumi<\/span><\/a><\/li>\n<li  id=\"menu-item-11710\" class=\"menu-item menu-item-type-custom menu-item-object-custom menu-item-11710\"><a target=\"_blank\" href=\"https:\/\/www.balticmedia.com\/wp-content\/uploads\/iSO-certificate-2023.png\" class=\"menu-link\"><i class=\"icon before line-icon icon-doc\" aria-hidden=\"true\" style=\"font-size:2em;\"><\/i><span class=\"menu-text\">ISO 9001:2015 Quality Certification<\/span><\/a><\/li>\n<li  id=\"menu-item-11723\" class=\"menu-item menu-item-type-custom menu-item-object-custom menu-item-11723\"><a target=\"_blank\" href=\"https:\/\/www.balticmedia.com\/wp-content\/uploads\/pazinojums_par_vietnes_balticmedia.com_autortiesbam_lv.pdf\" class=\"menu-link\"><i class=\"icon before line-icon icon-info\" aria-hidden=\"true\" style=\"font-size:2em;\"><\/i><span class=\"menu-text\">Autorties\u012bbas un pre\u010du z\u012bme Baltic Media<sup>\u00ae<\/sup><\/span><\/a><\/li>\n<\/ul><\/div><\/div><\/div><div id=\"pgc-102850-1-1\"  class=\"panel-grid-cell\" ><div id=\"panel-102850-1-1-0\" class=\"so-panel widget widget_sow-editor panel-first-child widgetopts-SO\" data-index=\"4\" ><div\n\t\t\t\n\t\t\tclass=\"so-widget-sow-editor so-widget-sow-editor-base\"\n\t\t\t\n\t\t>\n<div class=\"siteorigin-widget-tinymce textwidget\">\n\t<h1><strong>M\u016bsu m\u0113r\u0137is 2015. gad\u0101 ir turpin\u0101t apg\u016bt jaunus glob\u0101los tirgus<\/strong><\/h1>\n<\/div>\n<\/div><\/div><div id=\"panel-102850-1-1-1\" class=\"so-panel widget widget_siteorigin-panels-builder panel-last-child widgetopts-SO\" data-index=\"5\" ><div id=\"pl-w62d9650d2de55\"  class=\"panel-layout\" ><div id=\"pg-w62d9650d2de55-0\"  class=\"panel-grid panel-no-style\" ><div id=\"pgc-w62d9650d2de55-0-0\"  class=\"panel-grid-cell\" ><div id=\"panel-w62d9650d2de55-0-0-0\" class=\"so-panel widget widget_sow-editor panel-first-child panel-last-child widgetopts-SO\" data-index=\"0\" ><div\n\t\t\t\n\t\t\tclass=\"so-widget-sow-editor so-widget-sow-editor-base\"\n\t\t\t\n\t\t>\n<div class=\"siteorigin-widget-tinymce textwidget\">\n\t<ol start=\"2014\">\n<li>gads uz\u0146\u0113mumam <strong>\u201eBaltic Media\u201c<\/strong> bija izaicin\u0101jumiem bag\u0101ts. Cenas vis\u0101 nozar\u0113 krit\u0101s, ta\u010du tika nov\u0113rots neredz\u0113ti liels piepras\u012bjums p\u0113c apjom\u012bgiem pas\u016bt\u012bjumiem \u012bsos termi\u0146os. M\u0113s nol\u0113m\u0101m invest\u0113t tehnolo\u0123ij\u0101s un p\u0101rveidot projektu vad\u012bbas procesus t\u0101, lai 2014. gada nogal\u0113 m\u0113s b\u016btu stipr\u0101ki k\u0101 jebkad. Tas izr\u0101d\u012bj\u0101s viens no pareiz\u0101kajiem l\u0113mumiem m\u016bsu past\u0101v\u0113\u0161anas v\u0113stur\u0113<\/li>\n<\/ol>\n<p><em>Aigars Aps\u0101ns<\/em><\/p>\n<p><em>Baltic Media izpilddirektors<br \/>\n<\/em><\/p>\n<h3><strong>Nekad neesam biju\u0161i tik stipri, pateicoties eksporta dominancei<\/strong><\/h3>\n<p>M\u0113s ar lepnumu varam teikt, ka Baltic Media nu ir patiesi starptautisks tulko\u0161anas uz\u0146\u0113mums, jo 2014. gad\u0101 89,34% m\u016bsu apgroz\u012bjuma veidoja valodu pakalpojumu eksports uz <strong>38 da\u017e\u0101d\u0101m pasaules valst\u012bm<\/strong>. Lai gan m\u016bsu biznesa lauvas tiesu joproj\u0101m veidoja pas\u016bt\u012bjumi no m\u016bsu klientiem ASV un Skandin\u0101vij\u0101, Baltic Media s\u0101ka str\u0101d\u0101t ar\u012b ar vair\u0101kiem iev\u0113rojamiem V\u0101cijas r\u016bpniec\u012bbas, autob\u016bves un patentu industrijas p\u0101rst\u0101vjiem.<\/p>\n<p>\u201eTas nav nek\u0101ds vieglais darbi\u0146\u0161, jo V\u0101cijas klienti ir \u013coti pras\u012bgi. Ta\u010du m\u0113s turpin\u0101m m\u0101c\u012bties, un \u0161obr\u012bd pas\u016bt\u012bjumu skaits no v\u0101cu valod\u0101 run\u0101jo\u0161\u0101m valst\u012bm arvien pieaug, kas iev\u0113rojami veicin\u0101s m\u016bsu uz\u0146\u0113muma izaugsmi,\u201c nor\u0101da Baltic Media izpilddirektors Aigars Aps\u0101ns.<\/p>\n<h3><strong>Klientu apmierin\u0101t\u012bbas r\u0101d\u012bt\u0101js \u2013 99,48%<\/strong><\/h3>\n<p>Baltic Media ir vienm\u0113r sadarbojies ar sertific\u0113tiem un form\u0101li izgl\u012btotiem valodniekiem, kuri str\u0101d\u0101 ar savu dzimto valodu. M\u016bsu stingrie pieg\u0101d\u0101t\u0101ju atlases krit\u0113riji, tostarp testa tulkojumi, un m\u016bsu standarta prakse redi\u0123\u0113t un kori\u0123\u0113t katru dokumentu, \u013cauj mums r\u0113\u0137in\u0101ties ar to, ka veikt\u0101 tulkojuma kvalit\u0101te attaisnos un p\u0101rsniegs m\u016bsu klienta cer\u012bbas. Turkl\u0101t 2014. gad\u0101 tika ieviesti t\u0101di jaunin\u0101jumi k\u0101 oblig\u0101ts QA un terminolo\u0123ijas p\u0101rvald\u012bbas r\u012bku izmantojums, k\u0101 ar\u012b \u012bpa\u0161a ar nozari saist\u012bta tulkot\u0101ju v\u0113rt\u0113\u0161anas sist\u0113ma, kas nodro\u0161ina, ka augst\u0101k nov\u0113rt\u0113to tulkot\u0101ju pakalpojumi tiek izmantoti bie\u017e\u0101k k\u0101 p\u0101r\u0113jo. \u0160\u012bs neliel\u0101s, ta\u010du svar\u012bg\u0101s iniciat\u012bvas ir pal\u012bdz\u0113ju\u0161as mums pan\u0101kt izcilu klientu apmierin\u0101t\u012bbas r\u0101d\u012bt\u0101ju \u2013 99,48% (<em>saska\u0146\u0101 ar 2015. gada janv\u0101r\u012b veikt\u0101s ikgad\u0113j\u0101s klientu apmierin\u0101t\u012bbas aptaujas rezult\u0101tiem<\/em>).<\/p>\n<h3><strong>M\u016bsu st\u016brakmens ir tulko\u0161anas cilv\u0113kresursi<\/strong><\/h3>\n<ol start=\"2014\">\n<li>gad\u0101 virkne Baltic Media potenci\u0101lo klientu v\u0113rs\u0101s pie mums ar l\u016bgumu redi\u0123\u0113t ma\u0161\u012bntulkojumu. Pap\u0113tot neapstr\u0101d\u0101to dokumentu kvalit\u0101ti, m\u0113s secin\u0101j\u0101m, ka t\u0101 da\u017e\u0101dos valodu p\u0101ros iev\u0113rojami at\u0161\u0137iras.<\/li>\n<\/ol>\n<p>Piem\u0113ram, ang\u013cu valodas teksta tulkojuma kvalit\u0101te sp\u0101\u0146u valod\u0101 bija iev\u0113rojami augst\u0101ka nek\u0101 \u0161\u012b pa\u0161a dokumenta tulkojuma kvalit\u0101te zviedru valod\u0101. T\u0101d\u0113j\u0101di ma\u0161\u012bntulkojuma izmanto\u0161ana neap\u0161aub\u0101mi var pal\u012bdz\u0113t m\u016bsu klientiem ietaup\u012bt naudu un b\u016btiski sa\u012bsin\u0101t izpildes termi\u0146u, ta\u010du uz t\u0101 r\u0113\u0137ina var ciest gala rezult\u0101ta kvalit\u0101te. Augsta kvalit\u0101te, izcils klientu serviss un \u0101trs profesion\u0101lu tulko\u0161anas cilv\u0113kresursu darbs vienm\u0113r ir bijis Baltic Media st\u016brakmens, un tuv\u0101kaj\u0101 n\u0101kotn\u0113 tas paliks nemain\u012bgs vismaz tikm\u0113r, kam\u0113r ma\u0161\u012bntulko\u0161anas tehnolo\u0123ijas paliks pa\u0161reiz\u0113j\u0101 att\u012bst\u012bbas stadij\u0101.<\/p>\n<p>M\u016bsu m\u0113r\u0137is 2015. gad\u0101 ir turpin\u0101t apg\u016bt jaunus glob\u0101los tirgus un v\u0113l vair\u0101k uzlabot klientu apmierin\u0101t\u012bbas r\u0101d\u012bt\u0101jus. Galu gal\u0101 apmierin\u0101ts klients mums ir liel\u0101k\u0101 atzin\u012bba.<\/p>\n<p><strong>Baltic Media Ltd<\/strong><\/p>\n<\/div>\n<\/div><\/div><\/div><\/div><\/div><\/div><\/div><\/div><\/div>","protected":false},"excerpt":{"rendered":"<p>M\u016bsu m\u0113r\u0137is 2015. gad\u0101 ir turpin\u0101t apg\u016bt jaunus glob\u0101los tirgus<\/p>\n","protected":false},"author":2,"featured_media":0,"parent":28597,"menu_order":0,"comment_status":"closed","ping_status":"closed","template":"","meta":{"ocean_post_layout":"","ocean_both_sidebars_style":"","ocean_both_sidebars_content_width":0,"ocean_both_sidebars_sidebars_width":0,"ocean_sidebar":"0","ocean_second_sidebar":"0","ocean_disable_margins":"enable","ocean_add_body_class":"","ocean_shortcode_before_top_bar":"","ocean_shortcode_after_top_bar":"","ocean_shortcode_before_header":"","ocean_shortcode_after_header":"","ocean_has_shortcode":"","ocean_shortcode_after_title":"","ocean_shortcode_before_footer_widgets":"","ocean_shortcode_after_footer_widgets":"","ocean_shortcode_before_footer_bottom":"","ocean_shortcode_after_footer_bottom":"","ocean_display_top_bar":"default","ocean_display_header":"default","ocean_header_style":"","ocean_center_header_left_menu":"0","ocean_custom_header_template":"0","ocean_custom_logo":0,"ocean_custom_retina_logo":0,"ocean_custom_logo_max_width":0,"ocean_custom_logo_tablet_max_width":0,"ocean_custom_logo_mobile_max_width":0,"ocean_custom_logo_max_height":0,"ocean_custom_logo_tablet_max_height":0,"ocean_custom_logo_mobile_max_height":0,"ocean_header_custom_menu":"0","ocean_menu_typo_font_family":"0","ocean_menu_typo_font_subset":"","ocean_menu_typo_font_size":0,"ocean_menu_typo_font_size_tablet":0,"ocean_menu_typo_font_size_mobile":0,"ocean_menu_typo_font_size_unit":"px","ocean_menu_typo_font_weight":"","ocean_menu_typo_font_weight_tablet":"","ocean_menu_typo_font_weight_mobile":"","ocean_menu_typo_transform":"","ocean_menu_typo_transform_tablet":"","ocean_menu_typo_transform_mobile":"","ocean_menu_typo_line_height":0,"ocean_menu_typo_line_height_tablet":0,"ocean_menu_typo_line_height_mobile":0,"ocean_menu_typo_line_height_unit":"","ocean_menu_typo_spacing":0,"ocean_menu_typo_spacing_tablet":0,"ocean_menu_typo_spacing_mobile":0,"ocean_menu_typo_spacing_unit":"","ocean_menu_link_color":"","ocean_menu_link_color_hover":"","ocean_menu_link_color_active":"","ocean_menu_link_background":"","ocean_menu_link_hover_background":"","ocean_menu_link_active_background":"","ocean_menu_social_links_bg":"","ocean_menu_social_hover_links_bg":"","ocean_menu_social_links_color":"","ocean_menu_social_hover_links_color":"","ocean_disable_title":"default","ocean_disable_heading":"default","ocean_post_title":"","ocean_post_subheading":"","ocean_post_title_style":"","ocean_post_title_background_color":"","ocean_post_title_background":0,"ocean_post_title_bg_image_position":"","ocean_post_title_bg_image_attachment":"","ocean_post_title_bg_image_repeat":"","ocean_post_title_bg_image_size":"","ocean_post_title_height":0,"ocean_post_title_bg_overlay":0.5,"ocean_post_title_bg_overlay_color":"","ocean_disable_breadcrumbs":"default","ocean_breadcrumbs_color":"","ocean_breadcrumbs_separator_color":"","ocean_breadcrumbs_links_color":"","ocean_breadcrumbs_links_hover_color":"","ocean_display_footer_widgets":"default","ocean_display_footer_bottom":"default","ocean_custom_footer_template":"0","ofc_meta_disable_footer_callout":"","ofc_meta_callout_button_url":"","ofc_meta_callout_button_txt":"","ofc_meta_callout_text":"","osh_disable_topbar_sticky":"default","osh_disable_header_sticky":"default","osh_sticky_header_style":"default","osh_sticky_header_effect":"","osh_custom_sticky_logo":0,"osh_custom_retina_sticky_logo":0,"osh_custom_sticky_logo_height":0,"osh_background_color":"","osh_links_color":"","osh_links_hover_color":"","osh_links_active_color":"","osh_links_bg_color":"","osh_links_hover_bg_color":"","osh_links_active_bg_color":"","osh_menu_social_links_color":"","osh_menu_social_hover_links_color":"","footnotes":""},"class_list":["post-102850","page","type-page","status-publish","hentry","entry"],"jetpack_sharing_enabled":true,"jetpack_likes_enabled":true,"jetpack-related-posts":[],"jetpack_shortlink":"https:\/\/wp.me\/Pe7Cu3-qKS","_links":{"self":[{"href":"https:\/\/www.balticmedia.com\/lv\/wp-json\/wp\/v2\/pages\/102850","targetHints":{"allow":["GET"]}}],"collection":[{"href":"https:\/\/www.balticmedia.com\/lv\/wp-json\/wp\/v2\/pages"}],"about":[{"href":"https:\/\/www.balticmedia.com\/lv\/wp-json\/wp\/v2\/types\/page"}],"author":[{"embeddable":true,"href":"https:\/\/www.balticmedia.com\/lv\/wp-json\/wp\/v2\/users\/2"}],"replies":[{"embeddable":true,"href":"https:\/\/www.balticmedia.com\/lv\/wp-json\/wp\/v2\/comments?post=102850"}],"version-history":[{"count":3,"href":"https:\/\/www.balticmedia.com\/lv\/wp-json\/wp\/v2\/pages\/102850\/revisions"}],"predecessor-version":[{"id":102853,"href":"https:\/\/www.balticmedia.com\/lv\/wp-json\/wp\/v2\/pages\/102850\/revisions\/102853"}],"up":[{"embeddable":true,"href":"https:\/\/www.balticmedia.com\/lv\/wp-json\/wp\/v2\/pages\/28597"}],"wp:attachment":[{"href":"https:\/\/www.balticmedia.com\/lv\/wp-json\/wp\/v2\/media?parent=102850"}],"curies":[{"name":"wp","href":"https:\/\/api.w.org\/{rel}","templated":true}]}}