{"id":91423,"date":"2021-02-03T12:12:31","date_gmt":"2021-02-03T10:12:31","guid":{"rendered":"https:\/\/www.balticmedia.com\/vertejo-darbas\/online-language-teaching-jobs\/"},"modified":"2025-02-14T22:12:45","modified_gmt":"2025-02-14T20:12:45","slug":"kalbu-mokytojas-internetines-kalbos-mokymo-darbo-vietos","status":"publish","type":"page","link":"https:\/\/www.balticmedia.com\/lt\/vertejo-darbas\/kalbu-mokytojas-internetines-kalbos-mokymo-darbo-vietos\/","title":{"rendered":"Kalb\u0173 mokytojas | Internetin\u0117s kalbos mokymo darbo vietos"},"content":{"rendered":"<div id=\"pl-91423\"  class=\"panel-layout\" ><div id=\"pg-91423-0\"  class=\"panel-grid panel-no-style\" ><div id=\"pgc-91423-0-0\"  class=\"panel-grid-cell\" ><div id=\"panel-91423-0-0-0\" class=\"so-panel widget widget_sow-image panel-first-child panel-last-child widgetopts-SO\" data-index=\"0\" ><div\n\t\t\t\n\t\t\tclass=\"so-widget-sow-image so-widget-sow-image-default-8b5b6f678277-91423\"\n\t\t\t\n\t\t>\n<div class=\"sow-image-container\">\n\t\t<img src=\"https:\/\/i0.wp.com\/www.balticmedia.com\/wp-content\/uploads\/4price_and_quality-scaled-1.jpg?fit=2560%2C549&amp;ssl=1\" width=\"2560\" height=\"549\" srcset=\"https:\/\/i0.wp.com\/www.balticmedia.com\/wp-content\/uploads\/4price_and_quality-scaled-1.jpg?w=2560&amp;ssl=1 2560w, https:\/\/i0.wp.com\/www.balticmedia.com\/wp-content\/uploads\/4price_and_quality-scaled-1.jpg?resize=300%2C64&amp;ssl=1 300w, https:\/\/i0.wp.com\/www.balticmedia.com\/wp-content\/uploads\/4price_and_quality-scaled-1.jpg?resize=1024%2C220&amp;ssl=1 1024w, https:\/\/i0.wp.com\/www.balticmedia.com\/wp-content\/uploads\/4price_and_quality-scaled-1.jpg?resize=768%2C165&amp;ssl=1 768w, https:\/\/i0.wp.com\/www.balticmedia.com\/wp-content\/uploads\/4price_and_quality-scaled-1.jpg?resize=1536%2C329&amp;ssl=1 1536w, https:\/\/i0.wp.com\/www.balticmedia.com\/wp-content\/uploads\/4price_and_quality-scaled-1.jpg?resize=2048%2C439&amp;ssl=1 2048w, https:\/\/i0.wp.com\/www.balticmedia.com\/wp-content\/uploads\/4price_and_quality-scaled-1.jpg?w=2400&amp;ssl=1 2400w\" title=\"Kalb\u0173 mokytojas | Internetin\u0117s kalbos mokymo darbo vietos\" alt=\"Kalb\u0173 mokytojas | Internetin\u0117s kalbos mokymo darbo vietos\" class=\"so-widget-image\">\n\t<\/div>\n\n<\/div><\/div><\/div><\/div><div id=\"pg-91423-1\"  class=\"panel-grid panel-no-style\" ><div id=\"pgc-91423-1-0\"  class=\"panel-grid-cell\" ><div id=\"panel-91423-1-0-0\" class=\"so-panel widget widget_sow-editor panel-first-child\" data-index=\"1\" ><div\n\t\t\t\n\t\t\tclass=\"so-widget-sow-editor so-widget-sow-editor-base\"\n\t\t\t\n\t\t>\n<div class=\"siteorigin-widget-tinymce textwidget\">\n\t<pre><form aria-label=\"Search this website\" role=\"search\" method=\"get\" class=\"oceanwp-searchform\" id=\"searchform\" action=\"https:\/\/www.balticmedia.com\/lt\/\"><input aria-label=\"Insert search query\" type=\"text\" class=\"field\" name=\"s\" id=\"s\" placeholder=\"Search\"><button aria-label=\"Submit your search\" type=\"submit\" class=\"search-submit\" value=\"\"><i class=\"icon-magnifier\" aria-hidden=\"true\"><\/i><\/button><\/form><\/pre>\n<\/div>\n<\/div><\/div><div id=\"panel-91423-1-0-1\" class=\"so-panel widget widget_ocean_custom_menu widget-oceanwp-custom-menu custom-menu-widget extendedwopts-hide extendedwopts-tablet extendedwopts-mobile widgetopts-SO\" data-index=\"2\" ><div class=\"oceanwp-custom-menu clr ocean_custom_menu-2 left dropdown-hover\"><ul id=\"menu-jobs-lt\" class=\"dropdown-menu sf-menu\"><li  id=\"menu-item-49365\" class=\"menu-item menu-item-type-post_type menu-item-object-page menu-item-49365\"><a href=\"https:\/\/www.balticmedia.com\/lt\/vertejo-darbas\/\" class=\"menu-link\">Vert\u0117jo darbas | Darbas vert\u0117jams<\/a><\/li>\n<li  id=\"menu-item-49363\" class=\"menu-item menu-item-type-post_type menu-item-object-page menu-item-49363\"><a href=\"https:\/\/www.balticmedia.com\/lt\/vertejo-darbas\/karjera\/\" class=\"menu-link\">Darbas vert\u0117jams<\/a><\/li>\n<li  id=\"menu-item-49364\" class=\"menu-item menu-item-type-post_type menu-item-object-page menu-item-49364\"><a href=\"https:\/\/www.balticmedia.com\/lt\/vertejo-darbas\/igarsintojai-ir-igarsinimo-specialistai\/\" class=\"menu-link\">\u012egarsintojai ir \u012fgarsinimo specialistai<\/a><\/li>\n<li  id=\"menu-item-101285\" class=\"menu-item menu-item-type-post_type menu-item-object-page menu-item-101285\"><a href=\"https:\/\/www.balticmedia.com\/lt\/svetaines-schema\/\" class=\"menu-link\">Svetain\u0117s schema<\/a><\/li>\n<\/ul><\/div><\/div><div id=\"panel-91423-1-0-2\" class=\"so-panel widget widget_ocean_custom_menu widget-oceanwp-custom-menu custom-menu-widget panel-last-child extendedwopts-hide extendedwopts-tablet extendedwopts-mobile widgetopts-SO\" data-index=\"3\" ><div class=\"oceanwp-custom-menu clr ocean_custom_menu-2 left dropdown-hover\"><ul id=\"menu-partneriai\" class=\"dropdown-menu sf-menu\"><li  id=\"menu-item-14926\" class=\"menu-item menu-item-type-custom menu-item-object-custom menu-item-14926\"><a target=\"_blank\" href=\"https:\/\/balticmedia.s.xtrf.eu\/vendors\/#\/sign-in\" class=\"menu-link\" rel=\"nofollow noopener\"><i class=\"icon before line-icon icon-briefcase\" aria-hidden=\"true\" style=\"font-size:2em;\"><\/i><span class=\"menu-text\">Partneri\u0173 portalas<\/span><\/a><\/li>\n<li  id=\"menu-item-14927\" class=\"menu-item menu-item-type-custom menu-item-object-custom menu-item-14927\"><a target=\"_blank\" href=\"https:\/\/www.balticmedia.com\/wp-content\/uploads\/11-Reasons-to-Choose-Baltic-Media-2026.pdf\" class=\"menu-link\"><i class=\"icon before line-icon icon-people\" aria-hidden=\"true\" style=\"font-size:2em;\"><\/i><span class=\"menu-text\">\u012emon\u0117s profilis<\/span><\/a><\/li>\n<li  id=\"menu-item-14928\" class=\"menu-item menu-item-type-custom menu-item-object-custom menu-item-14928\"><a target=\"_blank\" href=\"https:\/\/www.balticmedia.com\/wp-content\/uploads\/vertimo-biuras-lt.pdf\" class=\"menu-link\"><i class=\"icon before line-icon icon-organization\" aria-hidden=\"true\" style=\"font-size:2em;\"><\/i><span class=\"menu-text\">Vertimo procesas<\/span><\/a><\/li>\n<li  id=\"menu-item-14929\" class=\"menu-item menu-item-type-custom menu-item-object-custom menu-item-14929\"><a target=\"_blank\" href=\"https:\/\/www.balticmedia.com\/wp-content\/uploads\/Baltic-Media-Ltd.-Service-Terms-and-Conditions.pdf\" class=\"menu-link\"><i class=\"icon before line-icon icon-docs\" aria-hidden=\"true\" style=\"font-size:2em;\"><\/i><span class=\"menu-text\">Paslaug\u0173 teikimo s\u0105lygos ir terminai (EN)<\/span><\/a><\/li>\n<li  id=\"menu-item-14930\" class=\"menu-item menu-item-type-custom menu-item-object-custom menu-item-14930\"><a target=\"_blank\" href=\"https:\/\/www.balticmedia.com\/wp-content\/uploads\/iSO-certificate-2023.png\" class=\"menu-link\"><i class=\"icon before line-icon icon-doc\" aria-hidden=\"true\" style=\"font-size:2em;\"><\/i><span class=\"menu-text\">ISO 9001:2015 Quality Certification<\/span><\/a><\/li>\n<li  id=\"menu-item-14931\" class=\"menu-item menu-item-type-custom menu-item-object-custom menu-item-14931\"><a href=\"https:\/\/www.balticmedia.com\/wp-content\/uploads\/362531_copyrighttrademarkbalticmedia.pdf\" class=\"menu-link\"><i class=\"icon before line-icon icon-info\" aria-hidden=\"true\" style=\"font-size:2em;\"><\/i><span class=\"menu-text\">Copyright | Trademark Baltic Media<sup>\u00ae<\/sup><\/span><\/a><\/li>\n<\/ul><\/div><\/div><\/div><div id=\"pgc-91423-1-1\"  class=\"panel-grid-cell\" ><div id=\"panel-91423-1-1-0\" class=\"so-panel widget widget_sow-editor panel-first-child widgetopts-SO\" data-index=\"4\" ><div\n\t\t\t\n\t\t\tclass=\"so-widget-sow-editor so-widget-sow-editor-base\"\n\t\t\t\n\t\t><h3 class=\"widget-title\">Kalb\u0173 mokytojas | Internetin\u0117s kalbos mokymo darbo vietos<\/h3>\n<div class=\"siteorigin-widget-tinymce textwidget\">\n\t<div>\n<h1>Kalb\u0173 mokytojas | Internetin\u0117s kalbos mokymo darbo vietos<\/h1>\n<\/div>\n<div>\n<h2>Prad\u0117kite nauj\u0105 karjer\u0105 ar papildom\u0105 u\u017esi\u0117mim\u0105 dirbdami namuose i\u0161 bet kurios pasaulio vietos<\/h2>\n<h3>Angl\u0173, lietuvi\u0173,\u00a0\u0161ved\u0173, japon\u0173, rus\u0173, kin\u0173, norveg\u0173, latvi\u0173, ir kit\u0173 kalb\u0173 mokytoj\u0173 darbas internetu<\/h3>\n<\/div>\n<p align=\"left\">Si\u016blome galimyb\u0119 prisijungti prie \"Baltic Media<sup>\u00ae<\/sup>\" kalb\u0173 mokymo centro komandos ir \u0161iuo metu priimame \u012fvairi\u0173 kalb\u0173 internetini\u0173 kalb\u0173 kurs\u0173 mokytoj\u0173 parai\u0161kas. Ie\u0161kome internetini\u0173 angl\u0173, \u0161ved\u0173, japon\u0173, rus\u0173, kin\u0173, norveg\u0173, latvi\u0173 ir kit\u0173 kalb\u0173 mokytoj\u0173 ilgalaikiam bendradarbiavimui.<\/p>\n<p align=\"left\">UAB \"Baltic Media\" yra ISO sertifikuota kalb\u0173 paslaug\u0173 agent\u016bra, kuri specializuojasi vis\u0173 \u0160iaur\u0117s ir Baltijos \u0161ali\u0173 kalb\u0173 mokyme. Baltic Media Ltd. buvo \u012fkurta 1991 m. \u0160vedijoje, o Baltijos \u0161alyse veikia nuo 1994 m. ir yra viena i\u0161 pirmaujan\u010di\u0173 \u012fmoni\u0173, teikian\u010di\u0173 auk\u0161tos kokyb\u0117s kalb\u0173 paslaugas.<\/p>\n<\/div>\n<\/div><\/div><div id=\"panel-91423-1-1-1\" class=\"so-panel widget widget_sow-image-grid widgetopts-SO\" data-index=\"5\" ><div\n\t\t\t\n\t\t\tclass=\"so-widget-sow-image-grid so-widget-sow-image-grid-default-46e3cddde1e5-91423\"\n\t\t\t\n\t\t>\t<div\n\t\tclass=\"sow-image-grid-wrapper\"\n\t\t\t\t\t>\n\t\t\t\t\t<div class=\"sow-image-grid-image\">\n\t\t\t\t\t\t\t\t\t\t\t\t<img loading=\"lazy\" decoding=\"async\" width=\"300\" height=\"300\" src=\"https:\/\/i0.wp.com\/www.balticmedia.com\/wp-content\/uploads\/northern-europe-languages-localizing-e1735481415923.jpg?fit=300%2C300&amp;ssl=1\" class=\"sow-image-grid-image_html\" alt=\"Baltic Media&lt;sup&gt;\u00ae&lt;\/sup&gt;&quot;\" title=\"Kalb\u0173 mokytojas | Internetin\u0117s kalbos mokymo darbo vietos\">\t\t\t\t\t\t\t\t\t\t\t<\/div>\n\t\t\t\t\t<div class=\"sow-image-grid-image\">\n\t\t\t\t\t\t\t\t\t\t\t\t<img loading=\"lazy\" decoding=\"async\" width=\"300\" height=\"82\" src=\"https:\/\/i0.wp.com\/www.balticmedia.com\/wp-content\/uploads\/BM-logo-328x90-web-2-e1732657723740.jpg?fit=300%2C82&amp;ssl=1\" class=\"sow-image-grid-image_html\" alt=\"Baltic Media&lt;sup&gt;\u00ae&lt;\/sup&gt;&quot;\" title=\"technical translation services\">\t\t\t\t\t\t\t\t\t\t\t<\/div>\n\t\t\t<\/div>\n<\/div><\/div><div id=\"panel-91423-1-1-2\" class=\"so-panel widget widget_sow-editor panel-last-child widgetopts-SO\" data-index=\"6\" ><div\n\t\t\t\n\t\t\tclass=\"so-widget-sow-editor so-widget-sow-editor-base\"\n\t\t\t\n\t\t>\n<div class=\"siteorigin-widget-tinymce textwidget\">\n\t<p>&nbsp;<\/p>\n<h2>Internetin\u0117s kalb\u0173 mokymo pozicijos<\/h2>\n<p align=\"left\">INTERNETINI\u0172 KALB\u0172 KURS\u0172 MOKYTOJAS:<\/p>\n<p align=\"left\">REIKALAVIMAI<\/p>\n<ul>\n<li>Auk\u0161ta kvalifikacija ir sertifikatas mokyti kalb\u0173;<\/li>\n<li>Puikios kalb\u0173 \u017einios;<\/li>\n<li>Nuotolinio mokymo patirtis;<\/li>\n<li>Patirtis naudojant \u012fvairias internetinio mokymo platformas (Zoom, Skype, Discord, Google Hangouts ir kt.);<\/li>\n<li>Geb\u0117jimas savaranki\u0161kai planuoti darbo eig\u0105, spr\u0119sti problemas ir priimti sprendimus;<\/li>\n<li>Geri organizaciniai \u012fg\u016bd\u017eiai ir didelis d\u0117mesys detal\u0117ms;<\/li>\n<li>Aistra mokytis kalb\u0173 ir pad\u0117ti kitiems siekti kalb\u0173 tiksl\u0173;<\/li>\n<li>B\u016btinas kompiuteris su kamera ir mikrofonu bei patikimas spartusis interneto ry\u0161ys.<\/li>\n<\/ul>\n<p><img data-recalc-dims=\"1\" loading=\"lazy\" decoding=\"async\" class=\"alignnone wp-image-6837 size-medium\" src=\"https:\/\/i0.wp.com\/www.balticmedia.com\/wp-content\/uploads\/online_learning.png?resize=300%2C200&#038;ssl=1\" alt=\"Kalb\u0173 mokytojas | Internetin\u0117s kalbos mokymo darbo vietos\" width=\"300\" height=\"200\" srcset=\"https:\/\/i0.wp.com\/www.balticmedia.com\/wp-content\/uploads\/online_learning.png?resize=300%2C200&amp;ssl=1 300w, https:\/\/i0.wp.com\/www.balticmedia.com\/wp-content\/uploads\/online_learning.png?resize=272%2C182&amp;ssl=1 272w, https:\/\/i0.wp.com\/www.balticmedia.com\/wp-content\/uploads\/online_learning.png?w=680&amp;ssl=1 680w\" sizes=\"auto, (max-width: 300px) 100vw, 300px\" title=\"\"><\/p>\n<p align=\"left\">PAREIGOS<\/p>\n<ul>\n<li>Internetini\u0173 kalb\u0173 kurs\u0173 grup\u0117ms ir (arba) pavieniams asmenims vedimas;<\/li>\n<li>Mokymo program\u0173 rengimas;<\/li>\n<li>Mokymo med\u017eiagos rengimas;<\/li>\n<li>Atsakingai ir tiksliai atlikti visas su internetini\u0173 kurs\u0173 vedimu susijusias pareigas.<\/li>\n<\/ul>\n<p align=\"left\">MES SI\u016aLOME<\/p>\n<ul>\n<li>Darb\u0105 daugiakult\u016brin\u0117je aplinkoje;<\/li>\n<li>Projektai (vienetiniai darbai);<\/li>\n<li>Konsultacijas ir param\u0105 per vis\u0105 projekto laikotarp\u012f;<\/li>\n<li>Galimyb\u0119 dirbti i\u0161 bet kurios jums patogios vietos (darbas i\u0161 nam\u0173);<\/li>\n<li>Konkurencing\u0105 atlyginim\u0105, priklausant\u012f nuo i\u0161silavinimo, kvalifikacijos, darbo geb\u0117jim\u0173 ir patirties<\/li>\n<\/ul>\n<p align=\"left\">Nor\u0117dami kandidatuoti \u012f laisv\u0105 internetini\u0173 kalb\u0173 kurs\u0173 mokytojo viet\u0105, si\u0173skite savo gyvenimo apra\u0161ym\u0105 adresu <a href=\"mailto:kursi@balticmedia.com\">kursi@balticmedia.com<\/a>. Parai\u0161koje nurodykite pageidaujam\u0105 akademin\u0117s valandos (45min) ir astronomin\u0117s valandos (60min) apmok\u0117jim\u0105, taip pat kalb\u0173 kombinacijas, kuri\u0173 galite mokyti nuotoliniu b\u016bdu.<\/p>\n<p>Dzrirnavu iela 57a<br \/>\nLV-1010 R\u012bga Latvia\/Lettonie<\/p>\n<div><img data-recalc-dims=\"1\" loading=\"lazy\" decoding=\"async\" title=\"Valodu kursi\" src=\"https:\/\/i0.wp.com\/www.valodukursi.lv\/UserFiles\/Image\/contact-ico\/phone.png?resize=15%2C15\" alt=\"Valodu kursi\" width=\"15\" height=\"15\">\u00a0+371 67 224 395<br \/>\n<img data-recalc-dims=\"1\" loading=\"lazy\" decoding=\"async\" title=\"Valodu kursi\" src=\"https:\/\/i0.wp.com\/www.valodukursi.lv\/UserFiles\/Image\/contact-ico\/cell.png?resize=15%2C15\" alt=\"Valodu kursi\" width=\"15\" height=\"15\">\u00a0+371 29 44 68 45<\/div>\n<div><a href=\"mailto:info@balticmedia.com\"><img data-recalc-dims=\"1\" loading=\"lazy\" decoding=\"async\" title=\"Valodu kursi\" src=\"https:\/\/i0.wp.com\/www.valodukursi.lv\/UserFiles\/Image\/contact-ico\/%40.png?resize=15%2C15\" alt=\"Valodu kursi\" width=\"15\" height=\"15\"><\/a>\u00a0<a href=\"mailto:kursi@balticmedia.com\">kursi@balticmedia.com<\/a><\/div>\n<div><a href=\"https:\/\/wa.me\/37129446845\" target=\"_blank\" rel=\"noopener nofollow\">WhatsApp<\/a><\/div>\n<p>&nbsp;<\/p>\n<p align=\"left\"><iframe loading=\"lazy\" src=\"https:\/\/www.youtube.com\/embed\/hiNHZ2fn4Cc\" width=\"640\" height=\"315\" frameborder=\"0\" allowfullscreen=\"allowfullscreen\" data-mce-fragment=\"1\"><\/iframe><\/p>\n<\/div>\n<\/div><\/div><\/div><\/div><\/div>","protected":false},"excerpt":{"rendered":"<p>Kalb\u0173 mokytojas | Internetin\u0117s kalbos mokymo darbo vietos Prad\u0117kite nauj\u0105 karjer\u0105 ar papildom\u0105 u\u017esi\u0117mim\u0105 dirbdami namuose i\u0161 bet kurios pasaulio vietos Angl\u0173, lietuvi\u0173,\u00a0\u0161ved\u0173, japon\u0173, rus\u0173, kin\u0173, norveg\u0173, latvi\u0173, ir kit\u0173 kalb\u0173 mokytoj\u0173 darbas internetu Si\u016blome galimyb\u0119 prisijungti prie &#8222;Baltic Media\u00ae&#8221; kalb\u0173 mokymo centro komandos ir \u0161iuo metu priimame \u012fvairi\u0173 kalb\u0173 internetini\u0173 kalb\u0173 kurs\u0173 mokytoj\u0173 parai\u0161kas. [&hellip;]<\/p>\n","protected":false},"author":2,"featured_media":133858,"parent":12324,"menu_order":0,"comment_status":"closed","ping_status":"closed","template":"","meta":{"ocean_post_layout":"","ocean_both_sidebars_style":"","ocean_both_sidebars_content_width":0,"ocean_both_sidebars_sidebars_width":0,"ocean_sidebar":"0","ocean_second_sidebar":"0","ocean_disable_margins":"enable","ocean_add_body_class":"","ocean_shortcode_before_top_bar":"","ocean_shortcode_after_top_bar":"","ocean_shortcode_before_header":"","ocean_shortcode_after_header":"","ocean_has_shortcode":"","ocean_shortcode_after_title":"","ocean_shortcode_before_footer_widgets":"","ocean_shortcode_after_footer_widgets":"","ocean_shortcode_before_footer_bottom":"","ocean_shortcode_after_footer_bottom":"","ocean_display_top_bar":"default","ocean_display_header":"default","ocean_header_style":"","ocean_center_header_left_menu":"0","ocean_custom_header_template":"0","ocean_custom_logo":0,"ocean_custom_retina_logo":0,"ocean_custom_logo_max_width":0,"ocean_custom_logo_tablet_max_width":0,"ocean_custom_logo_mobile_max_width":0,"ocean_custom_logo_max_height":0,"ocean_custom_logo_tablet_max_height":0,"ocean_custom_logo_mobile_max_height":0,"ocean_header_custom_menu":"0","ocean_menu_typo_font_family":"0","ocean_menu_typo_font_subset":"","ocean_menu_typo_font_size":0,"ocean_menu_typo_font_size_tablet":0,"ocean_menu_typo_font_size_mobile":0,"ocean_menu_typo_font_size_unit":"px","ocean_menu_typo_font_weight":"","ocean_menu_typo_font_weight_tablet":"","ocean_menu_typo_font_weight_mobile":"","ocean_menu_typo_transform":"","ocean_menu_typo_transform_tablet":"","ocean_menu_typo_transform_mobile":"","ocean_menu_typo_line_height":0,"ocean_menu_typo_line_height_tablet":0,"ocean_menu_typo_line_height_mobile":0,"ocean_menu_typo_line_height_unit":"","ocean_menu_typo_spacing":0,"ocean_menu_typo_spacing_tablet":0,"ocean_menu_typo_spacing_mobile":0,"ocean_menu_typo_spacing_unit":"","ocean_menu_link_color":"","ocean_menu_link_color_hover":"","ocean_menu_link_color_active":"","ocean_menu_link_background":"","ocean_menu_link_hover_background":"","ocean_menu_link_active_background":"","ocean_menu_social_links_bg":"","ocean_menu_social_hover_links_bg":"","ocean_menu_social_links_color":"","ocean_menu_social_hover_links_color":"","ocean_disable_title":"default","ocean_disable_heading":"default","ocean_post_title":"","ocean_post_subheading":"","ocean_post_title_style":"","ocean_post_title_background_color":"","ocean_post_title_background":0,"ocean_post_title_bg_image_position":"","ocean_post_title_bg_image_attachment":"","ocean_post_title_bg_image_repeat":"","ocean_post_title_bg_image_size":"","ocean_post_title_height":0,"ocean_post_title_bg_overlay":0.5,"ocean_post_title_bg_overlay_color":"","ocean_disable_breadcrumbs":"default","ocean_breadcrumbs_color":"","ocean_breadcrumbs_separator_color":"","ocean_breadcrumbs_links_color":"","ocean_breadcrumbs_links_hover_color":"","ocean_display_footer_widgets":"default","ocean_display_footer_bottom":"default","ocean_custom_footer_template":"0","ofc_meta_disable_footer_callout":"","ofc_meta_callout_button_url":"","ofc_meta_callout_button_txt":"","ofc_meta_callout_text":"","osh_disable_topbar_sticky":"default","osh_disable_header_sticky":"default","osh_sticky_header_style":"default","osh_sticky_header_effect":"","osh_custom_sticky_logo":0,"osh_custom_retina_sticky_logo":0,"osh_custom_sticky_logo_height":0,"osh_background_color":"","osh_links_color":"","osh_links_hover_color":"","osh_links_active_color":"","osh_links_bg_color":"","osh_links_hover_bg_color":"","osh_links_active_bg_color":"","osh_menu_social_links_color":"","osh_menu_social_hover_links_color":"","footnotes":""},"class_list":["post-91423","page","type-page","status-publish","has-post-thumbnail","hentry","entry","has-media"],"jetpack_sharing_enabled":true,"jetpack_likes_enabled":true,"jetpack-related-posts":[],"jetpack_shortlink":"https:\/\/wp.me\/Pe7Cu3-nMz","_links":{"self":[{"href":"https:\/\/www.balticmedia.com\/lt\/wp-json\/wp\/v2\/pages\/91423","targetHints":{"allow":["GET"]}}],"collection":[{"href":"https:\/\/www.balticmedia.com\/lt\/wp-json\/wp\/v2\/pages"}],"about":[{"href":"https:\/\/www.balticmedia.com\/lt\/wp-json\/wp\/v2\/types\/page"}],"author":[{"embeddable":true,"href":"https:\/\/www.balticmedia.com\/lt\/wp-json\/wp\/v2\/users\/2"}],"replies":[{"embeddable":true,"href":"https:\/\/www.balticmedia.com\/lt\/wp-json\/wp\/v2\/comments?post=91423"}],"version-history":[{"count":7,"href":"https:\/\/www.balticmedia.com\/lt\/wp-json\/wp\/v2\/pages\/91423\/revisions"}],"predecessor-version":[{"id":136274,"href":"https:\/\/www.balticmedia.com\/lt\/wp-json\/wp\/v2\/pages\/91423\/revisions\/136274"}],"up":[{"embeddable":true,"href":"https:\/\/www.balticmedia.com\/lt\/wp-json\/wp\/v2\/pages\/12324"}],"wp:featuredmedia":[{"embeddable":true,"href":"https:\/\/www.balticmedia.com\/lt\/wp-json\/wp\/v2\/media\/133858"}],"wp:attachment":[{"href":"https:\/\/www.balticmedia.com\/lt\/wp-json\/wp\/v2\/media?parent=91423"}],"curies":[{"name":"wp","href":"https:\/\/api.w.org\/{rel}","templated":true}]}}