{"id":37308,"date":"2021-02-10T15:59:02","date_gmt":"2021-02-10T13:59:02","guid":{"rendered":"https:\/\/www.balticmedia.com\/visuotines-vertimo-paslaugos\/kalbos-mokymasis\/how-can-language-courses-boost-your-business\/"},"modified":"2022-11-25T03:34:31","modified_gmt":"2022-11-25T01:34:31","slug":"kaip-kalbu-kursai-gali-paskatinti-jusu-versla","status":"publish","type":"page","link":"https:\/\/www.balticmedia.com\/lt\/kalbos-mokymasis\/kaip-kalbu-kursai-gali-paskatinti-jusu-versla\/","title":{"rendered":"Kaip kalb\u0173 kursai gali paskatinti j\u016bs\u0173 versl\u0105?"},"content":{"rendered":"<div id=\"pl-37308\"  class=\"panel-layout\" ><div id=\"pg-37308-0\"  class=\"panel-grid panel-no-style\" ><div id=\"pgc-37308-0-0\"  class=\"panel-grid-cell\" ><div id=\"panel-37308-0-0-0\" class=\"so-panel widget widget_sow-image panel-first-child panel-last-child widgetopts-SO\" data-index=\"0\" ><div\n\t\t\t\n\t\t\tclass=\"so-widget-sow-image so-widget-sow-image-default-6ec9e3772f75-37308\"\n\t\t\t\n\t\t>\n<div class=\"sow-image-container\">\n\t\t<img src=\"https:\/\/i0.wp.com\/www.balticmedia.com\/wp-content\/uploads\/latvian-scaled.jpg?fit=2560%2C549&amp;ssl=1\" width=\"2560\" height=\"549\" srcset=\"https:\/\/i0.wp.com\/www.balticmedia.com\/wp-content\/uploads\/latvian-scaled.jpg?w=2560&amp;ssl=1 2560w, https:\/\/i0.wp.com\/www.balticmedia.com\/wp-content\/uploads\/latvian-scaled.jpg?resize=300%2C64&amp;ssl=1 300w, https:\/\/i0.wp.com\/www.balticmedia.com\/wp-content\/uploads\/latvian-scaled.jpg?resize=1024%2C219&amp;ssl=1 1024w, https:\/\/i0.wp.com\/www.balticmedia.com\/wp-content\/uploads\/latvian-scaled.jpg?resize=768%2C165&amp;ssl=1 768w, https:\/\/i0.wp.com\/www.balticmedia.com\/wp-content\/uploads\/latvian-scaled.jpg?resize=1536%2C329&amp;ssl=1 1536w, https:\/\/i0.wp.com\/www.balticmedia.com\/wp-content\/uploads\/latvian-scaled.jpg?resize=2048%2C439&amp;ssl=1 2048w, https:\/\/i0.wp.com\/www.balticmedia.com\/wp-content\/uploads\/latvian-scaled.jpg?w=2400&amp;ssl=1 2400w\" title=\"Riga\" alt=\"Document Translation Services\" class=\"so-widget-image\">\n\t<\/div>\n\n<\/div><\/div><\/div><\/div><div id=\"pg-37308-1\"  class=\"panel-grid panel-no-style\" ><div id=\"pgc-37308-1-0\"  class=\"panel-grid-cell\" ><div id=\"panel-37308-1-0-0\" class=\"so-panel widget widget_sow-editor panel-first-child\" data-index=\"1\" ><div\n\t\t\t\n\t\t\tclass=\"so-widget-sow-editor so-widget-sow-editor-base\"\n\t\t\t\n\t\t>\n<div class=\"siteorigin-widget-tinymce textwidget\">\n\t<pre><form aria-label=\"Search this website\" role=\"search\" method=\"get\" class=\"oceanwp-searchform\" id=\"searchform\" action=\"https:\/\/www.balticmedia.com\/lt\/\"><input aria-label=\"Insert search query\" type=\"text\" class=\"field\" name=\"s\" id=\"s\" placeholder=\"Search\"><button aria-label=\"Submit your search\" type=\"submit\" class=\"search-submit\" value=\"\"><i class=\"icon-magnifier\" aria-hidden=\"true\"><\/i><\/button><\/form><\/pre>\n<\/div>\n<\/div><\/div><div id=\"panel-37308-1-0-1\" class=\"so-panel widget widget_ocean_custom_menu widget-oceanwp-custom-menu custom-menu-widget extendedwopts-hide extendedwopts-tablet extendedwopts-mobile widgetopts-SO\" data-index=\"2\" ><div class=\"oceanwp-custom-menu clr ocean_custom_menu-2 left dropdown-hover\"><ul id=\"menu-services-lt\" class=\"dropdown-menu sf-menu\"><li  id=\"menu-item-42541\" class=\"menu-item menu-item-type-post_type menu-item-object-page menu-item-42541\"><a href=\"https:\/\/www.balticmedia.com\/lt\/vertimai\/\" class=\"menu-link\">Vertimai \u012f visas kalbas<\/a><\/li>\n<li  id=\"menu-item-100597\" class=\"menu-item menu-item-type-post_type menu-item-object-page menu-item-100597\"><a href=\"https:\/\/www.balticmedia.com\/lt\/vertimas-rastu\/\" class=\"menu-link\">Vertimas ra\u0161tu<\/a><\/li>\n<li  id=\"menu-item-42526\" class=\"menu-item menu-item-type-post_type menu-item-object-page menu-item-42526\"><a href=\"https:\/\/www.balticmedia.com\/lt\/vertimai\/masininio-vertimo-redagavimas\/\" class=\"menu-link\">Ma\u0161ininio vertimo redagavimas<\/a><\/li>\n<li  id=\"menu-item-42528\" class=\"menu-item menu-item-type-post_type menu-item-object-page menu-item-42528\"><a href=\"https:\/\/www.balticmedia.com\/lt\/notaro-patikrintas-patvirtintas-vertimas\/\" class=\"menu-link\">Notaro patikrintas, patvirtintas vertimas, sertifikuotas vertimas<\/a><\/li>\n<li  id=\"menu-item-42524\" class=\"menu-item menu-item-type-post_type menu-item-object-page menu-item-42524\"><a href=\"https:\/\/www.balticmedia.com\/lt\/vertimai\/lokalizavimas\/\" class=\"menu-link\">Lokalizavimas<\/a><\/li>\n<li  id=\"menu-item-42521\" class=\"menu-item menu-item-type-post_type menu-item-object-page menu-item-42521\"><a href=\"https:\/\/www.balticmedia.com\/lt\/vertimai\/dokumentu-vertimas\/\" class=\"menu-link\">Dokument\u0173 vertimas<\/a><\/li>\n<li  id=\"menu-item-42531\" class=\"menu-item menu-item-type-post_type menu-item-object-page menu-item-42531\"><a href=\"https:\/\/www.balticmedia.com\/lt\/techninio-vertimo-paslauga\/\" class=\"menu-link\">Techninio vertimo paslauga<\/a><\/li>\n<li  id=\"menu-item-42522\" class=\"menu-item menu-item-type-post_type menu-item-object-page menu-item-42522\"><a href=\"https:\/\/www.balticmedia.com\/lt\/vertimai\/internetines-svetaines-vertimas\/\" class=\"menu-link\">Internetin\u0117s svetain\u0117s vertimas<\/a><\/li>\n<li  id=\"menu-item-42540\" class=\"menu-item menu-item-type-post_type menu-item-object-page menu-item-42540\"><a href=\"https:\/\/www.balticmedia.com\/lt\/vertimai\/internetines-svetaines-vertimas\/seo-vertimo-paslaugos\/\" class=\"menu-link\">SEO vertimo paslaugos<\/a><\/li>\n<li  id=\"menu-item-42532\" class=\"menu-item menu-item-type-post_type menu-item-object-page menu-item-42532\"><a href=\"https:\/\/www.balticmedia.com\/lt\/vertimai\/teisiniu-dokumentu-vertimo-paslaugos\/\" class=\"menu-link\">Teisini\u0173 dokument\u0173 vertimo paslaugos<\/a><\/li>\n<li  id=\"menu-item-100596\" class=\"menu-item menu-item-type-post_type menu-item-object-page menu-item-100596\"><a href=\"https:\/\/www.balticmedia.com\/lt\/vertimai\/rinkodaros-vertimo-paslauga\/\" class=\"menu-link\">Profesionalus reklamos ir rinkodaros tekst\u0173 vertimas<\/a><\/li>\n<li  id=\"menu-item-42527\" class=\"menu-item menu-item-type-post_type menu-item-object-page menu-item-42527\"><a href=\"https:\/\/www.balticmedia.com\/lt\/medicininio-teksto-vertimas\/\" class=\"menu-link\">Medicininio teksto vertimas<\/a><\/li>\n<li  id=\"menu-item-42533\" class=\"menu-item menu-item-type-post_type menu-item-object-page menu-item-42533\"><a href=\"https:\/\/www.balticmedia.com\/lt\/vertimai\/transkripcija\/\" class=\"menu-link\">Transkripcija<\/a><\/li>\n<li  id=\"menu-item-42530\" class=\"menu-item menu-item-type-post_type menu-item-object-page menu-item-42530\"><a href=\"https:\/\/www.balticmedia.com\/lt\/vertimai\/subtitravimas-subtitru-vertimas\/\" class=\"menu-link\">Subtitravimas, subtitr\u0173 vertimas, dubliavimas<\/a><\/li>\n<li  id=\"menu-item-42529\" class=\"menu-item menu-item-type-post_type menu-item-object-page menu-item-42529\"><a href=\"https:\/\/www.balticmedia.com\/lt\/vertimai\/redagavimas\/\" class=\"menu-link\">Redagavimas<\/a><\/li>\n<li  id=\"menu-item-42520\" class=\"menu-item menu-item-type-post_type menu-item-object-page menu-item-42520\"><a href=\"https:\/\/www.balticmedia.com\/lt\/vertimai\/dokumentavimas\/\" class=\"menu-link\">Dokumentavimas | Tekst\u0173 ra\u0161ymas<\/a><\/li>\n<li  id=\"menu-item-42525\" class=\"menu-item menu-item-type-post_type menu-item-object-page menu-item-42525\"><a href=\"https:\/\/www.balticmedia.com\/lt\/vertimai\/maketavimas-grafinis-dizainas\/\" class=\"menu-link\">Maketavimas &#8211; grafinis dizainas<\/a><\/li>\n<li  id=\"menu-item-42542\" class=\"menu-item menu-item-type-post_type menu-item-object-page menu-item-42542\"><a href=\"https:\/\/www.balticmedia.com\/lt\/vertimas-zodziu\/\" class=\"menu-link\">Vertimas \u017eod\u017eiu<\/a><\/li>\n<li  id=\"menu-item-42538\" class=\"menu-item menu-item-type-post_type menu-item-object-page menu-item-42538\"><a href=\"https:\/\/www.balticmedia.com\/lt\/vertimas-zodziu\/nuoseklusis-vertimas-zodziu\/\" class=\"menu-link\">Nuoseklusis vertimas \u017eod\u017eiu<\/a><\/li>\n<li  id=\"menu-item-42539\" class=\"menu-item menu-item-type-post_type menu-item-object-page menu-item-42539\"><a href=\"https:\/\/www.balticmedia.com\/lt\/vertimas-zodziu\/sinchroninio-vertimo-zodziu\/\" class=\"menu-link\">Sinchroninio vertimo \u017eod\u017eiu paslaugos<\/a><\/li>\n<li  id=\"menu-item-42543\" class=\"menu-item menu-item-type-post_type menu-item-object-page menu-item-42543\"><a href=\"https:\/\/www.balticmedia.com\/lt\/vertimas-zodziu\/vertimas-zodziu-telefonu\/\" class=\"menu-link\">Vertimas \u017eod\u017eiu telefonu<\/a><\/li>\n<li  id=\"menu-item-42523\" class=\"menu-item menu-item-type-post_type menu-item-object-page menu-item-42523\"><a href=\"https:\/\/www.balticmedia.com\/lt\/kalbos-mokymasis\/\" class=\"menu-link\">Kalbos mokymasis<\/a><\/li>\n<li  id=\"menu-item-42535\" class=\"menu-item menu-item-type-post_type menu-item-object-page menu-item-42535\"><a href=\"https:\/\/www.balticmedia.com\/lt\/kalbos-mokymasis\/kaip-kalbu-kursai-gali-paskatinti-jusu-versla\/\" class=\"menu-link\">Kaip kalb\u0173 kursai gali paskatinti j\u016bs\u0173 versl\u0105?<\/a><\/li>\n<li  id=\"menu-item-42534\" class=\"menu-item menu-item-type-post_type menu-item-object-page menu-item-42534\"><a href=\"https:\/\/www.balticmedia.com\/lt\/kalbos-mokymasis\/ivertinkite-savo-kalbos-igudzius\/\" class=\"menu-link\">\u012evertinkite savo kalbos \u012fg\u016bd\u017eius<\/a><\/li>\n<li  id=\"menu-item-42536\" class=\"menu-item menu-item-type-post_type menu-item-object-page menu-item-42536\"><a href=\"https:\/\/www.balticmedia.com\/lt\/kodel-verta-rinktis-baltic-media-kalbu-mokymo-centra\/\" class=\"menu-link\">Kod\u0117l verta rinktis Baltic Media kalb\u0173 mokymo centr\u0105?<\/a><\/li>\n<li  id=\"menu-item-103723\" class=\"menu-item menu-item-type-post_type menu-item-object-page menu-item-103723\"><a href=\"https:\/\/www.balticmedia.com\/lt\/latviu-kalbos-pagrindu-mokymas\/\" class=\"menu-link\">Latvi\u0173 kalbos pagrind\u0173 mokymas | Latvi\u0173 kalbos kursai<\/a><\/li>\n<\/ul><\/div><\/div><div id=\"panel-37308-1-0-2\" class=\"so-panel widget widget_ocean_custom_menu widget-oceanwp-custom-menu custom-menu-widget panel-last-child extendedwopts-hide extendedwopts-tablet extendedwopts-mobile widgetopts-SO\" data-index=\"3\" ><div class=\"oceanwp-custom-menu clr ocean_custom_menu-2 left dropdown-hover\"><ul id=\"menu-partneriai\" class=\"dropdown-menu sf-menu\"><li  id=\"menu-item-14926\" class=\"menu-item menu-item-type-custom menu-item-object-custom menu-item-14926\"><a target=\"_blank\" href=\"https:\/\/balticmedia.s.xtrf.eu\/vendors\/#\/sign-in\" class=\"menu-link\" rel=\"nofollow noopener\"><i class=\"icon before line-icon icon-briefcase\" aria-hidden=\"true\" style=\"font-size:2em;\"><\/i><span class=\"menu-text\">Partneri\u0173 portalas<\/span><\/a><\/li>\n<li  id=\"menu-item-14927\" class=\"menu-item menu-item-type-custom menu-item-object-custom menu-item-14927\"><a target=\"_blank\" href=\"https:\/\/www.balticmedia.com\/wp-content\/uploads\/11-Reasons-to-Choose-Baltic-Media-2026.pdf\" class=\"menu-link\"><i class=\"icon before line-icon icon-people\" aria-hidden=\"true\" style=\"font-size:2em;\"><\/i><span class=\"menu-text\">\u012emon\u0117s profilis<\/span><\/a><\/li>\n<li  id=\"menu-item-14928\" class=\"menu-item menu-item-type-custom menu-item-object-custom menu-item-14928\"><a target=\"_blank\" href=\"https:\/\/www.balticmedia.com\/wp-content\/uploads\/vertimo-biuras-lt.pdf\" class=\"menu-link\"><i class=\"icon before line-icon icon-organization\" aria-hidden=\"true\" style=\"font-size:2em;\"><\/i><span class=\"menu-text\">Vertimo procesas<\/span><\/a><\/li>\n<li  id=\"menu-item-14929\" class=\"menu-item menu-item-type-custom menu-item-object-custom menu-item-14929\"><a target=\"_blank\" href=\"https:\/\/www.balticmedia.com\/wp-content\/uploads\/Baltic-Media-Ltd.-Service-Terms-and-Conditions.pdf\" class=\"menu-link\"><i class=\"icon before line-icon icon-docs\" aria-hidden=\"true\" style=\"font-size:2em;\"><\/i><span class=\"menu-text\">Paslaug\u0173 teikimo s\u0105lygos ir terminai (EN)<\/span><\/a><\/li>\n<li  id=\"menu-item-14930\" class=\"menu-item menu-item-type-custom menu-item-object-custom menu-item-14930\"><a target=\"_blank\" href=\"https:\/\/www.balticmedia.com\/wp-content\/uploads\/iSO-certificate-2023.png\" class=\"menu-link\"><i class=\"icon before line-icon icon-doc\" aria-hidden=\"true\" style=\"font-size:2em;\"><\/i><span class=\"menu-text\">ISO 9001:2015 Quality Certification<\/span><\/a><\/li>\n<li  id=\"menu-item-14931\" class=\"menu-item menu-item-type-custom menu-item-object-custom menu-item-14931\"><a href=\"https:\/\/www.balticmedia.com\/wp-content\/uploads\/362531_copyrighttrademarkbalticmedia.pdf\" class=\"menu-link\"><i class=\"icon before line-icon icon-info\" aria-hidden=\"true\" style=\"font-size:2em;\"><\/i><span class=\"menu-text\">Copyright | Trademark Baltic Media<sup>\u00ae<\/sup><\/span><\/a><\/li>\n<\/ul><\/div><\/div><\/div><div id=\"pgc-37308-1-1\"  class=\"panel-grid-cell\" ><div id=\"panel-37308-1-1-0\" class=\"so-panel widget widget_sow-editor panel-first-child panel-last-child widgetopts-SO\" data-index=\"4\" ><div\n\t\t\t\n\t\t\tclass=\"so-widget-sow-editor so-widget-sow-editor-base\"\n\t\t\t\n\t\t>\n<div class=\"siteorigin-widget-tinymce textwidget\">\n\t<p>&nbsp;<\/p>\n<h1><strong>Kaip kalb\u0173 kursai gali paskatinti j\u016bs\u0173 versl\u0105? | Baltic Media Language Training Centre<\/strong><\/h1>\n<p>If your company is aiming to increase exports of goods or services to both closer and more distant markets, you might want to teach your employees the languages spoken in these countries. At least those employees who will consult and manage subsidiaries in the new markets.\u00a0<strong>In order to expand your business to the closest neighbouring countries, Swedish, Norwegian, Danish, Estonian, Finnish, Lithuanian, Polish, German, and Russian language courses perhaps come in handy.<\/strong><\/p>\n<p><strong>If your company is a subsidiary of another global company,<\/strong> to effectively communicate with its staff, you may need the knowledge of the official language of the country your parent company is based in. We have been specializing in Swedish, English, Finnish, Estonian, German, Lithuanian, Spanish, Italian, French, Arabic, Japanese, and Chinese language courses for over 25 years.<\/p>\n<div><strong>Scientific research shows that if you communicate with your business partners in their language, your company turnover will increase by an average of 25%.<\/strong><\/div>\n<p><img data-recalc-dims=\"1\" loading=\"lazy\" decoding=\"async\" class=\"alignnone wp-image-6878\" src=\"https:\/\/i0.wp.com\/www.balticmedia.com\/wp-content\/uploads\/baltic_media_a5_flayer_2.png?resize=300%2C426&#038;ssl=1\" alt=\"\" width=\"300\" height=\"426\" srcset=\"https:\/\/i0.wp.com\/www.balticmedia.com\/wp-content\/uploads\/baltic_media_a5_flayer_2.png?resize=211%2C300&amp;ssl=1 211w, https:\/\/i0.wp.com\/www.balticmedia.com\/wp-content\/uploads\/baltic_media_a5_flayer_2.png?resize=722%2C1024&amp;ssl=1 722w, https:\/\/i0.wp.com\/www.balticmedia.com\/wp-content\/uploads\/baltic_media_a5_flayer_2.png?w=728&amp;ssl=1 728w\" sizes=\"auto, (max-width: 300px) 100vw, 300px\" title=\"\"><\/p>\n<p><img data-recalc-dims=\"1\" loading=\"lazy\" decoding=\"async\" class=\"alignnone size-medium wp-image-1474\" src=\"https:\/\/i0.wp.com\/www.balticmedia.com\/wp-content\/uploads\/BM-logo-328x90-web-2.jpg?resize=300%2C82&#038;ssl=1\" alt=\"Baltic Media\" width=\"300\" height=\"82\" srcset=\"https:\/\/i0.wp.com\/www.balticmedia.com\/wp-content\/uploads\/BM-logo-328x90-web-2-e1732657723740.jpg?resize=300%2C82&amp;ssl=1 300w, https:\/\/i0.wp.com\/www.balticmedia.com\/wp-content\/uploads\/BM-logo-328x90-web-2-e1732657723740.jpg?w=328&amp;ssl=1 328w\" sizes=\"auto, (max-width: 300px) 100vw, 300px\" title=\"\"><\/p>\n<p><strong>English is a global business communication language.<\/strong>\u00a0Let\u2019s say, you have a good knowledge of English that you have learned at school and at the university, however, in order to communicate in a business environment you need to add up specific business terminology and language style depending on the region. Lecturers who are native speakers of English and who are well aware of American, British, Australian and other versions of English will help you with that.<\/p>\n<p>If your company is international and employs a large number of foreign experts who have come to Riga not only to work but also to live and to integrate into the social and cultural domain of Latvia, then you <strong>might want to teach these employees Latvian<\/strong> \u2013 the official language of Latvia and one of the official languages of the European Union.<\/p>\n<p>Roots of the Latvian language reach as far back as Sanskrit and it is one of the oldest languages of the European civilization which together with Lithuanian form a separate branch of the Indo-European language tree. Latvian language classes for foreigners which are toughed based on a special, original method, is one of our specializations.<\/p>\n<p>All these language courses have been organized by the Baltic Media Language Training Centre for more than 25 years.<\/p>\n<p>Contact us and we will tell you more about how the experience and competence of our language courses can help you!<\/p>\n<p>If you want to master one of the most sought-after languages of our neighbouring or farther off countries, contact the employees of our language centre by e-mail: <a href=\"mailto:kursi@balticmedia.com\">kursi@balticmedia.com <\/a>or call <strong>+37167224395<\/strong><\/p>\n<p>For more information on how the languages courses of Baltic Media, the leading language service company in Northern Europe, are organized visit: <a href=\"https:\/\/www.balticmedia.com\/language-service-translation-company\/privacy-policy\/2831\">https:\/\/www.balticmedia.com\/global-translation-services\/language-training-courses-classes-lessons\/<\/a><\/p>\n<div>\n<div>\n<p><strong>Baltic Media Language Centre is an educational institution registered with the State Education Quality Service of the Republic of Latvia.<\/strong><\/p>\n<p>The State Education Development Agency has registered\u00a0<a href=\"http:\/\/niid.lv\/niid_search\/provider\/Baltic%20Media%20Valodu%20m%C4%81c%C4%ABbu%20centrs?qy=Baltic%20Media&amp;level_1=6\" rel=\"nofollow noopener\" target=\"_blank\">Latvian, Lithuanian, Swedish, Russian, Communication etc. educational programs of Baltic Media Language Training Center<\/a>.<\/p>\n<\/div>\n<div>Type of programs: Professional growth and personal development (non-formal adult education). Educational documents - certificate.<\/div>\n<div><iframe loading=\"lazy\" src=\"https:\/\/www.youtube.com\/embed\/hiNHZ2fn4Cc?enablejsapi=1&amp;origin=https:\/\/wp.balticmedia.dev.telia.lv\" width=\"560\" height=\"315\" frameborder=\"0\" allowfullscreen=\"allowfullscreen\" data-mce-fragment=\"1\"><\/iframe><\/div>\n<\/div>\n<h2><strong><a href=\"https:\/\/www.balticmedia.com\/lv\/tulkosanas-pakalpojumi-baltic-media\/valodu-kursi\/kapec-izveleties-baltic-media-valodu-macibu-centru\/\">Why is the Baltic Media Language Training Centre Your Go-To Place If You Want to Learn New Languages?<\/a><\/strong><\/h2>\n<h3><a href=\"https:\/\/www.balticmedia.com\/global-translation-services\/language-training-courses-classes-lessons\/why-choose-baltic-media-language-training-centre\/\">Why Choose Baltic Media Language Training Centre?<\/a><\/h3>\n<h3>Latvian Language Training Riga<\/h3>\n<h3><a href=\"https:\/\/www.balticmedia.com\/global-translation-services\/language-training-courses-classes-lessons\/how-can-language-courses-boost-your-business\/\">How Can Language Courses Boost Your Business?<\/a><\/h3>\n<h3><a href=\"https:\/\/www.balticmedia.com\/global-translation-services\/language-training-courses-classes-lessons\/evaluate-your-language-skills\/\">Evaluate your language skills<\/a><\/h3>\n<h3><a href=\"https:\/\/www.balticmedia.com\/global-translation-services\/language-training-courses-classes-lessons\/discover-latvian\/\">Discover Latvian - an effective approach for learning Latvian<\/a><\/h3>\n<h3><a href=\"https:\/\/www.balticmedia.com\/fr\/a-propos-de-nous\/notre-histoire\/tvian-language-course--how-l\">Latvian language course | How long does it takes to master Latvian?<\/a><\/h3>\n<h3><a href=\"https:\/\/www.balticmedia.com\/global-translation-services\/language-training-courses-classes-lessons\/latvian-language-courses-for-foreigners\/\">Latvian language courses for foreigners<\/a><\/h3>\n<h3><a href=\"https:\/\/www.balticmedia.com\/translation-jobs\/\">Apply here<\/a><\/h3>\n<\/div>\n<\/div><\/div><\/div><\/div><\/div>","protected":false},"excerpt":{"rendered":"<p>&nbsp; Kaip kalb\u0173 kursai gali paskatinti j\u016bs\u0173 versl\u0105? | Baltic Media Language Training Centre If your company is aiming to increase exports of goods or services to both closer and more distant markets, you might want to teach your employees the languages spoken in these countries. At least those employees who will consult and manage [&hellip;]<\/p>\n","protected":false},"author":2,"featured_media":140007,"parent":32831,"menu_order":0,"comment_status":"closed","ping_status":"closed","template":"","meta":{"ocean_post_layout":"","ocean_both_sidebars_style":"","ocean_both_sidebars_content_width":0,"ocean_both_sidebars_sidebars_width":0,"ocean_sidebar":"0","ocean_second_sidebar":"0","ocean_disable_margins":"enable","ocean_add_body_class":"","ocean_shortcode_before_top_bar":"","ocean_shortcode_after_top_bar":"","ocean_shortcode_before_header":"","ocean_shortcode_after_header":"","ocean_has_shortcode":"","ocean_shortcode_after_title":"","ocean_shortcode_before_footer_widgets":"","ocean_shortcode_after_footer_widgets":"","ocean_shortcode_before_footer_bottom":"","ocean_shortcode_after_footer_bottom":"","ocean_display_top_bar":"default","ocean_display_header":"default","ocean_header_style":"","ocean_center_header_left_menu":"0","ocean_custom_header_template":"0","ocean_custom_logo":0,"ocean_custom_retina_logo":0,"ocean_custom_logo_max_width":0,"ocean_custom_logo_tablet_max_width":0,"ocean_custom_logo_mobile_max_width":0,"ocean_custom_logo_max_height":0,"ocean_custom_logo_tablet_max_height":0,"ocean_custom_logo_mobile_max_height":0,"ocean_header_custom_menu":"0","ocean_menu_typo_font_family":"0","ocean_menu_typo_font_subset":"","ocean_menu_typo_font_size":0,"ocean_menu_typo_font_size_tablet":0,"ocean_menu_typo_font_size_mobile":0,"ocean_menu_typo_font_size_unit":"px","ocean_menu_typo_font_weight":"","ocean_menu_typo_font_weight_tablet":"","ocean_menu_typo_font_weight_mobile":"","ocean_menu_typo_transform":"","ocean_menu_typo_transform_tablet":"","ocean_menu_typo_transform_mobile":"","ocean_menu_typo_line_height":0,"ocean_menu_typo_line_height_tablet":0,"ocean_menu_typo_line_height_mobile":0,"ocean_menu_typo_line_height_unit":"","ocean_menu_typo_spacing":0,"ocean_menu_typo_spacing_tablet":0,"ocean_menu_typo_spacing_mobile":0,"ocean_menu_typo_spacing_unit":"","ocean_menu_link_color":"","ocean_menu_link_color_hover":"","ocean_menu_link_color_active":"","ocean_menu_link_background":"","ocean_menu_link_hover_background":"","ocean_menu_link_active_background":"","ocean_menu_social_links_bg":"","ocean_menu_social_hover_links_bg":"","ocean_menu_social_links_color":"","ocean_menu_social_hover_links_color":"","ocean_disable_title":"default","ocean_disable_heading":"default","ocean_post_title":"","ocean_post_subheading":"","ocean_post_title_style":"","ocean_post_title_background_color":"","ocean_post_title_background":0,"ocean_post_title_bg_image_position":"","ocean_post_title_bg_image_attachment":"","ocean_post_title_bg_image_repeat":"","ocean_post_title_bg_image_size":"","ocean_post_title_height":0,"ocean_post_title_bg_overlay":0.5,"ocean_post_title_bg_overlay_color":"","ocean_disable_breadcrumbs":"default","ocean_breadcrumbs_color":"","ocean_breadcrumbs_separator_color":"","ocean_breadcrumbs_links_color":"","ocean_breadcrumbs_links_hover_color":"","ocean_display_footer_widgets":"default","ocean_display_footer_bottom":"default","ocean_custom_footer_template":"0","ofc_meta_disable_footer_callout":"","ofc_meta_callout_button_url":"","ofc_meta_callout_button_txt":"","ofc_meta_callout_text":"","osh_disable_topbar_sticky":"default","osh_disable_header_sticky":"default","osh_sticky_header_style":"default","osh_sticky_header_effect":"","osh_custom_sticky_logo":0,"osh_custom_retina_sticky_logo":0,"osh_custom_sticky_logo_height":0,"osh_background_color":"","osh_links_color":"","osh_links_hover_color":"","osh_links_active_color":"","osh_links_bg_color":"","osh_links_hover_bg_color":"","osh_links_active_bg_color":"","osh_menu_social_links_color":"","osh_menu_social_hover_links_color":"","footnotes":""},"class_list":["post-37308","page","type-page","status-publish","has-post-thumbnail","hentry","entry","has-media"],"jetpack_sharing_enabled":true,"jetpack_likes_enabled":true,"jetpack-related-posts":[],"jetpack_shortlink":"https:\/\/wp.me\/Pe7Cu3-9HK","_links":{"self":[{"href":"https:\/\/www.balticmedia.com\/lt\/wp-json\/wp\/v2\/pages\/37308","targetHints":{"allow":["GET"]}}],"collection":[{"href":"https:\/\/www.balticmedia.com\/lt\/wp-json\/wp\/v2\/pages"}],"about":[{"href":"https:\/\/www.balticmedia.com\/lt\/wp-json\/wp\/v2\/types\/page"}],"author":[{"embeddable":true,"href":"https:\/\/www.balticmedia.com\/lt\/wp-json\/wp\/v2\/users\/2"}],"replies":[{"embeddable":true,"href":"https:\/\/www.balticmedia.com\/lt\/wp-json\/wp\/v2\/comments?post=37308"}],"version-history":[{"count":5,"href":"https:\/\/www.balticmedia.com\/lt\/wp-json\/wp\/v2\/pages\/37308\/revisions"}],"predecessor-version":[{"id":110951,"href":"https:\/\/www.balticmedia.com\/lt\/wp-json\/wp\/v2\/pages\/37308\/revisions\/110951"}],"up":[{"embeddable":true,"href":"https:\/\/www.balticmedia.com\/lt\/wp-json\/wp\/v2\/pages\/32831"}],"wp:featuredmedia":[{"embeddable":true,"href":"https:\/\/www.balticmedia.com\/lt\/wp-json\/wp\/v2\/media\/140007"}],"wp:attachment":[{"href":"https:\/\/www.balticmedia.com\/lt\/wp-json\/wp\/v2\/media?parent=37308"}],"curies":[{"name":"wp","href":"https:\/\/api.w.org\/{rel}","templated":true}]}}