{"id":35043,"date":"2021-02-03T13:34:02","date_gmt":"2021-02-03T11:34:02","guid":{"rendered":"https:\/\/www.balticmedia.com\/kaina\/our-translation-clients\/"},"modified":"2023-11-23T23:08:20","modified_gmt":"2023-11-23T21:08:20","slug":"musu-klientai","status":"publish","type":"page","link":"https:\/\/www.balticmedia.com\/lt\/vertimu-kaina\/musu-klientai\/","title":{"rendered":"M\u016bs\u0173 klientai"},"content":{"rendered":"<div id=\"pl-35043\"  class=\"panel-layout\" ><div id=\"pg-35043-0\"  class=\"panel-grid panel-no-style\" ><div id=\"pgc-35043-0-0\"  class=\"panel-grid-cell\" ><div id=\"panel-35043-0-0-0\" class=\"so-panel widget widget_sow-image panel-first-child panel-last-child widgetopts-SO\" data-index=\"0\" ><div\n\t\t\t\n\t\t\tclass=\"so-widget-sow-image so-widget-sow-image-default-8b5b6f678277-35043\"\n\t\t\t\n\t\t>\n<div class=\"sow-image-container\">\n\t\t<img loading=\"lazy\" decoding=\"async\" src=\"https:\/\/i0.wp.com\/www.balticmedia.com\/wp-content\/uploads\/5blog-scaled.jpg?fit=2560%2C549&amp;ssl=1\" width=\"2560\" height=\"549\" srcset=\"https:\/\/i0.wp.com\/www.balticmedia.com\/wp-content\/uploads\/5blog-scaled.jpg?w=2560&amp;ssl=1 2560w, https:\/\/i0.wp.com\/www.balticmedia.com\/wp-content\/uploads\/5blog-scaled.jpg?resize=300%2C64&amp;ssl=1 300w, https:\/\/i0.wp.com\/www.balticmedia.com\/wp-content\/uploads\/5blog-scaled.jpg?resize=1024%2C219&amp;ssl=1 1024w, https:\/\/i0.wp.com\/www.balticmedia.com\/wp-content\/uploads\/5blog-scaled.jpg?resize=768%2C165&amp;ssl=1 768w, https:\/\/i0.wp.com\/www.balticmedia.com\/wp-content\/uploads\/5blog-scaled.jpg?resize=1536%2C329&amp;ssl=1 1536w, https:\/\/i0.wp.com\/www.balticmedia.com\/wp-content\/uploads\/5blog-scaled.jpg?resize=2048%2C439&amp;ssl=1 2048w, https:\/\/i0.wp.com\/www.balticmedia.com\/wp-content\/uploads\/5blog-scaled.jpg?w=2400&amp;ssl=1 2400w\" title=\"5blog\" alt=\"\" class=\"so-widget-image\">\n\t<\/div>\n\n<\/div><\/div><\/div><\/div><div id=\"pg-35043-1\"  class=\"panel-grid panel-no-style\" ><div id=\"pgc-35043-1-0\"  class=\"panel-grid-cell\" ><div id=\"panel-35043-1-0-0\" class=\"so-panel widget widget_sow-editor panel-first-child\" data-index=\"1\" ><div\n\t\t\t\n\t\t\tclass=\"so-widget-sow-editor so-widget-sow-editor-base\"\n\t\t\t\n\t\t>\n<div class=\"siteorigin-widget-tinymce textwidget\">\n\t<pre><form aria-label=\"Search this website\" role=\"search\" method=\"get\" class=\"oceanwp-searchform\" id=\"searchform\" action=\"https:\/\/www.balticmedia.com\/lt\/\"><input aria-label=\"Insert search query\" type=\"text\" class=\"field\" name=\"s\" id=\"s\" placeholder=\"Search\"><button aria-label=\"Submit your search\" type=\"submit\" class=\"search-submit\" value=\"\"><i class=\"icon-magnifier\" aria-hidden=\"true\"><\/i><\/button><\/form><\/pre>\n<\/div>\n<\/div><\/div><div id=\"panel-35043-1-0-1\" class=\"so-panel widget widget_ocean_custom_menu widget-oceanwp-custom-menu custom-menu-widget extendedwopts-hide extendedwopts-tablet extendedwopts-mobile widgetopts-SO\" data-index=\"2\" ><div class=\"oceanwp-custom-menu clr ocean_custom_menu-2 left dropdown-hover\"><ul id=\"menu-prices-lt\" class=\"dropdown-menu sf-menu\"><li  id=\"menu-item-49475\" class=\"menu-item menu-item-type-post_type menu-item-object-page menu-item-49475\"><a href=\"https:\/\/www.balticmedia.com\/lt\/vertimu-kaina\/\" class=\"menu-link\">Kaip suma\u017einti vertimo kain\u0105?<\/a><\/li>\n<li  id=\"menu-item-49477\" class=\"menu-item menu-item-type-post_type menu-item-object-page menu-item-49477\"><a href=\"https:\/\/www.balticmedia.com\/lt\/vertimu-kaina\/kaina-vertimo\/\" class=\"menu-link\">Vertimo kaina<\/a><\/li>\n<li  id=\"menu-item-49478\" class=\"menu-item menu-item-type-post_type menu-item-object-page menu-item-49478\"><a href=\"https:\/\/www.balticmedia.com\/lt\/vertimu-kaina\/kaip-pasirinkti-vertimu-biura\/\" class=\"menu-link\">Kaip pasirinkti vertim\u0173 biur\u0105<\/a><\/li>\n<li  id=\"menu-item-49476\" class=\"menu-item menu-item-type-post_type menu-item-object-page menu-item-49476\"><a href=\"https:\/\/www.balticmedia.com\/lt\/vertimu-kaina\/kalbu-vertimo-paslaugu-kokybe\/\" class=\"menu-link\">Vertimo kokyb\u0117  ISO 9001:2015 kokyb\u0117s sertifikatas<\/a><\/li>\n<li  id=\"menu-item-49481\" class=\"menu-item menu-item-type-post_type menu-item-object-page menu-item-49481\"><a href=\"https:\/\/www.balticmedia.com\/lt\/vertimu-kaina\/musu-klientai\/\" class=\"menu-link\">M\u016bs\u0173 klientai<\/a><\/li>\n<li  id=\"menu-item-49480\" class=\"menu-item menu-item-type-post_type menu-item-object-page menu-item-49480\"><a href=\"https:\/\/www.balticmedia.com\/lt\/vertimu-kaina\/parasyti-atsiliepim\/\" class=\"menu-link\">Klient\u0173 pasitenkinimo apklausa<\/a><\/li>\n<li  id=\"menu-item-49479\" class=\"menu-item menu-item-type-post_type menu-item-object-page menu-item-49479\"><a href=\"https:\/\/www.balticmedia.com\/lt\/vertimu-kaina\/klientu-atsiliepimai\/\" class=\"menu-link\">Klient\u0173 atsiliepimai<\/a><\/li>\n<li  id=\"menu-item-101286\" class=\"menu-item menu-item-type-post_type menu-item-object-page menu-item-101286\"><a href=\"https:\/\/www.balticmedia.com\/lt\/svetaines-schema\/\" class=\"menu-link\">Svetain\u0117s schema<\/a><\/li>\n<\/ul><\/div><\/div><div id=\"panel-35043-1-0-2\" class=\"so-panel widget widget_ocean_custom_menu widget-oceanwp-custom-menu custom-menu-widget panel-last-child extendedwopts-hide extendedwopts-tablet extendedwopts-mobile widgetopts-SO\" data-index=\"3\" ><div class=\"oceanwp-custom-menu clr ocean_custom_menu-2 left dropdown-hover\"><ul id=\"menu-partneriai\" class=\"dropdown-menu sf-menu\"><li  id=\"menu-item-14926\" class=\"menu-item menu-item-type-custom menu-item-object-custom menu-item-14926\"><a target=\"_blank\" href=\"https:\/\/balticmedia.s.xtrf.eu\/vendors\/#\/sign-in\" class=\"menu-link\" rel=\"nofollow noopener\"><i class=\"icon before line-icon icon-briefcase\" aria-hidden=\"true\" style=\"font-size:2em;\"><\/i><span class=\"menu-text\">Partneri\u0173 portalas<\/span><\/a><\/li>\n<li  id=\"menu-item-14927\" class=\"menu-item menu-item-type-custom menu-item-object-custom menu-item-14927\"><a target=\"_blank\" href=\"https:\/\/www.balticmedia.com\/wp-content\/uploads\/11-Reasons-to-Choose-Baltic-Media-2026.pdf\" class=\"menu-link\"><i class=\"icon before line-icon icon-people\" aria-hidden=\"true\" style=\"font-size:2em;\"><\/i><span class=\"menu-text\">\u012emon\u0117s profilis<\/span><\/a><\/li>\n<li  id=\"menu-item-14928\" class=\"menu-item menu-item-type-custom menu-item-object-custom menu-item-14928\"><a target=\"_blank\" href=\"https:\/\/www.balticmedia.com\/wp-content\/uploads\/vertimo-biuras-lt.pdf\" class=\"menu-link\"><i class=\"icon before line-icon icon-organization\" aria-hidden=\"true\" style=\"font-size:2em;\"><\/i><span class=\"menu-text\">Vertimo procesas<\/span><\/a><\/li>\n<li  id=\"menu-item-14929\" class=\"menu-item menu-item-type-custom menu-item-object-custom menu-item-14929\"><a target=\"_blank\" href=\"https:\/\/www.balticmedia.com\/wp-content\/uploads\/Baltic-Media-Ltd.-Service-Terms-and-Conditions.pdf\" class=\"menu-link\"><i class=\"icon before line-icon icon-docs\" aria-hidden=\"true\" style=\"font-size:2em;\"><\/i><span class=\"menu-text\">Paslaug\u0173 teikimo s\u0105lygos ir terminai (EN)<\/span><\/a><\/li>\n<li  id=\"menu-item-14930\" class=\"menu-item menu-item-type-custom menu-item-object-custom menu-item-14930\"><a target=\"_blank\" href=\"https:\/\/www.balticmedia.com\/wp-content\/uploads\/iSO-certificate-2023.png\" class=\"menu-link\"><i class=\"icon before line-icon icon-doc\" aria-hidden=\"true\" style=\"font-size:2em;\"><\/i><span class=\"menu-text\">ISO 9001:2015 Quality Certification<\/span><\/a><\/li>\n<li  id=\"menu-item-14931\" class=\"menu-item menu-item-type-custom menu-item-object-custom menu-item-14931\"><a href=\"https:\/\/www.balticmedia.com\/wp-content\/uploads\/362531_copyrighttrademarkbalticmedia.pdf\" class=\"menu-link\"><i class=\"icon before line-icon icon-info\" aria-hidden=\"true\" style=\"font-size:2em;\"><\/i><span class=\"menu-text\">Copyright | Trademark Baltic Media<sup>\u00ae<\/sup><\/span><\/a><\/li>\n<\/ul><\/div><\/div><\/div><div id=\"pgc-35043-1-1\"  class=\"panel-grid-cell\" ><div id=\"panel-35043-1-1-0\" class=\"so-panel widget widget_sow-editor panel-first-child panel-last-child widgetopts-hide_title widgetopts-SO\" data-index=\"4\" ><div\n\t\t\t\n\t\t\tclass=\"so-widget-sow-editor so-widget-sow-editor-base\"\n\t\t\t\n\t\t><h3 class=\"widget-title\">M\u016bs\u0173 klientai<\/h3>\n<div class=\"siteorigin-widget-tinymce textwidget\">\n\t<h2>M\u016bs\u0173 klientai<\/h2>\n<h2>Teigiami klient\u0173 atsiliepimai \u2013 vidutini\u0161kai 4,9 i\u0161 5 \u017evaig\u017edu\u010di\u0173<\/h2>\n<p>Did\u017eiausia Baltic Media<sup>\u00ae<\/sup> vertyb\u0117 yra gerbti savo klient\u0173 interesus, teikiant jiems profesionalias, kokybi\u0161kas ir savalaikes paslaugas. M\u016bs\u0173 prioritetas yra auk\u0161tas klient\u0173 pasitenkinimo lygis, tod\u0117l kiekvienais metais renkame klient\u0173 atsiliepimus, kad \u012fvertintume teikiam\u0173 paslaug\u0173 kokyb\u0119, projekt\u0173 vadov\u0173 kompetencij\u0105 ir reagavim\u0105. D\u017eiaugiam\u0117s gal\u0117dami prane\u0161ti, kad 2020 metais m\u016bs\u0173 klientai puikiai \u012fvertino Baltic Media<sup>\u00ae<\/sup> kalbines paslaugas (bendras \u012fvertinimas \u2013 4,9 balo i\u0161 5), pagirdami pristatom\u0173 fail\u0173 kokyb\u0119, projekt\u0173 vadov\u0173 reagavim\u0105 ir paslaugum\u0105 bei savalaiki\u0161kum\u0105. projekto pristatymai. Klient\u0173 pasitenkinimas yra pagrindinis m\u016bs\u0173 s\u0117km\u0117s veiksnys. I\u0161bandykite mus ir pamatysite patys!<\/p>\n<div>\n<p>Baltic Media<sup>\u00ae<\/sup> \u0160iaur\u0117s\u2013Baltijos \u0161ali\u0173 vertim\u0173 biuras yra pagrindinis skaitmeninio vertimo paslaug\u0173 teik\u0117jas \u0160iaur\u0117s Europoje, kuris specializuojasi \u0160iaur\u0117s Europos (\u012fskaitant \u0161iaur\u0117s, balt\u0173, slav\u0173) kalbas, daugiausia teikdamas vertimo paslaugas i\u0161 \/ \u012f \u0161ved\u0173, suomi\u0173, dan\u0173, island\u0173, farer\u0173, norveg\u0173, vokie\u010di\u0173, angl\u0173, lenk\u0173, rus\u0173, latvi\u0173, lietuvi\u0173 ir est\u0173 kalbas.<\/p>\n<p>Baltic Media<sup>\u00ae<\/sup> vertimo agent\u016bra, kaip ISO atestuota kalbos paslaug\u0173 teik\u0117ja, si\u016blo vertimo \u017eod\u017eiu paslaugas verslo bei valstybin\u0117ms \u012fmon\u0117ms ir privatiems klientams.<\/p>\n<\/div>\n<div>\n<div><img data-recalc-dims=\"1\" loading=\"lazy\" decoding=\"async\" class=\"alignnone wp-image-6507 size-medium\" src=\"https:\/\/i0.wp.com\/www.balticmedia.com\/wp-content\/uploads\/logo_ar_globusu_stillbild_kvadrats.jpg?resize=300%2C187&#038;ssl=1\" alt=\"Baltic Media&lt;sup&gt;\u00ae&lt;\/sup&gt; M\u016bs\u0173 klientai\" width=\"300\" height=\"187\" title=\"\"><\/div>\n<\/div>\n<h2><b>Industrinis<\/b><\/h2>\n<p><img data-recalc-dims=\"1\" loading=\"lazy\" decoding=\"async\" class=\"alignnone wp-image-14874 size-full\" src=\"https:\/\/i0.wp.com\/www.balticmedia.com\/wp-content\/uploads\/Screenshot-2021-02-03-at-11.01.48-AM-1.png?resize=620%2C807&#038;ssl=1\" alt=\"Industrial Clients\" width=\"620\" height=\"807\" srcset=\"https:\/\/i0.wp.com\/www.balticmedia.com\/wp-content\/uploads\/Screenshot-2021-02-03-at-11.01.48-AM-1.png?w=620&amp;ssl=1 620w, https:\/\/i0.wp.com\/www.balticmedia.com\/wp-content\/uploads\/Screenshot-2021-02-03-at-11.01.48-AM-1.png?resize=230%2C300&amp;ssl=1 230w\" sizes=\"auto, (max-width: 620px) 100vw, 620px\" title=\"\"><\/p>\n<h2><b>Finansai ir Teis\u0117<\/b><\/h2>\n<p><img data-recalc-dims=\"1\" loading=\"lazy\" decoding=\"async\" class=\"alignnone size-full wp-image-2986\" src=\"https:\/\/i0.wp.com\/www.balticmedia.com\/wp-content\/uploads\/Screenshot-2021-02-03-at-11.01.59-AM.png?resize=616%2C550&#038;ssl=1\" alt=\"\" width=\"616\" height=\"550\" srcset=\"https:\/\/i0.wp.com\/www.balticmedia.com\/wp-content\/uploads\/Screenshot-2021-02-03-at-11.01.59-AM.png?w=616&amp;ssl=1 616w, https:\/\/i0.wp.com\/www.balticmedia.com\/wp-content\/uploads\/Screenshot-2021-02-03-at-11.01.59-AM.png?resize=300%2C268&amp;ssl=1 300w\" sizes=\"auto, (max-width: 616px) 100vw, 616px\" title=\"\"><\/p>\n<h2><b>Europos s\u0105junga ir Valstybin\u0117s institucijos<\/b><\/h2>\n<p><img data-recalc-dims=\"1\" loading=\"lazy\" decoding=\"async\" class=\"alignnone size-full wp-image-2998\" src=\"https:\/\/i0.wp.com\/www.balticmedia.com\/wp-content\/uploads\/Screenshot-2021-02-03-at-11.02.11-AM.png?resize=662%2C823&#038;ssl=1\" alt=\"\" width=\"662\" height=\"823\" srcset=\"https:\/\/i0.wp.com\/www.balticmedia.com\/wp-content\/uploads\/Screenshot-2021-02-03-at-11.02.11-AM.png?w=662&amp;ssl=1 662w, https:\/\/i0.wp.com\/www.balticmedia.com\/wp-content\/uploads\/Screenshot-2021-02-03-at-11.02.11-AM.png?resize=241%2C300&amp;ssl=1 241w\" sizes=\"auto, (max-width: 662px) 100vw, 662px\" title=\"\"><\/p>\n<h2><b>Technologija ir Telekomunikacijos<\/b><\/h2>\n<p><img data-recalc-dims=\"1\" loading=\"lazy\" decoding=\"async\" class=\"alignnone size-full wp-image-3010\" src=\"https:\/\/i0.wp.com\/www.balticmedia.com\/wp-content\/uploads\/Screenshot-2021-02-03-at-11.02.23-AM.png?resize=608%2C587&#038;ssl=1\" alt=\"\" width=\"608\" height=\"587\" srcset=\"https:\/\/i0.wp.com\/www.balticmedia.com\/wp-content\/uploads\/Screenshot-2021-02-03-at-11.02.23-AM.png?w=608&amp;ssl=1 608w, https:\/\/i0.wp.com\/www.balticmedia.com\/wp-content\/uploads\/Screenshot-2021-02-03-at-11.02.23-AM.png?resize=300%2C290&amp;ssl=1 300w\" sizes=\"auto, (max-width: 608px) 100vw, 608px\" title=\"\"><\/p>\n<h2><b>Statyba, Nekilnojamas Turtas<\/b><\/h2>\n<p><img data-recalc-dims=\"1\" loading=\"lazy\" decoding=\"async\" class=\"alignnone size-full wp-image-3022\" src=\"https:\/\/i0.wp.com\/www.balticmedia.com\/wp-content\/uploads\/Screenshot-2021-02-03-at-11.02.32-AM.png?resize=607%2C362&#038;ssl=1\" alt=\"\" width=\"607\" height=\"362\" srcset=\"https:\/\/i0.wp.com\/www.balticmedia.com\/wp-content\/uploads\/Screenshot-2021-02-03-at-11.02.32-AM.png?w=607&amp;ssl=1 607w, https:\/\/i0.wp.com\/www.balticmedia.com\/wp-content\/uploads\/Screenshot-2021-02-03-at-11.02.32-AM.png?resize=300%2C179&amp;ssl=1 300w\" sizes=\"auto, (max-width: 607px) 100vw, 607px\" title=\"\"><\/p>\n<h2><strong>Farmakologija, Medicina<\/strong><\/h2>\n<p><img data-recalc-dims=\"1\" loading=\"lazy\" decoding=\"async\" class=\"alignnone size-full wp-image-3034\" src=\"https:\/\/i0.wp.com\/www.balticmedia.com\/wp-content\/uploads\/Screenshot-2021-02-03-at-11.02.41-AM.png?resize=609%2C433&#038;ssl=1\" alt=\"\" width=\"609\" height=\"433\" srcset=\"https:\/\/i0.wp.com\/www.balticmedia.com\/wp-content\/uploads\/Screenshot-2021-02-03-at-11.02.41-AM.png?w=609&amp;ssl=1 609w, https:\/\/i0.wp.com\/www.balticmedia.com\/wp-content\/uploads\/Screenshot-2021-02-03-at-11.02.41-AM.png?resize=300%2C213&amp;ssl=1 300w\" sizes=\"auto, (max-width: 609px) 100vw, 609px\" title=\"\"><\/p>\n<h2><b>\u017diniasklaida, reklama, marketingas ir vie\u0161ieji ry\u0161iai<\/b><\/h2>\n<p><img data-recalc-dims=\"1\" loading=\"lazy\" decoding=\"async\" class=\"alignnone size-full wp-image-3046\" src=\"https:\/\/i0.wp.com\/www.balticmedia.com\/wp-content\/uploads\/Screenshot-2021-02-03-at-11.02.52-AM.png?resize=605%2C332&#038;ssl=1\" alt=\"\" width=\"605\" height=\"332\" srcset=\"https:\/\/i0.wp.com\/www.balticmedia.com\/wp-content\/uploads\/Screenshot-2021-02-03-at-11.02.52-AM.png?w=605&amp;ssl=1 605w, https:\/\/i0.wp.com\/www.balticmedia.com\/wp-content\/uploads\/Screenshot-2021-02-03-at-11.02.52-AM.png?resize=300%2C165&amp;ssl=1 300w\" sizes=\"auto, (max-width: 605px) 100vw, 605px\" title=\"\"><\/p>\n<h2><b>Automatika ir transportas<\/b><\/h2>\n<p><img data-recalc-dims=\"1\" loading=\"lazy\" decoding=\"async\" class=\"alignnone size-full wp-image-3058\" src=\"https:\/\/i0.wp.com\/www.balticmedia.com\/wp-content\/uploads\/Screenshot-2021-02-03-at-11.03.03-AM.png?resize=607%2C537&#038;ssl=1\" alt=\"\" width=\"607\" height=\"537\" srcset=\"https:\/\/i0.wp.com\/www.balticmedia.com\/wp-content\/uploads\/Screenshot-2021-02-03-at-11.03.03-AM.png?w=607&amp;ssl=1 607w, https:\/\/i0.wp.com\/www.balticmedia.com\/wp-content\/uploads\/Screenshot-2021-02-03-at-11.03.03-AM.png?resize=300%2C265&amp;ssl=1 300w\" sizes=\"auto, (max-width: 607px) 100vw, 607px\" title=\"\"><\/p>\n<h2><b>Agrikult\u016bra, maisto pramon\u0117<\/b><\/h2>\n<p><img data-recalc-dims=\"1\" loading=\"lazy\" decoding=\"async\" class=\"alignnone size-full wp-image-3070\" src=\"https:\/\/i0.wp.com\/www.balticmedia.com\/wp-content\/uploads\/Screenshot-2021-02-03-at-11.03.10-AM.png?resize=609%2C347&#038;ssl=1\" alt=\"\" width=\"609\" height=\"347\" srcset=\"https:\/\/i0.wp.com\/www.balticmedia.com\/wp-content\/uploads\/Screenshot-2021-02-03-at-11.03.10-AM.png?w=609&amp;ssl=1 609w, https:\/\/i0.wp.com\/www.balticmedia.com\/wp-content\/uploads\/Screenshot-2021-02-03-at-11.03.10-AM.png?resize=300%2C171&amp;ssl=1 300w\" sizes=\"auto, (max-width: 609px) 100vw, 609px\" title=\"\"><\/p>\n<h2><b>Kita<\/b><\/h2>\n<p><img data-recalc-dims=\"1\" loading=\"lazy\" decoding=\"async\" class=\"alignnone size-full wp-image-3082\" src=\"https:\/\/i0.wp.com\/www.balticmedia.com\/wp-content\/uploads\/Screenshot-2021-02-03-at-11.03.19-AM.png?resize=608%2C332&#038;ssl=1\" alt=\"\" width=\"608\" height=\"332\" srcset=\"https:\/\/i0.wp.com\/www.balticmedia.com\/wp-content\/uploads\/Screenshot-2021-02-03-at-11.03.19-AM.png?w=608&amp;ssl=1 608w, https:\/\/i0.wp.com\/www.balticmedia.com\/wp-content\/uploads\/Screenshot-2021-02-03-at-11.03.19-AM.png?resize=300%2C164&amp;ssl=1 300w\" sizes=\"auto, (max-width: 608px) 100vw, 608px\" title=\"\"><\/p>\n<\/div>\n<\/div><\/div><\/div><\/div><\/div>","protected":false},"excerpt":{"rendered":"<p>M\u016bs\u0173 klientai Teigiami klient\u0173 atsiliepimai \u2013 vidutini\u0161kai 4,9 i\u0161 5 \u017evaig\u017edu\u010di\u0173 Did\u017eiausia Baltic Media\u00ae vertyb\u0117 yra gerbti savo klient\u0173 interesus, teikiant jiems profesionalias, kokybi\u0161kas ir savalaikes paslaugas. M\u016bs\u0173 prioritetas yra auk\u0161tas klient\u0173 pasitenkinimo lygis, tod\u0117l kiekvienais metais renkame klient\u0173 atsiliepimus, kad \u012fvertintume teikiam\u0173 paslaug\u0173 kokyb\u0119, projekt\u0173 vadov\u0173 kompetencij\u0105 ir reagavim\u0105. D\u017eiaugiam\u0117s gal\u0117dami prane\u0161ti, kad 2020 [&hellip;]<\/p>\n","protected":false},"author":2,"featured_media":0,"parent":16192,"menu_order":0,"comment_status":"closed","ping_status":"closed","template":"","meta":{"ocean_post_layout":"","ocean_both_sidebars_style":"","ocean_both_sidebars_content_width":0,"ocean_both_sidebars_sidebars_width":0,"ocean_sidebar":"0","ocean_second_sidebar":"0","ocean_disable_margins":"enable","ocean_add_body_class":"","ocean_shortcode_before_top_bar":"","ocean_shortcode_after_top_bar":"","ocean_shortcode_before_header":"","ocean_shortcode_after_header":"","ocean_has_shortcode":"","ocean_shortcode_after_title":"","ocean_shortcode_before_footer_widgets":"","ocean_shortcode_after_footer_widgets":"","ocean_shortcode_before_footer_bottom":"","ocean_shortcode_after_footer_bottom":"","ocean_display_top_bar":"default","ocean_display_header":"default","ocean_header_style":"","ocean_center_header_left_menu":"0","ocean_custom_header_template":"0","ocean_custom_logo":0,"ocean_custom_retina_logo":0,"ocean_custom_logo_max_width":0,"ocean_custom_logo_tablet_max_width":0,"ocean_custom_logo_mobile_max_width":0,"ocean_custom_logo_max_height":0,"ocean_custom_logo_tablet_max_height":0,"ocean_custom_logo_mobile_max_height":0,"ocean_header_custom_menu":"0","ocean_menu_typo_font_family":"0","ocean_menu_typo_font_subset":"","ocean_menu_typo_font_size":0,"ocean_menu_typo_font_size_tablet":0,"ocean_menu_typo_font_size_mobile":0,"ocean_menu_typo_font_size_unit":"px","ocean_menu_typo_font_weight":"","ocean_menu_typo_font_weight_tablet":"","ocean_menu_typo_font_weight_mobile":"","ocean_menu_typo_transform":"","ocean_menu_typo_transform_tablet":"","ocean_menu_typo_transform_mobile":"","ocean_menu_typo_line_height":0,"ocean_menu_typo_line_height_tablet":0,"ocean_menu_typo_line_height_mobile":0,"ocean_menu_typo_line_height_unit":"","ocean_menu_typo_spacing":0,"ocean_menu_typo_spacing_tablet":0,"ocean_menu_typo_spacing_mobile":0,"ocean_menu_typo_spacing_unit":"","ocean_menu_link_color":"","ocean_menu_link_color_hover":"","ocean_menu_link_color_active":"","ocean_menu_link_background":"","ocean_menu_link_hover_background":"","ocean_menu_link_active_background":"","ocean_menu_social_links_bg":"","ocean_menu_social_hover_links_bg":"","ocean_menu_social_links_color":"","ocean_menu_social_hover_links_color":"","ocean_disable_title":"default","ocean_disable_heading":"default","ocean_post_title":"","ocean_post_subheading":"","ocean_post_title_style":"","ocean_post_title_background_color":"","ocean_post_title_background":0,"ocean_post_title_bg_image_position":"","ocean_post_title_bg_image_attachment":"","ocean_post_title_bg_image_repeat":"","ocean_post_title_bg_image_size":"","ocean_post_title_height":0,"ocean_post_title_bg_overlay":0.5,"ocean_post_title_bg_overlay_color":"","ocean_disable_breadcrumbs":"default","ocean_breadcrumbs_color":"","ocean_breadcrumbs_separator_color":"","ocean_breadcrumbs_links_color":"","ocean_breadcrumbs_links_hover_color":"","ocean_display_footer_widgets":"default","ocean_display_footer_bottom":"default","ocean_custom_footer_template":"0","ofc_meta_disable_footer_callout":"","ofc_meta_callout_button_url":"","ofc_meta_callout_button_txt":"","ofc_meta_callout_text":"","osh_disable_topbar_sticky":"default","osh_disable_header_sticky":"default","osh_sticky_header_style":"default","osh_sticky_header_effect":"","osh_custom_sticky_logo":0,"osh_custom_retina_sticky_logo":0,"osh_custom_sticky_logo_height":0,"osh_background_color":"","osh_links_color":"","osh_links_hover_color":"","osh_links_active_color":"","osh_links_bg_color":"","osh_links_hover_bg_color":"","osh_links_active_bg_color":"","osh_menu_social_links_color":"","osh_menu_social_hover_links_color":"","footnotes":""},"class_list":["post-35043","page","type-page","status-publish","hentry","entry"],"jetpack_sharing_enabled":true,"jetpack_likes_enabled":true,"jetpack-related-posts":[],"jetpack_shortlink":"https:\/\/wp.me\/Pe7Cu3-97d","_links":{"self":[{"href":"https:\/\/www.balticmedia.com\/lt\/wp-json\/wp\/v2\/pages\/35043","targetHints":{"allow":["GET"]}}],"collection":[{"href":"https:\/\/www.balticmedia.com\/lt\/wp-json\/wp\/v2\/pages"}],"about":[{"href":"https:\/\/www.balticmedia.com\/lt\/wp-json\/wp\/v2\/types\/page"}],"author":[{"embeddable":true,"href":"https:\/\/www.balticmedia.com\/lt\/wp-json\/wp\/v2\/users\/2"}],"replies":[{"embeddable":true,"href":"https:\/\/www.balticmedia.com\/lt\/wp-json\/wp\/v2\/comments?post=35043"}],"version-history":[{"count":8,"href":"https:\/\/www.balticmedia.com\/lt\/wp-json\/wp\/v2\/pages\/35043\/revisions"}],"predecessor-version":[{"id":125922,"href":"https:\/\/www.balticmedia.com\/lt\/wp-json\/wp\/v2\/pages\/35043\/revisions\/125922"}],"up":[{"embeddable":true,"href":"https:\/\/www.balticmedia.com\/lt\/wp-json\/wp\/v2\/pages\/16192"}],"wp:attachment":[{"href":"https:\/\/www.balticmedia.com\/lt\/wp-json\/wp\/v2\/media?parent=35043"}],"curies":[{"name":"wp","href":"https:\/\/api.w.org\/{rel}","templated":true}]}}