{"id":17315,"date":"2021-02-10T13:40:52","date_gmt":"2021-02-10T11:40:52","guid":{"rendered":"https:\/\/www.balticmedia.com\/visuotines-vertimo-paslaugos\/vertimas-zodziu\/consecutive-interpreting-services\/"},"modified":"2023-11-19T16:46:16","modified_gmt":"2023-11-19T14:46:16","slug":"nuoseklusis-vertimas-zodziu","status":"publish","type":"page","link":"https:\/\/www.balticmedia.com\/lt\/vertimas-zodziu\/nuoseklusis-vertimas-zodziu\/","title":{"rendered":"Nuoseklusis vertimas \u017eod\u017eiu"},"content":{"rendered":"<div id=\"pl-17315\"  class=\"panel-layout\" ><div id=\"pg-17315-0\"  class=\"panel-grid panel-no-style\" ><div id=\"pgc-17315-0-0\"  class=\"panel-grid-cell\" ><div id=\"panel-17315-0-0-0\" class=\"so-panel widget widget_sow-image panel-first-child panel-last-child widgetopts-SO\" data-index=\"0\" ><div\n\t\t\t\n\t\t\tclass=\"so-widget-sow-image so-widget-sow-image-default-6ec9e3772f75-17315\"\n\t\t\t\n\t\t>\n<div class=\"sow-image-container\">\n\t\t<img src=\"https:\/\/i0.wp.com\/www.balticmedia.com\/wp-content\/uploads\/2services-scaled.jpg?fit=2560%2C549&amp;ssl=1\" width=\"2560\" height=\"549\" srcset=\"https:\/\/i0.wp.com\/www.balticmedia.com\/wp-content\/uploads\/2services-scaled.jpg?w=2560&amp;ssl=1 2560w, https:\/\/i0.wp.com\/www.balticmedia.com\/wp-content\/uploads\/2services-scaled.jpg?resize=300%2C64&amp;ssl=1 300w, https:\/\/i0.wp.com\/www.balticmedia.com\/wp-content\/uploads\/2services-scaled.jpg?resize=1024%2C219&amp;ssl=1 1024w, https:\/\/i0.wp.com\/www.balticmedia.com\/wp-content\/uploads\/2services-scaled.jpg?resize=768%2C165&amp;ssl=1 768w, https:\/\/i0.wp.com\/www.balticmedia.com\/wp-content\/uploads\/2services-scaled.jpg?resize=1536%2C329&amp;ssl=1 1536w, https:\/\/i0.wp.com\/www.balticmedia.com\/wp-content\/uploads\/2services-scaled.jpg?resize=2048%2C439&amp;ssl=1 2048w, https:\/\/i0.wp.com\/www.balticmedia.com\/wp-content\/uploads\/2services-scaled.jpg?w=2400&amp;ssl=1 2400w\" title=\"Interpreting\" alt=\"Document Translation Services\" class=\"so-widget-image\">\n\t<\/div>\n\n<\/div><\/div><\/div><\/div><div id=\"pg-17315-1\"  class=\"panel-grid panel-no-style\" ><div id=\"pgc-17315-1-0\"  class=\"panel-grid-cell\" ><div id=\"panel-17315-1-0-0\" class=\"so-panel widget widget_sow-editor panel-first-child\" data-index=\"1\" ><div\n\t\t\t\n\t\t\tclass=\"so-widget-sow-editor so-widget-sow-editor-base\"\n\t\t\t\n\t\t>\n<div class=\"siteorigin-widget-tinymce textwidget\">\n\t<pre><form aria-label=\"Search this website\" role=\"search\" method=\"get\" class=\"oceanwp-searchform\" id=\"searchform\" action=\"https:\/\/www.balticmedia.com\/lt\/\"><input aria-label=\"Insert search query\" type=\"text\" class=\"field\" name=\"s\" id=\"s\" placeholder=\"Search\"><button aria-label=\"Submit your search\" type=\"submit\" class=\"search-submit\" value=\"\"><i class=\"icon-magnifier\" aria-hidden=\"true\"><\/i><\/button><\/form><\/pre>\n<\/div>\n<\/div><\/div><div id=\"panel-17315-1-0-1\" class=\"so-panel widget widget_ocean_custom_menu widget-oceanwp-custom-menu custom-menu-widget extendedwopts-hide extendedwopts-tablet extendedwopts-mobile widgetopts-SO\" data-index=\"2\" ><div class=\"oceanwp-custom-menu clr ocean_custom_menu-2 left dropdown-hover\"><ul id=\"menu-services-lt\" class=\"dropdown-menu sf-menu\"><li  id=\"menu-item-42541\" class=\"menu-item menu-item-type-post_type menu-item-object-page menu-item-42541\"><a href=\"https:\/\/www.balticmedia.com\/lt\/vertimai\/\" class=\"menu-link\">Vertimai \u012f visas kalbas<\/a><\/li>\n<li  id=\"menu-item-100597\" class=\"menu-item menu-item-type-post_type menu-item-object-page menu-item-100597\"><a href=\"https:\/\/www.balticmedia.com\/lt\/vertimas-rastu\/\" class=\"menu-link\">Vertimas ra\u0161tu<\/a><\/li>\n<li  id=\"menu-item-42526\" class=\"menu-item menu-item-type-post_type menu-item-object-page menu-item-42526\"><a href=\"https:\/\/www.balticmedia.com\/lt\/vertimai\/masininio-vertimo-redagavimas\/\" class=\"menu-link\">Ma\u0161ininio vertimo redagavimas<\/a><\/li>\n<li  id=\"menu-item-42528\" class=\"menu-item menu-item-type-post_type menu-item-object-page menu-item-42528\"><a href=\"https:\/\/www.balticmedia.com\/lt\/notaro-patikrintas-patvirtintas-vertimas\/\" class=\"menu-link\">Notaro patikrintas, patvirtintas vertimas, sertifikuotas vertimas<\/a><\/li>\n<li  id=\"menu-item-42524\" class=\"menu-item menu-item-type-post_type menu-item-object-page menu-item-42524\"><a href=\"https:\/\/www.balticmedia.com\/lt\/vertimai\/lokalizavimas\/\" class=\"menu-link\">Lokalizavimas<\/a><\/li>\n<li  id=\"menu-item-42521\" class=\"menu-item menu-item-type-post_type menu-item-object-page menu-item-42521\"><a href=\"https:\/\/www.balticmedia.com\/lt\/vertimai\/dokumentu-vertimas\/\" class=\"menu-link\">Dokument\u0173 vertimas<\/a><\/li>\n<li  id=\"menu-item-42531\" class=\"menu-item menu-item-type-post_type menu-item-object-page menu-item-42531\"><a href=\"https:\/\/www.balticmedia.com\/lt\/techninio-vertimo-paslauga\/\" class=\"menu-link\">Techninio vertimo paslauga<\/a><\/li>\n<li  id=\"menu-item-42522\" class=\"menu-item menu-item-type-post_type menu-item-object-page menu-item-42522\"><a href=\"https:\/\/www.balticmedia.com\/lt\/vertimai\/internetines-svetaines-vertimas\/\" class=\"menu-link\">Internetin\u0117s svetain\u0117s vertimas<\/a><\/li>\n<li  id=\"menu-item-42540\" class=\"menu-item menu-item-type-post_type menu-item-object-page menu-item-42540\"><a href=\"https:\/\/www.balticmedia.com\/lt\/vertimai\/internetines-svetaines-vertimas\/seo-vertimo-paslaugos\/\" class=\"menu-link\">SEO vertimo paslaugos<\/a><\/li>\n<li  id=\"menu-item-42532\" class=\"menu-item menu-item-type-post_type menu-item-object-page menu-item-42532\"><a href=\"https:\/\/www.balticmedia.com\/lt\/vertimai\/teisiniu-dokumentu-vertimo-paslaugos\/\" class=\"menu-link\">Teisini\u0173 dokument\u0173 vertimo paslaugos<\/a><\/li>\n<li  id=\"menu-item-100596\" class=\"menu-item menu-item-type-post_type menu-item-object-page menu-item-100596\"><a href=\"https:\/\/www.balticmedia.com\/lt\/vertimai\/rinkodaros-vertimo-paslauga\/\" class=\"menu-link\">Profesionalus reklamos ir rinkodaros tekst\u0173 vertimas<\/a><\/li>\n<li  id=\"menu-item-42527\" class=\"menu-item menu-item-type-post_type menu-item-object-page menu-item-42527\"><a href=\"https:\/\/www.balticmedia.com\/lt\/medicininio-teksto-vertimas\/\" class=\"menu-link\">Medicininio teksto vertimas<\/a><\/li>\n<li  id=\"menu-item-42533\" class=\"menu-item menu-item-type-post_type menu-item-object-page menu-item-42533\"><a href=\"https:\/\/www.balticmedia.com\/lt\/vertimai\/transkripcija\/\" class=\"menu-link\">Transkripcija<\/a><\/li>\n<li  id=\"menu-item-42530\" class=\"menu-item menu-item-type-post_type menu-item-object-page menu-item-42530\"><a href=\"https:\/\/www.balticmedia.com\/lt\/vertimai\/subtitravimas-subtitru-vertimas\/\" class=\"menu-link\">Subtitravimas, subtitr\u0173 vertimas, dubliavimas<\/a><\/li>\n<li  id=\"menu-item-42529\" class=\"menu-item menu-item-type-post_type menu-item-object-page menu-item-42529\"><a href=\"https:\/\/www.balticmedia.com\/lt\/vertimai\/redagavimas\/\" class=\"menu-link\">Redagavimas<\/a><\/li>\n<li  id=\"menu-item-42520\" class=\"menu-item menu-item-type-post_type menu-item-object-page menu-item-42520\"><a href=\"https:\/\/www.balticmedia.com\/lt\/vertimai\/dokumentavimas\/\" class=\"menu-link\">Dokumentavimas | Tekst\u0173 ra\u0161ymas<\/a><\/li>\n<li  id=\"menu-item-42525\" class=\"menu-item menu-item-type-post_type menu-item-object-page menu-item-42525\"><a href=\"https:\/\/www.balticmedia.com\/lt\/vertimai\/maketavimas-grafinis-dizainas\/\" class=\"menu-link\">Maketavimas &#8211; grafinis dizainas<\/a><\/li>\n<li  id=\"menu-item-42542\" class=\"menu-item menu-item-type-post_type menu-item-object-page menu-item-42542\"><a href=\"https:\/\/www.balticmedia.com\/lt\/vertimas-zodziu\/\" class=\"menu-link\">Vertimas \u017eod\u017eiu<\/a><\/li>\n<li  id=\"menu-item-42538\" class=\"menu-item menu-item-type-post_type menu-item-object-page menu-item-42538\"><a href=\"https:\/\/www.balticmedia.com\/lt\/vertimas-zodziu\/nuoseklusis-vertimas-zodziu\/\" class=\"menu-link\">Nuoseklusis vertimas \u017eod\u017eiu<\/a><\/li>\n<li  id=\"menu-item-42539\" class=\"menu-item menu-item-type-post_type menu-item-object-page menu-item-42539\"><a href=\"https:\/\/www.balticmedia.com\/lt\/vertimas-zodziu\/sinchroninio-vertimo-zodziu\/\" class=\"menu-link\">Sinchroninio vertimo \u017eod\u017eiu paslaugos<\/a><\/li>\n<li  id=\"menu-item-42543\" class=\"menu-item menu-item-type-post_type menu-item-object-page menu-item-42543\"><a href=\"https:\/\/www.balticmedia.com\/lt\/vertimas-zodziu\/vertimas-zodziu-telefonu\/\" class=\"menu-link\">Vertimas \u017eod\u017eiu telefonu<\/a><\/li>\n<li  id=\"menu-item-42523\" class=\"menu-item menu-item-type-post_type menu-item-object-page menu-item-42523\"><a href=\"https:\/\/www.balticmedia.com\/lt\/kalbos-mokymasis\/\" class=\"menu-link\">Kalbos mokymasis<\/a><\/li>\n<li  id=\"menu-item-42535\" class=\"menu-item menu-item-type-post_type menu-item-object-page menu-item-42535\"><a href=\"https:\/\/www.balticmedia.com\/lt\/kalbos-mokymasis\/kaip-kalbu-kursai-gali-paskatinti-jusu-versla\/\" class=\"menu-link\">Kaip kalb\u0173 kursai gali paskatinti j\u016bs\u0173 versl\u0105?<\/a><\/li>\n<li  id=\"menu-item-42534\" class=\"menu-item menu-item-type-post_type menu-item-object-page menu-item-42534\"><a href=\"https:\/\/www.balticmedia.com\/lt\/kalbos-mokymasis\/ivertinkite-savo-kalbos-igudzius\/\" class=\"menu-link\">\u012evertinkite savo kalbos \u012fg\u016bd\u017eius<\/a><\/li>\n<li  id=\"menu-item-42536\" class=\"menu-item menu-item-type-post_type menu-item-object-page menu-item-42536\"><a href=\"https:\/\/www.balticmedia.com\/lt\/kodel-verta-rinktis-baltic-media-kalbu-mokymo-centra\/\" class=\"menu-link\">Kod\u0117l verta rinktis Baltic Media kalb\u0173 mokymo centr\u0105?<\/a><\/li>\n<li  id=\"menu-item-103723\" class=\"menu-item menu-item-type-post_type menu-item-object-page menu-item-103723\"><a href=\"https:\/\/www.balticmedia.com\/lt\/latviu-kalbos-pagrindu-mokymas\/\" class=\"menu-link\">Latvi\u0173 kalbos pagrind\u0173 mokymas | Latvi\u0173 kalbos kursai<\/a><\/li>\n<\/ul><\/div><\/div><div id=\"panel-17315-1-0-2\" class=\"so-panel widget widget_ocean_custom_menu widget-oceanwp-custom-menu custom-menu-widget panel-last-child extendedwopts-hide extendedwopts-tablet extendedwopts-mobile widgetopts-SO\" data-index=\"3\" ><div class=\"oceanwp-custom-menu clr ocean_custom_menu-2 left dropdown-hover\"><ul id=\"menu-partneriai\" class=\"dropdown-menu sf-menu\"><li  id=\"menu-item-14926\" class=\"menu-item menu-item-type-custom menu-item-object-custom menu-item-14926\"><a target=\"_blank\" href=\"https:\/\/balticmedia.s.xtrf.eu\/vendors\/#\/sign-in\" class=\"menu-link\" rel=\"nofollow noopener\"><i class=\"icon before line-icon icon-briefcase\" aria-hidden=\"true\" style=\"font-size:2em;\"><\/i><span class=\"menu-text\">Partneri\u0173 portalas<\/span><\/a><\/li>\n<li  id=\"menu-item-14927\" class=\"menu-item menu-item-type-custom menu-item-object-custom menu-item-14927\"><a target=\"_blank\" href=\"https:\/\/www.balticmedia.com\/wp-content\/uploads\/11-Reasons-to-Choose-Baltic-Media-2026.pdf\" class=\"menu-link\"><i class=\"icon before line-icon icon-people\" aria-hidden=\"true\" style=\"font-size:2em;\"><\/i><span class=\"menu-text\">\u012emon\u0117s profilis<\/span><\/a><\/li>\n<li  id=\"menu-item-14928\" class=\"menu-item menu-item-type-custom menu-item-object-custom menu-item-14928\"><a target=\"_blank\" href=\"https:\/\/www.balticmedia.com\/wp-content\/uploads\/vertimo-biuras-lt.pdf\" class=\"menu-link\"><i class=\"icon before line-icon icon-organization\" aria-hidden=\"true\" style=\"font-size:2em;\"><\/i><span class=\"menu-text\">Vertimo procesas<\/span><\/a><\/li>\n<li  id=\"menu-item-14929\" class=\"menu-item menu-item-type-custom menu-item-object-custom menu-item-14929\"><a target=\"_blank\" href=\"https:\/\/www.balticmedia.com\/wp-content\/uploads\/Baltic-Media-Ltd.-Service-Terms-and-Conditions.pdf\" class=\"menu-link\"><i class=\"icon before line-icon icon-docs\" aria-hidden=\"true\" style=\"font-size:2em;\"><\/i><span class=\"menu-text\">Paslaug\u0173 teikimo s\u0105lygos ir terminai (EN)<\/span><\/a><\/li>\n<li  id=\"menu-item-14930\" class=\"menu-item menu-item-type-custom menu-item-object-custom menu-item-14930\"><a target=\"_blank\" href=\"https:\/\/www.balticmedia.com\/wp-content\/uploads\/iSO-certificate-2023.png\" class=\"menu-link\"><i class=\"icon before line-icon icon-doc\" aria-hidden=\"true\" style=\"font-size:2em;\"><\/i><span class=\"menu-text\">ISO 9001:2015 Quality Certification<\/span><\/a><\/li>\n<li  id=\"menu-item-14931\" class=\"menu-item menu-item-type-custom menu-item-object-custom menu-item-14931\"><a href=\"https:\/\/www.balticmedia.com\/wp-content\/uploads\/362531_copyrighttrademarkbalticmedia.pdf\" class=\"menu-link\"><i class=\"icon before line-icon icon-info\" aria-hidden=\"true\" style=\"font-size:2em;\"><\/i><span class=\"menu-text\">Copyright | Trademark Baltic Media<sup>\u00ae<\/sup><\/span><\/a><\/li>\n<\/ul><\/div><\/div><\/div><div id=\"pgc-17315-1-1\"  class=\"panel-grid-cell\" ><div id=\"panel-17315-1-1-0\" class=\"so-panel widget widget_sow-editor panel-first-child panel-last-child widgetopts-hide_title widgetopts-SO\" data-index=\"4\" ><div\n\t\t\t\n\t\t\tclass=\"so-widget-sow-editor so-widget-sow-editor-base\"\n\t\t\t\n\t\t><h3 class=\"widget-title\">Nuoseklusis vertimas \u017eod\u017eiu \u0160iaur\u0117s Europoje<\/h3>\n<div class=\"siteorigin-widget-tinymce textwidget\">\n\t<h2>Nuoseklusis vertimas \u017eod\u017eiu \u0160iaur\u0117s Europoje<\/h2>\n<p>Pla\u010diai paplitusi vertimo r\u016b\u0161is yra <strong>nuoseklusis vertimas<\/strong>, kai ver\u010diama kalbos pauzi\u0173 metu. Vert\u0117jas i\u0161klauso kalbos fragment\u0105 ir, paprastai remdamasis u\u017era\u0161ais, atlieka vertim\u0105 \u012f tikslin\u0119 kalb\u0105.<\/p>\n<p>Vert\u0117jui tai yra lengvesnis, o klientui \u2013 pigesnis vertimo \u017eod\u017eiu b\u016bdas.<\/p>\n<p>Jis pla\u010diai naudojamas verslo ir kitokio pob\u016bd\u017eio derybose, taip pat konferencijose ir kituose renginiuose.<\/p>\n<p><img data-recalc-dims=\"1\" loading=\"lazy\" decoding=\"async\" class=\"alignnone wp-image-62828 size-medium\" src=\"https:\/\/i0.wp.com\/www.balticmedia.com\/wp-content\/uploads\/cropped-balticmedia_logo_512x148.png?resize=300%2C82&#038;ssl=1\" alt=\"Nuoseklusis vertimas \u017eod\u017eiu \u0160iaur\u0117s Europoje\" width=\"300\" height=\"82\" title=\"\"><\/p>\n<h2>Vertim\u0173 biuras Baltic Media<sup>\u00ae<\/sup> \u0160iaur\u0117s Europoje<\/h2>\n<p>\u0160iaur\u0117s\u2013Baltijos \u0161ali\u0173 vertim\u0173 biuras yra pagrindinis skaitmeninio vertimo paslaug\u0173 teik\u0117jas \u0160iaur\u0117s Europoje, kuris specializuojasi \u0160iaur\u0117s Europos (\u012fskaitant \u0161iaur\u0117s, balt\u0173, slav\u0173) kalbas, daugiausia teikdamas vertimo paslaugas i\u0161 \/ \u012f \u0161ved\u0173, suomi\u0173, dan\u0173, island\u0173, farer\u0173, norveg\u0173, vokie\u010di\u0173, angl\u0173, lenk\u0173, rus\u0173, latvi\u0173, lietuvi\u0173 ir est\u0173 kalbas.<\/p>\n<p>Baltic Media<sup>\u00ae<\/sup> vertimo agent\u016bra, kaip ISO atestuota kalbos paslaug\u0173 teik\u0117ja, si\u016blo vertimo \u017eod\u017eiu paslaugas verslo bei valstybin\u0117ms \u012fmon\u0117ms ir privatiems klientams.<\/p>\n<p><iframe loading=\"lazy\" title=\"YouTube video player\" src=\"https:\/\/www.youtube.com\/embed\/WIrVVkOHq-4\" width=\"560\" height=\"316\" frameborder=\"0\" allowfullscreen=\"allowfullscreen\"><\/iframe><\/p>\n<h3><a href=\"\/lt\/apie-mus\/kodel-verta-rinktis-vertimu-biura-baltic-media\/\">Kod\u0117l rinkot\u0117s \u0160iaur\u0117s-Balt\u0173 vertimo agent\u016br\u0105 Baltic Media<sup>\u00ae<\/sup>?<\/a><\/h3>\n<h3><a href=\"\/lt\/kaina\/\">Kaip suma\u017einti vertimo ka\u0161tus neprarandant kokyb\u0117s<\/a><\/h3>\n<h3><a href=\"\/lt\/apie-mus\/zmogaus-atliekamas-vertimas\/\">Kod\u0117l \u017emogaus atliekamas vertimas yra J\u016bs\u0173 geriausias pasirinkimas?<\/a><\/h3>\n<h3><a href=\"https:\/\/www.balticmedia.com\/lt\/visuotines-vertimo-paslaugos\/masininio-vertimo-redagavimas\/\">Verskite naudomiesi Google, Bing, Microsoft, Tilde, Yandex ir u\u017esakykite m\u016bs\u0173 redagavimo paslaugas!<\/a><\/h3>\n<h3><a href=\"https:\/\/www.balticmedia.com\/lt\/kainos-uzklausa\/\">Nemokamos kain\u0173 u\u017eklausos<\/a><\/h3>\n<h3><a href=\"https:\/\/www.balticmedia.com\/lt\/informacijos-uzklausa\/\">Papra\u0161yti pateikti informacijos<\/a><\/h3>\n<h3><a href=\"mailto:info@balticmedia.com\">El. pa\u0161tu<\/a><\/h3>\n<\/div>\n<\/div><\/div><\/div><\/div><\/div>","protected":false},"excerpt":{"rendered":"<p>Nuoseklusis vertimas \u017eod\u017eiu \u0160iaur\u0117s Europoje Pla\u010diai paplitusi vertimo r\u016b\u0161is yra nuoseklusis vertimas, kai ver\u010diama kalbos pauzi\u0173 metu. Vert\u0117jas i\u0161klauso kalbos fragment\u0105 ir, paprastai remdamasis u\u017era\u0161ais, atlieka vertim\u0105 \u012f tikslin\u0119 kalb\u0105. Vert\u0117jui tai yra lengvesnis, o klientui \u2013 pigesnis vertimo \u017eod\u017eiu b\u016bdas. Jis pla\u010diai naudojamas verslo ir kitokio pob\u016bd\u017eio derybose, taip pat konferencijose ir kituose renginiuose. [&hellip;]<\/p>\n","protected":false},"author":2,"featured_media":0,"parent":16708,"menu_order":0,"comment_status":"closed","ping_status":"closed","template":"","meta":{"ocean_post_layout":"","ocean_both_sidebars_style":"","ocean_both_sidebars_content_width":0,"ocean_both_sidebars_sidebars_width":0,"ocean_sidebar":"0","ocean_second_sidebar":"0","ocean_disable_margins":"enable","ocean_add_body_class":"","ocean_shortcode_before_top_bar":"","ocean_shortcode_after_top_bar":"","ocean_shortcode_before_header":"","ocean_shortcode_after_header":"","ocean_has_shortcode":"","ocean_shortcode_after_title":"","ocean_shortcode_before_footer_widgets":"","ocean_shortcode_after_footer_widgets":"","ocean_shortcode_before_footer_bottom":"","ocean_shortcode_after_footer_bottom":"","ocean_display_top_bar":"default","ocean_display_header":"default","ocean_header_style":"","ocean_center_header_left_menu":"0","ocean_custom_header_template":"0","ocean_custom_logo":0,"ocean_custom_retina_logo":0,"ocean_custom_logo_max_width":0,"ocean_custom_logo_tablet_max_width":0,"ocean_custom_logo_mobile_max_width":0,"ocean_custom_logo_max_height":0,"ocean_custom_logo_tablet_max_height":0,"ocean_custom_logo_mobile_max_height":0,"ocean_header_custom_menu":"0","ocean_menu_typo_font_family":"0","ocean_menu_typo_font_subset":"","ocean_menu_typo_font_size":0,"ocean_menu_typo_font_size_tablet":0,"ocean_menu_typo_font_size_mobile":0,"ocean_menu_typo_font_size_unit":"px","ocean_menu_typo_font_weight":"","ocean_menu_typo_font_weight_tablet":"","ocean_menu_typo_font_weight_mobile":"","ocean_menu_typo_transform":"","ocean_menu_typo_transform_tablet":"","ocean_menu_typo_transform_mobile":"","ocean_menu_typo_line_height":0,"ocean_menu_typo_line_height_tablet":0,"ocean_menu_typo_line_height_mobile":0,"ocean_menu_typo_line_height_unit":"","ocean_menu_typo_spacing":0,"ocean_menu_typo_spacing_tablet":0,"ocean_menu_typo_spacing_mobile":0,"ocean_menu_typo_spacing_unit":"","ocean_menu_link_color":"","ocean_menu_link_color_hover":"","ocean_menu_link_color_active":"","ocean_menu_link_background":"","ocean_menu_link_hover_background":"","ocean_menu_link_active_background":"","ocean_menu_social_links_bg":"","ocean_menu_social_hover_links_bg":"","ocean_menu_social_links_color":"","ocean_menu_social_hover_links_color":"","ocean_disable_title":"default","ocean_disable_heading":"default","ocean_post_title":"","ocean_post_subheading":"","ocean_post_title_style":"","ocean_post_title_background_color":"","ocean_post_title_background":0,"ocean_post_title_bg_image_position":"","ocean_post_title_bg_image_attachment":"","ocean_post_title_bg_image_repeat":"","ocean_post_title_bg_image_size":"","ocean_post_title_height":0,"ocean_post_title_bg_overlay":0.5,"ocean_post_title_bg_overlay_color":"","ocean_disable_breadcrumbs":"default","ocean_breadcrumbs_color":"","ocean_breadcrumbs_separator_color":"","ocean_breadcrumbs_links_color":"","ocean_breadcrumbs_links_hover_color":"","ocean_display_footer_widgets":"default","ocean_display_footer_bottom":"default","ocean_custom_footer_template":"0","ofc_meta_disable_footer_callout":"","ofc_meta_callout_button_url":"","ofc_meta_callout_button_txt":"","ofc_meta_callout_text":"","osh_disable_topbar_sticky":"default","osh_disable_header_sticky":"default","osh_sticky_header_style":"default","osh_sticky_header_effect":"","osh_custom_sticky_logo":0,"osh_custom_retina_sticky_logo":0,"osh_custom_sticky_logo_height":0,"osh_background_color":"","osh_links_color":"","osh_links_hover_color":"","osh_links_active_color":"","osh_links_bg_color":"","osh_links_hover_bg_color":"","osh_links_active_bg_color":"","osh_menu_social_links_color":"","osh_menu_social_hover_links_color":"","footnotes":""},"class_list":["post-17315","page","type-page","status-publish","hentry","entry"],"jetpack_sharing_enabled":true,"jetpack_likes_enabled":true,"jetpack-related-posts":[],"jetpack_shortlink":"https:\/\/wp.me\/Pe7Cu3-4vh","_links":{"self":[{"href":"https:\/\/www.balticmedia.com\/lt\/wp-json\/wp\/v2\/pages\/17315","targetHints":{"allow":["GET"]}}],"collection":[{"href":"https:\/\/www.balticmedia.com\/lt\/wp-json\/wp\/v2\/pages"}],"about":[{"href":"https:\/\/www.balticmedia.com\/lt\/wp-json\/wp\/v2\/types\/page"}],"author":[{"embeddable":true,"href":"https:\/\/www.balticmedia.com\/lt\/wp-json\/wp\/v2\/users\/2"}],"replies":[{"embeddable":true,"href":"https:\/\/www.balticmedia.com\/lt\/wp-json\/wp\/v2\/comments?post=17315"}],"version-history":[{"count":3,"href":"https:\/\/www.balticmedia.com\/lt\/wp-json\/wp\/v2\/pages\/17315\/revisions"}],"predecessor-version":[{"id":125739,"href":"https:\/\/www.balticmedia.com\/lt\/wp-json\/wp\/v2\/pages\/17315\/revisions\/125739"}],"up":[{"embeddable":true,"href":"https:\/\/www.balticmedia.com\/lt\/wp-json\/wp\/v2\/pages\/16708"}],"wp:attachment":[{"href":"https:\/\/www.balticmedia.com\/lt\/wp-json\/wp\/v2\/media?parent=17315"}],"curies":[{"name":"wp","href":"https:\/\/api.w.org\/{rel}","templated":true}]}}