{"id":12063,"date":"2021-01-13T16:07:09","date_gmt":"2021-01-13T14:07:09","guid":{"rendered":"https:\/\/wp.balticmedia.dev.telia.lv\/contacts\/"},"modified":"2025-11-30T11:25:00","modified_gmt":"2025-11-30T09:25:00","slug":"vertimu-biurai","status":"publish","type":"page","link":"https:\/\/www.balticmedia.com\/lt\/vertimu-biurai\/","title":{"rendered":"Vertim\u0173 biurai"},"content":{"rendered":"<div id=\"pl-12063\"  class=\"panel-layout\" ><div id=\"pg-12063-0\"  class=\"panel-grid panel-no-style\" ><div id=\"pgc-12063-0-0\"  class=\"panel-grid-cell\" ><div id=\"panel-12063-0-0-0\" class=\"so-panel widget widget_sow-image panel-first-child panel-last-child widgetopts-SO\" data-index=\"0\" ><div\n\t\t\t\n\t\t\tclass=\"so-widget-sow-image so-widget-sow-image-default-6ec9e3772f75-12063\"\n\t\t\t\n\t\t>\n<div class=\"sow-image-container\">\n\t\t<img src=\"https:\/\/i0.wp.com\/www.balticmedia.com\/wp-content\/uploads\/4price_and_quality-scaled-1.jpg?fit=2560%2C549&amp;ssl=1\" width=\"2560\" height=\"549\" srcset=\"https:\/\/i0.wp.com\/www.balticmedia.com\/wp-content\/uploads\/4price_and_quality-scaled-1.jpg?w=2560&amp;ssl=1 2560w, https:\/\/i0.wp.com\/www.balticmedia.com\/wp-content\/uploads\/4price_and_quality-scaled-1.jpg?resize=300%2C64&amp;ssl=1 300w, https:\/\/i0.wp.com\/www.balticmedia.com\/wp-content\/uploads\/4price_and_quality-scaled-1.jpg?resize=1024%2C220&amp;ssl=1 1024w, https:\/\/i0.wp.com\/www.balticmedia.com\/wp-content\/uploads\/4price_and_quality-scaled-1.jpg?resize=768%2C165&amp;ssl=1 768w, https:\/\/i0.wp.com\/www.balticmedia.com\/wp-content\/uploads\/4price_and_quality-scaled-1.jpg?resize=1536%2C329&amp;ssl=1 1536w, https:\/\/i0.wp.com\/www.balticmedia.com\/wp-content\/uploads\/4price_and_quality-scaled-1.jpg?resize=2048%2C439&amp;ssl=1 2048w, https:\/\/i0.wp.com\/www.balticmedia.com\/wp-content\/uploads\/4price_and_quality-scaled-1.jpg?w=2400&amp;ssl=1 2400w\" title=\"Vertim\u0173 biurai\" alt=\"Vertim\u0173 biurai\" class=\"so-widget-image\">\n\t<\/div>\n\n<\/div><\/div><\/div><\/div><div id=\"pg-12063-1\"  class=\"panel-grid panel-no-style\" ><div id=\"pgc-12063-1-0\"  class=\"panel-grid-cell\" ><div id=\"panel-12063-1-0-0\" class=\"so-panel widget widget_sow-editor panel-first-child extendedwopts-hide extendedwopts-mobile widgetopts-SO\" data-index=\"1\" ><div\n\t\t\t\n\t\t\tclass=\"so-widget-sow-editor so-widget-sow-editor-base\"\n\t\t\t\n\t\t>\n<div class=\"siteorigin-widget-tinymce textwidget\">\n\t<pre><form aria-label=\"Search this website\" role=\"search\" method=\"get\" class=\"oceanwp-searchform\" id=\"searchform\" action=\"https:\/\/www.balticmedia.com\/lt\/\"><input aria-label=\"Insert search query\" type=\"text\" class=\"field\" name=\"s\" id=\"s\" placeholder=\"Search\"><button aria-label=\"Submit your search\" type=\"submit\" class=\"search-submit\" value=\"\"><i class=\"icon-magnifier\" aria-hidden=\"true\"><\/i><\/button><\/form><\/pre>\n<\/div>\n<\/div><\/div><div id=\"panel-12063-1-0-1\" class=\"so-panel widget widget_ocean_custom_menu widget-oceanwp-custom-menu custom-menu-widget extendedwopts-hide extendedwopts-mobile widgetopts-SO\" data-index=\"2\" ><div class=\"oceanwp-custom-menu clr ocean_custom_menu-2 left dropdown-hover\"><ul id=\"menu-kontaktai-lt\" class=\"dropdown-menu sf-menu\"><li  id=\"menu-item-41626\" class=\"menu-item menu-item-type-post_type menu-item-object-page menu-item-41626\"><a href=\"https:\/\/www.balticmedia.com\/lt\/vertimu-biurai\/\" class=\"menu-link\">Vertim\u0173 biurai<\/a><\/li>\n<li  id=\"menu-item-41627\" class=\"menu-item menu-item-type-post_type menu-item-object-page menu-item-41627\"><a href=\"https:\/\/www.balticmedia.com\/lt\/vertimu-biurai\/vertimu-biuras-rygoje\/\" class=\"menu-link\">Vertim\u0173 biuras Rygoje<\/a><\/li>\n<li  id=\"menu-item-41628\" class=\"menu-item menu-item-type-post_type menu-item-object-page menu-item-41628\"><a href=\"https:\/\/www.balticmedia.com\/lt\/vertimu-biurai\/vertimu-biuras-stokholmas\/\" class=\"menu-link\">Vertim\u0173 biuras Stokholmas<\/a><\/li>\n<\/ul><\/div><\/div><div id=\"panel-12063-1-0-2\" class=\"so-panel widget widget_ocean_custom_menu widget-oceanwp-custom-menu custom-menu-widget panel-last-child extendedwopts-hide extendedwopts-mobile widgetopts-SO\" data-index=\"3\" ><div class=\"oceanwp-custom-menu clr ocean_custom_menu-2 left dropdown-hover\"><ul id=\"menu-partneriai\" class=\"dropdown-menu sf-menu\"><li  id=\"menu-item-14926\" class=\"menu-item menu-item-type-custom menu-item-object-custom menu-item-14926\"><a target=\"_blank\" href=\"https:\/\/balticmedia.s.xtrf.eu\/vendors\/#\/sign-in\" class=\"menu-link\" rel=\"nofollow noopener\"><i class=\"icon before line-icon icon-briefcase\" aria-hidden=\"true\" style=\"font-size:2em;\"><\/i><span class=\"menu-text\">Partneri\u0173 portalas<\/span><\/a><\/li>\n<li  id=\"menu-item-14927\" class=\"menu-item menu-item-type-custom menu-item-object-custom menu-item-14927\"><a target=\"_blank\" href=\"https:\/\/www.balticmedia.com\/wp-content\/uploads\/11-Reasons-to-Choose-Baltic-Media-2026.pdf\" class=\"menu-link\"><i class=\"icon before line-icon icon-people\" aria-hidden=\"true\" style=\"font-size:2em;\"><\/i><span class=\"menu-text\">\u012emon\u0117s profilis<\/span><\/a><\/li>\n<li  id=\"menu-item-14928\" class=\"menu-item menu-item-type-custom menu-item-object-custom menu-item-14928\"><a target=\"_blank\" href=\"https:\/\/www.balticmedia.com\/wp-content\/uploads\/vertimo-biuras-lt.pdf\" class=\"menu-link\"><i class=\"icon before line-icon icon-organization\" aria-hidden=\"true\" style=\"font-size:2em;\"><\/i><span class=\"menu-text\">Vertimo procesas<\/span><\/a><\/li>\n<li  id=\"menu-item-14929\" class=\"menu-item menu-item-type-custom menu-item-object-custom menu-item-14929\"><a target=\"_blank\" href=\"https:\/\/www.balticmedia.com\/wp-content\/uploads\/Baltic-Media-Ltd.-Service-Terms-and-Conditions.pdf\" class=\"menu-link\"><i class=\"icon before line-icon icon-docs\" aria-hidden=\"true\" style=\"font-size:2em;\"><\/i><span class=\"menu-text\">Paslaug\u0173 teikimo s\u0105lygos ir terminai (EN)<\/span><\/a><\/li>\n<li  id=\"menu-item-14930\" class=\"menu-item menu-item-type-custom menu-item-object-custom menu-item-14930\"><a target=\"_blank\" href=\"https:\/\/www.balticmedia.com\/wp-content\/uploads\/iSO-certificate-2023.png\" class=\"menu-link\"><i class=\"icon before line-icon icon-doc\" aria-hidden=\"true\" style=\"font-size:2em;\"><\/i><span class=\"menu-text\">ISO 9001:2015 Quality Certification<\/span><\/a><\/li>\n<li  id=\"menu-item-14931\" class=\"menu-item menu-item-type-custom menu-item-object-custom menu-item-14931\"><a href=\"https:\/\/www.balticmedia.com\/wp-content\/uploads\/362531_copyrighttrademarkbalticmedia.pdf\" class=\"menu-link\"><i class=\"icon before line-icon icon-info\" aria-hidden=\"true\" style=\"font-size:2em;\"><\/i><span class=\"menu-text\">Copyright | Trademark Baltic Media<sup>\u00ae<\/sup><\/span><\/a><\/li>\n<\/ul><\/div><\/div><\/div><div id=\"pgc-12063-1-1\"  class=\"panel-grid-cell\" ><div id=\"panel-12063-1-1-0\" class=\"so-panel widget widget_sow-editor panel-first-child panel-last-child widgetopts-hide_title widgetopts-SO\" data-index=\"4\" ><div\n\t\t\t\n\t\t\tclass=\"so-widget-sow-editor so-widget-sow-editor-base\"\n\t\t\t\n\t\t><h3 class=\"widget-title\">Vertim\u0173 biurai<\/h3>\n<div class=\"siteorigin-widget-tinymce textwidget\">\n\t<p><!-- wp:paragraph --><\/p>\n<h1 dir=\"ltr\" data-placeholder=\"Translation\"><strong>Vertim\u0173 biurai <\/strong><\/h1>\n<h2 dir=\"ltr\" data-placeholder=\"Translation\"><strong>\u201eBaltic Media\u201c <\/strong><span class=\"Y2IQFc\" lang=\"lt\">Vertim\u0173 biurai Baltijos ir \u0160iaur\u0117s \u0161alyse<\/span><\/h2>\n<h3 id=\"tw-target-text\" class=\"tw-data-text tw-text-large tw-ta\" dir=\"ltr\" data-placeholder=\"\u00d6vers\u00e4ttning\" data-ved=\"2ahUKEwiYsbzkhc6CAxUFJxAIHZFYBGUQ3ewLegQIDRAQ\"><span class=\"Y2IQFc\" lang=\"lt\">Vertim\u0173 biurai Baltijos \u0161alyse ir \u0160iaur\u0117s \u0161alyse \u2013 kai reikia profesionali\u0173 vertimo paslaug\u0173 \u0160iaur\u0117s ir Baltijos \u0161ali\u0173 kalbomis.<\/span><\/h3>\n<div>\n<p><img data-recalc-dims=\"1\" loading=\"lazy\" decoding=\"async\" class=\"alignnone wp-image-1981 size-full\" src=\"https:\/\/i0.wp.com\/www.balticmedia.com\/wp-content\/uploads\/logo_ar_globusu_stillbild_garena.png?resize=300%2C120&#038;ssl=1\" alt=\"Vertim\u0173 biurai\" width=\"300\" height=\"120\" title=\"\"><\/p>\n<p><strong>Lietuvos klientus aptarnaujame internete (online) i\u0161 Baltijos centrinio biuro Rygoje:<\/strong><\/p>\n<div><strong><a href=\"https:\/\/wa.me\/37126404054\" rel=\"nofollow noopener\" target=\"_blank\">WhatsApp<\/a><\/strong><\/div>\n<div><\/div>\n<div>\n<p><strong><a href=\"mailto:baltics@balticmedia.com\">baltics@balticmedia.com<\/a><\/strong><\/p>\n<\/div>\n<p><strong><a href=\"https:\/\/lt.balticmedia.com\/kainos-uzklausa\/\" rel=\"nofollow noopener\" target=\"_blank\">Gaukite geriausi\u0105 vertimo pasi\u016blym\u0105 per 15 minu\u010di\u0173<\/a><\/strong><\/p>\n<p><strong>Baltic Media<\/strong>\u00ae<strong> Ltd<\/strong><\/p>\n<p>Dzirnavu iela 57a, Regus Business Centre, 2nd floor<br \/>\nLV-1010 R\u012bga Latvia\/Lettonie<\/p>\n<p>\u2022 \u00a0<strong>+37167224327\u00a0<\/strong><\/p>\n<p><strong>\u2022 \u00a0+37167224328<\/strong><\/p>\n<p><strong>\u2022 \u00a0+37126404054\u00a0\u00a0\u00a0<\/strong><\/p>\n<p><strong>\u2022 \u00a0<a href=\"https:\/\/wa.me\/37126404054\" rel=\"nofollow noopener\" target=\"_blank\">WhatsApp<\/a><\/strong><\/p>\n<p><strong>\u2022 \u00a0<a href=\"mailto:info@balticmedia.com\">info@balticmedia.com<\/a><\/strong><\/p>\n<p><img data-recalc-dims=\"1\" loading=\"lazy\" decoding=\"async\" class=\"alignnone wp-image-135690 size-medium\" src=\"https:\/\/i0.wp.com\/www.balticmedia.com\/wp-content\/uploads\/nordic-translation-agency.jpg?resize=300%2C300&#038;ssl=1\" alt=\"Vertim\u0173 biurai\" width=\"300\" height=\"300\" title=\"\"><\/p>\n<p><iframe loading=\"lazy\" src=\"https:\/\/www.google.com\/maps\/embed?pb=!4v1719847048570!6m8!1m7!1susVuy20gkGjcBmaVIyM1tg!2m2!1d56.95589232749178!2d24.11825722647918!3f65.23481351435547!4f22.439266543407925!5f0.4000000000000002\" width=\"600\" height=\"450\" frameborder=\"0\" scrolling=\"no\" allowfullscreen=\"allowfullscreen\" data-mce-fragment=\"1\"><\/iframe><\/p>\n<p><iframe loading=\"lazy\" src=\"https:\/\/www.google.com\/maps\/embed?pb=!1m18!1m12!1m3!1d2175.580314374421!2d24.118382899999997!3d56.955991399999995!2m3!1f0!2f0!3f0!3m2!1i1024!2i768!4f13.1!3m3!1m2!1s0x46eecfc496499589%3A0xf9a65f0181dc94ba!2zQmFsdGljIE1lZGlhIHR1bGtvanVtdSAvIHR1bGtvxaFhbmFzIEJpcm9qcyBSxKtnxIEgUHJvZmVzaW9uxIFsaSB0dWxrb2p1bWkg0JHRjtGA0L4g0L_QtdGA0LXQstC-0LTQvtCy!5e0!3m2!1sen!2slv!4v1719837228742!5m2!1sen!2slv\" width=\"600\" height=\"450\" frameborder=\"0\" marginwidth=\"0\" marginheight=\"0\" scrolling=\"yes\" align=\"left\" data-mce-fragment=\"1\"><\/iframe><\/p>\n<p>&nbsp;<\/p>\n<\/div>\n<p><!-- \/wp:paragraph --><\/p>\n<h3>Vertim\u0173 biuras Baltic Media<sup>\u00ae<\/sup> \u0160iaur\u0117s \u0161alyse<\/h3>\n<p>Baltic Media<sup>\u00ae<\/sup> \u0160iaur\u0117s\u2013Baltijos \u0161ali\u0173 vertim\u0173 biuras yra pagrindinis skaitmeninio vertimo paslaug\u0173 teik\u0117jas \u0160iaur\u0117s Europoje, kuris specializuojasi \u0160iaur\u0117s Europos (\u012fskaitant \u0161iaur\u0117s, balt\u0173, slav\u0173) kalbas, daugiausia teikdamas vertimo paslaugas i\u0161 \/ \u012f \u0161ved\u0173, suomi\u0173, dan\u0173, island\u0173, farer\u0173, norveg\u0173, vokie\u010di\u0173, angl\u0173, lenk\u0173, rus\u0173, latvi\u0173, lietuvi\u0173 ir est\u0173 kalbas.<\/p>\n<p>Baltic Media<sup>\u00ae<\/sup> vertimo agent\u016bra, kaip ISO atestuota kalbos paslaug\u0173 teik\u0117ja, si\u016blo vertimo \u017eod\u017eiu paslaugas verslo bei valstybin\u0117ms \u012fmon\u0117ms ir privatiems klientams.<\/p>\n<h3>Stokholmas, \u0160vedija | Skandinavija Vertimo paslaug\u0173 biuras<\/h3>\n<p>Baltic Media<sup>\u00ae<\/sup> Translations AB<br \/>\nBox 2349<br \/>\nSE-116 74 Stockholm, Sweden\/Su\u00e8de<\/p>\n<div>\n<p><strong>\u2022 \u00a0+46 8 767 60 24<\/strong><\/p>\n<p><strong> \u2022 \u00a0<a href=\"mailto:nordics@balticmedia.com\">nordics<\/a><a>@balticmedia.com<\/a><\/strong><\/p>\n<h3>J\u016bs\u0173 vertim\u0105 pristatysime \u012f bet kuri\u0105 pasaulio viet\u0105!<\/h3>\n<\/div>\n<div>\n<p><img data-recalc-dims=\"1\" loading=\"lazy\" decoding=\"async\" class=\"alignnone wp-image-6555 size-medium\" src=\"https:\/\/i0.wp.com\/www.balticmedia.com\/wp-content\/uploads\/mailboxes-in-sweden.jpg?resize=300%2C200&#038;ssl=1\" alt=\"Vertim\u0173 biurai\" width=\"300\" height=\"200\" title=\"\"><\/p>\n<div>\n<h3><a href=\"\/lt\/apie-mus\/kodel-verta-rinktis-vertimu-biura-baltic-media\/\">Kod\u0117l rinkot\u0117s \u0160iaur\u0117s-Balt\u0173 vertimo agent\u016br\u0105 Baltic Media<sup>\u00ae<\/sup>?<\/a><\/h3>\n<h3><a href=\"\/lt\/kaina\/\">Kaip suma\u017einti vertimo ka\u0161tus neprarandant kokyb\u0117s<\/a><\/h3>\n<h3><a href=\"https:\/\/www.balticmedia.com\/lt\/geriausias-vertejas\/\">Kod\u0117l \u017emogaus atliekamas vertimas yra J\u016bs\u0173 geriausias pasirinkimas?<\/a><\/h3>\n<h3><a href=\"https:\/\/www.balticmedia.com\/lt\/visuotines-vertimo-paslaugos\/masininio-vertimo-redagavimas\/\">Verskite naudomiesi Google, Bing, Microsoft, Tilde, Yandex ir u\u017esakykite m\u016bs\u0173 redagavimo paslaugas!<\/a><\/h3>\n<h3><a href=\"https:\/\/www.balticmedia.com\/lt\/kainos-uzklausa\/\">Nemokamos kain\u0173 u\u017eklausos<\/a><\/h3>\n<h3><a href=\"https:\/\/www.balticmedia.com\/lt\/informacijos-uzklausa\/\">Papra\u0161yti pateikti informacijos<\/a><\/h3>\n<h3><a href=\"mailto:info@balticmedia.com\">El. pa\u0161tu<\/a><\/h3>\n<p>Vertimo \u012fmon\u0117s atlieka svarb\u0173 vaidmen\u012f pad\u0117damos \u012fmon\u0117ms ir asmenims bendrauti skirtingomis kult\u016bromis ir kalbomis. Teikdamos profesionalias vertimo paslaugas, vertim\u0173 \u012fmon\u0117s gali pad\u0117ti \u012fmon\u0117ms pl\u0117sti savo pasaulin\u0119 apr\u0117pt\u012f, o privatiems asmenims - palaikyti ry\u0161\u012f su draugais ir \u0161eimos nariais visame pasaulyje.<\/p>\n<p>\u010cia pateikiama bendra vertimo \u012fmoni\u0173 veiklos ap\u017evalga:<\/p>\n<p>Klientas kreipiasi \u012f vertim\u0173 biur\u0105 ir pateikia turin\u012f, kur\u012f reikia i\u0161versti. Tai galima padaryti el. pa\u0161tu, \u012fkelti \u012f portal\u0105 ar kitais b\u016bdais.<\/p>\n<p>Vertim\u0173 biuras per\u017ei\u016bri turin\u012f ir pateikia klientui pasi\u016blym\u0105. \u012eprastai kaina nustatoma atsi\u017evelgiant \u012f turinio apimt\u012f, kalb\u0173 por\u0105 (-as), turinio sud\u0117tingum\u0105 ir atlikimo laik\u0105.<\/p>\n<p>Klientas sutinka su pasi\u016blymu ir vertim\u0173 biuras pradeda vertimo proces\u0105. Vertimas gali b\u016bti pavestas vidaus vert\u0117jui, laisvai samdomam vert\u0117jui arba vert\u0117j\u0173 grupei.<\/p>\n<p>Vert\u0117jas (-ai) i\u0161ver\u010dia turin\u012f \u012f tikslin\u0119 kalb\u0105. \u0160iame procese gali b\u016bti naudojamos vertimo atminties priemon\u0117s, termbaz\u0117s ir kiti i\u0161tekliai, kad b\u016bt\u0173 u\u017etikrintas tikslumas ir nuoseklumas.<\/p>\n<p>U\u017ebaigus vertim\u0105, j\u012f redaguoja ir koreguoja kitas vert\u0117jas arba redaktorius. Tai padeda u\u017etikrinti, kad vertimas b\u016bt\u0173 tikslus, sklandus ir atitikt\u0173 kult\u016brinius reikalavimus.<\/p>\n<p>Galutinis vertimas pristatomas klientui. Tuomet klientas gali per\u017ei\u016br\u0117ti vertim\u0105 ir, jei reikia, pateikti pastabas.<\/p>\n<p>&nbsp;<\/p>\n<\/div>\n<p><iframe loading=\"lazy\" title=\"YouTube video player\" src=\"https:\/\/www.youtube.com\/embed\/WIrVVkOHq-4\" width=\"600\" height=\"450\" frameborder=\"0\" allowfullscreen=\"allowfullscreen\"><\/iframe><\/p>\n<\/div>\n<p><!-- \/wp:paragraph --><\/p>\n<\/div>\n<\/div><\/div><\/div><\/div><\/div>","protected":false},"excerpt":{"rendered":"<p>Vertim\u0173 biurai \u201eBaltic Media\u201c Vertim\u0173 biurai Baltijos ir \u0160iaur\u0117s \u0161alyse Vertim\u0173 biurai Baltijos \u0161alyse ir \u0160iaur\u0117s \u0161alyse \u2013 kai reikia profesionali\u0173 vertimo paslaug\u0173 \u0160iaur\u0117s ir Baltijos \u0161ali\u0173 kalbomis. Lietuvos klientus aptarnaujame internete (online) i\u0161 Baltijos centrinio biuro Rygoje: WhatsApp baltics@balticmedia.com Gaukite geriausi\u0105 vertimo pasi\u016blym\u0105 per 15 minu\u010di\u0173 Baltic Media\u00ae Ltd Dzirnavu iela 57a, Regus Business [&hellip;]<\/p>\n","protected":false},"author":2,"featured_media":135690,"parent":0,"menu_order":0,"comment_status":"closed","ping_status":"closed","template":"","meta":{"ocean_post_layout":"","ocean_both_sidebars_style":"","ocean_both_sidebars_content_width":0,"ocean_both_sidebars_sidebars_width":0,"ocean_sidebar":"0","ocean_second_sidebar":"0","ocean_disable_margins":"enable","ocean_add_body_class":"","ocean_shortcode_before_top_bar":"","ocean_shortcode_after_top_bar":"","ocean_shortcode_before_header":"","ocean_shortcode_after_header":"","ocean_has_shortcode":"","ocean_shortcode_after_title":"","ocean_shortcode_before_footer_widgets":"","ocean_shortcode_after_footer_widgets":"","ocean_shortcode_before_footer_bottom":"","ocean_shortcode_after_footer_bottom":"","ocean_display_top_bar":"default","ocean_display_header":"default","ocean_header_style":"","ocean_center_header_left_menu":"0","ocean_custom_header_template":"0","ocean_custom_logo":0,"ocean_custom_retina_logo":0,"ocean_custom_logo_max_width":0,"ocean_custom_logo_tablet_max_width":0,"ocean_custom_logo_mobile_max_width":0,"ocean_custom_logo_max_height":0,"ocean_custom_logo_tablet_max_height":0,"ocean_custom_logo_mobile_max_height":0,"ocean_header_custom_menu":"0","ocean_menu_typo_font_family":"0","ocean_menu_typo_font_subset":"","ocean_menu_typo_font_size":0,"ocean_menu_typo_font_size_tablet":0,"ocean_menu_typo_font_size_mobile":0,"ocean_menu_typo_font_size_unit":"px","ocean_menu_typo_font_weight":"","ocean_menu_typo_font_weight_tablet":"","ocean_menu_typo_font_weight_mobile":"","ocean_menu_typo_transform":"","ocean_menu_typo_transform_tablet":"","ocean_menu_typo_transform_mobile":"","ocean_menu_typo_line_height":0,"ocean_menu_typo_line_height_tablet":0,"ocean_menu_typo_line_height_mobile":0,"ocean_menu_typo_line_height_unit":"","ocean_menu_typo_spacing":0,"ocean_menu_typo_spacing_tablet":0,"ocean_menu_typo_spacing_mobile":0,"ocean_menu_typo_spacing_unit":"","ocean_menu_link_color":"","ocean_menu_link_color_hover":"","ocean_menu_link_color_active":"","ocean_menu_link_background":"","ocean_menu_link_hover_background":"","ocean_menu_link_active_background":"","ocean_menu_social_links_bg":"","ocean_menu_social_hover_links_bg":"","ocean_menu_social_links_color":"","ocean_menu_social_hover_links_color":"","ocean_disable_title":"default","ocean_disable_heading":"default","ocean_post_title":"","ocean_post_subheading":"","ocean_post_title_style":"","ocean_post_title_background_color":"","ocean_post_title_background":0,"ocean_post_title_bg_image_position":"","ocean_post_title_bg_image_attachment":"","ocean_post_title_bg_image_repeat":"","ocean_post_title_bg_image_size":"","ocean_post_title_height":0,"ocean_post_title_bg_overlay":0.5,"ocean_post_title_bg_overlay_color":"","ocean_disable_breadcrumbs":"default","ocean_breadcrumbs_color":"","ocean_breadcrumbs_separator_color":"","ocean_breadcrumbs_links_color":"","ocean_breadcrumbs_links_hover_color":"","ocean_display_footer_widgets":"default","ocean_display_footer_bottom":"default","ocean_custom_footer_template":"0","ofc_meta_disable_footer_callout":"","ofc_meta_callout_button_url":"","ofc_meta_callout_button_txt":"","ofc_meta_callout_text":"","osh_disable_topbar_sticky":"default","osh_disable_header_sticky":"default","osh_sticky_header_style":"default","osh_sticky_header_effect":"","osh_custom_sticky_logo":0,"osh_custom_retina_sticky_logo":0,"osh_custom_sticky_logo_height":0,"osh_background_color":"","osh_links_color":"","osh_links_hover_color":"","osh_links_active_color":"","osh_links_bg_color":"","osh_links_hover_bg_color":"","osh_links_active_bg_color":"","osh_menu_social_links_color":"","osh_menu_social_hover_links_color":"","footnotes":""},"class_list":["post-12063","page","type-page","status-publish","has-post-thumbnail","hentry","entry","has-media"],"jetpack_sharing_enabled":true,"jetpack_likes_enabled":true,"jetpack-related-posts":[],"jetpack_shortlink":"https:\/\/wp.me\/Pe7Cu3-38z","_links":{"self":[{"href":"https:\/\/www.balticmedia.com\/lt\/wp-json\/wp\/v2\/pages\/12063","targetHints":{"allow":["GET"]}}],"collection":[{"href":"https:\/\/www.balticmedia.com\/lt\/wp-json\/wp\/v2\/pages"}],"about":[{"href":"https:\/\/www.balticmedia.com\/lt\/wp-json\/wp\/v2\/types\/page"}],"author":[{"embeddable":true,"href":"https:\/\/www.balticmedia.com\/lt\/wp-json\/wp\/v2\/users\/2"}],"replies":[{"embeddable":true,"href":"https:\/\/www.balticmedia.com\/lt\/wp-json\/wp\/v2\/comments?post=12063"}],"version-history":[{"count":24,"href":"https:\/\/www.balticmedia.com\/lt\/wp-json\/wp\/v2\/pages\/12063\/revisions"}],"predecessor-version":[{"id":140738,"href":"https:\/\/www.balticmedia.com\/lt\/wp-json\/wp\/v2\/pages\/12063\/revisions\/140738"}],"wp:featuredmedia":[{"embeddable":true,"href":"https:\/\/www.balticmedia.com\/lt\/wp-json\/wp\/v2\/media\/135690"}],"wp:attachment":[{"href":"https:\/\/www.balticmedia.com\/lt\/wp-json\/wp\/v2\/media?parent=12063"}],"curies":[{"name":"wp","href":"https:\/\/api.w.org\/{rel}","templated":true}]}}