{"id":35042,"date":"2021-02-03T13:34:02","date_gmt":"2021-02-03T11:34:02","guid":{"rendered":"https:\/\/www.balticmedia.com\/prezzo\/our-translation-clients\/"},"modified":"2023-11-04T12:07:42","modified_gmt":"2023-11-04T10:07:42","slug":"i-nostri-clienti","status":"publish","type":"page","link":"https:\/\/www.balticmedia.com\/it\/costi-di-traduzione\/i-nostri-clienti\/","title":{"rendered":"I nostri clienti"},"content":{"rendered":"<div id=\"pl-35042\"  class=\"panel-layout\" ><div id=\"pg-35042-0\"  class=\"panel-grid panel-no-style\" ><div id=\"pgc-35042-0-0\"  class=\"panel-grid-cell\" ><div id=\"panel-35042-0-0-0\" class=\"so-panel widget widget_sow-image panel-first-child panel-last-child widgetopts-SO\" data-index=\"0\" ><div\n\t\t\t\n\t\t\tclass=\"so-widget-sow-image so-widget-sow-image-default-8b5b6f678277-35042\"\n\t\t\t\n\t\t>\n<div class=\"sow-image-container\">\n\t\t<img loading=\"lazy\" decoding=\"async\" src=\"https:\/\/i0.wp.com\/www.balticmedia.com\/wp-content\/uploads\/5blog-scaled.jpg?fit=2560%2C549&amp;ssl=1\" width=\"2560\" height=\"549\" srcset=\"https:\/\/i0.wp.com\/www.balticmedia.com\/wp-content\/uploads\/5blog-scaled.jpg?w=2560&amp;ssl=1 2560w, https:\/\/i0.wp.com\/www.balticmedia.com\/wp-content\/uploads\/5blog-scaled.jpg?resize=300%2C64&amp;ssl=1 300w, https:\/\/i0.wp.com\/www.balticmedia.com\/wp-content\/uploads\/5blog-scaled.jpg?resize=1024%2C219&amp;ssl=1 1024w, https:\/\/i0.wp.com\/www.balticmedia.com\/wp-content\/uploads\/5blog-scaled.jpg?resize=768%2C165&amp;ssl=1 768w, https:\/\/i0.wp.com\/www.balticmedia.com\/wp-content\/uploads\/5blog-scaled.jpg?resize=1536%2C329&amp;ssl=1 1536w, https:\/\/i0.wp.com\/www.balticmedia.com\/wp-content\/uploads\/5blog-scaled.jpg?resize=2048%2C439&amp;ssl=1 2048w, https:\/\/i0.wp.com\/www.balticmedia.com\/wp-content\/uploads\/5blog-scaled.jpg?w=2400&amp;ssl=1 2400w\" title=\"5blog\" alt=\"\" class=\"so-widget-image\">\n\t<\/div>\n\n<\/div><\/div><\/div><\/div><div id=\"pg-35042-1\"  class=\"panel-grid panel-no-style\" ><div id=\"pgc-35042-1-0\"  class=\"panel-grid-cell\" ><div id=\"panel-35042-1-0-0\" class=\"so-panel widget widget_sow-editor panel-first-child extendedwopts-hide extendedwopts-tablet extendedwopts-mobile widgetopts-SO\" data-index=\"1\" ><div\n\t\t\t\n\t\t\tclass=\"so-widget-sow-editor so-widget-sow-editor-base\"\n\t\t\t\n\t\t>\n<div class=\"siteorigin-widget-tinymce textwidget\">\n\t<pre><form aria-label=\"Search this website\" role=\"search\" method=\"get\" class=\"oceanwp-searchform\" id=\"searchform\" action=\"https:\/\/www.balticmedia.com\/it\/\"><input aria-label=\"Insert search query\" type=\"text\" class=\"field\" name=\"s\" id=\"s\" placeholder=\"Search\"><button aria-label=\"Submit your search\" type=\"submit\" class=\"search-submit\" value=\"\"><i class=\"icon-magnifier\" aria-hidden=\"true\"><\/i><\/button><\/form><\/pre>\n<\/div>\n<\/div><\/div><div id=\"panel-35042-1-0-1\" class=\"so-panel widget widget_ocean_custom_menu widget-oceanwp-custom-menu custom-menu-widget extendedwopts-hide extendedwopts-tablet extendedwopts-mobile widgetopts-SO\" data-index=\"2\" ><div class=\"oceanwp-custom-menu clr ocean_custom_menu-2 left dropdown-hover\"><ul id=\"menu-prices-it\" class=\"dropdown-menu sf-menu\"><li  id=\"menu-item-49528\" class=\"menu-item menu-item-type-post_type menu-item-object-page menu-item-49528\"><a href=\"https:\/\/www.balticmedia.com\/it\/costi-di-traduzione\/\" class=\"menu-link\">Costi di traduzione<\/a><\/li>\n<li  id=\"menu-item-49533\" class=\"menu-item menu-item-type-post_type menu-item-object-page menu-item-49533\"><a href=\"https:\/\/www.balticmedia.com\/it\/costi-di-traduzione\/prezzo-della-traduzione\/\" class=\"menu-link\">Prezzo della traduzione<\/a><\/li>\n<li  id=\"menu-item-49530\" class=\"menu-item menu-item-type-post_type menu-item-object-page menu-item-49530\"><a href=\"https:\/\/www.balticmedia.com\/it\/costi-di-traduzione\/come-scegliere-unagenzia-traduzione\/\" class=\"menu-link\">Come scegliere un\u2019agenzia di traduzione<\/a><\/li>\n<li  id=\"menu-item-49529\" class=\"menu-item menu-item-type-post_type menu-item-object-page menu-item-49529\"><a href=\"https:\/\/www.balticmedia.com\/it\/costi-di-traduzione\/qualita-della-traduzione\/\" class=\"menu-link\">Qualit\u00e0 della traduzione Certificazione di qualit\u00e0 ISO 9001:2015<\/a><\/li>\n<li  id=\"menu-item-49531\" class=\"menu-item menu-item-type-post_type menu-item-object-page menu-item-49531\"><a href=\"https:\/\/www.balticmedia.com\/it\/costi-di-traduzione\/i-nostri-clienti\/\" class=\"menu-link\">I nostri clienti<\/a><\/li>\n<li  id=\"menu-item-49534\" class=\"menu-item menu-item-type-post_type menu-item-object-page menu-item-49534\"><a href=\"https:\/\/www.balticmedia.com\/it\/costi-di-traduzione\/traduzione-recensioni\/\" class=\"menu-link\">Traduzione recensioni<\/a><\/li>\n<li  id=\"menu-item-49532\" class=\"menu-item menu-item-type-post_type menu-item-object-page menu-item-49532\"><a href=\"https:\/\/www.balticmedia.com\/it\/costi-di-traduzione\/modulo-per-referenze\/\" class=\"menu-link\">Sondaggio di soddisfazione della clientela<\/a><\/li>\n<li  id=\"menu-item-101279\" class=\"menu-item menu-item-type-post_type menu-item-object-page menu-item-101279\"><a href=\"https:\/\/www.balticmedia.com\/it\/mappa-del-sito\/\" class=\"menu-link\">Mappa del sito<\/a><\/li>\n<li  id=\"menu-item-120658\" class=\"menu-item menu-item-type-post_type menu-item-object-page menu-item-120658\"><a href=\"https:\/\/www.balticmedia.com\/it\/clients\/\" class=\"menu-link\">Client Portal<\/a><\/li>\n<\/ul><\/div><\/div><div id=\"panel-35042-1-0-2\" class=\"so-panel widget widget_ocean_custom_menu widget-oceanwp-custom-menu custom-menu-widget panel-last-child extendedwopts-hide extendedwopts-tablet extendedwopts-mobile widgetopts-SO\" data-index=\"3\" ><div class=\"oceanwp-custom-menu clr ocean_custom_menu-2 left dropdown-hover\"><ul id=\"menu-partner-it\" class=\"dropdown-menu sf-menu\"><li  id=\"menu-item-14920\" class=\"menu-item menu-item-type-custom menu-item-object-custom menu-item-14920\"><a target=\"_blank\" href=\"https:\/\/balticmedia.s.xtrf.eu\/vendors\/#\/sign-in\" class=\"menu-link\" rel=\"nofollow noopener\"><i class=\"icon before line-icon icon-briefcase\" aria-hidden=\"true\" style=\"font-size:2em;\"><\/i><span class=\"menu-text\">Portale collaboratori<\/span><\/a><\/li>\n<li  id=\"menu-item-14921\" class=\"menu-item menu-item-type-custom menu-item-object-custom menu-item-14921\"><a target=\"_blank\" href=\"https:\/\/www.balticmedia.com\/wp-content\/uploads\/11-Reasons-to-Choose-Baltic-Media-2026.pdf\" class=\"menu-link\"><i class=\"icon before line-icon icon-people\" aria-hidden=\"true\" style=\"font-size:2em;\"><\/i><span class=\"menu-text\">Profilo aziendale<\/span><\/a><\/li>\n<li  id=\"menu-item-14922\" class=\"menu-item menu-item-type-custom menu-item-object-custom menu-item-14922\"><a target=\"_blank\" href=\"https:\/\/www.balticmedia.com\/wp-content\/uploads\/agenzia-traduzioni-it.pdf\" class=\"menu-link\"><i class=\"icon before line-icon icon-organization\" aria-hidden=\"true\" style=\"font-size:2em;\"><\/i><span class=\"menu-text\">Traduzione. Fase per fase<\/span><\/a><\/li>\n<li  id=\"menu-item-14923\" class=\"menu-item menu-item-type-custom menu-item-object-custom menu-item-14923\"><a target=\"_blank\" href=\"https:\/\/www.balticmedia.com\/wp-content\/uploads\/Baltic-Media-Ltd.-Service-Terms-and-Conditions.pdf\" class=\"menu-link\"><i class=\"icon before line-icon icon-docs\" aria-hidden=\"true\" style=\"font-size:2em;\"><\/i><span class=\"menu-text\">Termini e condizioni di servizio (EN)<\/span><\/a><\/li>\n<li  id=\"menu-item-14924\" class=\"menu-item menu-item-type-custom menu-item-object-custom menu-item-14924\"><a target=\"_blank\" href=\"https:\/\/www.balticmedia.com\/wp-content\/uploads\/iSO-certificate-2023.png\" class=\"menu-link\"><i class=\"icon before line-icon icon-doc\" aria-hidden=\"true\" style=\"font-size:2em;\"><\/i><span class=\"menu-text\">ISO 9001:2015 Quality Certification<\/span><\/a><\/li>\n<li  id=\"menu-item-14925\" class=\"menu-item menu-item-type-custom menu-item-object-custom menu-item-14925\"><a href=\"https:\/\/www.balticmedia.com\/wp-content\/uploads\/362531_copyrighttrademarkbalticmedia.pdf\" class=\"menu-link\"><i class=\"icon before line-icon icon-info\" aria-hidden=\"true\" style=\"font-size:2em;\"><\/i><span class=\"menu-text\">Copyright | Trademark Baltic Media<sup>\u00ae<\/sup><\/span><\/a><\/li>\n<\/ul><\/div><\/div><\/div><div id=\"pgc-35042-1-1\"  class=\"panel-grid-cell\" ><div id=\"panel-35042-1-1-0\" class=\"so-panel widget widget_sow-editor panel-first-child panel-last-child widgetopts-hide_title widgetopts-SO\" data-index=\"4\" ><div\n\t\t\t\n\t\t\tclass=\"so-widget-sow-editor so-widget-sow-editor-base\"\n\t\t\t\n\t\t><h3 class=\"widget-title\">Alcuni dei nostri clienti di traduzione<\/h3>\n<div class=\"siteorigin-widget-tinymce textwidget\">\n\t<h2>Alcuni dei nostri clienti di traduzione<\/h2>\n<h2>Feedback positivo dei clienti: media di 4,9 stelle su 5<\/h2>\n<p>Il pi\u00f9 grande valore di Baltic Media<sup>\u00ae<\/sup> \u00e8 il rispetto degli interessi dei nostri clienti fornendo loro servizi professionali, di alta qualit\u00e0 e tempestivi. L'alto livello di soddisfazione del cliente \u00e8 la nostra massima priorit\u00e0 e ogni anno raccogliamo feedback dai nostri clienti per valutare la qualit\u00e0 dei servizi forniti e l'esperienza e la reattivit\u00e0 dei nostri project manager. Siamo lieti di comunicare che nel 2020 i nostri clienti hanno valutato molto bene i servizi linguistici di Baltic Media<sup>\u00ae<\/sup> (valutazione totale \u2013 4,9 punti su 5), elogiando la qualit\u00e0 dei file consegnati, la reattivit\u00e0 e la disponibilit\u00e0 dei nostri project manager e la tempestivit\u00e0 di le consegne del progetto.<\/p>\n<p>La soddisfazione del cliente \u00e8 un fattore chiave per il nostro successo. Mettici alla prova e vedrai di persona!<\/p>\n<div>\n<h2>Baltic Media<sup>\u00ae<\/sup>: agenzia di traduzioni nel Nord Europa<\/h2>\n<p>Con sede nell\u2019Europa settentrionale, Baltic Media<sup>\u00ae<\/sup> \u00e8 l\u2019agenzia di traduzioni dei paesi nordici leader nel campo dei servizi di traduzione digitali ed \u00e8 specializzata in lingue nordiche europee (lingue nordiche, baltiche e slave incluse). Baltic Media<sup>\u00ae<\/sup> si occupa principalmente di traduzioni da\/verso svedese, finlandese, danese, islandese, faroese, norvegese, tedesco, inglese, polacco, russo, estone, lettone e lituano. In qualit\u00e0 di fornitore di servizi linguistici certificato ISO, Baltic Media<sup>\u00ae<\/sup> offre servizi di traduzione umana ad aziende, enti governativi e clienti privati.<\/p>\n<\/div>\n<div><\/div>\n<div>\n<div><img data-recalc-dims=\"1\" loading=\"lazy\" decoding=\"async\" class=\"alignnone wp-image-6512 size-medium\" src=\"https:\/\/i0.wp.com\/www.balticmedia.com\/wp-content\/uploads\/logo_ar_globusu_stillbild_kvadrats.jpg?resize=300%2C187&#038;ssl=1\" alt=\"Alcuni dei nostri clienti di traduzione\" width=\"300\" height=\"187\" title=\"\"><\/div>\n<\/div>\n<h2><strong>Industrial Clients<\/strong><\/h2>\n<p><img data-recalc-dims=\"1\" loading=\"lazy\" decoding=\"async\" class=\"alignnone wp-image-14879 size-full\" src=\"https:\/\/i0.wp.com\/www.balticmedia.com\/wp-content\/uploads\/Screenshot-2021-02-03-at-11.01.48-AM-1.png?resize=620%2C807&#038;ssl=1\" alt=\"Industrial Clients\" width=\"620\" height=\"807\" srcset=\"https:\/\/i0.wp.com\/www.balticmedia.com\/wp-content\/uploads\/Screenshot-2021-02-03-at-11.01.48-AM-1.png?w=620&amp;ssl=1 620w, https:\/\/i0.wp.com\/www.balticmedia.com\/wp-content\/uploads\/Screenshot-2021-02-03-at-11.01.48-AM-1.png?resize=230%2C300&amp;ssl=1 230w\" sizes=\"auto, (max-width: 620px) 100vw, 620px\" title=\"\"><\/p>\n<h2><strong>Finance and Law Clients<\/strong><\/h2>\n<p><img data-recalc-dims=\"1\" loading=\"lazy\" decoding=\"async\" class=\"alignnone size-full wp-image-2991\" src=\"https:\/\/i0.wp.com\/www.balticmedia.com\/wp-content\/uploads\/Screenshot-2021-02-03-at-11.01.59-AM.png?resize=616%2C550&#038;ssl=1\" alt=\"\" width=\"616\" height=\"550\" srcset=\"https:\/\/i0.wp.com\/www.balticmedia.com\/wp-content\/uploads\/Screenshot-2021-02-03-at-11.01.59-AM.png?w=616&amp;ssl=1 616w, https:\/\/i0.wp.com\/www.balticmedia.com\/wp-content\/uploads\/Screenshot-2021-02-03-at-11.01.59-AM.png?resize=300%2C268&amp;ssl=1 300w\" sizes=\"auto, (max-width: 616px) 100vw, 616px\" title=\"\"><\/p>\n<h2><strong>EU &amp; Government Institutions &amp; NGO Clients<\/strong><\/h2>\n<p><img data-recalc-dims=\"1\" loading=\"lazy\" decoding=\"async\" class=\"alignnone size-full wp-image-3003\" src=\"https:\/\/i0.wp.com\/www.balticmedia.com\/wp-content\/uploads\/Screenshot-2021-02-03-at-11.02.11-AM.png?resize=662%2C823&#038;ssl=1\" alt=\"\" width=\"662\" height=\"823\" srcset=\"https:\/\/i0.wp.com\/www.balticmedia.com\/wp-content\/uploads\/Screenshot-2021-02-03-at-11.02.11-AM.png?w=662&amp;ssl=1 662w, https:\/\/i0.wp.com\/www.balticmedia.com\/wp-content\/uploads\/Screenshot-2021-02-03-at-11.02.11-AM.png?resize=241%2C300&amp;ssl=1 241w\" sizes=\"auto, (max-width: 662px) 100vw, 662px\" title=\"\"><\/p>\n<h2><strong>Technology and Telecommunications Clients<\/strong><\/h2>\n<p><img data-recalc-dims=\"1\" loading=\"lazy\" decoding=\"async\" class=\"alignnone size-full wp-image-3015\" src=\"https:\/\/i0.wp.com\/www.balticmedia.com\/wp-content\/uploads\/Screenshot-2021-02-03-at-11.02.23-AM.png?resize=608%2C587&#038;ssl=1\" alt=\"\" width=\"608\" height=\"587\" srcset=\"https:\/\/i0.wp.com\/www.balticmedia.com\/wp-content\/uploads\/Screenshot-2021-02-03-at-11.02.23-AM.png?w=608&amp;ssl=1 608w, https:\/\/i0.wp.com\/www.balticmedia.com\/wp-content\/uploads\/Screenshot-2021-02-03-at-11.02.23-AM.png?resize=300%2C290&amp;ssl=1 300w\" sizes=\"auto, (max-width: 608px) 100vw, 608px\" title=\"\"><\/p>\n<h2><strong>Construction, Real Estate Clients<\/strong><\/h2>\n<p><img data-recalc-dims=\"1\" loading=\"lazy\" decoding=\"async\" class=\"alignnone size-full wp-image-3027\" src=\"https:\/\/i0.wp.com\/www.balticmedia.com\/wp-content\/uploads\/Screenshot-2021-02-03-at-11.02.32-AM.png?resize=607%2C362&#038;ssl=1\" alt=\"\" width=\"607\" height=\"362\" srcset=\"https:\/\/i0.wp.com\/www.balticmedia.com\/wp-content\/uploads\/Screenshot-2021-02-03-at-11.02.32-AM.png?w=607&amp;ssl=1 607w, https:\/\/i0.wp.com\/www.balticmedia.com\/wp-content\/uploads\/Screenshot-2021-02-03-at-11.02.32-AM.png?resize=300%2C179&amp;ssl=1 300w\" sizes=\"auto, (max-width: 607px) 100vw, 607px\" title=\"\"><\/p>\n<h2><strong>Pharmacology, Medicine Clients<\/strong><\/h2>\n<p><img data-recalc-dims=\"1\" loading=\"lazy\" decoding=\"async\" class=\"alignnone size-full wp-image-3039\" src=\"https:\/\/i0.wp.com\/www.balticmedia.com\/wp-content\/uploads\/Screenshot-2021-02-03-at-11.02.41-AM.png?resize=609%2C433&#038;ssl=1\" alt=\"\" width=\"609\" height=\"433\" srcset=\"https:\/\/i0.wp.com\/www.balticmedia.com\/wp-content\/uploads\/Screenshot-2021-02-03-at-11.02.41-AM.png?w=609&amp;ssl=1 609w, https:\/\/i0.wp.com\/www.balticmedia.com\/wp-content\/uploads\/Screenshot-2021-02-03-at-11.02.41-AM.png?resize=300%2C213&amp;ssl=1 300w\" sizes=\"auto, (max-width: 609px) 100vw, 609px\" title=\"\"><\/p>\n<h2><strong>Media, Advertising, Marketing and PR Clients<\/strong><\/h2>\n<p><img data-recalc-dims=\"1\" loading=\"lazy\" decoding=\"async\" class=\"alignnone size-full wp-image-3051\" src=\"https:\/\/i0.wp.com\/www.balticmedia.com\/wp-content\/uploads\/Screenshot-2021-02-03-at-11.02.52-AM.png?resize=605%2C332&#038;ssl=1\" alt=\"\" width=\"605\" height=\"332\" srcset=\"https:\/\/i0.wp.com\/www.balticmedia.com\/wp-content\/uploads\/Screenshot-2021-02-03-at-11.02.52-AM.png?w=605&amp;ssl=1 605w, https:\/\/i0.wp.com\/www.balticmedia.com\/wp-content\/uploads\/Screenshot-2021-02-03-at-11.02.52-AM.png?resize=300%2C165&amp;ssl=1 300w\" sizes=\"auto, (max-width: 605px) 100vw, 605px\" title=\"\"><\/p>\n<h2><strong>Automotive &amp; Transport Clients<\/strong><\/h2>\n<p><img data-recalc-dims=\"1\" loading=\"lazy\" decoding=\"async\" class=\"alignnone size-full wp-image-3063\" src=\"https:\/\/i0.wp.com\/www.balticmedia.com\/wp-content\/uploads\/Screenshot-2021-02-03-at-11.03.03-AM.png?resize=607%2C537&#038;ssl=1\" alt=\"\" width=\"607\" height=\"537\" srcset=\"https:\/\/i0.wp.com\/www.balticmedia.com\/wp-content\/uploads\/Screenshot-2021-02-03-at-11.03.03-AM.png?w=607&amp;ssl=1 607w, https:\/\/i0.wp.com\/www.balticmedia.com\/wp-content\/uploads\/Screenshot-2021-02-03-at-11.03.03-AM.png?resize=300%2C265&amp;ssl=1 300w\" sizes=\"auto, (max-width: 607px) 100vw, 607px\" title=\"\"><\/p>\n<h2><strong>Agriculture, Food Industry Clients<\/strong><\/h2>\n<p><img data-recalc-dims=\"1\" loading=\"lazy\" decoding=\"async\" class=\"alignnone size-full wp-image-3075\" src=\"https:\/\/i0.wp.com\/www.balticmedia.com\/wp-content\/uploads\/Screenshot-2021-02-03-at-11.03.10-AM.png?resize=609%2C347&#038;ssl=1\" alt=\"\" width=\"609\" height=\"347\" srcset=\"https:\/\/i0.wp.com\/www.balticmedia.com\/wp-content\/uploads\/Screenshot-2021-02-03-at-11.03.10-AM.png?w=609&amp;ssl=1 609w, https:\/\/i0.wp.com\/www.balticmedia.com\/wp-content\/uploads\/Screenshot-2021-02-03-at-11.03.10-AM.png?resize=300%2C171&amp;ssl=1 300w\" sizes=\"auto, (max-width: 609px) 100vw, 609px\" title=\"\"><\/p>\n<h2><b>Insurance, Hotels, Travel Agencies Clients<\/b><\/h2>\n<p><img data-recalc-dims=\"1\" loading=\"lazy\" decoding=\"async\" class=\"alignnone size-full wp-image-3087\" src=\"https:\/\/i0.wp.com\/www.balticmedia.com\/wp-content\/uploads\/Screenshot-2021-02-03-at-11.03.19-AM.png?resize=608%2C332&#038;ssl=1\" alt=\"\" width=\"608\" height=\"332\" srcset=\"https:\/\/i0.wp.com\/www.balticmedia.com\/wp-content\/uploads\/Screenshot-2021-02-03-at-11.03.19-AM.png?w=608&amp;ssl=1 608w, https:\/\/i0.wp.com\/www.balticmedia.com\/wp-content\/uploads\/Screenshot-2021-02-03-at-11.03.19-AM.png?resize=300%2C164&amp;ssl=1 300w\" sizes=\"auto, (max-width: 608px) 100vw, 608px\" title=\"\"><\/p>\n<\/div>\n<\/div><\/div><\/div><\/div><\/div>","protected":false},"excerpt":{"rendered":"<p>Alcuni dei nostri clienti di traduzione Feedback positivo dei clienti: media di 4,9 stelle su 5 Il pi\u00f9 grande valore di Baltic Media\u00ae \u00e8 il rispetto degli interessi dei nostri clienti fornendo loro servizi professionali, di alta qualit\u00e0 e tempestivi. L&#8217;alto livello di soddisfazione del cliente \u00e8 la nostra massima priorit\u00e0 e ogni anno raccogliamo [&hellip;]<\/p>\n","protected":false},"author":2,"featured_media":0,"parent":16188,"menu_order":0,"comment_status":"closed","ping_status":"closed","template":"","meta":{"ocean_post_layout":"","ocean_both_sidebars_style":"","ocean_both_sidebars_content_width":0,"ocean_both_sidebars_sidebars_width":0,"ocean_sidebar":"0","ocean_second_sidebar":"0","ocean_disable_margins":"enable","ocean_add_body_class":"","ocean_shortcode_before_top_bar":"","ocean_shortcode_after_top_bar":"","ocean_shortcode_before_header":"","ocean_shortcode_after_header":"","ocean_has_shortcode":"","ocean_shortcode_after_title":"","ocean_shortcode_before_footer_widgets":"","ocean_shortcode_after_footer_widgets":"","ocean_shortcode_before_footer_bottom":"","ocean_shortcode_after_footer_bottom":"","ocean_display_top_bar":"default","ocean_display_header":"default","ocean_header_style":"","ocean_center_header_left_menu":"0","ocean_custom_header_template":"0","ocean_custom_logo":0,"ocean_custom_retina_logo":0,"ocean_custom_logo_max_width":0,"ocean_custom_logo_tablet_max_width":0,"ocean_custom_logo_mobile_max_width":0,"ocean_custom_logo_max_height":0,"ocean_custom_logo_tablet_max_height":0,"ocean_custom_logo_mobile_max_height":0,"ocean_header_custom_menu":"0","ocean_menu_typo_font_family":"0","ocean_menu_typo_font_subset":"","ocean_menu_typo_font_size":0,"ocean_menu_typo_font_size_tablet":0,"ocean_menu_typo_font_size_mobile":0,"ocean_menu_typo_font_size_unit":"px","ocean_menu_typo_font_weight":"","ocean_menu_typo_font_weight_tablet":"","ocean_menu_typo_font_weight_mobile":"","ocean_menu_typo_transform":"","ocean_menu_typo_transform_tablet":"","ocean_menu_typo_transform_mobile":"","ocean_menu_typo_line_height":0,"ocean_menu_typo_line_height_tablet":0,"ocean_menu_typo_line_height_mobile":0,"ocean_menu_typo_line_height_unit":"","ocean_menu_typo_spacing":0,"ocean_menu_typo_spacing_tablet":0,"ocean_menu_typo_spacing_mobile":0,"ocean_menu_typo_spacing_unit":"","ocean_menu_link_color":"","ocean_menu_link_color_hover":"","ocean_menu_link_color_active":"","ocean_menu_link_background":"","ocean_menu_link_hover_background":"","ocean_menu_link_active_background":"","ocean_menu_social_links_bg":"","ocean_menu_social_hover_links_bg":"","ocean_menu_social_links_color":"","ocean_menu_social_hover_links_color":"","ocean_disable_title":"default","ocean_disable_heading":"default","ocean_post_title":"","ocean_post_subheading":"","ocean_post_title_style":"","ocean_post_title_background_color":"","ocean_post_title_background":0,"ocean_post_title_bg_image_position":"","ocean_post_title_bg_image_attachment":"","ocean_post_title_bg_image_repeat":"","ocean_post_title_bg_image_size":"","ocean_post_title_height":0,"ocean_post_title_bg_overlay":0.5,"ocean_post_title_bg_overlay_color":"","ocean_disable_breadcrumbs":"default","ocean_breadcrumbs_color":"","ocean_breadcrumbs_separator_color":"","ocean_breadcrumbs_links_color":"","ocean_breadcrumbs_links_hover_color":"","ocean_display_footer_widgets":"default","ocean_display_footer_bottom":"default","ocean_custom_footer_template":"0","ofc_meta_disable_footer_callout":"","ofc_meta_callout_button_url":"","ofc_meta_callout_button_txt":"","ofc_meta_callout_text":"","osh_disable_topbar_sticky":"default","osh_disable_header_sticky":"default","osh_sticky_header_style":"default","osh_sticky_header_effect":"","osh_custom_sticky_logo":0,"osh_custom_retina_sticky_logo":0,"osh_custom_sticky_logo_height":0,"osh_background_color":"","osh_links_color":"","osh_links_hover_color":"","osh_links_active_color":"","osh_links_bg_color":"","osh_links_hover_bg_color":"","osh_links_active_bg_color":"","osh_menu_social_links_color":"","osh_menu_social_hover_links_color":"","footnotes":""},"class_list":["post-35042","page","type-page","status-publish","hentry","entry"],"jetpack_sharing_enabled":true,"jetpack_likes_enabled":true,"jetpack-related-posts":[],"jetpack_shortlink":"https:\/\/wp.me\/Pe7Cu3-97c","_links":{"self":[{"href":"https:\/\/www.balticmedia.com\/it\/wp-json\/wp\/v2\/pages\/35042","targetHints":{"allow":["GET"]}}],"collection":[{"href":"https:\/\/www.balticmedia.com\/it\/wp-json\/wp\/v2\/pages"}],"about":[{"href":"https:\/\/www.balticmedia.com\/it\/wp-json\/wp\/v2\/types\/page"}],"author":[{"embeddable":true,"href":"https:\/\/www.balticmedia.com\/it\/wp-json\/wp\/v2\/users\/2"}],"replies":[{"embeddable":true,"href":"https:\/\/www.balticmedia.com\/it\/wp-json\/wp\/v2\/comments?post=35042"}],"version-history":[{"count":12,"href":"https:\/\/www.balticmedia.com\/it\/wp-json\/wp\/v2\/pages\/35042\/revisions"}],"predecessor-version":[{"id":125141,"href":"https:\/\/www.balticmedia.com\/it\/wp-json\/wp\/v2\/pages\/35042\/revisions\/125141"}],"up":[{"embeddable":true,"href":"https:\/\/www.balticmedia.com\/it\/wp-json\/wp\/v2\/pages\/16188"}],"wp:attachment":[{"href":"https:\/\/www.balticmedia.com\/it\/wp-json\/wp\/v2\/media?parent=35042"}],"curies":[{"name":"wp","href":"https:\/\/api.w.org\/{rel}","templated":true}]}}