{"id":34668,"date":"2021-02-03T12:30:26","date_gmt":"2021-02-03T10:30:26","guid":{"rendered":"https:\/\/www.balticmedia.com\/prezzo\/language-translation-service-quality\/"},"modified":"2025-02-21T11:22:50","modified_gmt":"2025-02-21T09:22:50","slug":"qualita-della-traduzione","status":"publish","type":"page","link":"https:\/\/www.balticmedia.com\/it\/costi-di-traduzione\/qualita-della-traduzione\/","title":{"rendered":"Qualit\u00e0 della traduzione Certificazione di qualit\u00e0 ISO 9001:2015"},"content":{"rendered":"<div id=\"pl-34668\"  class=\"panel-layout\" ><div id=\"pg-34668-0\"  class=\"panel-grid panel-no-style\" ><div id=\"pgc-34668-0-0\"  class=\"panel-grid-cell\" ><div id=\"panel-34668-0-0-0\" class=\"so-panel widget widget_sow-image panel-first-child panel-last-child widgetopts-SO\" data-index=\"0\" ><div\n\t\t\t\n\t\t\tclass=\"so-widget-sow-image so-widget-sow-image-default-8b5b6f678277-34668\"\n\t\t\t\n\t\t>\n<div class=\"sow-image-container\">\n\t\t<img src=\"https:\/\/i0.wp.com\/www.balticmedia.com\/wp-content\/uploads\/4price_and_quality-scaled.jpg?fit=2560%2C549&amp;ssl=1\" width=\"2560\" height=\"549\" srcset=\"https:\/\/i0.wp.com\/www.balticmedia.com\/wp-content\/uploads\/4price_and_quality-scaled.jpg?w=2560&amp;ssl=1 2560w, https:\/\/i0.wp.com\/www.balticmedia.com\/wp-content\/uploads\/4price_and_quality-scaled.jpg?resize=300%2C64&amp;ssl=1 300w, https:\/\/i0.wp.com\/www.balticmedia.com\/wp-content\/uploads\/4price_and_quality-scaled.jpg?resize=1024%2C219&amp;ssl=1 1024w, https:\/\/i0.wp.com\/www.balticmedia.com\/wp-content\/uploads\/4price_and_quality-scaled.jpg?resize=768%2C165&amp;ssl=1 768w, https:\/\/i0.wp.com\/www.balticmedia.com\/wp-content\/uploads\/4price_and_quality-scaled.jpg?resize=1536%2C329&amp;ssl=1 1536w, https:\/\/i0.wp.com\/www.balticmedia.com\/wp-content\/uploads\/4price_and_quality-scaled.jpg?resize=2048%2C439&amp;ssl=1 2048w, https:\/\/i0.wp.com\/www.balticmedia.com\/wp-content\/uploads\/4price_and_quality-scaled.jpg?w=2400&amp;ssl=1 2400w\" title=\"Qualit\u00e0 della traduzione\" alt=\"Qualit\u00e0 della traduzione\" class=\"so-widget-image\">\n\t<\/div>\n\n<\/div><\/div><\/div><\/div><div id=\"pg-34668-1\"  class=\"panel-grid panel-no-style\" ><div id=\"pgc-34668-1-0\"  class=\"panel-grid-cell\" ><div id=\"panel-34668-1-0-0\" class=\"so-panel widget widget_sow-editor panel-first-child extendedwopts-hide extendedwopts-tablet extendedwopts-mobile widgetopts-SO\" data-index=\"1\" ><div\n\t\t\t\n\t\t\tclass=\"so-widget-sow-editor so-widget-sow-editor-base\"\n\t\t\t\n\t\t>\n<div class=\"siteorigin-widget-tinymce textwidget\">\n\t<pre><form aria-label=\"Search this website\" role=\"search\" method=\"get\" class=\"oceanwp-searchform\" id=\"searchform\" action=\"https:\/\/www.balticmedia.com\/it\/\"><input aria-label=\"Insert search query\" type=\"text\" class=\"field\" name=\"s\" id=\"s\" placeholder=\"Search\"><button aria-label=\"Submit your search\" type=\"submit\" class=\"search-submit\" value=\"\"><i class=\"icon-magnifier\" aria-hidden=\"true\"><\/i><\/button><\/form><\/pre>\n<\/div>\n<\/div><\/div><div id=\"panel-34668-1-0-1\" class=\"so-panel widget widget_ocean_custom_menu widget-oceanwp-custom-menu custom-menu-widget extendedwopts-hide extendedwopts-tablet extendedwopts-mobile widgetopts-SO\" data-index=\"2\" ><div class=\"oceanwp-custom-menu clr ocean_custom_menu-2 left dropdown-hover\"><ul id=\"menu-prices-it\" class=\"dropdown-menu sf-menu\"><li  id=\"menu-item-49528\" class=\"menu-item menu-item-type-post_type menu-item-object-page menu-item-49528\"><a href=\"https:\/\/www.balticmedia.com\/it\/costi-di-traduzione\/\" class=\"menu-link\">Costi di traduzione<\/a><\/li>\n<li  id=\"menu-item-49533\" class=\"menu-item menu-item-type-post_type menu-item-object-page menu-item-49533\"><a href=\"https:\/\/www.balticmedia.com\/it\/costi-di-traduzione\/prezzo-della-traduzione\/\" class=\"menu-link\">Prezzo della traduzione<\/a><\/li>\n<li  id=\"menu-item-49530\" class=\"menu-item menu-item-type-post_type menu-item-object-page menu-item-49530\"><a href=\"https:\/\/www.balticmedia.com\/it\/costi-di-traduzione\/come-scegliere-unagenzia-traduzione\/\" class=\"menu-link\">Come scegliere un\u2019agenzia di traduzione<\/a><\/li>\n<li  id=\"menu-item-49529\" class=\"menu-item menu-item-type-post_type menu-item-object-page menu-item-49529\"><a href=\"https:\/\/www.balticmedia.com\/it\/costi-di-traduzione\/qualita-della-traduzione\/\" class=\"menu-link\">Qualit\u00e0 della traduzione Certificazione di qualit\u00e0 ISO 9001:2015<\/a><\/li>\n<li  id=\"menu-item-49531\" class=\"menu-item menu-item-type-post_type menu-item-object-page menu-item-49531\"><a href=\"https:\/\/www.balticmedia.com\/it\/costi-di-traduzione\/i-nostri-clienti\/\" class=\"menu-link\">I nostri clienti<\/a><\/li>\n<li  id=\"menu-item-49534\" class=\"menu-item menu-item-type-post_type menu-item-object-page menu-item-49534\"><a href=\"https:\/\/www.balticmedia.com\/it\/costi-di-traduzione\/traduzione-recensioni\/\" class=\"menu-link\">Traduzione recensioni<\/a><\/li>\n<li  id=\"menu-item-49532\" class=\"menu-item menu-item-type-post_type menu-item-object-page menu-item-49532\"><a href=\"https:\/\/www.balticmedia.com\/it\/costi-di-traduzione\/modulo-per-referenze\/\" class=\"menu-link\">Sondaggio di soddisfazione della clientela<\/a><\/li>\n<li  id=\"menu-item-101279\" class=\"menu-item menu-item-type-post_type menu-item-object-page menu-item-101279\"><a href=\"https:\/\/www.balticmedia.com\/it\/mappa-del-sito\/\" class=\"menu-link\">Mappa del sito<\/a><\/li>\n<li  id=\"menu-item-120658\" class=\"menu-item menu-item-type-post_type menu-item-object-page menu-item-120658\"><a href=\"https:\/\/www.balticmedia.com\/it\/clients\/\" class=\"menu-link\">Client Portal<\/a><\/li>\n<\/ul><\/div><\/div><div id=\"panel-34668-1-0-2\" class=\"so-panel widget widget_ocean_custom_menu widget-oceanwp-custom-menu custom-menu-widget panel-last-child extendedwopts-hide extendedwopts-tablet extendedwopts-mobile widgetopts-SO\" data-index=\"3\" ><div class=\"oceanwp-custom-menu clr ocean_custom_menu-2 left dropdown-hover\"><ul id=\"menu-partner-it\" class=\"dropdown-menu sf-menu\"><li  id=\"menu-item-14920\" class=\"menu-item menu-item-type-custom menu-item-object-custom menu-item-14920\"><a target=\"_blank\" href=\"https:\/\/balticmedia.s.xtrf.eu\/vendors\/#\/sign-in\" class=\"menu-link\" rel=\"nofollow noopener\"><i class=\"icon before line-icon icon-briefcase\" aria-hidden=\"true\" style=\"font-size:2em;\"><\/i><span class=\"menu-text\">Portale collaboratori<\/span><\/a><\/li>\n<li  id=\"menu-item-14921\" class=\"menu-item menu-item-type-custom menu-item-object-custom menu-item-14921\"><a target=\"_blank\" href=\"https:\/\/www.balticmedia.com\/wp-content\/uploads\/11-Reasons-to-Choose-Baltic-Media-2026.pdf\" class=\"menu-link\"><i class=\"icon before line-icon icon-people\" aria-hidden=\"true\" style=\"font-size:2em;\"><\/i><span class=\"menu-text\">Profilo aziendale<\/span><\/a><\/li>\n<li  id=\"menu-item-14922\" class=\"menu-item menu-item-type-custom menu-item-object-custom menu-item-14922\"><a target=\"_blank\" href=\"https:\/\/www.balticmedia.com\/wp-content\/uploads\/agenzia-traduzioni-it.pdf\" class=\"menu-link\"><i class=\"icon before line-icon icon-organization\" aria-hidden=\"true\" style=\"font-size:2em;\"><\/i><span class=\"menu-text\">Traduzione. Fase per fase<\/span><\/a><\/li>\n<li  id=\"menu-item-14923\" class=\"menu-item menu-item-type-custom menu-item-object-custom menu-item-14923\"><a target=\"_blank\" href=\"https:\/\/www.balticmedia.com\/wp-content\/uploads\/Baltic-Media-Ltd.-Service-Terms-and-Conditions.pdf\" class=\"menu-link\"><i class=\"icon before line-icon icon-docs\" aria-hidden=\"true\" style=\"font-size:2em;\"><\/i><span class=\"menu-text\">Termini e condizioni di servizio (EN)<\/span><\/a><\/li>\n<li  id=\"menu-item-14924\" class=\"menu-item menu-item-type-custom menu-item-object-custom menu-item-14924\"><a target=\"_blank\" href=\"https:\/\/www.balticmedia.com\/wp-content\/uploads\/iSO-certificate-2023.png\" class=\"menu-link\"><i class=\"icon before line-icon icon-doc\" aria-hidden=\"true\" style=\"font-size:2em;\"><\/i><span class=\"menu-text\">ISO 9001:2015 Quality Certification<\/span><\/a><\/li>\n<li  id=\"menu-item-14925\" class=\"menu-item menu-item-type-custom menu-item-object-custom menu-item-14925\"><a href=\"https:\/\/www.balticmedia.com\/wp-content\/uploads\/362531_copyrighttrademarkbalticmedia.pdf\" class=\"menu-link\"><i class=\"icon before line-icon icon-info\" aria-hidden=\"true\" style=\"font-size:2em;\"><\/i><span class=\"menu-text\">Copyright | Trademark Baltic Media<sup>\u00ae<\/sup><\/span><\/a><\/li>\n<\/ul><\/div><\/div><\/div><div id=\"pgc-34668-1-1\"  class=\"panel-grid-cell\" ><div id=\"panel-34668-1-1-0\" class=\"so-panel widget widget_sow-editor panel-first-child panel-last-child widgetopts-hide_title widgetopts-SO\" data-index=\"4\" ><div\n\t\t\t\n\t\t\tclass=\"so-widget-sow-editor so-widget-sow-editor-base\"\n\t\t\t\n\t\t><h3 class=\"widget-title\">Qualit\u00e0 della traduzione<\/h3>\n<div class=\"siteorigin-widget-tinymce textwidget\">\n\t<h1><strong>Qualit\u00e0 della traduzione\u00a0<\/strong><\/h1>\n<p>\u201cBaltic Media\u201d lavora secondo le norme dello standard internazionale del sistema di gestione della qualit\u00e0\u00a0<strong>ISO 9001:2015.<\/strong><\/p>\n<p>Il quale \u00e8 gi\u00e0 una garanzia di qualit\u00e0, assicurando che nell\u2019azienda a tutti i livelli sono state elaborate efficaci procedure di qualit\u00e0, ambiente di lavoro, ripartizione delle responsabilit\u00e0 e viene effettuato il controllo di qualit\u00e0. Il sistema assicura che nell\u2019azienda viene focalizzata la massima attenzione sulla soddisfazione dei bisogni dei clienti e sul continuo miglioramento del sistema di gestione della qualit\u00e0.<\/p>\n<p><iframe loading=\"lazy\" title=\"YouTube video player\" src=\"https:\/\/www.youtube.com\/embed\/2-m4XAqTCT0\" width=\"600\" height=\"450\" frameborder=\"0\" allowfullscreen=\"allowfullscreen\"><\/iframe><br \/>\nOgni progetto dall\u2019inizio fino alla consegna al cliente ha un determinato project manager, il quale pianifica la realizzazione del progetto, seleziona i specialisti pi\u00f9 adatti in coerenza alle richieste di qualit\u00e0 preposti dall\u2019azienda, fissa le opportune scadenze, assicura l\u2019effettuazione dei controlli di qualit\u00e0.<\/p>\n<p>Sul testo del cliente lavorano diversi specialisti \u2014 project manager, traduttori, correttori e, se necessario, linguisti specializzati in terminologia o uno specialista nel relativo campo. Baltic Media\u00a0<strong>valuta ogni traduttore<\/strong> secondo il proprio sistema di valutazione. Criteri: istruzione linguistica, almeno 3 anni di esperienza nelle traduzioni, referenze di altri clienti, test di traduzione.<\/p>\n<p><img data-recalc-dims=\"1\" loading=\"lazy\" decoding=\"async\" class=\"alignnone wp-image-7468 size-full\" src=\"https:\/\/i0.wp.com\/www.balticmedia.com\/wp-content\/uploads\/balticmedia_logo.png?resize=300%2C87&#038;ssl=1\" alt=\"Qualit\u00e0 della traduzione\" width=\"300\" height=\"87\" title=\"\"><\/p>\n<p>Ogni traduzione passa attraverso\u00a0<strong>tre fasi<\/strong>:<strong>\u00a0traduzione, redazione e correzione.<\/strong><\/p>\n<p>Il project manager \u00e8 il coordinatore principale, responsabile di informare il cliente sui metodi migliori per ottenere il risultato di qualit\u00e0 mantenendo i contatti con il cliente durante tutto il progetto. Ai traduttori viene spesso chiesto di utilizzare la terminologia approvata dal cliente, e su richiesta del cliente, Baltic Media offre l\u2019assistenza professionale per l\u2019elaborazione di tale terminologia.<\/p>\n<p>Secondo la filosofia aziendale di Baltic Media, la qualit\u00e0 \u00e8 il miglior punto di riferimento contro la concorrenza, pertanto l\u2019azienda attribuisce la massima seriet\u00e0 alle richieste del sistema di gestione della qualit\u00e0.<\/p>\n<p><img data-recalc-dims=\"1\" loading=\"lazy\" decoding=\"async\" class=\"alignnone wp-image-136976 size-large\" src=\"https:\/\/i0.wp.com\/www.balticmedia.com\/wp-content\/uploads\/iSO-certificate-2023-WEB-1.jpg?resize=564%2C797&#038;ssl=1\" alt=\"Qualit\u00e0 della traduzione\" width=\"564\" height=\"797\" srcset=\"https:\/\/i0.wp.com\/www.balticmedia.com\/wp-content\/uploads\/iSO-certificate-2023-WEB-1.jpg?resize=564%2C797&amp;ssl=1 564w, https:\/\/i0.wp.com\/www.balticmedia.com\/wp-content\/uploads\/iSO-certificate-2023-WEB-1.jpg?resize=212%2C300&amp;ssl=1 212w, https:\/\/i0.wp.com\/www.balticmedia.com\/wp-content\/uploads\/iSO-certificate-2023-WEB-1.jpg?w=700&amp;ssl=1 700w\" sizes=\"auto, (max-width: 564px) 100vw, 564px\" title=\"\"><\/p>\n<p>&nbsp;<\/p>\n<h2>Baltic Media<sup>\u00ae<\/sup>: agenzia di traduzioni nel Nord Europa<\/h2>\n<p>Con sede nell\u2019Europa settentrionale, Baltic Media<sup>\u00ae<\/sup> \u00e8 l\u2019agenzia di traduzioni dei paesi nordici leader nel campo dei servizi di traduzione digitali ed \u00e8 specializzata in lingue nordiche europee (lingue nordiche, baltiche e slave incluse). Baltic Media<sup>\u00ae<\/sup> si occupa principalmente di traduzioni da\/verso svedese, finlandese, danese, islandese, faroese, norvegese, tedesco, inglese, polacco, russo, estone, lettone e lituano. In qualit\u00e0 di fornitore di servizi linguistici certificato ISO, Baltic Media<sup>\u00ae<\/sup> offre servizi di traduzione umana ad aziende, enti governativi e clienti privati.<\/p>\n<h3><a href=\"\/it\/chi-siamo\/perche-scegliere-baltic-media\/\">Perch\u00e9 scegliere l\u2019agenzia di traduzione nordico-baltica Baltic Media<sup>\u00ae<\/sup>?<\/a><\/h3>\n<h3><a href=\"\/it\/prezzo\/\">Come ridurre i costi di traduzione senza sacrificarne la qualit\u00e0<\/a><\/h3>\n<h3><a href=\"\/it\/chi-siamo\/traduzione-umana\/\">Perch\u00e9 i servizi di traduzione umana sono la soluzione ideale per te?<\/a><\/h3>\n<h3><a href=\"https:\/\/www.balticmedia.com\/it\/servizi-di-traduzione-globale\/traduzione-automatica\/\">Puoi tradurre testi usando Google, Bing, Microsoft, Tilde, Yandex e affidarcene la revisione!<\/a><\/h3>\n<h3><a href=\"https:\/\/www.balticmedia.com\/it\/prezzo-quota\/\">Richiedi un preventivo gratuito<\/a><\/h3>\n<h3><a href=\"https:\/\/www.balticmedia.com\/it\/richiesta-di-informazioni\/\">Richiedi informazioni<\/a><\/h3>\n<h3><a href=\"mailto:info@balticmedia.com\">E-mail<\/a><\/h3>\n<h2><strong>Baltic Media, l\u2019agenzia di traduzione, offre servizi di traduzione umana di livello professionale per:<\/strong><\/h2>\n<p>servizi di traduzione di media: stampa e media digitali, media audiovisivi, libri, giornali, riviste, materiale pubblicitario;<\/p>\n<p><a href=\"https:\/\/it.balticmedia.com\/traduzione-di-documenti-con-certificazione-notarile\" target=\"_blank\" rel=\"nofollow noopener\"><strong>traduzione di documenti professionali\u00a0<\/strong><\/a>(servizi di traduzione legale, medica, tecnica, informatica, marketing);<\/p>\n<p><a href=\"https:\/\/it.balticmedia.com\/traduzione-notarile-asseverata-da-traduttore-certificato\" target=\"_blank\" rel=\"nofollow noopener\"><strong>traduzione giurata da parte di traduttori professionali<\/strong>;<\/a><\/p>\n<p><a href=\"https:\/\/it.balticmedia.com\/siti-web-traduzione-localizzazione\" target=\"_blank\" rel=\"nofollow noopener\"><strong>traduzione professionale di siti web e siti di e-commerce da parte di traduttori professionali<\/strong>\u00a0(<\/a>localizzazione del contenuto della pagina web, dei siti di e-commerce e delle app per renderli comprensibili nei mercati locali in lingue diverse)<\/p>\n<p><a href=\"https:\/\/it.balticmedia.com\/siti-web-traduzione-localizzazione\" target=\"_blank\" rel=\"nofollow noopener\"><strong>traduzione di software professionale da parte di traduttori professionali<\/strong>\u00a0<\/a>(traduzione dell\u2019interfaccia utente, della documentazione di supporto e dei test);<\/p>\n<p><a href=\"https:\/\/it.balticmedia.com\/service-de-traduction-technique\" target=\"_blank\" rel=\"nofollow noopener\"><strong>traduzione della terminologia da parte di traduttori professionali<\/strong>\u00a0<\/a>e gestione dei contenuti multilingue;<\/p>\n<p><a href=\"https:\/\/it.balticmedia.com\/servizio-di-sottotitolaggio-doppiaggio-voice-over\" target=\"_blank\" rel=\"nofollow noopener\"><strong>traduzione di audiovisivi da parte di traduttori professionali<\/strong><\/a>\u00a0(film, traduzione di videogiochi, sottotitoli, registrazione);<\/p>\n<p><strong><a href=\"https:\/\/it.balticmedia.com\/traduzione-automatica\" target=\"_blank\" rel=\"nofollow noopener\">traduzione automatica assistita da parte di traduttori professionali con revisione e controllo della qualit\u00e0<\/a>\u00a0<\/strong>(per grossi ordini di traduzione ci serviamo della traduzione automatica con successiva revisione dei testi e procedure di controllo della qualit\u00e0).<\/p>\n<p><strong>I principali settori dei servizi di traduzione svolti dal traduttore umano sono:<\/strong><\/p>\n<p><a href=\"https:\/\/it.balticmedia.com\/servizi-di-traduzione-di-documenti-legali\" target=\"_blank\" rel=\"nofollow noopener\"><strong>traduzione professionale di testi legali da parte di traduttori professionali<\/strong>\u00a0<\/a>(contratti, accordi e intese, Statuto, decisioni, verbale delle riunioni, certificati di registrazione, leggi, norme e regolamenti, istanze, petizioni, sentenze giudiziarie, procure, licenze e permessi, ecc.)<\/p>\n<p><a href=\"https:\/\/it.balticmedia.com\/traduzione-di-documenti-con-certificazione-notarile\" target=\"_blank\" rel=\"nofollow noopener\"><strong>traduzione professionale di testi finanziari da parte di traduttori professionali<\/strong>\u00a0<\/a>(audit, rapporti e dichiarazioni annuali, resoconti finanziari, saldi contabili, conto economico, ricerche di marketing e presentazioni, fondatezza economica e piani aziendali, documenti assicurativi, accordi sul finanziamento di progetti, ecc.)<\/p>\n<p><a href=\"https:\/\/it.balticmedia.com\/service-de-traduction-technique\" target=\"_blank\" rel=\"nofollow noopener\"><strong>traduzione professionale di testi\u00a0<\/strong><\/a><a href=\"https:\/\/it.balticmedia.com\/service-de-traduction-technique\" target=\"_blank\" rel=\"nofollow noopener\"><strong>informatici da parte di traduttori professionali<\/strong><\/a>\u00a0(software e hardware, CAD\/CAM, applicazioni nel cloud, CRM, e-commerce, ERP, sistemi di gestione della rete, applicazioni mobili, siti web, videogiochi, ecc.)<\/p>\n<p><a href=\"https:\/\/it.balticmedia.com\/servizio-di-traduzioni-mediche\" target=\"_blank\" rel=\"nofollow noopener\"><strong>traduzione professionale di testi medici da parte di traduttori professionali<\/strong>\u00a0<\/a>(referenze, estratti dall\u2019anamnesi del paziente, referti, conclusioni di esperti, risultati delle analisi, documentazione sulle sperimentazioni cliniche di medicinali, consenso informato, fogli illustrativi, documentazione su attrezzature e strumenti, ecc.)<\/p>\n<p><a href=\"https:\/\/it.balticmedia.com\/servizi-di-traduzione-commerciale-e-pubblicitaria\" target=\"_blank\" rel=\"nofollow noopener\"><strong>traduzione professionale di testi pubblicitari, di relazioni pubbliche e marketing da parte di traduttori professionali<\/strong><\/a>(materiali pubblicitari, brochure, cataloghi, menu e elenchi di prodotti, e-mail, newsletter, materiali da imballaggio, stampa e pubblicit\u00e0 on-line, SEO, contenuti dei social media, siti web, ecc.)<\/p>\n<p><a href=\"https:\/\/it.balticmedia.com\/servizio-di-traduzione-scritta\" target=\"_blank\" rel=\"nofollow noopener\"><strong>traduzione professionale di contenuti generali da parte di traduttori professionali<\/strong>\u00a0(<\/a>CV, diplomi, dichiarazioni, carte d\u2019identit\u00e0, passaporti, certificati, referenze, ecc.).<\/p>\n<p><a href=\"https:\/\/it.balticmedia.com\/traduzione-localizzazione-e-pr\" target=\"_blank\" rel=\"nofollow noopener\"><strong>La traduzione<\/strong><\/a><strong><a href=\"https:\/\/it.balticmedia.com\/traduzione-localizzazione-e-pr\" target=\"_blank\" rel=\"nofollow noopener\">\u00a0umana, la localizzazione e il processo di transcreazione comprendono le seguenti fasi principali:<\/a>\u00a0<\/strong>analisi del progetto, preventivo, organizzazione del progetto, team building, traduzione, localizzazione o transcreazione, redazione, controllo del mercato locale (convalida), revisione e impaginazione, controllo di qualit\u00e0 interno.<\/p>\n<h2><strong>Altri servizi linguistici:<\/strong><\/h2>\n<p><strong><a href=\"https:\/\/it.balticmedia.com\/servizio-di-traduzione-orale-interpretariato-chuchotage\" target=\"_blank\" rel=\"nofollow noopener\">interpretazione consecutiva e simultanea<\/a>\u00a0<\/strong>per conferenze, congressi, seminari e altre sedi;<\/p>\n<p><a href=\"https:\/\/it.balticmedia.com\/desktop-publishing-dtp-progettazione-grafica\" target=\"_blank\" rel=\"nofollow noopener\"><strong>servizi di impaginazione (grafica)\u00a0<\/strong><\/a>dei contenuti tradotti per scopi di pubblicazione;<\/p>\n<p><a href=\"http:\/\/www.valodukursi.lv\/en\" target=\"_blank\" rel=\"noopener\"><strong>formazione linguistica e corsi di lingua<\/strong>\u00a0<\/a>per i clienti aziendali.<\/p>\n<p><strong>\u00a9 Baltic Media<sup>\u00ae<\/sup><\/strong><\/p>\n<\/div>\n<\/div><\/div><\/div><\/div><\/div>","protected":false},"excerpt":{"rendered":"<p>Qualit\u00e0 della traduzione\u00a0 \u201cBaltic Media\u201d lavora secondo le norme dello standard internazionale del sistema di gestione della qualit\u00e0\u00a0ISO 9001:2015. Il quale \u00e8 gi\u00e0 una garanzia di qualit\u00e0, assicurando che nell\u2019azienda a tutti i livelli sono state elaborate efficaci procedure di qualit\u00e0, ambiente di lavoro, ripartizione delle responsabilit\u00e0 e viene effettuato il controllo di qualit\u00e0. Il [&hellip;]<\/p>\n","protected":false},"author":2,"featured_media":136854,"parent":16188,"menu_order":0,"comment_status":"closed","ping_status":"closed","template":"","meta":{"ocean_post_layout":"","ocean_both_sidebars_style":"","ocean_both_sidebars_content_width":0,"ocean_both_sidebars_sidebars_width":0,"ocean_sidebar":"0","ocean_second_sidebar":"0","ocean_disable_margins":"enable","ocean_add_body_class":"","ocean_shortcode_before_top_bar":"","ocean_shortcode_after_top_bar":"","ocean_shortcode_before_header":"","ocean_shortcode_after_header":"","ocean_has_shortcode":"","ocean_shortcode_after_title":"","ocean_shortcode_before_footer_widgets":"","ocean_shortcode_after_footer_widgets":"","ocean_shortcode_before_footer_bottom":"","ocean_shortcode_after_footer_bottom":"","ocean_display_top_bar":"default","ocean_display_header":"default","ocean_header_style":"","ocean_center_header_left_menu":"0","ocean_custom_header_template":"0","ocean_custom_logo":0,"ocean_custom_retina_logo":0,"ocean_custom_logo_max_width":0,"ocean_custom_logo_tablet_max_width":0,"ocean_custom_logo_mobile_max_width":0,"ocean_custom_logo_max_height":0,"ocean_custom_logo_tablet_max_height":0,"ocean_custom_logo_mobile_max_height":0,"ocean_header_custom_menu":"0","ocean_menu_typo_font_family":"0","ocean_menu_typo_font_subset":"","ocean_menu_typo_font_size":0,"ocean_menu_typo_font_size_tablet":0,"ocean_menu_typo_font_size_mobile":0,"ocean_menu_typo_font_size_unit":"px","ocean_menu_typo_font_weight":"","ocean_menu_typo_font_weight_tablet":"","ocean_menu_typo_font_weight_mobile":"","ocean_menu_typo_transform":"","ocean_menu_typo_transform_tablet":"","ocean_menu_typo_transform_mobile":"","ocean_menu_typo_line_height":0,"ocean_menu_typo_line_height_tablet":0,"ocean_menu_typo_line_height_mobile":0,"ocean_menu_typo_line_height_unit":"","ocean_menu_typo_spacing":0,"ocean_menu_typo_spacing_tablet":0,"ocean_menu_typo_spacing_mobile":0,"ocean_menu_typo_spacing_unit":"","ocean_menu_link_color":"","ocean_menu_link_color_hover":"","ocean_menu_link_color_active":"","ocean_menu_link_background":"","ocean_menu_link_hover_background":"","ocean_menu_link_active_background":"","ocean_menu_social_links_bg":"","ocean_menu_social_hover_links_bg":"","ocean_menu_social_links_color":"","ocean_menu_social_hover_links_color":"","ocean_disable_title":"default","ocean_disable_heading":"default","ocean_post_title":"","ocean_post_subheading":"","ocean_post_title_style":"","ocean_post_title_background_color":"","ocean_post_title_background":0,"ocean_post_title_bg_image_position":"","ocean_post_title_bg_image_attachment":"","ocean_post_title_bg_image_repeat":"","ocean_post_title_bg_image_size":"","ocean_post_title_height":0,"ocean_post_title_bg_overlay":0.5,"ocean_post_title_bg_overlay_color":"","ocean_disable_breadcrumbs":"default","ocean_breadcrumbs_color":"","ocean_breadcrumbs_separator_color":"","ocean_breadcrumbs_links_color":"","ocean_breadcrumbs_links_hover_color":"","ocean_display_footer_widgets":"default","ocean_display_footer_bottom":"default","ocean_custom_footer_template":"0","ofc_meta_disable_footer_callout":"","ofc_meta_callout_button_url":"","ofc_meta_callout_button_txt":"","ofc_meta_callout_text":"","osh_disable_topbar_sticky":"default","osh_disable_header_sticky":"default","osh_sticky_header_style":"default","osh_sticky_header_effect":"","osh_custom_sticky_logo":0,"osh_custom_retina_sticky_logo":0,"osh_custom_sticky_logo_height":0,"osh_background_color":"","osh_links_color":"","osh_links_hover_color":"","osh_links_active_color":"","osh_links_bg_color":"","osh_links_hover_bg_color":"","osh_links_active_bg_color":"","osh_menu_social_links_color":"","osh_menu_social_hover_links_color":"","footnotes":""},"class_list":["post-34668","page","type-page","status-publish","has-post-thumbnail","hentry","entry","has-media"],"jetpack_sharing_enabled":true,"jetpack_likes_enabled":true,"jetpack-related-posts":[],"jetpack_shortlink":"https:\/\/wp.me\/Pe7Cu3-91a","_links":{"self":[{"href":"https:\/\/www.balticmedia.com\/it\/wp-json\/wp\/v2\/pages\/34668","targetHints":{"allow":["GET"]}}],"collection":[{"href":"https:\/\/www.balticmedia.com\/it\/wp-json\/wp\/v2\/pages"}],"about":[{"href":"https:\/\/www.balticmedia.com\/it\/wp-json\/wp\/v2\/types\/page"}],"author":[{"embeddable":true,"href":"https:\/\/www.balticmedia.com\/it\/wp-json\/wp\/v2\/users\/2"}],"replies":[{"embeddable":true,"href":"https:\/\/www.balticmedia.com\/it\/wp-json\/wp\/v2\/comments?post=34668"}],"version-history":[{"count":7,"href":"https:\/\/www.balticmedia.com\/it\/wp-json\/wp\/v2\/pages\/34668\/revisions"}],"predecessor-version":[{"id":136993,"href":"https:\/\/www.balticmedia.com\/it\/wp-json\/wp\/v2\/pages\/34668\/revisions\/136993"}],"up":[{"embeddable":true,"href":"https:\/\/www.balticmedia.com\/it\/wp-json\/wp\/v2\/pages\/16188"}],"wp:featuredmedia":[{"embeddable":true,"href":"https:\/\/www.balticmedia.com\/it\/wp-json\/wp\/v2\/media\/136854"}],"wp:attachment":[{"href":"https:\/\/www.balticmedia.com\/it\/wp-json\/wp\/v2\/media?parent=34668"}],"curies":[{"name":"wp","href":"https:\/\/api.w.org\/{rel}","templated":true}]}}