{"id":28587,"date":"2021-01-30T12:07:58","date_gmt":"2021-01-30T10:07:58","guid":{"rendered":"https:\/\/www.balticmedia.com\/chi-siamo\/our-story\/"},"modified":"2025-02-24T21:01:43","modified_gmt":"2025-02-24T19:01:43","slug":"la-nostra-storia","status":"publish","type":"page","link":"https:\/\/www.balticmedia.com\/it\/servizi-di-traduzione\/la-nostra-storia\/","title":{"rendered":"La nostra Storia"},"content":{"rendered":"<div id=\"pl-28587\"  class=\"panel-layout\" ><div id=\"pg-28587-0\"  class=\"panel-grid panel-no-style\" ><div id=\"pgc-28587-0-0\"  class=\"panel-grid-cell\" ><div id=\"panel-28587-0-0-0\" class=\"so-panel widget widget_sow-image panel-first-child panel-last-child widgetopts-SO\" data-index=\"0\" ><div\n\t\t\t\n\t\t\tclass=\"so-widget-sow-image so-widget-sow-image-default-8b5b6f678277-28587\"\n\t\t\t\n\t\t>\n<div class=\"sow-image-container\">\n\t\t<img src=\"https:\/\/i0.wp.com\/www.balticmedia.com\/wp-content\/uploads\/1about_us-scaled-1.jpg?fit=2560%2C549&amp;ssl=1\" width=\"2560\" height=\"549\" srcset=\"https:\/\/i0.wp.com\/www.balticmedia.com\/wp-content\/uploads\/1about_us-scaled-1.jpg?w=2560&amp;ssl=1 2560w, https:\/\/i0.wp.com\/www.balticmedia.com\/wp-content\/uploads\/1about_us-scaled-1.jpg?resize=300%2C64&amp;ssl=1 300w, https:\/\/i0.wp.com\/www.balticmedia.com\/wp-content\/uploads\/1about_us-scaled-1.jpg?resize=1024%2C220&amp;ssl=1 1024w, https:\/\/i0.wp.com\/www.balticmedia.com\/wp-content\/uploads\/1about_us-scaled-1.jpg?resize=768%2C165&amp;ssl=1 768w, https:\/\/i0.wp.com\/www.balticmedia.com\/wp-content\/uploads\/1about_us-scaled-1.jpg?resize=1536%2C329&amp;ssl=1 1536w, https:\/\/i0.wp.com\/www.balticmedia.com\/wp-content\/uploads\/1about_us-scaled-1.jpg?resize=2048%2C439&amp;ssl=1 2048w, https:\/\/i0.wp.com\/www.balticmedia.com\/wp-content\/uploads\/1about_us-scaled-1.jpg?w=2400&amp;ssl=1 2400w\" title=\"La nostra Storia\" alt=\"La nostra Storia\" class=\"so-widget-image\">\n\t<\/div>\n\n<\/div><\/div><\/div><\/div><div id=\"pg-28587-1\"  class=\"panel-grid panel-no-style\" ><div id=\"pgc-28587-1-0\"  class=\"panel-grid-cell\" ><div id=\"panel-28587-1-0-0\" class=\"so-panel widget widget_sow-editor panel-first-child extendedwopts-hide extendedwopts-tablet extendedwopts-mobile widgetopts-SO\" data-index=\"1\" ><div\n\t\t\t\n\t\t\tclass=\"so-widget-sow-editor so-widget-sow-editor-base\"\n\t\t\t\n\t\t>\n<div class=\"siteorigin-widget-tinymce textwidget\">\n\t<pre><form aria-label=\"Search this website\" role=\"search\" method=\"get\" class=\"oceanwp-searchform\" id=\"searchform\" action=\"https:\/\/www.balticmedia.com\/it\/\"><input aria-label=\"Insert search query\" type=\"text\" class=\"field\" name=\"s\" id=\"s\" placeholder=\"Search\"><button aria-label=\"Submit your search\" type=\"submit\" class=\"search-submit\" value=\"\"><i class=\"icon-magnifier\" aria-hidden=\"true\"><\/i><\/button><\/form><\/pre>\n<\/div>\n<\/div><\/div><div id=\"panel-28587-1-0-1\" class=\"so-panel widget widget_ocean_custom_menu widget-oceanwp-custom-menu custom-menu-widget extendedwopts-hide extendedwopts-tablet extendedwopts-mobile widgetopts-SO\" data-index=\"2\" ><div class=\"oceanwp-custom-menu clr ocean_custom_menu-2 left dropdown-hover\"><ul id=\"menu-chi-siamo-about-us\" class=\"dropdown-menu sf-menu\"><li  id=\"menu-item-41218\" class=\"menu-item menu-item-type-post_type menu-item-object-page menu-item-41218\"><a href=\"https:\/\/www.balticmedia.com\/it\/servizi-di-traduzione\/\" class=\"menu-link\">Servizi di traduzione<\/a><\/li>\n<li  id=\"menu-item-41219\" class=\"menu-item menu-item-type-post_type menu-item-object-page menu-item-41219\"><a href=\"https:\/\/www.balticmedia.com\/it\/cose-unagenzia-di-traduzione\/\" class=\"menu-link\">Cos\u2019\u00e8 un\u2019agenzia di traduzione?<\/a><\/li>\n<li  id=\"menu-item-102963\" class=\"menu-item menu-item-type-post_type menu-item-object-page menu-item-102963\"><a href=\"https:\/\/www.balticmedia.com\/it\/traduzione-umana\/\" class=\"menu-link\">Traduzione umana &#8211; Il miglior traduttore<\/a><\/li>\n<li  id=\"menu-item-41221\" class=\"menu-item menu-item-type-post_type menu-item-object-page menu-item-41221\"><a href=\"https:\/\/www.balticmedia.com\/it\/servizi-di-traduzione\/il-nostro-team\/\" class=\"menu-link\">Il nostro team<\/a><\/li>\n<li  id=\"menu-item-41223\" class=\"menu-item menu-item-type-post_type menu-item-object-page menu-item-41223\"><a href=\"https:\/\/www.balticmedia.com\/it\/servizi-di-traduzione\/la-nostra-storia\/\" class=\"menu-link\">La nostra Storia<\/a><\/li>\n<li  id=\"menu-item-102917\" class=\"menu-item menu-item-type-post_type menu-item-object-page menu-item-102917\"><a href=\"https:\/\/www.balticmedia.com\/it\/servizi-di-traduzione\/valori\/\" class=\"menu-link\">Valori<\/a><\/li>\n<li  id=\"menu-item-41224\" class=\"menu-item menu-item-type-post_type menu-item-object-page menu-item-41224\"><a href=\"https:\/\/www.balticmedia.com\/it\/servizi-di-traduzione\/perche-scegliere-baltic-media\/\" class=\"menu-link\">Perch\u00e9 scegliere l&#8217;agenzia di traduzione Baltic Media?<\/a><\/li>\n<li  id=\"menu-item-41225\" class=\"menu-item menu-item-type-post_type menu-item-object-page menu-item-41225\"><a href=\"https:\/\/www.balticmedia.com\/it\/servizi-di-traduzione\/processo-di-traduzione\/\" class=\"menu-link\">Processo di traduzione<\/a><\/li>\n<li  id=\"menu-item-41220\" class=\"menu-item menu-item-type-post_type menu-item-object-page menu-item-41220\"><a href=\"https:\/\/www.balticmedia.com\/it\/servizi-di-traduzione\/formazione-personale-alla-traduzione\/\" class=\"menu-link\">Formazione personale alla traduzione (EN)<\/a><\/li>\n<li  id=\"menu-item-41222\" class=\"menu-item menu-item-type-post_type menu-item-object-page menu-item-41222\"><a href=\"https:\/\/www.balticmedia.com\/it\/servizi-di-traduzione\/informativa-sulla-privacy\/\" class=\"menu-link\">Informativa sulla privacy (EN)<\/a><\/li>\n<li  id=\"menu-item-41226\" class=\"menu-item menu-item-type-post_type menu-item-object-page menu-item-41226\"><a href=\"https:\/\/www.balticmedia.com\/it\/servizi-di-traduzione\/termini-e-condizioni-di-servizio\/\" class=\"menu-link\">Termini e condizioni di servizio (EN)<\/a><\/li>\n<li  id=\"menu-item-79205\" class=\"menu-item menu-item-type-post_type menu-item-object-page menu-item-79205\"><a href=\"https:\/\/www.balticmedia.com\/it\/servizi-di-traduzione\/torna-alla-nostra-storia\/\" class=\"menu-link\">Torna alla nostra storia<\/a><\/li>\n<\/ul><\/div><\/div><div id=\"panel-28587-1-0-2\" class=\"so-panel widget widget_ocean_custom_menu widget-oceanwp-custom-menu custom-menu-widget panel-last-child widgetopts-SO\" data-index=\"3\" ><div class=\"oceanwp-custom-menu clr ocean_custom_menu-2 left dropdown-hover\"><ul id=\"menu-partner-it\" class=\"dropdown-menu sf-menu\"><li  id=\"menu-item-14920\" class=\"menu-item menu-item-type-custom menu-item-object-custom menu-item-14920\"><a target=\"_blank\" href=\"https:\/\/balticmedia.s.xtrf.eu\/vendors\/#\/sign-in\" class=\"menu-link\" rel=\"nofollow noopener\"><i class=\"icon before line-icon icon-briefcase\" aria-hidden=\"true\" style=\"font-size:2em;\"><\/i><span class=\"menu-text\">Portale collaboratori<\/span><\/a><\/li>\n<li  id=\"menu-item-14921\" class=\"menu-item menu-item-type-custom menu-item-object-custom menu-item-14921\"><a target=\"_blank\" href=\"https:\/\/www.balticmedia.com\/wp-content\/uploads\/11-Reasons-to-Choose-Baltic-Media-2026.pdf\" class=\"menu-link\"><i class=\"icon before line-icon icon-people\" aria-hidden=\"true\" style=\"font-size:2em;\"><\/i><span class=\"menu-text\">Profilo aziendale<\/span><\/a><\/li>\n<li  id=\"menu-item-14922\" class=\"menu-item menu-item-type-custom menu-item-object-custom menu-item-14922\"><a target=\"_blank\" href=\"https:\/\/www.balticmedia.com\/wp-content\/uploads\/agenzia-traduzioni-it.pdf\" class=\"menu-link\"><i class=\"icon before line-icon icon-organization\" aria-hidden=\"true\" style=\"font-size:2em;\"><\/i><span class=\"menu-text\">Traduzione. Fase per fase<\/span><\/a><\/li>\n<li  id=\"menu-item-14923\" class=\"menu-item menu-item-type-custom menu-item-object-custom menu-item-14923\"><a target=\"_blank\" href=\"https:\/\/www.balticmedia.com\/wp-content\/uploads\/Baltic-Media-Ltd.-Service-Terms-and-Conditions.pdf\" class=\"menu-link\"><i class=\"icon before line-icon icon-docs\" aria-hidden=\"true\" style=\"font-size:2em;\"><\/i><span class=\"menu-text\">Termini e condizioni di servizio (EN)<\/span><\/a><\/li>\n<li  id=\"menu-item-14924\" class=\"menu-item menu-item-type-custom menu-item-object-custom menu-item-14924\"><a target=\"_blank\" href=\"https:\/\/www.balticmedia.com\/wp-content\/uploads\/iSO-certificate-2023.png\" class=\"menu-link\"><i class=\"icon before line-icon icon-doc\" aria-hidden=\"true\" style=\"font-size:2em;\"><\/i><span class=\"menu-text\">ISO 9001:2015 Quality Certification<\/span><\/a><\/li>\n<li  id=\"menu-item-14925\" class=\"menu-item menu-item-type-custom menu-item-object-custom menu-item-14925\"><a href=\"https:\/\/www.balticmedia.com\/wp-content\/uploads\/362531_copyrighttrademarkbalticmedia.pdf\" class=\"menu-link\"><i class=\"icon before line-icon icon-info\" aria-hidden=\"true\" style=\"font-size:2em;\"><\/i><span class=\"menu-text\">Copyright | Trademark Baltic Media<sup>\u00ae<\/sup><\/span><\/a><\/li>\n<\/ul><\/div><\/div><\/div><div id=\"pgc-28587-1-1\"  class=\"panel-grid-cell\" ><div id=\"panel-28587-1-1-0\" class=\"so-panel widget widget_sow-editor panel-first-child widgetopts-hide_title widgetopts-SO\" data-index=\"4\" ><div\n\t\t\t\n\t\t\tclass=\"so-widget-sow-editor so-widget-sow-editor-base\"\n\t\t\t\n\t\t><h3 class=\"widget-title\">La nostra Storia: 30 anni di Esperienza | Vostro partner in lingue scandinave, baltiche e dell\u2019Europa Est\u00a0|\u00a0Agenzia di traduzioni Baltic Media | Traduttore professionale<\/h3>\n<div class=\"siteorigin-widget-tinymce textwidget\">\n\t<h1><strong>La nostra Storia: 30 anni di Esperienza <\/strong><\/h1>\n<h2>Vostro partner in lingue scandinave, baltiche e dell\u2019Europa Est\u00a0|\u00a0Agenzia di traduzioni Baltic Media | Traduttore professionale<\/h2>\n<p>La societ\u00e0 Baltikumspecialisten Sangun Veinberg, la cui ragione sociale \u00e8 stata in seguito modificata in Baltic Media, \u00e8 stata fondata all'inizio degli anni '90 a Stoccolma da\u00a0<strong>Guntar e Sandra Veinberg<\/strong>, linguisti madrelingua con una laurea in comunicazione linguistica e interculturale.<\/p>\n<p><iframe loading=\"lazy\" src=\"https:\/\/www.youtube.com\/embed\/5VVAOnOFc-c\" width=\"560\" height=\"315\" frameborder=\"0\" allowfullscreen=\"allowfullscreen\" data-mce-fragment=\"1\"><\/iframe><\/p>\n<p>La societ\u00e0 ha assistito le istituzioni governative e aziende dei Paesi Baltici e del Nord Europa nelle loro esigenze di\u00a0<strong>comunicazione, traduzione, interpretazione e localizzazione<\/strong>\u00a0da e verso lingue dei paesi intorno al Mar Baltico dalla fine del regime comunista in Europa in poi.<\/p>\n<p><iframe loading=\"lazy\" src=\"https:\/\/www.youtube.com\/embed\/v1QvNwqmztQ\" width=\"560\" height=\"350\" frameborder=\"0\" scrolling=\"no\" allowfullscreen=\"allowfullscreen\" data-mce-fragment=\"1\"><\/iframe><\/p>\n<p>Il primo strumento di lavoro di Baltic Media \u00e8 stato il computer Macintosh SE, inventato da Steve Jobs e prodotto da Apple, che ha dato vita a una nuova era delle tecnologie della comunicazione.<\/p>\n<p>L'agenzia di traduzioni Baltic Media Ltd \u00e8 un fornitore\u00a0<strong>leader di servizi di traduzione e localizzazione del Nord Europa<\/strong>, che offre alle aziende una vasta gamma di servizi di traduzioni professionali in pi\u00f9 di 150 lingue dal 1991.<\/p>\n<\/div>\n<\/div><\/div><div id=\"panel-28587-1-1-1\" class=\"so-panel widget widget_sow-image-grid widgetopts-SO\" data-index=\"5\" ><div\n\t\t\t\n\t\t\tclass=\"so-widget-sow-image-grid so-widget-sow-image-grid-default-3fbf13dff59f-28587\"\n\t\t\t\n\t\t>\t<div\n\t\tclass=\"sow-image-grid-wrapper\"\n\t\t\t\t\t>\n\t\t\t\t\t<div class=\"sow-image-grid-image\">\n\t\t\t\t\t\t\t\t\t\t\t\t<img loading=\"lazy\" decoding=\"async\" width=\"300\" height=\"120\" src=\"https:\/\/i0.wp.com\/www.balticmedia.com\/wp-content\/uploads\/logo_ar_globusu_stillbild_garena.png?fit=300%2C120&amp;ssl=1\" class=\"sow-image-grid-image_html\" alt=\"Baltic Media&lt;sup&gt;\u00ae&lt;\/sup&gt;&quot;\" title=\"\">\t\t\t\t\t\t\t\t\t\t\t<\/div>\n\t\t\t\t\t<div class=\"sow-image-grid-image\">\n\t\t\t\t\t\t\t\t\t\t\t\t<img loading=\"lazy\" decoding=\"async\" width=\"300\" height=\"82\" src=\"https:\/\/i0.wp.com\/www.balticmedia.com\/wp-content\/uploads\/BM-logo-328x90-web-2-e1732657723740.jpg?fit=300%2C82&amp;ssl=1\" class=\"sow-image-grid-image_html\" alt=\"Baltic Media&lt;sup&gt;\u00ae&lt;\/sup&gt;&quot;\" title=\"technical translation services\">\t\t\t\t\t\t\t\t\t\t\t<\/div>\n\t\t\t\t\t<div class=\"sow-image-grid-image\">\n\t\t\t\t\t\t\t\t\t\t\t\t<img loading=\"lazy\" decoding=\"async\" width=\"300\" height=\"226\" src=\"https:\/\/i0.wp.com\/www.balticmedia.com\/wp-content\/uploads\/20050117_095228.jpg?fit=300%2C226&amp;ssl=1\" class=\"sow-image-grid-image_html\" alt=\"Baltic Media Team&quot;\" title=\"20050117_09.52.28\" srcset=\"https:\/\/i0.wp.com\/www.balticmedia.com\/wp-content\/uploads\/20050117_095228.jpg?w=1024&amp;ssl=1 1024w, https:\/\/i0.wp.com\/www.balticmedia.com\/wp-content\/uploads\/20050117_095228.jpg?resize=300%2C226&amp;ssl=1 300w, https:\/\/i0.wp.com\/www.balticmedia.com\/wp-content\/uploads\/20050117_095228.jpg?resize=768%2C579&amp;ssl=1 768w\" sizes=\"auto, (max-width: 300px) 100vw, 300px\">\t\t\t\t\t\t\t\t\t\t\t<\/div>\n\t\t\t\t\t<div class=\"sow-image-grid-image\">\n\t\t\t\t\t\t\t\t\t\t\t\t<img loading=\"lazy\" decoding=\"async\" width=\"300\" height=\"199\" src=\"https:\/\/i0.wp.com\/www.balticmedia.com\/wp-content\/uploads\/baltic_media_komanda_2009.jpg?fit=300%2C199&amp;ssl=1\" class=\"sow-image-grid-image_html\" alt=\"Baltic Media Team&quot;\" title=\"\" srcset=\"https:\/\/i0.wp.com\/www.balticmedia.com\/wp-content\/uploads\/baltic_media_komanda_2009.jpg?w=2240&amp;ssl=1 2240w, https:\/\/i0.wp.com\/www.balticmedia.com\/wp-content\/uploads\/baltic_media_komanda_2009.jpg?resize=300%2C199&amp;ssl=1 300w, https:\/\/i0.wp.com\/www.balticmedia.com\/wp-content\/uploads\/baltic_media_komanda_2009.jpg?resize=1024%2C680&amp;ssl=1 1024w, https:\/\/i0.wp.com\/www.balticmedia.com\/wp-content\/uploads\/baltic_media_komanda_2009.jpg?resize=768%2C510&amp;ssl=1 768w, https:\/\/i0.wp.com\/www.balticmedia.com\/wp-content\/uploads\/baltic_media_komanda_2009.jpg?resize=1536%2C1020&amp;ssl=1 1536w, https:\/\/i0.wp.com\/www.balticmedia.com\/wp-content\/uploads\/baltic_media_komanda_2009.jpg?resize=2048%2C1360&amp;ssl=1 2048w\" sizes=\"auto, (max-width: 300px) 100vw, 300px\">\t\t\t\t\t\t\t\t\t\t\t<\/div>\n\t\t\t\t\t<div class=\"sow-image-grid-image\">\n\t\t\t\t\t\t\t\t\t\t\t\t<img loading=\"lazy\" decoding=\"async\" width=\"300\" height=\"199\" src=\"https:\/\/i0.wp.com\/www.balticmedia.com\/wp-content\/uploads\/seminars_klaipeda-scaled.jpg?fit=300%2C199&amp;ssl=1\" class=\"sow-image-grid-image_html\" alt=\"Klaipeda&quot;\" title=\"seminars_klaipeda\" srcset=\"https:\/\/i0.wp.com\/www.balticmedia.com\/wp-content\/uploads\/seminars_klaipeda-scaled.jpg?w=2560&amp;ssl=1 2560w, https:\/\/i0.wp.com\/www.balticmedia.com\/wp-content\/uploads\/seminars_klaipeda-scaled.jpg?resize=300%2C199&amp;ssl=1 300w, https:\/\/i0.wp.com\/www.balticmedia.com\/wp-content\/uploads\/seminars_klaipeda-scaled.jpg?resize=1024%2C681&amp;ssl=1 1024w, https:\/\/i0.wp.com\/www.balticmedia.com\/wp-content\/uploads\/seminars_klaipeda-scaled.jpg?resize=768%2C511&amp;ssl=1 768w, https:\/\/i0.wp.com\/www.balticmedia.com\/wp-content\/uploads\/seminars_klaipeda-scaled.jpg?resize=1536%2C1021&amp;ssl=1 1536w, https:\/\/i0.wp.com\/www.balticmedia.com\/wp-content\/uploads\/seminars_klaipeda-scaled.jpg?resize=2048%2C1362&amp;ssl=1 2048w, https:\/\/i0.wp.com\/www.balticmedia.com\/wp-content\/uploads\/seminars_klaipeda-scaled.jpg?w=2400&amp;ssl=1 2400w\" sizes=\"auto, (max-width: 300px) 100vw, 300px\">\t\t\t\t\t\t\t\t\t\t\t<\/div>\n\t\t\t\t\t<div class=\"sow-image-grid-image\">\n\t\t\t\t\t\t\t\t\t\t\t\t<img loading=\"lazy\" decoding=\"async\" width=\"300\" height=\"222\" src=\"https:\/\/i0.wp.com\/www.balticmedia.com\/wp-content\/uploads\/baltic_media_2014.jpg?fit=300%2C222&amp;ssl=1\" class=\"sow-image-grid-image_html\" alt=\"Baltic Media Christmas 2014&quot;\" title=\"\" srcset=\"https:\/\/i0.wp.com\/www.balticmedia.com\/wp-content\/uploads\/baltic_media_2014.jpg?w=1644&amp;ssl=1 1644w, https:\/\/i0.wp.com\/www.balticmedia.com\/wp-content\/uploads\/baltic_media_2014.jpg?resize=300%2C222&amp;ssl=1 300w, https:\/\/i0.wp.com\/www.balticmedia.com\/wp-content\/uploads\/baltic_media_2014.jpg?resize=1024%2C757&amp;ssl=1 1024w, https:\/\/i0.wp.com\/www.balticmedia.com\/wp-content\/uploads\/baltic_media_2014.jpg?resize=768%2C568&amp;ssl=1 768w, https:\/\/i0.wp.com\/www.balticmedia.com\/wp-content\/uploads\/baltic_media_2014.jpg?resize=1536%2C1135&amp;ssl=1 1536w\" sizes=\"auto, (max-width: 300px) 100vw, 300px\">\t\t\t\t\t\t\t\t\t\t\t<\/div>\n\t\t\t<\/div>\n<\/div><\/div><div id=\"panel-28587-1-1-2\" class=\"so-panel widget widget_sow-editor panel-last-child widgetopts-SO\" data-index=\"6\" ><div\n\t\t\t\n\t\t\tclass=\"so-widget-sow-editor so-widget-sow-editor-base\"\n\t\t\t\n\t\t>\n<div class=\"siteorigin-widget-tinymce textwidget\">\n\t<p>I nostri servizi comprendono oltre\u00a0<strong>150 lingue<\/strong>\u00a0per la traduzione di documenti, per entrare nei mercati mondiali con prodotti e servizi localizzati di qualit\u00e0 elevata che soddisfano i \u00a0requisiti linguistici e di funzionalit\u00e0 dei clienti a livello locale.<\/p>\n<p>Aiutiamo le societ\u00e0 del Nord Europa a inserirsi nei mercati mondiali. Aiutiamo le societ\u00e0 internazionali e globali a inserirsi nei mercati europei dei paesi intorno al\u00a0<strong>Mar Baltico e del Nord Europa<\/strong>.<\/p>\n<p>Se si desidera, inviare un'e-mail all'indirizzo\u00a0<a href=\"mailto:info@balticmedia.com\">info@balticmedia.com<\/a>, trasmettendo la richiesta di preventivo o altra richiesta, ecc.<\/p>\n<p><iframe loading=\"lazy\" title=\"YouTube video player\" src=\"https:\/\/www.youtube.com\/embed\/2-m4XAqTCT0\" width=\"600\" height=\"450\" frameborder=\"0\" allowfullscreen=\"allowfullscreen\"><\/iframe><\/p>\n<h3><a href=\"\/it\/chi-siamo\/perche-scegliere-baltic-media\/\">Perch\u00e9 scegliere l\u2019agenzia di traduzione nordico-baltica Baltic Media<sup>\u00ae<\/sup>?<\/a><\/h3>\n<h3><a href=\"\/it\/prezzo\/\">Come ridurre i costi di traduzione senza sacrificarne la qualit\u00e0<\/a><\/h3>\n<h3><a href=\"\/it\/chi-siamo\/traduzione-umana\/\">Perch\u00e9 i servizi di traduzione umana sono la soluzione ideale per te?<\/a><\/h3>\n<h3><a href=\"https:\/\/www.balticmedia.com\/it\/servizi-di-traduzione-globale\/traduzione-automatica\/\">Puoi tradurre testi usando Google, Bing, Microsoft, Tilde, Yandex e affidarcene la revisione!<\/a><\/h3>\n<h3><a href=\"https:\/\/www.balticmedia.com\/it\/prezzo-quota\/\">Richiedi un preventivo gratuito<\/a><\/h3>\n<h3><a href=\"https:\/\/www.balticmedia.com\/it\/richiesta-di-informazioni\/\">Richiedi informazioni<\/a><\/h3>\n<h3><a href=\"mailto:info@balticmedia.com\">E-mail<\/a><\/h3>\n<\/div>\n<\/div><\/div><\/div><\/div><\/div>","protected":false},"excerpt":{"rendered":"<p>La nostra Storia: 30 anni di Esperienza Vostro partner in lingue scandinave, baltiche e dell\u2019Europa Est\u00a0|\u00a0Agenzia di traduzioni Baltic Media | Traduttore professionale La societ\u00e0 Baltikumspecialisten Sangun Veinberg, la cui ragione sociale \u00e8 stata in seguito modificata in Baltic Media, \u00e8 stata fondata all&#8217;inizio degli anni &#8217;90 a Stoccolma da\u00a0Guntar e Sandra Veinberg, linguisti madrelingua [&hellip;]<\/p>\n","protected":false},"author":2,"featured_media":129082,"parent":16018,"menu_order":0,"comment_status":"closed","ping_status":"closed","template":"","meta":{"ocean_post_layout":"","ocean_both_sidebars_style":"","ocean_both_sidebars_content_width":0,"ocean_both_sidebars_sidebars_width":0,"ocean_sidebar":"0","ocean_second_sidebar":"0","ocean_disable_margins":"enable","ocean_add_body_class":"","ocean_shortcode_before_top_bar":"","ocean_shortcode_after_top_bar":"","ocean_shortcode_before_header":"","ocean_shortcode_after_header":"","ocean_has_shortcode":"","ocean_shortcode_after_title":"","ocean_shortcode_before_footer_widgets":"","ocean_shortcode_after_footer_widgets":"","ocean_shortcode_before_footer_bottom":"","ocean_shortcode_after_footer_bottom":"","ocean_display_top_bar":"default","ocean_display_header":"default","ocean_header_style":"","ocean_center_header_left_menu":"0","ocean_custom_header_template":"0","ocean_custom_logo":0,"ocean_custom_retina_logo":0,"ocean_custom_logo_max_width":0,"ocean_custom_logo_tablet_max_width":0,"ocean_custom_logo_mobile_max_width":0,"ocean_custom_logo_max_height":0,"ocean_custom_logo_tablet_max_height":0,"ocean_custom_logo_mobile_max_height":0,"ocean_header_custom_menu":"0","ocean_menu_typo_font_family":"0","ocean_menu_typo_font_subset":"","ocean_menu_typo_font_size":0,"ocean_menu_typo_font_size_tablet":0,"ocean_menu_typo_font_size_mobile":0,"ocean_menu_typo_font_size_unit":"px","ocean_menu_typo_font_weight":"","ocean_menu_typo_font_weight_tablet":"","ocean_menu_typo_font_weight_mobile":"","ocean_menu_typo_transform":"","ocean_menu_typo_transform_tablet":"","ocean_menu_typo_transform_mobile":"","ocean_menu_typo_line_height":0,"ocean_menu_typo_line_height_tablet":0,"ocean_menu_typo_line_height_mobile":0,"ocean_menu_typo_line_height_unit":"","ocean_menu_typo_spacing":0,"ocean_menu_typo_spacing_tablet":0,"ocean_menu_typo_spacing_mobile":0,"ocean_menu_typo_spacing_unit":"","ocean_menu_link_color":"","ocean_menu_link_color_hover":"","ocean_menu_link_color_active":"","ocean_menu_link_background":"","ocean_menu_link_hover_background":"","ocean_menu_link_active_background":"","ocean_menu_social_links_bg":"","ocean_menu_social_hover_links_bg":"","ocean_menu_social_links_color":"","ocean_menu_social_hover_links_color":"","ocean_disable_title":"default","ocean_disable_heading":"default","ocean_post_title":"","ocean_post_subheading":"","ocean_post_title_style":"","ocean_post_title_background_color":"","ocean_post_title_background":0,"ocean_post_title_bg_image_position":"","ocean_post_title_bg_image_attachment":"","ocean_post_title_bg_image_repeat":"","ocean_post_title_bg_image_size":"","ocean_post_title_height":0,"ocean_post_title_bg_overlay":0.5,"ocean_post_title_bg_overlay_color":"","ocean_disable_breadcrumbs":"default","ocean_breadcrumbs_color":"","ocean_breadcrumbs_separator_color":"","ocean_breadcrumbs_links_color":"","ocean_breadcrumbs_links_hover_color":"","ocean_display_footer_widgets":"default","ocean_display_footer_bottom":"default","ocean_custom_footer_template":"0","ofc_meta_disable_footer_callout":"","ofc_meta_callout_button_url":"","ofc_meta_callout_button_txt":"","ofc_meta_callout_text":"","osh_disable_topbar_sticky":"default","osh_disable_header_sticky":"default","osh_sticky_header_style":"default","osh_sticky_header_effect":"","osh_custom_sticky_logo":0,"osh_custom_retina_sticky_logo":0,"osh_custom_sticky_logo_height":0,"osh_background_color":"","osh_links_color":"","osh_links_hover_color":"","osh_links_active_color":"","osh_links_bg_color":"","osh_links_hover_bg_color":"","osh_links_active_bg_color":"","osh_menu_social_links_color":"","osh_menu_social_hover_links_color":"","footnotes":""},"class_list":["post-28587","page","type-page","status-publish","has-post-thumbnail","hentry","entry","has-media"],"jetpack_sharing_enabled":true,"jetpack_likes_enabled":true,"jetpack-related-posts":[],"jetpack_shortlink":"https:\/\/wp.me\/Pe7Cu3-7r5","_links":{"self":[{"href":"https:\/\/www.balticmedia.com\/it\/wp-json\/wp\/v2\/pages\/28587","targetHints":{"allow":["GET"]}}],"collection":[{"href":"https:\/\/www.balticmedia.com\/it\/wp-json\/wp\/v2\/pages"}],"about":[{"href":"https:\/\/www.balticmedia.com\/it\/wp-json\/wp\/v2\/types\/page"}],"author":[{"embeddable":true,"href":"https:\/\/www.balticmedia.com\/it\/wp-json\/wp\/v2\/users\/2"}],"replies":[{"embeddable":true,"href":"https:\/\/www.balticmedia.com\/it\/wp-json\/wp\/v2\/comments?post=28587"}],"version-history":[{"count":6,"href":"https:\/\/www.balticmedia.com\/it\/wp-json\/wp\/v2\/pages\/28587\/revisions"}],"predecessor-version":[{"id":137163,"href":"https:\/\/www.balticmedia.com\/it\/wp-json\/wp\/v2\/pages\/28587\/revisions\/137163"}],"up":[{"embeddable":true,"href":"https:\/\/www.balticmedia.com\/it\/wp-json\/wp\/v2\/pages\/16018"}],"wp:featuredmedia":[{"embeddable":true,"href":"https:\/\/www.balticmedia.com\/it\/wp-json\/wp\/v2\/media\/129082"}],"wp:attachment":[{"href":"https:\/\/www.balticmedia.com\/it\/wp-json\/wp\/v2\/media?parent=28587"}],"curies":[{"name":"wp","href":"https:\/\/api.w.org\/{rel}","templated":true}]}}