{"id":24507,"date":"2021-01-15T16:49:30","date_gmt":"2021-01-15T14:49:30","guid":{"rendered":"https:\/\/www.balticmedia.com\/prezzo\/translation-rates-and-prices\/"},"modified":"2025-02-14T22:48:29","modified_gmt":"2025-02-14T20:48:29","slug":"prezzo-della-traduzione","status":"publish","type":"page","link":"https:\/\/www.balticmedia.com\/it\/costi-di-traduzione\/prezzo-della-traduzione\/","title":{"rendered":"Prezzo della traduzione"},"content":{"rendered":"<div id=\"pl-24507\"  class=\"panel-layout\" ><div id=\"pg-24507-0\"  class=\"panel-grid panel-no-style\" ><div id=\"pgc-24507-0-0\"  class=\"panel-grid-cell\" ><div id=\"panel-24507-0-0-0\" class=\"so-panel widget widget_sow-image panel-first-child panel-last-child widgetopts-SO\" data-index=\"0\" ><div\n\t\t\t\n\t\t\tclass=\"so-widget-sow-image so-widget-sow-image-default-8b5b6f678277-24507\"\n\t\t\t\n\t\t>\n<div class=\"sow-image-container\">\n\t\t<img src=\"https:\/\/i0.wp.com\/www.balticmedia.com\/wp-content\/uploads\/4price_and_quality-scaled.jpg?fit=2560%2C549&amp;ssl=1\" width=\"2560\" height=\"549\" srcset=\"https:\/\/i0.wp.com\/www.balticmedia.com\/wp-content\/uploads\/4price_and_quality-scaled.jpg?w=2560&amp;ssl=1 2560w, https:\/\/i0.wp.com\/www.balticmedia.com\/wp-content\/uploads\/4price_and_quality-scaled.jpg?resize=300%2C64&amp;ssl=1 300w, https:\/\/i0.wp.com\/www.balticmedia.com\/wp-content\/uploads\/4price_and_quality-scaled.jpg?resize=1024%2C219&amp;ssl=1 1024w, https:\/\/i0.wp.com\/www.balticmedia.com\/wp-content\/uploads\/4price_and_quality-scaled.jpg?resize=768%2C165&amp;ssl=1 768w, https:\/\/i0.wp.com\/www.balticmedia.com\/wp-content\/uploads\/4price_and_quality-scaled.jpg?resize=1536%2C329&amp;ssl=1 1536w, https:\/\/i0.wp.com\/www.balticmedia.com\/wp-content\/uploads\/4price_and_quality-scaled.jpg?resize=2048%2C439&amp;ssl=1 2048w, https:\/\/i0.wp.com\/www.balticmedia.com\/wp-content\/uploads\/4price_and_quality-scaled.jpg?w=2400&amp;ssl=1 2400w\" title=\"Prezzo della traduzione\" alt=\"Prezzo della traduzione\" class=\"so-widget-image\">\n\t<\/div>\n\n<\/div><\/div><\/div><\/div><div id=\"pg-24507-1\"  class=\"panel-grid panel-no-style\" ><div id=\"pgc-24507-1-0\"  class=\"panel-grid-cell\" ><div id=\"panel-24507-1-0-0\" class=\"so-panel widget widget_sow-editor panel-first-child extendedwopts-hide extendedwopts-tablet extendedwopts-mobile widgetopts-SO\" data-index=\"1\" ><div\n\t\t\t\n\t\t\tclass=\"so-widget-sow-editor so-widget-sow-editor-base\"\n\t\t\t\n\t\t>\n<div class=\"siteorigin-widget-tinymce textwidget\">\n\t<pre><form aria-label=\"Search this website\" role=\"search\" method=\"get\" class=\"oceanwp-searchform\" id=\"searchform\" action=\"https:\/\/www.balticmedia.com\/it\/\"><input aria-label=\"Insert search query\" type=\"text\" class=\"field\" name=\"s\" id=\"s\" placeholder=\"Search\"><button aria-label=\"Submit your search\" type=\"submit\" class=\"search-submit\" value=\"\"><i class=\"icon-magnifier\" aria-hidden=\"true\"><\/i><\/button><\/form><\/pre>\n<\/div>\n<\/div><\/div><div id=\"panel-24507-1-0-1\" class=\"so-panel widget widget_ocean_custom_menu widget-oceanwp-custom-menu custom-menu-widget extendedwopts-hide extendedwopts-tablet extendedwopts-mobile widgetopts-SO\" data-index=\"2\" ><div class=\"oceanwp-custom-menu clr ocean_custom_menu-2 left dropdown-hover\"><ul id=\"menu-prices-it\" class=\"dropdown-menu sf-menu\"><li  id=\"menu-item-49528\" class=\"menu-item menu-item-type-post_type menu-item-object-page menu-item-49528\"><a href=\"https:\/\/www.balticmedia.com\/it\/costi-di-traduzione\/\" class=\"menu-link\">Costi di traduzione<\/a><\/li>\n<li  id=\"menu-item-49533\" class=\"menu-item menu-item-type-post_type menu-item-object-page menu-item-49533\"><a href=\"https:\/\/www.balticmedia.com\/it\/costi-di-traduzione\/prezzo-della-traduzione\/\" class=\"menu-link\">Prezzo della traduzione<\/a><\/li>\n<li  id=\"menu-item-49530\" class=\"menu-item menu-item-type-post_type menu-item-object-page menu-item-49530\"><a href=\"https:\/\/www.balticmedia.com\/it\/costi-di-traduzione\/come-scegliere-unagenzia-traduzione\/\" class=\"menu-link\">Come scegliere un\u2019agenzia di traduzione<\/a><\/li>\n<li  id=\"menu-item-49529\" class=\"menu-item menu-item-type-post_type menu-item-object-page menu-item-49529\"><a href=\"https:\/\/www.balticmedia.com\/it\/costi-di-traduzione\/qualita-della-traduzione\/\" class=\"menu-link\">Qualit\u00e0 della traduzione Certificazione di qualit\u00e0 ISO 9001:2015<\/a><\/li>\n<li  id=\"menu-item-49531\" class=\"menu-item menu-item-type-post_type menu-item-object-page menu-item-49531\"><a href=\"https:\/\/www.balticmedia.com\/it\/costi-di-traduzione\/i-nostri-clienti\/\" class=\"menu-link\">I nostri clienti<\/a><\/li>\n<li  id=\"menu-item-49534\" class=\"menu-item menu-item-type-post_type menu-item-object-page menu-item-49534\"><a href=\"https:\/\/www.balticmedia.com\/it\/costi-di-traduzione\/traduzione-recensioni\/\" class=\"menu-link\">Traduzione recensioni<\/a><\/li>\n<li  id=\"menu-item-49532\" class=\"menu-item menu-item-type-post_type menu-item-object-page menu-item-49532\"><a href=\"https:\/\/www.balticmedia.com\/it\/costi-di-traduzione\/modulo-per-referenze\/\" class=\"menu-link\">Sondaggio di soddisfazione della clientela<\/a><\/li>\n<li  id=\"menu-item-101279\" class=\"menu-item menu-item-type-post_type menu-item-object-page menu-item-101279\"><a href=\"https:\/\/www.balticmedia.com\/it\/mappa-del-sito\/\" class=\"menu-link\">Mappa del sito<\/a><\/li>\n<li  id=\"menu-item-120658\" class=\"menu-item menu-item-type-post_type menu-item-object-page menu-item-120658\"><a href=\"https:\/\/www.balticmedia.com\/it\/clients\/\" class=\"menu-link\">Client Portal<\/a><\/li>\n<\/ul><\/div><\/div><div id=\"panel-24507-1-0-2\" class=\"so-panel widget widget_ocean_custom_menu widget-oceanwp-custom-menu custom-menu-widget panel-last-child extendedwopts-hide extendedwopts-tablet extendedwopts-mobile widgetopts-SO\" data-index=\"3\" ><div class=\"oceanwp-custom-menu clr ocean_custom_menu-2 left dropdown-hover\"><ul id=\"menu-partner-it\" class=\"dropdown-menu sf-menu\"><li  id=\"menu-item-14920\" class=\"menu-item menu-item-type-custom menu-item-object-custom menu-item-14920\"><a target=\"_blank\" href=\"https:\/\/balticmedia.s.xtrf.eu\/vendors\/#\/sign-in\" class=\"menu-link\" rel=\"nofollow noopener\"><i class=\"icon before line-icon icon-briefcase\" aria-hidden=\"true\" style=\"font-size:2em;\"><\/i><span class=\"menu-text\">Portale collaboratori<\/span><\/a><\/li>\n<li  id=\"menu-item-14921\" class=\"menu-item menu-item-type-custom menu-item-object-custom menu-item-14921\"><a target=\"_blank\" href=\"https:\/\/www.balticmedia.com\/wp-content\/uploads\/11-Reasons-to-Choose-Baltic-Media-2026.pdf\" class=\"menu-link\"><i class=\"icon before line-icon icon-people\" aria-hidden=\"true\" style=\"font-size:2em;\"><\/i><span class=\"menu-text\">Profilo aziendale<\/span><\/a><\/li>\n<li  id=\"menu-item-14922\" class=\"menu-item menu-item-type-custom menu-item-object-custom menu-item-14922\"><a target=\"_blank\" href=\"https:\/\/www.balticmedia.com\/wp-content\/uploads\/agenzia-traduzioni-it.pdf\" class=\"menu-link\"><i class=\"icon before line-icon icon-organization\" aria-hidden=\"true\" style=\"font-size:2em;\"><\/i><span class=\"menu-text\">Traduzione. Fase per fase<\/span><\/a><\/li>\n<li  id=\"menu-item-14923\" class=\"menu-item menu-item-type-custom menu-item-object-custom menu-item-14923\"><a target=\"_blank\" href=\"https:\/\/www.balticmedia.com\/wp-content\/uploads\/Baltic-Media-Ltd.-Service-Terms-and-Conditions.pdf\" class=\"menu-link\"><i class=\"icon before line-icon icon-docs\" aria-hidden=\"true\" style=\"font-size:2em;\"><\/i><span class=\"menu-text\">Termini e condizioni di servizio (EN)<\/span><\/a><\/li>\n<li  id=\"menu-item-14924\" class=\"menu-item menu-item-type-custom menu-item-object-custom menu-item-14924\"><a target=\"_blank\" href=\"https:\/\/www.balticmedia.com\/wp-content\/uploads\/iSO-certificate-2023.png\" class=\"menu-link\"><i class=\"icon before line-icon icon-doc\" aria-hidden=\"true\" style=\"font-size:2em;\"><\/i><span class=\"menu-text\">ISO 9001:2015 Quality Certification<\/span><\/a><\/li>\n<li  id=\"menu-item-14925\" class=\"menu-item menu-item-type-custom menu-item-object-custom menu-item-14925\"><a href=\"https:\/\/www.balticmedia.com\/wp-content\/uploads\/362531_copyrighttrademarkbalticmedia.pdf\" class=\"menu-link\"><i class=\"icon before line-icon icon-info\" aria-hidden=\"true\" style=\"font-size:2em;\"><\/i><span class=\"menu-text\">Copyright | Trademark Baltic Media<sup>\u00ae<\/sup><\/span><\/a><\/li>\n<\/ul><\/div><\/div><\/div><div id=\"pgc-24507-1-1\"  class=\"panel-grid-cell\" ><div id=\"panel-24507-1-1-0\" class=\"so-panel widget widget_sow-editor panel-first-child panel-last-child widgetopts-hide_title widgetopts-SO\" data-index=\"4\" ><div\n\t\t\t\n\t\t\tclass=\"so-widget-sow-editor so-widget-sow-editor-base\"\n\t\t\t\n\t\t><h3 class=\"widget-title\">Quanto costa una traduzione?<\/h3>\n<div class=\"siteorigin-widget-tinymce textwidget\">\n\t<p><!-- wp:paragraph --><\/p>\n<h1>Prezzo della traduzione | Prezzi e sconti di traduzioni<\/h1>\n<h2>I nostri prezzi | Tariffe Traduzioni | <strong>Servizi di traduzione professionale nel Nord Europa con l'agenzia di traduzione\u00a0Baltic Media<sup>\u00ae<\/sup><\/strong><b><\/b><\/h2>\n<h2><a href=\"https:\/\/i0.wp.com\/www.balticmedia.com\/wp-content\/uploads\/baltic-media-reception-office-.jpg?ssl=1\"><img data-recalc-dims=\"1\" loading=\"lazy\" decoding=\"async\" class=\"alignnone wp-image-118698 size-medium\" src=\"https:\/\/i0.wp.com\/www.balticmedia.com\/wp-content\/uploads\/baltic-media-reception-office-.jpg?resize=300%2C200&#038;ssl=1\" alt=\" Prezzo della traduzione\" width=\"300\" height=\"200\" title=\"\"><\/a><\/h2>\n<p><img data-recalc-dims=\"1\" loading=\"lazy\" decoding=\"async\" class=\"alignnone wp-image-115151 size-medium\" src=\"https:\/\/i0.wp.com\/www.balticmedia.com\/wp-content\/uploads\/iso-certified-company.png?resize=300%2C116&#038;ssl=1\" alt=\" ISO Certified Translation Agency in Northern Europe with 30 Years of Experience\" width=\"300\" height=\"116\" title=\"\"><\/p>\n<p>Per le traduzioni scritte il prezzo pu\u00f2 essere calcolato in diversi modi, secondo il:<\/p>\n<ol>\n<li>numero di parole;<\/li>\n<li>numero di cartelle standard (una cartella standard contiene 1800 caratteri, spazi inclusi, o 1500 caratteri, spazi esclusi).<\/li>\n<\/ol>\n<p data-sourcepos=\"1:1-1:76\">Il prezzo della traduzione varia a seconda di una serie di fattori, tra cui:<\/p>\n<ul data-sourcepos=\"3:1-8:0\">\n<li data-sourcepos=\"3:1-3:197\"><strong>La lingua di origine e la lingua di destinazione:<\/strong>\u00a0le lingue pi\u00f9 comuni,\u00a0come l'inglese,\u00a0il francese e lo spagnolo,\u00a0sono generalmente meno costose da tradurre rispetto alle lingue meno comuni.<\/li>\n<li data-sourcepos=\"4:1-4:118\"><strong>Il tipo di testo:<\/strong>\u00a0i testi tecnici e legali sono generalmente pi\u00f9 costosi da tradurre rispetto ai testi creativi.<\/li>\n<li data-sourcepos=\"5:1-5:119\"><strong>La lunghezza del testo:<\/strong>\u00a0i testi pi\u00f9 lunghi sono generalmente pi\u00f9 costosi da tradurre rispetto ai testi pi\u00f9 brevi.<\/li>\n<li data-sourcepos=\"6:1-6:129\"><strong>I tempi di consegna:<\/strong>\u00a0i tempi di consegna pi\u00f9 rapidi sono generalmente pi\u00f9 costosi rispetto ai tempi di consegna pi\u00f9 lunghi.<\/li>\n<li data-sourcepos=\"7:1-8:0\"><strong>Il livello di qualit\u00e0 richiesto:<\/strong>\u00a0i traduttori professionisti offrono diversi livelli di qualit\u00e0,\u00a0da standard a premium.\u00a0I livelli di qualit\u00e0 pi\u00f9 elevati sono generalmente pi\u00f9 costosi.<\/li>\n<\/ul>\n<p data-sourcepos=\"9:1-9:105\">In generale, il prezzo della traduzione pu\u00f2 variare da pochi euro a diverse centinaia di euro per pagina.<\/p>\n<p data-sourcepos=\"9:1-9:105\"><img data-recalc-dims=\"1\" loading=\"lazy\" decoding=\"async\" class=\"alignnone wp-image-132477 size-medium\" src=\"https:\/\/i0.wp.com\/www.balticmedia.com\/wp-content\/uploads\/Price-for-translation-services.jpg?resize=300%2C300&#038;ssl=1\" alt=\"Prezzi e sconti di traduzioni\" width=\"300\" height=\"300\" srcset=\"https:\/\/i0.wp.com\/www.balticmedia.com\/wp-content\/uploads\/Price-for-translation-services.jpg?resize=300%2C300&amp;ssl=1 300w, https:\/\/i0.wp.com\/www.balticmedia.com\/wp-content\/uploads\/Price-for-translation-services.jpg?resize=1024%2C1024&amp;ssl=1 1024w, https:\/\/i0.wp.com\/www.balticmedia.com\/wp-content\/uploads\/Price-for-translation-services.jpg?resize=150%2C150&amp;ssl=1 150w, https:\/\/i0.wp.com\/www.balticmedia.com\/wp-content\/uploads\/Price-for-translation-services.jpg?resize=768%2C768&amp;ssl=1 768w, https:\/\/i0.wp.com\/www.balticmedia.com\/wp-content\/uploads\/Price-for-translation-services.jpg?resize=600%2C600&amp;ssl=1 600w, https:\/\/i0.wp.com\/www.balticmedia.com\/wp-content\/uploads\/Price-for-translation-services.jpg?w=1080&amp;ssl=1 1080w\" sizes=\"auto, (max-width: 300px) 100vw, 300px\" title=\"\"><\/p>\n<p data-sourcepos=\"11:1-11:71\">Ecco alcuni fattori che possono influenzare il prezzo della traduzione:<\/p>\n<ul data-sourcepos=\"13:1-16:0\">\n<li data-sourcepos=\"13:1-13:128\"><strong>La complessit\u00e0 del testo:<\/strong>\u00a0i testi tecnici e legali sono generalmente pi\u00f9 complessi da tradurre rispetto ai testi creativi.<\/li>\n<li data-sourcepos=\"14:1-14:190\"><strong>La specializzazione del traduttore:<\/strong>\u00a0i traduttori specializzati in un determinato settore,\u00a0come quello legale o medico,\u00a0sono generalmente pi\u00f9 costosi rispetto ai traduttori generalisti.<\/li>\n<li data-sourcepos=\"15:1-16:0\"><strong>La revisione e la correzione:<\/strong>\u00a0la revisione e la correzione da parte di un secondo traduttore sono generalmente incluse nel prezzo della traduzione.\u00a0Tuttavia,\u00a0se il cliente richiede una revisione pi\u00f9 approfondita o la correzione di errori di natura stilistica,\u00a0questi servizi possono essere soggetti a un costo aggiuntivo.<\/li>\n<\/ul>\n<p data-sourcepos=\"17:1-17:109\">\u00c8 importante chiedere un preventivo a pi\u00f9 agenzie di traduzione per confrontare i prezzi e i servizi offerti.<\/p>\n<p data-sourcepos=\"19:1-19:61\">Ecco alcuni consigli per risparmiare sui costi di traduzione:<\/p>\n<ul data-sourcepos=\"21:1-25:0\">\n<li data-sourcepos=\"21:1-21:188\"><strong>Richiedere preventivi a pi\u00f9 agenzie di traduzione:<\/strong>\u00a0\u00e8 importante confrontare i prezzi e i servizi offerti da diverse agenzie per trovare la soluzione pi\u00f9 adatta alle proprie esigenze.<\/li>\n<li data-sourcepos=\"22:1-22:211\"><strong>Fornire al traduttore il contesto culturale e linguistico del testo:<\/strong>\u00a0fornendo al traduttore il contesto culturale e linguistico del testo,\u00a0\u00e8 possibile facilitare il lavoro del traduttore e ridurre i costi.<\/li>\n<li data-sourcepos=\"23:1-23:128\"><strong>Ridurre la complessit\u00e0 del testo:<\/strong>\u00a0riducendo la complessit\u00e0 del testo,\u00a0\u00e8 possibile ridurre i tempi di traduzione e i costi.<\/li>\n<li data-sourcepos=\"24:1-25:0\"><strong>Utilizzare strumenti di traduzione automatica:<\/strong>\u00a0gli strumenti di traduzione automatica possono essere utili per ridurre i costi di traduzione.\u00a0Tuttavia,\u00a0\u00e8 importante utilizzare gli strumenti di traduzione automatica con cautela,\u00a0poich\u00e9 possono generare traduzioni inaccurate.<\/li>\n<\/ul>\n<h3 class=\"LC20lb MBeuO DKV0Md\">Quanto costa una traduzione?<\/h3>\n<p data-sourcepos=\"26:1-26:61\">Ecco alcuni esempi di prezzi di traduzione per lingue comuni:<\/p>\n<ul data-sourcepos=\"28:1-36:0\">\n<li data-sourcepos=\"28:1-28:54\"><strong>Inglese-italiano:<\/strong>\u00a0da 0,08 a 0,20 euro per parola<\/li>\n<li data-sourcepos=\"28:1-28:54\"><strong>Italiano- svedese:<\/strong> da 0,15 a 0,25 per parola<\/li>\n<li><strong>Italiano- danese<\/strong><strong>:<\/strong> da 0,15 a 0,25 per parola<\/li>\n<li data-sourcepos=\"28:1-28:54\"><strong>Italiano- finlandese:<\/strong> da 0,15 a 0,25 per parola<\/li>\n<li data-sourcepos=\"28:1-28:54\"><strong>Italiano- norvegese:<\/strong> da 0,15 a 0,25 per parola<\/li>\n<li data-sourcepos=\"29:1-29:55\"><strong>Francese-italiano:<\/strong>\u00a0da 0,06 a 0,15 euro per parola<\/li>\n<li data-sourcepos=\"30:1-30:55\"><strong>Spagnolo-italiano:<\/strong>\u00a0da 0,05 a 0,12 euro per parola<\/li>\n<li data-sourcepos=\"31:1-31:54\"><strong>Tedesco-italiano:<\/strong>\u00a0da 0,07 a 0,17 euro per parola<\/li>\n<li data-sourcepos=\"32:1-32:53\"><strong>Cinese-italiano:<\/strong>\u00a0da 0,15 a 0,30 euro per parola<\/li>\n<li data-sourcepos=\"33:1-33:57\"><strong>Giapponese-italiano:<\/strong>\u00a0da 0,20 a 0,40 euro per parola<\/li>\n<li data-sourcepos=\"34:1-34:54\"><strong>Coreano-italiano:<\/strong>\u00a0da 0,18 a 0,35 euro per parola<\/li>\n<li data-sourcepos=\"35:1-36:0\"><strong class=\"animating\">Arabo-italiano:<\/strong><span class=\"animating\">\u00a0da 0,<\/span><span class=\"animating\">25 a 0,<\/span><span class=\"animating\">45 euro per parola<\/span><\/li>\n<\/ul>\n<h3>Prezzo della traduzione<\/h3>\n<p><strong>Generalmente i prezzi dipendono<\/strong> da quanto comune \u00e8 la lingua (meno \u00e8 comune la lingua nel rispettivo mercato, pi\u00f9 alto \u00e8 il prezzo), complessit\u00e0 del testo originale, ad esempio, un testo creativo potrebbe richiedere un particolare adattamento (in questo caso verr\u00e0 applicato un prezzo pi\u00f9 alto), se il testo originale \u00e8 su un file elettronico o \u00e8 cartaceo (nell\u2019ultimo caso il prezzo \u00e8 pi\u00f9 alto) o se viene richiesta il progetto grafico e l\u2019impaginazione (verr\u00e0 applicato un prezzo pi\u00f9 alto).<\/p>\n<p>Il prezzo dipende anche dai termini di consegna. Bisogna considerare che un traduttore professionista al giorno traduce mediamente 5 \u2013 7 cartelle standard (una cartella standard contiene 1800 caratteri, spazi inclusi). Se la traduzione viene richiesta in tempi pi\u00f9 rapidi, al servizio verr\u00e0 applicato un supplemento dal 50% al 100% sulla tariffa ordinaria. Per i nostri clienti regolari eseguiamo le traduzioni urgenti senza applicare un supplemento.<\/p>\n<p>Applichiamo gli sconti alle traduzioni scritte in grandi quantit\u00e0, dove il numero di cartelle \u00e8 superiore a 50.<\/p>\n<p>I prezzi per il progetto grafico e l\u2019impaginazione, la conversione di testo e altri servizi vengono determinati sulla tariffa oraria e il numero di ore necessarie per il completamento del lavoro.<\/p>\n<p>La tariffa oraria determina anche il prezzo dei servizi di interpretariato. Nel prezzo \u00e8 inclusa anche l\u2019interpretazione passiva (il tempo impiegato dall\u2019interprete per arrivare e tornare dal luogo del lavoro d\u2019interpretazione).<\/p>\n<p><iframe loading=\"lazy\" title=\"YouTube video player\" src=\"https:\/\/www.youtube.com\/embed\/2-m4XAqTCT0\" width=\"560\" height=\"315\" frameborder=\"0\" allowfullscreen=\"allowfullscreen\"><\/iframe><\/p>\n<h2><strong><a href=\"https:\/\/it.balticmedia.com\/prezzo-quota\/\" rel=\"nofollow noopener\" target=\"_blank\">Richiesta del prezzo<\/a><\/strong><\/h2>\n<p>Agenzia\/ societ\u00e0 di traduzione nei Paesi Baltici e Scandinavia Baltic Media<\/p>\n<p>Agenzia Di Traduzioni Baltic Media Ltd<\/p>\n<p>Lingue baltiche, nordiche, scandinave, slave, germaniche, ugro - finniche, dell'Europa Centrale.<\/p>\n<p>L'agenzia di traduzioni e formazione linguistica Baltic Media Ltd \u00e8 specializzata in lingue scandinave, baltiche e dell'Europa Est.<\/p>\n<h3><a href=\"\/it\/chi-siamo\/perche-scegliere-baltic-media\/\">Perch\u00e9 scegliere l\u2019agenzia di traduzione nordico-baltica Baltic Media<sup>\u00ae<\/sup>?<\/a><\/h3>\n<h3><a href=\"\/it\/prezzo\/\">Come ridurre i costi di traduzione senza sacrificarne la qualit\u00e0<\/a><\/h3>\n<h3><a href=\"\/it\/chi-siamo\/traduzione-umana\/\">Perch\u00e9 i servizi di traduzione umana sono la soluzione ideale per te?<\/a><\/h3>\n<h3><a href=\"https:\/\/www.balticmedia.com\/it\/servizi-di-traduzione-globale\/traduzione-automatica\/\">Puoi tradurre testi usando Google, Bing, Microsoft, Tilde, Yandex e affidarcene la revisione!<\/a><\/h3>\n<h3><a href=\"https:\/\/www.balticmedia.com\/it\/prezzo-quota\/\">Richiedi un preventivo gratuito<\/a><\/h3>\n<h3><a href=\"https:\/\/www.balticmedia.com\/it\/richiesta-di-informazioni\/\">Richiedi informazioni<\/a><\/h3>\n<h3><a href=\"mailto:info@balticmedia.com\">E-mail<\/a><\/h3>\n<h3><strong>Baltic Media<sup>\u00ae<\/sup>: agenzia di traduzioni nel Nord Europa<\/strong><\/h3>\n<p>Con sede nell\u2019Europa settentrionale, Baltic Media<sup>\u00ae<\/sup> \u00e8 l\u2019agenzia di traduzioni dei paesi nordici leader nel campo dei servizi di traduzione digitali ed \u00e8 specializzata in lingue nordiche europee (lingue nordiche, baltiche e slave incluse). Baltic Media<sup>\u00ae<\/sup> si occupa principalmente di traduzioni da\/verso svedese, finlandese, danese, islandese, faroese, norvegese, tedesco, inglese, polacco, russo, estone, lettone e lituano.<\/p>\n<p>In qualit\u00e0 di fornitore di servizi linguistici certificato ISO, Baltic Media<sup>\u00ae<\/sup> offre servizi di traduzione umana ad aziende, enti governativi e clienti privati.<\/p>\n<h3><\/h3>\n<p>\u00a9 Baltic Media<sup>\u00ae<\/sup><\/p>\n<p><!-- \/wp:paragraph --><\/p>\n<\/div>\n<\/div><\/div><\/div><\/div><\/div>","protected":false},"excerpt":{"rendered":"<p>Prezzo della traduzione | Prezzi e sconti di traduzioni I nostri prezzi | Tariffe Traduzioni | Servizi di traduzione professionale nel Nord Europa con l&#8217;agenzia di traduzione\u00a0Baltic Media\u00ae Per le traduzioni scritte il prezzo pu\u00f2 essere calcolato in diversi modi, secondo il: numero di parole; numero di cartelle standard (una cartella standard contiene 1800 caratteri, [&hellip;]<\/p>\n","protected":false},"author":2,"featured_media":132070,"parent":16188,"menu_order":0,"comment_status":"closed","ping_status":"closed","template":"","meta":{"ocean_post_layout":"","ocean_both_sidebars_style":"","ocean_both_sidebars_content_width":0,"ocean_both_sidebars_sidebars_width":0,"ocean_sidebar":"0","ocean_second_sidebar":"0","ocean_disable_margins":"enable","ocean_add_body_class":"","ocean_shortcode_before_top_bar":"","ocean_shortcode_after_top_bar":"","ocean_shortcode_before_header":"","ocean_shortcode_after_header":"","ocean_has_shortcode":"","ocean_shortcode_after_title":"","ocean_shortcode_before_footer_widgets":"","ocean_shortcode_after_footer_widgets":"","ocean_shortcode_before_footer_bottom":"","ocean_shortcode_after_footer_bottom":"","ocean_display_top_bar":"default","ocean_display_header":"default","ocean_header_style":"","ocean_center_header_left_menu":"0","ocean_custom_header_template":"0","ocean_custom_logo":0,"ocean_custom_retina_logo":0,"ocean_custom_logo_max_width":0,"ocean_custom_logo_tablet_max_width":0,"ocean_custom_logo_mobile_max_width":0,"ocean_custom_logo_max_height":0,"ocean_custom_logo_tablet_max_height":0,"ocean_custom_logo_mobile_max_height":0,"ocean_header_custom_menu":"0","ocean_menu_typo_font_family":"0","ocean_menu_typo_font_subset":"","ocean_menu_typo_font_size":0,"ocean_menu_typo_font_size_tablet":0,"ocean_menu_typo_font_size_mobile":0,"ocean_menu_typo_font_size_unit":"px","ocean_menu_typo_font_weight":"","ocean_menu_typo_font_weight_tablet":"","ocean_menu_typo_font_weight_mobile":"","ocean_menu_typo_transform":"","ocean_menu_typo_transform_tablet":"","ocean_menu_typo_transform_mobile":"","ocean_menu_typo_line_height":0,"ocean_menu_typo_line_height_tablet":0,"ocean_menu_typo_line_height_mobile":0,"ocean_menu_typo_line_height_unit":"","ocean_menu_typo_spacing":0,"ocean_menu_typo_spacing_tablet":0,"ocean_menu_typo_spacing_mobile":0,"ocean_menu_typo_spacing_unit":"","ocean_menu_link_color":"","ocean_menu_link_color_hover":"","ocean_menu_link_color_active":"","ocean_menu_link_background":"","ocean_menu_link_hover_background":"","ocean_menu_link_active_background":"","ocean_menu_social_links_bg":"","ocean_menu_social_hover_links_bg":"","ocean_menu_social_links_color":"","ocean_menu_social_hover_links_color":"","ocean_disable_title":"default","ocean_disable_heading":"default","ocean_post_title":"","ocean_post_subheading":"","ocean_post_title_style":"","ocean_post_title_background_color":"","ocean_post_title_background":0,"ocean_post_title_bg_image_position":"","ocean_post_title_bg_image_attachment":"","ocean_post_title_bg_image_repeat":"","ocean_post_title_bg_image_size":"","ocean_post_title_height":0,"ocean_post_title_bg_overlay":0.5,"ocean_post_title_bg_overlay_color":"","ocean_disable_breadcrumbs":"default","ocean_breadcrumbs_color":"","ocean_breadcrumbs_separator_color":"","ocean_breadcrumbs_links_color":"","ocean_breadcrumbs_links_hover_color":"","ocean_display_footer_widgets":"default","ocean_display_footer_bottom":"default","ocean_custom_footer_template":"0","ofc_meta_disable_footer_callout":"","ofc_meta_callout_button_url":"","ofc_meta_callout_button_txt":"","ofc_meta_callout_text":"","osh_disable_topbar_sticky":"default","osh_disable_header_sticky":"default","osh_sticky_header_style":"default","osh_sticky_header_effect":"","osh_custom_sticky_logo":0,"osh_custom_retina_sticky_logo":0,"osh_custom_sticky_logo_height":0,"osh_background_color":"","osh_links_color":"","osh_links_hover_color":"","osh_links_active_color":"","osh_links_bg_color":"","osh_links_hover_bg_color":"","osh_links_active_bg_color":"","osh_menu_social_links_color":"","osh_menu_social_hover_links_color":"","footnotes":""},"class_list":["post-24507","page","type-page","status-publish","has-post-thumbnail","hentry","entry","has-media"],"jetpack_sharing_enabled":true,"jetpack_likes_enabled":true,"jetpack-related-posts":[],"jetpack_shortlink":"https:\/\/wp.me\/Pe7Cu3-6nh","_links":{"self":[{"href":"https:\/\/www.balticmedia.com\/it\/wp-json\/wp\/v2\/pages\/24507","targetHints":{"allow":["GET"]}}],"collection":[{"href":"https:\/\/www.balticmedia.com\/it\/wp-json\/wp\/v2\/pages"}],"about":[{"href":"https:\/\/www.balticmedia.com\/it\/wp-json\/wp\/v2\/types\/page"}],"author":[{"embeddable":true,"href":"https:\/\/www.balticmedia.com\/it\/wp-json\/wp\/v2\/users\/2"}],"replies":[{"embeddable":true,"href":"https:\/\/www.balticmedia.com\/it\/wp-json\/wp\/v2\/comments?post=24507"}],"version-history":[{"count":9,"href":"https:\/\/www.balticmedia.com\/it\/wp-json\/wp\/v2\/pages\/24507\/revisions"}],"predecessor-version":[{"id":136319,"href":"https:\/\/www.balticmedia.com\/it\/wp-json\/wp\/v2\/pages\/24507\/revisions\/136319"}],"up":[{"embeddable":true,"href":"https:\/\/www.balticmedia.com\/it\/wp-json\/wp\/v2\/pages\/16188"}],"wp:featuredmedia":[{"embeddable":true,"href":"https:\/\/www.balticmedia.com\/it\/wp-json\/wp\/v2\/media\/132070"}],"wp:attachment":[{"href":"https:\/\/www.balticmedia.com\/it\/wp-json\/wp\/v2\/media?parent=24507"}],"curies":[{"name":"wp","href":"https:\/\/api.w.org\/{rel}","templated":true}]}}