{"id":16981,"date":"2021-01-15T18:28:30","date_gmt":"2021-01-15T16:28:30","guid":{"rendered":"https:\/\/www.balticmedia.com\/contatti\/translation-agency-stockholm\/"},"modified":"2025-09-29T09:13:34","modified_gmt":"2025-09-29T06:13:34","slug":"agenzia-di-traduzioni-a-stoccolma","status":"publish","type":"page","link":"https:\/\/www.balticmedia.com\/it\/contatti\/agenzia-di-traduzioni-a-stoccolma\/","title":{"rendered":"Agenzia di traduzioni a Stoccolma"},"content":{"rendered":"<div id=\"pl-16981\"  class=\"panel-layout\" ><div id=\"pg-16981-0\"  class=\"panel-grid panel-no-style\" ><div id=\"pgc-16981-0-0\"  class=\"panel-grid-cell\" ><div id=\"panel-16981-0-0-0\" class=\"so-panel widget widget_sow-image panel-first-child panel-last-child widgetopts-SO\" data-index=\"0\" ><div\n\t\t\t\n\t\t\tclass=\"so-widget-sow-image so-widget-sow-image-default-8b5b6f678277-16981\"\n\t\t\t\n\t\t>\n<div class=\"sow-image-container\">\n\t\t<img src=\"https:\/\/i0.wp.com\/www.balticmedia.com\/wp-content\/uploads\/4price_and_quality-scaled.jpg?fit=2560%2C549&amp;ssl=1\" width=\"2560\" height=\"549\" srcset=\"https:\/\/i0.wp.com\/www.balticmedia.com\/wp-content\/uploads\/4price_and_quality-scaled.jpg?w=2560&amp;ssl=1 2560w, https:\/\/i0.wp.com\/www.balticmedia.com\/wp-content\/uploads\/4price_and_quality-scaled.jpg?resize=300%2C64&amp;ssl=1 300w, https:\/\/i0.wp.com\/www.balticmedia.com\/wp-content\/uploads\/4price_and_quality-scaled.jpg?resize=1024%2C219&amp;ssl=1 1024w, https:\/\/i0.wp.com\/www.balticmedia.com\/wp-content\/uploads\/4price_and_quality-scaled.jpg?resize=768%2C165&amp;ssl=1 768w, https:\/\/i0.wp.com\/www.balticmedia.com\/wp-content\/uploads\/4price_and_quality-scaled.jpg?resize=1536%2C329&amp;ssl=1 1536w, https:\/\/i0.wp.com\/www.balticmedia.com\/wp-content\/uploads\/4price_and_quality-scaled.jpg?resize=2048%2C439&amp;ssl=1 2048w, https:\/\/i0.wp.com\/www.balticmedia.com\/wp-content\/uploads\/4price_and_quality-scaled.jpg?w=2400&amp;ssl=1 2400w\" title=\"Agenzia di traduzioni a Stoccolma\" alt=\"Agenzia di traduzioni a Stoccolma\" class=\"so-widget-image\">\n\t<\/div>\n\n<\/div><\/div><\/div><\/div><div id=\"pg-16981-1\"  class=\"panel-grid panel-no-style\" ><div id=\"pgc-16981-1-0\"  class=\"panel-grid-cell\" ><div id=\"panel-16981-1-0-0\" class=\"so-panel widget widget_sow-editor panel-first-child\" data-index=\"1\" ><div\n\t\t\t\n\t\t\tclass=\"so-widget-sow-editor so-widget-sow-editor-base\"\n\t\t\t\n\t\t>\n<div class=\"siteorigin-widget-tinymce textwidget\">\n\t<pre><form aria-label=\"Search this website\" role=\"search\" method=\"get\" class=\"oceanwp-searchform\" id=\"searchform\" action=\"https:\/\/www.balticmedia.com\/it\/\"><input aria-label=\"Insert search query\" type=\"text\" class=\"field\" name=\"s\" id=\"s\" placeholder=\"Search\"><button aria-label=\"Submit your search\" type=\"submit\" class=\"search-submit\" value=\"\"><i class=\"icon-magnifier\" aria-hidden=\"true\"><\/i><\/button><\/form><\/pre>\n<\/div>\n<\/div><\/div><div id=\"panel-16981-1-0-1\" class=\"so-panel widget widget_ocean_custom_menu widget-oceanwp-custom-menu custom-menu-widget widgetopts-SO\" data-index=\"2\" ><div class=\"oceanwp-custom-menu clr ocean_custom_menu-2 left dropdown-hover\"><ul id=\"menu-info-request-it\" class=\"dropdown-menu sf-menu\"><li  id=\"menu-item-42317\" class=\"menu-item menu-item-type-post_type menu-item-object-page menu-item-42317\"><a href=\"https:\/\/www.balticmedia.com\/it\/richiesta-di-informazioni\/\" class=\"menu-link\">Richiesta di informazioni<\/a><\/li>\n<li  id=\"menu-item-42315\" class=\"menu-item menu-item-type-post_type menu-item-object-page menu-item-42315\"><a href=\"https:\/\/www.balticmedia.com\/it\/contatti\/agenzia-di-traduzioni-a-riga\/\" class=\"menu-link\">Agenzia di traduzioni a Riga<\/a><\/li>\n<li  id=\"menu-item-42316\" class=\"menu-item menu-item-type-post_type menu-item-object-page menu-item-42316\"><a href=\"https:\/\/www.balticmedia.com\/it\/contatti\/agenzia-di-traduzioni-a-stoccolma\/\" class=\"menu-link\">Agenzia di traduzioni a Stoccolma<\/a><\/li>\n<\/ul><\/div><\/div><div id=\"panel-16981-1-0-2\" class=\"so-panel widget widget_ocean_custom_menu widget-oceanwp-custom-menu custom-menu-widget panel-last-child widgetopts-SO\" data-index=\"3\" ><div class=\"oceanwp-custom-menu clr ocean_custom_menu-2 left dropdown-hover\"><ul id=\"menu-partner-it\" class=\"dropdown-menu sf-menu\"><li  id=\"menu-item-14920\" class=\"menu-item menu-item-type-custom menu-item-object-custom menu-item-14920\"><a target=\"_blank\" href=\"https:\/\/balticmedia.s.xtrf.eu\/vendors\/#\/sign-in\" class=\"menu-link\" rel=\"nofollow noopener\"><i class=\"icon before line-icon icon-briefcase\" aria-hidden=\"true\" style=\"font-size:2em;\"><\/i><span class=\"menu-text\">Portale collaboratori<\/span><\/a><\/li>\n<li  id=\"menu-item-14921\" class=\"menu-item menu-item-type-custom menu-item-object-custom menu-item-14921\"><a target=\"_blank\" href=\"https:\/\/www.balticmedia.com\/wp-content\/uploads\/11-Reasons-to-Choose-Baltic-Media-2026.pdf\" class=\"menu-link\"><i class=\"icon before line-icon icon-people\" aria-hidden=\"true\" style=\"font-size:2em;\"><\/i><span class=\"menu-text\">Profilo aziendale<\/span><\/a><\/li>\n<li  id=\"menu-item-14922\" class=\"menu-item menu-item-type-custom menu-item-object-custom menu-item-14922\"><a target=\"_blank\" href=\"https:\/\/www.balticmedia.com\/wp-content\/uploads\/agenzia-traduzioni-it.pdf\" class=\"menu-link\"><i class=\"icon before line-icon icon-organization\" aria-hidden=\"true\" style=\"font-size:2em;\"><\/i><span class=\"menu-text\">Traduzione. Fase per fase<\/span><\/a><\/li>\n<li  id=\"menu-item-14923\" class=\"menu-item menu-item-type-custom menu-item-object-custom menu-item-14923\"><a target=\"_blank\" href=\"https:\/\/www.balticmedia.com\/wp-content\/uploads\/Baltic-Media-Ltd.-Service-Terms-and-Conditions.pdf\" class=\"menu-link\"><i class=\"icon before line-icon icon-docs\" aria-hidden=\"true\" style=\"font-size:2em;\"><\/i><span class=\"menu-text\">Termini e condizioni di servizio (EN)<\/span><\/a><\/li>\n<li  id=\"menu-item-14924\" class=\"menu-item menu-item-type-custom menu-item-object-custom menu-item-14924\"><a target=\"_blank\" href=\"https:\/\/www.balticmedia.com\/wp-content\/uploads\/iSO-certificate-2023.png\" class=\"menu-link\"><i class=\"icon before line-icon icon-doc\" aria-hidden=\"true\" style=\"font-size:2em;\"><\/i><span class=\"menu-text\">ISO 9001:2015 Quality Certification<\/span><\/a><\/li>\n<li  id=\"menu-item-14925\" class=\"menu-item menu-item-type-custom menu-item-object-custom menu-item-14925\"><a href=\"https:\/\/www.balticmedia.com\/wp-content\/uploads\/362531_copyrighttrademarkbalticmedia.pdf\" class=\"menu-link\"><i class=\"icon before line-icon icon-info\" aria-hidden=\"true\" style=\"font-size:2em;\"><\/i><span class=\"menu-text\">Copyright | Trademark Baltic Media<sup>\u00ae<\/sup><\/span><\/a><\/li>\n<\/ul><\/div><\/div><\/div><div id=\"pgc-16981-1-1\"  class=\"panel-grid-cell\" ><div id=\"panel-16981-1-1-0\" class=\"so-panel widget widget_sow-editor panel-first-child widgetopts-hide_title widgetopts-SO\" data-index=\"4\" ><div\n\t\t\t\n\t\t\tclass=\"so-widget-sow-editor so-widget-sow-editor-base\"\n\t\t\t\n\t\t><h3 class=\"widget-title\">Agenzia di traduzioni Baltic Media | Traduttore professionale |\u00a0Ufficio\u00a0Stoccolma, Scandinavia<\/h3>\n<div class=\"siteorigin-widget-tinymce textwidget\">\n\t<h1>Agenzia di traduzioni a Stoccolma<\/h1>\n<h3>Agenzia di traduzioni Baltic Media | Traduttore professionale |\u00a0<b>Ufficio\u00a0Stoccolma, Scandinavia<\/b><\/h3>\n<h4><strong>Servizi di traduzione a Stoccolma, Svezia<\/strong><\/h4>\n<p><strong>Baltic Media Translations AB<\/strong><br \/>\nBox 2349<br \/>\nSE-116 74<br \/>\nStockholm, Sweden\/Su\u00e8de<\/p>\n<p><img data-recalc-dims=\"1\" loading=\"lazy\" decoding=\"async\" class=\"alignnone wp-image-134366 size-medium\" src=\"https:\/\/i0.wp.com\/www.balticmedia.com\/wp-content\/uploads\/oversattningsbyra-i-sverige-stockholm-oversattare.jpg?resize=300%2C300&#038;ssl=1\" alt=\"Agenzia di traduzioni a Stoccolma\" width=\"300\" height=\"300\" title=\"\"><\/p>\n<p>\u2022 \u00a0+46 8 767 60 24<br \/>\n\u2022 \u00a0<a href=\"mailto:nordics@balticmedia.com\">nordics@balticmedia.com<\/a><\/p>\n<div>\n<p><iframe loading=\"lazy\" title=\"YouTube video player\" src=\"https:\/\/www.youtube-nocookie.com\/embed\/2-m4XAqTCT0?si=1Pt4zvJUrQwd3LUO\" width=\"560\" height=\"315\" frameborder=\"0\" allowfullscreen=\"allowfullscreen\"><\/iframe><\/p>\n<p><strong>Baltic Media\u00ae<\/strong> \u00e8 un'agenzia di traduzioni e servizi linguistici leader nel Nord Europa, specializzata in traduzioni multilingue per il mercato europeo e internazionale. Con uffici in Lettonia e Svezia, Baltic Media\u00ae offre una vasta gamma di servizi linguistici a clienti aziendali, istituzionali e privati in tutto il mondo.<\/p>\n<h3>Caratteristiche principali di Baltic Media\u00ae:<\/h3>\n<ol>\n<li><strong>Traduzioni professionali e specializzate<\/strong>:\n<ul>\n<li>Baltic Media\u00ae \u00e8 specializzata in traduzioni in e da lingue nordiche (svedese, danese, norvegese, finlandese) e baltiche (lettone, lituano, estone), oltre alle principali lingue globali come l'inglese, il francese, il tedesco e molte altre.<\/li>\n<li>L'agenzia si occupa di settori specifici come diritto, medicina, tecnologia, finanza e marketing, utilizzando traduttori qualificati con competenze settoriali.<\/li>\n<\/ul>\n<\/li>\n<li><strong>Traduzioni certificate e notarili<\/strong>:\n<ul>\n<li>Offre traduzioni certificate e notarizzate, necessarie per documenti ufficiali da presentare a enti governativi e per procedimenti legali, riconosciute in tutta l'UE e in molti paesi extraeuropei.<\/li>\n<\/ul>\n<\/li>\n<li><strong>Localizzazione e adattamento culturale<\/strong>:\n<ul>\n<li>Baltic Media\u00ae fornisce servizi di localizzazione per software, siti web e contenuti multimediali, adattando i messaggi alle specificit\u00e0 culturali del mercato di destinazione, essenziali per campagne di marketing internazionali.<\/li>\n<\/ul>\n<\/li>\n<li><strong>Tecnologia avanzata per la traduzione<\/strong>:\n<ul>\n<li>L'agenzia impiega strumenti di traduzione assistita (CAT tools) e memorie di traduzione per garantire coerenza terminologica e risparmio di tempo, fondamentali per progetti di grandi dimensioni.<\/li>\n<\/ul>\n<\/li>\n<li><strong>Servizi di interpretariato<\/strong>:\n<ul>\n<li>Baltic Media\u00ae offre interpretariato simultaneo e consecutivo, ideale per conferenze, eventi aziendali e incontri ufficiali, con interpreti professionisti esperti.<\/li>\n<\/ul>\n<\/li>\n<li><strong>Formazione linguistica<\/strong>:\n<ul>\n<li>Per i clienti aziendali, Baltic Media\u00ae propone corsi di lingua personalizzati per migliorare la comunicazione internazionale dei dipendenti, con focus su lingue europee e asiatiche.<\/li>\n<\/ul>\n<\/li>\n<\/ol>\n<h3>Perch\u00e9 scegliere Baltic Media\u00ae?<\/h3>\n<p>Baltic Media\u00ae \u00e8 un partner di fiducia per le imprese che desiderano accedere a mercati internazionali, grazie alla sua esperienza nel settore delle traduzioni e alla sua profonda conoscenza delle culture nordiche e baltiche.<\/p>\n<p><img data-recalc-dims=\"1\" loading=\"lazy\" decoding=\"async\" class=\"alignnone wp-image-1981 size-full\" src=\"https:\/\/i0.wp.com\/www.balticmedia.com\/wp-content\/uploads\/logo_ar_globusu_stillbild_garena.png?resize=300%2C120&#038;ssl=1\" alt=\"Agenzia di traduzioni Baltic Media | Traduttore professionale |\u00a0Ufficio\u00a0Stoccolma, Scandinavia\" width=\"300\" height=\"120\" title=\"\"><\/p>\n<h2>Baltic Media<sup>\u00ae<\/sup>: agenzia di traduzioni nel Nord Europa<\/h2>\n<p>Con sede nell\u2019Europa settentrionale, Baltic Media<sup>\u00ae<\/sup> \u00e8 l\u2019agenzia di traduzioni dei paesi nordici leader nel campo dei servizi di traduzione digitali ed \u00e8 specializzata in lingue nordiche europee (lingue nordiche, baltiche e slave incluse). Baltic Media<sup>\u00ae<\/sup> si occupa principalmente di traduzioni da\/verso svedese, finlandese, danese, islandese, faroese, norvegese, tedesco, inglese, polacco, russo, estone, lettone e lituano.<\/p>\n<p>In qualit\u00e0 di fornitore di servizi linguistici certificato ISO, Baltic Media<sup>\u00ae<\/sup> offre servizi di traduzione umana ad aziende, enti governativi e clienti privati.<\/p>\n<div>\n<h3><a href=\"\/it\/chi-siamo\/perche-scegliere-baltic-media\/\">Perch\u00e9 scegliere l\u2019agenzia di traduzione nordico-baltica Baltic Media<sup>\u00ae<\/sup>?<\/a><\/h3>\n<h3><a href=\"\/it\/prezzo\/\">Come ridurre i costi di traduzione senza sacrificarne la qualit\u00e0<\/a><\/h3>\n<h3><a href=\"\/it\/chi-siamo\/traduzione-umana\/\">Perch\u00e9 i servizi di traduzione umana sono la soluzione ideale per te?<\/a><\/h3>\n<h3><a href=\"https:\/\/www.balticmedia.com\/it\/servizi-di-traduzione-globale\/traduzione-automatica\/\">Puoi tradurre testi usando Google, Bing, Microsoft, Tilde, Yandex e affidarcene la revisione!<\/a><\/h3>\n<h3><a href=\"https:\/\/www.balticmedia.com\/it\/prezzo-quota\/\">Richiedi un preventivo gratuito<\/a><\/h3>\n<h3><a href=\"https:\/\/www.balticmedia.com\/it\/richiesta-di-informazioni\/\">Richiedi informazioni<\/a><\/h3>\n<h3><a href=\"mailto:info@balticmedia.com\">E-mail<\/a><\/h3>\n<\/div>\n<\/div>\n<div>\n<p><!-- \/wp:paragraph --><\/p>\n<\/div>\n<\/div>\n<\/div><\/div><div id=\"panel-16981-1-1-1\" class=\"so-panel widget widget_sow-image-grid widgetopts-SO\" data-index=\"5\" ><div\n\t\t\t\n\t\t\tclass=\"so-widget-sow-image-grid so-widget-sow-image-grid-default-46e3cddde1e5-16981\"\n\t\t\t\n\t\t>\t<div\n\t\tclass=\"sow-image-grid-wrapper\"\n\t\t\t\t\t>\n\t\t\t\t\t<div class=\"sow-image-grid-image\">\n\t\t\t\t\t\t\t\t\t\t\t\t<img loading=\"lazy\" decoding=\"async\" width=\"300\" height=\"298\" src=\"https:\/\/i0.wp.com\/www.balticmedia.com\/wp-content\/uploads\/oversattningsbyra-i-stockholm-sverige.webp?fit=300%2C298&amp;ssl=1\" class=\"sow-image-grid-image_html\" alt=\"\" title=\"Billig \u00f6vers\u00e4ttning hos kvalitetscertifierad \u00f6vers\u00e4ttningsbyr\u00e5\" srcset=\"https:\/\/i0.wp.com\/www.balticmedia.com\/wp-content\/uploads\/oversattningsbyra-i-stockholm-sverige.webp?w=300&amp;ssl=1 300w, https:\/\/i0.wp.com\/www.balticmedia.com\/wp-content\/uploads\/oversattningsbyra-i-stockholm-sverige.webp?resize=150%2C150&amp;ssl=1 150w\" sizes=\"auto, (max-width: 300px) 100vw, 300px\">\t\t\t\t\t\t\t\t\t\t\t<\/div>\n\t\t\t\t\t<div class=\"sow-image-grid-image\">\n\t\t\t\t\t\t\t\t\t\t\t\t<img loading=\"lazy\" decoding=\"async\" width=\"300\" height=\"87\" src=\"https:\/\/i0.wp.com\/www.balticmedia.com\/wp-content\/uploads\/balticmedia_logo.png?fit=300%2C87&amp;ssl=1\" class=\"sow-image-grid-image_html\" alt=\"Baltic Media&lt;sup&gt;\u00ae&lt;\/sup&gt;&quot;\" title=\"balticmedia_logo_globallanguageservices_rgb-300&#215;100\">\t\t\t\t\t\t\t\t\t\t\t<\/div>\n\t\t\t<\/div>\n<\/div><\/div><div id=\"panel-16981-1-1-2\" class=\"so-panel widget widget_sow-editor panel-last-child widgetopts-SO\" data-index=\"6\" ><div\n\t\t\t\n\t\t\tclass=\"so-widget-sow-editor so-widget-sow-editor-base\"\n\t\t\t\n\t\t>\n<div class=\"siteorigin-widget-tinymce textwidget\">\n\t<p>&nbsp;<\/p>\n<p><a href=\"https:\/\/i0.wp.com\/www.balticmedia.com\/wp-content\/uploads\/agenzia-traduzioni-it.png?ssl=1\"><img data-recalc-dims=\"1\" loading=\"lazy\" decoding=\"async\" class=\"alignnone wp-image-16617 size-medium\" src=\"https:\/\/i0.wp.com\/www.balticmedia.com\/wp-content\/uploads\/agenzia-traduzioni-it.png?resize=300%2C191&#038;ssl=1\" alt=\"agenzia traduzioni\" width=\"300\" height=\"191\" title=\"\"><\/a><\/p>\n<h3>La vostra agenzia di traduzioni online nordico-baltico | Stoccolma | Riga<\/h3>\n<\/div>\n<\/div><\/div><\/div><\/div><\/div>","protected":false},"excerpt":{"rendered":"<p>Agenzia di traduzioni a Stoccolma Agenzia di traduzioni Baltic Media | Traduttore professionale |\u00a0Ufficio\u00a0Stoccolma, Scandinavia Servizi di traduzione a Stoccolma, Svezia Baltic Media Translations AB Box 2349 SE-116 74 Stockholm, Sweden\/Su\u00e8de \u2022 \u00a0+46 8 767 60 24 \u2022 \u00a0nordics@balticmedia.com Baltic Media\u00ae \u00e8 un&#8217;agenzia di traduzioni e servizi linguistici leader nel Nord Europa, specializzata in traduzioni [&hellip;]<\/p>\n","protected":false},"author":2,"featured_media":132225,"parent":12066,"menu_order":0,"comment_status":"closed","ping_status":"closed","template":"","meta":{"ocean_post_layout":"","ocean_both_sidebars_style":"","ocean_both_sidebars_content_width":0,"ocean_both_sidebars_sidebars_width":0,"ocean_sidebar":"0","ocean_second_sidebar":"0","ocean_disable_margins":"enable","ocean_add_body_class":"","ocean_shortcode_before_top_bar":"","ocean_shortcode_after_top_bar":"","ocean_shortcode_before_header":"","ocean_shortcode_after_header":"","ocean_has_shortcode":"","ocean_shortcode_after_title":"","ocean_shortcode_before_footer_widgets":"","ocean_shortcode_after_footer_widgets":"","ocean_shortcode_before_footer_bottom":"","ocean_shortcode_after_footer_bottom":"","ocean_display_top_bar":"default","ocean_display_header":"default","ocean_header_style":"","ocean_center_header_left_menu":"0","ocean_custom_header_template":"0","ocean_custom_logo":0,"ocean_custom_retina_logo":0,"ocean_custom_logo_max_width":0,"ocean_custom_logo_tablet_max_width":0,"ocean_custom_logo_mobile_max_width":0,"ocean_custom_logo_max_height":0,"ocean_custom_logo_tablet_max_height":0,"ocean_custom_logo_mobile_max_height":0,"ocean_header_custom_menu":"0","ocean_menu_typo_font_family":"0","ocean_menu_typo_font_subset":"","ocean_menu_typo_font_size":0,"ocean_menu_typo_font_size_tablet":0,"ocean_menu_typo_font_size_mobile":0,"ocean_menu_typo_font_size_unit":"px","ocean_menu_typo_font_weight":"","ocean_menu_typo_font_weight_tablet":"","ocean_menu_typo_font_weight_mobile":"","ocean_menu_typo_transform":"","ocean_menu_typo_transform_tablet":"","ocean_menu_typo_transform_mobile":"","ocean_menu_typo_line_height":0,"ocean_menu_typo_line_height_tablet":0,"ocean_menu_typo_line_height_mobile":0,"ocean_menu_typo_line_height_unit":"","ocean_menu_typo_spacing":0,"ocean_menu_typo_spacing_tablet":0,"ocean_menu_typo_spacing_mobile":0,"ocean_menu_typo_spacing_unit":"","ocean_menu_link_color":"","ocean_menu_link_color_hover":"","ocean_menu_link_color_active":"","ocean_menu_link_background":"","ocean_menu_link_hover_background":"","ocean_menu_link_active_background":"","ocean_menu_social_links_bg":"","ocean_menu_social_hover_links_bg":"","ocean_menu_social_links_color":"","ocean_menu_social_hover_links_color":"","ocean_disable_title":"default","ocean_disable_heading":"default","ocean_post_title":"","ocean_post_subheading":"","ocean_post_title_style":"","ocean_post_title_background_color":"","ocean_post_title_background":0,"ocean_post_title_bg_image_position":"","ocean_post_title_bg_image_attachment":"","ocean_post_title_bg_image_repeat":"","ocean_post_title_bg_image_size":"","ocean_post_title_height":0,"ocean_post_title_bg_overlay":0.5,"ocean_post_title_bg_overlay_color":"","ocean_disable_breadcrumbs":"default","ocean_breadcrumbs_color":"","ocean_breadcrumbs_separator_color":"","ocean_breadcrumbs_links_color":"","ocean_breadcrumbs_links_hover_color":"","ocean_display_footer_widgets":"default","ocean_display_footer_bottom":"default","ocean_custom_footer_template":"0","ofc_meta_disable_footer_callout":"","ofc_meta_callout_button_url":"","ofc_meta_callout_button_txt":"","ofc_meta_callout_text":"","osh_disable_topbar_sticky":"default","osh_disable_header_sticky":"default","osh_sticky_header_style":"default","osh_sticky_header_effect":"","osh_custom_sticky_logo":0,"osh_custom_retina_sticky_logo":0,"osh_custom_sticky_logo_height":0,"osh_background_color":"","osh_links_color":"","osh_links_hover_color":"","osh_links_active_color":"","osh_links_bg_color":"","osh_links_hover_bg_color":"","osh_links_active_bg_color":"","osh_menu_social_links_color":"","osh_menu_social_hover_links_color":"","footnotes":""},"class_list":["post-16981","page","type-page","status-publish","has-post-thumbnail","hentry","entry","has-media"],"jetpack_sharing_enabled":true,"jetpack_likes_enabled":true,"jetpack-related-posts":[],"jetpack_shortlink":"https:\/\/wp.me\/Pe7Cu3-4pT","_links":{"self":[{"href":"https:\/\/www.balticmedia.com\/it\/wp-json\/wp\/v2\/pages\/16981","targetHints":{"allow":["GET"]}}],"collection":[{"href":"https:\/\/www.balticmedia.com\/it\/wp-json\/wp\/v2\/pages"}],"about":[{"href":"https:\/\/www.balticmedia.com\/it\/wp-json\/wp\/v2\/types\/page"}],"author":[{"embeddable":true,"href":"https:\/\/www.balticmedia.com\/it\/wp-json\/wp\/v2\/users\/2"}],"replies":[{"embeddable":true,"href":"https:\/\/www.balticmedia.com\/it\/wp-json\/wp\/v2\/comments?post=16981"}],"version-history":[{"count":14,"href":"https:\/\/www.balticmedia.com\/it\/wp-json\/wp\/v2\/pages\/16981\/revisions"}],"predecessor-version":[{"id":138939,"href":"https:\/\/www.balticmedia.com\/it\/wp-json\/wp\/v2\/pages\/16981\/revisions\/138939"}],"up":[{"embeddable":true,"href":"https:\/\/www.balticmedia.com\/it\/wp-json\/wp\/v2\/pages\/12066"}],"wp:featuredmedia":[{"embeddable":true,"href":"https:\/\/www.balticmedia.com\/it\/wp-json\/wp\/v2\/media\/132225"}],"wp:attachment":[{"href":"https:\/\/www.balticmedia.com\/it\/wp-json\/wp\/v2\/media?parent=16981"}],"curies":[{"name":"wp","href":"https:\/\/api.w.org\/{rel}","templated":true}]}}