{"id":16291,"date":"2021-02-10T12:08:05","date_gmt":"2021-02-10T10:08:05","guid":{"rendered":"https:\/\/www.balticmedia.com\/servizi-di-traduzione-globale\/traduzione-di-siti-web\/seo-translation\/"},"modified":"2025-10-06T17:59:30","modified_gmt":"2025-10-06T14:59:30","slug":"seo-servizi-di-traduzione","status":"publish","type":"page","link":"https:\/\/www.balticmedia.com\/it\/traduzioni\/traduzione-di-siti-web\/seo-servizi-di-traduzione\/","title":{"rendered":"SEO Servizi di traduzione"},"content":{"rendered":"<div id=\"pl-16291\"  class=\"panel-layout\" ><div id=\"pg-16291-0\"  class=\"panel-grid panel-no-style\" ><div id=\"pgc-16291-0-0\"  class=\"panel-grid-cell\" ><div id=\"panel-16291-0-0-0\" class=\"so-panel widget widget_sow-image panel-first-child panel-last-child widgetopts-SO\" data-index=\"0\" ><div\n\t\t\t\n\t\t\tclass=\"so-widget-sow-image so-widget-sow-image-default-8b5b6f678277-16291\"\n\t\t\t\n\t\t>\n<div class=\"sow-image-container\">\n\t\t<img src=\"https:\/\/i0.wp.com\/www.balticmedia.com\/wp-content\/uploads\/2services-scaled.jpg?fit=2560%2C549&amp;ssl=1\" width=\"2560\" height=\"549\" srcset=\"https:\/\/i0.wp.com\/www.balticmedia.com\/wp-content\/uploads\/2services-scaled.jpg?w=2560&amp;ssl=1 2560w, https:\/\/i0.wp.com\/www.balticmedia.com\/wp-content\/uploads\/2services-scaled.jpg?resize=300%2C64&amp;ssl=1 300w, https:\/\/i0.wp.com\/www.balticmedia.com\/wp-content\/uploads\/2services-scaled.jpg?resize=1024%2C219&amp;ssl=1 1024w, https:\/\/i0.wp.com\/www.balticmedia.com\/wp-content\/uploads\/2services-scaled.jpg?resize=768%2C165&amp;ssl=1 768w, https:\/\/i0.wp.com\/www.balticmedia.com\/wp-content\/uploads\/2services-scaled.jpg?resize=1536%2C329&amp;ssl=1 1536w, https:\/\/i0.wp.com\/www.balticmedia.com\/wp-content\/uploads\/2services-scaled.jpg?resize=2048%2C439&amp;ssl=1 2048w, https:\/\/i0.wp.com\/www.balticmedia.com\/wp-content\/uploads\/2services-scaled.jpg?w=2400&amp;ssl=1 2400w\" title=\"SEO Servizi di traduzione\" alt=\"SEO Servizi di traduzione\" class=\"so-widget-image\">\n\t<\/div>\n\n<\/div><\/div><\/div><\/div><div id=\"pg-16291-1\"  class=\"panel-grid panel-no-style\" ><div id=\"pgc-16291-1-0\"  class=\"panel-grid-cell\" ><div id=\"panel-16291-1-0-0\" class=\"so-panel widget widget_sow-editor panel-first-child extendedwopts-hide extendedwopts-tablet extendedwopts-mobile widgetopts-SO\" data-index=\"1\" ><div\n\t\t\t\n\t\t\tclass=\"so-widget-sow-editor so-widget-sow-editor-base\"\n\t\t\t\n\t\t>\n<div class=\"siteorigin-widget-tinymce textwidget\">\n\t<pre><form aria-label=\"Search this website\" role=\"search\" method=\"get\" class=\"oceanwp-searchform\" id=\"searchform\" action=\"https:\/\/www.balticmedia.com\/it\/\"><input aria-label=\"Insert search query\" type=\"text\" class=\"field\" name=\"s\" id=\"s\" placeholder=\"Search\"><button aria-label=\"Submit your search\" type=\"submit\" class=\"search-submit\" value=\"\"><i class=\"icon-magnifier\" aria-hidden=\"true\"><\/i><\/button><\/form><\/pre>\n<\/div>\n<\/div><\/div><div id=\"panel-16291-1-0-1\" class=\"so-panel widget widget_ocean_custom_menu widget-oceanwp-custom-menu custom-menu-widget extendedwopts-hide extendedwopts-tablet extendedwopts-mobile widgetopts-SO\" data-index=\"2\" ><div class=\"oceanwp-custom-menu clr ocean_custom_menu-2 left dropdown-hover\"><ul id=\"menu-services-it\" class=\"dropdown-menu sf-menu\"><li  id=\"menu-item-42494\" class=\"menu-item menu-item-type-post_type menu-item-object-page menu-item-42494\"><a href=\"https:\/\/www.balticmedia.com\/it\/traduzioni\/\" class=\"menu-link\">Traduzioni professionali<\/a><\/li>\n<li  id=\"menu-item-42509\" class=\"menu-item menu-item-type-post_type menu-item-object-page menu-item-42509\"><a href=\"https:\/\/www.balticmedia.com\/it\/traduzione\/\" class=\"menu-link\">Traduzione<\/a><\/li>\n<li  id=\"menu-item-42507\" class=\"menu-item menu-item-type-post_type menu-item-object-page menu-item-42507\"><a href=\"https:\/\/www.balticmedia.com\/it\/traduzioni\/traduzione-automatica\/\" class=\"menu-link\">Traduzione automatica\u00a0| Revisione di traduzioni automatiche<\/a><\/li>\n<li  id=\"menu-item-42506\" class=\"menu-item menu-item-type-post_type menu-item-object-page menu-item-42506\"><a href=\"https:\/\/www.balticmedia.com\/it\/traduzioni\/localizzazione\/\" class=\"menu-link\">Localizzazione<\/a><\/li>\n<li  id=\"menu-item-42514\" class=\"menu-item menu-item-type-post_type menu-item-object-page menu-item-42514\"><a href=\"https:\/\/www.balticmedia.com\/it\/traduzioni-certificate\/\" class=\"menu-link\">Traduzioni certificate | Traduttore giurato<\/a><\/li>\n<li  id=\"menu-item-42510\" class=\"menu-item menu-item-type-post_type menu-item-object-page menu-item-42510\"><a href=\"https:\/\/www.balticmedia.com\/it\/traduzioni\/traduzione-di-documenti\/\" class=\"menu-link\">Traduzione di documenti<\/a><\/li>\n<li  id=\"menu-item-42516\" class=\"menu-item menu-item-type-post_type menu-item-object-page menu-item-42516\"><a href=\"https:\/\/www.balticmedia.com\/it\/traduzioni-techniche\/\" class=\"menu-link\">Traduzioni techniche<\/a><\/li>\n<li  id=\"menu-item-100593\" class=\"menu-item menu-item-type-post_type menu-item-object-page menu-item-100593\"><a href=\"https:\/\/www.balticmedia.com\/it\/traduzioni\/traduzione-di-siti-web\/\" class=\"menu-link\">Traduzione di siti web<\/a><\/li>\n<li  id=\"menu-item-42512\" class=\"menu-item menu-item-type-post_type menu-item-object-page menu-item-42512\"><a href=\"https:\/\/www.balticmedia.com\/it\/traduzioni\/traduzione-di-siti-web\/seo-servizi-di-traduzione\/\" class=\"menu-link\">SEO Servizi di traduzione<\/a><\/li>\n<li  id=\"menu-item-42511\" class=\"menu-item menu-item-type-post_type menu-item-object-page menu-item-42511\"><a href=\"https:\/\/www.balticmedia.com\/it\/traduzioni\/traduzione-di-documenti-legali\/\" class=\"menu-link\">Traduzione di documenti legali<\/a><\/li>\n<li  id=\"menu-item-100592\" class=\"menu-item menu-item-type-post_type menu-item-object-page menu-item-100592\"><a href=\"https:\/\/www.balticmedia.com\/it\/traduzioni\/traduzioni-commerciali\/\" class=\"menu-link\">Traduzioni commerciali<\/a><\/li>\n<li  id=\"menu-item-42515\" class=\"menu-item menu-item-type-post_type menu-item-object-page menu-item-42515\"><a href=\"https:\/\/www.balticmedia.com\/it\/traduzione-medica-e-farmaceutica\/\" class=\"menu-link\">Traduzione medica e farmaceutica<\/a><\/li>\n<li  id=\"menu-item-42499\" class=\"menu-item menu-item-type-post_type menu-item-object-page menu-item-42499\"><a href=\"https:\/\/www.balticmedia.com\/it\/traduzioni\/copywriting\/\" class=\"menu-link\">Copywriting<\/a><\/li>\n<li  id=\"menu-item-42508\" class=\"menu-item menu-item-type-post_type menu-item-object-page menu-item-42508\"><a href=\"https:\/\/www.balticmedia.com\/it\/traduzioni\/sottotitolaggio-doppiaggio-e-voice-over\/\" class=\"menu-link\">Sottotitolaggio, doppiaggio e voice-over<\/a><\/li>\n<li  id=\"menu-item-42517\" class=\"menu-item menu-item-type-post_type menu-item-object-page menu-item-42517\"><a href=\"https:\/\/www.balticmedia.com\/it\/traduzioni\/trascrizione\/\" class=\"menu-link\">Trascrizione<\/a><\/li>\n<li  id=\"menu-item-42501\" class=\"menu-item menu-item-type-post_type menu-item-object-page menu-item-42501\"><a href=\"https:\/\/www.balticmedia.com\/it\/traduzioni\/editing\/\" class=\"menu-link\">Servizio di Editing  Revisione Linguistica<\/a><\/li>\n<li  id=\"menu-item-42500\" class=\"menu-item menu-item-type-post_type menu-item-object-page menu-item-42500\"><a href=\"https:\/\/www.balticmedia.com\/it\/traduzioni\/dtp-progettazione-grafica\/\" class=\"menu-link\">DTP (progettazione grafica)<\/a><\/li>\n<li  id=\"menu-item-42502\" class=\"menu-item menu-item-type-post_type menu-item-object-page menu-item-42502\"><a href=\"https:\/\/www.balticmedia.com\/it\/interpretariato\/\" class=\"menu-link\">Interpretariato<\/a><\/li>\n<li  id=\"menu-item-42503\" class=\"menu-item menu-item-type-post_type menu-item-object-page menu-item-42503\"><a href=\"https:\/\/www.balticmedia.com\/it\/interpretariato\/interpretariato-consecutivo\/\" class=\"menu-link\">Interpretariato consecutivo<\/a><\/li>\n<li  id=\"menu-item-42505\" class=\"menu-item menu-item-type-post_type menu-item-object-page menu-item-42505\"><a href=\"https:\/\/www.balticmedia.com\/it\/interpretariato\/servizi-di-interpretariato-simultaneo\/\" class=\"menu-link\">Servizi di interpretariato simultaneo<\/a><\/li>\n<li  id=\"menu-item-42504\" class=\"menu-item menu-item-type-post_type menu-item-object-page menu-item-42504\"><a href=\"https:\/\/www.balticmedia.com\/it\/interpretariato\/interpretariato-via-telefono-o-skype-zoom-meet\/\" class=\"menu-link\">Interpretariato via telefono o Skype, Zoom, Meet<\/a><\/li>\n<li  id=\"menu-item-42495\" class=\"menu-item menu-item-type-post_type menu-item-object-page menu-item-42495\"><a href=\"https:\/\/www.balticmedia.com\/it\/apprendimento-delle-lingue\/\" class=\"menu-link\">Apprendimento delle lingue<\/a><\/li>\n<li  id=\"menu-item-42498\" class=\"menu-item menu-item-type-post_type menu-item-object-page menu-item-42498\"><a href=\"https:\/\/www.balticmedia.com\/it\/perche-scegliere-baltic-media-language-training-centre\/\" class=\"menu-link\">Perch\u00e9 scegliere Baltic Media Language Training Centre?<\/a><\/li>\n<li  id=\"menu-item-42496\" class=\"menu-item menu-item-type-post_type menu-item-object-page menu-item-42496\"><a href=\"https:\/\/www.balticmedia.com\/it\/apprendimento-delle-lingue\/come-possono-i-corsi-di-lingua-incrementare-il-tuo-business\/\" class=\"menu-link\">Come possono i corsi di lingua incrementare il tuo business?<\/a><\/li>\n<li  id=\"menu-item-103720\" class=\"menu-item menu-item-type-post_type menu-item-object-page menu-item-103720\"><a href=\"https:\/\/www.balticmedia.com\/it\/corso-di-base-di-lingua-lettone\/\" class=\"menu-link\">Corso di base di lingua lettone | Corsi di lingua lettone<\/a><\/li>\n<\/ul><\/div><\/div><div id=\"panel-16291-1-0-2\" class=\"so-panel widget widget_ocean_custom_menu widget-oceanwp-custom-menu custom-menu-widget panel-last-child extendedwopts-hide extendedwopts-tablet extendedwopts-mobile widgetopts-SO\" data-index=\"3\" ><div class=\"oceanwp-custom-menu clr ocean_custom_menu-2 left dropdown-hover\"><ul id=\"menu-partner-it\" class=\"dropdown-menu sf-menu\"><li  id=\"menu-item-14920\" class=\"menu-item menu-item-type-custom menu-item-object-custom menu-item-14920\"><a target=\"_blank\" href=\"https:\/\/balticmedia.s.xtrf.eu\/vendors\/#\/sign-in\" class=\"menu-link\" rel=\"nofollow noopener\"><i class=\"icon before line-icon icon-briefcase\" aria-hidden=\"true\" style=\"font-size:2em;\"><\/i><span class=\"menu-text\">Portale collaboratori<\/span><\/a><\/li>\n<li  id=\"menu-item-14921\" class=\"menu-item menu-item-type-custom menu-item-object-custom menu-item-14921\"><a target=\"_blank\" href=\"https:\/\/www.balticmedia.com\/wp-content\/uploads\/11-Reasons-to-Choose-Baltic-Media-2026.pdf\" class=\"menu-link\"><i class=\"icon before line-icon icon-people\" aria-hidden=\"true\" style=\"font-size:2em;\"><\/i><span class=\"menu-text\">Profilo aziendale<\/span><\/a><\/li>\n<li  id=\"menu-item-14922\" class=\"menu-item menu-item-type-custom menu-item-object-custom menu-item-14922\"><a target=\"_blank\" href=\"https:\/\/www.balticmedia.com\/wp-content\/uploads\/agenzia-traduzioni-it.pdf\" class=\"menu-link\"><i class=\"icon before line-icon icon-organization\" aria-hidden=\"true\" style=\"font-size:2em;\"><\/i><span class=\"menu-text\">Traduzione. Fase per fase<\/span><\/a><\/li>\n<li  id=\"menu-item-14923\" class=\"menu-item menu-item-type-custom menu-item-object-custom menu-item-14923\"><a target=\"_blank\" href=\"https:\/\/www.balticmedia.com\/wp-content\/uploads\/Baltic-Media-Ltd.-Service-Terms-and-Conditions.pdf\" class=\"menu-link\"><i class=\"icon before line-icon icon-docs\" aria-hidden=\"true\" style=\"font-size:2em;\"><\/i><span class=\"menu-text\">Termini e condizioni di servizio (EN)<\/span><\/a><\/li>\n<li  id=\"menu-item-14924\" class=\"menu-item menu-item-type-custom menu-item-object-custom menu-item-14924\"><a target=\"_blank\" href=\"https:\/\/www.balticmedia.com\/wp-content\/uploads\/iSO-certificate-2023.png\" class=\"menu-link\"><i class=\"icon before line-icon icon-doc\" aria-hidden=\"true\" style=\"font-size:2em;\"><\/i><span class=\"menu-text\">ISO 9001:2015 Quality Certification<\/span><\/a><\/li>\n<li  id=\"menu-item-14925\" class=\"menu-item menu-item-type-custom menu-item-object-custom menu-item-14925\"><a href=\"https:\/\/www.balticmedia.com\/wp-content\/uploads\/362531_copyrighttrademarkbalticmedia.pdf\" class=\"menu-link\"><i class=\"icon before line-icon icon-info\" aria-hidden=\"true\" style=\"font-size:2em;\"><\/i><span class=\"menu-text\">Copyright | Trademark Baltic Media<sup>\u00ae<\/sup><\/span><\/a><\/li>\n<\/ul><\/div><\/div><\/div><div id=\"pgc-16291-1-1\"  class=\"panel-grid-cell\" ><div id=\"panel-16291-1-1-0\" class=\"so-panel widget widget_sow-editor panel-first-child panel-last-child widgetopts-hide_title widgetopts-SO\" data-index=\"4\" ><div\n\t\t\t\n\t\t\tclass=\"so-widget-sow-editor so-widget-sow-editor-base\"\n\t\t\t\n\t\t><h3 class=\"widget-title\">Servizi di traduzione SEO (ottimizzazione dei motori di ricerca)\u00a0<\/h3>\n<div class=\"siteorigin-widget-tinymce textwidget\">\n\t<h1><strong>SEO Servizi di traduzione<\/strong><\/h1>\n<h2><strong>Servizi di traduzione SEO (ottimizzazione dei motori di ricerca)\u00a0<\/strong><\/h2>\n<h3 class=\"query-text ng-tns-c783734176-14 ng-star-inserted\" dir=\"ltr\"><span id=\"Traduzioni_professionali_Servizi_di_traduzione_professionale_nel_Nord_Europa_con_lagenzia_di_traduzione_Baltic_MediaR\"><span class=\"Y2IQFc\" lang=\"it\">Servizi di traduzione professionale nel Nord Europa con l'agenzia di traduzione\u00a0<\/span>Baltic Media<sup>\u00ae<\/sup><\/span><\/h3>\n<h4 id=\"tw-target-text\" class=\"tw-data-text tw-text-large tw-ta\" dir=\"ltr\" data-placeholder=\"\u00d6vers\u00e4ttning\" data-ved=\"2ahUKEwi-wpWZnI-CAxVDgv0HHYtmChwQ3ewLegQIDRAQ\"><span id=\"Traduzione_professionale_dallitaliano_al_nordico_e_altre_lingue\"><span class=\"Y2IQFc\" lang=\"it\">Traduzione professionale dall'italiano al nordico e altre lingue\u00a0<\/span><\/span><\/h4>\n<p>L'agenzia di traduzione nordica-baltica Baltic Media<sup>\u00ae<\/sup> offre ai suoi clienti:<\/p>\n<p><iframe loading=\"lazy\" title=\"YouTube video player\" src=\"https:\/\/www.youtube-nocookie.com\/embed\/2-m4XAqTCT0?si=1Pt4zvJUrQwd3LUO\" width=\"560\" height=\"315\" frameborder=\"0\" allowfullscreen=\"allowfullscreen\"><\/iframe><\/p>\n<ul>\n<li>Modifica dei contenuti incorporando parole chiave secondo i principi del SEO;<\/li>\n<li>Traduzione SEO: La traduzione SEO non \u00e8 una traduzione diretta. \u00c8 necessario fare ricerche in ogni paese per sapere se la traduzione diretta \u00e8 ci\u00f2 che la gente di quel paese cerca, o se \u00e8 necessario qualcosa di diverso;<\/li>\n<li>Sviluppo del testo della home page secondo i principi del SEO.<\/li>\n<\/ul>\n<p><img data-recalc-dims=\"1\" loading=\"lazy\" decoding=\"async\" class=\"alignnone wp-image-6507 size-medium\" src=\"https:\/\/i0.wp.com\/www.balticmedia.com\/wp-content\/uploads\/logo_ar_globusu_stillbild_kvadrats.jpg?resize=300%2C187&#038;ssl=1\" alt=\"Servizi di traduzione SEO (ottimizzazione dei motori di ricerca)\u00a0\" width=\"300\" height=\"187\" title=\"\"><\/p>\n<p>L'ottimizzazione dei motori di ricerca (SEO) \u00e8 il processo di miglioramento della visibilit\u00e0 di un sito o di una pagina web nei motori di ricerca attraverso i risultati di ricerca \"naturali\" o non pagati (\"organici\" o \"algoritmici\"). In generale, prima (o pi\u00f9 in alto nella pagina dei risultati di ricerca), e pi\u00f9 frequentemente un sito appare nella lista dei risultati di ricerca, pi\u00f9 visitatori ricever\u00e0 dagli utenti del motore di ricerca. Il SEO pu\u00f2 mirare a diversi tipi di ricerca, tra cui la ricerca di immagini, la ricerca locale, la ricerca video, la ricerca accademica, la ricerca di notizie e i motori di ricerca verticali specifici del settore.<\/p>\n<p><img data-recalc-dims=\"1\" loading=\"lazy\" decoding=\"async\" class=\"alignnone wp-image-62839 size-medium\" src=\"https:\/\/i0.wp.com\/www.balticmedia.com\/wp-content\/uploads\/balticmedia_logo_1024x297.png?resize=300%2C87&#038;ssl=1\" alt=\"SEO Servizi di traduzione\" width=\"300\" height=\"87\" title=\"\"><\/p>\n<h2>Come funziona la traduzione SEO? Processo di traduzione SEO passo dopo passo<\/h2>\n<p>Naturalmente, la traduzione SEO \u00e8 meglio fatta da un traduttore professionista - un essere umano. Le applicazioni di traduzione automatica non lo faranno con successo. Allora il tuo sito sar\u00e0 ben trovato nei motori di ricerca internet per le parole chiave di cui hai bisogno in diverse lingue e diversi mercati.<\/p>\n<p><strong>Si prega di notare quanto segue:<\/strong><\/p>\n<ul>\n<li>Preparate un testo sorgente di alta qualit\u00e0 che includa le parole chiave di cui avete bisogno. Se ce lo affidi, fornisci una lista di parole chiave attese e indica il paese in cui vuoi che la tua pagina sia trovata. Il nostro redattore di testi o traduttore affiner\u00e0 le parole chiave di cui hai bisogno e le includer\u00e0 nel testo sorgente o nella traduzione. Prepara anche le meta informazioni (titolo della pagina, meta descrizione del testo dell'URL). La parola chiave deve essere inclusa nell'URL (non deve essere nel nome del dominio, \u00e8 sufficiente includere l'URL), nel tag title e meta description, cos\u00ec come nei titoli H1, H2, H3 e pi\u00f9 volte nel primo paragrafo. Questo aumenter\u00e0 il numero di clic sulla tua pagina.<\/li>\n<\/ul>\n<p><img data-recalc-dims=\"1\" loading=\"lazy\" decoding=\"async\" class=\"alignnone wp-image-10289 size-full\" src=\"https:\/\/i0.wp.com\/www.balticmedia.com\/wp-content\/uploads\/seo-translation-is-best-done-by-a-professional-translator-a-human-being.png?resize=835%2C168&#038;ssl=1\" alt=\"SEO translation is best done by a professional translator - a human being\" width=\"835\" height=\"168\" title=\"\"><\/p>\n<p>Potete presentare una lista di parole chiave preferite per ogni singola pagina di testo nella lingua di destinazione di cui avete bisogno ordinando una traduzione SEO da noi. Il traduttore integrer\u00e0 queste parole nella traduzione. Se non le conoscete, il nostro traduttore le selezioner\u00e0 in base alle vostre indicazioni. Si tratta di un servizio a pagamento separato dopo il tempo speso. Puoi trovare le parole pi\u00f9 ricercate in ogni paese e lingua del tuo settore in vari strumenti SEO, come <a href=\"https:\/\/ads.google.com\/home\/tools\/keyword-planner\/\" rel=\"nofollow noopener\" target=\"_blank\">Google Keyword Planner<\/a> o Ubersuggest di Neil Patel e altri.<\/p>\n<h2>Quanto costa la traduzione SEO?<\/h2>\n<p>Pagherai per il numero di parole nel testo di partenza. \u00c8 pi\u00f9 economico presentare una lista di parole chiave che hai gi\u00e0 trovato per ogni lingua per integrare le parole chiave nella traduzione. Se dobbiamo cercarle, allora per i costi di traduzione aggiuntivi, dovrai pagare anche il tempo impiegato per trovare le parole chiave in ogni lingua e il mercato ad una tariffa oraria.<\/p>\n<div>\n<h2>Baltic Media<sup>\u00ae<\/sup>: agenzia di traduzioni nel Nord Europa<\/h2>\n<p>Con sede nell\u2019Europa settentrionale, Baltic Media<sup>\u00ae<\/sup> \u00e8 l\u2019agenzia di traduzioni dei paesi nordici leader nel campo dei servizi di traduzione digitali ed \u00e8 specializzata in lingue nordiche europee (lingue nordiche, baltiche e slave incluse). Baltic Media<sup>\u00ae<\/sup> si occupa principalmente di traduzioni da\/verso svedese, finlandese, danese, islandese, faroese, norvegese, tedesco, inglese, polacco, russo, estone, lettone e lituano.<\/p>\n<p>In qualit\u00e0 di fornitore di servizi linguistici certificato ISO, Baltic Media<sup>\u00ae<\/sup> offre servizi di traduzione umana ad aziende, enti governativi e clienti privati.<\/p>\n<h2>Referenze dei clienti<\/h2>\n<p><strong>Alcuni dei nostri ultimi progetti nei paesi nordici:<\/strong><\/p>\n<p>Siti e-commerce di Headbrands in finlandese, danese, norvegese. HeadBrands \u00e8 un grossista nordico di parrucchieri.<\/p>\n<p>Traduzione dallo svedese.<\/p>\n<p><strong><a href=\"https:\/\/www.weleda.se\/\" rel=\"nofollow noopener\" target=\"_blank\">Weleda.se<\/a><\/strong> Weleda \u00e8 l'azienda pi\u00f9 grande e sostenibile al mondo nella cura naturale della pelle ed \u00e8 oggi rappresentata in oltre 50 paesi. Traduzione nelle lingue nordiche.<\/p>\n<\/div>\n<h3><a href=\"\/it\/chi-siamo\/perche-scegliere-baltic-media\/\">Perch\u00e9 scegliere l\u2019agenzia di traduzione nordico-baltica Baltic Media<sup>\u00ae<\/sup>?<\/a><\/h3>\n<h3><a href=\"\/it\/prezzo\/\">Come ridurre i costi di traduzione senza sacrificarne la qualit\u00e0<\/a><\/h3>\n<h3><a href=\"\/it\/chi-siamo\/traduzione-umana\/\">Perch\u00e9 i servizi di traduzione umana sono la soluzione ideale per te?<\/a><\/h3>\n<h3><a href=\"https:\/\/www.balticmedia.com\/it\/servizi-di-traduzione-globale\/traduzione-automatica\/\">Puoi tradurre testi usando Google, Bing, Microsoft, Tilde, Yandex e affidarcene la revisione!<\/a><\/h3>\n<h3><a href=\"https:\/\/www.balticmedia.com\/it\/prezzo-quota\/\">Richiedi un preventivo gratuito<\/a><\/h3>\n<h3><a href=\"https:\/\/www.balticmedia.com\/it\/richiesta-di-informazioni\/\">Richiedi informazioni<\/a><\/h3>\n<h3><a href=\"mailto:info@balticmedia.com\">E-mail<\/a><\/h3>\n<p>&nbsp;<\/p>\n<\/div>\n<\/div><\/div><\/div><\/div><\/div>","protected":false},"excerpt":{"rendered":"<p>SEO Servizi di traduzione Servizi di traduzione SEO (ottimizzazione dei motori di ricerca)\u00a0 Servizi di traduzione professionale nel Nord Europa con l&#8217;agenzia di traduzione\u00a0Baltic Media\u00ae Traduzione professionale dall&#8217;italiano al nordico e altre lingue\u00a0 L&#8217;agenzia di traduzione nordica-baltica Baltic Media\u00ae offre ai suoi clienti: Modifica dei contenuti incorporando parole chiave secondo i principi del SEO; Traduzione [&hellip;]<\/p>\n","protected":false},"author":2,"featured_media":131097,"parent":13702,"menu_order":0,"comment_status":"closed","ping_status":"closed","template":"","meta":{"ocean_post_layout":"","ocean_both_sidebars_style":"","ocean_both_sidebars_content_width":0,"ocean_both_sidebars_sidebars_width":0,"ocean_sidebar":"0","ocean_second_sidebar":"0","ocean_disable_margins":"enable","ocean_add_body_class":"","ocean_shortcode_before_top_bar":"","ocean_shortcode_after_top_bar":"","ocean_shortcode_before_header":"","ocean_shortcode_after_header":"","ocean_has_shortcode":"","ocean_shortcode_after_title":"","ocean_shortcode_before_footer_widgets":"","ocean_shortcode_after_footer_widgets":"","ocean_shortcode_before_footer_bottom":"","ocean_shortcode_after_footer_bottom":"","ocean_display_top_bar":"default","ocean_display_header":"default","ocean_header_style":"","ocean_center_header_left_menu":"0","ocean_custom_header_template":"0","ocean_custom_logo":0,"ocean_custom_retina_logo":0,"ocean_custom_logo_max_width":0,"ocean_custom_logo_tablet_max_width":0,"ocean_custom_logo_mobile_max_width":0,"ocean_custom_logo_max_height":0,"ocean_custom_logo_tablet_max_height":0,"ocean_custom_logo_mobile_max_height":0,"ocean_header_custom_menu":"0","ocean_menu_typo_font_family":"0","ocean_menu_typo_font_subset":"","ocean_menu_typo_font_size":0,"ocean_menu_typo_font_size_tablet":0,"ocean_menu_typo_font_size_mobile":0,"ocean_menu_typo_font_size_unit":"px","ocean_menu_typo_font_weight":"","ocean_menu_typo_font_weight_tablet":"","ocean_menu_typo_font_weight_mobile":"","ocean_menu_typo_transform":"","ocean_menu_typo_transform_tablet":"","ocean_menu_typo_transform_mobile":"","ocean_menu_typo_line_height":0,"ocean_menu_typo_line_height_tablet":0,"ocean_menu_typo_line_height_mobile":0,"ocean_menu_typo_line_height_unit":"","ocean_menu_typo_spacing":0,"ocean_menu_typo_spacing_tablet":0,"ocean_menu_typo_spacing_mobile":0,"ocean_menu_typo_spacing_unit":"","ocean_menu_link_color":"","ocean_menu_link_color_hover":"","ocean_menu_link_color_active":"","ocean_menu_link_background":"","ocean_menu_link_hover_background":"","ocean_menu_link_active_background":"","ocean_menu_social_links_bg":"","ocean_menu_social_hover_links_bg":"","ocean_menu_social_links_color":"","ocean_menu_social_hover_links_color":"","ocean_disable_title":"default","ocean_disable_heading":"default","ocean_post_title":"","ocean_post_subheading":"","ocean_post_title_style":"","ocean_post_title_background_color":"","ocean_post_title_background":0,"ocean_post_title_bg_image_position":"","ocean_post_title_bg_image_attachment":"","ocean_post_title_bg_image_repeat":"","ocean_post_title_bg_image_size":"","ocean_post_title_height":0,"ocean_post_title_bg_overlay":0.5,"ocean_post_title_bg_overlay_color":"","ocean_disable_breadcrumbs":"default","ocean_breadcrumbs_color":"","ocean_breadcrumbs_separator_color":"","ocean_breadcrumbs_links_color":"","ocean_breadcrumbs_links_hover_color":"","ocean_display_footer_widgets":"default","ocean_display_footer_bottom":"default","ocean_custom_footer_template":"0","ofc_meta_disable_footer_callout":"","ofc_meta_callout_button_url":"","ofc_meta_callout_button_txt":"","ofc_meta_callout_text":"","osh_disable_topbar_sticky":"default","osh_disable_header_sticky":"default","osh_sticky_header_style":"default","osh_sticky_header_effect":"","osh_custom_sticky_logo":0,"osh_custom_retina_sticky_logo":0,"osh_custom_sticky_logo_height":0,"osh_background_color":"","osh_links_color":"","osh_links_hover_color":"","osh_links_active_color":"","osh_links_bg_color":"","osh_links_hover_bg_color":"","osh_links_active_bg_color":"","osh_menu_social_links_color":"","osh_menu_social_hover_links_color":"","footnotes":""},"class_list":["post-16291","page","type-page","status-publish","has-post-thumbnail","hentry","entry","has-media"],"jetpack_sharing_enabled":true,"jetpack_likes_enabled":true,"jetpack-related-posts":[],"jetpack_shortlink":"https:\/\/wp.me\/Pe7Cu3-4eL","_links":{"self":[{"href":"https:\/\/www.balticmedia.com\/it\/wp-json\/wp\/v2\/pages\/16291","targetHints":{"allow":["GET"]}}],"collection":[{"href":"https:\/\/www.balticmedia.com\/it\/wp-json\/wp\/v2\/pages"}],"about":[{"href":"https:\/\/www.balticmedia.com\/it\/wp-json\/wp\/v2\/types\/page"}],"author":[{"embeddable":true,"href":"https:\/\/www.balticmedia.com\/it\/wp-json\/wp\/v2\/users\/2"}],"replies":[{"embeddable":true,"href":"https:\/\/www.balticmedia.com\/it\/wp-json\/wp\/v2\/comments?post=16291"}],"version-history":[{"count":11,"href":"https:\/\/www.balticmedia.com\/it\/wp-json\/wp\/v2\/pages\/16291\/revisions"}],"predecessor-version":[{"id":139991,"href":"https:\/\/www.balticmedia.com\/it\/wp-json\/wp\/v2\/pages\/16291\/revisions\/139991"}],"up":[{"embeddable":true,"href":"https:\/\/www.balticmedia.com\/it\/wp-json\/wp\/v2\/pages\/13702"}],"wp:featuredmedia":[{"embeddable":true,"href":"https:\/\/www.balticmedia.com\/it\/wp-json\/wp\/v2\/media\/131097"}],"wp:attachment":[{"href":"https:\/\/www.balticmedia.com\/it\/wp-json\/wp\/v2\/media?parent=16291"}],"curies":[{"name":"wp","href":"https:\/\/api.w.org\/{rel}","templated":true}]}}