{"id":15517,"date":"2021-02-10T12:48:09","date_gmt":"2021-02-10T10:48:09","guid":{"rendered":"https:\/\/www.balticmedia.com\/servizi-di-traduzione-globale\/subtitle-translation-video-subtitle-translations\/"},"modified":"2025-09-29T11:03:34","modified_gmt":"2025-09-29T08:03:34","slug":"sottotitolaggio-doppiaggio-e-voice-over","status":"publish","type":"page","link":"https:\/\/www.balticmedia.com\/it\/traduzioni\/sottotitolaggio-doppiaggio-e-voice-over\/","title":{"rendered":"Sottotitolaggio, doppiaggio e voice-over"},"content":{"rendered":"<div id=\"pl-15517\"  class=\"panel-layout\" ><div id=\"pg-15517-0\"  class=\"panel-grid panel-no-style\" ><div id=\"pgc-15517-0-0\"  class=\"panel-grid-cell\" ><div id=\"panel-15517-0-0-0\" class=\"so-panel widget widget_sow-image panel-first-child panel-last-child widgetopts-SO\" data-index=\"0\" ><div\n\t\t\t\n\t\t\tclass=\"so-widget-sow-image so-widget-sow-image-default-8b5b6f678277-15517\"\n\t\t\t\n\t\t>\n<div class=\"sow-image-container\">\n\t\t<img src=\"https:\/\/i0.wp.com\/www.balticmedia.com\/wp-content\/uploads\/2servicessubtitling_dubbing_and_voiceover-scaled.jpg?fit=2560%2C549&amp;ssl=1\" width=\"2560\" height=\"549\" srcset=\"https:\/\/i0.wp.com\/www.balticmedia.com\/wp-content\/uploads\/2servicessubtitling_dubbing_and_voiceover-scaled.jpg?w=2560&amp;ssl=1 2560w, https:\/\/i0.wp.com\/www.balticmedia.com\/wp-content\/uploads\/2servicessubtitling_dubbing_and_voiceover-scaled.jpg?resize=300%2C64&amp;ssl=1 300w, https:\/\/i0.wp.com\/www.balticmedia.com\/wp-content\/uploads\/2servicessubtitling_dubbing_and_voiceover-scaled.jpg?resize=1024%2C219&amp;ssl=1 1024w, https:\/\/i0.wp.com\/www.balticmedia.com\/wp-content\/uploads\/2servicessubtitling_dubbing_and_voiceover-scaled.jpg?resize=768%2C165&amp;ssl=1 768w, https:\/\/i0.wp.com\/www.balticmedia.com\/wp-content\/uploads\/2servicessubtitling_dubbing_and_voiceover-scaled.jpg?resize=1536%2C329&amp;ssl=1 1536w, https:\/\/i0.wp.com\/www.balticmedia.com\/wp-content\/uploads\/2servicessubtitling_dubbing_and_voiceover-scaled.jpg?resize=2048%2C439&amp;ssl=1 2048w, https:\/\/i0.wp.com\/www.balticmedia.com\/wp-content\/uploads\/2servicessubtitling_dubbing_and_voiceover-scaled.jpg?w=2400&amp;ssl=1 2400w\" title=\"Sottotitolaggio, doppiaggio e voice-over\" alt=\"Sottotitolaggio, doppiaggio e voice-over\" class=\"so-widget-image\">\n\t<\/div>\n\n<\/div><\/div><\/div><\/div><div id=\"pg-15517-1\"  class=\"panel-grid panel-no-style\" ><div id=\"pgc-15517-1-0\"  class=\"panel-grid-cell\" ><div id=\"panel-15517-1-0-0\" class=\"so-panel widget widget_sow-editor panel-first-child extendedwopts-hide extendedwopts-tablet extendedwopts-mobile widgetopts-SO\" data-index=\"1\" ><div\n\t\t\t\n\t\t\tclass=\"so-widget-sow-editor so-widget-sow-editor-base\"\n\t\t\t\n\t\t>\n<div class=\"siteorigin-widget-tinymce textwidget\">\n\t<pre><form aria-label=\"Search this website\" role=\"search\" method=\"get\" class=\"oceanwp-searchform\" id=\"searchform\" action=\"https:\/\/www.balticmedia.com\/it\/\"><input aria-label=\"Insert search query\" type=\"text\" class=\"field\" name=\"s\" id=\"s\" placeholder=\"Search\"><button aria-label=\"Submit your search\" type=\"submit\" class=\"search-submit\" value=\"\"><i class=\"icon-magnifier\" aria-hidden=\"true\"><\/i><\/button><\/form><\/pre>\n<\/div>\n<\/div><\/div><div id=\"panel-15517-1-0-1\" class=\"so-panel widget widget_ocean_custom_menu widget-oceanwp-custom-menu custom-menu-widget extendedwopts-hide extendedwopts-tablet extendedwopts-mobile widgetopts-SO\" data-index=\"2\" ><div class=\"oceanwp-custom-menu clr ocean_custom_menu-2 left dropdown-hover\"><ul id=\"menu-services-it\" class=\"dropdown-menu sf-menu\"><li  id=\"menu-item-42494\" class=\"menu-item menu-item-type-post_type menu-item-object-page menu-item-42494\"><a href=\"https:\/\/www.balticmedia.com\/it\/traduzioni\/\" class=\"menu-link\">Traduzioni professionali<\/a><\/li>\n<li  id=\"menu-item-42509\" class=\"menu-item menu-item-type-post_type menu-item-object-page menu-item-42509\"><a href=\"https:\/\/www.balticmedia.com\/it\/traduzione\/\" class=\"menu-link\">Traduzione<\/a><\/li>\n<li  id=\"menu-item-42507\" class=\"menu-item menu-item-type-post_type menu-item-object-page menu-item-42507\"><a href=\"https:\/\/www.balticmedia.com\/it\/traduzioni\/traduzione-automatica\/\" class=\"menu-link\">Traduzione automatica\u00a0| Revisione di traduzioni automatiche<\/a><\/li>\n<li  id=\"menu-item-42506\" class=\"menu-item menu-item-type-post_type menu-item-object-page menu-item-42506\"><a href=\"https:\/\/www.balticmedia.com\/it\/traduzioni\/localizzazione\/\" class=\"menu-link\">Localizzazione<\/a><\/li>\n<li  id=\"menu-item-42514\" class=\"menu-item menu-item-type-post_type menu-item-object-page menu-item-42514\"><a href=\"https:\/\/www.balticmedia.com\/it\/traduzioni-certificate\/\" class=\"menu-link\">Traduzioni certificate | Traduttore giurato<\/a><\/li>\n<li  id=\"menu-item-42510\" class=\"menu-item menu-item-type-post_type menu-item-object-page menu-item-42510\"><a href=\"https:\/\/www.balticmedia.com\/it\/traduzioni\/traduzione-di-documenti\/\" class=\"menu-link\">Traduzione di documenti<\/a><\/li>\n<li  id=\"menu-item-42516\" class=\"menu-item menu-item-type-post_type menu-item-object-page menu-item-42516\"><a href=\"https:\/\/www.balticmedia.com\/it\/traduzioni-techniche\/\" class=\"menu-link\">Traduzioni techniche<\/a><\/li>\n<li  id=\"menu-item-100593\" class=\"menu-item menu-item-type-post_type menu-item-object-page menu-item-100593\"><a href=\"https:\/\/www.balticmedia.com\/it\/traduzioni\/traduzione-di-siti-web\/\" class=\"menu-link\">Traduzione di siti web<\/a><\/li>\n<li  id=\"menu-item-42512\" class=\"menu-item menu-item-type-post_type menu-item-object-page menu-item-42512\"><a href=\"https:\/\/www.balticmedia.com\/it\/traduzioni\/traduzione-di-siti-web\/seo-servizi-di-traduzione\/\" class=\"menu-link\">SEO Servizi di traduzione<\/a><\/li>\n<li  id=\"menu-item-42511\" class=\"menu-item menu-item-type-post_type menu-item-object-page menu-item-42511\"><a href=\"https:\/\/www.balticmedia.com\/it\/traduzioni\/traduzione-di-documenti-legali\/\" class=\"menu-link\">Traduzione di documenti legali<\/a><\/li>\n<li  id=\"menu-item-100592\" class=\"menu-item menu-item-type-post_type menu-item-object-page menu-item-100592\"><a href=\"https:\/\/www.balticmedia.com\/it\/traduzioni\/traduzioni-commerciali\/\" class=\"menu-link\">Traduzioni commerciali<\/a><\/li>\n<li  id=\"menu-item-42515\" class=\"menu-item menu-item-type-post_type menu-item-object-page menu-item-42515\"><a href=\"https:\/\/www.balticmedia.com\/it\/traduzione-medica-e-farmaceutica\/\" class=\"menu-link\">Traduzione medica e farmaceutica<\/a><\/li>\n<li  id=\"menu-item-42499\" class=\"menu-item menu-item-type-post_type menu-item-object-page menu-item-42499\"><a href=\"https:\/\/www.balticmedia.com\/it\/traduzioni\/copywriting\/\" class=\"menu-link\">Copywriting<\/a><\/li>\n<li  id=\"menu-item-42508\" class=\"menu-item menu-item-type-post_type menu-item-object-page menu-item-42508\"><a href=\"https:\/\/www.balticmedia.com\/it\/traduzioni\/sottotitolaggio-doppiaggio-e-voice-over\/\" class=\"menu-link\">Sottotitolaggio, doppiaggio e voice-over<\/a><\/li>\n<li  id=\"menu-item-42517\" class=\"menu-item menu-item-type-post_type menu-item-object-page menu-item-42517\"><a href=\"https:\/\/www.balticmedia.com\/it\/traduzioni\/trascrizione\/\" class=\"menu-link\">Trascrizione<\/a><\/li>\n<li  id=\"menu-item-42501\" class=\"menu-item menu-item-type-post_type menu-item-object-page menu-item-42501\"><a href=\"https:\/\/www.balticmedia.com\/it\/traduzioni\/editing\/\" class=\"menu-link\">Servizio di Editing  Revisione Linguistica<\/a><\/li>\n<li  id=\"menu-item-42500\" class=\"menu-item menu-item-type-post_type menu-item-object-page menu-item-42500\"><a href=\"https:\/\/www.balticmedia.com\/it\/traduzioni\/dtp-progettazione-grafica\/\" class=\"menu-link\">DTP (progettazione grafica)<\/a><\/li>\n<li  id=\"menu-item-42502\" class=\"menu-item menu-item-type-post_type menu-item-object-page menu-item-42502\"><a href=\"https:\/\/www.balticmedia.com\/it\/interpretariato\/\" class=\"menu-link\">Interpretariato<\/a><\/li>\n<li  id=\"menu-item-42503\" class=\"menu-item menu-item-type-post_type menu-item-object-page menu-item-42503\"><a href=\"https:\/\/www.balticmedia.com\/it\/interpretariato\/interpretariato-consecutivo\/\" class=\"menu-link\">Interpretariato consecutivo<\/a><\/li>\n<li  id=\"menu-item-42505\" class=\"menu-item menu-item-type-post_type menu-item-object-page menu-item-42505\"><a href=\"https:\/\/www.balticmedia.com\/it\/interpretariato\/servizi-di-interpretariato-simultaneo\/\" class=\"menu-link\">Servizi di interpretariato simultaneo<\/a><\/li>\n<li  id=\"menu-item-42504\" class=\"menu-item menu-item-type-post_type menu-item-object-page menu-item-42504\"><a href=\"https:\/\/www.balticmedia.com\/it\/interpretariato\/interpretariato-via-telefono-o-skype-zoom-meet\/\" class=\"menu-link\">Interpretariato via telefono o Skype, Zoom, Meet<\/a><\/li>\n<li  id=\"menu-item-42495\" class=\"menu-item menu-item-type-post_type menu-item-object-page menu-item-42495\"><a href=\"https:\/\/www.balticmedia.com\/it\/apprendimento-delle-lingue\/\" class=\"menu-link\">Apprendimento delle lingue<\/a><\/li>\n<li  id=\"menu-item-42498\" class=\"menu-item menu-item-type-post_type menu-item-object-page menu-item-42498\"><a href=\"https:\/\/www.balticmedia.com\/it\/perche-scegliere-baltic-media-language-training-centre\/\" class=\"menu-link\">Perch\u00e9 scegliere Baltic Media Language Training Centre?<\/a><\/li>\n<li  id=\"menu-item-42496\" class=\"menu-item menu-item-type-post_type menu-item-object-page menu-item-42496\"><a href=\"https:\/\/www.balticmedia.com\/it\/apprendimento-delle-lingue\/come-possono-i-corsi-di-lingua-incrementare-il-tuo-business\/\" class=\"menu-link\">Come possono i corsi di lingua incrementare il tuo business?<\/a><\/li>\n<li  id=\"menu-item-103720\" class=\"menu-item menu-item-type-post_type menu-item-object-page menu-item-103720\"><a href=\"https:\/\/www.balticmedia.com\/it\/corso-di-base-di-lingua-lettone\/\" class=\"menu-link\">Corso di base di lingua lettone | Corsi di lingua lettone<\/a><\/li>\n<\/ul><\/div><\/div><div id=\"panel-15517-1-0-2\" class=\"so-panel widget widget_ocean_custom_menu widget-oceanwp-custom-menu custom-menu-widget panel-last-child extendedwopts-hide extendedwopts-tablet extendedwopts-mobile widgetopts-SO\" data-index=\"3\" ><div class=\"oceanwp-custom-menu clr ocean_custom_menu-2 left dropdown-hover\"><ul id=\"menu-partner-it\" class=\"dropdown-menu sf-menu\"><li  id=\"menu-item-14920\" class=\"menu-item menu-item-type-custom menu-item-object-custom menu-item-14920\"><a target=\"_blank\" href=\"https:\/\/balticmedia.s.xtrf.eu\/vendors\/#\/sign-in\" class=\"menu-link\" rel=\"nofollow noopener\"><i class=\"icon before line-icon icon-briefcase\" aria-hidden=\"true\" style=\"font-size:2em;\"><\/i><span class=\"menu-text\">Portale collaboratori<\/span><\/a><\/li>\n<li  id=\"menu-item-14921\" class=\"menu-item menu-item-type-custom menu-item-object-custom menu-item-14921\"><a target=\"_blank\" href=\"https:\/\/www.balticmedia.com\/wp-content\/uploads\/11-Reasons-to-Choose-Baltic-Media-2026.pdf\" class=\"menu-link\"><i class=\"icon before line-icon icon-people\" aria-hidden=\"true\" style=\"font-size:2em;\"><\/i><span class=\"menu-text\">Profilo aziendale<\/span><\/a><\/li>\n<li  id=\"menu-item-14922\" class=\"menu-item menu-item-type-custom menu-item-object-custom menu-item-14922\"><a target=\"_blank\" href=\"https:\/\/www.balticmedia.com\/wp-content\/uploads\/agenzia-traduzioni-it.pdf\" class=\"menu-link\"><i class=\"icon before line-icon icon-organization\" aria-hidden=\"true\" style=\"font-size:2em;\"><\/i><span class=\"menu-text\">Traduzione. Fase per fase<\/span><\/a><\/li>\n<li  id=\"menu-item-14923\" class=\"menu-item menu-item-type-custom menu-item-object-custom menu-item-14923\"><a target=\"_blank\" href=\"https:\/\/www.balticmedia.com\/wp-content\/uploads\/Baltic-Media-Ltd.-Service-Terms-and-Conditions.pdf\" class=\"menu-link\"><i class=\"icon before line-icon icon-docs\" aria-hidden=\"true\" style=\"font-size:2em;\"><\/i><span class=\"menu-text\">Termini e condizioni di servizio (EN)<\/span><\/a><\/li>\n<li  id=\"menu-item-14924\" class=\"menu-item menu-item-type-custom menu-item-object-custom menu-item-14924\"><a target=\"_blank\" href=\"https:\/\/www.balticmedia.com\/wp-content\/uploads\/iSO-certificate-2023.png\" class=\"menu-link\"><i class=\"icon before line-icon icon-doc\" aria-hidden=\"true\" style=\"font-size:2em;\"><\/i><span class=\"menu-text\">ISO 9001:2015 Quality Certification<\/span><\/a><\/li>\n<li  id=\"menu-item-14925\" class=\"menu-item menu-item-type-custom menu-item-object-custom menu-item-14925\"><a href=\"https:\/\/www.balticmedia.com\/wp-content\/uploads\/362531_copyrighttrademarkbalticmedia.pdf\" class=\"menu-link\"><i class=\"icon before line-icon icon-info\" aria-hidden=\"true\" style=\"font-size:2em;\"><\/i><span class=\"menu-text\">Copyright | Trademark Baltic Media<sup>\u00ae<\/sup><\/span><\/a><\/li>\n<\/ul><\/div><\/div><\/div><div id=\"pgc-15517-1-1\"  class=\"panel-grid-cell\" ><div id=\"panel-15517-1-1-0\" class=\"so-panel widget widget_sow-editor panel-first-child panel-last-child widgetopts-hide_title widgetopts-SO\" data-index=\"4\" ><div\n\t\t\t\n\t\t\tclass=\"so-widget-sow-editor so-widget-sow-editor-base\"\n\t\t\t\n\t\t><h3 class=\"widget-title\">Sottotitolaggio, doppiaggio e voice-over\u00a0<\/h3>\n<div class=\"siteorigin-widget-tinymce textwidget\">\n\t<h1><strong>Sottotitolaggio, doppiaggio e voice-over\u00a0<\/strong><\/h1>\n<h2><strong>Traduzione professionale dall'italiano al nordico e altre lingue\u00a0<\/strong><\/h2>\n<p>Il sottotitolaggio \u00e8 un processo di traduzione e inserimento di testi nella parte inferiore di un video o di una trasmissione televisiva per facilitare la comprensione per gli spettatori che non parlano la lingua originale. Questa pratica \u00e8 ampiamente utilizzata per rendere accessibili film, serie TV e documentari a un pubblico pi\u00f9 ampio e multilingue. Grazie al sottotitolaggio, le barriere linguistiche vengono superate e il messaggio del contenuto audiovisivo pu\u00f2 essere compreso da una vasta gamma di persone.<\/p>\n<p><img data-recalc-dims=\"1\" loading=\"lazy\" decoding=\"async\" class=\"alignnone wp-image-36719 size-medium\" src=\"https:\/\/i0.wp.com\/www.balticmedia.com\/wp-content\/uploads\/video-kamera.jpg?resize=300%2C200&#038;ssl=1\" alt=\"Il sottotitolaggio \u00e8 un processo di traduzione e inserimento di testi nella parte inferiore di un video o di una trasmissione televisiva per facilitare la comprensione per gli spettatori che non parlano la lingua originale. Questa pratica \u00e8 ampiamente utilizzata per rendere accessibili film, serie\" width=\"300\" height=\"200\" srcset=\"https:\/\/i0.wp.com\/www.balticmedia.com\/wp-content\/uploads\/video-kamera.jpg?resize=300%2C200&amp;ssl=1 300w, https:\/\/i0.wp.com\/www.balticmedia.com\/wp-content\/uploads\/video-kamera.jpg?resize=1024%2C683&amp;ssl=1 1024w, https:\/\/i0.wp.com\/www.balticmedia.com\/wp-content\/uploads\/video-kamera.jpg?resize=768%2C512&amp;ssl=1 768w, https:\/\/i0.wp.com\/www.balticmedia.com\/wp-content\/uploads\/video-kamera.jpg?resize=1536%2C1024&amp;ssl=1 1536w, https:\/\/i0.wp.com\/www.balticmedia.com\/wp-content\/uploads\/video-kamera.jpg?resize=272%2C182&amp;ssl=1 272w, https:\/\/i0.wp.com\/www.balticmedia.com\/wp-content\/uploads\/video-kamera.jpg?w=1732&amp;ssl=1 1732w\" sizes=\"auto, (max-width: 300px) 100vw, 300px\" title=\"\"><\/p>\n<p>L'agenzia di traduzione Baltic Media Ltd offre<strong> traduzione e localizzazione di file audio e video <\/strong>oltre che servizi di <strong>registrazione<\/strong> e<strong> sottotitolazione <\/strong>.<\/p>\n<p>Durante il processo di <strong>traduzione di files audio e video, <\/strong>a seconda dei requisiti del Cliente, i migliori fornitori di Baltic Media Ltd forniscono la trascrizione del testo parlato ricodificando il momento preciso in cui il testo \u00e8 proferito ed in seguito traduce e localizza il testo nella lingua target selezionata.<\/p>\n<p><iframe loading=\"lazy\" title=\"YouTube video player\" src=\"https:\/\/www.youtube.com\/embed\/2-m4XAqTCT0\" width=\"640\" height=\"360\" frameborder=\"0\" allowfullscreen=\"allowfullscreen\"><\/iframe><\/p>\n<h2><strong>La voce fuori campo<\/strong><\/h2>\n<p><img data-recalc-dims=\"1\" loading=\"lazy\" decoding=\"async\" class=\"alignnone wp-image-62826 size-medium\" src=\"https:\/\/i0.wp.com\/www.balticmedia.com\/wp-content\/uploads\/cropped-balticmedia_logo_512x148.png?resize=300%2C82&#038;ssl=1\" alt=\"Sottotitolaggio, doppiaggio e voice-over\u00a0\" width=\"300\" height=\"82\" title=\"\"><\/p>\n<p><strong>La voce fuori campo<\/strong> si riferisce ad una tecnica di produzione in cui una voce scorporata<\/p>\n<p>\u00e8 trasmessa live in radio, televisione, o in un film. Il testo tradotto \u00e8 registrato da un attore, narratore, o interprete che non appare sullo schermo, tuttavia si pu\u00f2 comunque sentire il testo in sottofondo.<\/p>\n<p>L'agenzia Baltic Media Ltd fornisce traduzioni e registrazioni di film, video e giochi del computer applicando la tecnica della voce fuori campo. La traduzione \u00e8 consegnata al cliente come file audio.<\/p>\n<h2><strong>Il doppiaggio <\/strong><\/h2>\n<p><strong>Il doppiaggio<\/strong> \u00e8 il processo di registrazione delle voci che non appartengono agli attori originali e sono in una lingua diversa.<\/p>\n<p>L'agenzia di traduzione Baltic Media Ltd offre la traduzione del testo fornito per il doppiaggio e lo registra in uno studio professionale.<\/p>\n<p>La registrazione del testo tradotto \u00e8 effettuata in uno studio di registrazione professionale da attori professionisti o da specialisti di questo settore che sono madrelingua della lingua target della traduzione. Perci\u00f2 possiamo assicurare l'elevata qualit\u00e0 della registrazione.<\/p>\n<p>Dopo la registrazione del testo, i nostri specialisti provvedono al montaggio del file che \u00e8 poi consegnato al Cliente nel formato e al tempo stabilito.<\/p>\n<p><img data-recalc-dims=\"1\" loading=\"lazy\" decoding=\"async\" class=\"alignnone size-full wp-image-1972\" src=\"https:\/\/i0.wp.com\/www.balticmedia.com\/wp-content\/uploads\/Baltic-Media-baneris-2020-stockholm-lidingo-bro-OK-2.jpg?resize=300%2C178&#038;ssl=1\" alt=\"Baltic Media Team 2020\" width=\"300\" height=\"178\" title=\"\"><\/p>\n<h2><strong>Sottotitolazione, traduzione sottotitoli <\/strong><\/h2>\n<p>L'agenzia di traduzione Baltic Media Ltd fornisce anche <strong>servizi di sottotitolazione e traduzione dei sottotitoli<\/strong>.<\/p>\n<p>Il processo di produzione dei sottotitoli include la creazione del testo sottotitolato nella lingua sorgente fornendo il codice di tempo, la traduzione dei sottotitoli, prendendo in considerazione il numero di personaggi stabiliti per ciascuna riga.<\/p>\n<p>L'agenzia di traduzione Baltic Media Ltd fornisce la trascrizione del testo sottotitolato considerando i codici di tempo, la traduzione dei sottotitoli e la preparazione del file di sottotitoli per il processo ulteriore di trasmissione o produzione. I formati pi\u00f9 comuni di file per i sottotitoli sono .STL.EBU, PAC, CAP, ecc.<\/p>\n<p><a href=\"https:\/\/it.balticmedia.com\/spesa-costi-tariffe-prezzo-per-la-traduzione\/\" rel=\"nofollow noopener\" target=\"_blank\"><strong>Per ricevere un preventivo per questo servizio, siete pregati di contattarci utilizzando un modulo di preventivo gratuito.<\/strong><\/a><\/p>\n<h2><strong>Servizi di traduzione professionale nel Nord Europa con l'agenzia di traduzione\u00a0<\/strong><strong>Baltic Media<\/strong><strong><sup>\u00ae<\/sup><\/strong><\/h2>\n<p>Con sede nell\u2019Europa settentrionale, Baltic Media<sup>\u00ae<\/sup> \u00e8 l\u2019agenzia di traduzioni dei paesi nordici leader nel campo dei servizi di traduzione digitali ed \u00e8 specializzata in lingue nordiche europee (lingue nordiche, baltiche e slave incluse). Baltic Media<sup>\u00ae<\/sup> si occupa principalmente di traduzioni da\/verso svedese, finlandese, danese, islandese, faroese, norvegese, tedesco, inglese, polacco, russo, estone, lettone e lituano.<\/p>\n<p>In qualit\u00e0 di fornitore di servizi linguistici certificato ISO, Baltic Media<sup>\u00ae<\/sup> offre servizi di traduzione umana ad aziende, enti governativi e clienti privati.<\/p>\n<h3><a href=\"\/it\/chi-siamo\/perche-scegliere-baltic-media\/\">Perch\u00e9 scegliere l\u2019agenzia di traduzione nordico-baltica Baltic Media<sup>\u00ae<\/sup>?<\/a><\/h3>\n<h3><a href=\"\/it\/prezzo\/\">Come ridurre i costi di traduzione senza sacrificarne la qualit\u00e0<\/a><\/h3>\n<h3><a href=\"\/it\/chi-siamo\/traduzione-umana\/\">Perch\u00e9 i servizi di traduzione umana sono la soluzione ideale per te?<\/a><\/h3>\n<h3><a href=\"https:\/\/www.balticmedia.com\/it\/servizi-di-traduzione-globale\/traduzione-automatica\/\">Puoi tradurre testi usando Google, Bing, Microsoft, Tilde, Yandex e affidarcene la revisione!<\/a><\/h3>\n<h3><a href=\"https:\/\/www.balticmedia.com\/it\/prezzo-quota\/\">Richiedi un preventivo gratuito<\/a><\/h3>\n<h3><a href=\"https:\/\/www.balticmedia.com\/it\/richiesta-di-informazioni\/\">Richiedi informazioni<\/a><\/h3>\n<h3><a href=\"mailto:info@balticmedia.com\">E-mail<\/a><\/h3>\n<p><strong>\u00a9 Baltic Media<\/strong><\/p>\n<\/div>\n<\/div><\/div><\/div><\/div><\/div>","protected":false},"excerpt":{"rendered":"<p>Sottotitolaggio, doppiaggio e voice-over\u00a0 Traduzione professionale dall&#8217;italiano al nordico e altre lingue\u00a0 Il sottotitolaggio \u00e8 un processo di traduzione e inserimento di testi nella parte inferiore di un video o di una trasmissione televisiva per facilitare la comprensione per gli spettatori che non parlano la lingua originale. Questa pratica \u00e8 ampiamente utilizzata per rendere accessibili [&hellip;]<\/p>\n","protected":false},"author":2,"featured_media":133556,"parent":13126,"menu_order":0,"comment_status":"closed","ping_status":"closed","template":"","meta":{"ocean_post_layout":"","ocean_both_sidebars_style":"","ocean_both_sidebars_content_width":0,"ocean_both_sidebars_sidebars_width":0,"ocean_sidebar":"0","ocean_second_sidebar":"0","ocean_disable_margins":"enable","ocean_add_body_class":"","ocean_shortcode_before_top_bar":"","ocean_shortcode_after_top_bar":"","ocean_shortcode_before_header":"","ocean_shortcode_after_header":"","ocean_has_shortcode":"","ocean_shortcode_after_title":"","ocean_shortcode_before_footer_widgets":"","ocean_shortcode_after_footer_widgets":"","ocean_shortcode_before_footer_bottom":"","ocean_shortcode_after_footer_bottom":"","ocean_display_top_bar":"default","ocean_display_header":"default","ocean_header_style":"","ocean_center_header_left_menu":"0","ocean_custom_header_template":"0","ocean_custom_logo":0,"ocean_custom_retina_logo":0,"ocean_custom_logo_max_width":0,"ocean_custom_logo_tablet_max_width":0,"ocean_custom_logo_mobile_max_width":0,"ocean_custom_logo_max_height":0,"ocean_custom_logo_tablet_max_height":0,"ocean_custom_logo_mobile_max_height":0,"ocean_header_custom_menu":"0","ocean_menu_typo_font_family":"0","ocean_menu_typo_font_subset":"","ocean_menu_typo_font_size":0,"ocean_menu_typo_font_size_tablet":0,"ocean_menu_typo_font_size_mobile":0,"ocean_menu_typo_font_size_unit":"px","ocean_menu_typo_font_weight":"","ocean_menu_typo_font_weight_tablet":"","ocean_menu_typo_font_weight_mobile":"","ocean_menu_typo_transform":"","ocean_menu_typo_transform_tablet":"","ocean_menu_typo_transform_mobile":"","ocean_menu_typo_line_height":0,"ocean_menu_typo_line_height_tablet":0,"ocean_menu_typo_line_height_mobile":0,"ocean_menu_typo_line_height_unit":"","ocean_menu_typo_spacing":0,"ocean_menu_typo_spacing_tablet":0,"ocean_menu_typo_spacing_mobile":0,"ocean_menu_typo_spacing_unit":"","ocean_menu_link_color":"","ocean_menu_link_color_hover":"","ocean_menu_link_color_active":"","ocean_menu_link_background":"","ocean_menu_link_hover_background":"","ocean_menu_link_active_background":"","ocean_menu_social_links_bg":"","ocean_menu_social_hover_links_bg":"","ocean_menu_social_links_color":"","ocean_menu_social_hover_links_color":"","ocean_disable_title":"default","ocean_disable_heading":"default","ocean_post_title":"","ocean_post_subheading":"","ocean_post_title_style":"","ocean_post_title_background_color":"","ocean_post_title_background":0,"ocean_post_title_bg_image_position":"","ocean_post_title_bg_image_attachment":"","ocean_post_title_bg_image_repeat":"","ocean_post_title_bg_image_size":"","ocean_post_title_height":0,"ocean_post_title_bg_overlay":0.5,"ocean_post_title_bg_overlay_color":"","ocean_disable_breadcrumbs":"default","ocean_breadcrumbs_color":"","ocean_breadcrumbs_separator_color":"","ocean_breadcrumbs_links_color":"","ocean_breadcrumbs_links_hover_color":"","ocean_display_footer_widgets":"default","ocean_display_footer_bottom":"default","ocean_custom_footer_template":"0","ofc_meta_disable_footer_callout":"","ofc_meta_callout_button_url":"","ofc_meta_callout_button_txt":"","ofc_meta_callout_text":"","osh_disable_topbar_sticky":"default","osh_disable_header_sticky":"default","osh_sticky_header_style":"default","osh_sticky_header_effect":"","osh_custom_sticky_logo":0,"osh_custom_retina_sticky_logo":0,"osh_custom_sticky_logo_height":0,"osh_background_color":"","osh_links_color":"","osh_links_hover_color":"","osh_links_active_color":"","osh_links_bg_color":"","osh_links_hover_bg_color":"","osh_links_active_bg_color":"","osh_menu_social_links_color":"","osh_menu_social_hover_links_color":"","footnotes":""},"class_list":["post-15517","page","type-page","status-publish","has-post-thumbnail","hentry","entry","has-media"],"jetpack_sharing_enabled":true,"jetpack_likes_enabled":true,"jetpack-related-posts":[],"jetpack_shortlink":"https:\/\/wp.me\/Pe7Cu3-42h","_links":{"self":[{"href":"https:\/\/www.balticmedia.com\/it\/wp-json\/wp\/v2\/pages\/15517","targetHints":{"allow":["GET"]}}],"collection":[{"href":"https:\/\/www.balticmedia.com\/it\/wp-json\/wp\/v2\/pages"}],"about":[{"href":"https:\/\/www.balticmedia.com\/it\/wp-json\/wp\/v2\/types\/page"}],"author":[{"embeddable":true,"href":"https:\/\/www.balticmedia.com\/it\/wp-json\/wp\/v2\/users\/2"}],"replies":[{"embeddable":true,"href":"https:\/\/www.balticmedia.com\/it\/wp-json\/wp\/v2\/comments?post=15517"}],"version-history":[{"count":10,"href":"https:\/\/www.balticmedia.com\/it\/wp-json\/wp\/v2\/pages\/15517\/revisions"}],"predecessor-version":[{"id":139042,"href":"https:\/\/www.balticmedia.com\/it\/wp-json\/wp\/v2\/pages\/15517\/revisions\/139042"}],"up":[{"embeddable":true,"href":"https:\/\/www.balticmedia.com\/it\/wp-json\/wp\/v2\/pages\/13126"}],"wp:featuredmedia":[{"embeddable":true,"href":"https:\/\/www.balticmedia.com\/it\/wp-json\/wp\/v2\/media\/133556"}],"wp:attachment":[{"href":"https:\/\/www.balticmedia.com\/it\/wp-json\/wp\/v2\/media?parent=15517"}],"curies":[{"name":"wp","href":"https:\/\/api.w.org\/{rel}","templated":true}]}}