{"id":9947,"date":"2021-01-15T18:09:59","date_gmt":"2021-01-15T16:09:59","guid":{"rendered":"https:\/\/wp.balticmedia.dev.telia.lv\/request-for-information\/"},"modified":"2025-02-23T15:15:23","modified_gmt":"2025-02-23T13:15:23","slug":"demande-de-renseignement","status":"publish","type":"page","link":"https:\/\/www.balticmedia.com\/fr\/demande-de-renseignement\/","title":{"rendered":"Demande de renseignement"},"content":{"rendered":"<div id=\"pl-9947\"  class=\"panel-layout\" ><div id=\"pg-9947-0\"  class=\"panel-grid panel-no-style\" ><div id=\"pgc-9947-0-0\"  class=\"panel-grid-cell\" ><div id=\"panel-9947-0-0-0\" class=\"so-panel widget widget_sow-image panel-first-child panel-last-child widgetopts-SO\" data-index=\"0\" ><div\n\t\t\t\n\t\t\tclass=\"so-widget-sow-image so-widget-sow-image-default-8b5b6f678277-9947\"\n\t\t\t\n\t\t>\n<div class=\"sow-image-container\">\n\t\t<img src=\"https:\/\/i0.wp.com\/www.balticmedia.com\/wp-content\/uploads\/4price_and_quality-scaled-1.jpg?fit=2560%2C549&amp;ssl=1\" width=\"2560\" height=\"549\" srcset=\"https:\/\/i0.wp.com\/www.balticmedia.com\/wp-content\/uploads\/4price_and_quality-scaled-1.jpg?w=2560&amp;ssl=1 2560w, https:\/\/i0.wp.com\/www.balticmedia.com\/wp-content\/uploads\/4price_and_quality-scaled-1.jpg?resize=300%2C64&amp;ssl=1 300w, https:\/\/i0.wp.com\/www.balticmedia.com\/wp-content\/uploads\/4price_and_quality-scaled-1.jpg?resize=1024%2C220&amp;ssl=1 1024w, https:\/\/i0.wp.com\/www.balticmedia.com\/wp-content\/uploads\/4price_and_quality-scaled-1.jpg?resize=768%2C165&amp;ssl=1 768w, https:\/\/i0.wp.com\/www.balticmedia.com\/wp-content\/uploads\/4price_and_quality-scaled-1.jpg?resize=1536%2C329&amp;ssl=1 1536w, https:\/\/i0.wp.com\/www.balticmedia.com\/wp-content\/uploads\/4price_and_quality-scaled-1.jpg?resize=2048%2C439&amp;ssl=1 2048w, https:\/\/i0.wp.com\/www.balticmedia.com\/wp-content\/uploads\/4price_and_quality-scaled-1.jpg?w=2400&amp;ssl=1 2400w\" title=\"Demande de renseignement\" alt=\"Demande de renseignement\" class=\"so-widget-image\">\n\t<\/div>\n\n<\/div><\/div><\/div><\/div><div id=\"pg-9947-1\"  class=\"panel-grid panel-no-style\" ><div id=\"pgc-9947-1-0\"  class=\"panel-grid-cell\" ><div id=\"panel-9947-1-0-0\" class=\"so-panel widget widget_sow-editor panel-first-child extendedwopts-hide extendedwopts-tablet extendedwopts-mobile widgetopts-SO\" data-index=\"1\" ><div\n\t\t\t\n\t\t\tclass=\"so-widget-sow-editor so-widget-sow-editor-base\"\n\t\t\t\n\t\t>\n<div class=\"siteorigin-widget-tinymce textwidget\">\n\t<pre><form aria-label=\"Search this website\" role=\"search\" method=\"get\" class=\"oceanwp-searchform\" id=\"searchform\" action=\"https:\/\/www.balticmedia.com\/fr\/\"><input aria-label=\"Ins\u00e9rer une requ\u00eate de recherche\" type=\"text\" class=\"field\" name=\"s\" id=\"s\" placeholder=\"Rechercher\"><button aria-label=\"Envoyer la recherche\" type=\"submit\" class=\"search-submit\" value=\"\"><i class=\"icon-magnifier\" aria-hidden=\"true\"><\/i><\/button><\/form><\/pre>\n<\/div>\n<\/div><\/div><div id=\"panel-9947-1-0-1\" class=\"so-panel widget widget_ocean_custom_menu widget-oceanwp-custom-menu custom-menu-widget extendedwopts-hide extendedwopts-tablet extendedwopts-mobile widgetopts-SO\" data-index=\"2\" ><div class=\"oceanwp-custom-menu clr ocean_custom_menu-2 left dropdown-hover\"><ul id=\"menu-info-request-fr\" class=\"dropdown-menu sf-menu\"><li  id=\"menu-item-42296\" class=\"menu-item menu-item-type-post_type menu-item-object-page menu-item-42296\"><a href=\"https:\/\/www.balticmedia.com\/fr\/demande-de-renseignement\/\" class=\"menu-link\">Demande de renseignement<\/a><\/li>\n<li  id=\"menu-item-42287\" class=\"menu-item menu-item-type-post_type menu-item-object-page menu-item-42287\"><a href=\"https:\/\/www.balticmedia.com\/fr\/contact\/agence-de-traduction-a-riga\/\" class=\"menu-link\">Agence de traduction \u00e0 Riga Lettonie<\/a><\/li>\n<li  id=\"menu-item-42288\" class=\"menu-item menu-item-type-post_type menu-item-object-page menu-item-42288\"><a href=\"https:\/\/www.balticmedia.com\/fr\/contact\/agence-de-traduction-a-stockholm\/\" class=\"menu-link\">Agence de traduction \u00e0 Stockholm Su\u00e8de<\/a><\/li>\n<\/ul><\/div><\/div><div id=\"panel-9947-1-0-2\" class=\"so-panel widget widget_ocean_custom_menu widget-oceanwp-custom-menu custom-menu-widget panel-last-child extendedwopts-hide extendedwopts-tablet extendedwopts-mobile widgetopts-SO\" data-index=\"3\" ><div class=\"oceanwp-custom-menu clr ocean_custom_menu-2 left dropdown-hover\"><ul id=\"menu-les-partenaires\" class=\"dropdown-menu sf-menu\"><li  id=\"menu-item-14908\" class=\"menu-item menu-item-type-custom menu-item-object-custom menu-item-14908\"><a target=\"_blank\" href=\"https:\/\/balticmedia.s.xtrf.eu\/vendors\/#\/sign-in\" class=\"menu-link\" rel=\"nofollow noopener\"><i class=\"icon before line-icon icon-briefcase\" aria-hidden=\"true\" style=\"font-size:2em;\"><\/i><span class=\"menu-text\">Portail fournisseur<\/span><\/a><\/li>\n<li  id=\"menu-item-14909\" class=\"menu-item menu-item-type-custom menu-item-object-custom menu-item-14909\"><a target=\"_blank\" href=\"https:\/\/www.balticmedia.com\/wp-content\/uploads\/11-Reasons-to-Choose-Baltic-Media-2026.pdf\" class=\"menu-link\"><i class=\"icon before line-icon icon-people\" aria-hidden=\"true\" style=\"font-size:2em;\"><\/i><span class=\"menu-text\">Profil d\u2019entreprise<\/span><\/a><\/li>\n<li  id=\"menu-item-14910\" class=\"menu-item menu-item-type-custom menu-item-object-custom menu-item-14910\"><a target=\"_blank\" href=\"https:\/\/www.balticmedia.com\/wp-content\/uploads\/agence-de-traduction-fr.pdf\" class=\"menu-link\"><i class=\"icon before line-icon icon-organization\" aria-hidden=\"true\" style=\"font-size:2em;\"><\/i><span class=\"menu-text\">Processus de traduction \u00e9tape par \u00e9tape<\/span><\/a><\/li>\n<li  id=\"menu-item-14911\" class=\"menu-item menu-item-type-custom menu-item-object-custom menu-item-14911\"><a target=\"_blank\" href=\"https:\/\/www.balticmedia.com\/wp-content\/uploads\/Baltic-Media-Ltd.-Service-Terms-and-Conditions.pdf\" class=\"menu-link\"><i class=\"icon before line-icon icon-docs\" aria-hidden=\"true\" style=\"font-size:2em;\"><\/i><span class=\"menu-text\">Conditions g\u00e9n\u00e9rales de service (EN)<\/span><\/a><\/li>\n<li  id=\"menu-item-14912\" class=\"menu-item menu-item-type-custom menu-item-object-custom menu-item-14912\"><a target=\"_blank\" href=\"https:\/\/www.balticmedia.com\/wp-content\/uploads\/iSO-certificate-2023.png\" class=\"menu-link\"><i class=\"icon before line-icon icon-doc\" aria-hidden=\"true\" style=\"font-size:2em;\"><\/i><span class=\"menu-text\">ISO 9001:2015 Quality Certification<\/span><\/a><\/li>\n<li  id=\"menu-item-14913\" class=\"menu-item menu-item-type-custom menu-item-object-custom menu-item-14913\"><a target=\"_blank\" href=\"https:\/\/www.balticmedia.com\/wp-content\/uploads\/362531_copyrighttrademarkbalticmedia.pdf\" class=\"menu-link\"><i class=\"icon before line-icon icon-info\" aria-hidden=\"true\" style=\"font-size:2em;\"><\/i><span class=\"menu-text\">Copyright | Trademark Baltic Media<sup>\u00ae<\/sup><\/span><\/a><\/li>\n<\/ul><\/div><\/div><\/div><div id=\"pgc-9947-1-1\"  class=\"panel-grid-cell\" ><div id=\"panel-9947-1-1-0\" class=\"so-panel widget widget_sow-editor panel-first-child widgetopts-hide_title widgetopts-SO\" data-index=\"4\" ><div\n\t\t\t\n\t\t\tclass=\"so-widget-sow-editor so-widget-sow-editor-base\"\n\t\t\t\n\t\t><h3 class=\"widget-title\">Demande de renseignement | L\u2019agence de traduction nordique balte Baltic Media\u00ae<\/h3>\n<div class=\"siteorigin-widget-tinymce textwidget\">\n\t<p><!-- wp:paragraph --><\/p>\n<div class=\"formatedtext\">\n<h1>Demande de renseignement<\/h1>\n<h2>L\u2019agence de traduction nordique balte Baltic Media<sup>\u00ae<\/sup><\/h2>\n<\/div>\n<div class=\"formatedtext0\">\n<p>Si vous souhaitez recevoir d\u2019autres renseignements ou conna\u00eetre nos tarifs, veuillez remplir les champs ci-dessous afin que nous puissions r\u00e9pondre \u00e0 vos demandes.<br \/>\nSi c\u2019est plus pratique pour vous, vous pouvez \u00e9galement utiliser l\u2019adresse courriel <a href=\"mailto:info@balticmedia.com\">info@balticmedia.com<\/a><\/p>\n<p>Nous vous promettons de vous envoyer un devis en 15 minutes (les jours ouvr\u00e9s, entre 9 h 00 et 17 h 00, heure de l\u2019Europe centrale).<br \/>\nToutes vos donn\u00e9es resteront enti\u00e8rement confidentielles.<\/p>\n<p>Vous avez des questions ? Appelez le +371 67224327 (Riga) ou le +46 8 7676024 (Stockholm). +37126404054 (WhatsApp).<\/p>\n<\/div>\n<form id=\"ContactForm\" action=\"\" method=\"post\">\n<div class=\"row\">\n<p>Les champs marqu\u00e9s d\u2019un ast\u00e9risque (<span style=\"color: #ff0000;\">*<\/span>) sont obligatoires.<\/p>\n<\/div>\n<\/form>\n<p><!-- \/wp:paragraph --><\/p>\n<\/div>\n<\/div><\/div><div id=\"panel-9947-1-1-1\" class=\"so-panel widget widget_wpforms-widget wpforms-widget panel-last-child widgetopts-SO\" data-index=\"5\" ><div class=\"wpforms-container wpforms-container-full wpforms-form-abandonment\" id=\"wpforms-115806\"><form id=\"wpforms-form-115806\" class=\"wpforms-validate wpforms-form\" data-formid=\"115806\" method=\"post\" enctype=\"multipart\/form-data\" action=\"\/fr\/wp-json\/wp\/v2\/pages\/9947?wpforms_form_id=115806\" data-token=\"a8df0f665cf8503cd70f18c619e95e50\" data-token-time=\"1777371126\"><noscript class=\"wpforms-error-noscript\">Veuillez activer JavaScript dans votre navigateur pour remplir ce formulaire.<\/noscript><div class=\"wpforms-field-container\"><div id=\"wpforms-115806-field_0-container\" class=\"wpforms-field wpforms-field-name\" data-field-id=\"0\"><label class=\"wpforms-field-label\">Nom <span class=\"wpforms-required-label\">*<\/span><\/label><div class=\"wpforms-field-row wpforms-field-medium\"><div class=\"wpforms-field-row-block wpforms-first wpforms-one-half\"><input type=\"text\" id=\"wpforms-115806-field_0\" class=\"wpforms-field-name-first wpforms-field-required\" name=\"wpforms[fields][0][first]\" required><label for=\"wpforms-115806-field_0\" class=\"wpforms-field-sublabel after\">Premi\u00e8re<\/label><\/div><div class=\"wpforms-field-row-block wpforms-one-half\"><input type=\"text\" id=\"wpforms-115806-field_0-last\" class=\"wpforms-field-name-last wpforms-field-required\" name=\"wpforms[fields][0][last]\" required><label for=\"wpforms-115806-field_0-last\" class=\"wpforms-field-sublabel after\">Dernier<\/label><\/div><\/div><\/div><div id=\"wpforms-115806-field_1-container\" class=\"wpforms-field wpforms-field-email\" data-field-id=\"1\"><label class=\"wpforms-field-label\" for=\"wpforms-115806-field_1\">Courriel <span class=\"wpforms-required-label\">*<\/span><\/label><input type=\"email\" id=\"wpforms-115806-field_1\" class=\"wpforms-field-medium wpforms-field-required\" name=\"wpforms[fields][1]\" spellcheck=\"false\" required><\/div><div id=\"wpforms-115806-field_3-container\" class=\"wpforms-field wpforms-field-radio wpforms-list-2-columns\" data-field-id=\"3\"><label class=\"wpforms-field-label\">Je souhaite des renseignements concernant les services suivants :<\/label><ul id=\"wpforms-115806-field_3\"><li class=\"choice-1 depth-1\"><input type=\"radio\" id=\"wpforms-115806-field_3_1\" name=\"wpforms[fields][3]\" value=\"Traduction de documents\"  ><label class=\"wpforms-field-label-inline\" for=\"wpforms-115806-field_3_1\">Traduction de documents<\/label><\/li><li class=\"choice-2 depth-1\"><input type=\"radio\" id=\"wpforms-115806-field_3_2\" name=\"wpforms[fields][3]\" value=\"Traduction de pages Internet, Traductions de sites de e-commerce\"  ><label class=\"wpforms-field-label-inline\" for=\"wpforms-115806-field_3_2\">Traduction de pages Internet, Traductions de sites de e-commerce<\/label><\/li><li class=\"choice-3 depth-1\"><input type=\"radio\" id=\"wpforms-115806-field_3_3\" name=\"wpforms[fields][3]\" value=\"Traduction technique\/TI\"  ><label class=\"wpforms-field-label-inline\" for=\"wpforms-115806-field_3_3\">Traduction technique\/TI<\/label><\/li><li class=\"choice-4 depth-1\"><input type=\"radio\" id=\"wpforms-115806-field_3_4\" name=\"wpforms[fields][3]\" value=\"Traduction m\u00e9dicale\"  ><label class=\"wpforms-field-label-inline\" for=\"wpforms-115806-field_3_4\">Traduction m\u00e9dicale<\/label><\/li><li class=\"choice-5 depth-1\"><input type=\"radio\" id=\"wpforms-115806-field_3_5\" name=\"wpforms[fields][3]\" value=\"Traduction marketing\"  ><label class=\"wpforms-field-label-inline\" for=\"wpforms-115806-field_3_5\">Traduction marketing<\/label><\/li><li class=\"choice-7 depth-1\"><input type=\"radio\" id=\"wpforms-115806-field_3_7\" name=\"wpforms[fields][3]\" value=\"Traduction de Vid\u00e9o, sous-titrage, voix-off, doublage\"  ><label class=\"wpforms-field-label-inline\" for=\"wpforms-115806-field_3_7\">Traduction de Vid\u00e9o, sous-titrage, voix-off, doublage<\/label><\/li><li class=\"choice-8 depth-1\"><input type=\"radio\" id=\"wpforms-115806-field_3_8\" name=\"wpforms[fields][3]\" value=\"Traduction automatique avec post-\u00e9dition (MTPE)\"  ><label class=\"wpforms-field-label-inline\" for=\"wpforms-115806-field_3_8\">Traduction automatique avec post-\u00e9dition (MTPE)<\/label><\/li><li class=\"choice-9 depth-1\"><input type=\"radio\" id=\"wpforms-115806-field_3_9\" name=\"wpforms[fields][3]\" value=\"\u00c9dition\"  ><label class=\"wpforms-field-label-inline\" for=\"wpforms-115806-field_3_9\">\u00c9dition<\/label><\/li><li class=\"choice-10 depth-1\"><input type=\"radio\" id=\"wpforms-115806-field_3_10\" name=\"wpforms[fields][3]\" value=\"Transcription\"  ><label class=\"wpforms-field-label-inline\" for=\"wpforms-115806-field_3_10\">Transcription<\/label><\/li><li class=\"choice-11 depth-1\"><input type=\"radio\" id=\"wpforms-115806-field_3_11\" name=\"wpforms[fields][3]\" value=\"Copywriting\/Transcr\u00e9ation\"  ><label class=\"wpforms-field-label-inline\" for=\"wpforms-115806-field_3_11\">Copywriting\/Transcr\u00e9ation<\/label><\/li><li class=\"choice-12 depth-1\"><input type=\"radio\" id=\"wpforms-115806-field_3_12\" name=\"wpforms[fields][3]\" value=\"Formation linguistique\"  ><label class=\"wpforms-field-label-inline\" for=\"wpforms-115806-field_3_12\">Formation linguistique<\/label><\/li><li class=\"choice-13 depth-1\"><input type=\"radio\" id=\"wpforms-115806-field_3_13\" name=\"wpforms[fields][3]\" value=\"Interpr\u00e9tation\"  ><label class=\"wpforms-field-label-inline\" for=\"wpforms-115806-field_3_13\">Interpr\u00e9tation<\/label><\/li><li class=\"choice-6 depth-1\"><input type=\"radio\" id=\"wpforms-115806-field_3_6\" name=\"wpforms[fields][3]\" value=\"Autre\"  ><label class=\"wpforms-field-label-inline\" for=\"wpforms-115806-field_3_6\">Autre<\/label><\/li><\/ul><\/div><div id=\"wpforms-115806-field_2-container\" class=\"wpforms-field wpforms-field-textarea wpforms-one-half wpforms-first\" data-field-id=\"2\"><label class=\"wpforms-field-label\" for=\"wpforms-115806-field_2\">Message: <span class=\"wpforms-required-label\">*<\/span><\/label><textarea id=\"wpforms-115806-field_2\" class=\"wpforms-field-medium wpforms-field-required wpforms-limit-words-enabled\" data-form-id=\"115806\" data-field-id=\"2\" data-text-limit=\"100\" name=\"wpforms[fields][2]\" required><\/textarea><\/div><div id=\"wpforms-115806-field_6-container\" class=\"wpforms-field wpforms-field-file-upload\" data-field-id=\"6\"><label class=\"wpforms-field-label\" for=\"wpforms-115806-field_6\">T\u00e9l\u00e9chargement de fichier<\/label><div\n\t\tclass=\"wpforms-uploader \"\n\t\tdata-field-id=\"6\"\n\t\tdata-form-id=\"115806\"\n\t\tdata-input-name=\"wpforms_115806_6\"\n\t\tdata-extensions=\"png,gif,jpg,doc,docx,xls,ppt,pdf,wav,mp3,mp4,mpg,mov,wmv\"\n\t\tdata-max-size=\"5242880\"\n\t\tdata-max-file-number=\"5\"\n\t\tdata-post-max-size=\"134217728\"\n\t\tdata-max-parallel-uploads=\"4\"\n\t\tdata-parallel-uploads=\"true\"\n\t\tdata-file-chunk-size=\"2097152\">\n\t<div class=\"dz-message\">\n\t\t<svg  viewBox=\"0 0 640 640\" focusable=\"false\" data-icon=\"inbox\" width=\"50px\" height=\"50px\" fill=\"currentColor\" aria-hidden=\"true\">\n\t\t\t<path d=\"M352 173.3L352 384C352 401.7 337.7 416 320 416C302.3 416 288 401.7 288 384L288 173.3L246.6 214.7C234.1 227.2 213.8 227.2 201.3 214.7C188.8 202.2 188.8 181.9 201.3 169.4L297.3 73.4C309.8 60.9 330.1 60.9 342.6 73.4L438.6 169.4C451.1 181.9 451.1 202.2 438.6 214.7C426.1 227.2 405.8 227.2 393.3 214.7L352 173.3zM320 464C364.2 464 400 428.2 400 384L480 384C515.3 384 544 412.7 544 448L544 480C544 515.3 515.3 544 480 544L160 544C124.7 544 96 515.3 96 480L96 448C96 412.7 124.7 384 160 384L240 384C240 428.2 275.8 464 320 464zM464 488C477.3 488 488 477.3 488 464C488 450.7 477.3 440 464 440C450.7 440 440 450.7 440 464C440 477.3 450.7 488 464 488z\"\/>\n\t\t<\/svg>\n\n\t\t<span class=\"modern-title\">\n\t\t\t\t\t\t\tDrag &amp; Drop Files, \t\t\t\t<span>Choose Files to Upload<\/span>\n\t\t\t\t\t<\/span>\n\n\t\t\t\t\t<span class=\"modern-hint\">Vous pouvez t\u00e9l\u00e9verser jusqu\u2019\u00e0 5 fichiers.<\/span>\n\t\t\t<\/div>\n<\/div>\n\n<input\n\t\ttype=\"text\"\n\t\tautocomplete=\"off\"\n\t\treadonly\n\t\tclass=\"dropzone-input\"\n\t\tstyle=\"position:absolute!important;clip:rect(0,0,0,0)!important;height:1px!important;width:1px!important;border:0!important;overflow:hidden!important;padding:0!important;margin:0!important;\"\n\t\tid=\"wpforms-115806-field_6\"\n\t\tname=\"wpforms_115806_6\" \t\tvalue=\"\">\n<\/div><div id=\"wpforms-115806-field_9-container\" class=\"wpforms-field wpforms-field-radio\" data-field-id=\"9\"><label class=\"wpforms-field-label\">Bureau: <span class=\"wpforms-required-label\">*<\/span><\/label><ul id=\"wpforms-115806-field_9\" class=\"wpforms-field-required\"><li class=\"choice-1 depth-1\"><input type=\"radio\" id=\"wpforms-115806-field_9_1\" name=\"wpforms[fields][9]\" value=\"Contactez le bureau de traduction nordique et scandinave bas\u00e9 \u00e0 Stockholm, Su\u00e8de\" required ><label class=\"wpforms-field-label-inline\" for=\"wpforms-115806-field_9_1\">Contactez le bureau de traduction nordique et scandinave bas\u00e9 \u00e0 Stockholm, Su\u00e8de<\/label><\/li><li class=\"choice-2 depth-1\"><input type=\"radio\" id=\"wpforms-115806-field_9_2\" name=\"wpforms[fields][9]\" value=\"Contactez le si\u00e8ge international bas\u00e9 \u00e0 Riga, Lettonie\" required ><label class=\"wpforms-field-label-inline\" for=\"wpforms-115806-field_9_2\">Contactez le si\u00e8ge international bas\u00e9 \u00e0 Riga, Lettonie<\/label><\/li><\/ul><\/div><div id=\"wpforms-115806-field_5-container\" class=\"wpforms-field wpforms-field-gdpr-checkbox\" data-field-id=\"5\"><label class=\"wpforms-field-label\">Accord RGPD <span class=\"wpforms-required-label\">*<\/span><\/label><ul id=\"wpforms-115806-field_5\" class=\"wpforms-field-required\"><li class=\"choice-1\"><input type=\"checkbox\" id=\"wpforms-115806-field_5_1\" name=\"wpforms[fields][5][]\" value=\"J\u2019accepte que mes donn\u00e9es soient sauvegard\u00e9es afin de pouvoir \u00eatre contact\u00e9(e) au sujet de ma demande.\" required ><label class=\"wpforms-field-label-inline\" for=\"wpforms-115806-field_5_1\">J\u2019accepte que mes donn\u00e9es soient sauvegard\u00e9es afin de pouvoir \u00eatre contact\u00e9(e) au sujet de ma demande.<\/label><\/li><\/ul><\/div><\/div><!-- .wpforms-field-container --><div class=\"wpforms-recaptcha-container wpforms-is-turnstile\" ><div class=\"wpforms-turnstile\" data-sitekey=\"0x4AAAAAABB9jaEWBL2owUf6\" data-action=\"FormID-115806\"><\/div><input type=\"text\" name=\"g-recaptcha-hidden\" class=\"wpforms-recaptcha-hidden\" style=\"position:absolute!important;clip:rect(0,0,0,0)!important;height:1px!important;width:1px!important;border:0!important;overflow:hidden!important;padding:0!important;margin:0!important;\" data-rule-turnstile=\"1\"><\/div><div class=\"wpforms-submit-container\" ><input type=\"hidden\" name=\"wpforms[id]\" value=\"115806\"><input type=\"hidden\" name=\"page_title\" value=\"\"><input type=\"hidden\" name=\"page_url\" value=\"https:\/\/www.balticmedia.com\/fr\/wp-json\/wp\/v2\/pages\/9947\"><input type=\"hidden\" name=\"url_referer\" value=\"\"><button type=\"submit\" name=\"wpforms[submit]\" id=\"wpforms-submit-115806\" class=\"wpforms-submit\" data-alt-text=\"Envoi en cours...\" data-submit-text=\"Envoyer\" aria-live=\"assertive\" value=\"wpforms-submit\">Envoyer<\/button><\/div><\/form><\/div>  <!-- .wpforms-container --><\/div><\/div><\/div><\/div>","protected":false},"excerpt":{"rendered":"<p>Demande de renseignement L\u2019agence de traduction nordique balte Baltic Media\u00ae Si vous souhaitez recevoir d\u2019autres renseignements ou conna\u00eetre nos tarifs, veuillez remplir les champs ci-dessous afin que nous puissions r\u00e9pondre \u00e0 vos demandes. Si c\u2019est plus pratique pour vous, vous pouvez \u00e9galement utiliser l\u2019adresse courriel info@balticmedia.com Nous vous promettons de vous envoyer un devis en [&hellip;]<\/p>\n","protected":false},"author":2,"featured_media":0,"parent":0,"menu_order":0,"comment_status":"closed","ping_status":"closed","template":"","meta":{"ocean_post_layout":"","ocean_both_sidebars_style":"","ocean_both_sidebars_content_width":0,"ocean_both_sidebars_sidebars_width":0,"ocean_sidebar":"0","ocean_second_sidebar":"0","ocean_disable_margins":"enable","ocean_add_body_class":"","ocean_shortcode_before_top_bar":"","ocean_shortcode_after_top_bar":"","ocean_shortcode_before_header":"","ocean_shortcode_after_header":"","ocean_has_shortcode":"","ocean_shortcode_after_title":"","ocean_shortcode_before_footer_widgets":"","ocean_shortcode_after_footer_widgets":"","ocean_shortcode_before_footer_bottom":"","ocean_shortcode_after_footer_bottom":"","ocean_display_top_bar":"default","ocean_display_header":"default","ocean_header_style":"","ocean_center_header_left_menu":"0","ocean_custom_header_template":"0","ocean_custom_logo":0,"ocean_custom_retina_logo":0,"ocean_custom_logo_max_width":0,"ocean_custom_logo_tablet_max_width":0,"ocean_custom_logo_mobile_max_width":0,"ocean_custom_logo_max_height":0,"ocean_custom_logo_tablet_max_height":0,"ocean_custom_logo_mobile_max_height":0,"ocean_header_custom_menu":"0","ocean_menu_typo_font_family":"0","ocean_menu_typo_font_subset":"","ocean_menu_typo_font_size":0,"ocean_menu_typo_font_size_tablet":0,"ocean_menu_typo_font_size_mobile":0,"ocean_menu_typo_font_size_unit":"px","ocean_menu_typo_font_weight":"","ocean_menu_typo_font_weight_tablet":"","ocean_menu_typo_font_weight_mobile":"","ocean_menu_typo_transform":"","ocean_menu_typo_transform_tablet":"","ocean_menu_typo_transform_mobile":"","ocean_menu_typo_line_height":0,"ocean_menu_typo_line_height_tablet":0,"ocean_menu_typo_line_height_mobile":0,"ocean_menu_typo_line_height_unit":"","ocean_menu_typo_spacing":0,"ocean_menu_typo_spacing_tablet":0,"ocean_menu_typo_spacing_mobile":0,"ocean_menu_typo_spacing_unit":"","ocean_menu_link_color":"","ocean_menu_link_color_hover":"","ocean_menu_link_color_active":"","ocean_menu_link_background":"","ocean_menu_link_hover_background":"","ocean_menu_link_active_background":"","ocean_menu_social_links_bg":"","ocean_menu_social_hover_links_bg":"","ocean_menu_social_links_color":"","ocean_menu_social_hover_links_color":"","ocean_disable_title":"default","ocean_disable_heading":"default","ocean_post_title":"","ocean_post_subheading":"","ocean_post_title_style":"","ocean_post_title_background_color":"","ocean_post_title_background":0,"ocean_post_title_bg_image_position":"","ocean_post_title_bg_image_attachment":"","ocean_post_title_bg_image_repeat":"","ocean_post_title_bg_image_size":"","ocean_post_title_height":0,"ocean_post_title_bg_overlay":0.5,"ocean_post_title_bg_overlay_color":"","ocean_disable_breadcrumbs":"default","ocean_breadcrumbs_color":"","ocean_breadcrumbs_separator_color":"","ocean_breadcrumbs_links_color":"","ocean_breadcrumbs_links_hover_color":"","ocean_display_footer_widgets":"default","ocean_display_footer_bottom":"default","ocean_custom_footer_template":"0","ofc_meta_disable_footer_callout":"","ofc_meta_callout_button_url":"","ofc_meta_callout_button_txt":"","ofc_meta_callout_text":"","osh_disable_topbar_sticky":"default","osh_disable_header_sticky":"default","osh_sticky_header_style":"default","osh_sticky_header_effect":"","osh_custom_sticky_logo":0,"osh_custom_retina_sticky_logo":0,"osh_custom_sticky_logo_height":0,"osh_background_color":"","osh_links_color":"","osh_links_hover_color":"","osh_links_active_color":"","osh_links_bg_color":"","osh_links_hover_bg_color":"","osh_links_active_bg_color":"","osh_menu_social_links_color":"","osh_menu_social_hover_links_color":"","footnotes":""},"class_list":["post-9947","page","type-page","status-publish","hentry","entry"],"jetpack_sharing_enabled":true,"jetpack_likes_enabled":true,"jetpack-related-posts":[],"jetpack_shortlink":"https:\/\/wp.me\/Pe7Cu3-2Ar","_links":{"self":[{"href":"https:\/\/www.balticmedia.com\/fr\/wp-json\/wp\/v2\/pages\/9947","targetHints":{"allow":["GET"]}}],"collection":[{"href":"https:\/\/www.balticmedia.com\/fr\/wp-json\/wp\/v2\/pages"}],"about":[{"href":"https:\/\/www.balticmedia.com\/fr\/wp-json\/wp\/v2\/types\/page"}],"author":[{"embeddable":true,"href":"https:\/\/www.balticmedia.com\/fr\/wp-json\/wp\/v2\/users\/2"}],"replies":[{"embeddable":true,"href":"https:\/\/www.balticmedia.com\/fr\/wp-json\/wp\/v2\/comments?post=9947"}],"version-history":[{"count":12,"href":"https:\/\/www.balticmedia.com\/fr\/wp-json\/wp\/v2\/pages\/9947\/revisions"}],"predecessor-version":[{"id":137048,"href":"https:\/\/www.balticmedia.com\/fr\/wp-json\/wp\/v2\/pages\/9947\/revisions\/137048"}],"wp:attachment":[{"href":"https:\/\/www.balticmedia.com\/fr\/wp-json\/wp\/v2\/media?parent=9947"}],"curies":[{"name":"wp","href":"https:\/\/api.w.org\/{rel}","templated":true}]}}