{"id":37305,"date":"2021-02-10T15:59:02","date_gmt":"2021-02-10T13:59:02","guid":{"rendered":"https:\/\/www.balticmedia.com\/services-de-traduction-mondiaux\/apprendre-une-langue\/how-can-language-courses-boost-your-business\/"},"modified":"2024-03-17T16:23:27","modified_gmt":"2024-03-17T14:23:27","slug":"comment-les-cours-de-langues-peuvent-ils-stimuler-votre-activite","status":"publish","type":"page","link":"https:\/\/www.balticmedia.com\/fr\/apprendre-une-langue\/comment-les-cours-de-langues-peuvent-ils-stimuler-votre-activite\/","title":{"rendered":"Comment les cours de langues peuvent-ils stimuler votre activit\u00e9 ?"},"content":{"rendered":"<div id=\"pl-37305\"  class=\"panel-layout\" ><div id=\"pg-37305-0\"  class=\"panel-grid panel-no-style\" ><div id=\"pgc-37305-0-0\"  class=\"panel-grid-cell\" ><div id=\"panel-37305-0-0-0\" class=\"so-panel widget widget_sow-image panel-first-child panel-last-child widgetopts-SO\" data-index=\"0\" ><div\n\t\t\t\n\t\t\tclass=\"so-widget-sow-image so-widget-sow-image-default-6ec9e3772f75-37305\"\n\t\t\t\n\t\t>\n<div class=\"sow-image-container\">\n\t\t<img src=\"https:\/\/i0.wp.com\/www.balticmedia.com\/wp-content\/uploads\/latvian-scaled.jpg?fit=2560%2C549&amp;ssl=1\" width=\"2560\" height=\"549\" srcset=\"https:\/\/i0.wp.com\/www.balticmedia.com\/wp-content\/uploads\/latvian-scaled.jpg?w=2560&amp;ssl=1 2560w, https:\/\/i0.wp.com\/www.balticmedia.com\/wp-content\/uploads\/latvian-scaled.jpg?resize=300%2C64&amp;ssl=1 300w, https:\/\/i0.wp.com\/www.balticmedia.com\/wp-content\/uploads\/latvian-scaled.jpg?resize=1024%2C219&amp;ssl=1 1024w, https:\/\/i0.wp.com\/www.balticmedia.com\/wp-content\/uploads\/latvian-scaled.jpg?resize=768%2C165&amp;ssl=1 768w, https:\/\/i0.wp.com\/www.balticmedia.com\/wp-content\/uploads\/latvian-scaled.jpg?resize=1536%2C329&amp;ssl=1 1536w, https:\/\/i0.wp.com\/www.balticmedia.com\/wp-content\/uploads\/latvian-scaled.jpg?resize=2048%2C439&amp;ssl=1 2048w, https:\/\/i0.wp.com\/www.balticmedia.com\/wp-content\/uploads\/latvian-scaled.jpg?w=2400&amp;ssl=1 2400w\" title=\"Riga\" alt=\"Document Translation Services\" class=\"so-widget-image\">\n\t<\/div>\n\n<\/div><\/div><\/div><\/div><div id=\"pg-37305-1\"  class=\"panel-grid panel-no-style\" ><div id=\"pgc-37305-1-0\"  class=\"panel-grid-cell\" ><div id=\"panel-37305-1-0-0\" class=\"so-panel widget widget_sow-editor panel-first-child\" data-index=\"1\" ><div\n\t\t\t\n\t\t\tclass=\"so-widget-sow-editor so-widget-sow-editor-base\"\n\t\t\t\n\t\t>\n<div class=\"siteorigin-widget-tinymce textwidget\">\n\t<pre><form aria-label=\"Search this website\" role=\"search\" method=\"get\" class=\"oceanwp-searchform\" id=\"searchform\" action=\"https:\/\/www.balticmedia.com\/fr\/\"><input aria-label=\"Ins\u00e9rer une requ\u00eate de recherche\" type=\"text\" class=\"field\" name=\"s\" id=\"s\" placeholder=\"Rechercher\"><button aria-label=\"Envoyer la recherche\" type=\"submit\" class=\"search-submit\" value=\"\"><i class=\"icon-magnifier\" aria-hidden=\"true\"><\/i><\/button><\/form><\/pre>\n<\/div>\n<\/div><\/div><div id=\"panel-37305-1-0-1\" class=\"so-panel widget widget_ocean_custom_menu widget-oceanwp-custom-menu custom-menu-widget extendedwopts-hide extendedwopts-tablet extendedwopts-mobile widgetopts-SO\" data-index=\"2\" ><div class=\"oceanwp-custom-menu clr ocean_custom_menu-2 left dropdown-hover\"><ul id=\"menu-services-fr\" class=\"dropdown-menu sf-menu\"><li  id=\"menu-item-42688\" class=\"menu-item menu-item-type-post_type menu-item-object-page menu-item-42688\"><a href=\"https:\/\/www.balticmedia.com\/fr\/services-de-traduction\/\" class=\"menu-link\">Services de traduction en Europe du Nord<\/a><\/li>\n<li  id=\"menu-item-42710\" class=\"menu-item menu-item-type-post_type menu-item-object-page menu-item-42710\"><a href=\"https:\/\/www.balticmedia.com\/fr\/traduction-professionnelle\/\" class=\"menu-link\">Traduction professionnelle<\/a><\/li>\n<li  id=\"menu-item-42700\" class=\"menu-item menu-item-type-post_type menu-item-object-page menu-item-42700\"><a href=\"https:\/\/www.balticmedia.com\/fr\/services-de-traduction\/traduction-automatique-post-edition-de-traduction-automatique\/\" class=\"menu-link\">Post-\u00e9dition de traduction automatique<\/a><\/li>\n<li  id=\"menu-item-42701\" class=\"menu-item menu-item-type-post_type menu-item-object-page menu-item-42701\"><a href=\"https:\/\/www.balticmedia.com\/fr\/services-de-traduction\/redaction\/\" class=\"menu-link\">R\u00e9daction<\/a><\/li>\n<li  id=\"menu-item-42704\" class=\"menu-item menu-item-type-post_type menu-item-object-page menu-item-42704\"><a href=\"https:\/\/www.balticmedia.com\/fr\/traduction-certifiee\/\" class=\"menu-link\">Traduction certifi\u00e9e | Traduction officielle<\/a><\/li>\n<li  id=\"menu-item-42699\" class=\"menu-item menu-item-type-post_type menu-item-object-page menu-item-42699\"><a href=\"https:\/\/www.balticmedia.com\/fr\/services-de-traduction\/localisation\/\" class=\"menu-link\">Localisation | Adaptation au march\u00e9 commercial<\/a><\/li>\n<li  id=\"menu-item-42705\" class=\"menu-item menu-item-type-post_type menu-item-object-page menu-item-42705\"><a href=\"https:\/\/www.balticmedia.com\/fr\/services-de-traduction\/traduction-de-document\/\" class=\"menu-link\">Traduction de document<\/a><\/li>\n<li  id=\"menu-item-42711\" class=\"menu-item menu-item-type-post_type menu-item-object-page menu-item-42711\"><a href=\"https:\/\/www.balticmedia.com\/fr\/traduction-technique\/\" class=\"menu-link\">Traduction technique<\/a><\/li>\n<li  id=\"menu-item-42707\" class=\"menu-item menu-item-type-post_type menu-item-object-page menu-item-42707\"><a href=\"https:\/\/www.balticmedia.com\/fr\/services-de-traduction\/traduction-de-site-internet\/\" class=\"menu-link\">Traduction de site Internet<\/a><\/li>\n<li  id=\"menu-item-42706\" class=\"menu-item menu-item-type-post_type menu-item-object-page menu-item-42706\"><a href=\"https:\/\/www.balticmedia.com\/fr\/services-de-traduction\/traduction-de-site-internet\/seo-services-de-traduction\/\" class=\"menu-link\">SEO Services de traduction<\/a><\/li>\n<li  id=\"menu-item-42708\" class=\"menu-item menu-item-type-post_type menu-item-object-page menu-item-42708\"><a href=\"https:\/\/www.balticmedia.com\/fr\/services-de-traduction\/traduction-juridique\/\" class=\"menu-link\">Traduction juridique<\/a><\/li>\n<li  id=\"menu-item-42709\" class=\"menu-item menu-item-type-post_type menu-item-object-page menu-item-42709\"><a href=\"https:\/\/www.balticmedia.com\/fr\/traduction-medicale\/\" class=\"menu-link\">Traduction m\u00e9dicale<\/a><\/li>\n<li  id=\"menu-item-100586\" class=\"menu-item menu-item-type-post_type menu-item-object-page menu-item-100586\"><a href=\"https:\/\/www.balticmedia.com\/fr\/services-de-traduction\/la-traduction-de-document-marketing\/\" class=\"menu-link\">La traduction de document marketing<\/a><\/li>\n<li  id=\"menu-item-42712\" class=\"menu-item menu-item-type-post_type menu-item-object-page menu-item-42712\"><a href=\"https:\/\/www.balticmedia.com\/fr\/services-de-traduction\/transcription\/\" class=\"menu-link\">Services de transcription<\/a><\/li>\n<li  id=\"menu-item-42703\" class=\"menu-item menu-item-type-post_type menu-item-object-page menu-item-42703\"><a href=\"https:\/\/www.balticmedia.com\/fr\/services-de-traduction\/sous-titrage-doublage-et-voix-off\/\" class=\"menu-link\">Sous-titrage, doublage et voix-off<\/a><\/li>\n<li  id=\"menu-item-42702\" class=\"menu-item menu-item-type-post_type menu-item-object-page menu-item-42702\"><a href=\"https:\/\/www.balticmedia.com\/fr\/services-de-traduction\/revision-linguistique\/\" class=\"menu-link\">R\u00e9vision linguistique<\/a><\/li>\n<li  id=\"menu-item-42694\" class=\"menu-item menu-item-type-post_type menu-item-object-page menu-item-42694\"><a href=\"https:\/\/www.balticmedia.com\/fr\/services-de-traduction\/editique-conception-graphique\/\" class=\"menu-link\">Editique (conception graphique)<\/a><\/li>\n<li  id=\"menu-item-42695\" class=\"menu-item menu-item-type-post_type menu-item-object-page menu-item-42695\"><a href=\"https:\/\/www.balticmedia.com\/fr\/interpretation\/\" class=\"menu-link\">Interpr\u00e9tation en langues scandinaves et baltes<\/a><\/li>\n<li  id=\"menu-item-42696\" class=\"menu-item menu-item-type-post_type menu-item-object-page menu-item-42696\"><a href=\"https:\/\/www.balticmedia.com\/fr\/interpretation\/interpretation-consecutive\/\" class=\"menu-link\">Interpr\u00e9tation cons\u00e9cutive<\/a><\/li>\n<li  id=\"menu-item-42698\" class=\"menu-item menu-item-type-post_type menu-item-object-page menu-item-42698\"><a href=\"https:\/\/www.balticmedia.com\/fr\/interpretation\/interpretation-simultanee\/\" class=\"menu-link\">Interpr\u00e9tation simultan\u00e9e<\/a><\/li>\n<li  id=\"menu-item-42697\" class=\"menu-item menu-item-type-post_type menu-item-object-page menu-item-42697\"><a href=\"https:\/\/www.balticmedia.com\/fr\/interpretation\/interpretation-par-telephone-ou-skype-zoom-meet\/\" class=\"menu-link\">Interpr\u00e9tation par t\u00e9l\u00e9phone ou Zoom, Meet<\/a><\/li>\n<li  id=\"menu-item-42689\" class=\"menu-item menu-item-type-post_type menu-item-object-page menu-item-42689\"><a href=\"https:\/\/www.balticmedia.com\/fr\/apprendre-une-langue\/\" class=\"menu-link\">Apprendre une langue<\/a><\/li>\n<li  id=\"menu-item-42693\" class=\"menu-item menu-item-type-post_type menu-item-object-page menu-item-42693\"><a href=\"https:\/\/www.balticmedia.com\/fr\/pourquoi-choisir-le-centre-de-formation-linguistique-baltic-media\/\" class=\"menu-link\">Pourquoi choisir le centre de formation linguistique Baltic Media ?<\/a><\/li>\n<li  id=\"menu-item-42690\" class=\"menu-item menu-item-type-post_type menu-item-object-page menu-item-42690\"><a href=\"https:\/\/www.balticmedia.com\/fr\/apprendre-une-langue\/comment-les-cours-de-langues-peuvent-ils-stimuler-votre-activite\/\" class=\"menu-link\">Comment les cours de langues peuvent-ils stimuler votre activit\u00e9 ?<\/a><\/li>\n<li  id=\"menu-item-42691\" class=\"menu-item menu-item-type-post_type menu-item-object-page menu-item-42691\"><a href=\"https:\/\/www.balticmedia.com\/fr\/apprendre-une-langue\/evaluez-vos-competences-linguistiques\/\" class=\"menu-link\">\u00c9valuez vos comp\u00e9tences linguistiques<\/a><\/li>\n<li  id=\"menu-item-103717\" class=\"menu-item menu-item-type-post_type menu-item-object-page menu-item-103717\"><a href=\"https:\/\/www.balticmedia.com\/fr\/formation-de-base-en-letton\/\" class=\"menu-link\">Formation de base en letton | Cours de langue lettone<\/a><\/li>\n<\/ul><\/div><\/div><div id=\"panel-37305-1-0-2\" class=\"so-panel widget widget_ocean_custom_menu widget-oceanwp-custom-menu custom-menu-widget panel-last-child extendedwopts-hide extendedwopts-tablet extendedwopts-mobile widgetopts-SO\" data-index=\"3\" ><div class=\"oceanwp-custom-menu clr ocean_custom_menu-2 left dropdown-hover\"><ul id=\"menu-les-partenaires\" class=\"dropdown-menu sf-menu\"><li  id=\"menu-item-14908\" class=\"menu-item menu-item-type-custom menu-item-object-custom menu-item-14908\"><a target=\"_blank\" href=\"https:\/\/balticmedia.s.xtrf.eu\/vendors\/#\/sign-in\" class=\"menu-link\" rel=\"nofollow noopener\"><i class=\"icon before line-icon icon-briefcase\" aria-hidden=\"true\" style=\"font-size:2em;\"><\/i><span class=\"menu-text\">Portail fournisseur<\/span><\/a><\/li>\n<li  id=\"menu-item-14909\" class=\"menu-item menu-item-type-custom menu-item-object-custom menu-item-14909\"><a target=\"_blank\" href=\"https:\/\/www.balticmedia.com\/wp-content\/uploads\/11-Reasons-to-Choose-Baltic-Media-2026.pdf\" class=\"menu-link\"><i class=\"icon before line-icon icon-people\" aria-hidden=\"true\" style=\"font-size:2em;\"><\/i><span class=\"menu-text\">Profil d\u2019entreprise<\/span><\/a><\/li>\n<li  id=\"menu-item-14910\" class=\"menu-item menu-item-type-custom menu-item-object-custom menu-item-14910\"><a target=\"_blank\" href=\"https:\/\/www.balticmedia.com\/wp-content\/uploads\/agence-de-traduction-fr.pdf\" class=\"menu-link\"><i class=\"icon before line-icon icon-organization\" aria-hidden=\"true\" style=\"font-size:2em;\"><\/i><span class=\"menu-text\">Processus de traduction \u00e9tape par \u00e9tape<\/span><\/a><\/li>\n<li  id=\"menu-item-14911\" class=\"menu-item menu-item-type-custom menu-item-object-custom menu-item-14911\"><a target=\"_blank\" href=\"https:\/\/www.balticmedia.com\/wp-content\/uploads\/Baltic-Media-Ltd.-Service-Terms-and-Conditions.pdf\" class=\"menu-link\"><i class=\"icon before line-icon icon-docs\" aria-hidden=\"true\" style=\"font-size:2em;\"><\/i><span class=\"menu-text\">Conditions g\u00e9n\u00e9rales de service (EN)<\/span><\/a><\/li>\n<li  id=\"menu-item-14912\" class=\"menu-item menu-item-type-custom menu-item-object-custom menu-item-14912\"><a target=\"_blank\" href=\"https:\/\/www.balticmedia.com\/wp-content\/uploads\/iSO-certificate-2023.png\" class=\"menu-link\"><i class=\"icon before line-icon icon-doc\" aria-hidden=\"true\" style=\"font-size:2em;\"><\/i><span class=\"menu-text\">ISO 9001:2015 Quality Certification<\/span><\/a><\/li>\n<li  id=\"menu-item-14913\" class=\"menu-item menu-item-type-custom menu-item-object-custom menu-item-14913\"><a target=\"_blank\" href=\"https:\/\/www.balticmedia.com\/wp-content\/uploads\/362531_copyrighttrademarkbalticmedia.pdf\" class=\"menu-link\"><i class=\"icon before line-icon icon-info\" aria-hidden=\"true\" style=\"font-size:2em;\"><\/i><span class=\"menu-text\">Copyright | Trademark Baltic Media<sup>\u00ae<\/sup><\/span><\/a><\/li>\n<\/ul><\/div><\/div><\/div><div id=\"pgc-37305-1-1\"  class=\"panel-grid-cell\" ><div id=\"panel-37305-1-1-0\" class=\"so-panel widget widget_sow-editor panel-first-child panel-last-child widgetopts-hide_title widgetopts-SO\" data-index=\"4\" ><div\n\t\t\t\n\t\t\tclass=\"so-widget-sow-editor so-widget-sow-editor-base\"\n\t\t\t\n\t\t>\n<div class=\"siteorigin-widget-tinymce textwidget\">\n\t<p>&nbsp;<\/p>\n<h1><strong>Comment les cours de langues peuvent-ils stimuler votre activit\u00e9 ? | Baltic Media Language Training Centre<\/strong><\/h1>\n<p>Si votre entreprise souhaite accro\u00eetre ses exportations de biens ou de services vers des march\u00e9s plus proches ou plus lointains, vous pourriez vouloir enseigner \u00e0 vos employ\u00e9s les langues parl\u00e9es dans ces pays. Du moins, ceux qui seront charg\u00e9s de conseiller et de g\u00e9rer les filiales sur les nouveaux march\u00e9s. Pour \u00e9tendre vos activit\u00e9s aux pays voisins les plus proches, des cours de su\u00e9dois, de norv\u00e9gien, de danois, d'estonien, de finnois, de lituanien, de polonais, d'allemand et de russe peuvent s'av\u00e9rer utiles.<\/p>\n<p>Si votre entreprise est une filiale d'une autre soci\u00e9t\u00e9 internationale, pour communiquer efficacement avec son personnel, vous pouvez avoir besoin de la connaissance de la langue officielle du pays dans lequel votre soci\u00e9t\u00e9 m\u00e8re est bas\u00e9e. Nous sommes sp\u00e9cialis\u00e9s dans les cours de su\u00e9dois, d'anglais, de finnois, d'estonien, d'allemand, de lituanien, d'espagnol, d'italien, de fran\u00e7ais, d'arabe, de japonais et de chinois depuis plus de 25 ans.<\/p>\n<p>Des \u00e9tudes scientifiques montrent que si vous communiquez avec vos partenaires commerciaux dans leur langue, le chiffre d'affaires de votre entreprise augmentera en moyenne de 25 %.<\/p>\n<p><img data-recalc-dims=\"1\" loading=\"lazy\" decoding=\"async\" class=\"alignnone wp-image-6878\" src=\"https:\/\/i0.wp.com\/www.balticmedia.com\/wp-content\/uploads\/baltic_media_a5_flayer_2.png?resize=300%2C426&#038;ssl=1\" alt=\"Comment les cours de langues peuvent-ils stimuler votre activit\u00e9 ?\" width=\"300\" height=\"426\" srcset=\"https:\/\/i0.wp.com\/www.balticmedia.com\/wp-content\/uploads\/baltic_media_a5_flayer_2.png?resize=211%2C300&amp;ssl=1 211w, https:\/\/i0.wp.com\/www.balticmedia.com\/wp-content\/uploads\/baltic_media_a5_flayer_2.png?resize=722%2C1024&amp;ssl=1 722w, https:\/\/i0.wp.com\/www.balticmedia.com\/wp-content\/uploads\/baltic_media_a5_flayer_2.png?w=728&amp;ssl=1 728w\" sizes=\"auto, (max-width: 300px) 100vw, 300px\" title=\"\"><\/p>\n<p><img data-recalc-dims=\"1\" loading=\"lazy\" decoding=\"async\" class=\"alignnone size-medium wp-image-1474\" src=\"https:\/\/i0.wp.com\/www.balticmedia.com\/wp-content\/uploads\/BM-logo-328x90-web-2.jpg?resize=300%2C82&#038;ssl=1\" alt=\"Baltic Media\" width=\"300\" height=\"82\" srcset=\"https:\/\/i0.wp.com\/www.balticmedia.com\/wp-content\/uploads\/BM-logo-328x90-web-2-e1732657723740.jpg?resize=300%2C82&amp;ssl=1 300w, https:\/\/i0.wp.com\/www.balticmedia.com\/wp-content\/uploads\/BM-logo-328x90-web-2-e1732657723740.jpg?w=328&amp;ssl=1 328w\" sizes=\"auto, (max-width: 300px) 100vw, 300px\" title=\"\"><\/p>\n<p>L'anglais est une langue de communication commerciale mondiale. Disons que vous avez une bonne connaissance de l'anglais que vous avez appris \u00e0 l'\u00e9cole et \u00e0 l'universit\u00e9. Cependant, pour communiquer dans un environnement commercial, vous devez ajouter une terminologie commerciale sp\u00e9cifique et un style linguistique qui d\u00e9pendent de la r\u00e9gion. Les professeurs dont l'anglais est la langue maternelle et qui connaissent bien les versions am\u00e9ricaine, britannique, australienne et autres de l'anglais vous aideront \u00e0 cet \u00e9gard.<\/p>\n<p>Si votre entreprise est internationale et emploie un grand nombre d'experts \u00e9trangers venus \u00e0 Riga non seulement pour travailler, mais aussi pour vivre et s'int\u00e9grer dans le domaine social et culturel de la Lettonie, vous voudrez peut-\u00eatre enseigner \u00e0 ces employ\u00e9s le letton, la langue officielle de la Lettonie et l'une des langues officielles de l'Union europ\u00e9enne.<\/p>\n<p>Les racines de la langue lettone remontent au sanskrit et c'est l'une des plus anciennes langues de la civilisation europ\u00e9enne qui, avec le lituanien, constitue une branche distincte de l'arbre linguistique indo-europ\u00e9en. Les cours de letton pour \u00e9trangers, bas\u00e9s sur une m\u00e9thode sp\u00e9ciale et originale, sont l'une de nos sp\u00e9cialit\u00e9s.<\/p>\n<p>Tous ces cours de langue sont organis\u00e9s par le Baltic Media Language Training Centre depuis plus de 25 ans.<\/p>\n<p>Contactez-nous et nous vous expliquerons comment l'exp\u00e9rience et la comp\u00e9tence de nos cours de langues peuvent vous aider !<\/p>\n<p>Si vous souhaitez ma\u00eetriser l'une des langues les plus recherch\u00e9es de nos pays voisins ou plus lointains, contactez les employ\u00e9s de notre centre de langues par e-mail : kursi@balticmedia.com ou appelez +37167224395.<\/p>\n<p>Pour plus d'informations sur l'organisation des cours de langues de Baltic Media, la principale soci\u00e9t\u00e9 de services linguistiques d'Europe du Nord, visitez le site : https:\/\/www.balticmedia.com\/global-translation-services\/language-training-courses-classes-lessons\/<\/p>\n<p>Le Centre de langues de Baltic Media est un \u00e9tablissement d'enseignement enregistr\u00e9 aupr\u00e8s du Service national de la qualit\u00e9 de l'\u00e9ducation de la R\u00e9publique de Lettonie.<\/p>\n<p>L'Agence nationale de d\u00e9veloppement de l'\u00e9ducation a enregistr\u00e9 les programmes \u00e9ducatifs en letton, lituanien, su\u00e9dois, russe, communication, etc. du Centre de formation linguistique de Baltic Media.<\/p>\n<p>Type de programmes : D\u00e9veloppement professionnel et personnel (\u00e9ducation non formelle des adultes). Documents p\u00e9dagogiques - certificat.<\/p>\n<div>\n<div><iframe loading=\"lazy\" src=\"https:\/\/www.youtube.com\/embed\/hiNHZ2fn4Cc?enablejsapi=1&amp;origin=https:\/\/wp.balticmedia.dev.telia.lv\" width=\"560\" height=\"315\" frameborder=\"0\" allowfullscreen=\"allowfullscreen\" data-mce-fragment=\"1\"><\/iframe><\/div>\n<\/div>\n<h2><strong><a href=\"https:\/\/www.balticmedia.com\/lv\/tulkosanas-pakalpojumi-baltic-media\/valodu-kursi\/kapec-izveleties-baltic-media-valodu-macibu-centru\/\">Why is the Baltic Media Language Training Centre Your Go-To Place If You Want to Learn New Languages?<\/a><\/strong><\/h2>\n<h3><a href=\"https:\/\/www.balticmedia.com\/global-translation-services\/language-training-courses-classes-lessons\/why-choose-baltic-media-language-training-centre\/\">Why Choose Baltic Media Language Training Centre?<\/a><\/h3>\n<h3>Latvian Language Training Riga<\/h3>\n<h3><a href=\"https:\/\/www.balticmedia.com\/global-translation-services\/language-training-courses-classes-lessons\/how-can-language-courses-boost-your-business\/\">How Can Language Courses Boost Your Business?<\/a><\/h3>\n<h3><a href=\"https:\/\/www.balticmedia.com\/global-translation-services\/language-training-courses-classes-lessons\/evaluate-your-language-skills\/\">Evaluate your language skills<\/a><\/h3>\n<h3><a href=\"https:\/\/www.balticmedia.com\/global-translation-services\/language-training-courses-classes-lessons\/discover-latvian\/\">Discover Latvian - an effective approach for learning Latvian<\/a><\/h3>\n<h3><a href=\"https:\/\/www.balticmedia.com\/fr\/a-propos-de-nous\/notre-histoire\/tvian-language-course--how-l\">Latvian language course | How long does it takes to master Latvian?<\/a><\/h3>\n<h3><a href=\"https:\/\/www.balticmedia.com\/global-translation-services\/language-training-courses-classes-lessons\/latvian-language-courses-for-foreigners\/\">Latvian language courses for foreigners<\/a><\/h3>\n<h3><a href=\"https:\/\/www.balticmedia.com\/translation-jobs\/\">Apply here<\/a><\/h3>\n<\/div>\n<\/div><\/div><\/div><\/div><\/div>","protected":false},"excerpt":{"rendered":"<p>&nbsp; Comment les cours de langues peuvent-ils stimuler votre activit\u00e9 ? | Baltic Media Language Training Centre Si votre entreprise souhaite accro\u00eetre ses exportations de biens ou de services vers des march\u00e9s plus proches ou plus lointains, vous pourriez vouloir enseigner \u00e0 vos employ\u00e9s les langues parl\u00e9es dans ces pays. Du moins, ceux qui seront [&hellip;]<\/p>\n","protected":false},"author":2,"featured_media":140003,"parent":32800,"menu_order":0,"comment_status":"closed","ping_status":"closed","template":"","meta":{"ocean_post_layout":"","ocean_both_sidebars_style":"","ocean_both_sidebars_content_width":0,"ocean_both_sidebars_sidebars_width":0,"ocean_sidebar":"0","ocean_second_sidebar":"0","ocean_disable_margins":"enable","ocean_add_body_class":"","ocean_shortcode_before_top_bar":"","ocean_shortcode_after_top_bar":"","ocean_shortcode_before_header":"","ocean_shortcode_after_header":"","ocean_has_shortcode":"","ocean_shortcode_after_title":"","ocean_shortcode_before_footer_widgets":"","ocean_shortcode_after_footer_widgets":"","ocean_shortcode_before_footer_bottom":"","ocean_shortcode_after_footer_bottom":"","ocean_display_top_bar":"default","ocean_display_header":"default","ocean_header_style":"","ocean_center_header_left_menu":"0","ocean_custom_header_template":"0","ocean_custom_logo":0,"ocean_custom_retina_logo":0,"ocean_custom_logo_max_width":0,"ocean_custom_logo_tablet_max_width":0,"ocean_custom_logo_mobile_max_width":0,"ocean_custom_logo_max_height":0,"ocean_custom_logo_tablet_max_height":0,"ocean_custom_logo_mobile_max_height":0,"ocean_header_custom_menu":"0","ocean_menu_typo_font_family":"0","ocean_menu_typo_font_subset":"","ocean_menu_typo_font_size":0,"ocean_menu_typo_font_size_tablet":0,"ocean_menu_typo_font_size_mobile":0,"ocean_menu_typo_font_size_unit":"px","ocean_menu_typo_font_weight":"","ocean_menu_typo_font_weight_tablet":"","ocean_menu_typo_font_weight_mobile":"","ocean_menu_typo_transform":"","ocean_menu_typo_transform_tablet":"","ocean_menu_typo_transform_mobile":"","ocean_menu_typo_line_height":0,"ocean_menu_typo_line_height_tablet":0,"ocean_menu_typo_line_height_mobile":0,"ocean_menu_typo_line_height_unit":"","ocean_menu_typo_spacing":0,"ocean_menu_typo_spacing_tablet":0,"ocean_menu_typo_spacing_mobile":0,"ocean_menu_typo_spacing_unit":"","ocean_menu_link_color":"","ocean_menu_link_color_hover":"","ocean_menu_link_color_active":"","ocean_menu_link_background":"","ocean_menu_link_hover_background":"","ocean_menu_link_active_background":"","ocean_menu_social_links_bg":"","ocean_menu_social_hover_links_bg":"","ocean_menu_social_links_color":"","ocean_menu_social_hover_links_color":"","ocean_disable_title":"default","ocean_disable_heading":"default","ocean_post_title":"","ocean_post_subheading":"","ocean_post_title_style":"","ocean_post_title_background_color":"","ocean_post_title_background":0,"ocean_post_title_bg_image_position":"","ocean_post_title_bg_image_attachment":"","ocean_post_title_bg_image_repeat":"","ocean_post_title_bg_image_size":"","ocean_post_title_height":0,"ocean_post_title_bg_overlay":0.5,"ocean_post_title_bg_overlay_color":"","ocean_disable_breadcrumbs":"default","ocean_breadcrumbs_color":"","ocean_breadcrumbs_separator_color":"","ocean_breadcrumbs_links_color":"","ocean_breadcrumbs_links_hover_color":"","ocean_display_footer_widgets":"default","ocean_display_footer_bottom":"default","ocean_custom_footer_template":"0","ofc_meta_disable_footer_callout":"","ofc_meta_callout_button_url":"","ofc_meta_callout_button_txt":"","ofc_meta_callout_text":"","osh_disable_topbar_sticky":"default","osh_disable_header_sticky":"default","osh_sticky_header_style":"default","osh_sticky_header_effect":"","osh_custom_sticky_logo":0,"osh_custom_retina_sticky_logo":0,"osh_custom_sticky_logo_height":0,"osh_background_color":"","osh_links_color":"","osh_links_hover_color":"","osh_links_active_color":"","osh_links_bg_color":"","osh_links_hover_bg_color":"","osh_links_active_bg_color":"","osh_menu_social_links_color":"","osh_menu_social_hover_links_color":"","footnotes":""},"class_list":["post-37305","page","type-page","status-publish","has-post-thumbnail","hentry","entry","has-media"],"jetpack_sharing_enabled":true,"jetpack_likes_enabled":true,"jetpack-related-posts":[],"jetpack_shortlink":"https:\/\/wp.me\/Pe7Cu3-9HH","_links":{"self":[{"href":"https:\/\/www.balticmedia.com\/fr\/wp-json\/wp\/v2\/pages\/37305","targetHints":{"allow":["GET"]}}],"collection":[{"href":"https:\/\/www.balticmedia.com\/fr\/wp-json\/wp\/v2\/pages"}],"about":[{"href":"https:\/\/www.balticmedia.com\/fr\/wp-json\/wp\/v2\/types\/page"}],"author":[{"embeddable":true,"href":"https:\/\/www.balticmedia.com\/fr\/wp-json\/wp\/v2\/users\/2"}],"replies":[{"embeddable":true,"href":"https:\/\/www.balticmedia.com\/fr\/wp-json\/wp\/v2\/comments?post=37305"}],"version-history":[{"count":6,"href":"https:\/\/www.balticmedia.com\/fr\/wp-json\/wp\/v2\/pages\/37305\/revisions"}],"predecessor-version":[{"id":128679,"href":"https:\/\/www.balticmedia.com\/fr\/wp-json\/wp\/v2\/pages\/37305\/revisions\/128679"}],"up":[{"embeddable":true,"href":"https:\/\/www.balticmedia.com\/fr\/wp-json\/wp\/v2\/pages\/32800"}],"wp:featuredmedia":[{"embeddable":true,"href":"https:\/\/www.balticmedia.com\/fr\/wp-json\/wp\/v2\/media\/140003"}],"wp:attachment":[{"href":"https:\/\/www.balticmedia.com\/fr\/wp-json\/wp\/v2\/media?parent=37305"}],"curies":[{"name":"wp","href":"https:\/\/api.w.org\/{rel}","templated":true}]}}