{"id":28969,"date":"2021-01-30T12:49:28","date_gmt":"2021-01-30T10:49:28","guid":{"rendered":"https:\/\/www.balticmedia.com\/a-propos-de-nous\/our-values\/"},"modified":"2025-09-29T11:02:49","modified_gmt":"2025-09-29T08:02:49","slug":"valeurs","status":"publish","type":"page","link":"https:\/\/www.balticmedia.com\/fr\/services-de-traduction-en-europe-du-nord\/valeurs\/","title":{"rendered":"Valeurs"},"content":{"rendered":"<div id=\"pl-28969\"  class=\"panel-layout\" ><div id=\"pg-28969-0\"  class=\"panel-grid panel-no-style\" ><div id=\"pgc-28969-0-0\"  class=\"panel-grid-cell\" ><div id=\"panel-28969-0-0-0\" class=\"so-panel widget widget_sow-image panel-first-child panel-last-child\" data-index=\"0\" ><div\n\t\t\t\n\t\t\tclass=\"so-widget-sow-image so-widget-sow-image-default-8b5b6f678277-28969\"\n\t\t\t\n\t\t>\n<div class=\"sow-image-container\">\n\t\t<img loading=\"lazy\" decoding=\"async\" src=\"https:\/\/i0.wp.com\/www.balticmedia.com\/wp-content\/uploads\/1about_us-scaled-1.jpg?fit=2560%2C549&amp;ssl=1\" width=\"2560\" height=\"549\" srcset=\"https:\/\/i0.wp.com\/www.balticmedia.com\/wp-content\/uploads\/1about_us-scaled-1.jpg?w=2560&amp;ssl=1 2560w, https:\/\/i0.wp.com\/www.balticmedia.com\/wp-content\/uploads\/1about_us-scaled-1.jpg?resize=300%2C64&amp;ssl=1 300w, https:\/\/i0.wp.com\/www.balticmedia.com\/wp-content\/uploads\/1about_us-scaled-1.jpg?resize=1024%2C220&amp;ssl=1 1024w, https:\/\/i0.wp.com\/www.balticmedia.com\/wp-content\/uploads\/1about_us-scaled-1.jpg?resize=768%2C165&amp;ssl=1 768w, https:\/\/i0.wp.com\/www.balticmedia.com\/wp-content\/uploads\/1about_us-scaled-1.jpg?resize=1536%2C329&amp;ssl=1 1536w, https:\/\/i0.wp.com\/www.balticmedia.com\/wp-content\/uploads\/1about_us-scaled-1.jpg?resize=2048%2C439&amp;ssl=1 2048w, https:\/\/i0.wp.com\/www.balticmedia.com\/wp-content\/uploads\/1about_us-scaled-1.jpg?w=2400&amp;ssl=1 2400w\" title=\"1about_us\" alt=\"\" class=\"so-widget-image\">\n\t<\/div>\n\n<\/div><\/div><\/div><\/div><div id=\"pg-28969-1\"  class=\"panel-grid panel-no-style\" ><div id=\"pgc-28969-1-0\"  class=\"panel-grid-cell\" ><div id=\"panel-28969-1-0-0\" class=\"so-panel widget widget_sow-editor panel-first-child widgetopts-SO\" data-index=\"1\" ><div\n\t\t\t\n\t\t\tclass=\"so-widget-sow-editor so-widget-sow-editor-base\"\n\t\t\t\n\t\t>\n<div class=\"siteorigin-widget-tinymce textwidget\">\n\t<pre><form aria-label=\"Search this website\" role=\"search\" method=\"get\" class=\"oceanwp-searchform\" id=\"searchform\" action=\"https:\/\/www.balticmedia.com\/fr\/\"><input aria-label=\"Ins\u00e9rer une requ\u00eate de recherche\" type=\"text\" class=\"field\" name=\"s\" id=\"s\" placeholder=\"Rechercher\"><button aria-label=\"Envoyer la recherche\" type=\"submit\" class=\"search-submit\" value=\"\"><i class=\"icon-magnifier\" aria-hidden=\"true\"><\/i><\/button><\/form><\/pre>\n<\/div>\n<\/div><\/div><div id=\"panel-28969-1-0-1\" class=\"so-panel widget widget_ocean_custom_menu widget-oceanwp-custom-menu custom-menu-widget widgetopts-SO\" data-index=\"2\" ><div class=\"oceanwp-custom-menu clr ocean_custom_menu-2 left dropdown-hover\"><ul id=\"menu-a-propos-de-nous-about-us\" class=\"dropdown-menu sf-menu\"><li  id=\"menu-item-41201\" class=\"menu-item menu-item-type-post_type menu-item-object-page menu-item-41201\"><a href=\"https:\/\/www.balticmedia.com\/fr\/services-de-traduction-en-europe-du-nord\/\" class=\"menu-link\">Services de traduction en Europe du Nord<\/a><\/li>\n<li  id=\"menu-item-41204\" class=\"menu-item menu-item-type-post_type menu-item-object-page menu-item-41204\"><a href=\"https:\/\/www.balticmedia.com\/fr\/services-de-traduction-en-europe-du-nord\/notre-equipe\/\" class=\"menu-link\">Notre \u00e9quipe<\/a><\/li>\n<li  id=\"menu-item-41205\" class=\"menu-item menu-item-type-post_type menu-item-object-page menu-item-41205\"><a href=\"https:\/\/www.balticmedia.com\/fr\/services-de-traduction-en-europe-du-nord\/notre-histoire\/\" class=\"menu-link\">Notre histoire<\/a><\/li>\n<li  id=\"menu-item-41207\" class=\"menu-item menu-item-type-post_type menu-item-object-page menu-item-41207\"><a href=\"https:\/\/www.balticmedia.com\/fr\/services-de-traduction-en-europe-du-nord\/pourquoi-choisir-baltic-media\/\" class=\"menu-link\">Pourquoi choisir l\u2019agence de traduction Baltic Media\u00ae ?<\/a><\/li>\n<li  id=\"menu-item-41208\" class=\"menu-item menu-item-type-post_type menu-item-object-page menu-item-41208\"><a href=\"https:\/\/www.balticmedia.com\/fr\/services-de-traduction-en-europe-du-nord\/processus-de-traduction-etape-par-etape\/\" class=\"menu-link\">Processus de traduction \u00e9tape par \u00e9tape<\/a><\/li>\n<li  id=\"menu-item-104650\" class=\"menu-item menu-item-type-post_type menu-item-object-page menu-item-104650\"><a href=\"https:\/\/www.balticmedia.com\/fr\/traduction-humaine\/\" class=\"menu-link\">La traduction humaine | Le meilleur traducteur<\/a><\/li>\n<li  id=\"menu-item-41209\" class=\"menu-item menu-item-type-post_type menu-item-object-page menu-item-41209\"><a href=\"https:\/\/www.balticmedia.com\/fr\/quest-ce-quune-agence-de-traduction\/\" class=\"menu-link\">Qu\u2019est-ce qu\u2019une agence de traduction ?<\/a><\/li>\n<li  id=\"menu-item-104649\" class=\"menu-item menu-item-type-post_type menu-item-object-page menu-item-104649\"><a href=\"https:\/\/www.balticmedia.com\/fr\/traduction-professionnelle\/\" class=\"menu-link\">Traduction professionnelle<\/a><\/li>\n<li  id=\"menu-item-41202\" class=\"menu-item menu-item-type-post_type menu-item-object-page menu-item-41202\"><a href=\"https:\/\/www.balticmedia.com\/fr\/services-de-traduction-en-europe-du-nord\/conditions-generales-de-service\/\" class=\"menu-link\">Conditions g\u00e9n\u00e9rales de service (EN)<\/a><\/li>\n<li  id=\"menu-item-41203\" class=\"menu-item menu-item-type-post_type menu-item-object-page menu-item-41203\"><a href=\"https:\/\/www.balticmedia.com\/fr\/services-de-traduction-en-europe-du-nord\/formation-du-personnel-en-traduction\/\" class=\"menu-link\">Formation du personnel en traduction (EN)<\/a><\/li>\n<li  id=\"menu-item-41206\" class=\"menu-item menu-item-type-post_type menu-item-object-page menu-item-41206\"><a href=\"https:\/\/www.balticmedia.com\/fr\/services-de-traduction-en-europe-du-nord\/politique-de-confidentialite\/\" class=\"menu-link\">Politique de confidentialit\u00e9 (EN)<\/a><\/li>\n<li  id=\"menu-item-79200\" class=\"menu-item menu-item-type-post_type menu-item-object-page menu-item-79200\"><a href=\"https:\/\/www.balticmedia.com\/fr\/services-de-traduction-en-europe-du-nord\/retour-dans-notre-histoire\/\" class=\"menu-link\">Retour dans notre histoire<\/a><\/li>\n<\/ul><\/div><\/div><div id=\"panel-28969-1-0-2\" class=\"so-panel widget widget_ocean_custom_menu widget-oceanwp-custom-menu custom-menu-widget panel-last-child widgetopts-SO\" data-index=\"3\" ><div class=\"oceanwp-custom-menu clr ocean_custom_menu-2 left dropdown-hover\"><ul id=\"menu-les-partenaires\" class=\"dropdown-menu sf-menu\"><li  id=\"menu-item-14908\" class=\"menu-item menu-item-type-custom menu-item-object-custom menu-item-14908\"><a target=\"_blank\" href=\"https:\/\/balticmedia.s.xtrf.eu\/vendors\/#\/sign-in\" class=\"menu-link\" rel=\"nofollow noopener\"><i class=\"icon before line-icon icon-briefcase\" aria-hidden=\"true\" style=\"font-size:2em;\"><\/i><span class=\"menu-text\">Portail fournisseur<\/span><\/a><\/li>\n<li  id=\"menu-item-14909\" class=\"menu-item menu-item-type-custom menu-item-object-custom menu-item-14909\"><a target=\"_blank\" href=\"https:\/\/www.balticmedia.com\/wp-content\/uploads\/11-Reasons-to-Choose-Baltic-Media-2026.pdf\" class=\"menu-link\"><i class=\"icon before line-icon icon-people\" aria-hidden=\"true\" style=\"font-size:2em;\"><\/i><span class=\"menu-text\">Profil d\u2019entreprise<\/span><\/a><\/li>\n<li  id=\"menu-item-14910\" class=\"menu-item menu-item-type-custom menu-item-object-custom menu-item-14910\"><a target=\"_blank\" href=\"https:\/\/www.balticmedia.com\/wp-content\/uploads\/agence-de-traduction-fr.pdf\" class=\"menu-link\"><i class=\"icon before line-icon icon-organization\" aria-hidden=\"true\" style=\"font-size:2em;\"><\/i><span class=\"menu-text\">Processus de traduction \u00e9tape par \u00e9tape<\/span><\/a><\/li>\n<li  id=\"menu-item-14911\" class=\"menu-item menu-item-type-custom menu-item-object-custom menu-item-14911\"><a target=\"_blank\" href=\"https:\/\/www.balticmedia.com\/wp-content\/uploads\/Baltic-Media-Ltd.-Service-Terms-and-Conditions.pdf\" class=\"menu-link\"><i class=\"icon before line-icon icon-docs\" aria-hidden=\"true\" style=\"font-size:2em;\"><\/i><span class=\"menu-text\">Conditions g\u00e9n\u00e9rales de service (EN)<\/span><\/a><\/li>\n<li  id=\"menu-item-14912\" class=\"menu-item menu-item-type-custom menu-item-object-custom menu-item-14912\"><a target=\"_blank\" href=\"https:\/\/www.balticmedia.com\/wp-content\/uploads\/iSO-certificate-2023.png\" class=\"menu-link\"><i class=\"icon before line-icon icon-doc\" aria-hidden=\"true\" style=\"font-size:2em;\"><\/i><span class=\"menu-text\">ISO 9001:2015 Quality Certification<\/span><\/a><\/li>\n<li  id=\"menu-item-14913\" class=\"menu-item menu-item-type-custom menu-item-object-custom menu-item-14913\"><a target=\"_blank\" href=\"https:\/\/www.balticmedia.com\/wp-content\/uploads\/362531_copyrighttrademarkbalticmedia.pdf\" class=\"menu-link\"><i class=\"icon before line-icon icon-info\" aria-hidden=\"true\" style=\"font-size:2em;\"><\/i><span class=\"menu-text\">Copyright | Trademark Baltic Media<sup>\u00ae<\/sup><\/span><\/a><\/li>\n<\/ul><\/div><\/div><\/div><div id=\"pgc-28969-1-1\"  class=\"panel-grid-cell\" ><div id=\"panel-28969-1-1-0\" class=\"so-panel widget widget_sow-editor panel-first-child panel-last-child widgetopts-SO\" data-index=\"4\" ><div\n\t\t\t\n\t\t\tclass=\"so-widget-sow-editor so-widget-sow-editor-base\"\n\t\t\t\n\t\t>\n<div class=\"siteorigin-widget-tinymce textwidget\">\n\t<h1>Les valeurs du fournisseur de services linguistiques nordique et balte Baltic Media<sup>\u00ae<\/sup>.<\/h1>\n<p><img data-recalc-dims=\"1\" loading=\"lazy\" decoding=\"async\" class=\"alignnone size-full wp-image-1967\" src=\"https:\/\/i0.wp.com\/www.balticmedia.com\/wp-content\/uploads\/Baltic-Media-baneris-2020-stockholm-lidingo-bro-OK-2.jpg?resize=300%2C178&#038;ssl=1\" alt=\"Baltic Media Team 2020\" width=\"300\" height=\"178\" title=\"\"><img data-recalc-dims=\"1\" loading=\"lazy\" decoding=\"async\" class=\"alignnone size-medium wp-image-1474\" src=\"https:\/\/i0.wp.com\/www.balticmedia.com\/wp-content\/uploads\/BM-logo-328x90-web-2.jpg?resize=300%2C82&#038;ssl=1\" alt=\"\" width=\"300\" height=\"82\" srcset=\"https:\/\/i0.wp.com\/www.balticmedia.com\/wp-content\/uploads\/BM-logo-328x90-web-2-e1732657723740.jpg?resize=300%2C82&amp;ssl=1 300w, https:\/\/i0.wp.com\/www.balticmedia.com\/wp-content\/uploads\/BM-logo-328x90-web-2-e1732657723740.jpg?w=328&amp;ssl=1 328w\" sizes=\"auto, (max-width: 300px) 100vw, 300px\" title=\"\"><\/p>\n<p>Les valeurs fondamentales de l'entreprise de traduction et de formation linguistique Baltic Media<sup>\u00ae<\/sup> Ltd sont les suivantes :<\/p>\n<ul>\n<li>Respecter les int\u00e9r\u00eats du client en fournissant des services professionnels, de grande qualit\u00e9 et dans le respect des d\u00e9lais.Disponibilit\u00e9 pour les clients et compr\u00e9hension de leurs besoins.Le client doit sentir qu\u2019il peut faire confiance \u00e0 \u00ab Baltic Media \u00bb.<\/li>\n<li>D\u00e9velopper une coop\u00e9ration \u00e0 long terme avec nos clients ; \u00ab \u00e9duquer \u00bb les clients sur les traits sp\u00e9cifiques des services qu\u2019ils ach\u00e8tent, fourniture de qualit\u00e9, etc.<\/li>\n<li>Promouvoir un environnement de travail en d\u00e9veloppement, d\u00e9mocrate et tourn\u00e9 vers le march\u00e9 ainsi qu'une culture de l'emploi au sein de l'entreprise.<\/li>\n<li>Respecter les int\u00e9r\u00eats des membres du personnel et des fournisseurs en les traitant avec le respect qu'ils m\u00e9ritent, en garantissant l'am\u00e9lioration des possibilit\u00e9s professionnelles et d'expansion, en assurant un environnement social positif et en respectant l\u2019individualit\u00e9 de chaque employ\u00e9 et fournisseur.<\/li>\n<\/ul>\n<section class=\"main-wrap\">\n<div class=\"container\">\n<div class=\"row\">\n<article class=\"col\">\n<div class=\"formatedtext\">\n<p>Baltic Media s\u2019efforce de garantir que non seulement nos clients, mais aussi nos employ\u00e9s et fournisseurs aiment travailler et coop\u00e9rer avec notre entreprise.<\/p>\n<\/div>\n<\/article>\n<\/div>\n<\/div>\n<\/section>\n<p>Les services fournis par Baltic Media Ltd sont organis\u00e9s de mani\u00e8re \u00e0 r\u00e9pondre aux besoins de nos clients. L'un des principes les plus fondamentaux est la rapidit\u00e9 du service. Les chefs de projet de Baltic Media Ltd peuvent \u00eatre contact\u00e9s en dehors des heures normales de bureau.<\/p>\n<p>Qualit\u00e9 et service rapide - ce sont les deux grands principes qui expliquent pourquoi nos clients font confiance \u00e0 Baltic Media Ltd.<\/p>\n<h2>Agence de traduction Baltic Media<sup>\u00ae<\/sup> en Europe du Nord<\/h2>\n<p>L\u2019agence de traduction nordique et balte Baltic Media<sup>\u00ae<\/sup> est \u00e0 la pointe de la traduction num\u00e9rique en Europe du Nord, sp\u00e9cialiste des langues d\u2019Europe du Nord (que ces derni\u00e8res soient scandinaves, baltes ou slaves) dans le cadre de services de traduction depuis\/ vers le su\u00e9dois, le finnois, le danois, l\u2019islandais, le f\u00e9ro\u00efen, le norv\u00e9gien, l\u2019allemand, l\u2019anglais, le polonais, le russe, le letton, le lituanien et l\u2019estonien.<\/p>\n<p>En tant que prestataire de services linguistiques certifi\u00e9 ISO, l\u2019agence de traduction Baltic Media<sup>\u00ae<\/sup> assure un service de traduction effectu\u00e9 par des professionnels aupr\u00e8s de clients issus du monde de l\u2019entreprise, du secteur priv\u00e9 ou du secteur public.<\/p>\n<h3><a href=\"\/fr\/a-propos-de-nous\/pourquoi-choisir-baltic-media\/\">Pourquoi choisir le service de traduction Nordique-Baltique de l\u2019Agence Baltic Media<sup>\u00ae<\/sup> ?<\/a><\/h3>\n<h3><a href=\"\/fr\/tarifs\/\">Comment r\u00e9duire les co\u00fbts de traduction sans perdre en qualit\u00e9 ?<\/a><\/h3>\n<h3><a href=\"\/fr\/a-propos-de-nous\/traduction-humaine\/\">Pourquoi recourir aux services de traduction assur\u00e9s par des professionnels ?<\/a><\/h3>\n<h3><a href=\"https:\/\/www.balticmedia.com\/fr\/services-de-traduction-mondiaux\/traduction-automatique\/\">Traduisez avec Google, Bing, Microsoft, Tilde, Yandex et laissez-nous nous charger de la correction !<\/a><\/h3>\n<h3><a href=\"https:\/\/www.balticmedia.com\/fr\/demande-de-prix\/\">Devis gratuit<\/a><\/h3>\n<h3><a href=\"https:\/\/www.balticmedia.com\/fr\/demande-de-renseignement\/\">Demande de renseignements<\/a><\/h3>\n<h3><a href=\"mailto:info@balticmedia.com\">Courriel<\/a><\/h3>\n<p><iframe loading=\"lazy\" title=\"YouTube video player\" src=\"https:\/\/www.youtube.com\/embed\/hif6lbJHCNA\" width=\"600\" height=\"450\" frameborder=\"0\" allowfullscreen=\"allowfullscreen\"><\/iframe><\/p>\n<\/div>\n<\/div><\/div><\/div><\/div><\/div>","protected":false},"excerpt":{"rendered":"<p>Les valeurs du fournisseur de services linguistiques nordique et balte Baltic Media\u00ae. Les valeurs fondamentales de l&rsquo;entreprise de traduction et de formation linguistique Baltic Media\u00ae Ltd sont les suivantes : Respecter les int\u00e9r\u00eats du client en fournissant des services professionnels, de grande qualit\u00e9 et dans le respect des d\u00e9lais.Disponibilit\u00e9 pour les clients et compr\u00e9hension de [&hellip;]<\/p>\n","protected":false},"author":2,"featured_media":135483,"parent":16010,"menu_order":0,"comment_status":"closed","ping_status":"closed","template":"","meta":{"ocean_post_layout":"","ocean_both_sidebars_style":"","ocean_both_sidebars_content_width":0,"ocean_both_sidebars_sidebars_width":0,"ocean_sidebar":"0","ocean_second_sidebar":"0","ocean_disable_margins":"enable","ocean_add_body_class":"","ocean_shortcode_before_top_bar":"","ocean_shortcode_after_top_bar":"","ocean_shortcode_before_header":"","ocean_shortcode_after_header":"","ocean_has_shortcode":"","ocean_shortcode_after_title":"","ocean_shortcode_before_footer_widgets":"","ocean_shortcode_after_footer_widgets":"","ocean_shortcode_before_footer_bottom":"","ocean_shortcode_after_footer_bottom":"","ocean_display_top_bar":"default","ocean_display_header":"default","ocean_header_style":"","ocean_center_header_left_menu":"0","ocean_custom_header_template":"0","ocean_custom_logo":0,"ocean_custom_retina_logo":0,"ocean_custom_logo_max_width":0,"ocean_custom_logo_tablet_max_width":0,"ocean_custom_logo_mobile_max_width":0,"ocean_custom_logo_max_height":0,"ocean_custom_logo_tablet_max_height":0,"ocean_custom_logo_mobile_max_height":0,"ocean_header_custom_menu":"0","ocean_menu_typo_font_family":"0","ocean_menu_typo_font_subset":"","ocean_menu_typo_font_size":0,"ocean_menu_typo_font_size_tablet":0,"ocean_menu_typo_font_size_mobile":0,"ocean_menu_typo_font_size_unit":"px","ocean_menu_typo_font_weight":"","ocean_menu_typo_font_weight_tablet":"","ocean_menu_typo_font_weight_mobile":"","ocean_menu_typo_transform":"","ocean_menu_typo_transform_tablet":"","ocean_menu_typo_transform_mobile":"","ocean_menu_typo_line_height":0,"ocean_menu_typo_line_height_tablet":0,"ocean_menu_typo_line_height_mobile":0,"ocean_menu_typo_line_height_unit":"","ocean_menu_typo_spacing":0,"ocean_menu_typo_spacing_tablet":0,"ocean_menu_typo_spacing_mobile":0,"ocean_menu_typo_spacing_unit":"","ocean_menu_link_color":"","ocean_menu_link_color_hover":"","ocean_menu_link_color_active":"","ocean_menu_link_background":"","ocean_menu_link_hover_background":"","ocean_menu_link_active_background":"","ocean_menu_social_links_bg":"","ocean_menu_social_hover_links_bg":"","ocean_menu_social_links_color":"","ocean_menu_social_hover_links_color":"","ocean_disable_title":"default","ocean_disable_heading":"default","ocean_post_title":"","ocean_post_subheading":"","ocean_post_title_style":"","ocean_post_title_background_color":"","ocean_post_title_background":0,"ocean_post_title_bg_image_position":"","ocean_post_title_bg_image_attachment":"","ocean_post_title_bg_image_repeat":"","ocean_post_title_bg_image_size":"","ocean_post_title_height":0,"ocean_post_title_bg_overlay":0.5,"ocean_post_title_bg_overlay_color":"","ocean_disable_breadcrumbs":"default","ocean_breadcrumbs_color":"","ocean_breadcrumbs_separator_color":"","ocean_breadcrumbs_links_color":"","ocean_breadcrumbs_links_hover_color":"","ocean_display_footer_widgets":"default","ocean_display_footer_bottom":"default","ocean_custom_footer_template":"0","ofc_meta_disable_footer_callout":"","ofc_meta_callout_button_url":"","ofc_meta_callout_button_txt":"","ofc_meta_callout_text":"","osh_disable_topbar_sticky":"default","osh_disable_header_sticky":"default","osh_sticky_header_style":"default","osh_sticky_header_effect":"","osh_custom_sticky_logo":0,"osh_custom_retina_sticky_logo":0,"osh_custom_sticky_logo_height":0,"osh_background_color":"","osh_links_color":"","osh_links_hover_color":"","osh_links_active_color":"","osh_links_bg_color":"","osh_links_hover_bg_color":"","osh_links_active_bg_color":"","osh_menu_social_links_color":"","osh_menu_social_hover_links_color":"","footnotes":""},"class_list":["post-28969","page","type-page","status-publish","has-post-thumbnail","hentry","entry","has-media"],"jetpack_sharing_enabled":true,"jetpack_likes_enabled":true,"jetpack-related-posts":[],"jetpack_shortlink":"https:\/\/wp.me\/Pe7Cu3-7xf","_links":{"self":[{"href":"https:\/\/www.balticmedia.com\/fr\/wp-json\/wp\/v2\/pages\/28969","targetHints":{"allow":["GET"]}}],"collection":[{"href":"https:\/\/www.balticmedia.com\/fr\/wp-json\/wp\/v2\/pages"}],"about":[{"href":"https:\/\/www.balticmedia.com\/fr\/wp-json\/wp\/v2\/types\/page"}],"author":[{"embeddable":true,"href":"https:\/\/www.balticmedia.com\/fr\/wp-json\/wp\/v2\/users\/2"}],"replies":[{"embeddable":true,"href":"https:\/\/www.balticmedia.com\/fr\/wp-json\/wp\/v2\/comments?post=28969"}],"version-history":[{"count":3,"href":"https:\/\/www.balticmedia.com\/fr\/wp-json\/wp\/v2\/pages\/28969\/revisions"}],"predecessor-version":[{"id":139016,"href":"https:\/\/www.balticmedia.com\/fr\/wp-json\/wp\/v2\/pages\/28969\/revisions\/139016"}],"up":[{"embeddable":true,"href":"https:\/\/www.balticmedia.com\/fr\/wp-json\/wp\/v2\/pages\/16010"}],"wp:featuredmedia":[{"embeddable":true,"href":"https:\/\/www.balticmedia.com\/fr\/wp-json\/wp\/v2\/media\/135483"}],"wp:attachment":[{"href":"https:\/\/www.balticmedia.com\/fr\/wp-json\/wp\/v2\/media?parent=28969"}],"curies":[{"name":"wp","href":"https:\/\/api.w.org\/{rel}","templated":true}]}}