{"id":28556,"date":"2021-01-30T12:07:58","date_gmt":"2021-01-30T10:07:58","guid":{"rendered":"https:\/\/www.balticmedia.com\/a-propos-de-nous\/our-story-2\/"},"modified":"2023-10-12T09:40:28","modified_gmt":"2023-10-12T06:40:28","slug":"notre-histoire","status":"publish","type":"page","link":"https:\/\/www.balticmedia.com\/fr\/services-de-traduction-en-europe-du-nord\/notre-histoire\/","title":{"rendered":"Notre histoire"},"content":{"rendered":"<div id=\"pl-28556\"  class=\"panel-layout\" ><div id=\"pg-28556-0\"  class=\"panel-grid panel-no-style\" ><div id=\"pgc-28556-0-0\"  class=\"panel-grid-cell\" ><div id=\"panel-28556-0-0-0\" class=\"so-panel widget widget_sow-image panel-first-child panel-last-child widgetopts-SO\" data-index=\"0\" ><div\n\t\t\t\n\t\t\tclass=\"so-widget-sow-image so-widget-sow-image-default-8b5b6f678277-28556\"\n\t\t\t\n\t\t>\n<div class=\"sow-image-container\">\n\t\t<img loading=\"lazy\" decoding=\"async\" src=\"https:\/\/i0.wp.com\/www.balticmedia.com\/wp-content\/uploads\/1about_us-scaled-1.jpg?fit=2560%2C549&amp;ssl=1\" width=\"2560\" height=\"549\" srcset=\"https:\/\/i0.wp.com\/www.balticmedia.com\/wp-content\/uploads\/1about_us-scaled-1.jpg?w=2560&amp;ssl=1 2560w, https:\/\/i0.wp.com\/www.balticmedia.com\/wp-content\/uploads\/1about_us-scaled-1.jpg?resize=300%2C64&amp;ssl=1 300w, https:\/\/i0.wp.com\/www.balticmedia.com\/wp-content\/uploads\/1about_us-scaled-1.jpg?resize=1024%2C220&amp;ssl=1 1024w, https:\/\/i0.wp.com\/www.balticmedia.com\/wp-content\/uploads\/1about_us-scaled-1.jpg?resize=768%2C165&amp;ssl=1 768w, https:\/\/i0.wp.com\/www.balticmedia.com\/wp-content\/uploads\/1about_us-scaled-1.jpg?resize=1536%2C329&amp;ssl=1 1536w, https:\/\/i0.wp.com\/www.balticmedia.com\/wp-content\/uploads\/1about_us-scaled-1.jpg?resize=2048%2C439&amp;ssl=1 2048w, https:\/\/i0.wp.com\/www.balticmedia.com\/wp-content\/uploads\/1about_us-scaled-1.jpg?w=2400&amp;ssl=1 2400w\" title=\"1about_us\" alt=\"\" class=\"so-widget-image\">\n\t<\/div>\n\n<\/div><\/div><\/div><\/div><div id=\"pg-28556-1\"  class=\"panel-grid panel-no-style\" ><div id=\"pgc-28556-1-0\"  class=\"panel-grid-cell\" ><div id=\"panel-28556-1-0-0\" class=\"so-panel widget widget_sow-editor panel-first-child widgetopts-SO\" data-index=\"1\" ><div\n\t\t\t\n\t\t\tclass=\"so-widget-sow-editor so-widget-sow-editor-base\"\n\t\t\t\n\t\t>\n<div class=\"siteorigin-widget-tinymce textwidget\">\n\t<pre><form aria-label=\"Search this website\" role=\"search\" method=\"get\" class=\"oceanwp-searchform\" id=\"searchform\" action=\"https:\/\/www.balticmedia.com\/fr\/\"><input aria-label=\"Ins\u00e9rer une requ\u00eate de recherche\" type=\"text\" class=\"field\" name=\"s\" id=\"s\" placeholder=\"Rechercher\"><button aria-label=\"Envoyer la recherche\" type=\"submit\" class=\"search-submit\" value=\"\"><i class=\"icon-magnifier\" aria-hidden=\"true\"><\/i><\/button><\/form><\/pre>\n<\/div>\n<\/div><\/div><div id=\"panel-28556-1-0-1\" class=\"so-panel widget widget_ocean_custom_menu widget-oceanwp-custom-menu custom-menu-widget extendedwopts-hide extendedwopts-tablet extendedwopts-mobile widgetopts-SO\" data-index=\"2\" ><div class=\"oceanwp-custom-menu clr ocean_custom_menu-2 left dropdown-hover\"><ul id=\"menu-a-propos-de-nous-about-us\" class=\"dropdown-menu sf-menu\"><li  id=\"menu-item-41201\" class=\"menu-item menu-item-type-post_type menu-item-object-page menu-item-41201\"><a href=\"https:\/\/www.balticmedia.com\/fr\/services-de-traduction-en-europe-du-nord\/\" class=\"menu-link\">Services de traduction en Europe du Nord<\/a><\/li>\n<li  id=\"menu-item-41204\" class=\"menu-item menu-item-type-post_type menu-item-object-page menu-item-41204\"><a href=\"https:\/\/www.balticmedia.com\/fr\/services-de-traduction-en-europe-du-nord\/notre-equipe\/\" class=\"menu-link\">Notre \u00e9quipe<\/a><\/li>\n<li  id=\"menu-item-41205\" class=\"menu-item menu-item-type-post_type menu-item-object-page menu-item-41205\"><a href=\"https:\/\/www.balticmedia.com\/fr\/services-de-traduction-en-europe-du-nord\/notre-histoire\/\" class=\"menu-link\">Notre histoire<\/a><\/li>\n<li  id=\"menu-item-41207\" class=\"menu-item menu-item-type-post_type menu-item-object-page menu-item-41207\"><a href=\"https:\/\/www.balticmedia.com\/fr\/services-de-traduction-en-europe-du-nord\/pourquoi-choisir-baltic-media\/\" class=\"menu-link\">Pourquoi choisir l\u2019agence de traduction Baltic Media\u00ae ?<\/a><\/li>\n<li  id=\"menu-item-41208\" class=\"menu-item menu-item-type-post_type menu-item-object-page menu-item-41208\"><a href=\"https:\/\/www.balticmedia.com\/fr\/services-de-traduction-en-europe-du-nord\/processus-de-traduction-etape-par-etape\/\" class=\"menu-link\">Processus de traduction \u00e9tape par \u00e9tape<\/a><\/li>\n<li  id=\"menu-item-104650\" class=\"menu-item menu-item-type-post_type menu-item-object-page menu-item-104650\"><a href=\"https:\/\/www.balticmedia.com\/fr\/traduction-humaine\/\" class=\"menu-link\">La traduction humaine | Le meilleur traducteur<\/a><\/li>\n<li  id=\"menu-item-41209\" class=\"menu-item menu-item-type-post_type menu-item-object-page menu-item-41209\"><a href=\"https:\/\/www.balticmedia.com\/fr\/quest-ce-quune-agence-de-traduction\/\" class=\"menu-link\">Qu\u2019est-ce qu\u2019une agence de traduction ?<\/a><\/li>\n<li  id=\"menu-item-104649\" class=\"menu-item menu-item-type-post_type menu-item-object-page menu-item-104649\"><a href=\"https:\/\/www.balticmedia.com\/fr\/traduction-professionnelle\/\" class=\"menu-link\">Traduction professionnelle<\/a><\/li>\n<li  id=\"menu-item-41202\" class=\"menu-item menu-item-type-post_type menu-item-object-page menu-item-41202\"><a href=\"https:\/\/www.balticmedia.com\/fr\/services-de-traduction-en-europe-du-nord\/conditions-generales-de-service\/\" class=\"menu-link\">Conditions g\u00e9n\u00e9rales de service (EN)<\/a><\/li>\n<li  id=\"menu-item-41203\" class=\"menu-item menu-item-type-post_type menu-item-object-page menu-item-41203\"><a href=\"https:\/\/www.balticmedia.com\/fr\/services-de-traduction-en-europe-du-nord\/formation-du-personnel-en-traduction\/\" class=\"menu-link\">Formation du personnel en traduction (EN)<\/a><\/li>\n<li  id=\"menu-item-41206\" class=\"menu-item menu-item-type-post_type menu-item-object-page menu-item-41206\"><a href=\"https:\/\/www.balticmedia.com\/fr\/services-de-traduction-en-europe-du-nord\/politique-de-confidentialite\/\" class=\"menu-link\">Politique de confidentialit\u00e9 (EN)<\/a><\/li>\n<li  id=\"menu-item-79200\" class=\"menu-item menu-item-type-post_type menu-item-object-page menu-item-79200\"><a href=\"https:\/\/www.balticmedia.com\/fr\/services-de-traduction-en-europe-du-nord\/retour-dans-notre-histoire\/\" class=\"menu-link\">Retour dans notre histoire<\/a><\/li>\n<\/ul><\/div><\/div><div id=\"panel-28556-1-0-2\" class=\"so-panel widget widget_ocean_custom_menu widget-oceanwp-custom-menu custom-menu-widget panel-last-child widgetopts-SO\" data-index=\"3\" ><div class=\"oceanwp-custom-menu clr ocean_custom_menu-2 left dropdown-hover\"><ul id=\"menu-les-partenaires\" class=\"dropdown-menu sf-menu\"><li  id=\"menu-item-14908\" class=\"menu-item menu-item-type-custom menu-item-object-custom menu-item-14908\"><a target=\"_blank\" href=\"https:\/\/balticmedia.s.xtrf.eu\/vendors\/#\/sign-in\" class=\"menu-link\" rel=\"nofollow noopener\"><i class=\"icon before line-icon icon-briefcase\" aria-hidden=\"true\" style=\"font-size:2em;\"><\/i><span class=\"menu-text\">Portail fournisseur<\/span><\/a><\/li>\n<li  id=\"menu-item-14909\" class=\"menu-item menu-item-type-custom menu-item-object-custom menu-item-14909\"><a target=\"_blank\" href=\"https:\/\/www.balticmedia.com\/wp-content\/uploads\/11-Reasons-to-Choose-Baltic-Media-2026.pdf\" class=\"menu-link\"><i class=\"icon before line-icon icon-people\" aria-hidden=\"true\" style=\"font-size:2em;\"><\/i><span class=\"menu-text\">Profil d\u2019entreprise<\/span><\/a><\/li>\n<li  id=\"menu-item-14910\" class=\"menu-item menu-item-type-custom menu-item-object-custom menu-item-14910\"><a target=\"_blank\" href=\"https:\/\/www.balticmedia.com\/wp-content\/uploads\/agence-de-traduction-fr.pdf\" class=\"menu-link\"><i class=\"icon before line-icon icon-organization\" aria-hidden=\"true\" style=\"font-size:2em;\"><\/i><span class=\"menu-text\">Processus de traduction \u00e9tape par \u00e9tape<\/span><\/a><\/li>\n<li  id=\"menu-item-14911\" class=\"menu-item menu-item-type-custom menu-item-object-custom menu-item-14911\"><a target=\"_blank\" href=\"https:\/\/www.balticmedia.com\/wp-content\/uploads\/Baltic-Media-Ltd.-Service-Terms-and-Conditions.pdf\" class=\"menu-link\"><i class=\"icon before line-icon icon-docs\" aria-hidden=\"true\" style=\"font-size:2em;\"><\/i><span class=\"menu-text\">Conditions g\u00e9n\u00e9rales de service (EN)<\/span><\/a><\/li>\n<li  id=\"menu-item-14912\" class=\"menu-item menu-item-type-custom menu-item-object-custom menu-item-14912\"><a target=\"_blank\" href=\"https:\/\/www.balticmedia.com\/wp-content\/uploads\/iSO-certificate-2023.png\" class=\"menu-link\"><i class=\"icon before line-icon icon-doc\" aria-hidden=\"true\" style=\"font-size:2em;\"><\/i><span class=\"menu-text\">ISO 9001:2015 Quality Certification<\/span><\/a><\/li>\n<li  id=\"menu-item-14913\" class=\"menu-item menu-item-type-custom menu-item-object-custom menu-item-14913\"><a target=\"_blank\" href=\"https:\/\/www.balticmedia.com\/wp-content\/uploads\/362531_copyrighttrademarkbalticmedia.pdf\" class=\"menu-link\"><i class=\"icon before line-icon icon-info\" aria-hidden=\"true\" style=\"font-size:2em;\"><\/i><span class=\"menu-text\">Copyright | Trademark Baltic Media<sup>\u00ae<\/sup><\/span><\/a><\/li>\n<\/ul><\/div><\/div><\/div><div id=\"pgc-28556-1-1\"  class=\"panel-grid-cell\" ><div id=\"panel-28556-1-1-0\" class=\"so-panel widget widget_sow-editor panel-first-child widgetopts-hide_title widgetopts-SO\" data-index=\"4\" ><div\n\t\t\t\n\t\t\tclass=\"so-widget-sow-editor so-widget-sow-editor-base\"\n\t\t\t\n\t\t><h3 class=\"widget-title\">Notre histoire<\/h3>\n<div class=\"siteorigin-widget-tinymce textwidget\">\n\t<h2><strong>Notre histoire : 30 ans d\u2019exp\u00e9rience | Agence de traduction | Baltic Media \u2013 soci\u00e9t\u00e9 de traduction nordique et balte<\/strong><\/h2>\n<p>L\u2019entreprise Baltikumspecialisten Sangun Veinberg, devenue ensuite Baltic Media, a \u00e9t\u00e9 fond\u00e9e \u00e0 Stockholm au d\u00e9but des ann\u00e9es\u00a090 par\u00a0<strong>Guntar et Sandra Veinberg<\/strong>, des linguistes avec un doctorat en linguistique et en communication.<\/p>\n<p><iframe loading=\"lazy\" src=\"https:\/\/www.youtube.com\/embed\/5VVAOnOFc-c\" width=\"560\" height=\"315\" frameborder=\"0\" allowfullscreen=\"allowfullscreen\" data-mce-fragment=\"1\"><\/iframe><\/p>\n<p>L\u2019entreprise a aid\u00e9 les institutions gouvernementales scandinaves et baltes avec leurs communications, traductions, interpr\u00e9tations et besoins en localisation dans les langues situ\u00e9es autour de la mer Baltique apr\u00e8s la chute du r\u00e9gime communiste en Europe.<\/p>\n<p><iframe loading=\"lazy\" src=\"https:\/\/www.youtube.com\/embed\/v1QvNwqmztQ\" width=\"560\" height=\"350\" frameborder=\"0\" scrolling=\"no\" allowfullscreen=\"allowfullscreen\" data-mce-fragment=\"1\"><\/iframe><\/p>\n<p>Le premier outil de travail chez Baltic Media fut l\u2019ordinateur Macintosh SE, invent\u00e9 par Steve Jobs et fabriqu\u00e9 par l\u2019entreprise, qui a commenc\u00e9 une nouvelle \u00e8re dans le domaine des technologies de la communication.<\/p>\n<p>La soci\u00e9t\u00e9 de traduction\u00a0<strong>Baltic Media Ltd<\/strong>\u00a0est un prestataire leader dans la traduction et les services de localisation en Europe du Nord, proposant des services professionnels dans plus de\u00a0150\u00a0langues depuis\u00a01991.<\/p>\n<\/div>\n<\/div><\/div><div id=\"panel-28556-1-1-1\" class=\"so-panel widget widget_sow-image-grid widgetopts-SO\" data-index=\"5\" ><div\n\t\t\t\n\t\t\tclass=\"so-widget-sow-image-grid so-widget-sow-image-grid-default-46e3cddde1e5-28556\"\n\t\t\t\n\t\t>\t<div\n\t\tclass=\"sow-image-grid-wrapper\"\n\t\t\t\t\t>\n\t\t\t\t\t<div class=\"sow-image-grid-image\">\n\t\t\t\t\t\t\t\t\t\t\t\t<img loading=\"lazy\" decoding=\"async\" width=\"300\" height=\"120\" src=\"https:\/\/i0.wp.com\/www.balticmedia.com\/wp-content\/uploads\/logo_ar_globusu_stillbild_garena.png?fit=300%2C120&amp;ssl=1\" class=\"sow-image-grid-image_html\" alt=\"Baltic Media&lt;sup&gt;\u00ae&lt;\/sup&gt; Notre histoire&quot;\" title=\"\">\t\t\t\t\t\t\t\t\t\t\t<\/div>\n\t\t\t\t\t<div class=\"sow-image-grid-image\">\n\t\t\t\t\t\t\t\t\t\t\t\t<img loading=\"lazy\" decoding=\"async\" width=\"300\" height=\"82\" src=\"https:\/\/i0.wp.com\/www.balticmedia.com\/wp-content\/uploads\/BM-logo-328x90-web-2-e1732657723740.jpg?fit=300%2C82&amp;ssl=1\" class=\"sow-image-grid-image_html\" alt=\"Baltic Media&lt;sup&gt;\u00ae&lt;\/sup&gt;&quot;\" title=\"technical translation services\">\t\t\t\t\t\t\t\t\t\t\t<\/div>\n\t\t\t\t\t<div class=\"sow-image-grid-image\">\n\t\t\t\t\t\t\t\t\t\t\t\t<img loading=\"lazy\" decoding=\"async\" width=\"300\" height=\"226\" src=\"https:\/\/i0.wp.com\/www.balticmedia.com\/wp-content\/uploads\/20050117_095228.jpg?fit=300%2C226&amp;ssl=1\" class=\"sow-image-grid-image_html\" alt=\"Baltic Media Team&quot;\" title=\"20050117_09.52.28\" srcset=\"https:\/\/i0.wp.com\/www.balticmedia.com\/wp-content\/uploads\/20050117_095228.jpg?w=1024&amp;ssl=1 1024w, https:\/\/i0.wp.com\/www.balticmedia.com\/wp-content\/uploads\/20050117_095228.jpg?resize=300%2C226&amp;ssl=1 300w, https:\/\/i0.wp.com\/www.balticmedia.com\/wp-content\/uploads\/20050117_095228.jpg?resize=768%2C579&amp;ssl=1 768w\" sizes=\"auto, (max-width: 300px) 100vw, 300px\">\t\t\t\t\t\t\t\t\t\t\t<\/div>\n\t\t\t\t\t<div class=\"sow-image-grid-image\">\n\t\t\t\t\t\t\t\t\t\t\t\t<img loading=\"lazy\" decoding=\"async\" width=\"300\" height=\"199\" src=\"https:\/\/i0.wp.com\/www.balticmedia.com\/wp-content\/uploads\/baltic_media_komanda_2009.jpg?fit=300%2C199&amp;ssl=1\" class=\"sow-image-grid-image_html\" alt=\"Baltic Media Team&quot;\" title=\"\" srcset=\"https:\/\/i0.wp.com\/www.balticmedia.com\/wp-content\/uploads\/baltic_media_komanda_2009.jpg?w=2240&amp;ssl=1 2240w, https:\/\/i0.wp.com\/www.balticmedia.com\/wp-content\/uploads\/baltic_media_komanda_2009.jpg?resize=300%2C199&amp;ssl=1 300w, https:\/\/i0.wp.com\/www.balticmedia.com\/wp-content\/uploads\/baltic_media_komanda_2009.jpg?resize=1024%2C680&amp;ssl=1 1024w, https:\/\/i0.wp.com\/www.balticmedia.com\/wp-content\/uploads\/baltic_media_komanda_2009.jpg?resize=768%2C510&amp;ssl=1 768w, https:\/\/i0.wp.com\/www.balticmedia.com\/wp-content\/uploads\/baltic_media_komanda_2009.jpg?resize=1536%2C1020&amp;ssl=1 1536w, https:\/\/i0.wp.com\/www.balticmedia.com\/wp-content\/uploads\/baltic_media_komanda_2009.jpg?resize=2048%2C1360&amp;ssl=1 2048w\" sizes=\"auto, (max-width: 300px) 100vw, 300px\">\t\t\t\t\t\t\t\t\t\t\t<\/div>\n\t\t\t\t\t<div class=\"sow-image-grid-image\">\n\t\t\t\t\t\t\t\t\t\t\t\t<img loading=\"lazy\" decoding=\"async\" width=\"300\" height=\"199\" src=\"https:\/\/i0.wp.com\/www.balticmedia.com\/wp-content\/uploads\/seminars_klaipeda-scaled.jpg?fit=300%2C199&amp;ssl=1\" class=\"sow-image-grid-image_html\" alt=\"Klaipeda&quot;\" title=\"seminars_klaipeda\" srcset=\"https:\/\/i0.wp.com\/www.balticmedia.com\/wp-content\/uploads\/seminars_klaipeda-scaled.jpg?w=2560&amp;ssl=1 2560w, https:\/\/i0.wp.com\/www.balticmedia.com\/wp-content\/uploads\/seminars_klaipeda-scaled.jpg?resize=300%2C199&amp;ssl=1 300w, https:\/\/i0.wp.com\/www.balticmedia.com\/wp-content\/uploads\/seminars_klaipeda-scaled.jpg?resize=1024%2C681&amp;ssl=1 1024w, https:\/\/i0.wp.com\/www.balticmedia.com\/wp-content\/uploads\/seminars_klaipeda-scaled.jpg?resize=768%2C511&amp;ssl=1 768w, https:\/\/i0.wp.com\/www.balticmedia.com\/wp-content\/uploads\/seminars_klaipeda-scaled.jpg?resize=1536%2C1021&amp;ssl=1 1536w, https:\/\/i0.wp.com\/www.balticmedia.com\/wp-content\/uploads\/seminars_klaipeda-scaled.jpg?resize=2048%2C1362&amp;ssl=1 2048w, https:\/\/i0.wp.com\/www.balticmedia.com\/wp-content\/uploads\/seminars_klaipeda-scaled.jpg?w=2400&amp;ssl=1 2400w\" sizes=\"auto, (max-width: 300px) 100vw, 300px\">\t\t\t\t\t\t\t\t\t\t\t<\/div>\n\t\t\t\t\t<div class=\"sow-image-grid-image\">\n\t\t\t\t\t\t\t\t\t\t\t\t<img loading=\"lazy\" decoding=\"async\" width=\"300\" height=\"222\" src=\"https:\/\/i0.wp.com\/www.balticmedia.com\/wp-content\/uploads\/baltic_media_2014.jpg?fit=300%2C222&amp;ssl=1\" class=\"sow-image-grid-image_html\" alt=\"Baltic Media Christmas 2014&quot;\" title=\"\" srcset=\"https:\/\/i0.wp.com\/www.balticmedia.com\/wp-content\/uploads\/baltic_media_2014.jpg?w=1644&amp;ssl=1 1644w, https:\/\/i0.wp.com\/www.balticmedia.com\/wp-content\/uploads\/baltic_media_2014.jpg?resize=300%2C222&amp;ssl=1 300w, https:\/\/i0.wp.com\/www.balticmedia.com\/wp-content\/uploads\/baltic_media_2014.jpg?resize=1024%2C757&amp;ssl=1 1024w, https:\/\/i0.wp.com\/www.balticmedia.com\/wp-content\/uploads\/baltic_media_2014.jpg?resize=768%2C568&amp;ssl=1 768w, https:\/\/i0.wp.com\/www.balticmedia.com\/wp-content\/uploads\/baltic_media_2014.jpg?resize=1536%2C1135&amp;ssl=1 1536w\" sizes=\"auto, (max-width: 300px) 100vw, 300px\">\t\t\t\t\t\t\t\t\t\t\t<\/div>\n\t\t\t<\/div>\n<\/div><\/div><div id=\"panel-28556-1-1-2\" class=\"so-panel widget widget_sow-editor panel-last-child widgetopts-hide_title widgetopts-SO\" data-index=\"6\" ><div\n\t\t\t\n\t\t\tclass=\"so-widget-sow-editor so-widget-sow-editor-base\"\n\t\t\t\n\t\t>\n<div class=\"siteorigin-widget-tinymce textwidget\">\n\t<p>Nous pouvons traduire vos documents dans plus de\u00a0<strong>150\u00a0langues<\/strong>\u00a0pour conqu\u00e9rir les march\u00e9s mondiaux avec des produits et des services localis\u00e9s de grande qualit\u00e9 qui r\u00e9pondent aux exigences linguistiques et fonctionnelles pour les clients partout.<\/p>\n<p>Nous aidons des entreprises d\u2019Europe du Nord \u00e0 atteindre les march\u00e9s mondiaux. Nous aidons les entreprises internationales \u00e0 atteindre les march\u00e9s europ\u00e9ens situ\u00e9s autour de la mer\u00a0<strong>Baltique et en Europe du Nord<\/strong>.<\/p>\n<p>Si vous le souhaitez, vous pouvez utiliser l'adresse \u00e9lectronique <a href=\"mailto:info@balticmedia.com\">info@balticmedia.com<\/a> pour envoyer votre demande de prix ou toute autre demande.<\/p>\n<p><iframe loading=\"lazy\" title=\"YouTube video player\" src=\"https:\/\/www.youtube.com\/embed\/hif6lbJHCNA\" width=\"600\" height=\"450\" frameborder=\"0\" allowfullscreen=\"allowfullscreen\"><\/iframe><\/p>\n<h3><a href=\"\/fr\/a-propos-de-nous\/pourquoi-choisir-baltic-media\/\">Pourquoi choisir le service de traduction Nordique-Baltique de l\u2019Agence Baltic Media<sup>\u00ae<\/sup> ?<\/a><\/h3>\n<h3><a href=\"\/fr\/tarifs\/\">Comment r\u00e9duire les co\u00fbts de traduction sans perdre en qualit\u00e9 ?<\/a><\/h3>\n<h3><a href=\"\/fr\/a-propos-de-nous\/traduction-humaine\/\">Pourquoi recourir aux services de traduction assur\u00e9s par des professionnels ?<\/a><\/h3>\n<h3><a href=\"https:\/\/www.balticmedia.com\/fr\/services-de-traduction-mondiaux\/traduction-automatique\/\">Traduisez avec Google, Bing, Microsoft, Tilde, Yandex et laissez-nous nous charger de la correction !<\/a><\/h3>\n<h3><a href=\"https:\/\/www.balticmedia.com\/fr\/demande-de-prix\/\">Devis gratuit<\/a><\/h3>\n<h3><a href=\"https:\/\/www.balticmedia.com\/fr\/demande-de-renseignement\/\">Demande de renseignements<\/a><\/h3>\n<h3><a href=\"mailto:info@balticmedia.com\">Courriel<\/a><\/h3>\n<\/div>\n<\/div><\/div><\/div><\/div><\/div>","protected":false},"excerpt":{"rendered":"<p>Notre histoire : 30 ans d\u2019exp\u00e9rience | Agence de traduction | Baltic Media \u2013 soci\u00e9t\u00e9 de traduction nordique et balte L\u2019entreprise Baltikumspecialisten Sangun Veinberg, devenue ensuite Baltic Media, a \u00e9t\u00e9 fond\u00e9e \u00e0 Stockholm au d\u00e9but des ann\u00e9es\u00a090 par\u00a0Guntar et Sandra Veinberg, des linguistes avec un doctorat en linguistique et en communication. L\u2019entreprise a aid\u00e9 les [&hellip;]<\/p>\n","protected":false},"author":2,"featured_media":129080,"parent":16010,"menu_order":0,"comment_status":"closed","ping_status":"closed","template":"","meta":{"ocean_post_layout":"","ocean_both_sidebars_style":"","ocean_both_sidebars_content_width":0,"ocean_both_sidebars_sidebars_width":0,"ocean_sidebar":"0","ocean_second_sidebar":"0","ocean_disable_margins":"enable","ocean_add_body_class":"","ocean_shortcode_before_top_bar":"","ocean_shortcode_after_top_bar":"","ocean_shortcode_before_header":"","ocean_shortcode_after_header":"","ocean_has_shortcode":"","ocean_shortcode_after_title":"","ocean_shortcode_before_footer_widgets":"","ocean_shortcode_after_footer_widgets":"","ocean_shortcode_before_footer_bottom":"","ocean_shortcode_after_footer_bottom":"","ocean_display_top_bar":"default","ocean_display_header":"default","ocean_header_style":"","ocean_center_header_left_menu":"0","ocean_custom_header_template":"0","ocean_custom_logo":0,"ocean_custom_retina_logo":0,"ocean_custom_logo_max_width":0,"ocean_custom_logo_tablet_max_width":0,"ocean_custom_logo_mobile_max_width":0,"ocean_custom_logo_max_height":0,"ocean_custom_logo_tablet_max_height":0,"ocean_custom_logo_mobile_max_height":0,"ocean_header_custom_menu":"0","ocean_menu_typo_font_family":"0","ocean_menu_typo_font_subset":"","ocean_menu_typo_font_size":0,"ocean_menu_typo_font_size_tablet":0,"ocean_menu_typo_font_size_mobile":0,"ocean_menu_typo_font_size_unit":"px","ocean_menu_typo_font_weight":"","ocean_menu_typo_font_weight_tablet":"","ocean_menu_typo_font_weight_mobile":"","ocean_menu_typo_transform":"","ocean_menu_typo_transform_tablet":"","ocean_menu_typo_transform_mobile":"","ocean_menu_typo_line_height":0,"ocean_menu_typo_line_height_tablet":0,"ocean_menu_typo_line_height_mobile":0,"ocean_menu_typo_line_height_unit":"","ocean_menu_typo_spacing":0,"ocean_menu_typo_spacing_tablet":0,"ocean_menu_typo_spacing_mobile":0,"ocean_menu_typo_spacing_unit":"","ocean_menu_link_color":"","ocean_menu_link_color_hover":"","ocean_menu_link_color_active":"","ocean_menu_link_background":"","ocean_menu_link_hover_background":"","ocean_menu_link_active_background":"","ocean_menu_social_links_bg":"","ocean_menu_social_hover_links_bg":"","ocean_menu_social_links_color":"","ocean_menu_social_hover_links_color":"","ocean_disable_title":"default","ocean_disable_heading":"default","ocean_post_title":"","ocean_post_subheading":"","ocean_post_title_style":"","ocean_post_title_background_color":"","ocean_post_title_background":0,"ocean_post_title_bg_image_position":"","ocean_post_title_bg_image_attachment":"","ocean_post_title_bg_image_repeat":"","ocean_post_title_bg_image_size":"","ocean_post_title_height":0,"ocean_post_title_bg_overlay":0.5,"ocean_post_title_bg_overlay_color":"","ocean_disable_breadcrumbs":"default","ocean_breadcrumbs_color":"","ocean_breadcrumbs_separator_color":"","ocean_breadcrumbs_links_color":"","ocean_breadcrumbs_links_hover_color":"","ocean_display_footer_widgets":"default","ocean_display_footer_bottom":"default","ocean_custom_footer_template":"0","ofc_meta_disable_footer_callout":"","ofc_meta_callout_button_url":"","ofc_meta_callout_button_txt":"","ofc_meta_callout_text":"","osh_disable_topbar_sticky":"default","osh_disable_header_sticky":"default","osh_sticky_header_style":"default","osh_sticky_header_effect":"","osh_custom_sticky_logo":0,"osh_custom_retina_sticky_logo":0,"osh_custom_sticky_logo_height":0,"osh_background_color":"","osh_links_color":"","osh_links_hover_color":"","osh_links_active_color":"","osh_links_bg_color":"","osh_links_hover_bg_color":"","osh_links_active_bg_color":"","osh_menu_social_links_color":"","osh_menu_social_hover_links_color":"","footnotes":""},"class_list":["post-28556","page","type-page","status-publish","has-post-thumbnail","hentry","entry","has-media"],"jetpack_sharing_enabled":true,"jetpack_likes_enabled":true,"jetpack-related-posts":[],"jetpack_shortlink":"https:\/\/wp.me\/Pe7Cu3-7qA","_links":{"self":[{"href":"https:\/\/www.balticmedia.com\/fr\/wp-json\/wp\/v2\/pages\/28556","targetHints":{"allow":["GET"]}}],"collection":[{"href":"https:\/\/www.balticmedia.com\/fr\/wp-json\/wp\/v2\/pages"}],"about":[{"href":"https:\/\/www.balticmedia.com\/fr\/wp-json\/wp\/v2\/types\/page"}],"author":[{"embeddable":true,"href":"https:\/\/www.balticmedia.com\/fr\/wp-json\/wp\/v2\/users\/2"}],"replies":[{"embeddable":true,"href":"https:\/\/www.balticmedia.com\/fr\/wp-json\/wp\/v2\/comments?post=28556"}],"version-history":[{"count":8,"href":"https:\/\/www.balticmedia.com\/fr\/wp-json\/wp\/v2\/pages\/28556\/revisions"}],"predecessor-version":[{"id":123049,"href":"https:\/\/www.balticmedia.com\/fr\/wp-json\/wp\/v2\/pages\/28556\/revisions\/123049"}],"up":[{"embeddable":true,"href":"https:\/\/www.balticmedia.com\/fr\/wp-json\/wp\/v2\/pages\/16010"}],"wp:featuredmedia":[{"embeddable":true,"href":"https:\/\/www.balticmedia.com\/fr\/wp-json\/wp\/v2\/media\/129080"}],"wp:attachment":[{"href":"https:\/\/www.balticmedia.com\/fr\/wp-json\/wp\/v2\/media?parent=28556"}],"curies":[{"name":"wp","href":"https:\/\/api.w.org\/{rel}","templated":true}]}}