{"id":16979,"date":"2021-01-15T18:28:30","date_gmt":"2021-01-15T16:28:30","guid":{"rendered":"https:\/\/www.balticmedia.com\/contact\/translation-agency-stockholm\/"},"modified":"2025-09-29T09:13:32","modified_gmt":"2025-09-29T06:13:32","slug":"agence-de-traduction-a-stockholm","status":"publish","type":"page","link":"https:\/\/www.balticmedia.com\/fr\/contact\/agence-de-traduction-a-stockholm\/","title":{"rendered":"Agence de traduction \u00e0 Stockholm Su\u00e8de"},"content":{"rendered":"<div id=\"pl-16979\"  class=\"panel-layout\" ><div id=\"pg-16979-0\"  class=\"panel-grid panel-no-style\" ><div id=\"pgc-16979-0-0\"  class=\"panel-grid-cell\" ><div id=\"panel-16979-0-0-0\" class=\"so-panel widget widget_sow-image panel-first-child panel-last-child widgetopts-SO\" data-index=\"0\" ><div\n\t\t\t\n\t\t\tclass=\"so-widget-sow-image so-widget-sow-image-default-8b5b6f678277-16979\"\n\t\t\t\n\t\t>\n<div class=\"sow-image-container\">\n\t\t<img src=\"https:\/\/i0.wp.com\/www.balticmedia.com\/wp-content\/uploads\/4price_and_quality-scaled.jpg?fit=2560%2C549&amp;ssl=1\" width=\"2560\" height=\"549\" srcset=\"https:\/\/i0.wp.com\/www.balticmedia.com\/wp-content\/uploads\/4price_and_quality-scaled.jpg?w=2560&amp;ssl=1 2560w, https:\/\/i0.wp.com\/www.balticmedia.com\/wp-content\/uploads\/4price_and_quality-scaled.jpg?resize=300%2C64&amp;ssl=1 300w, https:\/\/i0.wp.com\/www.balticmedia.com\/wp-content\/uploads\/4price_and_quality-scaled.jpg?resize=1024%2C219&amp;ssl=1 1024w, https:\/\/i0.wp.com\/www.balticmedia.com\/wp-content\/uploads\/4price_and_quality-scaled.jpg?resize=768%2C165&amp;ssl=1 768w, https:\/\/i0.wp.com\/www.balticmedia.com\/wp-content\/uploads\/4price_and_quality-scaled.jpg?resize=1536%2C329&amp;ssl=1 1536w, https:\/\/i0.wp.com\/www.balticmedia.com\/wp-content\/uploads\/4price_and_quality-scaled.jpg?resize=2048%2C439&amp;ssl=1 2048w, https:\/\/i0.wp.com\/www.balticmedia.com\/wp-content\/uploads\/4price_and_quality-scaled.jpg?w=2400&amp;ssl=1 2400w\" title=\"Agence de traduction \u00e0 Stockholm\" alt=\"Agence de traduction \u00e0 Stockholm\" class=\"so-widget-image\">\n\t<\/div>\n\n<\/div><\/div><\/div><\/div><div id=\"pg-16979-1\"  class=\"panel-grid panel-no-style\" ><div id=\"pgc-16979-1-0\"  class=\"panel-grid-cell\" ><div id=\"panel-16979-1-0-0\" class=\"so-panel widget widget_sow-editor panel-first-child\" data-index=\"1\" ><div\n\t\t\t\n\t\t\tclass=\"so-widget-sow-editor so-widget-sow-editor-base\"\n\t\t\t\n\t\t>\n<div class=\"siteorigin-widget-tinymce textwidget\">\n\t<pre><form aria-label=\"Search this website\" role=\"search\" method=\"get\" class=\"oceanwp-searchform\" id=\"searchform\" action=\"https:\/\/www.balticmedia.com\/fr\/\"><input aria-label=\"Ins\u00e9rer une requ\u00eate de recherche\" type=\"text\" class=\"field\" name=\"s\" id=\"s\" placeholder=\"Rechercher\"><button aria-label=\"Envoyer la recherche\" type=\"submit\" class=\"search-submit\" value=\"\"><i class=\"icon-magnifier\" aria-hidden=\"true\"><\/i><\/button><\/form><\/pre>\n<\/div>\n<\/div><\/div><div id=\"panel-16979-1-0-1\" class=\"so-panel widget widget_ocean_custom_menu widget-oceanwp-custom-menu custom-menu-widget widgetopts-SO\" data-index=\"2\" ><div class=\"oceanwp-custom-menu clr ocean_custom_menu-2 left dropdown-hover\"><ul id=\"menu-info-request-fr\" class=\"dropdown-menu sf-menu\"><li  id=\"menu-item-42296\" class=\"menu-item menu-item-type-post_type menu-item-object-page menu-item-42296\"><a href=\"https:\/\/www.balticmedia.com\/fr\/demande-de-renseignement\/\" class=\"menu-link\">Demande de renseignement<\/a><\/li>\n<li  id=\"menu-item-42287\" class=\"menu-item menu-item-type-post_type menu-item-object-page menu-item-42287\"><a href=\"https:\/\/www.balticmedia.com\/fr\/contact\/agence-de-traduction-a-riga\/\" class=\"menu-link\">Agence de traduction \u00e0 Riga Lettonie<\/a><\/li>\n<li  id=\"menu-item-42288\" class=\"menu-item menu-item-type-post_type menu-item-object-page menu-item-42288\"><a href=\"https:\/\/www.balticmedia.com\/fr\/contact\/agence-de-traduction-a-stockholm\/\" class=\"menu-link\">Agence de traduction \u00e0 Stockholm Su\u00e8de<\/a><\/li>\n<\/ul><\/div><\/div><div id=\"panel-16979-1-0-2\" class=\"so-panel widget widget_ocean_custom_menu widget-oceanwp-custom-menu custom-menu-widget panel-last-child widgetopts-SO\" data-index=\"3\" ><div class=\"oceanwp-custom-menu clr ocean_custom_menu-2 left dropdown-hover\"><ul id=\"menu-les-partenaires\" class=\"dropdown-menu sf-menu\"><li  id=\"menu-item-14908\" class=\"menu-item menu-item-type-custom menu-item-object-custom menu-item-14908\"><a target=\"_blank\" href=\"https:\/\/balticmedia.s.xtrf.eu\/vendors\/#\/sign-in\" class=\"menu-link\" rel=\"nofollow noopener\"><i class=\"icon before line-icon icon-briefcase\" aria-hidden=\"true\" style=\"font-size:2em;\"><\/i><span class=\"menu-text\">Portail fournisseur<\/span><\/a><\/li>\n<li  id=\"menu-item-14909\" class=\"menu-item menu-item-type-custom menu-item-object-custom menu-item-14909\"><a target=\"_blank\" href=\"https:\/\/www.balticmedia.com\/wp-content\/uploads\/11-Reasons-to-Choose-Baltic-Media-2026.pdf\" class=\"menu-link\"><i class=\"icon before line-icon icon-people\" aria-hidden=\"true\" style=\"font-size:2em;\"><\/i><span class=\"menu-text\">Profil d\u2019entreprise<\/span><\/a><\/li>\n<li  id=\"menu-item-14910\" class=\"menu-item menu-item-type-custom menu-item-object-custom menu-item-14910\"><a target=\"_blank\" href=\"https:\/\/www.balticmedia.com\/wp-content\/uploads\/agence-de-traduction-fr.pdf\" class=\"menu-link\"><i class=\"icon before line-icon icon-organization\" aria-hidden=\"true\" style=\"font-size:2em;\"><\/i><span class=\"menu-text\">Processus de traduction \u00e9tape par \u00e9tape<\/span><\/a><\/li>\n<li  id=\"menu-item-14911\" class=\"menu-item menu-item-type-custom menu-item-object-custom menu-item-14911\"><a target=\"_blank\" href=\"https:\/\/www.balticmedia.com\/wp-content\/uploads\/Baltic-Media-Ltd.-Service-Terms-and-Conditions.pdf\" class=\"menu-link\"><i class=\"icon before line-icon icon-docs\" aria-hidden=\"true\" style=\"font-size:2em;\"><\/i><span class=\"menu-text\">Conditions g\u00e9n\u00e9rales de service (EN)<\/span><\/a><\/li>\n<li  id=\"menu-item-14912\" class=\"menu-item menu-item-type-custom menu-item-object-custom menu-item-14912\"><a target=\"_blank\" href=\"https:\/\/www.balticmedia.com\/wp-content\/uploads\/iSO-certificate-2023.png\" class=\"menu-link\"><i class=\"icon before line-icon icon-doc\" aria-hidden=\"true\" style=\"font-size:2em;\"><\/i><span class=\"menu-text\">ISO 9001:2015 Quality Certification<\/span><\/a><\/li>\n<li  id=\"menu-item-14913\" class=\"menu-item menu-item-type-custom menu-item-object-custom menu-item-14913\"><a target=\"_blank\" href=\"https:\/\/www.balticmedia.com\/wp-content\/uploads\/362531_copyrighttrademarkbalticmedia.pdf\" class=\"menu-link\"><i class=\"icon before line-icon icon-info\" aria-hidden=\"true\" style=\"font-size:2em;\"><\/i><span class=\"menu-text\">Copyright | Trademark Baltic Media<sup>\u00ae<\/sup><\/span><\/a><\/li>\n<\/ul><\/div><\/div><\/div><div id=\"pgc-16979-1-1\"  class=\"panel-grid-cell\" ><div id=\"panel-16979-1-1-0\" class=\"so-panel widget widget_sow-editor panel-first-child widgetopts-hide_title widgetopts-SO\" data-index=\"4\" ><div\n\t\t\t\n\t\t\tclass=\"so-widget-sow-editor so-widget-sow-editor-base\"\n\t\t\t\n\t\t><h3 class=\"widget-title\">Agence de traduction \u00e0 Stockholm<\/h3>\n<div class=\"siteorigin-widget-tinymce textwidget\">\n\t<h1>Agence de traduction \u00e0 Stockholm Su\u00e8de<\/h1>\n<h3><strong>Bureau scandinave | Stockholm | Su\u00e8de<\/strong>\u00a0|<strong>\u00a0Agence de\u00a0es pays nordiques et baltes | Baltic M\u00e9dia<\/strong><\/h3>\n<h4><strong>Services de traduction \u00e0 Stockholm, Su\u00e8de<\/strong><\/h4>\n<p><strong>Baltic Media Translations AB<\/strong><br \/>\nBox 2349<br \/>\nSE-11674 Stockholm<br \/>\nSweden\/Su\u00e8de<\/p>\n<div>\n<p>\u2022 \u00a0+46 8 767 60 24<br \/>\n\u2022 \u00a0<a href=\"mailto:nordics@balticmedia.com\">nordics@balticmedia.com<\/a><\/p>\n<p><img data-recalc-dims=\"1\" loading=\"lazy\" decoding=\"async\" class=\"wp-image-136012 size-medium\" src=\"https:\/\/i0.wp.com\/www.balticmedia.com\/wp-content\/uploads\/oversattningsbyra-1.jpg?resize=300%2C300&#038;ssl=1\" alt=\"Agence de traduction \u00e0 Stockholm Su\u00e8de\" width=\"300\" height=\"300\" srcset=\"https:\/\/i0.wp.com\/www.balticmedia.com\/wp-content\/uploads\/oversattningsbyra-1-e1767033546512.jpg?resize=300%2C300&amp;ssl=1 300w, https:\/\/i0.wp.com\/www.balticmedia.com\/wp-content\/uploads\/oversattningsbyra-1-e1767033546512.jpg?resize=797%2C797&amp;ssl=1 797w, https:\/\/i0.wp.com\/www.balticmedia.com\/wp-content\/uploads\/oversattningsbyra-1-e1767033546512.jpg?resize=150%2C150&amp;ssl=1 150w, https:\/\/i0.wp.com\/www.balticmedia.com\/wp-content\/uploads\/oversattningsbyra-1-e1767033546512.jpg?resize=768%2C768&amp;ssl=1 768w, https:\/\/i0.wp.com\/www.balticmedia.com\/wp-content\/uploads\/oversattningsbyra-1-e1767033546512.jpg?resize=600%2C600&amp;ssl=1 600w, https:\/\/i0.wp.com\/www.balticmedia.com\/wp-content\/uploads\/oversattningsbyra-1-e1767033546512.jpg?w=1024&amp;ssl=1 1024w\" sizes=\"auto, (max-width: 300px) 100vw, 300px\" title=\"\"><\/p>\n<p>&nbsp;<\/p>\n<h2>Agence de traduction Baltic Media<sup>\u00ae<\/sup> en Europe du Nord<\/h2>\n<p>L\u2019agence de traduction nordique et balte Baltic Media<sup>\u00ae<\/sup> est \u00e0 la pointe de la traduction num\u00e9rique en Europe du Nord, sp\u00e9cialiste des langues d\u2019Europe du Nord (que ces derni\u00e8res soient scandinaves, baltes ou slaves) dans le cadre de services de traduction depuis\/ vers le su\u00e9dois, le finnois, le danois, l\u2019islandais, le f\u00e9ro\u00efen, le norv\u00e9gien, l\u2019allemand, l\u2019anglais, le polonais, le russe, le letton, le lituanien et l\u2019estonien.<\/p>\n<p>En tant que prestataire de services linguistiques certifi\u00e9 ISO, l\u2019agence de traduction Baltic Media<sup>\u00ae<\/sup> assure un service de traduction effectu\u00e9 par des professionnels aupr\u00e8s de clients issus du monde de l\u2019entreprise, du secteur priv\u00e9 ou du secteur public.<\/p>\n<div class=\"oceanwp-oembed-wrap clr\">\n<blockquote class=\"wp-embedded-content\" data-secret=\"vs8hr3Avxx\"><p><a href=\"https:\/\/www.balticmedia.com\/fr\/traduction-vers-les-langues-scandinaves\/\">Traduction vers les langues scandinaves<\/a><\/p><\/blockquote>\n<p><iframe loading=\"lazy\" class=\"wp-embedded-content\" sandbox=\"allow-scripts\" security=\"restricted\" style=\"position: absolute; visibility: hidden;\" title=\"\u00ab\u00a0Traduction vers les langues scandinaves\u00a0\u00bb &#8212; Baltic Media\u00ae\" src=\"https:\/\/www.balticmedia.com\/fr\/traduction-vers-les-langues-scandinaves\/embed\/#?secret=1VbPh6eZPw#?secret=vs8hr3Avxx\" data-secret=\"vs8hr3Avxx\" width=\"600\" height=\"338\" frameborder=\"0\" marginwidth=\"0\" marginheight=\"0\" scrolling=\"no\"><\/iframe><\/div>\n<\/p>\n<div>\n<h3><a href=\"\/fr\/a-propos-de-nous\/pourquoi-choisir-baltic-media\/\">Pourquoi choisir le service de traduction Nordique-Baltique de l\u2019Agence Baltic Media<sup>\u00ae<\/sup> ?<\/a><\/h3>\n<h3><a href=\"\/fr\/tarifs\/\">Comment r\u00e9duire les co\u00fbts de traduction sans perdre en qualit\u00e9 ?<\/a><\/h3>\n<h3><a href=\"\/fr\/a-propos-de-nous\/traduction-humaine\/\">Pourquoi recourir aux services de traduction assur\u00e9s par des professionnels ?<\/a><\/h3>\n<h3><a href=\"https:\/\/www.balticmedia.com\/fr\/services-de-traduction-mondiaux\/traduction-automatique\/\">Traduisez avec Google, Bing, Microsoft, Tilde, Yandex et laissez-nous nous charger de la correction !<\/a><\/h3>\n<h3><a href=\"https:\/\/www.balticmedia.com\/fr\/demande-de-prix\/\">Devis gratuit<\/a><\/h3>\n<h3><a href=\"https:\/\/www.balticmedia.com\/fr\/demande-de-renseignement\/\">Demande de renseignements<\/a><\/h3>\n<h3><a href=\"mailto:info@balticmedia.com\">Courriel<\/a><\/h3>\n<h2>Qu\u2019est-ce qu\u2019une agence de traduction ?<\/h2>\n<div class=\"conversation-container ng-tns-c1946912225-2 ng-star-inserted\">\n<div class=\"ng-tns-c1987099364-15\">\n<div class=\"response-container ng-tns-c1872071689-16 response-container-has-multiple-responses\">\n<div class=\"presented-response-container ng-tns-c1872071689-16\">\n<div class=\"response-container-content ng-tns-c1872071689-16\">\n<div class=\"response-content ng-trigger ng-trigger-responsePopulation ng-tns-c1872071689-16\">\n<div class=\"markdown markdown-main-panel\" dir=\"ltr\">\n<p data-sourcepos=\"1:1-1:259\">Une agence de traduction est une entreprise qui fournit des services de traduction professionnelle. Elle dispose d'un r\u00e9seau de traducteurs qualifi\u00e9s et sp\u00e9cialis\u00e9s dans diff\u00e9rents domaines, tels que le juridique, le m\u00e9dical, le technique, le commercial, etc.<\/p>\n<p data-sourcepos=\"3:1-3:74\">Les agences de traduction offrent une large gamme de services, notamment :<\/p>\n<ul data-sourcepos=\"5:1-8:0\">\n<li data-sourcepos=\"5:1-5:107\">La traduction de documents \u00e9crits, tels que des contrats, des rapports, des articles, des sites Web, etc.<\/li>\n<li data-sourcepos=\"6:1-6:65\">L'interpr\u00e9tation de discours, de conf\u00e9rences, de r\u00e9unions, etc.<\/li>\n<li data-sourcepos=\"7:1-8:0\">La localisation de produits et services pour un march\u00e9 sp\u00e9cifique.<\/li>\n<\/ul>\n<p data-sourcepos=\"9:1-9:212\">Les agences de traduction peuvent \u00eatre g\u00e9n\u00e9ralistes ou sp\u00e9cialis\u00e9es dans un domaine particulier. Elles peuvent \u00e9galement \u00eatre certifi\u00e9es par un organisme officiel, ce qui garantit la qualit\u00e9 de leurs traductions.<\/p>\n<p data-sourcepos=\"11:1-11:71\">Les avantages de faire appel \u00e0 une agence de traduction sont nombreux :<\/p>\n<ul data-sourcepos=\"13:1-16:0\">\n<li data-sourcepos=\"13:1-13:85\">La garantie d'une traduction de qualit\u00e9, r\u00e9alis\u00e9e par des professionnels qualifi\u00e9s.<\/li>\n<li data-sourcepos=\"14:1-14:66\">La possibilit\u00e9 de disposer d'une traduction dans un d\u00e9lai court.<\/li>\n<li data-sourcepos=\"15:1-16:0\">La possibilit\u00e9 de b\u00e9n\u00e9ficier d'un service de traduction personnalis\u00e9.<\/li>\n<\/ul>\n<p data-sourcepos=\"17:1-17:199\">Les agences de traduction sont un partenaire indispensable pour les entreprises qui souhaitent se d\u00e9velopper \u00e0 l'international ou qui souhaitent communiquer avec des clients ou partenaires \u00e9trangers.<\/p>\n<p data-sourcepos=\"19:1-19:206\">En France, il existe de nombreuses agences de traduction, dont certaines sont de renomm\u00e9e internationale. Pour choisir une agence de traduction, il est important de prendre en compte les crit\u00e8res suivants :<\/p>\n<ul data-sourcepos=\"21:1-26:0\">\n<li data-sourcepos=\"21:1-21:39\">La qualit\u00e9 des traductions r\u00e9alis\u00e9es.<\/li>\n<li data-sourcepos=\"22:1-22:24\">Le d\u00e9lai de livraison.<\/li>\n<li data-sourcepos=\"23:1-23:23\">Le prix des services.<\/li>\n<li data-sourcepos=\"24:1-24:32\">La sp\u00e9cialisation de l'agence.<\/li>\n<li data-sourcepos=\"25:1-26:0\">La certification de l'agence.<\/li>\n<\/ul>\n<p data-sourcepos=\"27:1-27:110\">Il est \u00e9galement possible de demander des devis \u00e0 plusieurs agences de traduction afin de comparer les offres.<\/p>\n<div>\n<h2>Qui travaille dans une agence de traduction ?<\/h2>\n<\/div>\n<p>En g\u00e9n\u00e9ral, les employ\u00e9s des agences de traduction sont des linguistes qualifi\u00e9s - des traducteurs. Dans l'ensemble, les traductions sont effectu\u00e9es par des traducteurs ind\u00e9pendants, qui travaillent pour plusieurs agences de traduction et vivent dans diff\u00e9rents pays. Toutefois, les agences de traduction ont tendance \u00e0 utiliser les services de traducteurs internes. On ne peut imaginer les traducteurs et les agences de traduction d'aujourd'hui sans une connaissance des technologies de pointe et de leur utilisation, par exemple la traduction automatique et les logiciels de traduction assist\u00e9e par ordinateur (TAO).<\/p>\n<p>Pour r\u00e9ussir, les traducteurs et les agences de traduction modernes doivent avoir une formation sup\u00e9rieure et des comp\u00e9tences dans des technologies sp\u00e9cifiques. Cependant, le travail est toujours effectu\u00e9 par un \u00eatre humain - le traducteur professionnel - malgr\u00e9 l'am\u00e9lioration continue des technologies automatis\u00e9es.<\/p>\n<\/div>\n<\/div>\n<\/div>\n<\/div>\n<\/div>\n<div id=\"feedback-form-0\" class=\"ng-tns-c1987099364-15\"><\/div>\n<div id=\"factuality-form-0\" class=\"related-search-footer ng-tns-c1987099364-15 complete\"><\/div>\n<\/div>\n<div class=\"restart-chat-button-scroll-placeholder ng-tns-c1946912225-2 ng-star-inserted\"><\/div>\n<\/div>\n<\/div>\n<\/div>\n<div>\n<p><!-- \/wp:paragraph --><\/p>\n<\/div>\n<\/div>\n<\/div><\/div><div id=\"panel-16979-1-1-1\" class=\"so-panel widget widget_sow-image-grid widgetopts-SO\" data-index=\"5\" ><div\n\t\t\t\n\t\t\tclass=\"so-widget-sow-image-grid so-widget-sow-image-grid-default-46e3cddde1e5-16979\"\n\t\t\t\n\t\t>\t<div\n\t\tclass=\"sow-image-grid-wrapper\"\n\t\t\t\t\t>\n\t\t\t\t\t<div class=\"sow-image-grid-image\">\n\t\t\t\t\t\t\t\t\t\t\t\t<img loading=\"lazy\" decoding=\"async\" width=\"300\" height=\"298\" src=\"https:\/\/i0.wp.com\/www.balticmedia.com\/wp-content\/uploads\/oversattningsbyra-i-stockholm-sverige.webp?fit=300%2C298&amp;ssl=1\" class=\"sow-image-grid-image_html\" alt=\"Baltic Media&lt;sup&gt;\u00ae&lt;\/sup&gt; &quot;\" title=\"Billig \u00f6vers\u00e4ttning hos kvalitetscertifierad \u00f6vers\u00e4ttningsbyr\u00e5\" srcset=\"https:\/\/i0.wp.com\/www.balticmedia.com\/wp-content\/uploads\/oversattningsbyra-i-stockholm-sverige.webp?w=300&amp;ssl=1 300w, https:\/\/i0.wp.com\/www.balticmedia.com\/wp-content\/uploads\/oversattningsbyra-i-stockholm-sverige.webp?resize=150%2C150&amp;ssl=1 150w\" sizes=\"auto, (max-width: 300px) 100vw, 300px\">\t\t\t\t\t\t\t\t\t\t\t<\/div>\n\t\t\t\t\t<div class=\"sow-image-grid-image\">\n\t\t\t\t\t\t\t\t\t\t\t\t<img loading=\"lazy\" decoding=\"async\" width=\"300\" height=\"87\" src=\"https:\/\/i0.wp.com\/www.balticmedia.com\/wp-content\/uploads\/balticmedia_logo.png?fit=300%2C87&amp;ssl=1\" class=\"sow-image-grid-image_html\" alt=\"Baltic Media&lt;sup&gt;\u00ae&lt;\/sup&gt;&quot;\" title=\"balticmedia_logo_globallanguageservices_rgb-300&#215;100\">\t\t\t\t\t\t\t\t\t\t\t<\/div>\n\t\t\t<\/div>\n<\/div><\/div><div id=\"panel-16979-1-1-2\" class=\"so-panel widget widget_sow-editor panel-last-child widgetopts-SO\" data-index=\"6\" ><div\n\t\t\t\n\t\t\tclass=\"so-widget-sow-editor so-widget-sow-editor-base\"\n\t\t\t\n\t\t>\n<div class=\"siteorigin-widget-tinymce textwidget\">\n\t<p>&nbsp;<\/p>\n<p><iframe loading=\"lazy\" title=\"YouTube video player\" src=\"https:\/\/www.youtube.com\/embed\/hif6lbJHCNA\" width=\"640\" height=\"360\" frameborder=\"0\" allowfullscreen=\"allowfullscreen\"><\/iframe><\/p>\n<h3>Votre agence de traduction nordique-baltique en ligne | Stockholm | Riga<\/h3>\n<\/div>\n<\/div><\/div><\/div><\/div><\/div>","protected":false},"excerpt":{"rendered":"<p>Agence de traduction \u00e0 Stockholm Su\u00e8de Bureau scandinave | Stockholm | Su\u00e8de\u00a0|\u00a0Agence de\u00a0es pays nordiques et baltes | Baltic M\u00e9dia Services de traduction \u00e0 Stockholm, Su\u00e8de Baltic Media Translations AB Box 2349 SE-11674 Stockholm Sweden\/Su\u00e8de \u2022 \u00a0+46 8 767 60 24 \u2022 \u00a0nordics@balticmedia.com &nbsp; Agence de traduction Baltic Media\u00ae en Europe du Nord L\u2019agence de [&hellip;]<\/p>\n","protected":false},"author":2,"featured_media":132223,"parent":12054,"menu_order":0,"comment_status":"closed","ping_status":"closed","template":"","meta":{"ocean_post_layout":"","ocean_both_sidebars_style":"","ocean_both_sidebars_content_width":0,"ocean_both_sidebars_sidebars_width":0,"ocean_sidebar":"0","ocean_second_sidebar":"0","ocean_disable_margins":"enable","ocean_add_body_class":"","ocean_shortcode_before_top_bar":"","ocean_shortcode_after_top_bar":"","ocean_shortcode_before_header":"","ocean_shortcode_after_header":"","ocean_has_shortcode":"","ocean_shortcode_after_title":"","ocean_shortcode_before_footer_widgets":"","ocean_shortcode_after_footer_widgets":"","ocean_shortcode_before_footer_bottom":"","ocean_shortcode_after_footer_bottom":"","ocean_display_top_bar":"default","ocean_display_header":"default","ocean_header_style":"","ocean_center_header_left_menu":"0","ocean_custom_header_template":"0","ocean_custom_logo":0,"ocean_custom_retina_logo":0,"ocean_custom_logo_max_width":0,"ocean_custom_logo_tablet_max_width":0,"ocean_custom_logo_mobile_max_width":0,"ocean_custom_logo_max_height":0,"ocean_custom_logo_tablet_max_height":0,"ocean_custom_logo_mobile_max_height":0,"ocean_header_custom_menu":"0","ocean_menu_typo_font_family":"0","ocean_menu_typo_font_subset":"","ocean_menu_typo_font_size":0,"ocean_menu_typo_font_size_tablet":0,"ocean_menu_typo_font_size_mobile":0,"ocean_menu_typo_font_size_unit":"px","ocean_menu_typo_font_weight":"","ocean_menu_typo_font_weight_tablet":"","ocean_menu_typo_font_weight_mobile":"","ocean_menu_typo_transform":"","ocean_menu_typo_transform_tablet":"","ocean_menu_typo_transform_mobile":"","ocean_menu_typo_line_height":0,"ocean_menu_typo_line_height_tablet":0,"ocean_menu_typo_line_height_mobile":0,"ocean_menu_typo_line_height_unit":"","ocean_menu_typo_spacing":0,"ocean_menu_typo_spacing_tablet":0,"ocean_menu_typo_spacing_mobile":0,"ocean_menu_typo_spacing_unit":"","ocean_menu_link_color":"","ocean_menu_link_color_hover":"","ocean_menu_link_color_active":"","ocean_menu_link_background":"","ocean_menu_link_hover_background":"","ocean_menu_link_active_background":"","ocean_menu_social_links_bg":"","ocean_menu_social_hover_links_bg":"","ocean_menu_social_links_color":"","ocean_menu_social_hover_links_color":"","ocean_disable_title":"default","ocean_disable_heading":"default","ocean_post_title":"","ocean_post_subheading":"","ocean_post_title_style":"","ocean_post_title_background_color":"","ocean_post_title_background":0,"ocean_post_title_bg_image_position":"","ocean_post_title_bg_image_attachment":"","ocean_post_title_bg_image_repeat":"","ocean_post_title_bg_image_size":"","ocean_post_title_height":0,"ocean_post_title_bg_overlay":0.5,"ocean_post_title_bg_overlay_color":"","ocean_disable_breadcrumbs":"default","ocean_breadcrumbs_color":"","ocean_breadcrumbs_separator_color":"","ocean_breadcrumbs_links_color":"","ocean_breadcrumbs_links_hover_color":"","ocean_display_footer_widgets":"default","ocean_display_footer_bottom":"default","ocean_custom_footer_template":"0","ofc_meta_disable_footer_callout":"","ofc_meta_callout_button_url":"","ofc_meta_callout_button_txt":"","ofc_meta_callout_text":"","osh_disable_topbar_sticky":"default","osh_disable_header_sticky":"default","osh_sticky_header_style":"default","osh_sticky_header_effect":"","osh_custom_sticky_logo":0,"osh_custom_retina_sticky_logo":0,"osh_custom_sticky_logo_height":0,"osh_background_color":"","osh_links_color":"","osh_links_hover_color":"","osh_links_active_color":"","osh_links_bg_color":"","osh_links_hover_bg_color":"","osh_links_active_bg_color":"","osh_menu_social_links_color":"","osh_menu_social_hover_links_color":"","footnotes":""},"class_list":["post-16979","page","type-page","status-publish","has-post-thumbnail","hentry","entry","has-media"],"jetpack_sharing_enabled":true,"jetpack_likes_enabled":true,"jetpack-related-posts":[],"jetpack_shortlink":"https:\/\/wp.me\/Pe7Cu3-4pR","_links":{"self":[{"href":"https:\/\/www.balticmedia.com\/fr\/wp-json\/wp\/v2\/pages\/16979","targetHints":{"allow":["GET"]}}],"collection":[{"href":"https:\/\/www.balticmedia.com\/fr\/wp-json\/wp\/v2\/pages"}],"about":[{"href":"https:\/\/www.balticmedia.com\/fr\/wp-json\/wp\/v2\/types\/page"}],"author":[{"embeddable":true,"href":"https:\/\/www.balticmedia.com\/fr\/wp-json\/wp\/v2\/users\/2"}],"replies":[{"embeddable":true,"href":"https:\/\/www.balticmedia.com\/fr\/wp-json\/wp\/v2\/comments?post=16979"}],"version-history":[{"count":16,"href":"https:\/\/www.balticmedia.com\/fr\/wp-json\/wp\/v2\/pages\/16979\/revisions"}],"predecessor-version":[{"id":138934,"href":"https:\/\/www.balticmedia.com\/fr\/wp-json\/wp\/v2\/pages\/16979\/revisions\/138934"}],"up":[{"embeddable":true,"href":"https:\/\/www.balticmedia.com\/fr\/wp-json\/wp\/v2\/pages\/12054"}],"wp:featuredmedia":[{"embeddable":true,"href":"https:\/\/www.balticmedia.com\/fr\/wp-json\/wp\/v2\/media\/132223"}],"wp:attachment":[{"href":"https:\/\/www.balticmedia.com\/fr\/wp-json\/wp\/v2\/media?parent=16979"}],"curies":[{"name":"wp","href":"https:\/\/api.w.org\/{rel}","templated":true}]}}