{"id":16943,"date":"2021-01-15T18:14:32","date_gmt":"2021-01-15T16:14:32","guid":{"rendered":"https:\/\/www.balticmedia.com\/contact\/translation-services-in-riga-latvia\/"},"modified":"2025-02-16T15:42:43","modified_gmt":"2025-02-16T13:42:43","slug":"agence-de-traduction-a-riga","status":"publish","type":"page","link":"https:\/\/www.balticmedia.com\/fr\/contact\/agence-de-traduction-a-riga\/","title":{"rendered":"Agence de traduction \u00e0 Riga Lettonie"},"content":{"rendered":"<div id=\"pl-16943\"  class=\"panel-layout\" ><div id=\"pg-16943-0\"  class=\"panel-grid panel-no-style\" ><div id=\"pgc-16943-0-0\"  class=\"panel-grid-cell\" ><div id=\"panel-16943-0-0-0\" class=\"so-panel widget widget_sow-image panel-first-child panel-last-child widgetopts-SO\" data-index=\"0\" ><div\n\t\t\t\n\t\t\tclass=\"so-widget-sow-image so-widget-sow-image-default-8b5b6f678277-16943\"\n\t\t\t\n\t\t>\n<div class=\"sow-image-container\">\n\t\t<img src=\"https:\/\/i0.wp.com\/www.balticmedia.com\/wp-content\/uploads\/4price_and_quality-scaled.jpg?fit=2560%2C549&amp;ssl=1\" width=\"2560\" height=\"549\" srcset=\"https:\/\/i0.wp.com\/www.balticmedia.com\/wp-content\/uploads\/4price_and_quality-scaled.jpg?w=2560&amp;ssl=1 2560w, https:\/\/i0.wp.com\/www.balticmedia.com\/wp-content\/uploads\/4price_and_quality-scaled.jpg?resize=300%2C64&amp;ssl=1 300w, https:\/\/i0.wp.com\/www.balticmedia.com\/wp-content\/uploads\/4price_and_quality-scaled.jpg?resize=1024%2C219&amp;ssl=1 1024w, https:\/\/i0.wp.com\/www.balticmedia.com\/wp-content\/uploads\/4price_and_quality-scaled.jpg?resize=768%2C165&amp;ssl=1 768w, https:\/\/i0.wp.com\/www.balticmedia.com\/wp-content\/uploads\/4price_and_quality-scaled.jpg?resize=1536%2C329&amp;ssl=1 1536w, https:\/\/i0.wp.com\/www.balticmedia.com\/wp-content\/uploads\/4price_and_quality-scaled.jpg?resize=2048%2C439&amp;ssl=1 2048w, https:\/\/i0.wp.com\/www.balticmedia.com\/wp-content\/uploads\/4price_and_quality-scaled.jpg?w=2400&amp;ssl=1 2400w\" title=\"Agence de traduction \u00e0 Riga Lettonie\" alt=\"Agence de traduction \u00e0 Riga Lettonie\" class=\"so-widget-image\">\n\t<\/div>\n\n<\/div><\/div><\/div><\/div><div id=\"pg-16943-1\"  class=\"panel-grid panel-no-style\" ><div id=\"pgc-16943-1-0\"  class=\"panel-grid-cell\" ><div id=\"panel-16943-1-0-0\" class=\"so-panel widget widget_sow-editor panel-first-child widgetopts-SO\" data-index=\"1\" ><div\n\t\t\t\n\t\t\tclass=\"so-widget-sow-editor so-widget-sow-editor-base\"\n\t\t\t\n\t\t>\n<div class=\"siteorigin-widget-tinymce textwidget\">\n\t<pre><form aria-label=\"Search this website\" role=\"search\" method=\"get\" class=\"oceanwp-searchform\" id=\"searchform\" action=\"https:\/\/www.balticmedia.com\/fr\/\"><input aria-label=\"Ins\u00e9rer une requ\u00eate de recherche\" type=\"text\" class=\"field\" name=\"s\" id=\"s\" placeholder=\"Rechercher\"><button aria-label=\"Envoyer la recherche\" type=\"submit\" class=\"search-submit\" value=\"\"><i class=\"icon-magnifier\" aria-hidden=\"true\"><\/i><\/button><\/form><\/pre>\n<\/div>\n<\/div><\/div><div id=\"panel-16943-1-0-1\" class=\"so-panel widget widget_ocean_custom_menu widget-oceanwp-custom-menu custom-menu-widget widgetopts-SO\" data-index=\"2\" ><div class=\"oceanwp-custom-menu clr ocean_custom_menu-2 left dropdown-hover\"><ul id=\"menu-info-request-fr\" class=\"dropdown-menu sf-menu\"><li  id=\"menu-item-42296\" class=\"menu-item menu-item-type-post_type menu-item-object-page menu-item-42296\"><a href=\"https:\/\/www.balticmedia.com\/fr\/demande-de-renseignement\/\" class=\"menu-link\">Demande de renseignement<\/a><\/li>\n<li  id=\"menu-item-42287\" class=\"menu-item menu-item-type-post_type menu-item-object-page menu-item-42287\"><a href=\"https:\/\/www.balticmedia.com\/fr\/contact\/agence-de-traduction-a-riga\/\" class=\"menu-link\">Agence de traduction \u00e0 Riga Lettonie<\/a><\/li>\n<li  id=\"menu-item-42288\" class=\"menu-item menu-item-type-post_type menu-item-object-page menu-item-42288\"><a href=\"https:\/\/www.balticmedia.com\/fr\/contact\/agence-de-traduction-a-stockholm\/\" class=\"menu-link\">Agence de traduction \u00e0 Stockholm Su\u00e8de<\/a><\/li>\n<\/ul><\/div><\/div><div id=\"panel-16943-1-0-2\" class=\"so-panel widget widget_ocean_custom_menu widget-oceanwp-custom-menu custom-menu-widget panel-last-child widgetopts-SO\" data-index=\"3\" ><div class=\"oceanwp-custom-menu clr ocean_custom_menu-2 left dropdown-hover\"><ul id=\"menu-les-partenaires\" class=\"dropdown-menu sf-menu\"><li  id=\"menu-item-14908\" class=\"menu-item menu-item-type-custom menu-item-object-custom menu-item-14908\"><a target=\"_blank\" href=\"https:\/\/balticmedia.s.xtrf.eu\/vendors\/#\/sign-in\" class=\"menu-link\" rel=\"nofollow noopener\"><i class=\"icon before line-icon icon-briefcase\" aria-hidden=\"true\" style=\"font-size:2em;\"><\/i><span class=\"menu-text\">Portail fournisseur<\/span><\/a><\/li>\n<li  id=\"menu-item-14909\" class=\"menu-item menu-item-type-custom menu-item-object-custom menu-item-14909\"><a target=\"_blank\" href=\"https:\/\/www.balticmedia.com\/wp-content\/uploads\/11-Reasons-to-Choose-Baltic-Media-2026.pdf\" class=\"menu-link\"><i class=\"icon before line-icon icon-people\" aria-hidden=\"true\" style=\"font-size:2em;\"><\/i><span class=\"menu-text\">Profil d\u2019entreprise<\/span><\/a><\/li>\n<li  id=\"menu-item-14910\" class=\"menu-item menu-item-type-custom menu-item-object-custom menu-item-14910\"><a target=\"_blank\" href=\"https:\/\/www.balticmedia.com\/wp-content\/uploads\/agence-de-traduction-fr.pdf\" class=\"menu-link\"><i class=\"icon before line-icon icon-organization\" aria-hidden=\"true\" style=\"font-size:2em;\"><\/i><span class=\"menu-text\">Processus de traduction \u00e9tape par \u00e9tape<\/span><\/a><\/li>\n<li  id=\"menu-item-14911\" class=\"menu-item menu-item-type-custom menu-item-object-custom menu-item-14911\"><a target=\"_blank\" href=\"https:\/\/www.balticmedia.com\/wp-content\/uploads\/Baltic-Media-Ltd.-Service-Terms-and-Conditions.pdf\" class=\"menu-link\"><i class=\"icon before line-icon icon-docs\" aria-hidden=\"true\" style=\"font-size:2em;\"><\/i><span class=\"menu-text\">Conditions g\u00e9n\u00e9rales de service (EN)<\/span><\/a><\/li>\n<li  id=\"menu-item-14912\" class=\"menu-item menu-item-type-custom menu-item-object-custom menu-item-14912\"><a target=\"_blank\" href=\"https:\/\/www.balticmedia.com\/wp-content\/uploads\/iSO-certificate-2023.png\" class=\"menu-link\"><i class=\"icon before line-icon icon-doc\" aria-hidden=\"true\" style=\"font-size:2em;\"><\/i><span class=\"menu-text\">ISO 9001:2015 Quality Certification<\/span><\/a><\/li>\n<li  id=\"menu-item-14913\" class=\"menu-item menu-item-type-custom menu-item-object-custom menu-item-14913\"><a target=\"_blank\" href=\"https:\/\/www.balticmedia.com\/wp-content\/uploads\/362531_copyrighttrademarkbalticmedia.pdf\" class=\"menu-link\"><i class=\"icon before line-icon icon-info\" aria-hidden=\"true\" style=\"font-size:2em;\"><\/i><span class=\"menu-text\">Copyright | Trademark Baltic Media<sup>\u00ae<\/sup><\/span><\/a><\/li>\n<\/ul><\/div><\/div><\/div><div id=\"pgc-16943-1-1\"  class=\"panel-grid-cell\" ><div id=\"panel-16943-1-1-0\" class=\"so-panel widget widget_sow-editor panel-first-child panel-last-child widgetopts-hide_title widgetopts-SO\" data-index=\"4\" ><div class=\"panel-widget-style panel-widget-style-for-16943-1-1-0\" ><div\n\t\t\t\n\t\t\tclass=\"so-widget-sow-editor so-widget-sow-editor-base\"\n\t\t\t\n\t\t><h3 class=\"widget-title\">Agence de traduction \u00e0 Riga<\/h3>\n<div class=\"siteorigin-widget-tinymce textwidget\">\n\t<p><!-- wp:paragraph --><\/p>\n<div class=\"formatedtext\">\n<h1><strong>Agence de traduction \u00e0 Riga Lettonie <\/strong><\/h1>\n<h2><strong>Bureau international Riga, Lettonie | Agence de traduction dans les pays nordiques et baltes | Baltic M\u00e9dia<\/strong><\/h2>\n<div>\n<p><a href=\"https:\/\/i0.wp.com\/www.balticmedia.com\/wp-content\/uploads\/baltic-media-reception-office--e1701422469673.jpg?ssl=1\"><img data-recalc-dims=\"1\" loading=\"lazy\" decoding=\"async\" class=\"alignnone wp-image-118696 size-medium\" src=\"https:\/\/i0.wp.com\/www.balticmedia.com\/wp-content\/uploads\/baltic-media-reception-office-.jpg?resize=300%2C200&#038;ssl=1\" alt=\"Agence de traduction \u00e0 Riga\" width=\"300\" height=\"200\" title=\"\"><\/a><\/p>\n<p><strong>Baltic Media<\/strong>\u00ae<strong> Ltd<\/strong><br \/>\nDzirnavu iela 57a, Regus Business Centre<br \/>\nLV-1010 R\u012bga Latvia\/Lettonie<\/p>\n<p><strong>+37167224327\u00a0<\/strong><\/p>\n<p><strong>+37167224328<\/strong><\/p>\n<p><strong>+37126404054\u00a0 \u00a0(<\/strong><strong>WhatsApp)<\/strong><\/p>\n<p><strong><a href=\"mailto:info@balticmedia.com\">info@balticmedia.com<\/a><\/strong><\/p>\n<p>L'<strong>Agence de traduction Baltic Media\u00ae<\/strong>, situ\u00e9e \u00e0 Riga, en Lettonie, est l'une des principales agences de traduction en Europe du Nord, sp\u00e9cialis\u00e9e dans la fourniture de services linguistiques de haute qualit\u00e9. Avec une vaste exp\u00e9rience dans la traduction et la localisation, l'agence propose une gamme compl\u00e8te de services linguistiques adapt\u00e9s aux besoins des entreprises internationales et des particuliers dans plusieurs secteurs d'activit\u00e9, notamment le juridique, le technique, le m\u00e9dical et le marketing.<\/p>\n<p><img data-recalc-dims=\"1\" loading=\"lazy\" decoding=\"async\" class=\"alignnone wp-image-132295 size-full\" src=\"https:\/\/i0.wp.com\/www.balticmedia.com\/wp-content\/uploads\/Riga-Baltic-Media-e1739713334986.jpg?resize=700%2C525&#038;ssl=1\" alt=\"L&#039;Agence de traduction Baltic Media\u00ae, situ\u00e9e \u00e0 Riga, en Lettonie\" width=\"700\" height=\"525\" title=\"\"><\/p>\n<h3>Services offerts par Baltic Media\u00ae :<\/h3>\n<ol>\n<li><strong>Traduction \u00e9crite<\/strong> :\n<ul>\n<li>Traduction de documents dans plus de 150 langues, couvrant divers domaines comme le juridique, le technique, le m\u00e9dical et les affaires.<\/li>\n<\/ul>\n<\/li>\n<li><strong>Traductions certifi\u00e9es et notari\u00e9es<\/strong> :\n<ul>\n<li>Traductions officielles de documents tels que les actes de naissance, dipl\u00f4mes, contrats et autres documents juridiques, avec certification ou notarisation, n\u00e9cessaires pour les proc\u00e9dures administratives et l\u00e9gales.<\/li>\n<\/ul>\n<\/li>\n<li><strong>Localisation<\/strong> :\n<ul>\n<li>Adaptation des sites web, logiciels et supports marketing aux march\u00e9s locaux, en tenant compte des sp\u00e9cificit\u00e9s culturelles et linguistiques du public cible.<\/li>\n<\/ul>\n<\/li>\n<li><strong>Traduction audiovisuelle<\/strong> :\n<ul>\n<li>Services de sous-titrage, doublage et voix off pour les films, vid\u00e9os et autres contenus multim\u00e9dia.<\/li>\n<\/ul>\n<\/li>\n<li><strong>Traduction simultan\u00e9e et cons\u00e9cutive<\/strong> :\n<ul>\n<li>Services d\u2019interpr\u00e9tation pour des conf\u00e9rences, r\u00e9unions d'affaires et \u00e9v\u00e9nements, disponibles en pr\u00e9sentiel ou en ligne.<\/li>\n<\/ul>\n<\/li>\n<li><strong>Cours de langues<\/strong> :\n<ul>\n<li>Baltic Media\u00ae propose des cours de langues pour particuliers et entreprises, incluant des formations en letton, anglais, allemand, ainsi que dans d'autres langues populaires.<\/li>\n<\/ul>\n<\/li>\n<\/ol>\n<h3>Pourquoi choisir Baltic Media\u00ae ?<\/h3>\n<ul>\n<li><strong>Traducteurs professionnels<\/strong> : Tous les traducteurs sont hautement qualifi\u00e9s et poss\u00e8dent une exp\u00e9rience sp\u00e9cialis\u00e9e dans divers domaines, garantissant la pr\u00e9cision et la qualit\u00e9 des traductions.<\/li>\n<li><strong>Fiabilit\u00e9 et qualit\u00e9<\/strong> : L'agence respecte des normes strictes de qualit\u00e9 et assure le respect des d\u00e9lais, ce qui en fait un partenaire fiable pour des projets internationaux ou de grande envergure.<\/li>\n<li><strong>Technologies avanc\u00e9es<\/strong> : L'agence utilise des outils de traduction assist\u00e9e par ordinateur (TAO), garantissant la coh\u00e9rence et l'efficacit\u00e9 dans les grands projets de traduction.<\/li>\n<li><strong>Multilinguisme<\/strong> : Baltic Media\u00ae offre des services de traduction dans un large \u00e9ventail de langues, y compris les langues des pays nordiques et baltes, telles que le letton, l'estonien, le finnois, ainsi que les langues internationales telles que l'anglais, le fran\u00e7ais et l'allemand.<\/li>\n<\/ul>\n<p>L'<strong>Agence de traduction Baltic Media\u00ae<\/strong> \u00e0 Riga offre des services linguistiques adapt\u00e9s aux besoins des entreprises et particuliers dans les pays baltes et au-del\u00e0. Gr\u00e2ce \u00e0 une \u00e9quipe de traducteurs qualifi\u00e9s et \u00e0 l'utilisation des technologies de pointe, Baltic Media\u00ae garantit des traductions de haute qualit\u00e9, adapt\u00e9es \u00e0 un contexte international et \u00e0 des exigences sp\u00e9cifiques.<\/p>\n<p><img data-recalc-dims=\"1\" loading=\"lazy\" decoding=\"async\" class=\"alignnone\" src=\"https:\/\/i0.wp.com\/www.balticmedia.com\/images\/th\/330x200_10\/komanda_.jpg?resize=330%2C200&#038;ssl=1\" alt=\"Bureau international Riga, Lettonie | Agence de traduction dans les pays nordiques et baltes | Baltic M\u00e9dia \" width=\"330\" height=\"200\" title=\"\"><\/p>\n<h2>Agence de traduction Baltic Media<sup>\u00ae<\/sup> en Europe du Nord<\/h2>\n<p>L\u2019agence de traduction nordique et balte Baltic Media<sup>\u00ae<\/sup> est \u00e0 la pointe de la traduction num\u00e9rique en Europe du Nord, sp\u00e9cialiste des langues d\u2019Europe du Nord (que ces derni\u00e8res soient scandinaves, baltes ou slaves) dans le cadre de services de traduction depuis\/ vers le su\u00e9dois, le finnois, le danois, l\u2019islandais, le f\u00e9ro\u00efen, le norv\u00e9gien, l\u2019allemand, l\u2019anglais, le polonais, le russe, le letton, le lituanien et l\u2019estonien.<br \/>\nEn tant que prestataire de services linguistiques certifi\u00e9 ISO, l\u2019agence de traduction Baltic Media<sup>\u00ae<\/sup> assure un service de traduction effectu\u00e9 par des professionnels aupr\u00e8s de clients issus du monde de l\u2019entreprise, du secteur priv\u00e9 ou du secteur public.<\/p>\n<h3><a href=\"\/fr\/a-propos-de-nous\/pourquoi-choisir-baltic-media\/\">Pourquoi choisir le service de traduction Nordique-Baltique de l\u2019Agence Baltic Media<sup>\u00ae<\/sup> ?<\/a><\/h3>\n<h3><a href=\"\/fr\/tarifs\/\">Comment r\u00e9duire les co\u00fbts de traduction sans perdre en qualit\u00e9 ?<\/a><\/h3>\n<h3><a href=\"\/fr\/a-propos-de-nous\/traduction-humaine\/\">Pourquoi recourir aux services de traduction assur\u00e9s par des professionnels ?<\/a><\/h3>\n<h3><a href=\"https:\/\/www.balticmedia.com\/fr\/services-de-traduction-mondiaux\/traduction-automatique\/\">Traduisez avec Google, Bing, Microsoft, Tilde, Yandex et laissez-nous nous charger de la correction !<\/a><\/h3>\n<h3><a href=\"https:\/\/www.balticmedia.com\/fr\/demande-de-prix\/\">Devis gratuit<\/a><\/h3>\n<h3><a href=\"https:\/\/www.balticmedia.com\/fr\/demande-de-renseignement\/\">Demande de renseignements<\/a><\/h3>\n<h3><a href=\"mailto:info@balticmedia.com\">Courriel<\/a><\/h3>\n<\/div>\n<p><iframe loading=\"lazy\" title=\"YouTube video player\" src=\"https:\/\/www.youtube.com\/embed\/hif6lbJHCNA\" width=\"436\" height=\"360\" frameborder=\"0\" allowfullscreen=\"allowfullscreen\"><\/iframe><\/p>\n<h2>Agence de traduction Baltic Media<sup>\u00ae<\/sup> Riga<\/h2>\n<p data-sourcepos=\"1:1-1:259\">Une agence de traduction est une entreprise qui fournit des services de traduction professionnelle. Elle dispose d'un r\u00e9seau de traducteurs qualifi\u00e9s et sp\u00e9cialis\u00e9s dans diff\u00e9rents domaines, tels que le juridique, le m\u00e9dical, le technique, le commercial, etc.<\/p>\n<p data-sourcepos=\"3:1-3:74\">Les agences de traduction offrent une large gamme de services, notamment :<\/p>\n<ul data-sourcepos=\"5:1-8:0\">\n<li data-sourcepos=\"5:1-5:107\">La traduction de documents \u00e9crits, tels que des contrats, des rapports, des articles, des sites Web, etc.<\/li>\n<li data-sourcepos=\"6:1-6:65\">L'interpr\u00e9tation de discours, de conf\u00e9rences, de r\u00e9unions, etc.<\/li>\n<li data-sourcepos=\"7:1-8:0\">La localisation de produits et services pour un march\u00e9 sp\u00e9cifique.<\/li>\n<\/ul>\n<p data-sourcepos=\"9:1-9:212\">Les agences de traduction peuvent \u00eatre g\u00e9n\u00e9ralistes ou sp\u00e9cialis\u00e9es dans un domaine particulier. Elles peuvent \u00e9galement \u00eatre certifi\u00e9es par un organisme officiel, ce qui garantit la qualit\u00e9 de leurs traductions.<\/p>\n<p data-sourcepos=\"11:1-11:71\">Les avantages de faire appel \u00e0 une agence de traduction sont nombreux :<\/p>\n<ul data-sourcepos=\"13:1-16:0\">\n<li data-sourcepos=\"13:1-13:85\">La garantie d'une traduction de qualit\u00e9, r\u00e9alis\u00e9e par des professionnels qualifi\u00e9s.<\/li>\n<li data-sourcepos=\"14:1-14:66\">La possibilit\u00e9 de disposer d'une traduction dans un d\u00e9lai court.<\/li>\n<li data-sourcepos=\"15:1-16:0\">La possibilit\u00e9 de b\u00e9n\u00e9ficier d'un service de traduction personnalis\u00e9.<\/li>\n<\/ul>\n<p data-sourcepos=\"17:1-17:199\">Les agences de traduction sont un partenaire indispensable pour les entreprises qui souhaitent se d\u00e9velopper \u00e0 l'international ou qui souhaitent communiquer avec des clients ou partenaires \u00e9trangers.<\/p>\n<p data-sourcepos=\"19:1-19:206\">En France, il existe de nombreuses agences de traduction, dont certaines sont de renomm\u00e9e internationale. Pour choisir une agence de traduction, il est important de prendre en compte les crit\u00e8res suivants :<\/p>\n<ul data-sourcepos=\"21:1-26:0\">\n<li data-sourcepos=\"21:1-21:39\">La qualit\u00e9 des traductions r\u00e9alis\u00e9es.<\/li>\n<li data-sourcepos=\"22:1-22:24\">Le d\u00e9lai de livraison.<\/li>\n<li data-sourcepos=\"23:1-23:23\">Le prix des services.<\/li>\n<li data-sourcepos=\"24:1-24:32\">La sp\u00e9cialisation de l'agence.<\/li>\n<li data-sourcepos=\"25:1-26:0\">La certification de l'agence.<\/li>\n<\/ul>\n<p data-sourcepos=\"27:1-27:110\">Il est \u00e9galement possible de demander des devis \u00e0 plusieurs agences de traduction afin de comparer les offres.<\/p>\n<p><iframe loading=\"lazy\" src=\"https:\/\/www.google.com\/maps\/embed?pb=!4v1719847048570!6m8!1m7!1susVuy20gkGjcBmaVIyM1tg!2m2!1d56.95589232749178!2d24.11825722647918!3f65.23481351435547!4f22.439266543407925!5f0.4000000000000002\" width=\"600\" height=\"450\" frameborder=\"0\" scrolling=\"no\" allowfullscreen=\"allowfullscreen\" data-mce-fragment=\"1\"><\/iframe><\/p>\n<p><iframe loading=\"lazy\" src=\"https:\/\/www.google.com\/maps\/embed?pb=!1m18!1m12!1m3!1d2175.580314374421!2d24.118382899999997!3d56.955991399999995!2m3!1f0!2f0!3f0!3m2!1i1024!2i768!4f13.1!3m3!1m2!1s0x46eecfc496499589%3A0xf9a65f0181dc94ba!2zQmFsdGljIE1lZGlhIHR1bGtvanVtdSAvIHR1bGtvxaFhbmFzIEJpcm9qcyBSxKtnxIEgUHJvZmVzaW9uxIFsaSB0dWxrb2p1bWkg0JHRjtGA0L4g0L_QtdGA0LXQstC-0LTQvtCy!5e0!3m2!1sen!2slv!4v1719837228742!5m2!1sen!2slv\" width=\"600\" height=\"450\" frameborder=\"0\" marginwidth=\"0\" marginheight=\"0\" scrolling=\"yes\" align=\"left\" data-mce-fragment=\"1\"><\/iframe><\/p>\n<p>&nbsp;<\/p>\n<\/div>\n<p><!-- \/wp:paragraph --><\/p>\n<\/div>\n<\/div><\/div><\/div><\/div><\/div><\/div>","protected":false},"excerpt":{"rendered":"<p>Agence de traduction \u00e0 Riga Lettonie Bureau international Riga, Lettonie | Agence de traduction dans les pays nordiques et baltes | Baltic M\u00e9dia Baltic Media\u00ae Ltd Dzirnavu iela 57a, Regus Business Centre LV-1010 R\u012bga Latvia\/Lettonie +37167224327\u00a0 +37167224328 +37126404054\u00a0 \u00a0(WhatsApp) info@balticmedia.com L&rsquo;Agence de traduction Baltic Media\u00ae, situ\u00e9e \u00e0 Riga, en Lettonie, est l&rsquo;une des principales agences [&hellip;]<\/p>\n","protected":false},"author":2,"featured_media":132138,"parent":12054,"menu_order":0,"comment_status":"closed","ping_status":"closed","template":"","meta":{"ocean_post_layout":"","ocean_both_sidebars_style":"","ocean_both_sidebars_content_width":0,"ocean_both_sidebars_sidebars_width":0,"ocean_sidebar":"0","ocean_second_sidebar":"0","ocean_disable_margins":"enable","ocean_add_body_class":"","ocean_shortcode_before_top_bar":"","ocean_shortcode_after_top_bar":"","ocean_shortcode_before_header":"","ocean_shortcode_after_header":"","ocean_has_shortcode":"","ocean_shortcode_after_title":"","ocean_shortcode_before_footer_widgets":"","ocean_shortcode_after_footer_widgets":"","ocean_shortcode_before_footer_bottom":"","ocean_shortcode_after_footer_bottom":"","ocean_display_top_bar":"default","ocean_display_header":"default","ocean_header_style":"","ocean_center_header_left_menu":"0","ocean_custom_header_template":"0","ocean_custom_logo":0,"ocean_custom_retina_logo":0,"ocean_custom_logo_max_width":0,"ocean_custom_logo_tablet_max_width":0,"ocean_custom_logo_mobile_max_width":0,"ocean_custom_logo_max_height":0,"ocean_custom_logo_tablet_max_height":0,"ocean_custom_logo_mobile_max_height":0,"ocean_header_custom_menu":"0","ocean_menu_typo_font_family":"0","ocean_menu_typo_font_subset":"","ocean_menu_typo_font_size":0,"ocean_menu_typo_font_size_tablet":0,"ocean_menu_typo_font_size_mobile":0,"ocean_menu_typo_font_size_unit":"px","ocean_menu_typo_font_weight":"","ocean_menu_typo_font_weight_tablet":"","ocean_menu_typo_font_weight_mobile":"","ocean_menu_typo_transform":"","ocean_menu_typo_transform_tablet":"","ocean_menu_typo_transform_mobile":"","ocean_menu_typo_line_height":0,"ocean_menu_typo_line_height_tablet":0,"ocean_menu_typo_line_height_mobile":0,"ocean_menu_typo_line_height_unit":"","ocean_menu_typo_spacing":0,"ocean_menu_typo_spacing_tablet":0,"ocean_menu_typo_spacing_mobile":0,"ocean_menu_typo_spacing_unit":"","ocean_menu_link_color":"","ocean_menu_link_color_hover":"","ocean_menu_link_color_active":"","ocean_menu_link_background":"","ocean_menu_link_hover_background":"","ocean_menu_link_active_background":"","ocean_menu_social_links_bg":"","ocean_menu_social_hover_links_bg":"","ocean_menu_social_links_color":"","ocean_menu_social_hover_links_color":"","ocean_disable_title":"default","ocean_disable_heading":"default","ocean_post_title":"","ocean_post_subheading":"","ocean_post_title_style":"","ocean_post_title_background_color":"","ocean_post_title_background":0,"ocean_post_title_bg_image_position":"","ocean_post_title_bg_image_attachment":"","ocean_post_title_bg_image_repeat":"","ocean_post_title_bg_image_size":"","ocean_post_title_height":0,"ocean_post_title_bg_overlay":0.5,"ocean_post_title_bg_overlay_color":"","ocean_disable_breadcrumbs":"default","ocean_breadcrumbs_color":"","ocean_breadcrumbs_separator_color":"","ocean_breadcrumbs_links_color":"","ocean_breadcrumbs_links_hover_color":"","ocean_display_footer_widgets":"default","ocean_display_footer_bottom":"default","ocean_custom_footer_template":"0","ofc_meta_disable_footer_callout":"","ofc_meta_callout_button_url":"","ofc_meta_callout_button_txt":"","ofc_meta_callout_text":"","osh_disable_topbar_sticky":"default","osh_disable_header_sticky":"default","osh_sticky_header_style":"default","osh_sticky_header_effect":"","osh_custom_sticky_logo":0,"osh_custom_retina_sticky_logo":0,"osh_custom_sticky_logo_height":0,"osh_background_color":"","osh_links_color":"","osh_links_hover_color":"","osh_links_active_color":"","osh_links_bg_color":"","osh_links_hover_bg_color":"","osh_links_active_bg_color":"","osh_menu_social_links_color":"","osh_menu_social_hover_links_color":"","footnotes":""},"class_list":["post-16943","page","type-page","status-publish","has-post-thumbnail","hentry","entry","has-media"],"jetpack_sharing_enabled":true,"jetpack_likes_enabled":true,"jetpack-related-posts":[],"jetpack_shortlink":"https:\/\/wp.me\/Pe7Cu3-4ph","_links":{"self":[{"href":"https:\/\/www.balticmedia.com\/fr\/wp-json\/wp\/v2\/pages\/16943","targetHints":{"allow":["GET"]}}],"collection":[{"href":"https:\/\/www.balticmedia.com\/fr\/wp-json\/wp\/v2\/pages"}],"about":[{"href":"https:\/\/www.balticmedia.com\/fr\/wp-json\/wp\/v2\/types\/page"}],"author":[{"embeddable":true,"href":"https:\/\/www.balticmedia.com\/fr\/wp-json\/wp\/v2\/users\/2"}],"replies":[{"embeddable":true,"href":"https:\/\/www.balticmedia.com\/fr\/wp-json\/wp\/v2\/comments?post=16943"}],"version-history":[{"count":13,"href":"https:\/\/www.balticmedia.com\/fr\/wp-json\/wp\/v2\/pages\/16943\/revisions"}],"predecessor-version":[{"id":136746,"href":"https:\/\/www.balticmedia.com\/fr\/wp-json\/wp\/v2\/pages\/16943\/revisions\/136746"}],"up":[{"embeddable":true,"href":"https:\/\/www.balticmedia.com\/fr\/wp-json\/wp\/v2\/pages\/12054"}],"wp:featuredmedia":[{"embeddable":true,"href":"https:\/\/www.balticmedia.com\/fr\/wp-json\/wp\/v2\/media\/132138"}],"wp:attachment":[{"href":"https:\/\/www.balticmedia.com\/fr\/wp-json\/wp\/v2\/media?parent=16943"}],"curies":[{"name":"wp","href":"https:\/\/api.w.org\/{rel}","templated":true}]}}