{"id":16288,"date":"2021-02-10T12:08:05","date_gmt":"2021-02-10T10:08:05","guid":{"rendered":"https:\/\/www.balticmedia.com\/services-de-traduction-mondiaux\/traduction-de-site-internet\/seo-translation\/"},"modified":"2025-10-06T17:59:30","modified_gmt":"2025-10-06T14:59:30","slug":"seo-services-de-traduction","status":"publish","type":"page","link":"https:\/\/www.balticmedia.com\/fr\/services-de-traduction\/traduction-de-site-internet\/seo-services-de-traduction\/","title":{"rendered":"SEO Services de traduction"},"content":{"rendered":"<div id=\"pl-16288\"  class=\"panel-layout\" ><div id=\"pg-16288-0\"  class=\"panel-grid panel-no-style\" ><div id=\"pgc-16288-0-0\"  class=\"panel-grid-cell\" ><div id=\"panel-16288-0-0-0\" class=\"so-panel widget widget_sow-image panel-first-child panel-last-child widgetopts-SO\" data-index=\"0\" ><div\n\t\t\t\n\t\t\tclass=\"so-widget-sow-image so-widget-sow-image-default-8b5b6f678277-16288\"\n\t\t\t\n\t\t>\n<div class=\"sow-image-container\">\n\t\t<img src=\"https:\/\/i0.wp.com\/www.balticmedia.com\/wp-content\/uploads\/2services-scaled.jpg?fit=2560%2C549&amp;ssl=1\" width=\"2560\" height=\"549\" srcset=\"https:\/\/i0.wp.com\/www.balticmedia.com\/wp-content\/uploads\/2services-scaled.jpg?w=2560&amp;ssl=1 2560w, https:\/\/i0.wp.com\/www.balticmedia.com\/wp-content\/uploads\/2services-scaled.jpg?resize=300%2C64&amp;ssl=1 300w, https:\/\/i0.wp.com\/www.balticmedia.com\/wp-content\/uploads\/2services-scaled.jpg?resize=1024%2C219&amp;ssl=1 1024w, https:\/\/i0.wp.com\/www.balticmedia.com\/wp-content\/uploads\/2services-scaled.jpg?resize=768%2C165&amp;ssl=1 768w, https:\/\/i0.wp.com\/www.balticmedia.com\/wp-content\/uploads\/2services-scaled.jpg?resize=1536%2C329&amp;ssl=1 1536w, https:\/\/i0.wp.com\/www.balticmedia.com\/wp-content\/uploads\/2services-scaled.jpg?resize=2048%2C439&amp;ssl=1 2048w, https:\/\/i0.wp.com\/www.balticmedia.com\/wp-content\/uploads\/2services-scaled.jpg?w=2400&amp;ssl=1 2400w\" title=\"Services de traduction SEO\" alt=\"Services de traduction SEO\" class=\"so-widget-image\">\n\t<\/div>\n\n<\/div><\/div><\/div><\/div><div id=\"pg-16288-1\"  class=\"panel-grid panel-no-style\" ><div id=\"pgc-16288-1-0\"  class=\"panel-grid-cell\" ><div id=\"panel-16288-1-0-0\" class=\"so-panel widget widget_sow-editor panel-first-child extendedwopts-hide extendedwopts-tablet extendedwopts-mobile widgetopts-SO\" data-index=\"1\" ><div\n\t\t\t\n\t\t\tclass=\"so-widget-sow-editor so-widget-sow-editor-base\"\n\t\t\t\n\t\t>\n<div class=\"siteorigin-widget-tinymce textwidget\">\n\t<pre><form aria-label=\"Search this website\" role=\"search\" method=\"get\" class=\"oceanwp-searchform\" id=\"searchform\" action=\"https:\/\/www.balticmedia.com\/fr\/\"><input aria-label=\"Ins\u00e9rer une requ\u00eate de recherche\" type=\"text\" class=\"field\" name=\"s\" id=\"s\" placeholder=\"Rechercher\"><button aria-label=\"Envoyer la recherche\" type=\"submit\" class=\"search-submit\" value=\"\"><i class=\"icon-magnifier\" aria-hidden=\"true\"><\/i><\/button><\/form><\/pre>\n<\/div>\n<\/div><\/div><div id=\"panel-16288-1-0-1\" class=\"so-panel widget widget_ocean_custom_menu widget-oceanwp-custom-menu custom-menu-widget extendedwopts-hide extendedwopts-tablet extendedwopts-mobile widgetopts-SO\" data-index=\"2\" ><div class=\"oceanwp-custom-menu clr ocean_custom_menu-2 left dropdown-hover\"><ul id=\"menu-services-fr\" class=\"dropdown-menu sf-menu\"><li  id=\"menu-item-42688\" class=\"menu-item menu-item-type-post_type menu-item-object-page menu-item-42688\"><a href=\"https:\/\/www.balticmedia.com\/fr\/services-de-traduction\/\" class=\"menu-link\">Services de traduction en Europe du Nord<\/a><\/li>\n<li  id=\"menu-item-42710\" class=\"menu-item menu-item-type-post_type menu-item-object-page menu-item-42710\"><a href=\"https:\/\/www.balticmedia.com\/fr\/traduction-professionnelle\/\" class=\"menu-link\">Traduction professionnelle<\/a><\/li>\n<li  id=\"menu-item-42700\" class=\"menu-item menu-item-type-post_type menu-item-object-page menu-item-42700\"><a href=\"https:\/\/www.balticmedia.com\/fr\/services-de-traduction\/traduction-automatique-post-edition-de-traduction-automatique\/\" class=\"menu-link\">Post-\u00e9dition de traduction automatique<\/a><\/li>\n<li  id=\"menu-item-42701\" class=\"menu-item menu-item-type-post_type menu-item-object-page menu-item-42701\"><a href=\"https:\/\/www.balticmedia.com\/fr\/services-de-traduction\/redaction\/\" class=\"menu-link\">R\u00e9daction<\/a><\/li>\n<li  id=\"menu-item-42704\" class=\"menu-item menu-item-type-post_type menu-item-object-page menu-item-42704\"><a href=\"https:\/\/www.balticmedia.com\/fr\/traduction-certifiee\/\" class=\"menu-link\">Traduction certifi\u00e9e | Traduction officielle<\/a><\/li>\n<li  id=\"menu-item-42699\" class=\"menu-item menu-item-type-post_type menu-item-object-page menu-item-42699\"><a href=\"https:\/\/www.balticmedia.com\/fr\/services-de-traduction\/localisation\/\" class=\"menu-link\">Localisation | Adaptation au march\u00e9 commercial<\/a><\/li>\n<li  id=\"menu-item-42705\" class=\"menu-item menu-item-type-post_type menu-item-object-page menu-item-42705\"><a href=\"https:\/\/www.balticmedia.com\/fr\/services-de-traduction\/traduction-de-document\/\" class=\"menu-link\">Traduction de document<\/a><\/li>\n<li  id=\"menu-item-42711\" class=\"menu-item menu-item-type-post_type menu-item-object-page menu-item-42711\"><a href=\"https:\/\/www.balticmedia.com\/fr\/traduction-technique\/\" class=\"menu-link\">Traduction technique<\/a><\/li>\n<li  id=\"menu-item-42707\" class=\"menu-item menu-item-type-post_type menu-item-object-page menu-item-42707\"><a href=\"https:\/\/www.balticmedia.com\/fr\/services-de-traduction\/traduction-de-site-internet\/\" class=\"menu-link\">Traduction de site Internet<\/a><\/li>\n<li  id=\"menu-item-42706\" class=\"menu-item menu-item-type-post_type menu-item-object-page menu-item-42706\"><a href=\"https:\/\/www.balticmedia.com\/fr\/services-de-traduction\/traduction-de-site-internet\/seo-services-de-traduction\/\" class=\"menu-link\">SEO Services de traduction<\/a><\/li>\n<li  id=\"menu-item-42708\" class=\"menu-item menu-item-type-post_type menu-item-object-page menu-item-42708\"><a href=\"https:\/\/www.balticmedia.com\/fr\/services-de-traduction\/traduction-juridique\/\" class=\"menu-link\">Traduction juridique<\/a><\/li>\n<li  id=\"menu-item-42709\" class=\"menu-item menu-item-type-post_type menu-item-object-page menu-item-42709\"><a href=\"https:\/\/www.balticmedia.com\/fr\/traduction-medicale\/\" class=\"menu-link\">Traduction m\u00e9dicale<\/a><\/li>\n<li  id=\"menu-item-100586\" class=\"menu-item menu-item-type-post_type menu-item-object-page menu-item-100586\"><a href=\"https:\/\/www.balticmedia.com\/fr\/services-de-traduction\/la-traduction-de-document-marketing\/\" class=\"menu-link\">La traduction de document marketing<\/a><\/li>\n<li  id=\"menu-item-42712\" class=\"menu-item menu-item-type-post_type menu-item-object-page menu-item-42712\"><a href=\"https:\/\/www.balticmedia.com\/fr\/services-de-traduction\/transcription\/\" class=\"menu-link\">Services de transcription<\/a><\/li>\n<li  id=\"menu-item-42703\" class=\"menu-item menu-item-type-post_type menu-item-object-page menu-item-42703\"><a href=\"https:\/\/www.balticmedia.com\/fr\/services-de-traduction\/sous-titrage-doublage-et-voix-off\/\" class=\"menu-link\">Sous-titrage, doublage et voix-off<\/a><\/li>\n<li  id=\"menu-item-42702\" class=\"menu-item menu-item-type-post_type menu-item-object-page menu-item-42702\"><a href=\"https:\/\/www.balticmedia.com\/fr\/services-de-traduction\/revision-linguistique\/\" class=\"menu-link\">R\u00e9vision linguistique<\/a><\/li>\n<li  id=\"menu-item-42694\" class=\"menu-item menu-item-type-post_type menu-item-object-page menu-item-42694\"><a href=\"https:\/\/www.balticmedia.com\/fr\/services-de-traduction\/editique-conception-graphique\/\" class=\"menu-link\">Editique (conception graphique)<\/a><\/li>\n<li  id=\"menu-item-42695\" class=\"menu-item menu-item-type-post_type menu-item-object-page menu-item-42695\"><a href=\"https:\/\/www.balticmedia.com\/fr\/interpretation\/\" class=\"menu-link\">Interpr\u00e9tation en langues scandinaves et baltes<\/a><\/li>\n<li  id=\"menu-item-42696\" class=\"menu-item menu-item-type-post_type menu-item-object-page menu-item-42696\"><a href=\"https:\/\/www.balticmedia.com\/fr\/interpretation\/interpretation-consecutive\/\" class=\"menu-link\">Interpr\u00e9tation cons\u00e9cutive<\/a><\/li>\n<li  id=\"menu-item-42698\" class=\"menu-item menu-item-type-post_type menu-item-object-page menu-item-42698\"><a href=\"https:\/\/www.balticmedia.com\/fr\/interpretation\/interpretation-simultanee\/\" class=\"menu-link\">Interpr\u00e9tation simultan\u00e9e<\/a><\/li>\n<li  id=\"menu-item-42697\" class=\"menu-item menu-item-type-post_type menu-item-object-page menu-item-42697\"><a href=\"https:\/\/www.balticmedia.com\/fr\/interpretation\/interpretation-par-telephone-ou-skype-zoom-meet\/\" class=\"menu-link\">Interpr\u00e9tation par t\u00e9l\u00e9phone ou Zoom, Meet<\/a><\/li>\n<li  id=\"menu-item-42689\" class=\"menu-item menu-item-type-post_type menu-item-object-page menu-item-42689\"><a href=\"https:\/\/www.balticmedia.com\/fr\/apprendre-une-langue\/\" class=\"menu-link\">Apprendre une langue<\/a><\/li>\n<li  id=\"menu-item-42693\" class=\"menu-item menu-item-type-post_type menu-item-object-page menu-item-42693\"><a href=\"https:\/\/www.balticmedia.com\/fr\/pourquoi-choisir-le-centre-de-formation-linguistique-baltic-media\/\" class=\"menu-link\">Pourquoi choisir le centre de formation linguistique Baltic Media ?<\/a><\/li>\n<li  id=\"menu-item-42690\" class=\"menu-item menu-item-type-post_type menu-item-object-page menu-item-42690\"><a href=\"https:\/\/www.balticmedia.com\/fr\/apprendre-une-langue\/comment-les-cours-de-langues-peuvent-ils-stimuler-votre-activite\/\" class=\"menu-link\">Comment les cours de langues peuvent-ils stimuler votre activit\u00e9 ?<\/a><\/li>\n<li  id=\"menu-item-42691\" class=\"menu-item menu-item-type-post_type menu-item-object-page menu-item-42691\"><a href=\"https:\/\/www.balticmedia.com\/fr\/apprendre-une-langue\/evaluez-vos-competences-linguistiques\/\" class=\"menu-link\">\u00c9valuez vos comp\u00e9tences linguistiques<\/a><\/li>\n<li  id=\"menu-item-103717\" class=\"menu-item menu-item-type-post_type menu-item-object-page menu-item-103717\"><a href=\"https:\/\/www.balticmedia.com\/fr\/formation-de-base-en-letton\/\" class=\"menu-link\">Formation de base en letton | Cours de langue lettone<\/a><\/li>\n<\/ul><\/div><\/div><div id=\"panel-16288-1-0-2\" class=\"so-panel widget widget_ocean_custom_menu widget-oceanwp-custom-menu custom-menu-widget panel-last-child extendedwopts-hide extendedwopts-tablet extendedwopts-mobile widgetopts-SO\" data-index=\"3\" ><div class=\"oceanwp-custom-menu clr ocean_custom_menu-2 left dropdown-hover\"><ul id=\"menu-les-partenaires\" class=\"dropdown-menu sf-menu\"><li  id=\"menu-item-14908\" class=\"menu-item menu-item-type-custom menu-item-object-custom menu-item-14908\"><a target=\"_blank\" href=\"https:\/\/balticmedia.s.xtrf.eu\/vendors\/#\/sign-in\" class=\"menu-link\" rel=\"nofollow noopener\"><i class=\"icon before line-icon icon-briefcase\" aria-hidden=\"true\" style=\"font-size:2em;\"><\/i><span class=\"menu-text\">Portail fournisseur<\/span><\/a><\/li>\n<li  id=\"menu-item-14909\" class=\"menu-item menu-item-type-custom menu-item-object-custom menu-item-14909\"><a target=\"_blank\" href=\"https:\/\/www.balticmedia.com\/wp-content\/uploads\/11-Reasons-to-Choose-Baltic-Media-2026.pdf\" class=\"menu-link\"><i class=\"icon before line-icon icon-people\" aria-hidden=\"true\" style=\"font-size:2em;\"><\/i><span class=\"menu-text\">Profil d\u2019entreprise<\/span><\/a><\/li>\n<li  id=\"menu-item-14910\" class=\"menu-item menu-item-type-custom menu-item-object-custom menu-item-14910\"><a target=\"_blank\" href=\"https:\/\/www.balticmedia.com\/wp-content\/uploads\/agence-de-traduction-fr.pdf\" class=\"menu-link\"><i class=\"icon before line-icon icon-organization\" aria-hidden=\"true\" style=\"font-size:2em;\"><\/i><span class=\"menu-text\">Processus de traduction \u00e9tape par \u00e9tape<\/span><\/a><\/li>\n<li  id=\"menu-item-14911\" class=\"menu-item menu-item-type-custom menu-item-object-custom menu-item-14911\"><a target=\"_blank\" href=\"https:\/\/www.balticmedia.com\/wp-content\/uploads\/Baltic-Media-Ltd.-Service-Terms-and-Conditions.pdf\" class=\"menu-link\"><i class=\"icon before line-icon icon-docs\" aria-hidden=\"true\" style=\"font-size:2em;\"><\/i><span class=\"menu-text\">Conditions g\u00e9n\u00e9rales de service (EN)<\/span><\/a><\/li>\n<li  id=\"menu-item-14912\" class=\"menu-item menu-item-type-custom menu-item-object-custom menu-item-14912\"><a target=\"_blank\" href=\"https:\/\/www.balticmedia.com\/wp-content\/uploads\/iSO-certificate-2023.png\" class=\"menu-link\"><i class=\"icon before line-icon icon-doc\" aria-hidden=\"true\" style=\"font-size:2em;\"><\/i><span class=\"menu-text\">ISO 9001:2015 Quality Certification<\/span><\/a><\/li>\n<li  id=\"menu-item-14913\" class=\"menu-item menu-item-type-custom menu-item-object-custom menu-item-14913\"><a target=\"_blank\" href=\"https:\/\/www.balticmedia.com\/wp-content\/uploads\/362531_copyrighttrademarkbalticmedia.pdf\" class=\"menu-link\"><i class=\"icon before line-icon icon-info\" aria-hidden=\"true\" style=\"font-size:2em;\"><\/i><span class=\"menu-text\">Copyright | Trademark Baltic Media<sup>\u00ae<\/sup><\/span><\/a><\/li>\n<\/ul><\/div><\/div><\/div><div id=\"pgc-16288-1-1\"  class=\"panel-grid-cell\" ><div id=\"panel-16288-1-1-0\" class=\"so-panel widget widget_sow-editor panel-first-child panel-last-child widgetopts-SO\" data-index=\"4\" ><div\n\t\t\t\n\t\t\tclass=\"so-widget-sow-editor so-widget-sow-editor-base\"\n\t\t\t\n\t\t><h3 class=\"widget-title\">SEO Services de traduction<\/h3>\n<div class=\"siteorigin-widget-tinymce textwidget\">\n\t<h1>SEO Services de traduction<\/h1>\n<h3>Services de traduction SEO (Search Engine Optimization)<\/h3>\n<p>L'agence de traduction Baltic Media<sup>\u00ae<\/sup> Nordic-Baltic offre \u00e0 ses clients :<\/p>\n<ul>\n<li>La r\u00e9daction de contenu int\u00e9grant des mots-cl\u00e9s selon les principes du r\u00e9f\u00e9rencement;<\/li>\n<li>Traduction SEO : La traduction SEO n'est pas une traduction directe. Vous devez faire des recherches dans chaque pays pour savoir si la traduction directe est ce que les gens recherchent dans ce pays, ou si quelque chose de diff\u00e9rent est n\u00e9cessaire ;<\/li>\n<li>D\u00e9veloppement du texte de la page d'accueil selon les principes du r\u00e9f\u00e9rencement.<\/li>\n<\/ul>\n<p><img data-recalc-dims=\"1\" loading=\"lazy\" decoding=\"async\" class=\"alignnone wp-image-6507 size-medium\" src=\"https:\/\/i0.wp.com\/www.balticmedia.com\/wp-content\/uploads\/logo_ar_globusu_stillbild_kvadrats.jpg?resize=300%2C187&#038;ssl=1\" alt=\"SEO Services de traduction\" width=\"300\" height=\"187\" title=\"\"><\/p>\n<p>L'optimisation des moteurs de recherche (SEO) est le processus qui consiste \u00e0 am\u00e9liorer la visibilit\u00e9 d'un site ou d'une page web dans les moteurs de recherche via les r\u00e9sultats de recherche \"naturels\" ou non payants (\"organiques\" ou \"algorithmiques\"). En g\u00e9n\u00e9ral, plus un site appara\u00eet t\u00f4t (ou plus haut sur la page des r\u00e9sultats de recherche) et plus fr\u00e9quemment dans la liste des r\u00e9sultats de recherche, plus il recevra de visiteurs de la part des utilisateurs du moteur de recherche. Le r\u00e9f\u00e9rencement peut cibler diff\u00e9rents types de recherche, notamment la recherche d'images, la recherche locale, la recherche vid\u00e9o, la recherche universitaire, la recherche d'actualit\u00e9s et les moteurs de recherche verticaux sp\u00e9cifiques \u00e0 un secteur.<\/p>\n<h2>Comment fonctionne la traduction SEO ? Processus de traduction SEO \u00e9tape par \u00e9tape<\/h2>\n<p>Bien entendu, il est pr\u00e9f\u00e9rable de confier la traduction de r\u00e9f\u00e9rencement \u00e0 un traducteur professionnel - un \u00eatre humain. Les applications de traduction automatique n'y parviendront pas. Votre site sera alors bien trouv\u00e9 dans les moteurs de recherche Internet pour les mots cl\u00e9s dont vous avez besoin dans diff\u00e9rentes langues et sur diff\u00e9rents march\u00e9s.<\/p>\n<p><strong>Veuillez noter ce qui suit:<\/strong><\/p>\n<ul>\n<li>Pr\u00e9parez un texte source de haute qualit\u00e9 qui comprend les mots-cl\u00e9s dont vous avez besoin. Si vous nous le confiez, veuillez fournir une liste des mots-cl\u00e9s attendus et indiquer le pays dans lequel vous souhaitez que votre page soit trouv\u00e9e. Notre \u00e9diteur de texte ou notre traducteur affinera ensuite les mots-cl\u00e9s dont vous avez besoin et les inclura dans le texte source ou la traduction. Pr\u00e9parez \u00e9galement les m\u00e9ta-informations (titre de la page, m\u00e9ta-description, texte de l'URL). Le mot-cl\u00e9 doit \u00eatre inclus dans l'URL (il n'est pas n\u00e9cessaire qu'il soit dans le nom de domaine, il suffit d'inclure l'URL), dans la balise titre et la m\u00e9ta-description, ainsi que dans les titres H1, H2, H3 et plusieurs fois dans le premier paragraphe. Cela augmentera le nombre de clics sur votre page.<\/li>\n<\/ul>\n<p><img data-recalc-dims=\"1\" loading=\"lazy\" decoding=\"async\" class=\"alignnone wp-image-10289 size-full\" src=\"https:\/\/i0.wp.com\/www.balticmedia.com\/wp-content\/uploads\/seo-translation-is-best-done-by-a-professional-translator-a-human-being.png?resize=835%2C168&#038;ssl=1\" alt=\"SEO translation is best done by a professional translator - a human being\" width=\"835\" height=\"168\" title=\"\"><\/p>\n<p>Vous pouvez soumettre une liste de mots-cl\u00e9s pr\u00e9f\u00e9r\u00e9s pour chaque page de texte dans la langue cible dont vous avez besoin en commandant une traduction SEO aupr\u00e8s de nous. Le traducteur int\u00e9grera ces mots dans la traduction. Si vous ne les connaissez pas, notre traducteur les s\u00e9lectionnera en fonction de vos instructions. Il s'agit d'un service payant distinct du temps pass\u00e9. Vous pouvez trouver les mots les plus recherch\u00e9s dans chaque pays et chaque langue de votre secteur d'activit\u00e9 dans divers outils de r\u00e9f\u00e9rencement, tels que <a href=\"https:\/\/ads.google.com\/home\/tools\/keyword-planner\/\" rel=\"nofollow noopener\" target=\"_blank\">Google Keyword Planner<\/a> ou Ubersuggest de Neil Patel, entre autres.<\/p>\n<h2>Combien co\u00fbte une traduction de r\u00e9f\u00e9rencement ?<\/h2>\n<p>Vous paierez en fonction du nombre de mots du texte source. Le plus \u00e9conomique est de soumettre une liste de mots-cl\u00e9s que vous avez d\u00e9j\u00e0 trouv\u00e9s pour chaque langue afin d'int\u00e9grer les mots-cl\u00e9s dans la traduction. Si nous devons les chercher, vous devez \u00e9galement payer le temps pass\u00e9 \u00e0 trouver les mots-cl\u00e9s dans chaque langue et \u00e0 les commercialiser \u00e0 un tarif horaire, ce qui repr\u00e9sente un co\u00fbt suppl\u00e9mentaire pour la traduction.<\/p>\n<div>\n<h2>Agence de traduction Baltic Media<sup>\u00ae<\/sup> en Europe du Nord<\/h2>\n<p>L\u2019agence de traduction nordique et balte Baltic Media<sup>\u00ae<\/sup> est \u00e0 la pointe de la traduction num\u00e9rique en Europe du Nord, sp\u00e9cialiste des langues d\u2019Europe du Nord (que ces derni\u00e8res soient scandinaves, baltes ou slaves) dans le cadre de services de traduction depuis\/ vers le su\u00e9dois, le finnois, le danois, l\u2019islandais, le f\u00e9ro\u00efen, le norv\u00e9gien, l\u2019allemand, l\u2019anglais, le polonais, le russe, le letton, le lituanien et l\u2019estonien.<\/p>\n<p>En tant que prestataire de services linguistiques certifi\u00e9 ISO, l\u2019agence de traduction Baltic Media<sup>\u00ae<\/sup> assure un service de traduction effectu\u00e9 par des professionnels aupr\u00e8s de clients issus du monde de l\u2019entreprise, du secteur priv\u00e9 ou du secteur public.<\/p>\n<h2>R\u00e9f\u00e9rences clients<\/h2>\n<p>Quelques-uns de nos derniers projets dans les pays nordiques :<\/p>\n<p>Sites de commerce \u00e9lectronique de Headbrands en finnois, danois et norv\u00e9gien. HeadBrands est un grossiste nordique sp\u00e9cialis\u00e9 dans la coiffure.<\/p>\n<p>Traduction du su\u00e9dois.<\/p>\n<p><strong><a href=\"https:\/\/www.weleda.se\/\" rel=\"nofollow noopener\" target=\"_blank\">Weleda.se<\/a><\/strong> Weleda est l'entreprise la plus importante et la plus durable au monde dans le domaine des soins naturels de la peau et est aujourd'hui repr\u00e9sent\u00e9e dans plus de 50 pays. Traduction dans les langues nordiques.<\/p>\n<\/div>\n<h3><a href=\"\/fr\/a-propos-de-nous\/pourquoi-choisir-baltic-media\/\">Pourquoi choisir le service de traduction Nordique-Baltique de l\u2019Agence Baltic Media<sup>\u00ae<\/sup> ?<\/a><\/h3>\n<h3><a href=\"\/fr\/tarifs\/\">Comment r\u00e9duire les co\u00fbts de traduction sans perdre en qualit\u00e9 ?<\/a><\/h3>\n<h3><a href=\"\/fr\/a-propos-de-nous\/traduction-humaine\/\">Pourquoi recourir aux services de traduction assur\u00e9s par des professionnels ?<\/a><\/h3>\n<h3><a href=\"https:\/\/www.balticmedia.com\/fr\/services-de-traduction-mondiaux\/traduction-automatique\/\">Traduisez avec Google, Bing, Microsoft, Tilde, Yandex et laissez-nous nous charger de la correction !<\/a><\/h3>\n<h3><a href=\"https:\/\/www.balticmedia.com\/fr\/demande-de-prix\/\">Devis gratuit<\/a><\/h3>\n<h3><a href=\"https:\/\/www.balticmedia.com\/fr\/demande-de-renseignement\/\">Demande de renseignements<\/a><\/h3>\n<h3><a href=\"mailto:info@balticmedia.com\">Courriel<\/a><\/h3>\n<p><iframe loading=\"lazy\" title=\"YouTube video player\" src=\"https:\/\/www.youtube.com\/embed\/hif6lbJHCNA\" width=\"892\" height=\"360\" frameborder=\"0\" allowfullscreen=\"allowfullscreen\"><\/iframe><\/p>\n<\/div>\n<\/div><\/div><\/div><\/div><\/div>","protected":false},"excerpt":{"rendered":"<p>SEO Services de traduction Services de traduction SEO (Search Engine Optimization) L&rsquo;agence de traduction Baltic Media\u00ae Nordic-Baltic offre \u00e0 ses clients : La r\u00e9daction de contenu int\u00e9grant des mots-cl\u00e9s selon les principes du r\u00e9f\u00e9rencement; Traduction SEO : La traduction SEO n&rsquo;est pas une traduction directe. Vous devez faire des recherches dans chaque pays pour savoir [&hellip;]<\/p>\n","protected":false},"author":2,"featured_media":131095,"parent":13657,"menu_order":0,"comment_status":"closed","ping_status":"closed","template":"","meta":{"ocean_post_layout":"","ocean_both_sidebars_style":"","ocean_both_sidebars_content_width":0,"ocean_both_sidebars_sidebars_width":0,"ocean_sidebar":"0","ocean_second_sidebar":"0","ocean_disable_margins":"enable","ocean_add_body_class":"","ocean_shortcode_before_top_bar":"","ocean_shortcode_after_top_bar":"","ocean_shortcode_before_header":"","ocean_shortcode_after_header":"","ocean_has_shortcode":"","ocean_shortcode_after_title":"","ocean_shortcode_before_footer_widgets":"","ocean_shortcode_after_footer_widgets":"","ocean_shortcode_before_footer_bottom":"","ocean_shortcode_after_footer_bottom":"","ocean_display_top_bar":"default","ocean_display_header":"default","ocean_header_style":"","ocean_center_header_left_menu":"0","ocean_custom_header_template":"0","ocean_custom_logo":0,"ocean_custom_retina_logo":0,"ocean_custom_logo_max_width":0,"ocean_custom_logo_tablet_max_width":0,"ocean_custom_logo_mobile_max_width":0,"ocean_custom_logo_max_height":0,"ocean_custom_logo_tablet_max_height":0,"ocean_custom_logo_mobile_max_height":0,"ocean_header_custom_menu":"0","ocean_menu_typo_font_family":"0","ocean_menu_typo_font_subset":"","ocean_menu_typo_font_size":0,"ocean_menu_typo_font_size_tablet":0,"ocean_menu_typo_font_size_mobile":0,"ocean_menu_typo_font_size_unit":"px","ocean_menu_typo_font_weight":"","ocean_menu_typo_font_weight_tablet":"","ocean_menu_typo_font_weight_mobile":"","ocean_menu_typo_transform":"","ocean_menu_typo_transform_tablet":"","ocean_menu_typo_transform_mobile":"","ocean_menu_typo_line_height":0,"ocean_menu_typo_line_height_tablet":0,"ocean_menu_typo_line_height_mobile":0,"ocean_menu_typo_line_height_unit":"","ocean_menu_typo_spacing":0,"ocean_menu_typo_spacing_tablet":0,"ocean_menu_typo_spacing_mobile":0,"ocean_menu_typo_spacing_unit":"","ocean_menu_link_color":"","ocean_menu_link_color_hover":"","ocean_menu_link_color_active":"","ocean_menu_link_background":"","ocean_menu_link_hover_background":"","ocean_menu_link_active_background":"","ocean_menu_social_links_bg":"","ocean_menu_social_hover_links_bg":"","ocean_menu_social_links_color":"","ocean_menu_social_hover_links_color":"","ocean_disable_title":"default","ocean_disable_heading":"default","ocean_post_title":"","ocean_post_subheading":"","ocean_post_title_style":"","ocean_post_title_background_color":"","ocean_post_title_background":0,"ocean_post_title_bg_image_position":"","ocean_post_title_bg_image_attachment":"","ocean_post_title_bg_image_repeat":"","ocean_post_title_bg_image_size":"","ocean_post_title_height":0,"ocean_post_title_bg_overlay":0.5,"ocean_post_title_bg_overlay_color":"","ocean_disable_breadcrumbs":"default","ocean_breadcrumbs_color":"","ocean_breadcrumbs_separator_color":"","ocean_breadcrumbs_links_color":"","ocean_breadcrumbs_links_hover_color":"","ocean_display_footer_widgets":"default","ocean_display_footer_bottom":"default","ocean_custom_footer_template":"0","ofc_meta_disable_footer_callout":"","ofc_meta_callout_button_url":"","ofc_meta_callout_button_txt":"","ofc_meta_callout_text":"","osh_disable_topbar_sticky":"default","osh_disable_header_sticky":"default","osh_sticky_header_style":"default","osh_sticky_header_effect":"","osh_custom_sticky_logo":0,"osh_custom_retina_sticky_logo":0,"osh_custom_sticky_logo_height":0,"osh_background_color":"","osh_links_color":"","osh_links_hover_color":"","osh_links_active_color":"","osh_links_bg_color":"","osh_links_hover_bg_color":"","osh_links_active_bg_color":"","osh_menu_social_links_color":"","osh_menu_social_hover_links_color":"","footnotes":""},"class_list":["post-16288","page","type-page","status-publish","has-post-thumbnail","hentry","entry","has-media"],"jetpack_sharing_enabled":true,"jetpack_likes_enabled":true,"jetpack-related-posts":[],"jetpack_shortlink":"https:\/\/wp.me\/Pe7Cu3-4eI","_links":{"self":[{"href":"https:\/\/www.balticmedia.com\/fr\/wp-json\/wp\/v2\/pages\/16288","targetHints":{"allow":["GET"]}}],"collection":[{"href":"https:\/\/www.balticmedia.com\/fr\/wp-json\/wp\/v2\/pages"}],"about":[{"href":"https:\/\/www.balticmedia.com\/fr\/wp-json\/wp\/v2\/types\/page"}],"author":[{"embeddable":true,"href":"https:\/\/www.balticmedia.com\/fr\/wp-json\/wp\/v2\/users\/2"}],"replies":[{"embeddable":true,"href":"https:\/\/www.balticmedia.com\/fr\/wp-json\/wp\/v2\/comments?post=16288"}],"version-history":[{"count":8,"href":"https:\/\/www.balticmedia.com\/fr\/wp-json\/wp\/v2\/pages\/16288\/revisions"}],"predecessor-version":[{"id":139990,"href":"https:\/\/www.balticmedia.com\/fr\/wp-json\/wp\/v2\/pages\/16288\/revisions\/139990"}],"up":[{"embeddable":true,"href":"https:\/\/www.balticmedia.com\/fr\/wp-json\/wp\/v2\/pages\/13657"}],"wp:featuredmedia":[{"embeddable":true,"href":"https:\/\/www.balticmedia.com\/fr\/wp-json\/wp\/v2\/media\/131095"}],"wp:attachment":[{"href":"https:\/\/www.balticmedia.com\/fr\/wp-json\/wp\/v2\/media?parent=16288"}],"curies":[{"name":"wp","href":"https:\/\/api.w.org\/{rel}","templated":true}]}}