{"id":16184,"date":"2021-01-15T16:44:04","date_gmt":"2021-01-15T14:44:04","guid":{"rendered":"https:\/\/www.balticmedia.com\/hinta\/"},"modified":"2025-09-29T11:04:56","modified_gmt":"2025-09-29T08:04:56","slug":"tarifs-de-traduction","status":"publish","type":"page","link":"https:\/\/www.balticmedia.com\/fr\/tarifs-de-traduction\/","title":{"rendered":"Tarifs de traduction"},"content":{"rendered":"<div id=\"pl-16184\"  class=\"panel-layout\" ><div id=\"pg-16184-0\"  class=\"panel-grid panel-no-style\" ><div id=\"pgc-16184-0-0\"  class=\"panel-grid-cell\" ><div id=\"panel-16184-0-0-0\" class=\"so-panel widget widget_sow-image panel-first-child panel-last-child widgetopts-SO\" data-index=\"0\" ><div\n\t\t\t\n\t\t\tclass=\"so-widget-sow-image so-widget-sow-image-default-8b5b6f678277-16184\"\n\t\t\t\n\t\t>\n<div class=\"sow-image-container\">\n\t\t<img src=\"https:\/\/i0.wp.com\/www.balticmedia.com\/wp-content\/uploads\/4price_and_quality-scaled.jpg?fit=2560%2C549&amp;ssl=1\" width=\"2560\" height=\"549\" srcset=\"https:\/\/i0.wp.com\/www.balticmedia.com\/wp-content\/uploads\/4price_and_quality-scaled.jpg?w=2560&amp;ssl=1 2560w, https:\/\/i0.wp.com\/www.balticmedia.com\/wp-content\/uploads\/4price_and_quality-scaled.jpg?resize=300%2C64&amp;ssl=1 300w, https:\/\/i0.wp.com\/www.balticmedia.com\/wp-content\/uploads\/4price_and_quality-scaled.jpg?resize=1024%2C219&amp;ssl=1 1024w, https:\/\/i0.wp.com\/www.balticmedia.com\/wp-content\/uploads\/4price_and_quality-scaled.jpg?resize=768%2C165&amp;ssl=1 768w, https:\/\/i0.wp.com\/www.balticmedia.com\/wp-content\/uploads\/4price_and_quality-scaled.jpg?resize=1536%2C329&amp;ssl=1 1536w, https:\/\/i0.wp.com\/www.balticmedia.com\/wp-content\/uploads\/4price_and_quality-scaled.jpg?resize=2048%2C439&amp;ssl=1 2048w, https:\/\/i0.wp.com\/www.balticmedia.com\/wp-content\/uploads\/4price_and_quality-scaled.jpg?w=2400&amp;ssl=1 2400w\" title=\"Tarifs de traduction\" alt=\"Tarifs de traduction\" class=\"so-widget-image\">\n\t<\/div>\n\n<\/div><\/div><\/div><\/div><div id=\"pg-16184-1\"  class=\"panel-grid panel-no-style\" ><div id=\"pgc-16184-1-0\"  class=\"panel-grid-cell\" ><div id=\"panel-16184-1-0-0\" class=\"so-panel widget widget_sow-editor panel-first-child extendedwopts-hide extendedwopts-tablet extendedwopts-mobile widgetopts-SO\" data-index=\"1\" ><div\n\t\t\t\n\t\t\tclass=\"so-widget-sow-editor so-widget-sow-editor-base\"\n\t\t\t\n\t\t>\n<div class=\"siteorigin-widget-tinymce textwidget\">\n\t<pre><form aria-label=\"Search this website\" role=\"search\" method=\"get\" class=\"oceanwp-searchform\" id=\"searchform\" action=\"https:\/\/www.balticmedia.com\/fr\/\"><input aria-label=\"Ins\u00e9rer une requ\u00eate de recherche\" type=\"text\" class=\"field\" name=\"s\" id=\"s\" placeholder=\"Rechercher\"><button aria-label=\"Envoyer la recherche\" type=\"submit\" class=\"search-submit\" value=\"\"><i class=\"icon-magnifier\" aria-hidden=\"true\"><\/i><\/button><\/form><\/pre>\n<\/div>\n<\/div><\/div><div id=\"panel-16184-1-0-1\" class=\"so-panel widget widget_ocean_custom_menu widget-oceanwp-custom-menu custom-menu-widget extendedwopts-hide extendedwopts-tablet extendedwopts-mobile widgetopts-SO\" data-index=\"2\" ><div class=\"oceanwp-custom-menu clr ocean_custom_menu-2 left dropdown-hover\"><ul id=\"menu-prices-fr\" class=\"dropdown-menu sf-menu\"><li  id=\"menu-item-49519\" class=\"menu-item menu-item-type-post_type menu-item-object-page menu-item-49519\"><a href=\"https:\/\/www.balticmedia.com\/fr\/tarifs-de-traduction\/\" class=\"menu-link\">Tarifs de traduction<\/a><\/li>\n<li  id=\"menu-item-49523\" class=\"menu-item menu-item-type-post_type menu-item-object-page menu-item-49523\"><a href=\"https:\/\/www.balticmedia.com\/fr\/tarifs-de-traduction\/prix-de-la-traduction-guide\/\" class=\"menu-link\">Prix \u200b\u200bde la traduction<\/a><\/li>\n<li  id=\"menu-item-49521\" class=\"menu-item menu-item-type-post_type menu-item-object-page menu-item-49521\"><a href=\"https:\/\/www.balticmedia.com\/fr\/tarifs-de-traduction\/comment-choisir-une-agence-de-traduction\/\" class=\"menu-link\">Comment choisir une agence de traduction<\/a><\/li>\n<li  id=\"menu-item-49520\" class=\"menu-item menu-item-type-post_type menu-item-object-page menu-item-49520\"><a href=\"https:\/\/www.balticmedia.com\/fr\/tarifs-de-traduction\/qualite-des-services-de-traduction-linguistique\/\" class=\"menu-link\">Qualit\u00e9 de la traduction<\/a><\/li>\n<li  id=\"menu-item-49522\" class=\"menu-item menu-item-type-post_type menu-item-object-page menu-item-49522\"><a href=\"https:\/\/www.balticmedia.com\/fr\/tarifs-de-traduction\/nos-clients\/\" class=\"menu-link\">Nos clients<\/a><\/li>\n<li  id=\"menu-item-49524\" class=\"menu-item menu-item-type-post_type menu-item-object-page menu-item-49524\"><a href=\"https:\/\/www.balticmedia.com\/fr\/tarifs-de-traduction\/formulaire-de-reference\/\" class=\"menu-link\">Questionnaire de satisfaction client<\/a><\/li>\n<li  id=\"menu-item-49525\" class=\"menu-item menu-item-type-post_type menu-item-object-page menu-item-49525\"><a href=\"https:\/\/www.balticmedia.com\/fr\/tarifs-de-traduction\/references-du-client\/\" class=\"menu-link\">R\u00e9f\u00e9rences du client<\/a><\/li>\n<li  id=\"menu-item-101252\" class=\"menu-item menu-item-type-post_type menu-item-object-page menu-item-101252\"><a href=\"https:\/\/www.balticmedia.com\/fr\/plan-du-site\/\" class=\"menu-link\">Plan du site<\/a><\/li>\n<li  id=\"menu-item-133039\" class=\"menu-item menu-item-type-post_type menu-item-object-page menu-item-133039\"><a href=\"https:\/\/www.balticmedia.com\/fr\/services-de-traduction-litteraire\/\" class=\"menu-link\">Services de traduction litt\u00e9raire<\/a><\/li>\n<\/ul><\/div><\/div><div id=\"panel-16184-1-0-2\" class=\"so-panel widget widget_ocean_custom_menu widget-oceanwp-custom-menu custom-menu-widget panel-last-child extendedwopts-hide extendedwopts-tablet extendedwopts-mobile widgetopts-SO\" data-index=\"3\" ><div class=\"oceanwp-custom-menu clr ocean_custom_menu-2 left dropdown-hover\"><ul id=\"menu-les-partenaires\" class=\"dropdown-menu sf-menu\"><li  id=\"menu-item-14908\" class=\"menu-item menu-item-type-custom menu-item-object-custom menu-item-14908\"><a target=\"_blank\" href=\"https:\/\/balticmedia.s.xtrf.eu\/vendors\/#\/sign-in\" class=\"menu-link\" rel=\"nofollow noopener\"><i class=\"icon before line-icon icon-briefcase\" aria-hidden=\"true\" style=\"font-size:2em;\"><\/i><span class=\"menu-text\">Portail fournisseur<\/span><\/a><\/li>\n<li  id=\"menu-item-14909\" class=\"menu-item menu-item-type-custom menu-item-object-custom menu-item-14909\"><a target=\"_blank\" href=\"https:\/\/www.balticmedia.com\/wp-content\/uploads\/11-Reasons-to-Choose-Baltic-Media-2026.pdf\" class=\"menu-link\"><i class=\"icon before line-icon icon-people\" aria-hidden=\"true\" style=\"font-size:2em;\"><\/i><span class=\"menu-text\">Profil d\u2019entreprise<\/span><\/a><\/li>\n<li  id=\"menu-item-14910\" class=\"menu-item menu-item-type-custom menu-item-object-custom menu-item-14910\"><a target=\"_blank\" href=\"https:\/\/www.balticmedia.com\/wp-content\/uploads\/agence-de-traduction-fr.pdf\" class=\"menu-link\"><i class=\"icon before line-icon icon-organization\" aria-hidden=\"true\" style=\"font-size:2em;\"><\/i><span class=\"menu-text\">Processus de traduction \u00e9tape par \u00e9tape<\/span><\/a><\/li>\n<li  id=\"menu-item-14911\" class=\"menu-item menu-item-type-custom menu-item-object-custom menu-item-14911\"><a target=\"_blank\" href=\"https:\/\/www.balticmedia.com\/wp-content\/uploads\/Baltic-Media-Ltd.-Service-Terms-and-Conditions.pdf\" class=\"menu-link\"><i class=\"icon before line-icon icon-docs\" aria-hidden=\"true\" style=\"font-size:2em;\"><\/i><span class=\"menu-text\">Conditions g\u00e9n\u00e9rales de service (EN)<\/span><\/a><\/li>\n<li  id=\"menu-item-14912\" class=\"menu-item menu-item-type-custom menu-item-object-custom menu-item-14912\"><a target=\"_blank\" href=\"https:\/\/www.balticmedia.com\/wp-content\/uploads\/iSO-certificate-2023.png\" class=\"menu-link\"><i class=\"icon before line-icon icon-doc\" aria-hidden=\"true\" style=\"font-size:2em;\"><\/i><span class=\"menu-text\">ISO 9001:2015 Quality Certification<\/span><\/a><\/li>\n<li  id=\"menu-item-14913\" class=\"menu-item menu-item-type-custom menu-item-object-custom menu-item-14913\"><a target=\"_blank\" href=\"https:\/\/www.balticmedia.com\/wp-content\/uploads\/362531_copyrighttrademarkbalticmedia.pdf\" class=\"menu-link\"><i class=\"icon before line-icon icon-info\" aria-hidden=\"true\" style=\"font-size:2em;\"><\/i><span class=\"menu-text\">Copyright | Trademark Baltic Media<sup>\u00ae<\/sup><\/span><\/a><\/li>\n<\/ul><\/div><\/div><\/div><div id=\"pgc-16184-1-1\"  class=\"panel-grid-cell\" ><div id=\"panel-16184-1-1-0\" class=\"so-panel widget widget_sow-editor panel-first-child widgetopts-hide_title widgetopts-SO\" data-index=\"4\" ><div\n\t\t\t\n\t\t\tclass=\"so-widget-sow-editor so-widget-sow-editor-base\"\n\t\t\t\n\t\t><h3 class=\"widget-title\">Tarifs de traduction<\/h3>\n<div class=\"siteorigin-widget-tinymce textwidget\">\n\t<p><!-- wp:paragraph --><\/p>\n<h1><strong>Tarifs de traduction <\/strong><\/h1>\n<h2><strong>R\u00e9duire les co\u00fbts de traduction sans compromettre la qualit\u00e9 | Agence de traduction dans les pays nordiques et baltes | Baltic M\u00e9dia <\/strong><\/h2>\n<h3><strong><u>Informations pour les clients r\u00e9guliers concernant les services de traduction et de conception graphique<\/u><\/strong><\/h3>\n<p><img data-recalc-dims=\"1\" loading=\"lazy\" decoding=\"async\" class=\"alignnone\" src=\"https:\/\/i0.wp.com\/www.balticmedia.com\/images\/th\/300x277_10\/news2.jpg?resize=300%2C277&#038;ssl=1\" alt=\"Tarifs de traduction | R\u00e9duire les co\u00fbts de traduction sans compromettre la qualit\u00e9 |\" width=\"300\" height=\"277\" title=\"\"><\/p>\n<p>Nous aimerions vous informer de quelques innovations int\u00e9ressantes dans notre processus de traduction qui garantira <strong>une qualit\u00e9 et un service encore meilleurs ainsi que des prix avantageux<\/strong> pour vous, en tant que client r\u00e9gulier.<\/p>\n<ul>\n<li><strong>Nous avons introduit le syst\u00e8me de calcul des unit\u00e9s et du prix selon le nombre de mots dans le document de d\u00e9part.<\/strong>Un tel syst\u00e8me nous permet de fixer le prix final exact d\u00e8s la r\u00e9ception de la commande.<\/li>\n<\/ul>\n<p><strong>Vous trouverez ce syst\u00e8me plus avantageux du point de vue \u00e9conomique<\/strong>, \u00e9tant donn\u00e9 que nous comptons uniquement les mots (en excluant les signes de ponctuation) et \u00e9tablissons un prix final plus pr\u00e9cis.<\/p>\n<p>Nous utilisons des outils de TAO (traduction assist\u00e9e par ordinateur) pour traduire votre contenu afin de vous fournir la meilleure solution de traduction possible, \u00e0 la fois rentable et de qualit\u00e9.<\/p>\n<p>Les hommes et les femmes qui travaillent pour nous utilisent des outils TAO (traduction assist\u00e9e par ordinateur) qui permettent de cr\u00e9er une m\u00e9moire de traduction. Ils utilisent aussi des logiciels d\u2019\u00e9dition de texte, des guides stylistiques et des glossaires pour assurer une coh\u00e9rence terminologique.<\/p>\n<p>Les outils de TAO nous permettent d\u2019analyser vos textes pour trouver les parties du texte qui ont d\u00e9j\u00e0 \u00e9t\u00e9 traduites. Pour diminuer le co\u00fbt et augmenter la vitesse du processus de traduction, nous utilisons une m\u00e9moire de traduction qui am\u00e9liore la coh\u00e9rence du style et de la terminologie. Les technologies de TAO r\u00e9duisent les d\u00e9lais.<\/p>\n<p>Nous conservons la m\u00e9moire de vos traductions pour \u00e9viter de refaire un travail d\u00e9j\u00e0 r\u00e9alis\u00e9. Les m\u00e9moires de traduction vous permettent de r\u00e9aliser des \u00e9conomies sur l\u2019ensemble de vos documents et projets.<\/p>\n<p><img data-recalc-dims=\"1\" loading=\"lazy\" decoding=\"async\" class=\"alignnone wp-image-132068 size-medium\" src=\"https:\/\/i0.wp.com\/www.balticmedia.com\/wp-content\/uploads\/price-translation.jpg?resize=300%2C296&#038;ssl=1\" alt=\"Tarifs de traduction | R\u00e9duire les co\u00fbts de traduction sans compromettre la qualit\u00e9 \" width=\"300\" height=\"296\" srcset=\"https:\/\/i0.wp.com\/www.balticmedia.com\/wp-content\/uploads\/price-translation-e1759332952955.jpg?resize=300%2C296&amp;ssl=1 300w, https:\/\/i0.wp.com\/www.balticmedia.com\/wp-content\/uploads\/price-translation-e1759332952955.jpg?resize=1024%2C1011&amp;ssl=1 1024w, https:\/\/i0.wp.com\/www.balticmedia.com\/wp-content\/uploads\/price-translation-e1759332952955.jpg?resize=768%2C758&amp;ssl=1 768w, https:\/\/i0.wp.com\/www.balticmedia.com\/wp-content\/uploads\/price-translation-e1759332952955.jpg?w=1037&amp;ssl=1 1037w\" sizes=\"auto, (max-width: 300px) 100vw, 300px\" title=\"\"><\/p>\n<p>&nbsp;<\/p>\n<p><strong>Vous pouvez \u00e9conomiser jusqu\u2019\u00e0 70 %.<\/strong><\/p>\n<p>Veuillez noter qu\u2019une m\u00e9moire de traduction et les outils de TAO ne sont pas similaires \u00e0 la <strong><a href=\"https:\/\/fr.balticmedia.com\/traduction-automatise\" rel=\"nofollow noopener\" target=\"_blank\">\u00ab traduction machine \u00bb<\/a><\/strong> sans intervention humaine (Google, etc.).<\/p>\n<p><strong>Offre suppl\u00e9mentaire pour les clients r\u00e9guliers :<br \/>\nPlus vous commandez, moins vous payez :<\/strong><\/p>\n<ol>\n<li><strong>10% de r\u00e9duction<\/strong>s le nombre de mots par mois\/par langue d\u00e9passe 20 000.<\/li>\n<li>Les clients r\u00e9guliers paient un <strong>suppl\u00e9ment de 50% pour le service express avec livraison dans les 24 heures<\/strong> (les autres paient 100%).<\/li>\n<li>Vous pouvez choisir de recevoir une base de donn\u00e9es terminologique comme bonus.<\/li>\n<li><strong>Vous ne devez pas payer de suppl\u00e9ment de 10%-50%<\/strong>si vous nous envoyez exclusivement des fichiers en MS Word, puisque la traduction d'autres types de fichiers et les traductions sur support papier co\u00fbtent 10%-50% en plus.<\/li>\n<\/ol>\n<p><strong>Nous offrons gratuitement la v\u00e9rification locale de la terminologie de la traduction :<\/strong> Une telle coop\u00e9ration inclut les activit\u00e9s suivantes :<\/p>\n<ol>\n<li>Nous traduisons \u00e0 l\u2019aide des programmes de traduction <em>Trados Studio <\/em>et nous cr\u00e9ons des fichiers de m\u00e9moire de traduction (MT).<\/li>\n<li>Aux fins de v\u00e9rification, nous vous envoyons, \u00e0 vous ou votre agence \u00e0 l'\u00e9tranger, les fichiers traduits.<\/li>\n<li>Vous, ou votre bureau \u00e0 l'\u00e9tranger, nous enverrez les fichiers avec des corrections, amendements, etc. sous la forme de <em>suivi des modifications<\/em>.<\/li>\n<li>Baltic Media fait des changements dans les fichiers et dans la MT pour garantir qu\u2019\u00e0 l'avenir la terminologie est consistante.<\/li>\n<li>Les fichiers Word finis sont livr\u00e9s au client.<\/li>\n<li>Pour la prochaine traduction, nous utilisons la MT de notre base de donn\u00e9es pour garantir ainsi la terminologie et le style consistants approuv\u00e9s par le client.<\/li>\n<\/ol>\n<h2><strong>Plus grandes possibilit\u00e9s, plus grandes garanties<\/strong><\/h2>\n<ol>\n<li>Nous travaillons depuis une ann\u00e9e d\u00e9j\u00e0 conform\u00e9ment au <strong>syst\u00e8me de gestion de la qualit\u00e9 ISO 9001:2015<\/strong>, ce qui nous a permis d\u2019am\u00e9liorer la coordination des projets et la proc\u00e9dure de s\u00e9lection des fournisseurs. Baltic Media a son propre syst\u00e8me d\u2019<strong>\u00e9valuation des traducteurs<\/strong>. Crit\u00e8res : formation linguistique, au moins 5 ans d\u2019exp\u00e9rience dans la traduction, r\u00e9f\u00e9rences d\u2019autres clients, tests de traduction.<\/li>\n<li>Notre base de donn\u00e9es des fournisseurs contient les noms de plus de <strong>2500 traducteurs<\/strong>, sp\u00e9cialistes linguistes et graphistes.<\/li>\n<li>Chaque traduction passe par <strong>trois \u00e9tapes<\/strong> :<strong> traduction, r\u00e9vision et correction.<\/strong><\/li>\n<li>Les traducteurs travaillent avec les programmes de traduction <em>Trados Studio<\/em> qui garantissent que la <strong>terminologie est constante<\/strong>.<\/li>\n<li>La protection, le stockage et la confidentialit\u00e9 des donn\u00e9es sont notre responsabilit\u00e9. Les traductions finies sont sauvegard\u00e9es sur le serveur. <strong>Si vous perdez votre traduction, nous la trouverons dans nos archives \u00e9lectroniques.<\/strong><\/li>\n<li>Des gestionnaires de projets bien form\u00e9s, comp\u00e9tents et tourn\u00e9s vers le service, qui am\u00e9liorent constamment leurs qualifications en gestion de projets multilingues.<\/li>\n<li><strong>Assurance responsabilit\u00e9 civile contre les possibles erreurs de traduction \u2013 <\/strong>la compagnie d'assurance indemnisera la perte du client. Un tel cas ne s\u2019est jamais produit dans les 22 ann\u00e9es d\u2019existence de Baltic Media. Il s'agit tout de m\u00eame d'une garantie suppl\u00e9mentaire pour le client.<\/li>\n<li>Nous travaillons au monde entier et avons 22 ans d\u2019exp\u00e9rience professionnelle internationale, \u00e9tant donn\u00e9 que nous avons des clients et des traducteurs sur tous les continents.<\/li>\n<li>Services additionnels :<strong> mise en page des traductions, pr\u00e9paration des originaux pour impression. <\/strong>Quand vous nous remettez un texte pour traduction, vous pouvez choisir de recevoir la mise en page pr\u00eate pour l'impression. Le service de mise en page (PAO - publication assist\u00e9e par ordinateur) est fourni contre paiement additionnel, <strong>qui sera moins cher que chez les entreprises de publicit\u00e9.<\/strong><\/li>\n<\/ol>\n<p><strong>En nous choisissant, vous achetez un meilleur produit, vous recevez une plus grande garantie de qualit\u00e9, vous \u00e9conomisez du temps et vous nous laissez coordonner les choses \u00e0 votre place.<\/strong><\/p>\n<p><strong>Vous \u00e9conomiserez de l\u2019argent !<\/strong><\/p>\n<p>Si vous avez des questions, nous serons ravis d'y r\u00e9pondre.<\/p>\n<h3><a href=\"\/fr\/a-propos-de-nous\/pourquoi-choisir-baltic-media\/\">Pourquoi choisir le service de traduction Nordique-Baltique de l\u2019Agence Baltic Media<sup>\u00ae<\/sup> ?<\/a><\/h3>\n<h3><a href=\"\/fr\/tarifs\/\">Comment r\u00e9duire les co\u00fbts de traduction sans perdre en qualit\u00e9 ?<\/a><\/h3>\n<h3><a href=\"\/fr\/a-propos-de-nous\/traduction-humaine\/\">Pourquoi recourir aux services de traduction assur\u00e9s par des professionnels ?<\/a><\/h3>\n<h3><a href=\"https:\/\/www.balticmedia.com\/fr\/services-de-traduction-mondiaux\/traduction-automatique\/\">Traduisez avec Google, Bing, Microsoft, Tilde, Yandex et laissez-nous nous charger de la correction !<\/a><\/h3>\n<h3><a href=\"https:\/\/www.balticmedia.com\/fr\/demande-de-prix\/\">Devis gratuit<\/a><\/h3>\n<h3><a href=\"https:\/\/www.balticmedia.com\/fr\/demande-de-renseignement\/\">Demande de renseignements<\/a><\/h3>\n<h3><a href=\"mailto:info@balticmedia.com\">Courriel<\/a><\/h3>\n<p><!-- \/wp:paragraph --><\/p>\n<\/div>\n<\/div><\/div><div id=\"panel-16184-1-1-1\" class=\"so-panel widget widget_sow-image-grid extendedwopts-md-left widgetopts-SO\" data-index=\"5\" ><div\n\t\t\t\n\t\t\tclass=\"so-widget-sow-image-grid so-widget-sow-image-grid-default-3fbf13dff59f-16184\"\n\t\t\t\n\t\t>\t<div\n\t\tclass=\"sow-image-grid-wrapper\"\n\t\t\t\t\t>\n\t\t\t\t\t<div class=\"sow-image-grid-image\">\n\t\t\t\t\t\t\t\t\t\t\t\t<img loading=\"lazy\" decoding=\"async\" width=\"300\" height=\"120\" src=\"https:\/\/i0.wp.com\/www.balticmedia.com\/wp-content\/uploads\/logo_ar_globusu_stillbild_garena.png?fit=300%2C120&amp;ssl=1\" class=\"sow-image-grid-image_html\" alt=\"Baltic Media&lt;sup&gt;\u00ae&lt;\/sup&gt;&quot;\" title=\"\">\t\t\t\t\t\t\t\t\t\t\t<\/div>\n\t\t\t\t\t<div class=\"sow-image-grid-image\">\n\t\t\t\t\t\t\t\t\t\t\t\t<img loading=\"lazy\" decoding=\"async\" width=\"300\" height=\"82\" src=\"https:\/\/i0.wp.com\/www.balticmedia.com\/wp-content\/uploads\/BM-logo-328x90-web-2-e1732657723740.jpg?fit=300%2C82&amp;ssl=1\" class=\"sow-image-grid-image_html\" alt=\"\" title=\"technical translation services\">\t\t\t\t\t\t\t\t\t\t\t<\/div>\n\t\t\t<\/div>\n<\/div><\/div><div id=\"panel-16184-1-1-2\" class=\"so-panel widget widget_sow-editor panel-last-child widgetopts-SO\" data-index=\"6\" ><div\n\t\t\t\n\t\t\tclass=\"so-widget-sow-editor so-widget-sow-editor-base\"\n\t\t\t\n\t\t>\n<div class=\"siteorigin-widget-tinymce textwidget\">\n\t<h2>Agence de traduction Baltic Media<sup>\u00ae<\/sup> en Europe du Nord<\/h2>\n<p>L\u2019agence de traduction nordique et balte Baltic Media<sup>\u00ae<\/sup> est \u00e0 la pointe de la traduction num\u00e9rique en Europe du Nord, sp\u00e9cialiste des langues d\u2019Europe du Nord (que ces derni\u00e8res soient scandinaves, baltes ou slaves) dans le cadre de services de traduction depuis\/ vers le su\u00e9dois, le finnois, le danois, l\u2019islandais, le f\u00e9ro\u00efen, le norv\u00e9gien, l\u2019allemand, l\u2019anglais, le polonais, le russe, le letton, le lituanien et l\u2019estonien.<\/p>\n<p>En tant que prestataire de services linguistiques certifi\u00e9 ISO, l\u2019agence de traduction Baltic Media<sup>\u00ae<\/sup> assure un service de traduction effectu\u00e9 par des professionnels aupr\u00e8s de clients issus du monde de l\u2019entreprise, du secteur priv\u00e9 ou du secteur public.<\/p>\n<\/div>\n<\/div><\/div><\/div><\/div><\/div>","protected":false},"excerpt":{"rendered":"<p>Tarifs de traduction R\u00e9duire les co\u00fbts de traduction sans compromettre la qualit\u00e9 | Agence de traduction dans les pays nordiques et baltes | Baltic M\u00e9dia Informations pour les clients r\u00e9guliers concernant les services de traduction et de conception graphique Nous aimerions vous informer de quelques innovations int\u00e9ressantes dans notre processus de traduction qui garantira une [&hellip;]<\/p>\n","protected":false},"author":2,"featured_media":132475,"parent":0,"menu_order":0,"comment_status":"closed","ping_status":"closed","template":"","meta":{"ocean_post_layout":"","ocean_both_sidebars_style":"","ocean_both_sidebars_content_width":0,"ocean_both_sidebars_sidebars_width":0,"ocean_sidebar":"0","ocean_second_sidebar":"0","ocean_disable_margins":"enable","ocean_add_body_class":"","ocean_shortcode_before_top_bar":"","ocean_shortcode_after_top_bar":"","ocean_shortcode_before_header":"","ocean_shortcode_after_header":"","ocean_has_shortcode":"","ocean_shortcode_after_title":"","ocean_shortcode_before_footer_widgets":"","ocean_shortcode_after_footer_widgets":"","ocean_shortcode_before_footer_bottom":"","ocean_shortcode_after_footer_bottom":"","ocean_display_top_bar":"default","ocean_display_header":"default","ocean_header_style":"","ocean_center_header_left_menu":"0","ocean_custom_header_template":"0","ocean_custom_logo":0,"ocean_custom_retina_logo":0,"ocean_custom_logo_max_width":0,"ocean_custom_logo_tablet_max_width":0,"ocean_custom_logo_mobile_max_width":0,"ocean_custom_logo_max_height":0,"ocean_custom_logo_tablet_max_height":0,"ocean_custom_logo_mobile_max_height":0,"ocean_header_custom_menu":"0","ocean_menu_typo_font_family":"0","ocean_menu_typo_font_subset":"","ocean_menu_typo_font_size":0,"ocean_menu_typo_font_size_tablet":0,"ocean_menu_typo_font_size_mobile":0,"ocean_menu_typo_font_size_unit":"px","ocean_menu_typo_font_weight":"","ocean_menu_typo_font_weight_tablet":"","ocean_menu_typo_font_weight_mobile":"","ocean_menu_typo_transform":"","ocean_menu_typo_transform_tablet":"","ocean_menu_typo_transform_mobile":"","ocean_menu_typo_line_height":0,"ocean_menu_typo_line_height_tablet":0,"ocean_menu_typo_line_height_mobile":0,"ocean_menu_typo_line_height_unit":"","ocean_menu_typo_spacing":0,"ocean_menu_typo_spacing_tablet":0,"ocean_menu_typo_spacing_mobile":0,"ocean_menu_typo_spacing_unit":"","ocean_menu_link_color":"","ocean_menu_link_color_hover":"","ocean_menu_link_color_active":"","ocean_menu_link_background":"","ocean_menu_link_hover_background":"","ocean_menu_link_active_background":"","ocean_menu_social_links_bg":"","ocean_menu_social_hover_links_bg":"","ocean_menu_social_links_color":"","ocean_menu_social_hover_links_color":"","ocean_disable_title":"default","ocean_disable_heading":"default","ocean_post_title":"","ocean_post_subheading":"","ocean_post_title_style":"","ocean_post_title_background_color":"","ocean_post_title_background":0,"ocean_post_title_bg_image_position":"","ocean_post_title_bg_image_attachment":"","ocean_post_title_bg_image_repeat":"","ocean_post_title_bg_image_size":"","ocean_post_title_height":0,"ocean_post_title_bg_overlay":0.5,"ocean_post_title_bg_overlay_color":"","ocean_disable_breadcrumbs":"default","ocean_breadcrumbs_color":"","ocean_breadcrumbs_separator_color":"","ocean_breadcrumbs_links_color":"","ocean_breadcrumbs_links_hover_color":"","ocean_display_footer_widgets":"default","ocean_display_footer_bottom":"default","ocean_custom_footer_template":"0","ofc_meta_disable_footer_callout":"","ofc_meta_callout_button_url":"","ofc_meta_callout_button_txt":"","ofc_meta_callout_text":"","osh_disable_topbar_sticky":"default","osh_disable_header_sticky":"default","osh_sticky_header_style":"default","osh_sticky_header_effect":"","osh_custom_sticky_logo":0,"osh_custom_retina_sticky_logo":0,"osh_custom_sticky_logo_height":0,"osh_background_color":"","osh_links_color":"","osh_links_hover_color":"","osh_links_active_color":"","osh_links_bg_color":"","osh_links_hover_bg_color":"","osh_links_active_bg_color":"","osh_menu_social_links_color":"","osh_menu_social_hover_links_color":"","footnotes":""},"class_list":["post-16184","page","type-page","status-publish","has-post-thumbnail","hentry","entry","has-media"],"jetpack_sharing_enabled":true,"jetpack_likes_enabled":true,"jetpack-related-posts":[],"jetpack_shortlink":"https:\/\/wp.me\/Pe7Cu3-4d2","_links":{"self":[{"href":"https:\/\/www.balticmedia.com\/fr\/wp-json\/wp\/v2\/pages\/16184","targetHints":{"allow":["GET"]}}],"collection":[{"href":"https:\/\/www.balticmedia.com\/fr\/wp-json\/wp\/v2\/pages"}],"about":[{"href":"https:\/\/www.balticmedia.com\/fr\/wp-json\/wp\/v2\/types\/page"}],"author":[{"embeddable":true,"href":"https:\/\/www.balticmedia.com\/fr\/wp-json\/wp\/v2\/users\/2"}],"replies":[{"embeddable":true,"href":"https:\/\/www.balticmedia.com\/fr\/wp-json\/wp\/v2\/comments?post=16184"}],"version-history":[{"count":15,"href":"https:\/\/www.balticmedia.com\/fr\/wp-json\/wp\/v2\/pages\/16184\/revisions"}],"predecessor-version":[{"id":139105,"href":"https:\/\/www.balticmedia.com\/fr\/wp-json\/wp\/v2\/pages\/16184\/revisions\/139105"}],"wp:featuredmedia":[{"embeddable":true,"href":"https:\/\/www.balticmedia.com\/fr\/wp-json\/wp\/v2\/media\/132475"}],"wp:attachment":[{"href":"https:\/\/www.balticmedia.com\/fr\/wp-json\/wp\/v2\/media?parent=16184"}],"curies":[{"name":"wp","href":"https:\/\/api.w.org\/{rel}","templated":true}]}}