{"id":12054,"date":"2021-01-13T16:07:09","date_gmt":"2021-01-13T14:07:09","guid":{"rendered":"https:\/\/wp.balticmedia.dev.telia.lv\/contactanos\/"},"modified":"2025-02-16T15:57:18","modified_gmt":"2025-02-16T13:57:18","slug":"contact","status":"publish","type":"page","link":"https:\/\/www.balticmedia.com\/fr\/contact\/","title":{"rendered":"Contact"},"content":{"rendered":"<div id=\"pl-12054\"  class=\"panel-layout\" ><div id=\"pg-12054-0\"  class=\"panel-grid panel-no-style\" ><div id=\"pgc-12054-0-0\"  class=\"panel-grid-cell\" ><div id=\"panel-12054-0-0-0\" class=\"so-panel widget widget_sow-image panel-first-child panel-last-child widgetopts-SO\" data-index=\"0\" ><div\n\t\t\t\n\t\t\tclass=\"so-widget-sow-image so-widget-sow-image-default-8b5b6f678277-12054\"\n\t\t\t\n\t\t>\n<div class=\"sow-image-container\">\n\t\t<img src=\"https:\/\/i0.wp.com\/www.balticmedia.com\/wp-content\/uploads\/4price_and_quality-scaled-1.jpg?fit=2560%2C549&amp;ssl=1\" width=\"2560\" height=\"549\" srcset=\"https:\/\/i0.wp.com\/www.balticmedia.com\/wp-content\/uploads\/4price_and_quality-scaled-1.jpg?w=2560&amp;ssl=1 2560w, https:\/\/i0.wp.com\/www.balticmedia.com\/wp-content\/uploads\/4price_and_quality-scaled-1.jpg?resize=300%2C64&amp;ssl=1 300w, https:\/\/i0.wp.com\/www.balticmedia.com\/wp-content\/uploads\/4price_and_quality-scaled-1.jpg?resize=1024%2C220&amp;ssl=1 1024w, https:\/\/i0.wp.com\/www.balticmedia.com\/wp-content\/uploads\/4price_and_quality-scaled-1.jpg?resize=768%2C165&amp;ssl=1 768w, https:\/\/i0.wp.com\/www.balticmedia.com\/wp-content\/uploads\/4price_and_quality-scaled-1.jpg?resize=1536%2C329&amp;ssl=1 1536w, https:\/\/i0.wp.com\/www.balticmedia.com\/wp-content\/uploads\/4price_and_quality-scaled-1.jpg?resize=2048%2C439&amp;ssl=1 2048w, https:\/\/i0.wp.com\/www.balticmedia.com\/wp-content\/uploads\/4price_and_quality-scaled-1.jpg?w=2400&amp;ssl=1 2400w\" title=\"Contact\" alt=\"Contact\" class=\"so-widget-image\">\n\t<\/div>\n\n<\/div><\/div><\/div><\/div><div id=\"pg-12054-1\"  class=\"panel-grid panel-no-style\" ><div id=\"pgc-12054-1-0\"  class=\"panel-grid-cell\" ><div id=\"panel-12054-1-0-0\" class=\"so-panel widget widget_sow-editor panel-first-child extendedwopts-hide extendedwopts-mobile widgetopts-SO\" data-index=\"1\" ><div\n\t\t\t\n\t\t\tclass=\"so-widget-sow-editor so-widget-sow-editor-base\"\n\t\t\t\n\t\t>\n<div class=\"siteorigin-widget-tinymce textwidget\">\n\t<pre><form aria-label=\"Search this website\" role=\"search\" method=\"get\" class=\"oceanwp-searchform\" id=\"searchform\" action=\"https:\/\/www.balticmedia.com\/fr\/\"><input aria-label=\"Ins\u00e9rer une requ\u00eate de recherche\" type=\"text\" class=\"field\" name=\"s\" id=\"s\" placeholder=\"Rechercher\"><button aria-label=\"Envoyer la recherche\" type=\"submit\" class=\"search-submit\" value=\"\"><i class=\"icon-magnifier\" aria-hidden=\"true\"><\/i><\/button><\/form><\/pre>\n<\/div>\n<\/div><\/div><div id=\"panel-12054-1-0-1\" class=\"so-panel widget widget_ocean_custom_menu widget-oceanwp-custom-menu custom-menu-widget extendedwopts-hide extendedwopts-mobile widgetopts-SO\" data-index=\"2\" ><div class=\"oceanwp-custom-menu clr ocean_custom_menu-2 left dropdown-hover\"><ul id=\"menu-contact-fr\" class=\"dropdown-menu sf-menu\"><li  id=\"menu-item-41604\" class=\"menu-item menu-item-type-post_type menu-item-object-page menu-item-41604\"><a href=\"https:\/\/www.balticmedia.com\/fr\/contact\/\" class=\"menu-link\">Contact<\/a><\/li>\n<li  id=\"menu-item-41605\" class=\"menu-item menu-item-type-post_type menu-item-object-page menu-item-41605\"><a href=\"https:\/\/www.balticmedia.com\/fr\/contact\/agence-de-traduction-a-riga\/\" class=\"menu-link\">Agence de traduction \u00e0 Riga Lettonie<\/a><\/li>\n<li  id=\"menu-item-41606\" class=\"menu-item menu-item-type-post_type menu-item-object-page menu-item-41606\"><a href=\"https:\/\/www.balticmedia.com\/fr\/contact\/agence-de-traduction-a-stockholm\/\" class=\"menu-link\">Agence de traduction \u00e0 Stockholm Su\u00e8de<\/a><\/li>\n<\/ul><\/div><\/div><div id=\"panel-12054-1-0-2\" class=\"so-panel widget widget_ocean_custom_menu widget-oceanwp-custom-menu custom-menu-widget panel-last-child extendedwopts-hide extendedwopts-mobile widgetopts-SO\" data-index=\"3\" ><div class=\"oceanwp-custom-menu clr ocean_custom_menu-2 left dropdown-hover\"><ul id=\"menu-les-partenaires\" class=\"dropdown-menu sf-menu\"><li  id=\"menu-item-14908\" class=\"menu-item menu-item-type-custom menu-item-object-custom menu-item-14908\"><a target=\"_blank\" href=\"https:\/\/balticmedia.s.xtrf.eu\/vendors\/#\/sign-in\" class=\"menu-link\" rel=\"nofollow noopener\"><i class=\"icon before line-icon icon-briefcase\" aria-hidden=\"true\" style=\"font-size:2em;\"><\/i><span class=\"menu-text\">Portail fournisseur<\/span><\/a><\/li>\n<li  id=\"menu-item-14909\" class=\"menu-item menu-item-type-custom menu-item-object-custom menu-item-14909\"><a target=\"_blank\" href=\"https:\/\/www.balticmedia.com\/wp-content\/uploads\/11-Reasons-to-Choose-Baltic-Media-2026.pdf\" class=\"menu-link\"><i class=\"icon before line-icon icon-people\" aria-hidden=\"true\" style=\"font-size:2em;\"><\/i><span class=\"menu-text\">Profil d\u2019entreprise<\/span><\/a><\/li>\n<li  id=\"menu-item-14910\" class=\"menu-item menu-item-type-custom menu-item-object-custom menu-item-14910\"><a target=\"_blank\" href=\"https:\/\/www.balticmedia.com\/wp-content\/uploads\/agence-de-traduction-fr.pdf\" class=\"menu-link\"><i class=\"icon before line-icon icon-organization\" aria-hidden=\"true\" style=\"font-size:2em;\"><\/i><span class=\"menu-text\">Processus de traduction \u00e9tape par \u00e9tape<\/span><\/a><\/li>\n<li  id=\"menu-item-14911\" class=\"menu-item menu-item-type-custom menu-item-object-custom menu-item-14911\"><a target=\"_blank\" href=\"https:\/\/www.balticmedia.com\/wp-content\/uploads\/Baltic-Media-Ltd.-Service-Terms-and-Conditions.pdf\" class=\"menu-link\"><i class=\"icon before line-icon icon-docs\" aria-hidden=\"true\" style=\"font-size:2em;\"><\/i><span class=\"menu-text\">Conditions g\u00e9n\u00e9rales de service (EN)<\/span><\/a><\/li>\n<li  id=\"menu-item-14912\" class=\"menu-item menu-item-type-custom menu-item-object-custom menu-item-14912\"><a target=\"_blank\" href=\"https:\/\/www.balticmedia.com\/wp-content\/uploads\/iSO-certificate-2023.png\" class=\"menu-link\"><i class=\"icon before line-icon icon-doc\" aria-hidden=\"true\" style=\"font-size:2em;\"><\/i><span class=\"menu-text\">ISO 9001:2015 Quality Certification<\/span><\/a><\/li>\n<li  id=\"menu-item-14913\" class=\"menu-item menu-item-type-custom menu-item-object-custom menu-item-14913\"><a target=\"_blank\" href=\"https:\/\/www.balticmedia.com\/wp-content\/uploads\/362531_copyrighttrademarkbalticmedia.pdf\" class=\"menu-link\"><i class=\"icon before line-icon icon-info\" aria-hidden=\"true\" style=\"font-size:2em;\"><\/i><span class=\"menu-text\">Copyright | Trademark Baltic Media<sup>\u00ae<\/sup><\/span><\/a><\/li>\n<\/ul><\/div><\/div><\/div><div id=\"pgc-12054-1-1\"  class=\"panel-grid-cell\" ><div id=\"panel-12054-1-1-0\" class=\"so-panel widget widget_sow-editor panel-first-child panel-last-child widgetopts-hide_title widgetopts-SO\" data-index=\"4\" ><div\n\t\t\t\n\t\t\tclass=\"so-widget-sow-editor so-widget-sow-editor-base\"\n\t\t\t\n\t\t><h3 class=\"widget-title\">Services de traduction internationale en ligne en Europe du Nord | Stockholm et Riga<\/h3>\n<div class=\"siteorigin-widget-tinymce textwidget\">\n\t<p><!-- wp:paragraph --><\/p>\n<h1>Contact<\/h1>\n<h2>Services de traduction internationale en ligne en Europe du Nord | Stockholm et Riga<\/h2>\n<p>Les <strong>services de traduction internationale en ligne en Europe du Nord<\/strong> sont essentiels pour les entreprises, organisations et particuliers cherchant \u00e0 s\u2019adapter \u00e0 un environnement globalis\u00e9. Ces services sont particuli\u00e8rement sollicit\u00e9s dans les pays nordiques (comme la Su\u00e8de, la Norv\u00e8ge, le Danemark, la Finlande et l\u2019Islande) en raison de la diversit\u00e9 linguistique et du besoin de communication internationale. Voici un aper\u00e7u des services offerts et des avantages de la traduction en ligne dans cette r\u00e9gion :<\/p>\n<p><img data-recalc-dims=\"1\" loading=\"lazy\" decoding=\"async\" class=\"alignnone wp-image-131871 size-full\" src=\"https:\/\/i0.wp.com\/www.balticmedia.com\/wp-content\/uploads\/oversattningsbyra-i-stockholm-sverige.webp?resize=300%2C298&#038;ssl=1\" alt=\"Contact Services de traduction internationale\" width=\"300\" height=\"298\" srcset=\"https:\/\/i0.wp.com\/www.balticmedia.com\/wp-content\/uploads\/oversattningsbyra-i-stockholm-sverige.webp?w=300&amp;ssl=1 300w, https:\/\/i0.wp.com\/www.balticmedia.com\/wp-content\/uploads\/oversattningsbyra-i-stockholm-sverige.webp?resize=150%2C150&amp;ssl=1 150w\" sizes=\"auto, (max-width: 300px) 100vw, 300px\" title=\"\"><\/p>\n<h3><strong>Traduction de documents en ligne<\/strong>:<\/h3>\n<ul>\n<li><strong>G\u00e9n\u00e9rale<\/strong>: Traduction de documents courants comme des articles, courriels ou lettres. Ce type de traduction est souvent utilis\u00e9 pour des \u00e9changes professionnels ou personnels.<\/li>\n<li><strong>Technique<\/strong>: Traduction de manuels techniques, fiches produits, et documents sp\u00e9cialis\u00e9s dans des domaines comme l\u2019ing\u00e9nierie, l'informatique ou la m\u00e9decine. Cela demande une expertise technique approfondie.<\/li>\n<li><strong>Juridique<\/strong>: Traduction de contrats, accords et documents l\u00e9gaux pour les entreprises ou les particuliers, souvent n\u00e9cessitant des traducteurs sp\u00e9cialis\u00e9s et, parfois, des traductions asserment\u00e9es.<\/li>\n<li><strong>Financi\u00e8re<\/strong>: Traduction de rapports annuels, \u00e9tats financiers et autres documents bancaires, n\u00e9cessaires pour des \u00e9changes commerciaux internationaux.<\/li>\n<\/ul>\n<h3><strong>Traduction certifi\u00e9e en ligne<\/strong>:<\/h3>\n<ul>\n<li>Des documents officiels (actes de naissance, dipl\u00f4mes, certificats de mariage) n\u00e9cessitent souvent une traduction certifi\u00e9e pour des d\u00e9marches administratives ou l\u00e9gales \u00e0 l\u2019\u00e9tranger. Ces traductions sont faites par des traducteurs asserment\u00e9s ou agr\u00e9\u00e9s, et sont disponibles en ligne avec une v\u00e9rification num\u00e9rique.<\/li>\n<\/ul>\n<h3><strong>Localisation en ligne<\/strong>:<\/h3>\n<ul>\n<li>Adaptation de sites web, logiciels ou applications mobiles pour des march\u00e9s sp\u00e9cifiques en tenant compte des diff\u00e9rences culturelles et linguistiques. Cela inclut \u00e9galement la traduction d\u2019interfaces utilisateur, contenu marketing et support technique, indispensable pour les entreprises cherchant \u00e0 s\u2019implanter en Europe du Nord.<\/li>\n<\/ul>\n<h3><strong>Traduction audiovisuelle<\/strong>:<\/h3>\n<ul>\n<li><strong>Sous-titrage<\/strong>: Traduction des dialogues dans des vid\u00e9os, films ou s\u00e9ries pour des publics internationaux.<\/li>\n<li><strong>Doublage et Voice-over<\/strong>: Adaptation des dialogues dans des productions audio et vid\u00e9o pour qu'ils soient compr\u00e9hensibles dans d\u2019autres langues tout en gardant l\u2019essence du contenu original.<\/li>\n<\/ul>\n<h3><strong>Traduction en temps r\u00e9el<\/strong>:<\/h3>\n<ul>\n<li>Les services de traduction en ligne incluent \u00e9galement l\u2019interpr\u00e9tation \u00e0 distance via des plateformes en ligne, id\u00e9ale pour des r\u00e9unions, conf\u00e9rences ou s\u00e9minaires. Ce service est devenu de plus en plus populaire avec l'essor des solutions de visioconf\u00e9rence.<\/li>\n<\/ul>\n<h3><strong>Plateformes multilingues avec assistance IA<\/strong>:<\/h3>\n<ul>\n<li>Les agences de traduction internationales en Europe du Nord exploitent souvent l'intelligence artificielle et des outils comme les <strong>syst\u00e8mes de m\u00e9moire de traduction (CAT)<\/strong> pour am\u00e9liorer l'efficacit\u00e9 des traductions tout en assurant une qualit\u00e9 sup\u00e9rieure. Cela permet une traduction plus rapide et des co\u00fbts plus bas pour les clients.<\/li>\n<\/ul>\n<h3>Avantages des services de traduction en ligne :<\/h3>\n<ul>\n<li><strong>Accessibilit\u00e9 mondiale<\/strong>: Les services en ligne permettent de traduire \u00e0 tout moment, sans restriction g\u00e9ographique. Les entreprises et particuliers peuvent obtenir des traductions rapidement, peu importe o\u00f9 ils se trouvent.<\/li>\n<li><strong>Rapidit\u00e9 et efficacit\u00e9<\/strong>: Les traductions en ligne sont souvent livr\u00e9es plus rapidement gr\u00e2ce \u00e0 l'automatisation partielle et \u00e0 la technologie avanc\u00e9e. Les agences offrent des services express pour des traductions urgentes.<\/li>\n<li><strong>Co\u00fbt comp\u00e9titif<\/strong>: En raison de la r\u00e9duction des frais d'administration et de logistique, les services en ligne sont souvent plus abordables.<\/li>\n<li><strong>Personnalisation<\/strong>: Les plateformes en ligne permettent aux clients de personnaliser leurs commandes (choix de la langue, sp\u00e9cialisation du texte, format du document, etc.).<\/li>\n<li><strong>Support multilingue<\/strong>: Les agences internationales en Europe du Nord couvrent une grande vari\u00e9t\u00e9 de combinaisons linguistiques, y compris des langues plus rares comme le finnois, l\u2019islandais ou le lituanien.<\/li>\n<\/ul>\n<h3>Principales industries desservies :<\/h3>\n<ul>\n<li><strong>Technologie<\/strong>: Traduction de logiciels, applications mobiles, et services cloud pour une port\u00e9e internationale.<\/li>\n<li><strong>Sant\u00e9 et biotechnologie<\/strong>: Traduction de documents m\u00e9dicaux, rapports cliniques et communications scientifiques.<\/li>\n<li><strong>Tourisme<\/strong>: Adaptation de sites web et documents marketing pour attirer des visiteurs internationaux.<\/li>\n<li><strong>Commerce international<\/strong>: Traduction de contrats, propositions commerciales et manuels d'utilisation dans des langues adapt\u00e9es aux march\u00e9s europ\u00e9ens et mondiaux.<\/li>\n<\/ul>\n<p>Les services de traduction internationale en ligne en Europe du Nord permettent aux entreprises, institutions et particuliers de communiquer efficacement \u00e0 travers diff\u00e9rentes langues et cultures. Ils sont une ressource essentielle pour favoriser les \u00e9changes internationaux, garantir la conformit\u00e9 juridique et culturelle, et atteindre de nouveaux march\u00e9s.<\/p>\n<div>\n<p><img data-recalc-dims=\"1\" loading=\"lazy\" decoding=\"async\" class=\"alignnone wp-image-1981 size-full\" src=\"https:\/\/i0.wp.com\/www.balticmedia.com\/wp-content\/uploads\/logo_ar_globusu_stillbild_garena.png?resize=300%2C120&#038;ssl=1\" alt=\"Services de traduction internationale en ligne en Europe du Nord\" width=\"300\" height=\"120\" title=\"\"><\/p>\n<p><strong>Baltic Media<\/strong>\u00ae<strong> Ltd<\/strong><\/p>\n<p>Dzirnavu iela 57a, Regus Business Centre<br \/>\nLV-1010 R\u012bga Latvia\/Lettonie<\/p>\n<p>\u2022 \u00a0<strong>+37167224327\u00a0<\/strong><\/p>\n<p><strong>\u2022 \u00a0+37167224328<\/strong><\/p>\n<p><strong>\u2022 \u00a0+37126404054\u00a0 \u00a0(WhatsApp)<\/strong><\/p>\n<p><strong>\u2022 \u00a0<a href=\"mailto:info@balticmedia.com\">info@balticmedia.com<\/a><\/strong><\/p>\n<p><img data-recalc-dims=\"1\" loading=\"lazy\" decoding=\"async\" class=\"alignnone size-full wp-image-7471\" src=\"https:\/\/i0.wp.com\/www.balticmedia.com\/wp-content\/uploads\/balticmedia_logo.png?resize=300%2C87&#038;ssl=1\" alt=\"Baltic Media\" width=\"300\" height=\"87\" title=\"\"><\/p>\n<h3>Agence de traduction Baltic Media<sup>\u00ae<\/sup> en Europe du Nord<\/h3>\n<p>L\u2019agence de traduction nordique et balte Baltic Media<sup>\u00ae<\/sup> est \u00e0 la pointe de la traduction num\u00e9rique en Europe du Nord, sp\u00e9cialiste des langues d\u2019Europe du Nord (que ces derni\u00e8res soient scandinaves, baltes ou slaves) dans le cadre de services de traduction depuis\/ vers le su\u00e9dois, le finnois, le danois, l\u2019islandais, le f\u00e9ro\u00efen, le norv\u00e9gien, l\u2019allemand, l\u2019anglais, le polonais, le russe, le letton, le lituanien et l\u2019estonien.<\/p>\n<p>En tant que prestataire de services linguistiques certifi\u00e9 ISO, l\u2019agence de traduction Baltic Media<sup>\u00ae<\/sup> assure un service de traduction effectu\u00e9 par des professionnels aupr\u00e8s de clients issus du monde de l\u2019entreprise, du secteur priv\u00e9 ou du secteur public.<\/p>\n<p>&nbsp;<\/p>\n<h2>Stockholm, Su\u00e8de | Bureau des services de traduction de Scandinavie<\/h2>\n<p>Baltic Media<sup>\u00ae<\/sup> Translations AB<br \/>\nBox 2349<br \/>\nSE-11674 Stockholm<br \/>\nSweden\/Su\u00e8de<\/p>\n<div>\n<p><strong>\u2022 \u00a0+46 8 767 60 24<\/strong><\/p>\n<p><strong> \u2022 \u00a0<a href=\"mailto:nordics@balticmedia.com\">nordics<\/a><a>@balticmedia.com<\/a><\/strong><\/p>\n<h3>Nous livrons votre traduction partout dans le monde !<\/h3>\n<\/div>\n<\/div>\n<div>\n<p><img data-recalc-dims=\"1\" loading=\"lazy\" decoding=\"async\" class=\"alignnone wp-image-6555 size-medium\" src=\"https:\/\/i0.wp.com\/www.balticmedia.com\/wp-content\/uploads\/mailboxes-in-sweden.jpg?resize=300%2C200&#038;ssl=1\" alt=\"Old mailboxes in Sweden, Baltic Media&lt;sup&gt;\u00ae&lt;\/sup&gt;\" width=\"300\" height=\"200\" title=\"\"><\/p>\n<div>\n<h3><a href=\"\/fr\/a-propos-de-nous\/pourquoi-choisir-baltic-media\/\">Pourquoi choisir le service de traduction Nordique-Baltique de l\u2019Agence Baltic Media<sup>\u00ae<\/sup> ?<\/a><\/h3>\n<h3><a href=\"\/fr\/tarifs\/\">Comment r\u00e9duire les co\u00fbts de traduction sans perdre en qualit\u00e9 ?<\/a><\/h3>\n<h3><a href=\"\/fr\/a-propos-de-nous\/traduction-humaine\/\">Pourquoi recourir aux services de traduction assur\u00e9s par des professionnels ?<\/a><\/h3>\n<h3><a href=\"https:\/\/www.balticmedia.com\/fr\/services-de-traduction-mondiaux\/traduction-automatique\/\">Traduisez avec Google, Bing, Microsoft, Tilde, Yandex et laissez-nous nous charger de la correction !<\/a><\/h3>\n<h3><a href=\"https:\/\/www.balticmedia.com\/fr\/demande-de-prix\/\">Devis gratuit<\/a><\/h3>\n<h3><a href=\"https:\/\/www.balticmedia.com\/fr\/demande-de-renseignement\/\">Demande de renseignements<\/a><\/h3>\n<h3><a href=\"mailto:info@balticmedia.com\">Courriel<\/a><\/h3>\n<\/div>\n<p><iframe loading=\"lazy\" title=\"YouTube video player\" src=\"https:\/\/www.youtube.com\/embed\/hif6lbJHCNA\" width=\"600\" height=\"450\" frameborder=\"0\" allowfullscreen=\"allowfullscreen\"><\/iframe><\/p>\n<h1><\/h1>\n<p>&nbsp;<\/p>\n<p><iframe loading=\"lazy\" src=\"https:\/\/www.google.com\/maps\/embed?pb=!4v1719847048570!6m8!1m7!1susVuy20gkGjcBmaVIyM1tg!2m2!1d56.95589232749178!2d24.11825722647918!3f65.23481351435547!4f22.439266543407925!5f0.4000000000000002\" width=\"600\" height=\"450\" frameborder=\"0\" scrolling=\"no\" allowfullscreen=\"allowfullscreen\" data-mce-fragment=\"1\"><\/iframe><\/p>\n<p><iframe loading=\"lazy\" src=\"https:\/\/www.google.com\/maps\/embed?pb=!1m18!1m12!1m3!1d2175.580314374421!2d24.118382899999997!3d56.955991399999995!2m3!1f0!2f0!3f0!3m2!1i1024!2i768!4f13.1!3m3!1m2!1s0x46eecfc496499589%3A0xf9a65f0181dc94ba!2zQmFsdGljIE1lZGlhIHR1bGtvanVtdSAvIHR1bGtvxaFhbmFzIEJpcm9qcyBSxKtnxIEgUHJvZmVzaW9uxIFsaSB0dWxrb2p1bWkg0JHRjtGA0L4g0L_QtdGA0LXQstC-0LTQvtCy!5e0!3m2!1sen!2slv!4v1719837228742!5m2!1sen!2slv\" width=\"600\" height=\"450\" frameborder=\"0\" marginwidth=\"0\" marginheight=\"0\" scrolling=\"yes\" align=\"left\" data-mce-fragment=\"1\"><\/iframe><\/p>\n<\/div>\n<p><!-- \/wp:paragraph --><\/p>\n<\/div>\n<\/div><\/div><\/div><\/div><\/div>","protected":false},"excerpt":{"rendered":"<p>Contact Services de traduction internationale en ligne en Europe du Nord | Stockholm et Riga Les services de traduction internationale en ligne en Europe du Nord sont essentiels pour les entreprises, organisations et particuliers cherchant \u00e0 s\u2019adapter \u00e0 un environnement globalis\u00e9. Ces services sont particuli\u00e8rement sollicit\u00e9s dans les pays nordiques (comme la Su\u00e8de, la Norv\u00e8ge, [&hellip;]<\/p>\n","protected":false},"author":2,"featured_media":135686,"parent":0,"menu_order":0,"comment_status":"closed","ping_status":"closed","template":"","meta":{"ocean_post_layout":"","ocean_both_sidebars_style":"","ocean_both_sidebars_content_width":0,"ocean_both_sidebars_sidebars_width":0,"ocean_sidebar":"0","ocean_second_sidebar":"0","ocean_disable_margins":"enable","ocean_add_body_class":"","ocean_shortcode_before_top_bar":"","ocean_shortcode_after_top_bar":"","ocean_shortcode_before_header":"","ocean_shortcode_after_header":"","ocean_has_shortcode":"","ocean_shortcode_after_title":"","ocean_shortcode_before_footer_widgets":"","ocean_shortcode_after_footer_widgets":"","ocean_shortcode_before_footer_bottom":"","ocean_shortcode_after_footer_bottom":"","ocean_display_top_bar":"default","ocean_display_header":"default","ocean_header_style":"","ocean_center_header_left_menu":"0","ocean_custom_header_template":"0","ocean_custom_logo":0,"ocean_custom_retina_logo":0,"ocean_custom_logo_max_width":0,"ocean_custom_logo_tablet_max_width":0,"ocean_custom_logo_mobile_max_width":0,"ocean_custom_logo_max_height":0,"ocean_custom_logo_tablet_max_height":0,"ocean_custom_logo_mobile_max_height":0,"ocean_header_custom_menu":"0","ocean_menu_typo_font_family":"0","ocean_menu_typo_font_subset":"","ocean_menu_typo_font_size":0,"ocean_menu_typo_font_size_tablet":0,"ocean_menu_typo_font_size_mobile":0,"ocean_menu_typo_font_size_unit":"px","ocean_menu_typo_font_weight":"","ocean_menu_typo_font_weight_tablet":"","ocean_menu_typo_font_weight_mobile":"","ocean_menu_typo_transform":"","ocean_menu_typo_transform_tablet":"","ocean_menu_typo_transform_mobile":"","ocean_menu_typo_line_height":0,"ocean_menu_typo_line_height_tablet":0,"ocean_menu_typo_line_height_mobile":0,"ocean_menu_typo_line_height_unit":"","ocean_menu_typo_spacing":0,"ocean_menu_typo_spacing_tablet":0,"ocean_menu_typo_spacing_mobile":0,"ocean_menu_typo_spacing_unit":"","ocean_menu_link_color":"","ocean_menu_link_color_hover":"","ocean_menu_link_color_active":"","ocean_menu_link_background":"","ocean_menu_link_hover_background":"","ocean_menu_link_active_background":"","ocean_menu_social_links_bg":"","ocean_menu_social_hover_links_bg":"","ocean_menu_social_links_color":"","ocean_menu_social_hover_links_color":"","ocean_disable_title":"default","ocean_disable_heading":"default","ocean_post_title":"","ocean_post_subheading":"","ocean_post_title_style":"","ocean_post_title_background_color":"","ocean_post_title_background":0,"ocean_post_title_bg_image_position":"","ocean_post_title_bg_image_attachment":"","ocean_post_title_bg_image_repeat":"","ocean_post_title_bg_image_size":"","ocean_post_title_height":0,"ocean_post_title_bg_overlay":0.5,"ocean_post_title_bg_overlay_color":"","ocean_disable_breadcrumbs":"default","ocean_breadcrumbs_color":"","ocean_breadcrumbs_separator_color":"","ocean_breadcrumbs_links_color":"","ocean_breadcrumbs_links_hover_color":"","ocean_display_footer_widgets":"default","ocean_display_footer_bottom":"default","ocean_custom_footer_template":"0","ofc_meta_disable_footer_callout":"","ofc_meta_callout_button_url":"","ofc_meta_callout_button_txt":"","ofc_meta_callout_text":"","osh_disable_topbar_sticky":"default","osh_disable_header_sticky":"default","osh_sticky_header_style":"default","osh_sticky_header_effect":"","osh_custom_sticky_logo":0,"osh_custom_retina_sticky_logo":0,"osh_custom_sticky_logo_height":0,"osh_background_color":"","osh_links_color":"","osh_links_hover_color":"","osh_links_active_color":"","osh_links_bg_color":"","osh_links_hover_bg_color":"","osh_links_active_bg_color":"","osh_menu_social_links_color":"","osh_menu_social_hover_links_color":"","footnotes":""},"class_list":["post-12054","page","type-page","status-publish","has-post-thumbnail","hentry","entry","has-media"],"jetpack_sharing_enabled":true,"jetpack_likes_enabled":true,"jetpack-related-posts":[],"jetpack_shortlink":"https:\/\/wp.me\/Pe7Cu3-38q","_links":{"self":[{"href":"https:\/\/www.balticmedia.com\/fr\/wp-json\/wp\/v2\/pages\/12054","targetHints":{"allow":["GET"]}}],"collection":[{"href":"https:\/\/www.balticmedia.com\/fr\/wp-json\/wp\/v2\/pages"}],"about":[{"href":"https:\/\/www.balticmedia.com\/fr\/wp-json\/wp\/v2\/types\/page"}],"author":[{"embeddable":true,"href":"https:\/\/www.balticmedia.com\/fr\/wp-json\/wp\/v2\/users\/2"}],"replies":[{"embeddable":true,"href":"https:\/\/www.balticmedia.com\/fr\/wp-json\/wp\/v2\/comments?post=12054"}],"version-history":[{"count":16,"href":"https:\/\/www.balticmedia.com\/fr\/wp-json\/wp\/v2\/pages\/12054\/revisions"}],"predecessor-version":[{"id":136752,"href":"https:\/\/www.balticmedia.com\/fr\/wp-json\/wp\/v2\/pages\/12054\/revisions\/136752"}],"wp:featuredmedia":[{"embeddable":true,"href":"https:\/\/www.balticmedia.com\/fr\/wp-json\/wp\/v2\/media\/135686"}],"wp:attachment":[{"href":"https:\/\/www.balticmedia.com\/fr\/wp-json\/wp\/v2\/media?parent=12054"}],"curies":[{"name":"wp","href":"https:\/\/api.w.org\/{rel}","templated":true}]}}