{"id":37813,"date":"2021-01-15T17:59:27","date_gmt":"2021-01-15T15:59:27","guid":{"rendered":"https:\/\/www.balticmedia.com\/kaanna-kielia\/northern-europe-is-our-linguistic-region\/"},"modified":"2025-02-14T23:00:04","modified_gmt":"2025-02-14T21:00:04","slug":"pohjois-eurooppa-on-lingvistinen-alueemme","status":"publish","type":"page","link":"https:\/\/www.balticmedia.com\/fi\/kielen-kaannos\/pohjois-eurooppa-on-lingvistinen-alueemme\/","title":{"rendered":"Pohjois-Eurooppa on lingvistinen alueemme"},"content":{"rendered":"<div id=\"pl-37813\"  class=\"panel-layout\" ><div id=\"pg-37813-0\"  class=\"panel-grid panel-no-style\" ><div id=\"pgc-37813-0-0\"  class=\"panel-grid-cell\" ><div id=\"panel-37813-0-0-0\" class=\"so-panel widget widget_sow-image panel-first-child panel-last-child widgetopts-SO\" data-index=\"0\" ><div\n\t\t\t\n\t\t\tclass=\"so-widget-sow-image so-widget-sow-image-default-8b5b6f678277-37813\"\n\t\t\t\n\t\t>\n<div class=\"sow-image-container\">\n\t\t<img src=\"https:\/\/i0.wp.com\/www.balticmedia.com\/wp-content\/uploads\/969091_meitene_ar_vainadzinu-1.jpg?fit=1390%2C441&amp;ssl=1\" width=\"1390\" height=\"441\" srcset=\"https:\/\/i0.wp.com\/www.balticmedia.com\/wp-content\/uploads\/969091_meitene_ar_vainadzinu-1.jpg?w=1390&amp;ssl=1 1390w, https:\/\/i0.wp.com\/www.balticmedia.com\/wp-content\/uploads\/969091_meitene_ar_vainadzinu-1.jpg?resize=300%2C95&amp;ssl=1 300w, https:\/\/i0.wp.com\/www.balticmedia.com\/wp-content\/uploads\/969091_meitene_ar_vainadzinu-1.jpg?resize=1024%2C325&amp;ssl=1 1024w, https:\/\/i0.wp.com\/www.balticmedia.com\/wp-content\/uploads\/969091_meitene_ar_vainadzinu-1.jpg?resize=768%2C244&amp;ssl=1 768w\" title=\"Pohjois-Eurooppa on lingvistinen alueemme\" alt=\"Pohjois-Eurooppa on lingvistinen alueemme\" class=\"so-widget-image\">\n\t<\/div>\n\n<\/div><\/div><\/div><\/div><div id=\"pg-37813-1\"  class=\"panel-grid panel-no-style\" ><div id=\"pgc-37813-1-0\"  class=\"panel-grid-cell\" ><div id=\"panel-37813-1-0-0\" class=\"so-panel widget widget_sow-editor panel-first-child widgetopts-SO\" data-index=\"1\" ><div\n\t\t\t\n\t\t\tclass=\"so-widget-sow-editor so-widget-sow-editor-base\"\n\t\t\t\n\t\t>\n<div class=\"siteorigin-widget-tinymce textwidget\">\n\t<pre><form aria-label=\"Search this website\" role=\"search\" method=\"get\" class=\"oceanwp-searchform\" id=\"searchform\" action=\"https:\/\/www.balticmedia.com\/fi\/\"><input aria-label=\"Insert search query\" type=\"text\" class=\"field\" name=\"s\" id=\"s\" placeholder=\"Search\"><button aria-label=\"Submit your search\" type=\"submit\" class=\"search-submit\" value=\"\"><i class=\"icon-magnifier\" aria-hidden=\"true\"><\/i><\/button><\/form><\/pre>\n<\/div>\n<\/div><\/div><\/div><div id=\"pgc-37813-1-1\"  class=\"panel-grid-cell\" ><div id=\"panel-37813-1-1-0\" class=\"so-panel widget widget_sow-editor panel-first-child panel-last-child widgetopts-SO\" data-index=\"4\" ><div\n\t\t\t\n\t\t\tclass=\"so-widget-sow-editor so-widget-sow-editor-base\"\n\t\t\t\n\t\t><h3 class=\"widget-title\">Pohjois-Eurooppa on lingvistinen alueemme<\/h3>\n<div class=\"siteorigin-widget-tinymce textwidget\">\n\t<h1><strong>Pohjois-Eurooppa on lingvistinen alueemme<\/strong><\/h1>\n<h2><strong>Pohjois- ja l\u00e4nsigermaaniset, balttialaiset, it\u00e4merensuomalaiset ja slaavilaiset kielet<\/strong><\/h2>\n<p><a href=\"https:\/\/i0.wp.com\/www.balticmedia.com\/wp-content\/uploads\/the-baltic-sea-region.png?ssl=1\"><img data-recalc-dims=\"1\" loading=\"lazy\" decoding=\"async\" class=\"alignnone wp-image-7966 size-medium\" src=\"https:\/\/i0.wp.com\/www.balticmedia.com\/wp-content\/uploads\/the-baltic-sea-region.png?resize=238%2C300&#038;ssl=1\" alt=\"Pohjois-Eurooppa on lingvistinen alueemme\" width=\"238\" height=\"300\" title=\"\"><\/a><a href=\"https:\/\/i0.wp.com\/www.balticmedia.com\/wp-content\/uploads\/balticmedia_logo.png?ssl=1\"><img data-recalc-dims=\"1\" loading=\"lazy\" decoding=\"async\" class=\"alignnone wp-image-7468 size-full\" src=\"https:\/\/i0.wp.com\/www.balticmedia.com\/wp-content\/uploads\/balticmedia_logo.png?resize=300%2C87&#038;ssl=1\" alt=\"Pohjois-Eurooppa on lingvistinen alueemme\" width=\"300\" height=\"87\" title=\"\"><\/a><\/p>\n<p><strong>Pohjois-Eurooppa <\/strong>tarkoittaa maantieteellisesti Euroopan pohjoisosia tai kulttuurisesti Pohjoismaita, Baltian maita ja toisinaan my\u00f6s Britteinsaaria. Pohjois-Euroopan maiden <strong>taloudet ovat kehittyneit\u00e4<\/strong> ja niiden <strong>elintasot<\/strong> ovat korkeimpien joukossa maailmassa.<\/p>\n<p><strong>Nordic-Baltic Eight<\/strong> (<strong>NB8<\/strong>) on alueellinen kumppanuusmuoto, johon kuuluvat <a title=\"Denmark\" href=\"https:\/\/en.wikipedia.org\/wiki\/Denmark\" target=\"_blank\" rel=\"noopener\">Tanska<\/a>, <a title=\"Estonia\" href=\"https:\/\/en.wikipedia.org\/wiki\/Estonia\" target=\"_blank\" rel=\"noopener\">Viro<\/a>, <a title=\"Finland\" href=\"https:\/\/en.wikipedia.org\/wiki\/Finland\" target=\"_blank\" rel=\"noopener\">Suomi<\/a>, <a title=\"Iceland\" href=\"https:\/\/en.wikipedia.org\/wiki\/Iceland\" target=\"_blank\" rel=\"noopener\">Islanti<\/a>, <a title=\"Latvia\" href=\"https:\/\/en.wikipedia.org\/wiki\/Latvia\" target=\"_blank\" rel=\"noopener\">Latvia<\/a>, <a title=\"Lithuania\" href=\"https:\/\/en.wikipedia.org\/wiki\/Lithuania\" target=\"_blank\" rel=\"noopener\">Liettua<\/a>,<a title=\"Norway\" href=\"https:\/\/en.wikipedia.org\/wiki\/Norway\" target=\"_blank\" rel=\"noopener\">Norja<\/a> ja <a title=\"Sweden\" href=\"https:\/\/en.wikipedia.org\/wiki\/Sweden\" target=\"_blank\" rel=\"noopener\">Ruotsi<\/a>. Pohjoismaalais-baltialainen yhteiskunta muodostaa yhden t\u00e4rkeimmist\u00e4 yhteis\u00f6ist\u00e4 Pohjois-Euroopassa: n\u00e4it\u00e4 ovat <strong>Pohjoismaiden, Baltian<\/strong> ja <strong>It\u00e4meren alueet.<\/strong><\/p>\n<p>Pohjoismaiden ja Baltian alueella el\u00e4\u00e4 noin 32 miljoonaa kansalaista, ja niiden yhdistetty bruttokansantuote (BKT) on l\u00e4hes 1,5 triljoonaa US-dollaria, mik\u00e4 tekee siit\u00e4 10. suurimman populaation ja <strong>viidenneksi suurimman talouden <\/strong>Euroopassa.<\/p>\n<p>Lis\u00e4ksi korruption m\u00e4\u00e4r\u00e4 alueella on suhteellisen alhainen; Pohjoismaat ovat er\u00e4it\u00e4 <strong>v\u00e4hiten korruptuneimpia<\/strong> maita maailmassa. Alueen maat sijoittuvat my\u00f6s hyvin globaaleissa <strong>vapausvertailuissa,<\/strong> monien niist\u00e4 ollessa aivan vertailujen k\u00e4rjess\u00e4. Pohjoismaalais-baltialaiset maat menestyv\u00e4t hyvin my\u00f6s kyselyiss\u00e4, joissa mitataan <strong>liiketoiminnan<\/strong> ja <strong>uusien yritysten <\/strong>luonnin helppoutta.<\/p>\n<p>Inhimillisen kehityksen indeksi sijoittaa monet alueen maista maailman <strong>kehittyneimpien<\/strong> joukkoon.<\/p>\n<p>Termit <strong>Baltian alue<\/strong>, <strong>Baltian ymp\u00e4rysmaat<\/strong> ja <strong>It\u00e4meren maat<\/strong> viittaavat monimuotoiseen joukkoon maita, jotka ymp\u00e4r\u00f6iv\u00e4t <a title=\"Baltic Sea\" href=\"https:\/\/en.wikipedia.org\/wiki\/Baltic_Sea\" target=\"_blank\" rel=\"noopener\">It\u00e4merta.<\/a> It\u00e4meren rannikoille ulottuvia maita ovat <a title=\"Denmark\" href=\"https:\/\/en.wikipedia.org\/wiki\/Denmark\" target=\"_blank\" rel=\"noopener\">Tanska<\/a>, <a title=\"Estonia\" href=\"https:\/\/en.wikipedia.org\/wiki\/Estonia\" target=\"_blank\" rel=\"noopener\">Viro<\/a>, <a title=\"Latvia\" href=\"https:\/\/en.wikipedia.org\/wiki\/Latvia\" target=\"_blank\" rel=\"noopener\">Latvia<\/a>, <a title=\"Finland\" href=\"https:\/\/en.wikipedia.org\/wiki\/Finland\" target=\"_blank\" rel=\"noopener\">Suomi<\/a>,<a title=\"Germany\" href=\"https:\/\/en.wikipedia.org\/wiki\/Germany\" target=\"_blank\" rel=\"noopener\">Saksa<\/a>, <a title=\"Lithuania\" href=\"https:\/\/en.wikipedia.org\/wiki\/Lithuania\" target=\"_blank\" rel=\"noopener\">Liettua<\/a>, <a title=\"Poland\" href=\"https:\/\/en.wikipedia.org\/wiki\/Poland\" target=\"_blank\" rel=\"noopener\">Puola<\/a>, <a title=\"Russia\" href=\"https:\/\/en.wikipedia.org\/wiki\/Russia\" target=\"_blank\" rel=\"noopener\">Ven\u00e4j\u00e4<\/a> ja <a title=\"Sweden\" href=\"https:\/\/en.wikipedia.org\/wiki\/Sweden\" target=\"_blank\" rel=\"noopener\">Ruotsi<\/a>.<\/p>\n<p>Pohjoismaiden ja Baltian alueen kielihaaroja ovat <strong>balttialaiset, it\u00e4merensuomalaiset, pohjoisgermaaniset, l\u00e4nsigermaaniset ja slaavilaiset kielet.<\/strong><\/p>\n<p><img data-recalc-dims=\"1\" loading=\"lazy\" decoding=\"async\" class=\"alignnone wp-image-1981 size-full\" src=\"https:\/\/i0.wp.com\/www.balticmedia.com\/wp-content\/uploads\/logo_ar_globusu_stillbild_garena.png?resize=300%2C120&#038;ssl=1\" alt=\"Pohjois-Eurooppa on lingvistinen alueemme\" width=\"300\" height=\"120\" title=\"\"><\/p>\n<p><iframe loading=\"lazy\" src=\"https:\/\/www.youtube.com\/embed\/5VVAOnOFc-c?enablejsapi=1&amp;origin=https:\/\/www.balticmedia.com\" width=\"560\" height=\"315\" frameborder=\"0\" allowfullscreen=\"allowfullscreen\" data-mce-fragment=\"1\"><\/iframe><\/p>\n<h3><a href=\"\/fi\/tietoja-meista\/miksi-valita-kaannostoimisto-baltic-media\/\">Miksi valita pohjoismaalais-baltialainen k\u00e4\u00e4nn\u00f6stoimisto Baltic Media<sup>\u00ae<\/sup>?<\/a><\/h3>\n<h3><a href=\"\/fi\/hinta\/\">Miten v\u00e4hent\u00e4\u00e4 k\u00e4\u00e4nn\u00f6skustannuksia laadusta tinkim\u00e4tt\u00e4?<\/a><\/h3>\n<h3><a href=\"\/fi\/tietoja-meista\/ihmiskaannokset\/\">Miksi ihmisten tarjoamat k\u00e4\u00e4nn\u00f6spalvelut ovat paras valintasi?<\/a><\/h3>\n<h3><a href=\"https:\/\/www.balticmedia.com\/fi\/maailmanlaajuiset-kaannospalvelut\/konekaannoksen-jalkieditointi\/\">K\u00e4\u00e4nn\u00e4 Googlen, Bingin, Microsoftin, Tilden tai Yandexin avulla ja tilaa editointi meilt\u00e4!<\/a><\/h3>\n<h3><a href=\"https:\/\/www.balticmedia.com\/fi\/hintatarjous\/\">Hintatarjoukset ilmaiseksi<\/a><\/h3>\n<h3><a href=\"https:\/\/www.balticmedia.com\/fi\/tietopyynto\/\">Pyyd\u00e4 tietoja<\/a><\/h3>\n<h3><a href=\"mailto:info@balticmedia.com\">S\u00e4hk\u00f6posti<\/a><\/h3>\n<h2>K\u00e4\u00e4nn\u00f6stoimisto Baltic Media<sup>\u00ae<\/sup> Pohjois-Euroopassa<\/h2>\n<p>Pohjoismaalais-baltialainen k\u00e4\u00e4nn\u00f6stoimisto Baltic Media<sup>\u00ae<\/sup> on Pohjois-Euroopan johtava digitaalisten k\u00e4\u00e4nn\u00f6spalvelujen tarjoaja, joka erikoistuu pohjoiseurooppalaisiin kieliin (mukaan lukien pohjoismaiset, baltialaiset ja slaavilaiset kielet) ja p\u00e4\u00e4asiassa k\u00e4\u00e4nn\u00f6spalveluihin ruotsin, suomen, tanskan, islannin, f\u00e4\u00e4rin, norjan, saksan, englannin, puolan, ven\u00e4j\u00e4n, latvian, liettuan ja viron kielill\u00e4.<\/p>\n<p>ISO-sertifioituna kielipalvelujen tarjoajana k\u00e4\u00e4nn\u00f6stoimisto Baltic Media<sup>\u00ae<\/sup> tarjoaa ihmisten tekemi\u00e4 k\u00e4\u00e4nn\u00f6spalveluja yrityksille, julkishallinnollisille ja yksityisille asiakkaille.<\/p>\n<div><iframe loading=\"lazy\" title=\"YouTube video player\" src=\"https:\/\/www.youtube.com\/embed\/qnRm_Iucnvk\" width=\"600\" height=\"450\" frameborder=\"0\" allowfullscreen=\"allowfullscreen\"><\/iframe><\/div>\n<div>\n<h2><strong>Ihmisk\u00e4\u00e4nn\u00f6kset<\/strong><\/h2>\n<p>Kaikki k\u00e4\u00e4nn\u00f6ksemme tehd\u00e4\u00e4n ja muokataan ihmisten toimesta. Termi\u00e4 <strong>ihmisk\u00e4\u00e4nn\u00f6s<\/strong> voidaan k\u00e4ytt\u00e4\u00e4 <a href=\"https:\/\/fi.balticmedia.com\/konekaannksen-jalkieditointi\" rel=\"nofollow noopener\" target=\"_blank\">konek\u00e4\u00e4nn\u00f6ksen vastakohtana<\/a>. Ihmisk\u00e4\u00e4nn\u00f6ksen tekee ammattik\u00e4\u00e4nt\u00e4j\u00e4, kun taas konek\u00e4\u00e4nn\u00f6ksen suorittaa k\u00e4\u00e4nn\u00f6skone ja lopputuloksen editoi j\u00e4lkieditoija.<\/p>\n<p>Ihmisk\u00e4\u00e4nt\u00e4j\u00e4mme tekev\u00e4t k\u00e4\u00e4nn\u00f6ksi\u00e4 VAIN omalle \u00e4idinkielelleen ja asuvat maassa, jossa kyseinen kieli on joko virallinen kieli tai sosiaalisessa el\u00e4m\u00e4ss\u00e4 valta-asemassa olevat kieli. Me k\u00e4yt\u00e4mme omaa k\u00e4\u00e4nt\u00e4jien testausj\u00e4rjestelm\u00e4\u00e4mme. Kriteerit: kielitieteellinen koulutus, ainakin 5 vuoden kokemus k\u00e4\u00e4nn\u00f6sty\u00f6st\u00e4, suositukset muilta asiakkailta, testik\u00e4\u00e4nn\u00f6kset.<\/p>\n<h2><strong>Paras k\u00e4\u00e4nt\u00e4j\u00e4 on ihminen <\/strong><\/h2>\n<p>Ihmisk\u00e4\u00e4nt\u00e4minen on kaikkien vanhin k\u00e4\u00e4nt\u00e4misen muoto, jossa luotetaan puhtaasti ihmis\u00e4lyn kykyyn k\u00e4\u00e4nt\u00e4\u00e4 yksi tapa ilmaista asioita toiselle. Se on edelleen kaikkein eniten k\u00e4ytetty k\u00e4\u00e4nn\u00f6stapa. <strong>Ihmisk\u00e4\u00e4nn\u00f6kset ovat paras investointi, kun tarkkuus on edes liev\u00e4sti t\u00e4rke\u00e4\u00e4.<\/strong><\/p>\n<p>Vaikka automaattiset k\u00e4\u00e4nn\u00f6sratkaisut ovat uskomattoman nopeita valtavien sis\u00e4lt\u00f6kokonaisuuksien k\u00e4\u00e4nt\u00e4misess\u00e4, niiden tulokset ovat kaikkea muuta kuin sellaisenaan valmiita liiketoiminnan tarpeisiin. Ihmiset osaavat tulkita asiayhteyden ja v\u00e4litt\u00e4\u00e4 saman merkityksen kuin l\u00e4hdetekstiss\u00e4, sen sijaan ett\u00e4 ne yksinkertaisesti k\u00e4\u00e4nt\u00e4isiv\u00e4t koneellisesti sanasta sanaan.<\/p>\n<p>Kieliopillisten ep\u00e4johdonmukaisuuksien ja ep\u00e4luonnollisten ilmausten<strong><a href=\"https:\/\/fi.balticmedia.com\/konekaannksen-jalkieditointi\" rel=\"nofollow noopener\" target=\"_blank\"> vuoksi konek\u00e4\u00e4nn\u00f6kset n\u00e4ytt\u00e4v\u00e4t Googlea<\/a><\/strong> varten tehdylt\u00e4 roskapostilta. Kunnollinen monikielinen hakukoneoptimointi edellytt\u00e4\u00e4 ammattilaistason ihmisk\u00e4\u00e4nn\u00f6st\u00e4.<\/p>\n<p><iframe loading=\"lazy\" src=\"https:\/\/www.youtube.com\/embed\/5VVAOnOFc-c?enablejsapi=1&amp;origin=https:\/\/www.balticmedia.com\" width=\"560\" height=\"315\" frameborder=\"0\" allowfullscreen=\"allowfullscreen\" data-mce-fragment=\"1\"><\/iframe><\/p>\n<h2><strong>K\u00e4\u00e4nn\u00f6smuistit, terminologiatietokannat ja tyylioppaat\u00a0<\/strong><\/h2>\n<p><a href=\"https:\/\/i0.wp.com\/www.balticmedia.com\/wp-content\/uploads\/news5-300-1.jpg?ssl=1\"><img data-recalc-dims=\"1\" loading=\"lazy\" decoding=\"async\" class=\"alignnone wp-image-1325 size-full\" src=\"https:\/\/i0.wp.com\/www.balticmedia.com\/wp-content\/uploads\/news5-300-1.jpg?resize=300%2C145&#038;ssl=1\" alt=\"translators\" width=\"300\" height=\"145\" title=\"\"><\/a><\/p>\n<p>Kun tarvitset korkealaatuista ihmisk\u00e4\u00e4nn\u00f6st\u00e4 suurempaa projektia varten, voimme tarjota joukkopohjaisen alustan, jossa monta ihmisk\u00e4\u00e4nt\u00e4j\u00e4\u00e4 toimii yht\u00e4 aikaa. T\u00e4m\u00e4 joukkopohjainen l\u00e4hestymistapa voi tarjota enemm\u00e4n lis\u00e4arvoa investoinnillesi.<\/p>\n<p>Ihmisk\u00e4\u00e4nt\u00e4j\u00e4mme k\u00e4ytt\u00e4v\u00e4t <strong>CAT-ty\u00f6kaluja (computer-assisted translation eli tietokoneavusteinen k\u00e4\u00e4nt\u00e4minen)<\/strong>, jotka mahdollistavat k\u00e4\u00e4nn\u00f6smuistin luonnin tulevaa k\u00e4ytt\u00f6\u00e4 varten, tekstieditoriohjelmiston, tyylioppaita ja sanastoja, jotka auttavat meit\u00e4 yll\u00e4pit\u00e4m\u00e4\u00e4n terminologiaa johdonmukaisesti.<\/p>\n<p>Jos haluat lis\u00e4tietoja k\u00e4\u00e4nn\u00f6spalveluistamme tai haluat pyyt\u00e4\u00e4 ilmaista tarjousta tai esityst\u00e4, soita meille numeroon<strong> +46 8 767 6024 tai +371 67 224 327<\/strong> tai ota yhteytt\u00e4 projektip\u00e4\u00e4llik\u00f6ihimme s\u00e4hk\u00f6postitse osoitteessa <a href=\"mailto:nordics@balticmedia.com\">nordics@balticmedia.com<\/a>.<\/p>\n<\/div>\n<\/div>\n<\/div><\/div><\/div><\/div><\/div>","protected":false},"excerpt":{"rendered":"<p>Pohjois-Eurooppa on lingvistinen alueemme Pohjois- ja l\u00e4nsigermaaniset, balttialaiset, it\u00e4merensuomalaiset ja slaavilaiset kielet Pohjois-Eurooppa tarkoittaa maantieteellisesti Euroopan pohjoisosia tai kulttuurisesti Pohjoismaita, Baltian maita ja toisinaan my\u00f6s Britteinsaaria. Pohjois-Euroopan maiden taloudet ovat kehittyneit\u00e4 ja niiden elintasot ovat korkeimpien joukossa maailmassa. Nordic-Baltic Eight (NB8) on alueellinen kumppanuusmuoto, johon kuuluvat Tanska, Viro, Suomi, Islanti, Latvia, Liettua,Norja ja Ruotsi. Pohjoismaalais-baltialainen [&hellip;]<\/p>\n","protected":false},"author":2,"featured_media":11821,"parent":12270,"menu_order":0,"comment_status":"closed","ping_status":"closed","template":"","meta":{"ocean_post_layout":"","ocean_both_sidebars_style":"","ocean_both_sidebars_content_width":0,"ocean_both_sidebars_sidebars_width":0,"ocean_sidebar":"0","ocean_second_sidebar":"0","ocean_disable_margins":"enable","ocean_add_body_class":"","ocean_shortcode_before_top_bar":"","ocean_shortcode_after_top_bar":"","ocean_shortcode_before_header":"","ocean_shortcode_after_header":"","ocean_has_shortcode":"","ocean_shortcode_after_title":"","ocean_shortcode_before_footer_widgets":"","ocean_shortcode_after_footer_widgets":"","ocean_shortcode_before_footer_bottom":"","ocean_shortcode_after_footer_bottom":"","ocean_display_top_bar":"default","ocean_display_header":"default","ocean_header_style":"","ocean_center_header_left_menu":"0","ocean_custom_header_template":"0","ocean_custom_logo":0,"ocean_custom_retina_logo":0,"ocean_custom_logo_max_width":0,"ocean_custom_logo_tablet_max_width":0,"ocean_custom_logo_mobile_max_width":0,"ocean_custom_logo_max_height":0,"ocean_custom_logo_tablet_max_height":0,"ocean_custom_logo_mobile_max_height":0,"ocean_header_custom_menu":"0","ocean_menu_typo_font_family":"0","ocean_menu_typo_font_subset":"","ocean_menu_typo_font_size":0,"ocean_menu_typo_font_size_tablet":0,"ocean_menu_typo_font_size_mobile":0,"ocean_menu_typo_font_size_unit":"px","ocean_menu_typo_font_weight":"","ocean_menu_typo_font_weight_tablet":"","ocean_menu_typo_font_weight_mobile":"","ocean_menu_typo_transform":"","ocean_menu_typo_transform_tablet":"","ocean_menu_typo_transform_mobile":"","ocean_menu_typo_line_height":0,"ocean_menu_typo_line_height_tablet":0,"ocean_menu_typo_line_height_mobile":0,"ocean_menu_typo_line_height_unit":"","ocean_menu_typo_spacing":0,"ocean_menu_typo_spacing_tablet":0,"ocean_menu_typo_spacing_mobile":0,"ocean_menu_typo_spacing_unit":"","ocean_menu_link_color":"","ocean_menu_link_color_hover":"","ocean_menu_link_color_active":"","ocean_menu_link_background":"","ocean_menu_link_hover_background":"","ocean_menu_link_active_background":"","ocean_menu_social_links_bg":"","ocean_menu_social_hover_links_bg":"","ocean_menu_social_links_color":"","ocean_menu_social_hover_links_color":"","ocean_disable_title":"default","ocean_disable_heading":"default","ocean_post_title":"","ocean_post_subheading":"","ocean_post_title_style":"","ocean_post_title_background_color":"","ocean_post_title_background":0,"ocean_post_title_bg_image_position":"","ocean_post_title_bg_image_attachment":"","ocean_post_title_bg_image_repeat":"","ocean_post_title_bg_image_size":"","ocean_post_title_height":0,"ocean_post_title_bg_overlay":0.5,"ocean_post_title_bg_overlay_color":"","ocean_disable_breadcrumbs":"default","ocean_breadcrumbs_color":"","ocean_breadcrumbs_separator_color":"","ocean_breadcrumbs_links_color":"","ocean_breadcrumbs_links_hover_color":"","ocean_display_footer_widgets":"default","ocean_display_footer_bottom":"default","ocean_custom_footer_template":"0","ofc_meta_disable_footer_callout":"","ofc_meta_callout_button_url":"","ofc_meta_callout_button_txt":"","ofc_meta_callout_text":"","osh_disable_topbar_sticky":"default","osh_disable_header_sticky":"default","osh_sticky_header_style":"default","osh_sticky_header_effect":"","osh_custom_sticky_logo":0,"osh_custom_retina_sticky_logo":0,"osh_custom_sticky_logo_height":0,"osh_background_color":"","osh_links_color":"","osh_links_hover_color":"","osh_links_active_color":"","osh_links_bg_color":"","osh_links_hover_bg_color":"","osh_links_active_bg_color":"","osh_menu_social_links_color":"","osh_menu_social_hover_links_color":"","footnotes":""},"class_list":["post-37813","page","type-page","status-publish","has-post-thumbnail","hentry","entry","has-media"],"jetpack_sharing_enabled":true,"jetpack_likes_enabled":true,"jetpack-related-posts":[],"jetpack_shortlink":"https:\/\/wp.me\/Pe7Cu3-9PT","_links":{"self":[{"href":"https:\/\/www.balticmedia.com\/fi\/wp-json\/wp\/v2\/pages\/37813","targetHints":{"allow":["GET"]}}],"collection":[{"href":"https:\/\/www.balticmedia.com\/fi\/wp-json\/wp\/v2\/pages"}],"about":[{"href":"https:\/\/www.balticmedia.com\/fi\/wp-json\/wp\/v2\/types\/page"}],"author":[{"embeddable":true,"href":"https:\/\/www.balticmedia.com\/fi\/wp-json\/wp\/v2\/users\/2"}],"replies":[{"embeddable":true,"href":"https:\/\/www.balticmedia.com\/fi\/wp-json\/wp\/v2\/comments?post=37813"}],"version-history":[{"count":9,"href":"https:\/\/www.balticmedia.com\/fi\/wp-json\/wp\/v2\/pages\/37813\/revisions"}],"predecessor-version":[{"id":136332,"href":"https:\/\/www.balticmedia.com\/fi\/wp-json\/wp\/v2\/pages\/37813\/revisions\/136332"}],"up":[{"embeddable":true,"href":"https:\/\/www.balticmedia.com\/fi\/wp-json\/wp\/v2\/pages\/12270"}],"wp:featuredmedia":[{"embeddable":true,"href":"https:\/\/www.balticmedia.com\/fi\/wp-json\/wp\/v2\/media\/11821"}],"wp:attachment":[{"href":"https:\/\/www.balticmedia.com\/fi\/wp-json\/wp\/v2\/media?parent=37813"}],"curies":[{"name":"wp","href":"https:\/\/api.w.org\/{rel}","templated":true}]}}