{"id":35039,"date":"2021-02-03T13:34:02","date_gmt":"2021-02-03T11:34:02","guid":{"rendered":"https:\/\/www.balticmedia.com\/hinta\/our-translation-clients\/"},"modified":"2026-04-02T19:54:53","modified_gmt":"2026-04-02T16:54:53","slug":"asiakkaamme","status":"publish","type":"page","link":"https:\/\/www.balticmedia.com\/fi\/hinta\/asiakkaamme\/","title":{"rendered":"Asiakkaamme"},"content":{"rendered":"<div id=\"pl-35039\"  class=\"panel-layout\" ><div id=\"pg-35039-0\"  class=\"panel-grid panel-no-style\" ><div id=\"pgc-35039-0-0\"  class=\"panel-grid-cell\" ><div id=\"panel-35039-0-0-0\" class=\"so-panel widget widget_sow-image panel-first-child panel-last-child widgetopts-SO\" data-index=\"0\" ><div\n\t\t\t\n\t\t\tclass=\"so-widget-sow-image so-widget-sow-image-default-8b5b6f678277-35039\"\n\t\t\t\n\t\t>\n<div class=\"sow-image-container\">\n\t\t<img loading=\"lazy\" decoding=\"async\" src=\"https:\/\/i0.wp.com\/www.balticmedia.com\/wp-content\/uploads\/5blog-scaled.jpg?fit=2560%2C549&amp;ssl=1\" width=\"2560\" height=\"549\" srcset=\"https:\/\/i0.wp.com\/www.balticmedia.com\/wp-content\/uploads\/5blog-scaled.jpg?w=2560&amp;ssl=1 2560w, https:\/\/i0.wp.com\/www.balticmedia.com\/wp-content\/uploads\/5blog-scaled.jpg?resize=300%2C64&amp;ssl=1 300w, https:\/\/i0.wp.com\/www.balticmedia.com\/wp-content\/uploads\/5blog-scaled.jpg?resize=1024%2C219&amp;ssl=1 1024w, https:\/\/i0.wp.com\/www.balticmedia.com\/wp-content\/uploads\/5blog-scaled.jpg?resize=768%2C165&amp;ssl=1 768w, https:\/\/i0.wp.com\/www.balticmedia.com\/wp-content\/uploads\/5blog-scaled.jpg?resize=1536%2C329&amp;ssl=1 1536w, https:\/\/i0.wp.com\/www.balticmedia.com\/wp-content\/uploads\/5blog-scaled.jpg?resize=2048%2C439&amp;ssl=1 2048w, https:\/\/i0.wp.com\/www.balticmedia.com\/wp-content\/uploads\/5blog-scaled.jpg?w=2400&amp;ssl=1 2400w\" title=\"5blog\" alt=\"\" class=\"so-widget-image\">\n\t<\/div>\n\n<\/div><\/div><\/div><\/div><div id=\"pg-35039-1\"  class=\"panel-grid panel-no-style\" ><div id=\"pgc-35039-1-0\"  class=\"panel-grid-cell\" ><div id=\"panel-35039-1-0-0\" class=\"so-panel widget widget_sow-editor panel-first-child\" data-index=\"1\" ><div\n\t\t\t\n\t\t\tclass=\"so-widget-sow-editor so-widget-sow-editor-base\"\n\t\t\t\n\t\t>\n<div class=\"siteorigin-widget-tinymce textwidget\">\n\t<pre><form aria-label=\"Search this website\" role=\"search\" method=\"get\" class=\"oceanwp-searchform\" id=\"searchform\" action=\"https:\/\/www.balticmedia.com\/fi\/\"><input aria-label=\"Insert search query\" type=\"text\" class=\"field\" name=\"s\" id=\"s\" placeholder=\"Search\"><button aria-label=\"Submit your search\" type=\"submit\" class=\"search-submit\" value=\"\"><i class=\"icon-magnifier\" aria-hidden=\"true\"><\/i><\/button><\/form><\/pre>\n<\/div>\n<\/div><\/div><div id=\"panel-35039-1-0-1\" class=\"so-panel widget widget_ocean_custom_menu widget-oceanwp-custom-menu custom-menu-widget extendedwopts-hide extendedwopts-tablet extendedwopts-mobile widgetopts-SO\" data-index=\"2\" ><div class=\"oceanwp-custom-menu clr ocean_custom_menu-2 left dropdown-hover\"><ul id=\"menu-prices-fi\" class=\"dropdown-menu sf-menu\"><li  id=\"menu-item-49448\" class=\"menu-item menu-item-type-post_type menu-item-object-page menu-item-49448\"><a href=\"https:\/\/www.balticmedia.com\/fi\/hinta\/\" class=\"menu-link\">K\u00e4\u00e4nn\u00f6ksen hinta<\/a><\/li>\n<li  id=\"menu-item-49453\" class=\"menu-item menu-item-type-post_type menu-item-object-page menu-item-49453\"><a href=\"https:\/\/www.balticmedia.com\/fi\/hinta\/kaannosten-hinnat\/\" class=\"menu-link\">K\u00e4\u00e4nn\u00f6sten hinnat<\/a><\/li>\n<li  id=\"menu-item-49454\" class=\"menu-item menu-item-type-post_type menu-item-object-page menu-item-49454\"><a href=\"https:\/\/www.balticmedia.com\/fi\/hinta\/miten-valita-kaannostoimisto\/\" class=\"menu-link\">Miten valita k\u00e4\u00e4nn\u00f6stoimisto<\/a><\/li>\n<li  id=\"menu-item-49452\" class=\"menu-item menu-item-type-post_type menu-item-object-page menu-item-49452\"><a href=\"https:\/\/www.balticmedia.com\/fi\/hinta\/kielen-kaannospalvelun-laatu\/\" class=\"menu-link\">K\u00e4\u00e4nn\u00f6sten laatu ISO 9001:2015 -laatusertifiointi<\/a><\/li>\n<li  id=\"menu-item-49451\" class=\"menu-item menu-item-type-post_type menu-item-object-page menu-item-49451\"><a href=\"https:\/\/www.balticmedia.com\/fi\/hinta\/asiakkaamme\/\" class=\"menu-link\">Asiakkaamme<\/a><\/li>\n<li  id=\"menu-item-49449\" class=\"menu-item menu-item-type-post_type menu-item-object-page menu-item-49449\"><a href=\"https:\/\/www.balticmedia.com\/fi\/hinta\/asiakasreferenssit\/\" class=\"menu-link\">Asiakasreferenssit<\/a><\/li>\n<li  id=\"menu-item-49450\" class=\"menu-item menu-item-type-post_type menu-item-object-page menu-item-49450\"><a href=\"https:\/\/www.balticmedia.com\/fi\/hinta\/suosituslomake\/\" class=\"menu-link\">Asiakastyytyv\u00e4isyyskysely<\/a><\/li>\n<li  id=\"menu-item-101245\" class=\"menu-item menu-item-type-post_type menu-item-object-page menu-item-101245\"><a href=\"https:\/\/www.balticmedia.com\/fi\/sivustokartta\/\" class=\"menu-link\">Sivustokartta<\/a><\/li>\n<li  id=\"menu-item-133071\" class=\"menu-item menu-item-type-post_type menu-item-object-page menu-item-133071\"><a href=\"https:\/\/www.balticmedia.com\/fi\/kirjallisuuden-kaannospalvelut\/\" class=\"menu-link\">Kirjallisuuden k\u00e4\u00e4nn\u00f6spalvelut<\/a><\/li>\n<\/ul><\/div><\/div><div id=\"panel-35039-1-0-2\" class=\"so-panel widget widget_ocean_custom_menu widget-oceanwp-custom-menu custom-menu-widget panel-last-child extendedwopts-hide extendedwopts-tablet extendedwopts-mobile widgetopts-SO\" data-index=\"3\" ><div class=\"oceanwp-custom-menu clr ocean_custom_menu-2 left dropdown-hover\"><ul id=\"menu-yhteistyokumppanit\" class=\"dropdown-menu sf-menu\"><li  id=\"menu-item-14895\" class=\"menu-item menu-item-type-custom menu-item-object-custom menu-item-14895\"><a target=\"_blank\" href=\"https:\/\/balticmedia.s.xtrf.eu\/vendors\/#\/sign-in\" class=\"menu-link\" rel=\"nofollow noopener\"><i class=\"icon before line-icon icon-briefcase\" aria-hidden=\"true\" style=\"font-size:2em;\"><\/i><span class=\"menu-text\">Kumppaniportaali<\/span><\/a><\/li>\n<li  id=\"menu-item-14896\" class=\"menu-item menu-item-type-custom menu-item-object-custom menu-item-14896\"><a target=\"_blank\" href=\"https:\/\/www.balticmedia.com\/wp-content\/uploads\/11-Reasons-to-Choose-Baltic-Media-2026.pdf\" class=\"menu-link\"><i class=\"icon before line-icon icon-people\" aria-hidden=\"true\" style=\"font-size:2em;\"><\/i><span class=\"menu-text\">Yritysprofiili<\/span><\/a><\/li>\n<li  id=\"menu-item-14897\" class=\"menu-item menu-item-type-custom menu-item-object-custom menu-item-14897\"><a target=\"_blank\" href=\"https:\/\/www.balticmedia.com\/wp-content\/uploads\/kaannostoimisto-fi.pdf\" class=\"menu-link\"><i class=\"icon before line-icon icon-organization\" aria-hidden=\"true\" style=\"font-size:2em;\"><\/i><span class=\"menu-text\">K\u00e4\u00e4nn\u00f6ksen, lokalisoinnin ja luovan k\u00e4\u00e4nn\u00f6ksen prosessi<\/span><\/a><\/li>\n<li  id=\"menu-item-14898\" class=\"menu-item menu-item-type-custom menu-item-object-custom menu-item-14898\"><a target=\"_blank\" href=\"https:\/\/www.balticmedia.com\/wp-content\/uploads\/Baltic-Media-Ltd.-Service-Terms-and-Conditions.pdf\" class=\"menu-link\"><i class=\"icon before line-icon icon-docs\" aria-hidden=\"true\" style=\"font-size:2em;\"><\/i><span class=\"menu-text\">Palveluehdot (EN)<\/span><\/a><\/li>\n<li  id=\"menu-item-14899\" class=\"menu-item menu-item-type-custom menu-item-object-custom menu-item-14899\"><a target=\"_blank\" href=\"https:\/\/www.balticmedia.com\/wp-content\/uploads\/iSO-certificate-2023.png\" class=\"menu-link\"><i class=\"icon before line-icon icon-doc\" aria-hidden=\"true\" style=\"font-size:2em;\"><\/i><span class=\"menu-text\">ISO 9001:2015 Quality Certification<\/span><\/a><\/li>\n<li  id=\"menu-item-14900\" class=\"menu-item menu-item-type-custom menu-item-object-custom menu-item-14900\"><a target=\"_blank\" href=\"https:\/\/www.balticmedia.com\/wp-content\/uploads\/362531_copyrighttrademarkbalticmedia.pdf\" class=\"menu-link\"><i class=\"icon before line-icon icon-info\" aria-hidden=\"true\" style=\"font-size:2em;\"><\/i><span class=\"menu-text\">Copyright | Trademark Baltic Media<sup>\u00ae<\/sup><\/span><\/a><\/li>\n<\/ul><\/div><\/div><\/div><div id=\"pgc-35039-1-1\"  class=\"panel-grid-cell\" ><div id=\"panel-35039-1-1-0\" class=\"so-panel widget widget_sow-editor panel-first-child panel-last-child widgetopts-SO\" data-index=\"4\" ><div\n\t\t\t\n\t\t\tclass=\"so-widget-sow-editor so-widget-sow-editor-base\"\n\t\t\t\n\t\t>\n<div class=\"siteorigin-widget-tinymce textwidget\">\n\t<h2>Jotkut k\u00e4\u00e4nn\u00f6sasiakkaamme<\/h2>\n<h2>Positiivinen asiakaspalaute - keskim\u00e4\u00e4rin 4.90\/5 t\u00e4hte\u00e4<\/h2>\n<p>Baltic Media<sup>\u00ae<\/sup>:n suurin arvo on asiakkaidemme etujen kunnioittaminen tarjoamalla heille ammattitaitoista, laadukasta ja oikea-aikaista palvelua. Korkea asiakastyytyv\u00e4isyys on meille ykk\u00f6sprioriteetti, ja ker\u00e4\u00e4mme vuosittain asiakkailtamme palautetta arvioidaksemme tarjottujen palveluiden laatua sek\u00e4 projektip\u00e4\u00e4llik\u00f6iden asiantuntemusta ja reagointikyky\u00e4. Meill\u00e4 on ilo kertoa, ett\u00e4 vuonna 2026 asiakkaamme ovat arvostelleet Baltic Median\u00ae kielipalvelut korkealla tasolla (kokonaisarviointi \u2013 4,9\/5 pistett\u00e4) ylist\u00e4en toimitettujen tiedostojen laatua, projektip\u00e4\u00e4llik\u00f6iden reagointikyky\u00e4 ja avuliaisuutta sek\u00e4 palvelun oikea-aikaisuutta. Projektin toimitukset.<\/p>\n<p>Asiakastyytyv\u00e4isyys on menestyksemme avaintekij\u00e4. Kokeile meit\u00e4, niin n\u00e4et itse!<\/p>\n<div data-src=\"https:\/\/cdn.trustindex.io\/loader.js?5ebd46d68b35719a8a86bf7a450\"><\/div>\n<div>\n<p>Pohjoismaalais-baltialainen k\u00e4\u00e4nn\u00f6stoimisto Baltic Media<sup>\u00ae<\/sup> on Pohjois-Euroopan johtava digitaalisten k\u00e4\u00e4nn\u00f6spalvelujen tarjoaja, joka erikoistuu pohjoiseurooppalaisiin kieliin (mukaan lukien pohjoismaiset, baltialaiset ja slaavilaiset kielet) ja p\u00e4\u00e4asiassa k\u00e4\u00e4nn\u00f6spalveluihin ruotsin, suomen, tanskan, islannin, f\u00e4\u00e4rin, norjan, saksan, englannin, puolan, ven\u00e4j\u00e4n, latvian, liettuan ja viron kielill\u00e4.<\/p>\n<p>ISO-sertifioituna kielipalvelujen tarjoajana k\u00e4\u00e4nn\u00f6stoimisto Baltic Media<sup>\u00ae<\/sup> tarjoaa ihmisten tekemi\u00e4 k\u00e4\u00e4nn\u00f6spalveluja yrityksille, julkishallinnollisille ja yksityisille asiakkaille.<\/p>\n<\/div>\n<div>\n<div><a href=\"https:\/\/i0.wp.com\/www.balticmedia.com\/wp-content\/uploads\/logo_ar_globusu_stillbild_kvadrats.jpg?ssl=1\"><img data-recalc-dims=\"1\" loading=\"lazy\" decoding=\"async\" class=\"alignnone wp-image-6507 size-full\" src=\"https:\/\/i0.wp.com\/www.balticmedia.com\/wp-content\/uploads\/logo_ar_globusu_stillbild_kvadrats.jpg?resize=1012%2C630&#038;ssl=1\" alt=\"Baltic Media&lt;sup&gt;\u00ae&lt;\/sup&gt; Jotkut k\u00e4\u00e4nn\u00f6sasiakkaamme\" width=\"1012\" height=\"630\" title=\"\"><\/a><\/div>\n<\/div>\n<h2><b><u>Teollisuus<\/u><\/b><\/h2>\n<p><img data-recalc-dims=\"1\" loading=\"lazy\" decoding=\"async\" class=\"alignnone wp-image-14874 size-full\" src=\"https:\/\/i0.wp.com\/www.balticmedia.com\/wp-content\/uploads\/Screenshot-2021-02-03-at-11.01.48-AM-1.png?resize=620%2C807&#038;ssl=1\" alt=\"Industrial Clients\" width=\"620\" height=\"807\" srcset=\"https:\/\/i0.wp.com\/www.balticmedia.com\/wp-content\/uploads\/Screenshot-2021-02-03-at-11.01.48-AM-1.png?w=620&amp;ssl=1 620w, https:\/\/i0.wp.com\/www.balticmedia.com\/wp-content\/uploads\/Screenshot-2021-02-03-at-11.01.48-AM-1.png?resize=230%2C300&amp;ssl=1 230w\" sizes=\"auto, (max-width: 620px) 100vw, 620px\" title=\"\"><\/p>\n<h2><b><u>Rahoitus ja laki<\/u><\/b><\/h2>\n<p><img data-recalc-dims=\"1\" loading=\"lazy\" decoding=\"async\" class=\"alignnone size-full wp-image-2986\" src=\"https:\/\/i0.wp.com\/www.balticmedia.com\/wp-content\/uploads\/Screenshot-2021-02-03-at-11.01.59-AM.png?resize=616%2C550&#038;ssl=1\" alt=\"\" width=\"616\" height=\"550\" srcset=\"https:\/\/i0.wp.com\/www.balticmedia.com\/wp-content\/uploads\/Screenshot-2021-02-03-at-11.01.59-AM.png?w=616&amp;ssl=1 616w, https:\/\/i0.wp.com\/www.balticmedia.com\/wp-content\/uploads\/Screenshot-2021-02-03-at-11.01.59-AM.png?resize=300%2C268&amp;ssl=1 300w\" sizes=\"auto, (max-width: 616px) 100vw, 616px\" title=\"\"><\/p>\n<h2><b><u>EU- ja hallintoinstituutiot<\/u><\/b><\/h2>\n<p><img data-recalc-dims=\"1\" loading=\"lazy\" decoding=\"async\" class=\"alignnone size-full wp-image-2998\" src=\"https:\/\/i0.wp.com\/www.balticmedia.com\/wp-content\/uploads\/Screenshot-2021-02-03-at-11.02.11-AM.png?resize=662%2C823&#038;ssl=1\" alt=\"\" width=\"662\" height=\"823\" srcset=\"https:\/\/i0.wp.com\/www.balticmedia.com\/wp-content\/uploads\/Screenshot-2021-02-03-at-11.02.11-AM.png?w=662&amp;ssl=1 662w, https:\/\/i0.wp.com\/www.balticmedia.com\/wp-content\/uploads\/Screenshot-2021-02-03-at-11.02.11-AM.png?resize=241%2C300&amp;ssl=1 241w\" sizes=\"auto, (max-width: 662px) 100vw, 662px\" title=\"\"><\/p>\n<h2><b><u>Teknologia ja televiestint\u00e4<\/u><\/b><\/h2>\n<p><img data-recalc-dims=\"1\" loading=\"lazy\" decoding=\"async\" class=\"alignnone size-full wp-image-3010\" src=\"https:\/\/i0.wp.com\/www.balticmedia.com\/wp-content\/uploads\/Screenshot-2021-02-03-at-11.02.23-AM.png?resize=608%2C587&#038;ssl=1\" alt=\"\" width=\"608\" height=\"587\" srcset=\"https:\/\/i0.wp.com\/www.balticmedia.com\/wp-content\/uploads\/Screenshot-2021-02-03-at-11.02.23-AM.png?w=608&amp;ssl=1 608w, https:\/\/i0.wp.com\/www.balticmedia.com\/wp-content\/uploads\/Screenshot-2021-02-03-at-11.02.23-AM.png?resize=300%2C290&amp;ssl=1 300w\" sizes=\"auto, (max-width: 608px) 100vw, 608px\" title=\"\"><\/p>\n<h2><b><u>Rakennus, kiinteist\u00f6t<\/u><\/b><\/h2>\n<p><img data-recalc-dims=\"1\" loading=\"lazy\" decoding=\"async\" class=\"alignnone size-full wp-image-3022\" src=\"https:\/\/i0.wp.com\/www.balticmedia.com\/wp-content\/uploads\/Screenshot-2021-02-03-at-11.02.32-AM.png?resize=607%2C362&#038;ssl=1\" alt=\"\" width=\"607\" height=\"362\" srcset=\"https:\/\/i0.wp.com\/www.balticmedia.com\/wp-content\/uploads\/Screenshot-2021-02-03-at-11.02.32-AM.png?w=607&amp;ssl=1 607w, https:\/\/i0.wp.com\/www.balticmedia.com\/wp-content\/uploads\/Screenshot-2021-02-03-at-11.02.32-AM.png?resize=300%2C179&amp;ssl=1 300w\" sizes=\"auto, (max-width: 607px) 100vw, 607px\" title=\"\"><\/p>\n<h2><b><u>Farmakologia, l\u00e4\u00e4ketiede<\/u><\/b><\/h2>\n<p><img data-recalc-dims=\"1\" loading=\"lazy\" decoding=\"async\" class=\"alignnone size-full wp-image-3034\" src=\"https:\/\/i0.wp.com\/www.balticmedia.com\/wp-content\/uploads\/Screenshot-2021-02-03-at-11.02.41-AM.png?resize=609%2C433&#038;ssl=1\" alt=\"\" width=\"609\" height=\"433\" srcset=\"https:\/\/i0.wp.com\/www.balticmedia.com\/wp-content\/uploads\/Screenshot-2021-02-03-at-11.02.41-AM.png?w=609&amp;ssl=1 609w, https:\/\/i0.wp.com\/www.balticmedia.com\/wp-content\/uploads\/Screenshot-2021-02-03-at-11.02.41-AM.png?resize=300%2C213&amp;ssl=1 300w\" sizes=\"auto, (max-width: 609px) 100vw, 609px\" title=\"\"><\/p>\n<h2><b><u>Media, mainostus, markkinointi ja PR<\/u><\/b><\/h2>\n<p><img data-recalc-dims=\"1\" loading=\"lazy\" decoding=\"async\" class=\"alignnone size-full wp-image-3046\" src=\"https:\/\/i0.wp.com\/www.balticmedia.com\/wp-content\/uploads\/Screenshot-2021-02-03-at-11.02.52-AM.png?resize=605%2C332&#038;ssl=1\" alt=\"\" width=\"605\" height=\"332\" srcset=\"https:\/\/i0.wp.com\/www.balticmedia.com\/wp-content\/uploads\/Screenshot-2021-02-03-at-11.02.52-AM.png?w=605&amp;ssl=1 605w, https:\/\/i0.wp.com\/www.balticmedia.com\/wp-content\/uploads\/Screenshot-2021-02-03-at-11.02.52-AM.png?resize=300%2C165&amp;ssl=1 300w\" sizes=\"auto, (max-width: 605px) 100vw, 605px\" title=\"\"><\/p>\n<h2><b><u>Auto- ja kuljetus<\/u><\/b><\/h2>\n<p><img data-recalc-dims=\"1\" loading=\"lazy\" decoding=\"async\" class=\"alignnone size-full wp-image-3058\" src=\"https:\/\/i0.wp.com\/www.balticmedia.com\/wp-content\/uploads\/Screenshot-2021-02-03-at-11.03.03-AM.png?resize=607%2C537&#038;ssl=1\" alt=\"\" width=\"607\" height=\"537\" srcset=\"https:\/\/i0.wp.com\/www.balticmedia.com\/wp-content\/uploads\/Screenshot-2021-02-03-at-11.03.03-AM.png?w=607&amp;ssl=1 607w, https:\/\/i0.wp.com\/www.balticmedia.com\/wp-content\/uploads\/Screenshot-2021-02-03-at-11.03.03-AM.png?resize=300%2C265&amp;ssl=1 300w\" sizes=\"auto, (max-width: 607px) 100vw, 607px\" title=\"\"><\/p>\n<h2><b><u>Maatalous, elintarviketeollisuus<\/u><\/b><\/h2>\n<p><img data-recalc-dims=\"1\" loading=\"lazy\" decoding=\"async\" class=\"alignnone size-full wp-image-3070\" src=\"https:\/\/i0.wp.com\/www.balticmedia.com\/wp-content\/uploads\/Screenshot-2021-02-03-at-11.03.10-AM.png?resize=609%2C347&#038;ssl=1\" alt=\"\" width=\"609\" height=\"347\" srcset=\"https:\/\/i0.wp.com\/www.balticmedia.com\/wp-content\/uploads\/Screenshot-2021-02-03-at-11.03.10-AM.png?w=609&amp;ssl=1 609w, https:\/\/i0.wp.com\/www.balticmedia.com\/wp-content\/uploads\/Screenshot-2021-02-03-at-11.03.10-AM.png?resize=300%2C171&amp;ssl=1 300w\" sizes=\"auto, (max-width: 609px) 100vw, 609px\" title=\"\"><\/p>\n<h2><b><u>Muut<\/u><\/b><\/h2>\n<p><img data-recalc-dims=\"1\" loading=\"lazy\" decoding=\"async\" class=\"alignnone size-full wp-image-3082\" src=\"https:\/\/i0.wp.com\/www.balticmedia.com\/wp-content\/uploads\/Screenshot-2021-02-03-at-11.03.19-AM.png?resize=608%2C332&#038;ssl=1\" alt=\"\" width=\"608\" height=\"332\" srcset=\"https:\/\/i0.wp.com\/www.balticmedia.com\/wp-content\/uploads\/Screenshot-2021-02-03-at-11.03.19-AM.png?w=608&amp;ssl=1 608w, https:\/\/i0.wp.com\/www.balticmedia.com\/wp-content\/uploads\/Screenshot-2021-02-03-at-11.03.19-AM.png?resize=300%2C164&amp;ssl=1 300w\" sizes=\"auto, (max-width: 608px) 100vw, 608px\" title=\"\"><\/p>\n<\/div>\n<\/div><\/div><\/div><\/div><\/div>","protected":false},"excerpt":{"rendered":"<p>Jotkut k\u00e4\u00e4nn\u00f6sasiakkaamme Positiivinen asiakaspalaute &#8211; keskim\u00e4\u00e4rin 4.90\/5 t\u00e4hte\u00e4 Baltic Media\u00ae:n suurin arvo on asiakkaidemme etujen kunnioittaminen tarjoamalla heille ammattitaitoista, laadukasta ja oikea-aikaista palvelua. Korkea asiakastyytyv\u00e4isyys on meille ykk\u00f6sprioriteetti, ja ker\u00e4\u00e4mme vuosittain asiakkailtamme palautetta arvioidaksemme tarjottujen palveluiden laatua sek\u00e4 projektip\u00e4\u00e4llik\u00f6iden asiantuntemusta ja reagointikyky\u00e4. Meill\u00e4 on ilo kertoa, ett\u00e4 vuonna 2026 asiakkaamme ovat arvostelleet Baltic Median\u00ae kielipalvelut [&hellip;]<\/p>\n","protected":false},"author":2,"featured_media":0,"parent":16180,"menu_order":0,"comment_status":"closed","ping_status":"closed","template":"","meta":{"ocean_post_layout":"","ocean_both_sidebars_style":"","ocean_both_sidebars_content_width":0,"ocean_both_sidebars_sidebars_width":0,"ocean_sidebar":"0","ocean_second_sidebar":"0","ocean_disable_margins":"enable","ocean_add_body_class":"","ocean_shortcode_before_top_bar":"","ocean_shortcode_after_top_bar":"","ocean_shortcode_before_header":"","ocean_shortcode_after_header":"","ocean_has_shortcode":"","ocean_shortcode_after_title":"","ocean_shortcode_before_footer_widgets":"","ocean_shortcode_after_footer_widgets":"","ocean_shortcode_before_footer_bottom":"","ocean_shortcode_after_footer_bottom":"","ocean_display_top_bar":"default","ocean_display_header":"default","ocean_header_style":"","ocean_center_header_left_menu":"0","ocean_custom_header_template":"0","ocean_custom_logo":0,"ocean_custom_retina_logo":0,"ocean_custom_logo_max_width":0,"ocean_custom_logo_tablet_max_width":0,"ocean_custom_logo_mobile_max_width":0,"ocean_custom_logo_max_height":0,"ocean_custom_logo_tablet_max_height":0,"ocean_custom_logo_mobile_max_height":0,"ocean_header_custom_menu":"0","ocean_menu_typo_font_family":"0","ocean_menu_typo_font_subset":"","ocean_menu_typo_font_size":0,"ocean_menu_typo_font_size_tablet":0,"ocean_menu_typo_font_size_mobile":0,"ocean_menu_typo_font_size_unit":"px","ocean_menu_typo_font_weight":"","ocean_menu_typo_font_weight_tablet":"","ocean_menu_typo_font_weight_mobile":"","ocean_menu_typo_transform":"","ocean_menu_typo_transform_tablet":"","ocean_menu_typo_transform_mobile":"","ocean_menu_typo_line_height":0,"ocean_menu_typo_line_height_tablet":0,"ocean_menu_typo_line_height_mobile":0,"ocean_menu_typo_line_height_unit":"","ocean_menu_typo_spacing":0,"ocean_menu_typo_spacing_tablet":0,"ocean_menu_typo_spacing_mobile":0,"ocean_menu_typo_spacing_unit":"","ocean_menu_link_color":"","ocean_menu_link_color_hover":"","ocean_menu_link_color_active":"","ocean_menu_link_background":"","ocean_menu_link_hover_background":"","ocean_menu_link_active_background":"","ocean_menu_social_links_bg":"","ocean_menu_social_hover_links_bg":"","ocean_menu_social_links_color":"","ocean_menu_social_hover_links_color":"","ocean_disable_title":"default","ocean_disable_heading":"default","ocean_post_title":"","ocean_post_subheading":"","ocean_post_title_style":"","ocean_post_title_background_color":"","ocean_post_title_background":0,"ocean_post_title_bg_image_position":"","ocean_post_title_bg_image_attachment":"","ocean_post_title_bg_image_repeat":"","ocean_post_title_bg_image_size":"","ocean_post_title_height":0,"ocean_post_title_bg_overlay":0.5,"ocean_post_title_bg_overlay_color":"","ocean_disable_breadcrumbs":"default","ocean_breadcrumbs_color":"","ocean_breadcrumbs_separator_color":"","ocean_breadcrumbs_links_color":"","ocean_breadcrumbs_links_hover_color":"","ocean_display_footer_widgets":"default","ocean_display_footer_bottom":"default","ocean_custom_footer_template":"0","ofc_meta_disable_footer_callout":"","ofc_meta_callout_button_url":"","ofc_meta_callout_button_txt":"","ofc_meta_callout_text":"","osh_disable_topbar_sticky":"default","osh_disable_header_sticky":"default","osh_sticky_header_style":"default","osh_sticky_header_effect":"","osh_custom_sticky_logo":0,"osh_custom_retina_sticky_logo":0,"osh_custom_sticky_logo_height":0,"osh_background_color":"","osh_links_color":"","osh_links_hover_color":"","osh_links_active_color":"","osh_links_bg_color":"","osh_links_hover_bg_color":"","osh_links_active_bg_color":"","osh_menu_social_links_color":"","osh_menu_social_hover_links_color":"","footnotes":""},"class_list":["post-35039","page","type-page","status-publish","hentry","entry"],"jetpack_sharing_enabled":true,"jetpack_likes_enabled":true,"jetpack-related-posts":[],"jetpack_shortlink":"https:\/\/wp.me\/Pe7Cu3-979","_links":{"self":[{"href":"https:\/\/www.balticmedia.com\/fi\/wp-json\/wp\/v2\/pages\/35039","targetHints":{"allow":["GET"]}}],"collection":[{"href":"https:\/\/www.balticmedia.com\/fi\/wp-json\/wp\/v2\/pages"}],"about":[{"href":"https:\/\/www.balticmedia.com\/fi\/wp-json\/wp\/v2\/types\/page"}],"author":[{"embeddable":true,"href":"https:\/\/www.balticmedia.com\/fi\/wp-json\/wp\/v2\/users\/2"}],"replies":[{"embeddable":true,"href":"https:\/\/www.balticmedia.com\/fi\/wp-json\/wp\/v2\/comments?post=35039"}],"version-history":[{"count":11,"href":"https:\/\/www.balticmedia.com\/fi\/wp-json\/wp\/v2\/pages\/35039\/revisions"}],"predecessor-version":[{"id":142902,"href":"https:\/\/www.balticmedia.com\/fi\/wp-json\/wp\/v2\/pages\/35039\/revisions\/142902"}],"up":[{"embeddable":true,"href":"https:\/\/www.balticmedia.com\/fi\/wp-json\/wp\/v2\/pages\/16180"}],"wp:attachment":[{"href":"https:\/\/www.balticmedia.com\/fi\/wp-json\/wp\/v2\/media?parent=35039"}],"curies":[{"name":"wp","href":"https:\/\/api.w.org\/{rel}","templated":true}]}}