{"id":28570,"date":"2021-01-30T12:07:58","date_gmt":"2021-01-30T10:07:58","guid":{"rendered":"https:\/\/www.balticmedia.com\/tietoja-meista\/our-story\/"},"modified":"2023-09-24T10:34:12","modified_gmt":"2023-09-24T07:34:12","slug":"meidan-tarinamme","status":"publish","type":"page","link":"https:\/\/www.balticmedia.com\/fi\/kaannospalvelut-pohjois-euroopassa\/meidan-tarinamme\/","title":{"rendered":"Meid\u00e4n tarinamme"},"content":{"rendered":"<div id=\"pl-28570\"  class=\"panel-layout\" ><div id=\"pg-28570-0\"  class=\"panel-grid panel-no-style\" ><div id=\"pgc-28570-0-0\"  class=\"panel-grid-cell\" ><div id=\"panel-28570-0-0-0\" class=\"so-panel widget widget_sow-image panel-first-child panel-last-child widgetopts-SO\" data-index=\"0\" ><div\n\t\t\t\n\t\t\tclass=\"so-widget-sow-image so-widget-sow-image-default-8b5b6f678277-28570\"\n\t\t\t\n\t\t>\n<div class=\"sow-image-container\">\n\t\t<img loading=\"lazy\" decoding=\"async\" src=\"https:\/\/i0.wp.com\/www.balticmedia.com\/wp-content\/uploads\/1about_us-scaled-1.jpg?fit=2560%2C549&amp;ssl=1\" width=\"2560\" height=\"549\" srcset=\"https:\/\/i0.wp.com\/www.balticmedia.com\/wp-content\/uploads\/1about_us-scaled-1.jpg?w=2560&amp;ssl=1 2560w, https:\/\/i0.wp.com\/www.balticmedia.com\/wp-content\/uploads\/1about_us-scaled-1.jpg?resize=300%2C64&amp;ssl=1 300w, https:\/\/i0.wp.com\/www.balticmedia.com\/wp-content\/uploads\/1about_us-scaled-1.jpg?resize=1024%2C220&amp;ssl=1 1024w, https:\/\/i0.wp.com\/www.balticmedia.com\/wp-content\/uploads\/1about_us-scaled-1.jpg?resize=768%2C165&amp;ssl=1 768w, https:\/\/i0.wp.com\/www.balticmedia.com\/wp-content\/uploads\/1about_us-scaled-1.jpg?resize=1536%2C329&amp;ssl=1 1536w, https:\/\/i0.wp.com\/www.balticmedia.com\/wp-content\/uploads\/1about_us-scaled-1.jpg?resize=2048%2C439&amp;ssl=1 2048w, https:\/\/i0.wp.com\/www.balticmedia.com\/wp-content\/uploads\/1about_us-scaled-1.jpg?w=2400&amp;ssl=1 2400w\" title=\"1about_us\" alt=\"\" class=\"so-widget-image\">\n\t<\/div>\n\n<\/div><\/div><\/div><\/div><div id=\"pg-28570-1\"  class=\"panel-grid panel-no-style\" ><div id=\"pgc-28570-1-0\"  class=\"panel-grid-cell\" ><div id=\"panel-28570-1-0-0\" class=\"so-panel widget widget_sow-editor panel-first-child widgetopts-SO\" data-index=\"1\" ><div\n\t\t\t\n\t\t\tclass=\"so-widget-sow-editor so-widget-sow-editor-base\"\n\t\t\t\n\t\t>\n<div class=\"siteorigin-widget-tinymce textwidget\">\n\t<pre><form aria-label=\"Search this website\" role=\"search\" method=\"get\" class=\"oceanwp-searchform\" id=\"searchform\" action=\"https:\/\/www.balticmedia.com\/fi\/\"><input aria-label=\"Insert search query\" type=\"text\" class=\"field\" name=\"s\" id=\"s\" placeholder=\"Search\"><button aria-label=\"Submit your search\" type=\"submit\" class=\"search-submit\" value=\"\"><i class=\"icon-magnifier\" aria-hidden=\"true\"><\/i><\/button><\/form><\/pre>\n<\/div>\n<\/div><\/div><div id=\"panel-28570-1-0-1\" class=\"so-panel widget widget_ocean_custom_menu widget-oceanwp-custom-menu custom-menu-widget extendedwopts-hide extendedwopts-tablet extendedwopts-mobile widgetopts-SO\" data-index=\"2\" ><div class=\"oceanwp-custom-menu clr ocean_custom_menu-2 left dropdown-hover\"><ul id=\"menu-tietoja-meista\" class=\"dropdown-menu sf-menu\"><li  id=\"menu-item-41192\" class=\"menu-item menu-item-type-post_type menu-item-object-page menu-item-41192\"><a href=\"https:\/\/www.balticmedia.com\/fi\/kaannospalvelut-pohjois-euroopassa\/\" class=\"menu-link\">K\u00e4\u00e4nn\u00f6spalvelut Pohjois-Euroopassa<\/a><\/li>\n<li  id=\"menu-item-41193\" class=\"menu-item menu-item-type-post_type menu-item-object-page menu-item-41193\"><a href=\"https:\/\/www.balticmedia.com\/fi\/kaannospalvelut-pohjois-euroopassa\/arvot\/\" class=\"menu-link\">Arvot<\/a><\/li>\n<li  id=\"menu-item-41194\" class=\"menu-item menu-item-type-post_type menu-item-object-page menu-item-41194\"><a href=\"https:\/\/www.balticmedia.com\/fi\/ihmiskaannokset\/\" class=\"menu-link\">Ihmisk\u00e4\u00e4nn\u00f6kset<\/a><\/li>\n<li  id=\"menu-item-41195\" class=\"menu-item menu-item-type-post_type menu-item-object-page menu-item-41195\"><a href=\"https:\/\/www.balticmedia.com\/fi\/kaannospalvelut-pohjois-euroopassa\/kaannoksen-prosessi-vaihe-vaiheelta\/\" class=\"menu-link\">K\u00e4\u00e4nn\u00f6ksen prosessi vaihe vaiheelta<\/a><\/li>\n<li  id=\"menu-item-41197\" class=\"menu-item menu-item-type-post_type menu-item-object-page menu-item-41197\"><a href=\"https:\/\/www.balticmedia.com\/fi\/kaannospalvelut-pohjois-euroopassa\/meidan-tarinamme\/\" class=\"menu-link\">Meid\u00e4n tarinamme<\/a><\/li>\n<li  id=\"menu-item-41198\" class=\"menu-item menu-item-type-post_type menu-item-object-page menu-item-41198\"><a href=\"https:\/\/www.balticmedia.com\/fi\/mika-on-kaannostoimisto\/\" class=\"menu-link\">Mik\u00e4 on k\u00e4\u00e4nn\u00f6stoimisto?<\/a><\/li>\n<li  id=\"menu-item-41199\" class=\"menu-item menu-item-type-post_type menu-item-object-page menu-item-41199\"><a href=\"https:\/\/www.balticmedia.com\/fi\/kaannospalvelut-pohjois-euroopassa\/miksi-valita-kaannostoimisto-baltic-media\/\" class=\"menu-link\">Miksi valita k\u00e4\u00e4nn\u00f6stoimisto Baltic Media?<\/a><\/li>\n<li  id=\"menu-item-41196\" class=\"menu-item menu-item-type-post_type menu-item-object-page menu-item-41196\"><a href=\"https:\/\/www.balticmedia.com\/fi\/kaannospalvelut-pohjois-euroopassa\/kaannos-henkilokohtainen-koulutus\/\" class=\"menu-link\">K\u00e4\u00e4nn\u00f6s henkil\u00f6kohtainen koulutus (EN)<\/a><\/li>\n<li  id=\"menu-item-41200\" class=\"menu-item menu-item-type-post_type menu-item-object-page menu-item-41200\"><a href=\"https:\/\/www.balticmedia.com\/fi\/kaannospalvelut-pohjois-euroopassa\/palveluehdot\/\" class=\"menu-link\">Palveluehdot (EN)<\/a><\/li>\n<li  id=\"menu-item-79199\" class=\"menu-item menu-item-type-post_type menu-item-object-page menu-item-79199\"><a href=\"https:\/\/www.balticmedia.com\/fi\/kaannospalvelut-pohjois-euroopassa\/historiamme\/\" class=\"menu-link\">Historiamme<\/a><\/li>\n<\/ul><\/div><\/div><div id=\"panel-28570-1-0-2\" class=\"so-panel widget widget_ocean_custom_menu widget-oceanwp-custom-menu custom-menu-widget panel-last-child widgetopts-SO\" data-index=\"3\" ><div class=\"oceanwp-custom-menu clr ocean_custom_menu-2 left dropdown-hover\"><ul id=\"menu-yhteistyokumppanit\" class=\"dropdown-menu sf-menu\"><li  id=\"menu-item-14895\" class=\"menu-item menu-item-type-custom menu-item-object-custom menu-item-14895\"><a target=\"_blank\" href=\"https:\/\/balticmedia.s.xtrf.eu\/vendors\/#\/sign-in\" class=\"menu-link\" rel=\"nofollow noopener\"><i class=\"icon before line-icon icon-briefcase\" aria-hidden=\"true\" style=\"font-size:2em;\"><\/i><span class=\"menu-text\">Kumppaniportaali<\/span><\/a><\/li>\n<li  id=\"menu-item-14896\" class=\"menu-item menu-item-type-custom menu-item-object-custom menu-item-14896\"><a target=\"_blank\" href=\"https:\/\/www.balticmedia.com\/wp-content\/uploads\/11-Reasons-to-Choose-Baltic-Media-2026.pdf\" class=\"menu-link\"><i class=\"icon before line-icon icon-people\" aria-hidden=\"true\" style=\"font-size:2em;\"><\/i><span class=\"menu-text\">Yritysprofiili<\/span><\/a><\/li>\n<li  id=\"menu-item-14897\" class=\"menu-item menu-item-type-custom menu-item-object-custom menu-item-14897\"><a target=\"_blank\" href=\"https:\/\/www.balticmedia.com\/wp-content\/uploads\/kaannostoimisto-fi.pdf\" class=\"menu-link\"><i class=\"icon before line-icon icon-organization\" aria-hidden=\"true\" style=\"font-size:2em;\"><\/i><span class=\"menu-text\">K\u00e4\u00e4nn\u00f6ksen, lokalisoinnin ja luovan k\u00e4\u00e4nn\u00f6ksen prosessi<\/span><\/a><\/li>\n<li  id=\"menu-item-14898\" class=\"menu-item menu-item-type-custom menu-item-object-custom menu-item-14898\"><a target=\"_blank\" href=\"https:\/\/www.balticmedia.com\/wp-content\/uploads\/Baltic-Media-Ltd.-Service-Terms-and-Conditions.pdf\" class=\"menu-link\"><i class=\"icon before line-icon icon-docs\" aria-hidden=\"true\" style=\"font-size:2em;\"><\/i><span class=\"menu-text\">Palveluehdot (EN)<\/span><\/a><\/li>\n<li  id=\"menu-item-14899\" class=\"menu-item menu-item-type-custom menu-item-object-custom menu-item-14899\"><a target=\"_blank\" href=\"https:\/\/www.balticmedia.com\/wp-content\/uploads\/iSO-certificate-2023.png\" class=\"menu-link\"><i class=\"icon before line-icon icon-doc\" aria-hidden=\"true\" style=\"font-size:2em;\"><\/i><span class=\"menu-text\">ISO 9001:2015 Quality Certification<\/span><\/a><\/li>\n<li  id=\"menu-item-14900\" class=\"menu-item menu-item-type-custom menu-item-object-custom menu-item-14900\"><a target=\"_blank\" href=\"https:\/\/www.balticmedia.com\/wp-content\/uploads\/362531_copyrighttrademarkbalticmedia.pdf\" class=\"menu-link\"><i class=\"icon before line-icon icon-info\" aria-hidden=\"true\" style=\"font-size:2em;\"><\/i><span class=\"menu-text\">Copyright | Trademark Baltic Media<sup>\u00ae<\/sup><\/span><\/a><\/li>\n<\/ul><\/div><\/div><\/div><div id=\"pgc-28570-1-1\"  class=\"panel-grid-cell\" ><div id=\"panel-28570-1-1-0\" class=\"so-panel widget widget_sow-editor panel-first-child widgetopts-SO\" data-index=\"4\" ><div\n\t\t\t\n\t\t\tclass=\"so-widget-sow-editor so-widget-sow-editor-base\"\n\t\t\t\n\t\t>\n<div class=\"siteorigin-widget-tinymce textwidget\">\n\t<h2><strong>Meid\u00e4n tarinamme: 30 vuoden kokemus\u00a0<\/strong><\/h2>\n<p>Yhti\u00f6mme Baltikumspecialisten Sangun Veinberg, jonka nimeksi muutettiin my\u00f6hemmin Baltic Media, perustivat Tukholmassa 90-luvun alkupuolella <strong>Guntar ja Sandra Veinberg<\/strong>, kielitieteilij\u00f6it\u00e4, joilla kummallakin oli filosofian tohtorin tutkinto lingvistiikassa ja viestinn\u00e4ss\u00e4.<\/p>\n<p><iframe loading=\"lazy\" src=\"https:\/\/www.youtube.com\/embed\/5VVAOnOFc-c\" width=\"560\" height=\"315\" frameborder=\"0\" allowfullscreen=\"allowfullscreen\" data-mce-fragment=\"1\"><\/iframe><\/p>\n<p>Yhti\u00f6 palveli pohjoismaisia ja baltialaisia valtion laitoksia sek\u00e4 yhti\u00f6it\u00e4 n\u00e4iden <strong>kommunikointi-, k\u00e4\u00e4nn\u00f6s-, tulkki- ja lokalisointitarpeissa<\/strong> It\u00e4meren alueen kielill\u00e4 kommunistihallinnon romahdettua Euroopassa.<\/p>\n<p><iframe loading=\"lazy\" src=\"https:\/\/www.youtube.com\/embed\/v1QvNwqmztQ\" width=\"560\" height=\"350\" frameborder=\"0\" scrolling=\"no\" allowfullscreen=\"allowfullscreen\" data-mce-fragment=\"1\"><\/iframe><\/p>\n<p>Baltic Median ensimm\u00e4inen ty\u00f6v\u00e4line oli Steve Jobsin keksim\u00e4 ja Apple-yhti\u00f6n valmistama tietokone Macintosh SE, joka k\u00e4ynnisti uuden aikakauden viestint\u00e4teknologioissa.<\/p>\n<p>K\u00e4\u00e4nn\u00f6stoimisto Baltic Media Ltd on johtava k\u00e4\u00e4nn\u00f6s- ja lokalisointipalvelujen tarjoaja <strong>Pohjois-Euroopassa.<\/strong> Se tarjoaa liikeyrityksille t\u00e4yden valikoiman ammattitaitoisia k\u00e4\u00e4nn\u00f6spalveluja yli 150 kielell\u00e4 jo vuodesta 1991 l\u00e4htien.<\/p>\n<\/div>\n<\/div><\/div><div id=\"panel-28570-1-1-1\" class=\"so-panel widget widget_sow-image-grid widgetopts-SO\" data-index=\"5\" ><div\n\t\t\t\n\t\t\tclass=\"so-widget-sow-image-grid so-widget-sow-image-grid-default-3fbf13dff59f-28570\"\n\t\t\t\n\t\t>\t<div\n\t\tclass=\"sow-image-grid-wrapper\"\n\t\t\t\t\t>\n\t\t\t\t\t<div class=\"sow-image-grid-image\">\n\t\t\t\t\t\t\t\t\t\t\t\t<img loading=\"lazy\" decoding=\"async\" width=\"300\" height=\"120\" src=\"https:\/\/i0.wp.com\/www.balticmedia.com\/wp-content\/uploads\/logo_ar_globusu_stillbild_garena.png?fit=300%2C120&amp;ssl=1\" class=\"sow-image-grid-image_html\" alt=\"Baltic Media&lt;sup&gt;\u00ae&lt;\/sup&gt;&quot;\" title=\"\">\t\t\t\t\t\t\t\t\t\t\t<\/div>\n\t\t\t\t\t<div class=\"sow-image-grid-image\">\n\t\t\t\t\t\t\t\t\t\t\t\t<img loading=\"lazy\" decoding=\"async\" width=\"300\" height=\"82\" src=\"https:\/\/i0.wp.com\/www.balticmedia.com\/wp-content\/uploads\/BM-logo-328x90-web-2-e1732657723740.jpg?fit=300%2C82&amp;ssl=1\" class=\"sow-image-grid-image_html\" alt=\"Baltic Media&lt;sup&gt;\u00ae&lt;\/sup&gt;&quot;\" title=\"technical translation services\">\t\t\t\t\t\t\t\t\t\t\t<\/div>\n\t\t\t\t\t<div class=\"sow-image-grid-image\">\n\t\t\t\t\t\t\t\t\t\t\t\t<img loading=\"lazy\" decoding=\"async\" width=\"300\" height=\"226\" src=\"https:\/\/i0.wp.com\/www.balticmedia.com\/wp-content\/uploads\/20050117_095228.jpg?fit=300%2C226&amp;ssl=1\" class=\"sow-image-grid-image_html\" alt=\"Baltic Media Team&quot;\" title=\"20050117_09.52.28\" srcset=\"https:\/\/i0.wp.com\/www.balticmedia.com\/wp-content\/uploads\/20050117_095228.jpg?w=1024&amp;ssl=1 1024w, https:\/\/i0.wp.com\/www.balticmedia.com\/wp-content\/uploads\/20050117_095228.jpg?resize=300%2C226&amp;ssl=1 300w, https:\/\/i0.wp.com\/www.balticmedia.com\/wp-content\/uploads\/20050117_095228.jpg?resize=768%2C579&amp;ssl=1 768w\" sizes=\"auto, (max-width: 300px) 100vw, 300px\">\t\t\t\t\t\t\t\t\t\t\t<\/div>\n\t\t\t\t\t<div class=\"sow-image-grid-image\">\n\t\t\t\t\t\t\t\t\t\t\t\t<img loading=\"lazy\" decoding=\"async\" width=\"300\" height=\"199\" src=\"https:\/\/i0.wp.com\/www.balticmedia.com\/wp-content\/uploads\/baltic_media_komanda_2009.jpg?fit=300%2C199&amp;ssl=1\" class=\"sow-image-grid-image_html\" alt=\"Baltic Media Team&quot;\" title=\"\" srcset=\"https:\/\/i0.wp.com\/www.balticmedia.com\/wp-content\/uploads\/baltic_media_komanda_2009.jpg?w=2240&amp;ssl=1 2240w, https:\/\/i0.wp.com\/www.balticmedia.com\/wp-content\/uploads\/baltic_media_komanda_2009.jpg?resize=300%2C199&amp;ssl=1 300w, https:\/\/i0.wp.com\/www.balticmedia.com\/wp-content\/uploads\/baltic_media_komanda_2009.jpg?resize=1024%2C680&amp;ssl=1 1024w, https:\/\/i0.wp.com\/www.balticmedia.com\/wp-content\/uploads\/baltic_media_komanda_2009.jpg?resize=768%2C510&amp;ssl=1 768w, https:\/\/i0.wp.com\/www.balticmedia.com\/wp-content\/uploads\/baltic_media_komanda_2009.jpg?resize=1536%2C1020&amp;ssl=1 1536w, https:\/\/i0.wp.com\/www.balticmedia.com\/wp-content\/uploads\/baltic_media_komanda_2009.jpg?resize=2048%2C1360&amp;ssl=1 2048w\" sizes=\"auto, (max-width: 300px) 100vw, 300px\">\t\t\t\t\t\t\t\t\t\t\t<\/div>\n\t\t\t\t\t<div class=\"sow-image-grid-image\">\n\t\t\t\t\t\t\t\t\t\t\t\t<img loading=\"lazy\" decoding=\"async\" width=\"300\" height=\"199\" src=\"https:\/\/i0.wp.com\/www.balticmedia.com\/wp-content\/uploads\/seminars_klaipeda-scaled.jpg?fit=300%2C199&amp;ssl=1\" class=\"sow-image-grid-image_html\" alt=\"Klaipeda&quot;\" title=\"seminars_klaipeda\" srcset=\"https:\/\/i0.wp.com\/www.balticmedia.com\/wp-content\/uploads\/seminars_klaipeda-scaled.jpg?w=2560&amp;ssl=1 2560w, https:\/\/i0.wp.com\/www.balticmedia.com\/wp-content\/uploads\/seminars_klaipeda-scaled.jpg?resize=300%2C199&amp;ssl=1 300w, https:\/\/i0.wp.com\/www.balticmedia.com\/wp-content\/uploads\/seminars_klaipeda-scaled.jpg?resize=1024%2C681&amp;ssl=1 1024w, https:\/\/i0.wp.com\/www.balticmedia.com\/wp-content\/uploads\/seminars_klaipeda-scaled.jpg?resize=768%2C511&amp;ssl=1 768w, https:\/\/i0.wp.com\/www.balticmedia.com\/wp-content\/uploads\/seminars_klaipeda-scaled.jpg?resize=1536%2C1021&amp;ssl=1 1536w, https:\/\/i0.wp.com\/www.balticmedia.com\/wp-content\/uploads\/seminars_klaipeda-scaled.jpg?resize=2048%2C1362&amp;ssl=1 2048w, https:\/\/i0.wp.com\/www.balticmedia.com\/wp-content\/uploads\/seminars_klaipeda-scaled.jpg?w=2400&amp;ssl=1 2400w\" sizes=\"auto, (max-width: 300px) 100vw, 300px\">\t\t\t\t\t\t\t\t\t\t\t<\/div>\n\t\t\t\t\t<div class=\"sow-image-grid-image\">\n\t\t\t\t\t\t\t\t\t\t\t\t<img loading=\"lazy\" decoding=\"async\" width=\"300\" height=\"222\" src=\"https:\/\/i0.wp.com\/www.balticmedia.com\/wp-content\/uploads\/baltic_media_2014.jpg?fit=300%2C222&amp;ssl=1\" class=\"sow-image-grid-image_html\" alt=\"Baltic Media Christmas 2014&quot;\" title=\"\" srcset=\"https:\/\/i0.wp.com\/www.balticmedia.com\/wp-content\/uploads\/baltic_media_2014.jpg?w=1644&amp;ssl=1 1644w, https:\/\/i0.wp.com\/www.balticmedia.com\/wp-content\/uploads\/baltic_media_2014.jpg?resize=300%2C222&amp;ssl=1 300w, https:\/\/i0.wp.com\/www.balticmedia.com\/wp-content\/uploads\/baltic_media_2014.jpg?resize=1024%2C757&amp;ssl=1 1024w, https:\/\/i0.wp.com\/www.balticmedia.com\/wp-content\/uploads\/baltic_media_2014.jpg?resize=768%2C568&amp;ssl=1 768w, https:\/\/i0.wp.com\/www.balticmedia.com\/wp-content\/uploads\/baltic_media_2014.jpg?resize=1536%2C1135&amp;ssl=1 1536w\" sizes=\"auto, (max-width: 300px) 100vw, 300px\">\t\t\t\t\t\t\t\t\t\t\t<\/div>\n\t\t\t<\/div>\n<\/div><\/div><div id=\"panel-28570-1-1-2\" class=\"so-panel widget widget_sow-editor panel-last-child widgetopts-SO\" data-index=\"6\" ><div\n\t\t\t\n\t\t\tclass=\"so-widget-sow-editor so-widget-sow-editor-base\"\n\t\t\t\n\t\t>\n<div class=\"siteorigin-widget-tinymce textwidget\">\n\t<p>Palvelumme kattavat yli <strong>150 kielt\u00e4<\/strong> asiakkaan asiakirjojen k\u00e4\u00e4nt\u00e4miseksi globaaleilla markkinoille hy\u00f6dynt\u00e4en korkealaatuisia lokalisoituja tuotteita ja palveluja, jotka t\u00e4ytt\u00e4v\u00e4t asiakkaiden kieli\u00e4 ja toiminnallisuuksia koskevat vaatimukset kaikissa sijainneissa.<\/p>\n<p>Me autamme pohjoiseurooppalaisia yrityksi\u00e4 saavuttamaan <strong>globaalit markkinat.<\/strong> Me autamme kansainv\u00e4lisi\u00e4 ja globaaleja yrityksi\u00e4 saavuttamaan eurooppalaiset markkinat It\u00e4meren alueella ja Pohjois-Euroopassa.<\/p>\n<p>K\u00e4ytt\u00e4k\u00e4\u00e4 s\u00e4hk\u00f6postiosoitettamme <a href=\"mailto:nordics@balticmedia.com\">nordics@balticmedia.com<\/a>, mik\u00e4li haluatte esitt\u00e4\u00e4 hintapyynt\u00f6j\u00e4 sek\u00e4 muita tiedusteluja.<\/p>\n<p><iframe loading=\"lazy\" title=\"YouTube video player\" src=\"https:\/\/www.youtube.com\/embed\/qnRm_Iucnvk\" width=\"560\" height=\"350\" frameborder=\"0\" allowfullscreen=\"allowfullscreen\"><\/iframe><\/p>\n<h3><a href=\"\/fi\/tietoja-meista\/miksi-valita-kaannostoimisto-baltic-media\/\">Miksi valita pohjoismaalais-baltialainen k\u00e4\u00e4nn\u00f6stoimisto Baltic Media<sup>\u00ae<\/sup>?<\/a><\/h3>\n<h3><a href=\"\/fi\/hinta\/\">Miten v\u00e4hent\u00e4\u00e4 k\u00e4\u00e4nn\u00f6skustannuksia laadusta tinkim\u00e4tt\u00e4?<\/a><\/h3>\n<h3><a href=\"\/fi\/tietoja-meista\/ihmiskaannokset\/\">Miksi ihmisten tarjoamat k\u00e4\u00e4nn\u00f6spalvelut ovat paras valintasi?<\/a><\/h3>\n<h3><a href=\"https:\/\/www.balticmedia.com\/fi\/maailmanlaajuiset-kaannospalvelut\/konekaannoksen-jalkieditointi\/\">K\u00e4\u00e4nn\u00e4 Googlen, Bingin, Microsoftin, Tilden tai Yandexin avulla ja tilaa editointi meilt\u00e4!<\/a><\/h3>\n<h3><a href=\"https:\/\/www.balticmedia.com\/fi\/hintatarjous\/\">Hintatarjoukset ilmaiseksi<\/a><\/h3>\n<h3><a href=\"https:\/\/www.balticmedia.com\/fi\/tietopyynto\/\">Pyyd\u00e4 tietoja<\/a><\/h3>\n<h3><a href=\"mailto:info@balticmedia.com\">S\u00e4hk\u00f6posti<\/a><\/h3>\n<\/div>\n<\/div><\/div><\/div><\/div><\/div>","protected":false},"excerpt":{"rendered":"<p>Meid\u00e4n tarinamme: 30 vuoden kokemus\u00a0 Yhti\u00f6mme Baltikumspecialisten Sangun Veinberg, jonka nimeksi muutettiin my\u00f6hemmin Baltic Media, perustivat Tukholmassa 90-luvun alkupuolella Guntar ja Sandra Veinberg, kielitieteilij\u00f6it\u00e4, joilla kummallakin oli filosofian tohtorin tutkinto lingvistiikassa ja viestinn\u00e4ss\u00e4. Yhti\u00f6 palveli pohjoismaisia ja baltialaisia valtion laitoksia sek\u00e4 yhti\u00f6it\u00e4 n\u00e4iden kommunikointi-, k\u00e4\u00e4nn\u00f6s-, tulkki- ja lokalisointitarpeissa It\u00e4meren alueen kielill\u00e4 kommunistihallinnon romahdettua Euroopassa. Baltic [&hellip;]<\/p>\n","protected":false},"author":2,"featured_media":129079,"parent":16006,"menu_order":0,"comment_status":"closed","ping_status":"closed","template":"","meta":{"ocean_post_layout":"","ocean_both_sidebars_style":"","ocean_both_sidebars_content_width":0,"ocean_both_sidebars_sidebars_width":0,"ocean_sidebar":"0","ocean_second_sidebar":"0","ocean_disable_margins":"enable","ocean_add_body_class":"","ocean_shortcode_before_top_bar":"","ocean_shortcode_after_top_bar":"","ocean_shortcode_before_header":"","ocean_shortcode_after_header":"","ocean_has_shortcode":"","ocean_shortcode_after_title":"","ocean_shortcode_before_footer_widgets":"","ocean_shortcode_after_footer_widgets":"","ocean_shortcode_before_footer_bottom":"","ocean_shortcode_after_footer_bottom":"","ocean_display_top_bar":"default","ocean_display_header":"default","ocean_header_style":"","ocean_center_header_left_menu":"0","ocean_custom_header_template":"0","ocean_custom_logo":0,"ocean_custom_retina_logo":0,"ocean_custom_logo_max_width":0,"ocean_custom_logo_tablet_max_width":0,"ocean_custom_logo_mobile_max_width":0,"ocean_custom_logo_max_height":0,"ocean_custom_logo_tablet_max_height":0,"ocean_custom_logo_mobile_max_height":0,"ocean_header_custom_menu":"0","ocean_menu_typo_font_family":"0","ocean_menu_typo_font_subset":"","ocean_menu_typo_font_size":0,"ocean_menu_typo_font_size_tablet":0,"ocean_menu_typo_font_size_mobile":0,"ocean_menu_typo_font_size_unit":"px","ocean_menu_typo_font_weight":"","ocean_menu_typo_font_weight_tablet":"","ocean_menu_typo_font_weight_mobile":"","ocean_menu_typo_transform":"","ocean_menu_typo_transform_tablet":"","ocean_menu_typo_transform_mobile":"","ocean_menu_typo_line_height":0,"ocean_menu_typo_line_height_tablet":0,"ocean_menu_typo_line_height_mobile":0,"ocean_menu_typo_line_height_unit":"","ocean_menu_typo_spacing":0,"ocean_menu_typo_spacing_tablet":0,"ocean_menu_typo_spacing_mobile":0,"ocean_menu_typo_spacing_unit":"","ocean_menu_link_color":"","ocean_menu_link_color_hover":"","ocean_menu_link_color_active":"","ocean_menu_link_background":"","ocean_menu_link_hover_background":"","ocean_menu_link_active_background":"","ocean_menu_social_links_bg":"","ocean_menu_social_hover_links_bg":"","ocean_menu_social_links_color":"","ocean_menu_social_hover_links_color":"","ocean_disable_title":"default","ocean_disable_heading":"default","ocean_post_title":"","ocean_post_subheading":"","ocean_post_title_style":"","ocean_post_title_background_color":"","ocean_post_title_background":0,"ocean_post_title_bg_image_position":"","ocean_post_title_bg_image_attachment":"","ocean_post_title_bg_image_repeat":"","ocean_post_title_bg_image_size":"","ocean_post_title_height":0,"ocean_post_title_bg_overlay":0.5,"ocean_post_title_bg_overlay_color":"","ocean_disable_breadcrumbs":"default","ocean_breadcrumbs_color":"","ocean_breadcrumbs_separator_color":"","ocean_breadcrumbs_links_color":"","ocean_breadcrumbs_links_hover_color":"","ocean_display_footer_widgets":"default","ocean_display_footer_bottom":"default","ocean_custom_footer_template":"0","ofc_meta_disable_footer_callout":"","ofc_meta_callout_button_url":"","ofc_meta_callout_button_txt":"","ofc_meta_callout_text":"","osh_disable_topbar_sticky":"default","osh_disable_header_sticky":"default","osh_sticky_header_style":"default","osh_sticky_header_effect":"","osh_custom_sticky_logo":0,"osh_custom_retina_sticky_logo":0,"osh_custom_sticky_logo_height":0,"osh_background_color":"","osh_links_color":"","osh_links_hover_color":"","osh_links_active_color":"","osh_links_bg_color":"","osh_links_hover_bg_color":"","osh_links_active_bg_color":"","osh_menu_social_links_color":"","osh_menu_social_hover_links_color":"","footnotes":""},"class_list":["post-28570","page","type-page","status-publish","has-post-thumbnail","hentry","entry","has-media"],"jetpack_sharing_enabled":true,"jetpack_likes_enabled":true,"jetpack-related-posts":[],"jetpack_shortlink":"https:\/\/wp.me\/Pe7Cu3-7qO","_links":{"self":[{"href":"https:\/\/www.balticmedia.com\/fi\/wp-json\/wp\/v2\/pages\/28570","targetHints":{"allow":["GET"]}}],"collection":[{"href":"https:\/\/www.balticmedia.com\/fi\/wp-json\/wp\/v2\/pages"}],"about":[{"href":"https:\/\/www.balticmedia.com\/fi\/wp-json\/wp\/v2\/types\/page"}],"author":[{"embeddable":true,"href":"https:\/\/www.balticmedia.com\/fi\/wp-json\/wp\/v2\/users\/2"}],"replies":[{"embeddable":true,"href":"https:\/\/www.balticmedia.com\/fi\/wp-json\/wp\/v2\/comments?post=28570"}],"version-history":[{"count":4,"href":"https:\/\/www.balticmedia.com\/fi\/wp-json\/wp\/v2\/pages\/28570\/revisions"}],"predecessor-version":[{"id":119238,"href":"https:\/\/www.balticmedia.com\/fi\/wp-json\/wp\/v2\/pages\/28570\/revisions\/119238"}],"up":[{"embeddable":true,"href":"https:\/\/www.balticmedia.com\/fi\/wp-json\/wp\/v2\/pages\/16006"}],"wp:featuredmedia":[{"embeddable":true,"href":"https:\/\/www.balticmedia.com\/fi\/wp-json\/wp\/v2\/media\/129079"}],"wp:attachment":[{"href":"https:\/\/www.balticmedia.com\/fi\/wp-json\/wp\/v2\/media?parent=28570"}],"curies":[{"name":"wp","href":"https:\/\/api.w.org\/{rel}","templated":true}]}}