{"id":24495,"date":"2021-01-15T16:49:30","date_gmt":"2021-01-15T14:49:30","guid":{"rendered":"https:\/\/www.balticmedia.com\/hinta\/translation-rates-and-prices\/"},"modified":"2025-02-14T22:54:53","modified_gmt":"2025-02-14T20:54:53","slug":"kaannosten-hinnat","status":"publish","type":"page","link":"https:\/\/www.balticmedia.com\/fi\/hinta\/kaannosten-hinnat\/","title":{"rendered":"K\u00e4\u00e4nn\u00f6sten hinnat"},"content":{"rendered":"<div id=\"pl-24495\"  class=\"panel-layout\" ><div id=\"pg-24495-0\"  class=\"panel-grid panel-no-style\" ><div id=\"pgc-24495-0-0\"  class=\"panel-grid-cell\" ><div id=\"panel-24495-0-0-0\" class=\"so-panel widget widget_sow-image panel-first-child panel-last-child widgetopts-SO\" data-index=\"0\" ><div\n\t\t\t\n\t\t\tclass=\"so-widget-sow-image so-widget-sow-image-default-8b5b6f678277-24495\"\n\t\t\t\n\t\t>\n<div class=\"sow-image-container\">\n\t\t<img src=\"https:\/\/i0.wp.com\/www.balticmedia.com\/wp-content\/uploads\/4price_and_quality-scaled.jpg?fit=2560%2C549&amp;ssl=1\" width=\"2560\" height=\"549\" srcset=\"https:\/\/i0.wp.com\/www.balticmedia.com\/wp-content\/uploads\/4price_and_quality-scaled.jpg?w=2560&amp;ssl=1 2560w, https:\/\/i0.wp.com\/www.balticmedia.com\/wp-content\/uploads\/4price_and_quality-scaled.jpg?resize=300%2C64&amp;ssl=1 300w, https:\/\/i0.wp.com\/www.balticmedia.com\/wp-content\/uploads\/4price_and_quality-scaled.jpg?resize=1024%2C219&amp;ssl=1 1024w, https:\/\/i0.wp.com\/www.balticmedia.com\/wp-content\/uploads\/4price_and_quality-scaled.jpg?resize=768%2C165&amp;ssl=1 768w, https:\/\/i0.wp.com\/www.balticmedia.com\/wp-content\/uploads\/4price_and_quality-scaled.jpg?resize=1536%2C329&amp;ssl=1 1536w, https:\/\/i0.wp.com\/www.balticmedia.com\/wp-content\/uploads\/4price_and_quality-scaled.jpg?resize=2048%2C439&amp;ssl=1 2048w, https:\/\/i0.wp.com\/www.balticmedia.com\/wp-content\/uploads\/4price_and_quality-scaled.jpg?w=2400&amp;ssl=1 2400w\" title=\"K\u00e4\u00e4nn\u00f6sten hinnat\" alt=\"K\u00e4\u00e4nn\u00f6sten hinnat\" class=\"so-widget-image\">\n\t<\/div>\n\n<\/div><\/div><\/div><\/div><div id=\"pg-24495-1\"  class=\"panel-grid panel-no-style\" ><div id=\"pgc-24495-1-0\"  class=\"panel-grid-cell\" ><div id=\"panel-24495-1-0-0\" class=\"so-panel widget widget_sow-editor panel-first-child extendedwopts-hide extendedwopts-tablet extendedwopts-mobile widgetopts-SO\" data-index=\"1\" ><div\n\t\t\t\n\t\t\tclass=\"so-widget-sow-editor so-widget-sow-editor-base\"\n\t\t\t\n\t\t>\n<div class=\"siteorigin-widget-tinymce textwidget\">\n\t<pre><form aria-label=\"Search this website\" role=\"search\" method=\"get\" class=\"oceanwp-searchform\" id=\"searchform\" action=\"https:\/\/www.balticmedia.com\/fi\/\"><input aria-label=\"Insert search query\" type=\"text\" class=\"field\" name=\"s\" id=\"s\" placeholder=\"Search\"><button aria-label=\"Submit your search\" type=\"submit\" class=\"search-submit\" value=\"\"><i class=\"icon-magnifier\" aria-hidden=\"true\"><\/i><\/button><\/form><\/pre>\n<\/div>\n<\/div><\/div><div id=\"panel-24495-1-0-1\" class=\"so-panel widget widget_ocean_custom_menu widget-oceanwp-custom-menu custom-menu-widget extendedwopts-hide extendedwopts-tablet extendedwopts-mobile widgetopts-SO\" data-index=\"2\" ><div class=\"oceanwp-custom-menu clr ocean_custom_menu-2 left dropdown-hover\"><ul id=\"menu-prices-fi\" class=\"dropdown-menu sf-menu\"><li  id=\"menu-item-49448\" class=\"menu-item menu-item-type-post_type menu-item-object-page menu-item-49448\"><a href=\"https:\/\/www.balticmedia.com\/fi\/hinta\/\" class=\"menu-link\">K\u00e4\u00e4nn\u00f6ksen hinta<\/a><\/li>\n<li  id=\"menu-item-49453\" class=\"menu-item menu-item-type-post_type menu-item-object-page menu-item-49453\"><a href=\"https:\/\/www.balticmedia.com\/fi\/hinta\/kaannosten-hinnat\/\" class=\"menu-link\">K\u00e4\u00e4nn\u00f6sten hinnat<\/a><\/li>\n<li  id=\"menu-item-49454\" class=\"menu-item menu-item-type-post_type menu-item-object-page menu-item-49454\"><a href=\"https:\/\/www.balticmedia.com\/fi\/hinta\/miten-valita-kaannostoimisto\/\" class=\"menu-link\">Miten valita k\u00e4\u00e4nn\u00f6stoimisto<\/a><\/li>\n<li  id=\"menu-item-49452\" class=\"menu-item menu-item-type-post_type menu-item-object-page menu-item-49452\"><a href=\"https:\/\/www.balticmedia.com\/fi\/hinta\/kielen-kaannospalvelun-laatu\/\" class=\"menu-link\">K\u00e4\u00e4nn\u00f6sten laatu ISO 9001:2015 -laatusertifiointi<\/a><\/li>\n<li  id=\"menu-item-49451\" class=\"menu-item menu-item-type-post_type menu-item-object-page menu-item-49451\"><a href=\"https:\/\/www.balticmedia.com\/fi\/hinta\/asiakkaamme\/\" class=\"menu-link\">Asiakkaamme<\/a><\/li>\n<li  id=\"menu-item-49449\" class=\"menu-item menu-item-type-post_type menu-item-object-page menu-item-49449\"><a href=\"https:\/\/www.balticmedia.com\/fi\/hinta\/asiakasreferenssit\/\" class=\"menu-link\">Asiakasreferenssit<\/a><\/li>\n<li  id=\"menu-item-49450\" class=\"menu-item menu-item-type-post_type menu-item-object-page menu-item-49450\"><a href=\"https:\/\/www.balticmedia.com\/fi\/hinta\/suosituslomake\/\" class=\"menu-link\">Asiakastyytyv\u00e4isyyskysely<\/a><\/li>\n<li  id=\"menu-item-101245\" class=\"menu-item menu-item-type-post_type menu-item-object-page menu-item-101245\"><a href=\"https:\/\/www.balticmedia.com\/fi\/sivustokartta\/\" class=\"menu-link\">Sivustokartta<\/a><\/li>\n<li  id=\"menu-item-133071\" class=\"menu-item menu-item-type-post_type menu-item-object-page menu-item-133071\"><a href=\"https:\/\/www.balticmedia.com\/fi\/kirjallisuuden-kaannospalvelut\/\" class=\"menu-link\">Kirjallisuuden k\u00e4\u00e4nn\u00f6spalvelut<\/a><\/li>\n<\/ul><\/div><\/div><div id=\"panel-24495-1-0-2\" class=\"so-panel widget widget_ocean_custom_menu widget-oceanwp-custom-menu custom-menu-widget panel-last-child extendedwopts-hide extendedwopts-tablet extendedwopts-mobile widgetopts-SO\" data-index=\"3\" ><div class=\"oceanwp-custom-menu clr ocean_custom_menu-2 left dropdown-hover\"><ul id=\"menu-yhteistyokumppanit\" class=\"dropdown-menu sf-menu\"><li  id=\"menu-item-14895\" class=\"menu-item menu-item-type-custom menu-item-object-custom menu-item-14895\"><a target=\"_blank\" href=\"https:\/\/balticmedia.s.xtrf.eu\/vendors\/#\/sign-in\" class=\"menu-link\" rel=\"nofollow noopener\"><i class=\"icon before line-icon icon-briefcase\" aria-hidden=\"true\" style=\"font-size:2em;\"><\/i><span class=\"menu-text\">Kumppaniportaali<\/span><\/a><\/li>\n<li  id=\"menu-item-14896\" class=\"menu-item menu-item-type-custom menu-item-object-custom menu-item-14896\"><a target=\"_blank\" href=\"https:\/\/www.balticmedia.com\/wp-content\/uploads\/11-Reasons-to-Choose-Baltic-Media-2026.pdf\" class=\"menu-link\"><i class=\"icon before line-icon icon-people\" aria-hidden=\"true\" style=\"font-size:2em;\"><\/i><span class=\"menu-text\">Yritysprofiili<\/span><\/a><\/li>\n<li  id=\"menu-item-14897\" class=\"menu-item menu-item-type-custom menu-item-object-custom menu-item-14897\"><a target=\"_blank\" href=\"https:\/\/www.balticmedia.com\/wp-content\/uploads\/kaannostoimisto-fi.pdf\" class=\"menu-link\"><i class=\"icon before line-icon icon-organization\" aria-hidden=\"true\" style=\"font-size:2em;\"><\/i><span class=\"menu-text\">K\u00e4\u00e4nn\u00f6ksen, lokalisoinnin ja luovan k\u00e4\u00e4nn\u00f6ksen prosessi<\/span><\/a><\/li>\n<li  id=\"menu-item-14898\" class=\"menu-item menu-item-type-custom menu-item-object-custom menu-item-14898\"><a target=\"_blank\" href=\"https:\/\/www.balticmedia.com\/wp-content\/uploads\/Baltic-Media-Ltd.-Service-Terms-and-Conditions.pdf\" class=\"menu-link\"><i class=\"icon before line-icon icon-docs\" aria-hidden=\"true\" style=\"font-size:2em;\"><\/i><span class=\"menu-text\">Palveluehdot (EN)<\/span><\/a><\/li>\n<li  id=\"menu-item-14899\" class=\"menu-item menu-item-type-custom menu-item-object-custom menu-item-14899\"><a target=\"_blank\" href=\"https:\/\/www.balticmedia.com\/wp-content\/uploads\/iSO-certificate-2023.png\" class=\"menu-link\"><i class=\"icon before line-icon icon-doc\" aria-hidden=\"true\" style=\"font-size:2em;\"><\/i><span class=\"menu-text\">ISO 9001:2015 Quality Certification<\/span><\/a><\/li>\n<li  id=\"menu-item-14900\" class=\"menu-item menu-item-type-custom menu-item-object-custom menu-item-14900\"><a target=\"_blank\" href=\"https:\/\/www.balticmedia.com\/wp-content\/uploads\/362531_copyrighttrademarkbalticmedia.pdf\" class=\"menu-link\"><i class=\"icon before line-icon icon-info\" aria-hidden=\"true\" style=\"font-size:2em;\"><\/i><span class=\"menu-text\">Copyright | Trademark Baltic Media<sup>\u00ae<\/sup><\/span><\/a><\/li>\n<\/ul><\/div><\/div><\/div><div id=\"pgc-24495-1-1\"  class=\"panel-grid-cell\" ><div id=\"panel-24495-1-1-0\" class=\"so-panel widget widget_sow-editor panel-first-child panel-last-child widgetopts-hide_title widgetopts-SO\" data-index=\"4\" ><div\n\t\t\t\n\t\t\tclass=\"so-widget-sow-editor so-widget-sow-editor-base\"\n\t\t\t\n\t\t><h3 class=\"widget-title\">K\u00e4\u00e4nn\u00f6sten hinnat Hinnasto | K\u00e4\u00e4nn\u00f6shinta<\/h3>\n<div class=\"siteorigin-widget-tinymce textwidget\">\n\t<h1>K\u00e4\u00e4nn\u00f6sten hinnat | Hinnasto | K\u00e4\u00e4nn\u00f6shinta<\/h1>\n<h3>K\u00e4\u00e4nn\u00f6sten hinnat | Hinnastomme K\u00e4\u00e4nn\u00f6stoimisto\/yritys Baltiassa ja Pohjoismaissa | K\u00e4\u00e4nn\u00f6s | Hinta per sana | Halvempi kuin muut k\u00e4\u00e4nn\u00f6stoimistot<\/h3>\n<p><img data-recalc-dims=\"1\" loading=\"lazy\" decoding=\"async\" class=\"alignnone wp-image-132474 size-medium\" src=\"https:\/\/i0.wp.com\/www.balticmedia.com\/wp-content\/uploads\/Price-for-translation-services.jpg?resize=300%2C300&#038;ssl=1\" alt=\"K\u00e4\u00e4nn\u00f6sten hinnat | Hinnasto | K\u00e4\u00e4nn\u00f6shinta\" width=\"300\" height=\"300\" srcset=\"https:\/\/i0.wp.com\/www.balticmedia.com\/wp-content\/uploads\/Price-for-translation-services.jpg?resize=300%2C300&amp;ssl=1 300w, https:\/\/i0.wp.com\/www.balticmedia.com\/wp-content\/uploads\/Price-for-translation-services.jpg?resize=1024%2C1024&amp;ssl=1 1024w, https:\/\/i0.wp.com\/www.balticmedia.com\/wp-content\/uploads\/Price-for-translation-services.jpg?resize=150%2C150&amp;ssl=1 150w, https:\/\/i0.wp.com\/www.balticmedia.com\/wp-content\/uploads\/Price-for-translation-services.jpg?resize=768%2C768&amp;ssl=1 768w, https:\/\/i0.wp.com\/www.balticmedia.com\/wp-content\/uploads\/Price-for-translation-services.jpg?resize=600%2C600&amp;ssl=1 600w, https:\/\/i0.wp.com\/www.balticmedia.com\/wp-content\/uploads\/Price-for-translation-services.jpg?w=1080&amp;ssl=1 1080w\" sizes=\"auto, (max-width: 300px) 100vw, 300px\" title=\"\"><\/p>\n<h2><img data-recalc-dims=\"1\" loading=\"lazy\" decoding=\"async\" class=\"alignnone size-medium wp-image-115148\" src=\"https:\/\/i0.wp.com\/www.balticmedia.com\/wp-content\/uploads\/iso-certified-company.png?resize=300%2C116&#038;ssl=1\" alt=\"Tekniset k\u00e4\u00e4nn\u00f6kset\" width=\"300\" height=\"116\" srcset=\"https:\/\/i0.wp.com\/www.balticmedia.com\/wp-content\/uploads\/iso-certified-company-e1771257479882.png?resize=300%2C116&amp;ssl=1 300w, https:\/\/i0.wp.com\/www.balticmedia.com\/wp-content\/uploads\/iso-certified-company-e1771257479882.png?resize=768%2C296&amp;ssl=1 768w, https:\/\/i0.wp.com\/www.balticmedia.com\/wp-content\/uploads\/iso-certified-company-e1771257479882.png?w=1024&amp;ssl=1 1024w\" sizes=\"auto, (max-width: 300px) 100vw, 300px\" title=\"\"><\/h2>\n<p>Kirjallisten k\u00e4\u00e4nn\u00f6sten hinnoittelussa sovelletaan kahta tapaa perustuen:<\/p>\n<ol>\n<li>sanojen lukum\u00e4\u00e4r\u00e4\u00e4n tai<\/li>\n<li>k\u00e4\u00e4nnett\u00e4vien standardisivujen lukum\u00e4\u00e4r\u00e4\u00e4n (yksi k\u00e4\u00e4nnett\u00e4v\u00e4 standardisivu m\u00e4\u00e4ritell\u00e4\u00e4n seuraavasti: 1800 merkki\u00e4 v\u00e4lily\u00f6nteineen tai 1500 merkki\u00e4 ilman v\u00e4lily\u00f6ntej\u00e4).<\/li>\n<\/ol>\n<h2><strong>K\u00e4\u00e4nn\u00f6stoimisto Baltic Media<sup>\u00ae<\/sup> Pohjois-Euroopassa<\/strong><\/h2>\n<p><img data-recalc-dims=\"1\" loading=\"lazy\" decoding=\"async\" class=\"alignnone size-full wp-image-7470\" src=\"https:\/\/i0.wp.com\/www.balticmedia.com\/wp-content\/uploads\/balticmedia_logo.png?resize=300%2C87&#038;ssl=1\" alt=\"Baltic Media\" width=\"300\" height=\"87\" title=\"\"><\/p>\n<p>Pohjoismaalais-baltialainen k\u00e4\u00e4nn\u00f6stoimisto Baltic Media<sup>\u00ae<\/sup> on Pohjois-Euroopan johtava digitaalisten k\u00e4\u00e4nn\u00f6spalvelujen tarjoaja, joka erikoistuu pohjoiseurooppalaisiin kieliin (mukaan lukien pohjoismaiset, baltialaiset ja slaavilaiset kielet) ja p\u00e4\u00e4asiassa k\u00e4\u00e4nn\u00f6spalveluihin ruotsin, suomen, tanskan, islannin, f\u00e4\u00e4rin, norjan, saksan, englannin, puolan, ven\u00e4j\u00e4n, latvian, liettuan ja viron kielill\u00e4.<\/p>\n<p>ISO-sertifioituna kielipalvelujen tarjoajana k\u00e4\u00e4nn\u00f6stoimisto Baltic Media<sup>\u00ae<\/sup> tarjoaa ihmisten tekemi\u00e4 k\u00e4\u00e4nn\u00f6spalveluja yrityksille, julkishallinnollisille ja yksityisille asiakkaille.<\/p>\n<p><img data-recalc-dims=\"1\" loading=\"lazy\" decoding=\"async\" class=\"alignnone wp-image-131949 size-medium\" src=\"https:\/\/i0.wp.com\/www.balticmedia.com\/wp-content\/uploads\/Finnish-language-translation.jpg?resize=300%2C300&#038;ssl=1\" alt=\"K\u00e4\u00e4nn\u00f6s | Hinta per sana | Halvempi kuin muut k\u00e4\u00e4nn\u00f6stoimistot\" width=\"300\" height=\"300\" srcset=\"https:\/\/i0.wp.com\/www.balticmedia.com\/wp-content\/uploads\/Finnish-language-translation-e1734953581125.jpg?resize=300%2C300&amp;ssl=1 300w, https:\/\/i0.wp.com\/www.balticmedia.com\/wp-content\/uploads\/Finnish-language-translation-e1734953581125.jpg?resize=150%2C150&amp;ssl=1 150w, https:\/\/i0.wp.com\/www.balticmedia.com\/wp-content\/uploads\/Finnish-language-translation-e1734953581125.jpg?resize=768%2C767&amp;ssl=1 768w, https:\/\/i0.wp.com\/www.balticmedia.com\/wp-content\/uploads\/Finnish-language-translation-e1734953581125.jpg?resize=600%2C600&amp;ssl=1 600w, https:\/\/i0.wp.com\/www.balticmedia.com\/wp-content\/uploads\/Finnish-language-translation-e1734953581125.jpg?w=1025&amp;ssl=1 1025w\" sizes=\"auto, (max-width: 300px) 100vw, 300px\" title=\"\"><\/p>\n<h2><strong>K\u00e4\u00e4nn\u00f6s | Hinta per sana | Halvempi kuin muut k\u00e4\u00e4nn\u00f6stoimistot<\/strong><\/h2>\n<p>Kielest\u00e4 ja aihepiirist\u00e4 riippuen, k\u00e4\u00e4nn\u00f6s maksaa meill\u00e4 <strong>0,08\u20130,16 \u20ac per sana.<\/strong> Me tarjoamme ammattitaitoiset k\u00e4\u00e4nn\u00f6kset, mukaan lukien editointi ja oikoluku, 20\u201325 % halvemmalla kuin k\u00e4\u00e4nn\u00f6stoimistot, joiden toimipaikka on Pohjoismaissa, koska me olemme Internetiss\u00e4 toimiva yhti\u00f6, jonka tuotantotoimisto on Latvian Riiassa. T\u00e4m\u00e4 takaa siis alemmat kustannukset k\u00e4\u00e4nn\u00f6ksellesi kuin miss\u00e4\u00e4n pohjoismaisessa k\u00e4\u00e4nn\u00f6stoimistossa.<\/p>\n<p>Lis\u00e4ksi voit alentaa k\u00e4\u00e4nn\u00f6skustannuksiasi CAT-ty\u00f6kalujen k\u00e4yt\u00f6mme ansiosta.<\/p>\n<p><strong><a href=\"https:\/\/www.balticmedia.com\/fi\/hinta\/\">Lue t\u00e4\u00e4lt\u00e4 lis\u00e4\u00e4, miten voit laskea k\u00e4\u00e4nn\u00f6skustannuksiasi laadusta tinkim\u00e4tt\u00e4.<\/a><\/strong><\/p>\n<h3><a href=\"\/fi\/tietoja-meista\/miksi-valita-kaannostoimisto-baltic-media\/\">Miksi valita pohjoismaalais-baltialainen k\u00e4\u00e4nn\u00f6stoimisto Baltic Media<sup>\u00ae<\/sup>?<\/a><\/h3>\n<h3><a href=\"\/fi\/hinta\/\">Miten v\u00e4hent\u00e4\u00e4 k\u00e4\u00e4nn\u00f6skustannuksia laadusta tinkim\u00e4tt\u00e4?<\/a><\/h3>\n<h3><a href=\"\/fi\/tietoja-meista\/ihmiskaannokset\/\">Miksi ihmisten tarjoamat k\u00e4\u00e4nn\u00f6spalvelut ovat paras valintasi?<\/a><\/h3>\n<h3><a href=\"https:\/\/www.balticmedia.com\/fi\/maailmanlaajuiset-kaannospalvelut\/konekaannoksen-jalkieditointi\/\">K\u00e4\u00e4nn\u00e4 Googlen, Bingin, Microsoftin, Tilden tai Yandexin avulla ja tilaa editointi meilt\u00e4!<\/a><\/h3>\n<h3><a href=\"https:\/\/www.balticmedia.com\/fi\/hintatarjous\/\">Hintatarjoukset ilmaiseksi<\/a><\/h3>\n<h3><a href=\"https:\/\/www.balticmedia.com\/fi\/tietopyynto\/\">Pyyd\u00e4 tietoja<\/a><\/h3>\n<h3><a href=\"mailto:info@balticmedia.com\">S\u00e4hk\u00f6posti<\/a><\/h3>\n<h2><iframe loading=\"lazy\" title=\"YouTube video player\" src=\"https:\/\/www.youtube.com\/embed\/qnRm_Iucnvk\" width=\"640\" height=\"360\" frameborder=\"0\" allowfullscreen=\"allowfullscreen\"><\/iframe><br \/>\n<strong>Hinnat: K\u00e4\u00e4nn\u00f6stoimisto Baltic Media<\/strong><\/h2>\n<p>Yleisesti ottaen hinnat riippuvat siit\u00e4, kuinka yleinen kyseessa oleva kieli on (mit\u00e4 harvinaisempi kieli on kyseess\u00e4, sit\u00e4 kalliimpi veloitus), l\u00e4hdetekstin vaikeaselkoisuus (sepitetty tarina vaatii esimerkiksi erityist\u00e4 soveltamista ja siksi sill\u00e4 on korkeampi veloitus). My\u00f6s se, onko l\u00e4hdeteksti elektronisessa muodossa vai paperikopiona, vaikuttaa asiaan siten, ett\u00e4 j\u00e4lkimm\u00e4iseen kohdistuu kalliimpi veloitus. My\u00f6s taittoty\u00f6t\u00e4 vaativissa toimeksiannoissa noudatetaan kalliimpi veloitusta.<\/p>\n<p>My\u00f6s toimitusehdot m\u00e4\u00e4r\u00e4\u00e4v\u00e4t osaltaan hinnoittelua. Syyt\u00e4 olisi ottaa huomioon, ett\u00e4 ammattimainen k\u00e4\u00e4nt\u00e4j\u00e4 k\u00e4\u00e4nt\u00e4\u00e4 p\u00e4ivitt\u00e4in keskim\u00e4\u00e4rin 5-7 vakiok\u00e4\u00e4nn\u00f6ssivua (1 vakiok\u00e4\u00e4nn\u00f6ssivu on 1800 merkki\u00e4 v\u00e4lily\u00f6nteineen). Siin\u00e4 tapauksessa, ett\u00e4 k\u00e4\u00e4nn\u00f6st\u00e4 tarvitaan pikaisesti, veloitetaan lis\u00e4maksu kiireellisist\u00e4 k\u00e4\u00e4nn\u00f6ksist\u00e4. T\u00e4m\u00e4n suuruus on 50 % - 100 % normaaliveloituksesta. Vakioasiakkaillemme saatamme tarjota kiireellisi\u00e4 k\u00e4\u00e4nn\u00f6spalveluita ilman lis\u00e4veloitusta.<\/p>\n<p>My\u00f6nn\u00e4mme alennuksia laajoista kirjallisista k\u00e4\u00e4nn\u00f6st\u00f6ist\u00e4, jotka ovat enemm\u00e4n kuin 50 sivua.<\/p>\n<p>Ulkoasusuunnittelun, tekstimuunnosten ja muiden lis\u00e4palveluiden veloitukset perustuvat tuntihinnoitteluun ja riippuvat kyseisen ty\u00f6n vaatimasta tuntity\u00f6st\u00e4.<\/p>\n<p>Tuntiveloitushintaa k\u00e4ytet\u00e4\u00e4n my\u00f6s tulkkauspalveluiden veloitusperusteena. T\u00e4ll\u00f6in hinta sis\u00e4lt\u00e4\u00e4 my\u00f6s passiivisen tulkkauksen (tulkin k\u00e4ytt\u00e4m\u00e4n ajan tulkkauspaikalle ja takaisin).<\/p>\n<p>Alennuksista saat tietoa kohdasta Tietoa asiakkaille, voit my\u00f6s ottaa yhteytt\u00e4 projektip\u00e4\u00e4llikk\u00f6ihimme l\u00e4hetetty\u00e4si tiedostot ja k\u00e4\u00e4nn\u00f6spyynn\u00f6n.<\/p>\n<h2><strong>Asiakaspalvelu\u00a0<\/strong><\/h2>\n<p>Me tied\u00e4mme, kuinka t\u00e4rke\u00e4\u00e4 aika on asiakkaillemme. T\u00e4st\u00e4 syyst\u00e4 Baltic Media vastaa asiakkaidensa pyynt\u00f6ihin ja tiedusteluihin 15 minuutissa. S\u00e4\u00e4st\u00e4mme asiakkaidemme aikaa ja tarjoamme vain t\u00e4rke\u00e4t tiedot.<\/p>\n<h2><strong>ISO 9001:2015 -standardin k\u00e4\u00e4nn\u00f6s\u00a0<\/strong><\/h2>\n<p>K\u00e4\u00e4nn\u00f6spalvelun hinta sis\u00e4lt\u00e4\u00e4 kokeneen ja p\u00e4tev\u00e4n k\u00e4\u00e4nt\u00e4j\u00e4n tekem\u00e4n k\u00e4\u00e4nn\u00f6ksen sek\u00e4 laaduntarkistuksen, joka tehd\u00e4\u00e4n kansainv\u00e4lisen standardin vaatimusten mukaisesti: ISO 9001:2015 \u2013 editointi, oikoluku sek\u00e4 toimitus asiakkaalle sovitun m\u00e4\u00e4r\u00e4ajan puitteissa ja asianmukaisessa muodossa. Useat ty\u00f6ntekij\u00e4t k\u00e4sittelev\u00e4t asiakkaan tilausta - projektip\u00e4\u00e4llikk\u00f6, k\u00e4\u00e4nt\u00e4j\u00e4, oikolukija ja tarvittaessa termien tarkastaja ja\/tai alan erikoisosaaja.<\/p>\n<h2><strong>Salassapitovelvollisuus ja asiakirjojen turvallisuus\u00a0<\/strong><\/h2>\n<p>Teemme yhteisty\u00f6t\u00e4 toimittajien kanssa, jotka ovat allekirjoittaneet salassapito- ja vaitiolosopimukset. T\u00e4m\u00e4 tarkoittaa, ett\u00e4 kaikki antamasi tiedot pysyv\u00e4t turvassa meill\u00e4.<\/p>\n<h2><strong>Vakuutus\u00a0<\/strong><\/h2>\n<p>Kaikki kielipalvelumme ovat vakuutettuja. Tarjoamme vastuuvakuutuksen kolmannen osapuolen henkil\u00f6kohtaiselle omaisuudelle ja terveydelle.<\/p>\n<p>\u00a9 Baltic Media<sup>\u00ae<\/sup><\/p>\n<\/div>\n<\/div><\/div><\/div><\/div><\/div>","protected":false},"excerpt":{"rendered":"<p>K\u00e4\u00e4nn\u00f6sten hinnat | Hinnasto | K\u00e4\u00e4nn\u00f6shinta K\u00e4\u00e4nn\u00f6sten hinnat | Hinnastomme K\u00e4\u00e4nn\u00f6stoimisto\/yritys Baltiassa ja Pohjoismaissa | K\u00e4\u00e4nn\u00f6s | Hinta per sana | Halvempi kuin muut k\u00e4\u00e4nn\u00f6stoimistot Kirjallisten k\u00e4\u00e4nn\u00f6sten hinnoittelussa sovelletaan kahta tapaa perustuen: sanojen lukum\u00e4\u00e4r\u00e4\u00e4n tai k\u00e4\u00e4nnett\u00e4vien standardisivujen lukum\u00e4\u00e4r\u00e4\u00e4n (yksi k\u00e4\u00e4nnett\u00e4v\u00e4 standardisivu m\u00e4\u00e4ritell\u00e4\u00e4n seuraavasti: 1800 merkki\u00e4 v\u00e4lily\u00f6nteineen tai 1500 merkki\u00e4 ilman v\u00e4lily\u00f6ntej\u00e4). K\u00e4\u00e4nn\u00f6stoimisto Baltic Media\u00ae Pohjois-Euroopassa [&hellip;]<\/p>\n","protected":false},"author":2,"featured_media":132067,"parent":16180,"menu_order":0,"comment_status":"closed","ping_status":"closed","template":"","meta":{"ocean_post_layout":"","ocean_both_sidebars_style":"","ocean_both_sidebars_content_width":0,"ocean_both_sidebars_sidebars_width":0,"ocean_sidebar":"0","ocean_second_sidebar":"0","ocean_disable_margins":"enable","ocean_add_body_class":"","ocean_shortcode_before_top_bar":"","ocean_shortcode_after_top_bar":"","ocean_shortcode_before_header":"","ocean_shortcode_after_header":"","ocean_has_shortcode":"","ocean_shortcode_after_title":"","ocean_shortcode_before_footer_widgets":"","ocean_shortcode_after_footer_widgets":"","ocean_shortcode_before_footer_bottom":"","ocean_shortcode_after_footer_bottom":"","ocean_display_top_bar":"default","ocean_display_header":"default","ocean_header_style":"","ocean_center_header_left_menu":"0","ocean_custom_header_template":"0","ocean_custom_logo":0,"ocean_custom_retina_logo":0,"ocean_custom_logo_max_width":0,"ocean_custom_logo_tablet_max_width":0,"ocean_custom_logo_mobile_max_width":0,"ocean_custom_logo_max_height":0,"ocean_custom_logo_tablet_max_height":0,"ocean_custom_logo_mobile_max_height":0,"ocean_header_custom_menu":"0","ocean_menu_typo_font_family":"0","ocean_menu_typo_font_subset":"","ocean_menu_typo_font_size":0,"ocean_menu_typo_font_size_tablet":0,"ocean_menu_typo_font_size_mobile":0,"ocean_menu_typo_font_size_unit":"px","ocean_menu_typo_font_weight":"","ocean_menu_typo_font_weight_tablet":"","ocean_menu_typo_font_weight_mobile":"","ocean_menu_typo_transform":"","ocean_menu_typo_transform_tablet":"","ocean_menu_typo_transform_mobile":"","ocean_menu_typo_line_height":0,"ocean_menu_typo_line_height_tablet":0,"ocean_menu_typo_line_height_mobile":0,"ocean_menu_typo_line_height_unit":"","ocean_menu_typo_spacing":0,"ocean_menu_typo_spacing_tablet":0,"ocean_menu_typo_spacing_mobile":0,"ocean_menu_typo_spacing_unit":"","ocean_menu_link_color":"","ocean_menu_link_color_hover":"","ocean_menu_link_color_active":"","ocean_menu_link_background":"","ocean_menu_link_hover_background":"","ocean_menu_link_active_background":"","ocean_menu_social_links_bg":"","ocean_menu_social_hover_links_bg":"","ocean_menu_social_links_color":"","ocean_menu_social_hover_links_color":"","ocean_disable_title":"default","ocean_disable_heading":"default","ocean_post_title":"","ocean_post_subheading":"","ocean_post_title_style":"","ocean_post_title_background_color":"","ocean_post_title_background":0,"ocean_post_title_bg_image_position":"","ocean_post_title_bg_image_attachment":"","ocean_post_title_bg_image_repeat":"","ocean_post_title_bg_image_size":"","ocean_post_title_height":0,"ocean_post_title_bg_overlay":0.5,"ocean_post_title_bg_overlay_color":"","ocean_disable_breadcrumbs":"default","ocean_breadcrumbs_color":"","ocean_breadcrumbs_separator_color":"","ocean_breadcrumbs_links_color":"","ocean_breadcrumbs_links_hover_color":"","ocean_display_footer_widgets":"default","ocean_display_footer_bottom":"default","ocean_custom_footer_template":"0","ofc_meta_disable_footer_callout":"","ofc_meta_callout_button_url":"","ofc_meta_callout_button_txt":"","ofc_meta_callout_text":"","osh_disable_topbar_sticky":"default","osh_disable_header_sticky":"default","osh_sticky_header_style":"default","osh_sticky_header_effect":"","osh_custom_sticky_logo":0,"osh_custom_retina_sticky_logo":0,"osh_custom_sticky_logo_height":0,"osh_background_color":"","osh_links_color":"","osh_links_hover_color":"","osh_links_active_color":"","osh_links_bg_color":"","osh_links_hover_bg_color":"","osh_links_active_bg_color":"","osh_menu_social_links_color":"","osh_menu_social_hover_links_color":"","footnotes":""},"class_list":["post-24495","page","type-page","status-publish","has-post-thumbnail","hentry","entry","has-media"],"jetpack_sharing_enabled":true,"jetpack_likes_enabled":true,"jetpack-related-posts":[],"jetpack_shortlink":"https:\/\/wp.me\/Pe7Cu3-6n5","_links":{"self":[{"href":"https:\/\/www.balticmedia.com\/fi\/wp-json\/wp\/v2\/pages\/24495","targetHints":{"allow":["GET"]}}],"collection":[{"href":"https:\/\/www.balticmedia.com\/fi\/wp-json\/wp\/v2\/pages"}],"about":[{"href":"https:\/\/www.balticmedia.com\/fi\/wp-json\/wp\/v2\/types\/page"}],"author":[{"embeddable":true,"href":"https:\/\/www.balticmedia.com\/fi\/wp-json\/wp\/v2\/users\/2"}],"replies":[{"embeddable":true,"href":"https:\/\/www.balticmedia.com\/fi\/wp-json\/wp\/v2\/comments?post=24495"}],"version-history":[{"count":15,"href":"https:\/\/www.balticmedia.com\/fi\/wp-json\/wp\/v2\/pages\/24495\/revisions"}],"predecessor-version":[{"id":136328,"href":"https:\/\/www.balticmedia.com\/fi\/wp-json\/wp\/v2\/pages\/24495\/revisions\/136328"}],"up":[{"embeddable":true,"href":"https:\/\/www.balticmedia.com\/fi\/wp-json\/wp\/v2\/pages\/16180"}],"wp:featuredmedia":[{"embeddable":true,"href":"https:\/\/www.balticmedia.com\/fi\/wp-json\/wp\/v2\/media\/132067"}],"wp:attachment":[{"href":"https:\/\/www.balticmedia.com\/fi\/wp-json\/wp\/v2\/media?parent=24495"}],"curies":[{"name":"wp","href":"https:\/\/api.w.org\/{rel}","templated":true}]}}