{"id":17311,"date":"2021-02-10T13:40:52","date_gmt":"2021-02-10T11:40:52","guid":{"rendered":"https:\/\/www.balticmedia.com\/maailmanlaajuiset-kaannospalvelut\/tulkkaus\/consecutive-interpreting-services\/"},"modified":"2023-09-24T18:49:35","modified_gmt":"2023-09-24T15:49:35","slug":"konsekutiivitulkkauspalvelut","status":"publish","type":"page","link":"https:\/\/www.balticmedia.com\/fi\/tulkkaus\/konsekutiivitulkkauspalvelut\/","title":{"rendered":"Konsekutiivitulkkauspalvelut"},"content":{"rendered":"<div id=\"pl-17311\"  class=\"panel-layout\" ><div id=\"pg-17311-0\"  class=\"panel-grid panel-no-style\" ><div id=\"pgc-17311-0-0\"  class=\"panel-grid-cell\" ><div id=\"panel-17311-0-0-0\" class=\"so-panel widget widget_sow-image panel-first-child panel-last-child widgetopts-SO\" data-index=\"0\" ><div\n\t\t\t\n\t\t\tclass=\"so-widget-sow-image so-widget-sow-image-default-8b5b6f678277-17311\"\n\t\t\t\n\t\t>\n<div class=\"sow-image-container\">\n\t\t<img src=\"https:\/\/i0.wp.com\/www.balticmedia.com\/wp-content\/uploads\/2services-scaled.jpg?fit=2560%2C549&amp;ssl=1\" width=\"2560\" height=\"549\" srcset=\"https:\/\/i0.wp.com\/www.balticmedia.com\/wp-content\/uploads\/2services-scaled.jpg?w=2560&amp;ssl=1 2560w, https:\/\/i0.wp.com\/www.balticmedia.com\/wp-content\/uploads\/2services-scaled.jpg?resize=300%2C64&amp;ssl=1 300w, https:\/\/i0.wp.com\/www.balticmedia.com\/wp-content\/uploads\/2services-scaled.jpg?resize=1024%2C219&amp;ssl=1 1024w, https:\/\/i0.wp.com\/www.balticmedia.com\/wp-content\/uploads\/2services-scaled.jpg?resize=768%2C165&amp;ssl=1 768w, https:\/\/i0.wp.com\/www.balticmedia.com\/wp-content\/uploads\/2services-scaled.jpg?resize=1536%2C329&amp;ssl=1 1536w, https:\/\/i0.wp.com\/www.balticmedia.com\/wp-content\/uploads\/2services-scaled.jpg?resize=2048%2C439&amp;ssl=1 2048w, https:\/\/i0.wp.com\/www.balticmedia.com\/wp-content\/uploads\/2services-scaled.jpg?w=2400&amp;ssl=1 2400w\" title=\"Interpreting\" alt=\"Document Translation Services\" class=\"so-widget-image\">\n\t<\/div>\n\n<\/div><\/div><\/div><\/div><div id=\"pg-17311-1\"  class=\"panel-grid panel-no-style\" ><div id=\"pgc-17311-1-0\"  class=\"panel-grid-cell\" ><div id=\"panel-17311-1-0-0\" class=\"so-panel widget widget_sow-editor panel-first-child\" data-index=\"1\" ><div\n\t\t\t\n\t\t\tclass=\"so-widget-sow-editor so-widget-sow-editor-base\"\n\t\t\t\n\t\t>\n<div class=\"siteorigin-widget-tinymce textwidget\">\n\t<pre><form aria-label=\"Search this website\" role=\"search\" method=\"get\" class=\"oceanwp-searchform\" id=\"searchform\" action=\"https:\/\/www.balticmedia.com\/fi\/\"><input aria-label=\"Insert search query\" type=\"text\" class=\"field\" name=\"s\" id=\"s\" placeholder=\"Search\"><button aria-label=\"Submit your search\" type=\"submit\" class=\"search-submit\" value=\"\"><i class=\"icon-magnifier\" aria-hidden=\"true\"><\/i><\/button><\/form><\/pre>\n<\/div>\n<\/div><\/div><div id=\"panel-17311-1-0-1\" class=\"so-panel widget widget_ocean_custom_menu widget-oceanwp-custom-menu custom-menu-widget extendedwopts-hide extendedwopts-tablet extendedwopts-mobile widgetopts-SO\" data-index=\"2\" ><div class=\"oceanwp-custom-menu clr ocean_custom_menu-2 left dropdown-hover\"><ul id=\"menu-services-fi\" class=\"dropdown-menu sf-menu\"><li  id=\"menu-item-42419\" class=\"menu-item menu-item-type-post_type menu-item-object-page menu-item-42419\"><a href=\"https:\/\/www.balticmedia.com\/fi\/kaannos\/\" class=\"menu-link\">K\u00e4\u00e4nn\u00f6spalvelut<\/a><\/li>\n<li  id=\"menu-item-42420\" class=\"menu-item menu-item-type-post_type menu-item-object-page menu-item-42420\"><a href=\"https:\/\/www.balticmedia.com\/fi\/kaannos\/asettelu-dtp-graafinen-suunnittelu\/\" class=\"menu-link\">Asettelu | DTP (graafinen suunnittelu)<\/a><\/li>\n<li  id=\"menu-item-42421\" class=\"menu-item menu-item-type-post_type menu-item-object-page menu-item-42421\"><a href=\"https:\/\/www.balticmedia.com\/fi\/notaari-sertifioitu-kaantaminen-auktorisoitu-ja-sertifioitu-kaannos\/\" class=\"menu-link\">Auktorisoitu ja sertifioitu k\u00e4\u00e4nt\u00e4minen | Auktorisoitu k\u00e4\u00e4nt\u00e4j\u00e4<\/a><\/li>\n<li  id=\"menu-item-42422\" class=\"menu-item menu-item-type-post_type menu-item-object-page menu-item-42422\"><a href=\"https:\/\/www.balticmedia.com\/fi\/kaannos\/konekaannoksen-jalkieditointi\/\" class=\"menu-link\">Automatisoidun konek\u00e4\u00e4nn\u00f6ksen j\u00e4lkieditointi<\/a><\/li>\n<li  id=\"menu-item-42423\" class=\"menu-item menu-item-type-post_type menu-item-object-page menu-item-42423\"><a href=\"https:\/\/www.balticmedia.com\/fi\/kaannos\/copywriting\/\" class=\"menu-link\">Copywriting- ja dokumentointipalvelut<\/a><\/li>\n<li  id=\"menu-item-42424\" class=\"menu-item menu-item-type-post_type menu-item-object-page menu-item-42424\"><a href=\"https:\/\/www.balticmedia.com\/fi\/kaannospalvelut\/\" class=\"menu-link\">K\u00e4\u00e4nn\u00f6spalvelut<\/a><\/li>\n<li  id=\"menu-item-42425\" class=\"menu-item menu-item-type-post_type menu-item-object-page menu-item-42425\"><a href=\"https:\/\/www.balticmedia.com\/fi\/kielten-oppiminen\/\" class=\"menu-link\">Kielten oppiminen<\/a><\/li>\n<li  id=\"menu-item-42426\" class=\"menu-item menu-item-type-post_type menu-item-object-page menu-item-42426\"><a href=\"https:\/\/www.balticmedia.com\/fi\/kielten-oppiminen\/arvioi-kielitaitoasi\/\" class=\"menu-link\">Arvioi kielitaitoasi<\/a><\/li>\n<li  id=\"menu-item-42428\" class=\"menu-item menu-item-type-post_type menu-item-object-page menu-item-42428\"><a href=\"https:\/\/www.balticmedia.com\/fi\/miksi-valita-baltic-media-language-training-centre\/\" class=\"menu-link\">Miksi valita Baltic Media Language Training Centre?<\/a><\/li>\n<li  id=\"menu-item-103710\" class=\"menu-item menu-item-type-post_type menu-item-object-page menu-item-103710\"><a href=\"https:\/\/www.balticmedia.com\/fi\/latvian-kielen-peruskoulutus\/\" class=\"menu-link\">Latvian kielen peruskoulutus<\/a><\/li>\n<li  id=\"menu-item-42429\" class=\"menu-item menu-item-type-post_type menu-item-object-page menu-item-42429\"><a href=\"https:\/\/www.balticmedia.com\/fi\/kielten-oppiminen\/miten-kielikurssit-voivat-edistaa-liiketoimintaasi\/\" class=\"menu-link\">Miten kielikurssit voivat edist\u00e4\u00e4 liiketoimintaasi?<\/a><\/li>\n<li  id=\"menu-item-42430\" class=\"menu-item menu-item-type-post_type menu-item-object-page menu-item-42430\"><a href=\"https:\/\/www.balticmedia.com\/fi\/laaketieteellisen-tekstin-kaannos\/\" class=\"menu-link\">L\u00e4\u00e4ketieteellinen tekstin k\u00e4\u00e4nn\u00f6s | Baltic Media<\/a><\/li>\n<li  id=\"menu-item-42431\" class=\"menu-item menu-item-type-post_type menu-item-object-page menu-item-42431\"><a href=\"https:\/\/www.balticmedia.com\/fi\/kaannos\/litterointi\/\" class=\"menu-link\">Litterointi<\/a><\/li>\n<li  id=\"menu-item-42432\" class=\"menu-item menu-item-type-post_type menu-item-object-page menu-item-42432\"><a href=\"https:\/\/www.balticmedia.com\/fi\/kaannos\/lokalisointi\/\" class=\"menu-link\">Lokalisointi<\/a><\/li>\n<li  id=\"menu-item-42433\" class=\"menu-item menu-item-type-post_type menu-item-object-page menu-item-42433\"><a href=\"https:\/\/www.balticmedia.com\/fi\/kaannos\/muokkaus\/\" class=\"menu-link\">Muokkaus<\/a><\/li>\n<li  id=\"menu-item-42434\" class=\"menu-item menu-item-type-post_type menu-item-object-page menu-item-42434\"><a href=\"https:\/\/www.balticmedia.com\/fi\/tekniset-kaannokset\/\" class=\"menu-link\">Tekniset k\u00e4\u00e4nn\u00f6kset<\/a><\/li>\n<li  id=\"menu-item-42435\" class=\"menu-item menu-item-type-post_type menu-item-object-page menu-item-42435\"><a href=\"https:\/\/www.balticmedia.com\/fi\/kaannos\/tekstitys-jalkiaanitys-ja-taustaselostus\/\" class=\"menu-link\">Tekstitys, j\u00e4lki\u00e4\u00e4nitys ja taustaselostus<\/a><\/li>\n<li  id=\"menu-item-42436\" class=\"menu-item menu-item-type-post_type menu-item-object-page menu-item-42436\"><a href=\"https:\/\/www.balticmedia.com\/fi\/tulkkaus\/konsekutiivitulkkauspalvelut\/\" class=\"menu-link\">Konsekutiivitulkkauspalvelut<\/a><\/li>\n<li  id=\"menu-item-42437\" class=\"menu-item menu-item-type-post_type menu-item-object-page menu-item-42437\"><a href=\"https:\/\/www.balticmedia.com\/fi\/tulkkaus\/simultaanitulkkaus\/\" class=\"menu-link\">Simultaanitulkkaus<\/a><\/li>\n<li  id=\"menu-item-42440\" class=\"menu-item menu-item-type-post_type menu-item-object-page menu-item-42440\"><a href=\"https:\/\/www.balticmedia.com\/fi\/tulkkaus\/tulkkaus-puhelimitse-tai-skypen-zoomin-meetin\/\" class=\"menu-link\">Tulkkaus puhelimitse tai Skypen, Zoomin, Meetin<\/a><\/li>\n<li  id=\"menu-item-42438\" class=\"menu-item menu-item-type-post_type menu-item-object-page menu-item-42438\"><a href=\"https:\/\/www.balticmedia.com\/fi\/kaannos\/verkkosivujen-kaantaminen\/seo-kaannospalvelut\/\" class=\"menu-link\">SEO K\u00e4\u00e4nn\u00f6spalvelut<\/a><\/li>\n<li  id=\"menu-item-42439\" class=\"menu-item menu-item-type-post_type menu-item-object-page menu-item-42439\"><a href=\"https:\/\/www.balticmedia.com\/fi\/kaannos\/verkkosivujen-kaantaminen\/\" class=\"menu-link\">Verkkosivujen k\u00e4\u00e4nt\u00e4minen<\/a><\/li>\n<li  id=\"menu-item-101243\" class=\"menu-item menu-item-type-post_type menu-item-object-page menu-item-101243\"><a href=\"https:\/\/www.balticmedia.com\/fi\/sivustokartta\/\" class=\"menu-link\">Sivustokartta<\/a><\/li>\n<li  id=\"menu-item-133069\" class=\"menu-item menu-item-type-post_type menu-item-object-page menu-item-133069\"><a href=\"https:\/\/www.balticmedia.com\/fi\/kirjallisuuden-kaannospalvelut\/\" class=\"menu-link\">Kirjallisuuden k\u00e4\u00e4nn\u00f6spalvelut<\/a><\/li>\n<\/ul><\/div><\/div><div id=\"panel-17311-1-0-2\" class=\"so-panel widget widget_ocean_custom_menu widget-oceanwp-custom-menu custom-menu-widget panel-last-child extendedwopts-hide extendedwopts-tablet extendedwopts-mobile widgetopts-SO\" data-index=\"3\" ><div class=\"oceanwp-custom-menu clr ocean_custom_menu-2 left dropdown-hover\"><ul id=\"menu-yhteistyokumppanit\" class=\"dropdown-menu sf-menu\"><li  id=\"menu-item-14895\" class=\"menu-item menu-item-type-custom menu-item-object-custom menu-item-14895\"><a target=\"_blank\" href=\"https:\/\/balticmedia.s.xtrf.eu\/vendors\/#\/sign-in\" class=\"menu-link\" rel=\"nofollow noopener\"><i class=\"icon before line-icon icon-briefcase\" aria-hidden=\"true\" style=\"font-size:2em;\"><\/i><span class=\"menu-text\">Kumppaniportaali<\/span><\/a><\/li>\n<li  id=\"menu-item-14896\" class=\"menu-item menu-item-type-custom menu-item-object-custom menu-item-14896\"><a target=\"_blank\" href=\"https:\/\/www.balticmedia.com\/wp-content\/uploads\/11-Reasons-to-Choose-Baltic-Media-2026.pdf\" class=\"menu-link\"><i class=\"icon before line-icon icon-people\" aria-hidden=\"true\" style=\"font-size:2em;\"><\/i><span class=\"menu-text\">Yritysprofiili<\/span><\/a><\/li>\n<li  id=\"menu-item-14897\" class=\"menu-item menu-item-type-custom menu-item-object-custom menu-item-14897\"><a target=\"_blank\" href=\"https:\/\/www.balticmedia.com\/wp-content\/uploads\/kaannostoimisto-fi.pdf\" class=\"menu-link\"><i class=\"icon before line-icon icon-organization\" aria-hidden=\"true\" style=\"font-size:2em;\"><\/i><span class=\"menu-text\">K\u00e4\u00e4nn\u00f6ksen, lokalisoinnin ja luovan k\u00e4\u00e4nn\u00f6ksen prosessi<\/span><\/a><\/li>\n<li  id=\"menu-item-14898\" class=\"menu-item menu-item-type-custom menu-item-object-custom menu-item-14898\"><a target=\"_blank\" href=\"https:\/\/www.balticmedia.com\/wp-content\/uploads\/Baltic-Media-Ltd.-Service-Terms-and-Conditions.pdf\" class=\"menu-link\"><i class=\"icon before line-icon icon-docs\" aria-hidden=\"true\" style=\"font-size:2em;\"><\/i><span class=\"menu-text\">Palveluehdot (EN)<\/span><\/a><\/li>\n<li  id=\"menu-item-14899\" class=\"menu-item menu-item-type-custom menu-item-object-custom menu-item-14899\"><a target=\"_blank\" href=\"https:\/\/www.balticmedia.com\/wp-content\/uploads\/iSO-certificate-2023.png\" class=\"menu-link\"><i class=\"icon before line-icon icon-doc\" aria-hidden=\"true\" style=\"font-size:2em;\"><\/i><span class=\"menu-text\">ISO 9001:2015 Quality Certification<\/span><\/a><\/li>\n<li  id=\"menu-item-14900\" class=\"menu-item menu-item-type-custom menu-item-object-custom menu-item-14900\"><a target=\"_blank\" href=\"https:\/\/www.balticmedia.com\/wp-content\/uploads\/362531_copyrighttrademarkbalticmedia.pdf\" class=\"menu-link\"><i class=\"icon before line-icon icon-info\" aria-hidden=\"true\" style=\"font-size:2em;\"><\/i><span class=\"menu-text\">Copyright | Trademark Baltic Media<sup>\u00ae<\/sup><\/span><\/a><\/li>\n<\/ul><\/div><\/div><\/div><div id=\"pgc-17311-1-1\"  class=\"panel-grid-cell\" ><div id=\"panel-17311-1-1-0\" class=\"so-panel widget widget_sow-editor panel-first-child panel-last-child widgetopts-SO\" data-index=\"4\" ><div\n\t\t\t\n\t\t\tclass=\"so-widget-sow-editor so-widget-sow-editor-base\"\n\t\t\t\n\t\t>\n<div class=\"siteorigin-widget-tinymce textwidget\">\n\t<h2>Konsekutiivitulkkauspalvelut Pohjois-Euroopassa<\/h2>\n<p><strong>Konsekutiivitulkkaus<\/strong> on laajalle levinnyt k\u00e4\u00e4nn\u00f6smuoto, ja sit\u00e4 tehd\u00e4\u00e4n puheiden taukojen aikana.<\/p>\n<p>Tulkki kuuntelee osan puheesta ja tekee muistiinpanoja, mink\u00e4 j\u00e4lkeen h\u00e4n k\u00e4\u00e4nt\u00e4\u00e4 kohdekielelle muistiinpanojen perusteella.<\/p>\n<p>T\u00e4m\u00e4 on helpompi ja halvempi tulkkausmenetelm\u00e4. Sit\u00e4 k\u00e4ytet\u00e4\u00e4n yleisesti liike-el\u00e4m\u00e4n tai muunlaisissa neuvotteluissa sek\u00e4 konferensseissa ja muissa tapahtumissa.<\/p>\n<p>Jos tarvitset <strong>tulkkauspalveluja<\/strong> Skandinavian ja Baltian maissa, Baltic Media on hyv\u00e4 ja turvallinen valinta. Meill\u00e4 on 25 vuoden kokemus suurten ja pienten tapahtumien <strong>tulkkauksesta<\/strong>.<\/p>\n<p data-sourcepos=\"1:1-1:235\">Konsekutiivitulkkaus on tulkkauksen muoto, jossa tulkki kuuntelee puhujan puheen ja tulkkaa sen sitten toiselle kielelle. Tulkki ei puhu koko ajan, vaan tulkkaa puhujan puheen jaksoissa, jotka kest\u00e4v\u00e4t yleens\u00e4 30 sekunnista minuuttiin.<\/p>\n<p data-sourcepos=\"3:1-3:309\">Konsekutiivitulkkaus on suosittu vaihtoehto muun muassa konferensseissa, yritystapahtumissa ja muissa tilaisuuksissa, joissa on puhujia useilta eri kielilt\u00e4. Konsekutiivitulkkaus on my\u00f6s hyv\u00e4 vaihtoehto tilanteissa, joissa tulkki tarvitsee aikaa k\u00e4sitell\u00e4 puhujan puheen sis\u00e4lt\u00f6\u00e4 ja tehd\u00e4 tarkkoja k\u00e4\u00e4nn\u00f6ksi\u00e4.<\/p>\n<p data-sourcepos=\"5:1-5:55\">Konsekutiivitulkkaus voidaan jakaa kahteen p\u00e4\u00e4tyyppiin:<\/p>\n<ul data-sourcepos=\"7:1-9:0\">\n<li data-sourcepos=\"7:1-7:96\"><strong>Siirrytt\u00e4v\u00e4 tulkkaus:<\/strong>\u00a0Tulkki kuuntelee puhujan puheen ja siirtyy sitten toiselle kielelle.<\/li>\n<li data-sourcepos=\"8:1-9:0\"><strong>Paikallaan tulkkaus:<\/strong>\u00a0Tulkki kuuntelee puhujan puheen ja tulkkaa sen sitten toiselle kielelle samassa paikassa.<\/li>\n<\/ul>\n<p data-sourcepos=\"10:1-10:47\">Konsekutiivitulkkauksen etuja ovat muun muassa:<\/p>\n<ul data-sourcepos=\"12:1-15:0\">\n<li data-sourcepos=\"12:1-12:92\">**Tulkki voi k\u00e4ytt\u00e4\u00e4 aikaa k\u00e4sitell\u00e4 puhujan puheen sis\u00e4lt\u00f6\u00e4 ja tehd\u00e4 tarkkoja k\u00e4\u00e4nn\u00f6ksi\u00e4.<\/li>\n<li data-sourcepos=\"13:1-13:41\">**Tulkki voi tulkata useita eri kieli\u00e4.<\/li>\n<li data-sourcepos=\"14:1-15:0\">**Tulkki voi tulkata erilaisia puhetilanteita.<\/li>\n<\/ul>\n<p data-sourcepos=\"16:1-16:51\">Konsekutiivitulkkauksen haasteita ovat muun muassa:<\/p>\n<ul data-sourcepos=\"18:1-21:0\">\n<li data-sourcepos=\"18:1-18:43\">**Tulkki tarvitsee hyv\u00e4t muistitoiminnot.<\/li>\n<li data-sourcepos=\"19:1-19:39\">**Tulkki tarvitsee hyv\u00e4n kielitaidon.<\/li>\n<li data-sourcepos=\"20:1-21:0\">**Tulkki tarvitsee kokemusta tulkkauksesta.<\/li>\n<\/ul>\n<p data-sourcepos=\"22:1-22:209\">Konsekutiivitulkkauspalveluita tarjoavat muun muassa k\u00e4\u00e4nn\u00f6stoimistot, tulkkipalveluyritykset ja freelance-tulkit. Palvelujen hinta vaihtelee palveluntarjoajan, tulkkien kokemuksen ja tapahtuman keston mukaan.<\/p>\n<p data-sourcepos=\"24:1-24:77\">Konsekutiivitulkkauspalvelua valitessa on t\u00e4rke\u00e4\u00e4 huomioida seuraavat seikat:<\/p>\n<ul data-sourcepos=\"26:1-29:125\">\n<li data-sourcepos=\"26:1-26:119\"><strong>Palvelun laatu:<\/strong>\u00a0Palvelun laatu on t\u00e4rkein tekij\u00e4. Varmista, ett\u00e4 palveluntarjoaja on ammattitaitoinen ja kokenut.<\/li>\n<li data-sourcepos=\"27:1-27:114\"><strong>Palvelun hinta:<\/strong>\u00a0Palvelun hinta vaihtelee palveluntarjoajan, tulkkien kokemuksen ja tapahtuman keston mukaan.<\/li>\n<li data-sourcepos=\"28:1-28:99\"><strong>Tulkkien kokemus:<\/strong>\u00a0Varmista, ett\u00e4 tulkit ovat kokeneet ja osaavat tulkata kyseisiss\u00e4 kieliss\u00e4.<\/li>\n<li data-sourcepos=\"29:1-29:125\"><strong>Tapahtuman kesto:<\/strong>\u00a0Varmista, ett\u00e4 palveluntarjoaja pystyy tarjoamaan riitt\u00e4v\u00e4n m\u00e4\u00e4r\u00e4n tulkkeja tapahtuman keston mukaan.<\/li>\n<\/ul>\n<h2>K\u00e4\u00e4nn\u00f6stoimisto Baltic Media<sup>\u00ae<\/sup> Pohjois-Euroopassa<\/h2>\n<p>Pohjoismaalais-baltialainen k\u00e4\u00e4nn\u00f6stoimisto Baltic Media<sup>\u00ae<\/sup> on Pohjois-Euroopan johtava digitaalisten k\u00e4\u00e4nn\u00f6spalvelujen tarjoaja, joka erikoistuu pohjoiseurooppalaisiin kieliin (mukaan lukien pohjoismaiset, baltialaiset ja slaavilaiset kielet) ja p\u00e4\u00e4asiassa k\u00e4\u00e4nn\u00f6spalveluihin ruotsin, suomen, tanskan, islannin, f\u00e4\u00e4rin, norjan, saksan, englannin, puolan, ven\u00e4j\u00e4n, latvian, liettuan ja viron kielill\u00e4.<\/p>\n<p>ISO-sertifioituna kielipalvelujen tarjoajana k\u00e4\u00e4nn\u00f6stoimisto Baltic Media<sup>\u00ae<\/sup> tarjoaa ihmisten tekemi\u00e4 k\u00e4\u00e4nn\u00f6spalveluja yrityksille, julkishallinnollisille ja yksityisille asiakkaille.<\/p>\n<h2><span style=\"text-decoration: underline;\">Tulkkauspalvelutyypit<\/span><\/h2>\n<p><iframe loading=\"lazy\" title=\"YouTube video player\" src=\"https:\/\/www.youtube.com\/embed\/qnRm_Iucnvk\" width=\"640\" height=\"360\" frameborder=\"0\" allowfullscreen=\"allowfullscreen\"><\/iframe><\/p>\n<h3><a href=\"\/fi\/tietoja-meista\/miksi-valita-kaannostoimisto-baltic-media\/\">Miksi valita pohjoismaalais-baltialainen k\u00e4\u00e4nn\u00f6stoimisto Baltic Media<sup>\u00ae<\/sup>?<\/a><\/h3>\n<h3><a href=\"\/fi\/hinta\/\">Miten v\u00e4hent\u00e4\u00e4 k\u00e4\u00e4nn\u00f6skustannuksia laadusta tinkim\u00e4tt\u00e4?<\/a><\/h3>\n<h3><a href=\"\/fi\/tietoja-meista\/ihmiskaannokset\/\">Miksi ihmisten tarjoamat k\u00e4\u00e4nn\u00f6spalvelut ovat paras valintasi?<\/a><\/h3>\n<h3><a href=\"https:\/\/www.balticmedia.com\/fi\/maailmanlaajuiset-kaannospalvelut\/konekaannoksen-jalkieditointi\/\">K\u00e4\u00e4nn\u00e4 Googlen, Bingin, Microsoftin, Tilden tai Yandexin avulla ja tilaa editointi meilt\u00e4!<\/a><\/h3>\n<h3><a href=\"https:\/\/www.balticmedia.com\/fi\/hintatarjous\/\">Hintatarjoukset ilmaiseksi<\/a><\/h3>\n<h3><a href=\"https:\/\/www.balticmedia.com\/fi\/tietopyynto\/\">Pyyd\u00e4 tietoja<\/a><\/h3>\n<h3><a href=\"mailto:info@balticmedia.com\">S\u00e4hk\u00f6posti<\/a><\/h3>\n<\/div>\n<\/div><\/div><\/div><\/div><\/div>","protected":false},"excerpt":{"rendered":"<p>Konsekutiivitulkkauspalvelut Pohjois-Euroopassa Konsekutiivitulkkaus on laajalle levinnyt k\u00e4\u00e4nn\u00f6smuoto, ja sit\u00e4 tehd\u00e4\u00e4n puheiden taukojen aikana. Tulkki kuuntelee osan puheesta ja tekee muistiinpanoja, mink\u00e4 j\u00e4lkeen h\u00e4n k\u00e4\u00e4nt\u00e4\u00e4 kohdekielelle muistiinpanojen perusteella. T\u00e4m\u00e4 on helpompi ja halvempi tulkkausmenetelm\u00e4. Sit\u00e4 k\u00e4ytet\u00e4\u00e4n yleisesti liike-el\u00e4m\u00e4n tai muunlaisissa neuvotteluissa sek\u00e4 konferensseissa ja muissa tapahtumissa. Jos tarvitset tulkkauspalveluja Skandinavian ja Baltian maissa, Baltic Media on [&hellip;]<\/p>\n","protected":false},"author":2,"featured_media":0,"parent":16693,"menu_order":0,"comment_status":"closed","ping_status":"closed","template":"","meta":{"ocean_post_layout":"","ocean_both_sidebars_style":"","ocean_both_sidebars_content_width":0,"ocean_both_sidebars_sidebars_width":0,"ocean_sidebar":"0","ocean_second_sidebar":"0","ocean_disable_margins":"enable","ocean_add_body_class":"","ocean_shortcode_before_top_bar":"","ocean_shortcode_after_top_bar":"","ocean_shortcode_before_header":"","ocean_shortcode_after_header":"","ocean_has_shortcode":"","ocean_shortcode_after_title":"","ocean_shortcode_before_footer_widgets":"","ocean_shortcode_after_footer_widgets":"","ocean_shortcode_before_footer_bottom":"","ocean_shortcode_after_footer_bottom":"","ocean_display_top_bar":"default","ocean_display_header":"default","ocean_header_style":"","ocean_center_header_left_menu":"0","ocean_custom_header_template":"0","ocean_custom_logo":0,"ocean_custom_retina_logo":0,"ocean_custom_logo_max_width":0,"ocean_custom_logo_tablet_max_width":0,"ocean_custom_logo_mobile_max_width":0,"ocean_custom_logo_max_height":0,"ocean_custom_logo_tablet_max_height":0,"ocean_custom_logo_mobile_max_height":0,"ocean_header_custom_menu":"0","ocean_menu_typo_font_family":"0","ocean_menu_typo_font_subset":"","ocean_menu_typo_font_size":0,"ocean_menu_typo_font_size_tablet":0,"ocean_menu_typo_font_size_mobile":0,"ocean_menu_typo_font_size_unit":"px","ocean_menu_typo_font_weight":"","ocean_menu_typo_font_weight_tablet":"","ocean_menu_typo_font_weight_mobile":"","ocean_menu_typo_transform":"","ocean_menu_typo_transform_tablet":"","ocean_menu_typo_transform_mobile":"","ocean_menu_typo_line_height":0,"ocean_menu_typo_line_height_tablet":0,"ocean_menu_typo_line_height_mobile":0,"ocean_menu_typo_line_height_unit":"","ocean_menu_typo_spacing":0,"ocean_menu_typo_spacing_tablet":0,"ocean_menu_typo_spacing_mobile":0,"ocean_menu_typo_spacing_unit":"","ocean_menu_link_color":"","ocean_menu_link_color_hover":"","ocean_menu_link_color_active":"","ocean_menu_link_background":"","ocean_menu_link_hover_background":"","ocean_menu_link_active_background":"","ocean_menu_social_links_bg":"","ocean_menu_social_hover_links_bg":"","ocean_menu_social_links_color":"","ocean_menu_social_hover_links_color":"","ocean_disable_title":"default","ocean_disable_heading":"default","ocean_post_title":"","ocean_post_subheading":"","ocean_post_title_style":"","ocean_post_title_background_color":"","ocean_post_title_background":0,"ocean_post_title_bg_image_position":"","ocean_post_title_bg_image_attachment":"","ocean_post_title_bg_image_repeat":"","ocean_post_title_bg_image_size":"","ocean_post_title_height":0,"ocean_post_title_bg_overlay":0.5,"ocean_post_title_bg_overlay_color":"","ocean_disable_breadcrumbs":"default","ocean_breadcrumbs_color":"","ocean_breadcrumbs_separator_color":"","ocean_breadcrumbs_links_color":"","ocean_breadcrumbs_links_hover_color":"","ocean_display_footer_widgets":"default","ocean_display_footer_bottom":"default","ocean_custom_footer_template":"0","ofc_meta_disable_footer_callout":"","ofc_meta_callout_button_url":"","ofc_meta_callout_button_txt":"","ofc_meta_callout_text":"","osh_disable_topbar_sticky":"default","osh_disable_header_sticky":"default","osh_sticky_header_style":"default","osh_sticky_header_effect":"","osh_custom_sticky_logo":0,"osh_custom_retina_sticky_logo":0,"osh_custom_sticky_logo_height":0,"osh_background_color":"","osh_links_color":"","osh_links_hover_color":"","osh_links_active_color":"","osh_links_bg_color":"","osh_links_hover_bg_color":"","osh_links_active_bg_color":"","osh_menu_social_links_color":"","osh_menu_social_hover_links_color":"","footnotes":""},"class_list":["post-17311","page","type-page","status-publish","hentry","entry"],"jetpack_sharing_enabled":true,"jetpack_likes_enabled":true,"jetpack-related-posts":[],"jetpack_shortlink":"https:\/\/wp.me\/Pe7Cu3-4vd","_links":{"self":[{"href":"https:\/\/www.balticmedia.com\/fi\/wp-json\/wp\/v2\/pages\/17311","targetHints":{"allow":["GET"]}}],"collection":[{"href":"https:\/\/www.balticmedia.com\/fi\/wp-json\/wp\/v2\/pages"}],"about":[{"href":"https:\/\/www.balticmedia.com\/fi\/wp-json\/wp\/v2\/types\/page"}],"author":[{"embeddable":true,"href":"https:\/\/www.balticmedia.com\/fi\/wp-json\/wp\/v2\/users\/2"}],"replies":[{"embeddable":true,"href":"https:\/\/www.balticmedia.com\/fi\/wp-json\/wp\/v2\/comments?post=17311"}],"version-history":[{"count":4,"href":"https:\/\/www.balticmedia.com\/fi\/wp-json\/wp\/v2\/pages\/17311\/revisions"}],"predecessor-version":[{"id":119400,"href":"https:\/\/www.balticmedia.com\/fi\/wp-json\/wp\/v2\/pages\/17311\/revisions\/119400"}],"up":[{"embeddable":true,"href":"https:\/\/www.balticmedia.com\/fi\/wp-json\/wp\/v2\/pages\/16693"}],"wp:attachment":[{"href":"https:\/\/www.balticmedia.com\/fi\/wp-json\/wp\/v2\/media?parent=17311"}],"curies":[{"name":"wp","href":"https:\/\/api.w.org\/{rel}","templated":true}]}}