{"id":16312,"date":"2021-02-10T13:14:03","date_gmt":"2021-02-10T11:14:03","guid":{"rendered":"https:\/\/www.balticmedia.com\/maailmanlaajuiset-kaannospalvelut\/copywriting-and-documentation-services\/"},"modified":"2023-10-31T08:26:02","modified_gmt":"2023-10-31T06:26:02","slug":"copywriting","status":"publish","type":"page","link":"https:\/\/www.balticmedia.com\/fi\/kaannos\/copywriting\/","title":{"rendered":"Copywriting- ja dokumentointipalvelut"},"content":{"rendered":"<div id=\"pl-16312\"  class=\"panel-layout\" ><div id=\"pg-16312-0\"  class=\"panel-grid panel-no-style\" ><div id=\"pgc-16312-0-0\"  class=\"panel-grid-cell\" ><div id=\"panel-16312-0-0-0\" class=\"so-panel widget widget_sow-image panel-first-child panel-last-child widgetopts-SO\" data-index=\"0\" ><div\n\t\t\t\n\t\t\tclass=\"so-widget-sow-image so-widget-sow-image-default-6ec9e3772f75-16312\"\n\t\t\t\n\t\t>\n<div class=\"sow-image-container\">\n\t\t<img src=\"https:\/\/i0.wp.com\/www.balticmedia.com\/wp-content\/uploads\/2services-scaled.jpg?fit=2560%2C549&amp;ssl=1\" width=\"2560\" height=\"549\" srcset=\"https:\/\/i0.wp.com\/www.balticmedia.com\/wp-content\/uploads\/2services-scaled.jpg?w=2560&amp;ssl=1 2560w, https:\/\/i0.wp.com\/www.balticmedia.com\/wp-content\/uploads\/2services-scaled.jpg?resize=300%2C64&amp;ssl=1 300w, https:\/\/i0.wp.com\/www.balticmedia.com\/wp-content\/uploads\/2services-scaled.jpg?resize=1024%2C219&amp;ssl=1 1024w, https:\/\/i0.wp.com\/www.balticmedia.com\/wp-content\/uploads\/2services-scaled.jpg?resize=768%2C165&amp;ssl=1 768w, https:\/\/i0.wp.com\/www.balticmedia.com\/wp-content\/uploads\/2services-scaled.jpg?resize=1536%2C329&amp;ssl=1 1536w, https:\/\/i0.wp.com\/www.balticmedia.com\/wp-content\/uploads\/2services-scaled.jpg?resize=2048%2C439&amp;ssl=1 2048w, https:\/\/i0.wp.com\/www.balticmedia.com\/wp-content\/uploads\/2services-scaled.jpg?w=2400&amp;ssl=1 2400w\" title=\"copywriting\" alt=\"Document Translation Services\" class=\"so-widget-image\">\n\t<\/div>\n\n<\/div><\/div><\/div><\/div><div id=\"pg-16312-1\"  class=\"panel-grid panel-no-style\" ><div id=\"pgc-16312-1-0\"  class=\"panel-grid-cell\" ><div id=\"panel-16312-1-0-0\" class=\"so-panel widget widget_sow-editor panel-first-child extendedwopts-hide extendedwopts-tablet extendedwopts-mobile widgetopts-SO\" data-index=\"1\" ><div\n\t\t\t\n\t\t\tclass=\"so-widget-sow-editor so-widget-sow-editor-base\"\n\t\t\t\n\t\t>\n<div class=\"siteorigin-widget-tinymce textwidget\">\n\t<pre><form aria-label=\"Search this website\" role=\"search\" method=\"get\" class=\"oceanwp-searchform\" id=\"searchform\" action=\"https:\/\/www.balticmedia.com\/fi\/\"><input aria-label=\"Insert search query\" type=\"text\" class=\"field\" name=\"s\" id=\"s\" placeholder=\"Search\"><button aria-label=\"Submit your search\" type=\"submit\" class=\"search-submit\" value=\"\"><i class=\"icon-magnifier\" aria-hidden=\"true\"><\/i><\/button><\/form><\/pre>\n<\/div>\n<\/div><\/div><div id=\"panel-16312-1-0-1\" class=\"so-panel widget widget_ocean_custom_menu widget-oceanwp-custom-menu custom-menu-widget extendedwopts-hide extendedwopts-tablet extendedwopts-mobile widgetopts-SO\" data-index=\"2\" ><div class=\"oceanwp-custom-menu clr ocean_custom_menu-2 left dropdown-hover\"><ul id=\"menu-services-fi\" class=\"dropdown-menu sf-menu\"><li  id=\"menu-item-42419\" class=\"menu-item menu-item-type-post_type menu-item-object-page menu-item-42419\"><a href=\"https:\/\/www.balticmedia.com\/fi\/kaannos\/\" class=\"menu-link\">K\u00e4\u00e4nn\u00f6spalvelut<\/a><\/li>\n<li  id=\"menu-item-42420\" class=\"menu-item menu-item-type-post_type menu-item-object-page menu-item-42420\"><a href=\"https:\/\/www.balticmedia.com\/fi\/kaannos\/asettelu-dtp-graafinen-suunnittelu\/\" class=\"menu-link\">Asettelu | DTP (graafinen suunnittelu)<\/a><\/li>\n<li  id=\"menu-item-42421\" class=\"menu-item menu-item-type-post_type menu-item-object-page menu-item-42421\"><a href=\"https:\/\/www.balticmedia.com\/fi\/notaari-sertifioitu-kaantaminen-auktorisoitu-ja-sertifioitu-kaannos\/\" class=\"menu-link\">Auktorisoitu ja sertifioitu k\u00e4\u00e4nt\u00e4minen | Auktorisoitu k\u00e4\u00e4nt\u00e4j\u00e4<\/a><\/li>\n<li  id=\"menu-item-42422\" class=\"menu-item menu-item-type-post_type menu-item-object-page menu-item-42422\"><a href=\"https:\/\/www.balticmedia.com\/fi\/kaannos\/konekaannoksen-jalkieditointi\/\" class=\"menu-link\">Automatisoidun konek\u00e4\u00e4nn\u00f6ksen j\u00e4lkieditointi<\/a><\/li>\n<li  id=\"menu-item-42423\" class=\"menu-item menu-item-type-post_type menu-item-object-page menu-item-42423\"><a href=\"https:\/\/www.balticmedia.com\/fi\/kaannos\/copywriting\/\" class=\"menu-link\">Copywriting- ja dokumentointipalvelut<\/a><\/li>\n<li  id=\"menu-item-42424\" class=\"menu-item menu-item-type-post_type menu-item-object-page menu-item-42424\"><a href=\"https:\/\/www.balticmedia.com\/fi\/kaannospalvelut\/\" class=\"menu-link\">K\u00e4\u00e4nn\u00f6spalvelut<\/a><\/li>\n<li  id=\"menu-item-42425\" class=\"menu-item menu-item-type-post_type menu-item-object-page menu-item-42425\"><a href=\"https:\/\/www.balticmedia.com\/fi\/kielten-oppiminen\/\" class=\"menu-link\">Kielten oppiminen<\/a><\/li>\n<li  id=\"menu-item-42426\" class=\"menu-item menu-item-type-post_type menu-item-object-page menu-item-42426\"><a href=\"https:\/\/www.balticmedia.com\/fi\/kielten-oppiminen\/arvioi-kielitaitoasi\/\" class=\"menu-link\">Arvioi kielitaitoasi<\/a><\/li>\n<li  id=\"menu-item-42428\" class=\"menu-item menu-item-type-post_type menu-item-object-page menu-item-42428\"><a href=\"https:\/\/www.balticmedia.com\/fi\/miksi-valita-baltic-media-language-training-centre\/\" class=\"menu-link\">Miksi valita Baltic Media Language Training Centre?<\/a><\/li>\n<li  id=\"menu-item-103710\" class=\"menu-item menu-item-type-post_type menu-item-object-page menu-item-103710\"><a href=\"https:\/\/www.balticmedia.com\/fi\/latvian-kielen-peruskoulutus\/\" class=\"menu-link\">Latvian kielen peruskoulutus<\/a><\/li>\n<li  id=\"menu-item-42429\" class=\"menu-item menu-item-type-post_type menu-item-object-page menu-item-42429\"><a href=\"https:\/\/www.balticmedia.com\/fi\/kielten-oppiminen\/miten-kielikurssit-voivat-edistaa-liiketoimintaasi\/\" class=\"menu-link\">Miten kielikurssit voivat edist\u00e4\u00e4 liiketoimintaasi?<\/a><\/li>\n<li  id=\"menu-item-42430\" class=\"menu-item menu-item-type-post_type menu-item-object-page menu-item-42430\"><a href=\"https:\/\/www.balticmedia.com\/fi\/laaketieteellisen-tekstin-kaannos\/\" class=\"menu-link\">L\u00e4\u00e4ketieteellinen tekstin k\u00e4\u00e4nn\u00f6s | Baltic Media<\/a><\/li>\n<li  id=\"menu-item-42431\" class=\"menu-item menu-item-type-post_type menu-item-object-page menu-item-42431\"><a href=\"https:\/\/www.balticmedia.com\/fi\/kaannos\/litterointi\/\" class=\"menu-link\">Litterointi<\/a><\/li>\n<li  id=\"menu-item-42432\" class=\"menu-item menu-item-type-post_type menu-item-object-page menu-item-42432\"><a href=\"https:\/\/www.balticmedia.com\/fi\/kaannos\/lokalisointi\/\" class=\"menu-link\">Lokalisointi<\/a><\/li>\n<li  id=\"menu-item-42433\" class=\"menu-item menu-item-type-post_type menu-item-object-page menu-item-42433\"><a href=\"https:\/\/www.balticmedia.com\/fi\/kaannos\/muokkaus\/\" class=\"menu-link\">Muokkaus<\/a><\/li>\n<li  id=\"menu-item-42434\" class=\"menu-item menu-item-type-post_type menu-item-object-page menu-item-42434\"><a href=\"https:\/\/www.balticmedia.com\/fi\/tekniset-kaannokset\/\" class=\"menu-link\">Tekniset k\u00e4\u00e4nn\u00f6kset<\/a><\/li>\n<li  id=\"menu-item-42435\" class=\"menu-item menu-item-type-post_type menu-item-object-page menu-item-42435\"><a href=\"https:\/\/www.balticmedia.com\/fi\/kaannos\/tekstitys-jalkiaanitys-ja-taustaselostus\/\" class=\"menu-link\">Tekstitys, j\u00e4lki\u00e4\u00e4nitys ja taustaselostus<\/a><\/li>\n<li  id=\"menu-item-42436\" class=\"menu-item menu-item-type-post_type menu-item-object-page menu-item-42436\"><a href=\"https:\/\/www.balticmedia.com\/fi\/tulkkaus\/konsekutiivitulkkauspalvelut\/\" class=\"menu-link\">Konsekutiivitulkkauspalvelut<\/a><\/li>\n<li  id=\"menu-item-42437\" class=\"menu-item menu-item-type-post_type menu-item-object-page menu-item-42437\"><a href=\"https:\/\/www.balticmedia.com\/fi\/tulkkaus\/simultaanitulkkaus\/\" class=\"menu-link\">Simultaanitulkkaus<\/a><\/li>\n<li  id=\"menu-item-42440\" class=\"menu-item menu-item-type-post_type menu-item-object-page menu-item-42440\"><a href=\"https:\/\/www.balticmedia.com\/fi\/tulkkaus\/tulkkaus-puhelimitse-tai-skypen-zoomin-meetin\/\" class=\"menu-link\">Tulkkaus puhelimitse tai Skypen, Zoomin, Meetin<\/a><\/li>\n<li  id=\"menu-item-42438\" class=\"menu-item menu-item-type-post_type menu-item-object-page menu-item-42438\"><a href=\"https:\/\/www.balticmedia.com\/fi\/kaannos\/verkkosivujen-kaantaminen\/seo-kaannospalvelut\/\" class=\"menu-link\">SEO K\u00e4\u00e4nn\u00f6spalvelut<\/a><\/li>\n<li  id=\"menu-item-42439\" class=\"menu-item menu-item-type-post_type menu-item-object-page menu-item-42439\"><a href=\"https:\/\/www.balticmedia.com\/fi\/kaannos\/verkkosivujen-kaantaminen\/\" class=\"menu-link\">Verkkosivujen k\u00e4\u00e4nt\u00e4minen<\/a><\/li>\n<li  id=\"menu-item-101243\" class=\"menu-item menu-item-type-post_type menu-item-object-page menu-item-101243\"><a href=\"https:\/\/www.balticmedia.com\/fi\/sivustokartta\/\" class=\"menu-link\">Sivustokartta<\/a><\/li>\n<li  id=\"menu-item-133069\" class=\"menu-item menu-item-type-post_type menu-item-object-page menu-item-133069\"><a href=\"https:\/\/www.balticmedia.com\/fi\/kirjallisuuden-kaannospalvelut\/\" class=\"menu-link\">Kirjallisuuden k\u00e4\u00e4nn\u00f6spalvelut<\/a><\/li>\n<\/ul><\/div><\/div><div id=\"panel-16312-1-0-2\" class=\"so-panel widget widget_ocean_custom_menu widget-oceanwp-custom-menu custom-menu-widget panel-last-child extendedwopts-hide extendedwopts-tablet extendedwopts-mobile widgetopts-SO\" data-index=\"3\" ><div class=\"oceanwp-custom-menu clr ocean_custom_menu-2 left dropdown-hover\"><ul id=\"menu-yhteistyokumppanit\" class=\"dropdown-menu sf-menu\"><li  id=\"menu-item-14895\" class=\"menu-item menu-item-type-custom menu-item-object-custom menu-item-14895\"><a target=\"_blank\" href=\"https:\/\/balticmedia.s.xtrf.eu\/vendors\/#\/sign-in\" class=\"menu-link\" rel=\"nofollow noopener\"><i class=\"icon before line-icon icon-briefcase\" aria-hidden=\"true\" style=\"font-size:2em;\"><\/i><span class=\"menu-text\">Kumppaniportaali<\/span><\/a><\/li>\n<li  id=\"menu-item-14896\" class=\"menu-item menu-item-type-custom menu-item-object-custom menu-item-14896\"><a target=\"_blank\" href=\"https:\/\/www.balticmedia.com\/wp-content\/uploads\/11-Reasons-to-Choose-Baltic-Media-2026.pdf\" class=\"menu-link\"><i class=\"icon before line-icon icon-people\" aria-hidden=\"true\" style=\"font-size:2em;\"><\/i><span class=\"menu-text\">Yritysprofiili<\/span><\/a><\/li>\n<li  id=\"menu-item-14897\" class=\"menu-item menu-item-type-custom menu-item-object-custom menu-item-14897\"><a target=\"_blank\" href=\"https:\/\/www.balticmedia.com\/wp-content\/uploads\/kaannostoimisto-fi.pdf\" class=\"menu-link\"><i class=\"icon before line-icon icon-organization\" aria-hidden=\"true\" style=\"font-size:2em;\"><\/i><span class=\"menu-text\">K\u00e4\u00e4nn\u00f6ksen, lokalisoinnin ja luovan k\u00e4\u00e4nn\u00f6ksen prosessi<\/span><\/a><\/li>\n<li  id=\"menu-item-14898\" class=\"menu-item menu-item-type-custom menu-item-object-custom menu-item-14898\"><a target=\"_blank\" href=\"https:\/\/www.balticmedia.com\/wp-content\/uploads\/Baltic-Media-Ltd.-Service-Terms-and-Conditions.pdf\" class=\"menu-link\"><i class=\"icon before line-icon icon-docs\" aria-hidden=\"true\" style=\"font-size:2em;\"><\/i><span class=\"menu-text\">Palveluehdot (EN)<\/span><\/a><\/li>\n<li  id=\"menu-item-14899\" class=\"menu-item menu-item-type-custom menu-item-object-custom menu-item-14899\"><a target=\"_blank\" href=\"https:\/\/www.balticmedia.com\/wp-content\/uploads\/iSO-certificate-2023.png\" class=\"menu-link\"><i class=\"icon before line-icon icon-doc\" aria-hidden=\"true\" style=\"font-size:2em;\"><\/i><span class=\"menu-text\">ISO 9001:2015 Quality Certification<\/span><\/a><\/li>\n<li  id=\"menu-item-14900\" class=\"menu-item menu-item-type-custom menu-item-object-custom menu-item-14900\"><a target=\"_blank\" href=\"https:\/\/www.balticmedia.com\/wp-content\/uploads\/362531_copyrighttrademarkbalticmedia.pdf\" class=\"menu-link\"><i class=\"icon before line-icon icon-info\" aria-hidden=\"true\" style=\"font-size:2em;\"><\/i><span class=\"menu-text\">Copyright | Trademark Baltic Media<sup>\u00ae<\/sup><\/span><\/a><\/li>\n<\/ul><\/div><\/div><\/div><div id=\"pgc-16312-1-1\"  class=\"panel-grid-cell\" ><div id=\"panel-16312-1-1-0\" class=\"so-panel widget widget_sow-editor panel-first-child panel-last-child widgetopts-hide_title widgetopts-SO\" data-index=\"4\" ><div\n\t\t\t\n\t\t\tclass=\"so-widget-sow-editor so-widget-sow-editor-base\"\n\t\t\t\n\t\t><h3 class=\"widget-title\">Copywriting- ja dokumentointipalvelut<\/h3>\n<div class=\"siteorigin-widget-tinymce textwidget\">\n\t<h2>Copywriting- ja dokumentointipalvelut<\/h2>\n<h2>Mit\u00e4 on tekstinkirjoittaminen?<\/h2>\n<h2>Dokumentointi kattaa tekstimuotoisen tai audiovisuaalisen tiedotusmateriaalin l\u00f6yt\u00e4misen, valmistelun ja j\u00e4rjest\u00e4misen.<\/h2>\n<p>&nbsp;<\/p>\n<p>Copywriting on tehokas tapa viesti\u00e4 ja markkinoida tuotteita ja palveluita. Laadukas copywriting auttaa her\u00e4tt\u00e4m\u00e4\u00e4n kiinnostuksen, vakuuttamaan lukijan ja saamaan h\u00e4net toimimaan halutulla tavalla. Se vaatii taitoa ja osaamista tekstien luomisessa, jotta viesti v\u00e4littyy selke\u00e4sti ja houkuttelevasti.<\/p>\n<p>Hyv\u00e4 copywriting ottaa huomioon kohdeyleis\u00f6n tarpeet ja tavoitteet, ja pystyy luomaan vakuuttavan ja houkuttelevan viestin. Laadukas copywriting voi auttaa yrityst\u00e4 erottumaan kilpailijoistaan ja saavuttamaan menestyst\u00e4 markkinoilla.<br \/>\n<iframe loading=\"lazy\" title=\"Miksi kannattaa valita Baltic Media - pohjoismaalais-baltialainen k\u00e4\u00e4nn\u00f6syhti\u00f6?\" src=\"https:\/\/www.youtube.com\/embed\/qnRm_Iucnvk\" width=\"893\" height=\"360\" frameborder=\"0\" allowfullscreen=\"allowfullscreen\"><\/iframe><\/p>\n<p><img data-recalc-dims=\"1\" loading=\"lazy\" decoding=\"async\" class=\"alignnone wp-image-2670 size-full\" src=\"https:\/\/i0.wp.com\/www.balticmedia.com\/wp-content\/uploads\/baltic-media-birojs.jpg?resize=300%2C161&#038;ssl=1\" alt=\"Tekstinteksti ja dokumentointipalvelut\" width=\"300\" height=\"161\" title=\"\"><\/p>\n<h2>Mit\u00e4 on tekstinkirjoittaminen?<\/h2>\n<p>Tekstinkirjoittaminen on teko tai ammatti, jossa kirjoitetaan teksti\u00e4 mainontaa tai muuta markkinointia varten.\u00a0Kopioksi tai myyntikopioksi kutsuttu tuote on kirjallista sis\u00e4lt\u00f6\u00e4, jonka tarkoituksena on lis\u00e4t\u00e4 br\u00e4ndin tunnettuutta ja lopulta saada henkil\u00f6 tai ryhm\u00e4 ryhtym\u00e4\u00e4n tiettyyn toimintaan.<\/p>\n<p>Tekstintekij\u00e4t auttavat laatimaan mainostauluja, esitteit\u00e4, luetteloita, jingle-tekstej\u00e4, aikakauslehti- ja sanomalehti-ilmoituksia, myyntikirjeit\u00e4 ja muuta suoramainontaa, televisio- ja radiomainosten k\u00e4sikirjoituksia, sloganeita, valkoisia papereita, sosiaalisessa mediassa julkaistuja viestej\u00e4 ja muuta markkinointiviestint\u00e4\u00e4.<\/p>\n<h2><strong><img data-recalc-dims=\"1\" loading=\"lazy\" decoding=\"async\" class=\"alignnone wp-image-7124 size-medium\" src=\"https:\/\/i0.wp.com\/www.balticmedia.com\/wp-content\/uploads\/iso-certified-company-2.png?resize=300%2C116&#038;ssl=1\" alt=\"Tekstinteksti ja dokumentointipalvelut\" width=\"300\" height=\"116\" title=\"\"><\/strong><\/h2>\n<h2>Copywriting pohjoismaisilla\/skandinaavisilla ja balttilaisilla kielill\u00e4<\/h2>\n<p><strong>Baltic Media Ltd kirjoittaa ja valmistelee <\/strong><a href=\"https:\/\/www.balticmedia.com\/translate-languages\/northern-europe-is-our-linguistic-region\/\"><strong>pohjoismaisilla\/skandinaavisilla ja balttilaisilla kielill\u00e4:<\/strong><\/a><\/p>\n<ul>\n<li>K\u00e4ytt\u00f6ohjeet<\/li>\n<li>K\u00e4sikirjat<\/li>\n<li>Ohjetiedostot<\/li>\n<li>Tekninen dokumentaatio<\/li>\n<li>Kurssiasiakirjat<\/li>\n<li>Verkkosis\u00e4lt\u00f6<\/li>\n<li>Esitteiden tekstit<\/li>\n<li>Video-, \u00e4\u00e4ni- ja TV-esitysten k\u00e4sikirjoitukset<\/li>\n<li>Muu materiaali.<\/li>\n<\/ul>\n<h2><strong><img data-recalc-dims=\"1\" loading=\"lazy\" decoding=\"async\" class=\"alignnone wp-image-1981 size-full\" src=\"https:\/\/i0.wp.com\/www.balticmedia.com\/wp-content\/uploads\/logo_ar_globusu_stillbild_garena.png?resize=300%2C120&#038;ssl=1\" alt=\"Tekstinteksti ja dokumentointipalvelut\" width=\"300\" height=\"120\" title=\"\"><img data-recalc-dims=\"1\" loading=\"lazy\" decoding=\"async\" class=\"alignnone wp-image-7468 size-full\" src=\"https:\/\/i0.wp.com\/www.balticmedia.com\/wp-content\/uploads\/balticmedia_logo.png?resize=300%2C87&#038;ssl=1\" alt=\"Copywriting\" width=\"300\" height=\"87\" title=\"\"><\/strong><\/h2>\n<p>K\u00e4\u00e4nn\u00f6stoimisto Baltic Media Ltd:ll\u00e4 on paljon kokemusta muun muassa yritt\u00e4jyydest\u00e4, raporteista, kirjanpidosta, pankeista, markkinoinnista, mainonnasta, journalismista ja muista aloista.<br \/>\nAsiakirjojen laatimiskustannusten laskemiseksi on t\u00e4rke\u00e4\u00e4 sopia seuraavista asioista:<\/p>\n<ol>\n<li>Asiakirjan kohderyhm\u00e4 ja tavoite<\/li>\n<li>Asiakirjan laatimisessa k\u00e4ytett\u00e4v\u00e4t ty\u00f6kalut, ohjelmistot ja kielet.<\/li>\n<li>Tiedon hankkimisen ja tiivist\u00e4misen keinot, kirjoittaminen ja t\u00e4h\u00e4n teht\u00e4v\u00e4\u00e4n tarvittava aika.<\/li>\n<li>Suunnittelu: Ulkoasu, monikirjaimet ja muu grafiikka<\/li>\n<li>Sis\u00e4ll\u00f6n lis\u00e4\u00e4minen ulkoasurakenteeseen<\/li>\n<li>Tulosten tarkastaminen<\/li>\n<li>Projektinhallinta<\/li>\n<\/ol>\n<p>Kun tuotat \u00e4\u00e4ni- tai videomateriaalia, j\u00e4rjest\u00e4mme sinulle sopivan tiimin oman tuottajamme ja ohjaajamme kanssa.<\/p>\n<p>Kun edell\u00e4 mainituista asioista on sovittu, annamme sinulle tarjouksen asiakirjojen laatimisen hinnasta.<\/p>\n<div>\n<h2>K\u00e4\u00e4nn\u00f6stoimisto Baltic Media<sup>\u00ae<\/sup> Pohjois-Euroopassa<\/h2>\n<p>Pohjoismaalais-baltialainen k\u00e4\u00e4nn\u00f6stoimisto Baltic Media<sup>\u00ae<\/sup> on Pohjois-Euroopan johtava digitaalisten k\u00e4\u00e4nn\u00f6spalvelujen tarjoaja, joka erikoistuu pohjoiseurooppalaisiin kieliin (mukaan lukien pohjoismaiset, baltialaiset ja slaavilaiset kielet) ja p\u00e4\u00e4asiassa k\u00e4\u00e4nn\u00f6spalveluihin ruotsin, suomen, tanskan, islannin, f\u00e4\u00e4rin, norjan, saksan, englannin, puolan, ven\u00e4j\u00e4n, latvian, liettuan ja viron kielill\u00e4.<\/p>\n<p>ISO-sertifioituna kielipalvelujen tarjoajana k\u00e4\u00e4nn\u00f6stoimisto Baltic Media<sup>\u00ae<\/sup> tarjoaa ihmisten tekemi\u00e4 k\u00e4\u00e4nn\u00f6spalveluja yrityksille, julkishallinnollisille ja yksityisille asiakkaille.<\/p>\n<\/div>\n<h3><a href=\"\/fi\/tietoja-meista\/miksi-valita-kaannostoimisto-baltic-media\/\">Miksi valita pohjoismaalais-baltialainen k\u00e4\u00e4nn\u00f6stoimisto Baltic Media<sup>\u00ae<\/sup>?<\/a><\/h3>\n<h3><a href=\"\/fi\/hinta\/\">Miten v\u00e4hent\u00e4\u00e4 k\u00e4\u00e4nn\u00f6skustannuksia laadusta tinkim\u00e4tt\u00e4?<\/a><\/h3>\n<h3><a href=\"\/fi\/tietoja-meista\/ihmiskaannokset\/\">Miksi ihmisten tarjoamat k\u00e4\u00e4nn\u00f6spalvelut ovat paras valintasi?<\/a><\/h3>\n<h3><a href=\"https:\/\/www.balticmedia.com\/fi\/maailmanlaajuiset-kaannospalvelut\/konekaannoksen-jalkieditointi\/\">K\u00e4\u00e4nn\u00e4 Googlen, Bingin, Microsoftin, Tilden tai Yandexin avulla ja tilaa editointi meilt\u00e4!<\/a><\/h3>\n<h3><a href=\"https:\/\/www.balticmedia.com\/fi\/hintatarjous\/\">Hintatarjoukset ilmaiseksi<\/a><\/h3>\n<h3><a href=\"https:\/\/www.balticmedia.com\/fi\/tietopyynto\/\">Pyyd\u00e4 tietoja<\/a><\/h3>\n<h3><a href=\"mailto:info@balticmedia.com\">S\u00e4hk\u00f6posti<\/a><\/h3>\n<p><strong>\u00a9 Baltic Media<\/strong><\/p>\n<\/div>\n<\/div><\/div><\/div><\/div><\/div>","protected":false},"excerpt":{"rendered":"<p>Copywriting- ja dokumentointipalvelut Mit\u00e4 on tekstinkirjoittaminen? Dokumentointi kattaa tekstimuotoisen tai audiovisuaalisen tiedotusmateriaalin l\u00f6yt\u00e4misen, valmistelun ja j\u00e4rjest\u00e4misen. &nbsp; Copywriting on tehokas tapa viesti\u00e4 ja markkinoida tuotteita ja palveluita. Laadukas copywriting auttaa her\u00e4tt\u00e4m\u00e4\u00e4n kiinnostuksen, vakuuttamaan lukijan ja saamaan h\u00e4net toimimaan halutulla tavalla. Se vaatii taitoa ja osaamista tekstien luomisessa, jotta viesti v\u00e4littyy selke\u00e4sti ja houkuttelevasti. Hyv\u00e4 copywriting [&hellip;]<\/p>\n","protected":false},"author":2,"featured_media":134460,"parent":13110,"menu_order":0,"comment_status":"closed","ping_status":"closed","template":"","meta":{"ocean_post_layout":"","ocean_both_sidebars_style":"","ocean_both_sidebars_content_width":0,"ocean_both_sidebars_sidebars_width":0,"ocean_sidebar":"0","ocean_second_sidebar":"0","ocean_disable_margins":"enable","ocean_add_body_class":"","ocean_shortcode_before_top_bar":"","ocean_shortcode_after_top_bar":"","ocean_shortcode_before_header":"","ocean_shortcode_after_header":"","ocean_has_shortcode":"","ocean_shortcode_after_title":"","ocean_shortcode_before_footer_widgets":"","ocean_shortcode_after_footer_widgets":"","ocean_shortcode_before_footer_bottom":"","ocean_shortcode_after_footer_bottom":"","ocean_display_top_bar":"default","ocean_display_header":"default","ocean_header_style":"","ocean_center_header_left_menu":"0","ocean_custom_header_template":"0","ocean_custom_logo":0,"ocean_custom_retina_logo":0,"ocean_custom_logo_max_width":0,"ocean_custom_logo_tablet_max_width":0,"ocean_custom_logo_mobile_max_width":0,"ocean_custom_logo_max_height":0,"ocean_custom_logo_tablet_max_height":0,"ocean_custom_logo_mobile_max_height":0,"ocean_header_custom_menu":"0","ocean_menu_typo_font_family":"0","ocean_menu_typo_font_subset":"","ocean_menu_typo_font_size":0,"ocean_menu_typo_font_size_tablet":0,"ocean_menu_typo_font_size_mobile":0,"ocean_menu_typo_font_size_unit":"px","ocean_menu_typo_font_weight":"","ocean_menu_typo_font_weight_tablet":"","ocean_menu_typo_font_weight_mobile":"","ocean_menu_typo_transform":"","ocean_menu_typo_transform_tablet":"","ocean_menu_typo_transform_mobile":"","ocean_menu_typo_line_height":0,"ocean_menu_typo_line_height_tablet":0,"ocean_menu_typo_line_height_mobile":0,"ocean_menu_typo_line_height_unit":"","ocean_menu_typo_spacing":0,"ocean_menu_typo_spacing_tablet":0,"ocean_menu_typo_spacing_mobile":0,"ocean_menu_typo_spacing_unit":"","ocean_menu_link_color":"","ocean_menu_link_color_hover":"","ocean_menu_link_color_active":"","ocean_menu_link_background":"","ocean_menu_link_hover_background":"","ocean_menu_link_active_background":"","ocean_menu_social_links_bg":"","ocean_menu_social_hover_links_bg":"","ocean_menu_social_links_color":"","ocean_menu_social_hover_links_color":"","ocean_disable_title":"default","ocean_disable_heading":"default","ocean_post_title":"","ocean_post_subheading":"","ocean_post_title_style":"","ocean_post_title_background_color":"","ocean_post_title_background":0,"ocean_post_title_bg_image_position":"","ocean_post_title_bg_image_attachment":"","ocean_post_title_bg_image_repeat":"","ocean_post_title_bg_image_size":"","ocean_post_title_height":0,"ocean_post_title_bg_overlay":0.5,"ocean_post_title_bg_overlay_color":"","ocean_disable_breadcrumbs":"default","ocean_breadcrumbs_color":"","ocean_breadcrumbs_separator_color":"","ocean_breadcrumbs_links_color":"","ocean_breadcrumbs_links_hover_color":"","ocean_display_footer_widgets":"default","ocean_display_footer_bottom":"default","ocean_custom_footer_template":"0","ofc_meta_disable_footer_callout":"","ofc_meta_callout_button_url":"","ofc_meta_callout_button_txt":"","ofc_meta_callout_text":"","osh_disable_topbar_sticky":"default","osh_disable_header_sticky":"default","osh_sticky_header_style":"default","osh_sticky_header_effect":"","osh_custom_sticky_logo":0,"osh_custom_retina_sticky_logo":0,"osh_custom_sticky_logo_height":0,"osh_background_color":"","osh_links_color":"","osh_links_hover_color":"","osh_links_active_color":"","osh_links_bg_color":"","osh_links_hover_bg_color":"","osh_links_active_bg_color":"","osh_menu_social_links_color":"","osh_menu_social_hover_links_color":"","footnotes":""},"class_list":["post-16312","page","type-page","status-publish","has-post-thumbnail","hentry","entry","has-media"],"jetpack_sharing_enabled":true,"jetpack_likes_enabled":true,"jetpack-related-posts":[],"jetpack_shortlink":"https:\/\/wp.me\/Pe7Cu3-4f6","_links":{"self":[{"href":"https:\/\/www.balticmedia.com\/fi\/wp-json\/wp\/v2\/pages\/16312","targetHints":{"allow":["GET"]}}],"collection":[{"href":"https:\/\/www.balticmedia.com\/fi\/wp-json\/wp\/v2\/pages"}],"about":[{"href":"https:\/\/www.balticmedia.com\/fi\/wp-json\/wp\/v2\/types\/page"}],"author":[{"embeddable":true,"href":"https:\/\/www.balticmedia.com\/fi\/wp-json\/wp\/v2\/users\/2"}],"replies":[{"embeddable":true,"href":"https:\/\/www.balticmedia.com\/fi\/wp-json\/wp\/v2\/comments?post=16312"}],"version-history":[{"count":13,"href":"https:\/\/www.balticmedia.com\/fi\/wp-json\/wp\/v2\/pages\/16312\/revisions"}],"predecessor-version":[{"id":124895,"href":"https:\/\/www.balticmedia.com\/fi\/wp-json\/wp\/v2\/pages\/16312\/revisions\/124895"}],"up":[{"embeddable":true,"href":"https:\/\/www.balticmedia.com\/fi\/wp-json\/wp\/v2\/pages\/13110"}],"wp:featuredmedia":[{"embeddable":true,"href":"https:\/\/www.balticmedia.com\/fi\/wp-json\/wp\/v2\/media\/134460"}],"wp:attachment":[{"href":"https:\/\/www.balticmedia.com\/fi\/wp-json\/wp\/v2\/media?parent=16312"}],"curies":[{"name":"wp","href":"https:\/\/api.w.org\/{rel}","templated":true}]}}